{"id":1974,"date":"2017-12-30T21:01:10","date_gmt":"2017-12-30T21:01:10","guid":{"rendered":"http:\/\/biblian.is\/biblian\/fyrri-kron%c2%92kub%c2%97k-19-kafli\/"},"modified":"2024-06-26T23:20:37","modified_gmt":"2024-06-26T23:20:37","slug":"fyrri-kronikubok-19-kafli","status":"publish","type":"page","link":"https:\/\/biblian.is\/biblian\/fyrri-kronikubok-19-kafli\/","title":{"rendered":"Fyrri kron\u00edkub\u00f3k 19. kafli"},"content":{"rendered":"<h3 class=\"millifyrirsogn_2007\"> Str\u00ed\u00f0 vi\u00f0 Amm\u00f3n\u00edta og Aramea<\/h3>\n<p><a name=\"1\"><span class=\"versanumer_2007\">1<\/span><\/a> Nokkru s\u00ed\u00f0ar bar svo vi\u00f0 a\u00f0 Nahas, konungur Amm\u00f3n\u00edta, d\u00f3 og sonur hans var\u00f0 konungur eftir hann. <a name=\"2\"><span class=\"versanumer_2007\">2<\/span><\/a> \u00de\u00e1 sag\u00f0i Dav\u00ed\u00f0: \u201e\u00c9g \u00e6tla a\u00f0 s\u00fdna Han\u00fan Nahassyni vin\u00e1ttu eins og fa\u00f0ir hans s\u00fdndi m\u00e9r.\u201c Dav\u00ed\u00f0 sendi \u00fev\u00ed menn til a\u00f0 f\u00e6ra honum sam\u00fa\u00f0arkve\u00f0ju vegna fr\u00e1falls f\u00f6\u00f0ur hans. \u00deegar \u00fej\u00f3nar Dav\u00ed\u00f0s komu til lands Amm\u00f3n\u00edta til Han\u00fans til \u00feess a\u00f0 samhryggjast honum <a name=\"3\"><span class=\"versanumer_2007\">3<\/span><\/a> s\u00f6g\u00f0u h\u00f6f\u00f0ingjar Amm\u00f3n\u00edta vi\u00f0 Han\u00fan: \u201eHeldur\u00f0u a\u00f0 Dav\u00ed\u00f0 hafi \u00fea\u00f0 eitt \u00ed huga a\u00f0 hei\u00f0ra minningu f\u00f6\u00f0ur \u00fe\u00edns \u00feegar hann sendir bo\u00f0bera me\u00f0 sam\u00fa\u00f0arkve\u00f0jur? Eru \u00fej\u00f3nar hans ekki \u00f6llu heldur komnir til \u00fe\u00edn til a\u00f0 afla uppl\u00fdsinga um landi\u00f0 og nj\u00f3sna um \u00fea\u00f0 til a\u00f0 geta eytt \u00fea\u00f0?\u201c <a name=\"4\"><span class=\"versanumer_2007\">4<\/span><\/a> Han\u00fan l\u00e9t \u00fe\u00e1 gr\u00edpa \u00fej\u00f3na Dav\u00ed\u00f0s, raka \u00fe\u00e1 og skera f\u00f6t \u00feeirra til h\u00e1lfs upp a\u00f0 \u00fej\u00f3hn\u00f6ppum og sendi \u00fe\u00e1 fr\u00e1 s\u00e9r gangandi. <br \/> <a name=\"5\"><span class=\"versanumer_2007\">5<\/span><\/a> \u00deegar Dav\u00ed\u00f0 haf\u00f0i veri\u00f0 tilkynnt hvernig komi\u00f0 var fyrir m\u00f6nnunum sendi hann menn til m\u00f3ts vi\u00f0 \u00fe\u00e1. \u00dear sem mennirnir h\u00f6f\u00f0u veri\u00f0 ni\u00f0url\u00e6g\u00f0ir \u00e1 sv\u00edvir\u00f0ilegan h\u00e1tt l\u00e9t konungur skila \u00feessu til \u00feeirra: \u201eVeri\u00f0 um kyrrt \u00ed Jer\u00edk\u00f3 \u00fear til skegg ykkar er sprotti\u00f0 aftur. \u00de\u00e1 skulu\u00f0 \u00fei\u00f0 koma heim.\u201c<br \/> <a name=\"6\"><span class=\"versanumer_2007\">6<\/span><\/a> Amm\u00f3n\u00edtum var\u00f0 n\u00fa lj\u00f3st a\u00f0 \u00feeir h\u00f6f\u00f0u gert Dav\u00ed\u00f0 a\u00f0 hatursmanni s\u00ednum. \u00de\u00e1 sendi Han\u00fan \u00e1samt Amm\u00f3n\u00edtum \u00fe\u00fasund talentur silfurs til \u00feess a\u00f0 leigja str\u00ed\u00f0svagna og vagnli\u00f0a hj\u00e1 Arameum handan vi\u00f0 Efrat og Arameum \u00ed Maaka og S\u00f3ba. <a name=\"7\"><span class=\"versanumer_2007\">7<\/span><\/a> \u00deeir leig\u00f0u \u00ferj\u00e1t\u00edu og tv\u00f6 \u00fe\u00fasund str\u00ed\u00f0svagna og konunginn \u00ed Maaka \u00e1samt her hans. \u00deeir komu og settu upp herb\u00fa\u00f0ir framan vi\u00f0 Medeba. Amm\u00f3n\u00edtarnir s\u00f6fnu\u00f0ust einnig saman fr\u00e1 borgum s\u00ednum og komu til orrustunnar.<br \/> <a name=\"8\"><span class=\"versanumer_2007\">8<\/span><\/a> \u00deegar Dav\u00ed\u00f0 fr\u00e9tti \u00feetta sendi hann J\u00f3ab af sta\u00f0 \u00e1samt \u00f6llum hernum, \u00f6llum vopnf\u00e6rum m\u00f6nnum. <a name=\"9\"><span class=\"versanumer_2007\">9<\/span><\/a> \u00de\u00e1 h\u00e9ldu Amm\u00f3n\u00edtar \u00fat \u00far borginni og fylktu s\u00e9r til orrustu fyrir framan borgarhli\u00f0i\u00f0 en konungarnir, sem h\u00f6f\u00f0u komi\u00f0, st\u00f3\u00f0u einir s\u00e9r \u00fati \u00e1 v\u00f6llunum. <a name=\"10\"><span class=\"versanumer_2007\">10<\/span><\/a> \u00deegar J\u00f3ab var\u00f0 lj\u00f3st a\u00f0 \u00e1r\u00e1sarli\u00f0 \u00f3gna\u00f0i honum \u00ed bak og fyrir valdi hann menn \u00far \u00farvalsli\u00f0i \u00cdsraels og fylkti \u00feeim gegn Arameum. <a name=\"11\"><span class=\"versanumer_2007\">11<\/span><\/a> \u00dea\u00f0 sem eftir var af hernum setti hann undir stj\u00f3rn Ab\u00edsa\u00ed, br\u00f3\u00f0ur s\u00edns, sem fylkti honum gegn Amm\u00f3n\u00edtum. <a name=\"12\"><span class=\"versanumer_2007\">12<\/span><\/a> \u00de\u00e1 sag\u00f0i J\u00f3ab: \u201eEf Aramear reynast \u00f6flugri en \u00e9g ver\u00f0ur\u00f0u a\u00f0 koma m\u00e9r til hj\u00e1lpar. En ef Amm\u00f3n\u00edtar reynast \u00fe\u00e9r yfirsterkari kem \u00e9g \u00fe\u00e9r til hj\u00e1lpar. <a name=\"13\"><span class=\"versanumer_2007\">13<\/span><\/a> S\u00fdndu n\u00fa hugrekki. Vi\u00f0 skulum berjast fyrir \u00fej\u00f3\u00f0 okkar og borgir Gu\u00f0s okkar en Drottinn gerir \u00fea\u00f0 sem honum \u00fe\u00f3knast.\u201c<br \/> <a name=\"14\"><span class=\"versanumer_2007\">14<\/span><\/a> J\u00f3ab og li\u00f0 hans r\u00e9\u00f0st n\u00fa til atl\u00f6gu gegn Arameum en \u00feeir fl\u00fd\u00f0u undan honum. <a name=\"15\"><span class=\"versanumer_2007\">15<\/span><\/a> \u00deegar Amm\u00f3n\u00edtar s\u00e1u a\u00f0 Aramear voru fl\u00fanir l\u00f6g\u00f0u \u00feeir einnig \u00e1 fl\u00f3tta undan Ab\u00edsa\u00ed, br\u00f3\u00f0ur J\u00f3abs, og t\u00f3kst a\u00f0 komast inn \u00ed borgina. \u00dev\u00ed n\u00e6st sneri J\u00f3ab heim til Jer\u00fasalem.<br \/> <a name=\"16\"><span class=\"versanumer_2007\">16<\/span><\/a> \u00deegar Arameum var\u00f0 lj\u00f3st a\u00f0 \u00feeir h\u00f6f\u00f0u be\u00f0i\u00f0 \u00f3sigur fyrir \u00cdsraelsm\u00f6nnum sendu \u00feeir menn til a\u00f0 kalla til her\u00fej\u00f3nustu Arameana sem bjuggu handan vi\u00f0 Efratflj\u00f3t. S\u00f3fak, hersh\u00f6f\u00f0ingi Hadadesers, var foringi \u00feeirra.<br \/> <a name=\"17\"><span class=\"versanumer_2007\">17<\/span><\/a> Jafnskj\u00f3tt og Dav\u00ed\u00f0 var sagt \u00feetta safna\u00f0i hann saman \u00f6llum \u00cdsrael, f\u00f3r yfir J\u00f3rdan, h\u00e9lt \u00e1 m\u00f3ti \u00feeim og fylkti li\u00f0i gegn \u00feeim. \u00dear fylktu Aramear li\u00f0i gegn Dav\u00ed\u00f0 og r\u00e9\u00f0ust til atl\u00f6gu vi\u00f0 hann. <a name=\"18\"><span class=\"versanumer_2007\">18<\/span><\/a> En Aramear ur\u00f0u a\u00f0 fl\u00fdja undan \u00cdsraelsm\u00f6nnum. Dav\u00ed\u00f0 eyddi sj\u00f6 \u00fe\u00fasund str\u00ed\u00f0sv\u00f6gnum Aramea og felldi fj\u00f6rut\u00edu \u00fe\u00fasund f\u00f3tg\u00f6nguli\u00f0a. Hann felldi einnig S\u00f3fak, hersh\u00f6f\u00f0ingja \u00feeirra.<br \/> <a name=\"19\"><span class=\"versanumer_2007\">19<\/span><\/a> \u00deegar m\u00f6nnum Hadadesers var or\u00f0i\u00f0 lj\u00f3st a\u00f0 \u00feeir h\u00f6f\u00f0u veri\u00f0 ofurli\u00f0i bornir af \u00cdsraelsm\u00f6nnum s\u00f6mdu \u00feeir fri\u00f0 vi\u00f0 Dav\u00ed\u00f0 og gengu honum \u00e1 h\u00f6nd. \u00dea\u00f0an \u00ed fr\u00e1 \u00feor\u00f0u Aramear ekki a\u00f0 hj\u00e1lpa Amm\u00f3n\u00edtum. <\/p>\n","protected":false},"excerpt":{"rendered":"<p>Str\u00ed\u00f0 vi\u00f0 Amm\u00f3n\u00edta og Aramea 1 Nokkru s\u00ed\u00f0ar bar svo vi\u00f0 a\u00f0 Nahas, konungur Amm\u00f3n\u00edta, d\u00f3 og sonur hans var\u00f0 konungur eftir hann. 2 \u00de\u00e1 sag\u00f0i Dav\u00ed\u00f0: \u201e\u00c9g \u00e6tla a\u00f0 s\u00fdna Han\u00fan Nahassyni vin\u00e1ttu eins og fa\u00f0ir hans s\u00fdndi m\u00e9r.\u201c Dav\u00ed\u00f0 sendi \u00fev\u00ed menn til a\u00f0 f\u00e6ra honum sam\u00fa\u00f0arkve\u00f0ju vegna fr\u00e1falls f\u00f6\u00f0ur hans. \u00deegar \u00fej\u00f3nar Dav\u00ed\u00f0s komu til lands Amm\u00f3n\u00edta til Han\u00fans til \u00feess a\u00f0 samhryggjast honum 3 s\u00f6g\u00f0u h\u00f6f\u00f0ingjar Amm\u00f3n\u00edta vi\u00f0 Han\u00fan: \u201eHeldur\u00f0u a\u00f0 Dav\u00ed\u00f0 hafi \u00fea\u00f0 eitt \u00ed huga a\u00f0 hei\u00f0ra minningu f\u00f6\u00f0ur \u00fe\u00edns \u00feegar hann sendir bo\u00f0bera me\u00f0 sam\u00fa\u00f0arkve\u00f0jur? Eru \u00fej\u00f3nar hans ekki \u00f6llu heldur komnir til <a href=\"https:\/\/biblian.is\/biblian\/fyrri-kronikubok-19-kafli\/\"> [&#8230;]<\/a><\/p>\n","protected":false},"author":1,"featured_media":0,"parent":0,"menu_order":0,"comment_status":"open","ping_status":"open","template":"bibliukaflar_NT.php","meta":{"footnotes":""},"class_list":["post-1974","page","type-page","status-publish","hentry"],"_links":{"self":[{"href":"https:\/\/biblian.is\/biblian\/wp-json\/wp\/v2\/pages\/1974","targetHints":{"allow":["GET"]}}],"collection":[{"href":"https:\/\/biblian.is\/biblian\/wp-json\/wp\/v2\/pages"}],"about":[{"href":"https:\/\/biblian.is\/biblian\/wp-json\/wp\/v2\/types\/page"}],"author":[{"embeddable":true,"href":"https:\/\/biblian.is\/biblian\/wp-json\/wp\/v2\/users\/1"}],"replies":[{"embeddable":true,"href":"https:\/\/biblian.is\/biblian\/wp-json\/wp\/v2\/comments?post=1974"}],"version-history":[{"count":0,"href":"https:\/\/biblian.is\/biblian\/wp-json\/wp\/v2\/pages\/1974\/revisions"}],"wp:attachment":[{"href":"https:\/\/biblian.is\/biblian\/wp-json\/wp\/v2\/media?parent=1974"}],"curies":[{"name":"wp","href":"https:\/\/api.w.org\/{rel}","templated":true}]}}