{"id":1972,"date":"2017-12-30T21:01:10","date_gmt":"2017-12-30T21:01:10","guid":{"rendered":"http:\/\/biblian.is\/biblian\/fyrri-kron%c2%92kub%c2%97k-17-kafli\/"},"modified":"2024-06-26T23:20:37","modified_gmt":"2024-06-26T23:20:37","slug":"fyrri-kronikubok-17-kafli","status":"publish","type":"page","link":"https:\/\/biblian.is\/biblian\/fyrri-kronikubok-17-kafli\/","title":{"rendered":"Fyrri kron\u00edkub\u00f3k 17. kafli"},"content":{"rendered":"<h3 class=\"millifyrirsogn_2007\"> Dav\u00ed\u00f0 gefi\u00f0 fyrirheit<\/h3>\n<p><a name=\"1\"><span class=\"versanumer_2007\">1<\/span><\/a> \u00deegar Dav\u00ed\u00f0 var sestur a\u00f0 \u00ed h\u00fasi s\u00ednu sag\u00f0i hann vi\u00f0 Natan sp\u00e1mann: \u201eN\u00fa b\u00fd \u00e9g \u00ed h\u00fasi \u00far sedrusvi\u00f0i en s\u00e1ttm\u00e1ls\u00f6rk Drottins er undir tjaldd\u00fak.\u201c <a name=\"2\"><span class=\"versanumer_2007\">2<\/span><\/a> Natan svara\u00f0i Dav\u00ed\u00f0: \u201eGer\u00f0u \u00fea\u00f0 sem \u00fe\u00fa hefur \u00ed huga \u00fev\u00ed a\u00f0 Gu\u00f0 er me\u00f0 \u00fe\u00e9r.\u201c<br \/> <a name=\"3\"><span class=\"versanumer_2007\">3<\/span><\/a> \u00de\u00e1 um n\u00f3ttina kom or\u00f0 Gu\u00f0s til Natans: <a name=\"4\"><span class=\"versanumer_2007\">4<\/span><\/a> \u201eFar \u00fe\u00fa og seg vi\u00f0 \u00fej\u00f3n minn, Dav\u00ed\u00f0: Svo segir Drottinn: \u00dea\u00f0 ert ekki \u00fe\u00fa sem \u00e1tt a\u00f0 byggja handa m\u00e9r h\u00fasi\u00f0 sem \u00e9g mun b\u00faa \u00ed. <a name=\"5\"><span class=\"versanumer_2007\">5<\/span><\/a> Fr\u00e1 \u00feeim degi, er \u00e9g leiddi \u00cdsrael hinga\u00f0 og \u00fear til n\u00fa, hef \u00e9g ekki b\u00fai\u00f0 \u00ed h\u00fasi. Hins vegar hef \u00e9g s\u00edfellt veri\u00f0 \u00e1 fer\u00f0 fr\u00e1 tjaldi til tjalds og fr\u00e1 b\u00fasta\u00f0 til b\u00fasta\u00f0ar. <a name=\"6\"><span class=\"versanumer_2007\">6<\/span><\/a> Hef \u00e9g nokkurn t\u00edma spurt einhvern af lei\u00f0togum \u00cdsraels sem \u00e9g setti sem hir\u00f0a \u00fej\u00f3\u00f0ar minnar \u00feann t\u00edma sem \u00e9g hef veri\u00f0 \u00e1 fer\u00f0 me\u00f0 \u00cdsraelsm\u00f6nnum: Hvers vegna hafi\u00f0 \u00fei\u00f0 ekki byggt m\u00e9r h\u00fas \u00far sedrusvi\u00f0i? <a name=\"7\"><span class=\"versanumer_2007\">7<\/span><\/a> \u00deess vegna skaltu n\u00fa segja vi\u00f0 \u00fej\u00f3n minn, Dav\u00ed\u00f0: Svo segir Drottinn herskaranna: \u00c9g s\u00f3tti \u00feig \u00ed haglendi\u00f0 \u00fear sem \u00fe\u00fa g\u00e6ttir fj\u00e1r og ger\u00f0i \u00feig a\u00f0 h\u00f6f\u00f0ingja yfir l\u00fd\u00f0 m\u00ednum, \u00cdsrael. <a name=\"8\"><span class=\"versanumer_2007\">8<\/span><\/a> \u00c9g hef veri\u00f0 me\u00f0 \u00fe\u00e9r \u00e1 \u00f6llum fer\u00f0um \u00fe\u00ednum og \u00e9g hef tort\u00edmt \u00f6llum fjandm\u00f6nnum \u00fe\u00ednum. \u00c9g mun gera nafn \u00feitt jafnfr\u00e6gt og n\u00f6fn fr\u00e6gustu manna \u00e1 j\u00f6r\u00f0inni. <a name=\"9\"><span class=\"versanumer_2007\">9<\/span><\/a> \u00c9g mun f\u00e1 l\u00fd\u00f0 m\u00ednum, \u00cdsrael, sta\u00f0 og \u00e9g mun r\u00f3tfesta hann svo a\u00f0 hann geti b\u00fai\u00f0 \u00fear \u00f6ruggur og \u00f3ttalaus um alla framt\u00ed\u00f0. Ofbeldismenn skulu ekki k\u00faga hann framar eins og fyrrum, <a name=\"10\"><span class=\"versanumer_2007\">10<\/span><\/a> jafnvel eftir a\u00f0 \u00e9g setti d\u00f3mara yfir l\u00fd\u00f0 minn, \u00cdsrael. \u00c9g mun gersigra alla fjandmenn \u00fe\u00edna. H\u00e9r me\u00f0 kunngj\u00f6ri \u00e9g \u00fe\u00e9r: Drottinn mun reisa \u00fe\u00e9r h\u00fas.<span class=\"nedan_mal\" title=\" \u00de.e. stofna handa \u00fe\u00e9r konungs\u00e6tt.\">[<\/span> <a name=\"11\"><span class=\"versanumer_2007\">11<\/span><\/a> \u00deegar dagar \u00fe\u00ednir eru allir og \u00fe\u00fa ert genginn til fe\u00f0ra \u00feinna mun \u00e9g upphefja afkomanda \u00feinn, einn sona \u00feinna, til a\u00f0 vera eftirma\u00f0ur \u00feinn og \u00e9g mun sty\u00f0ja konungd\u00f3m hans. <a name=\"12\"><span class=\"versanumer_2007\">12<\/span><\/a> Hann \u00e1 a\u00f0 byggja m\u00e9r h\u00fas og \u00e9g mun \u00e6vinlega sty\u00f0ja h\u00e1s\u00e6ti hans. <a name=\"13\"><span class=\"versanumer_2007\">13<\/span><\/a> \u00c9g ver\u00f0 honum fa\u00f0ir og hann ver\u00f0ur m\u00e9r sonur. Tr\u00fafesti m\u00edna skal \u00e9g ekki fr\u00e1 honum taka eins og \u00e9g t\u00f3k hana fr\u00e1 \u00feeim sem var \u00e1 undan \u00fe\u00e9r. <a name=\"14\"><span class=\"versanumer_2007\">14<\/span><\/a> \u00c9g mun setja hann yfir h\u00fas mitt og konungsr\u00edki um aldur og h\u00e1s\u00e6ti hans skal \u00e6vinlega st\u00f6\u00f0ugt standa.\u201c <a name=\"15\"><span class=\"versanumer_2007\">15<\/span><\/a> Natan flutti Dav\u00ed\u00f0 \u00f6ll \u00feessi or\u00f0 og \u00feessa opinberun. <\/p>\n<h3 class=\"millifyrirsogn_2007\">B\u00e6n Dav\u00ed\u00f0s<\/h3>\n<p><a name=\"16\"><span class=\"versanumer_2007\">16<\/span><\/a> \u00de\u00e1 gekk Dav\u00ed\u00f0 konungur inn, settist frammi fyrir augliti Drottins og sag\u00f0i: <br \/>\u201eHver er \u00e9g, Drottinn Gu\u00f0, og hva\u00f0 er \u00e6tt m\u00edn fyrst \u00fe\u00fa hefur l\u00e1ti\u00f0 mig n\u00e1 svona langt? <a name=\"17\"><span class=\"versanumer_2007\">17<\/span><\/a> Og samt n\u00e6g\u00f0i \u00fea\u00f0 \u00fe\u00e9r ekki, Gu\u00f0, \u00fev\u00ed a\u00f0 \u00fe\u00fa hefur a\u00f0 auki gefi\u00f0 \u00e6tt minni, sem er \u00fej\u00f3nn \u00feinn, fyrirheit til fjarl\u00e6grar framt\u00ed\u00f0ar. \u00de\u00fa hefur l\u00e1ti\u00f0 mig sj\u00e1 framt\u00ed\u00f0ina betur en menn geta skili\u00f0, Drottinn Gu\u00f0. <a name=\"18\"><span class=\"versanumer_2007\">18<\/span><\/a> Hva\u00f0 getur Dav\u00ed\u00f0 sagt frekar um \u00feann hei\u00f0ur sem \u00fe\u00fa hefur s\u00fdnt \u00fej\u00f3ni \u00fe\u00ednum? \u00de\u00fa \u00feekkir \u00fej\u00f3n \u00feinn, <a name=\"19\"><span class=\"versanumer_2007\">19<\/span><\/a> Drottinn. Vegna m\u00edn, \u00fej\u00f3ns \u00fe\u00edns, hefur \u00fe\u00fa unni\u00f0 \u00feetta st\u00f3rvirki samkv\u00e6mt vilja \u00fe\u00ednum og sk\u00fdrt fr\u00e1 \u00fev\u00ed. <a name=\"20\"><span class=\"versanumer_2007\">20<\/span><\/a> Enginn jafnast \u00e1 vi\u00f0 \u00feig og enginn er Gu\u00f0 nema \u00fe\u00fa eins og vi\u00f0 h\u00f6fum heyrt me\u00f0 okkar eigin eyrum. <a name=\"21\"><span class=\"versanumer_2007\">21<\/span><\/a> Er nokkur \u00fej\u00f3\u00f0 \u00e1 \u00feessari j\u00f6r\u00f0 sem jafnast \u00e1 vi\u00f0 l\u00fd\u00f0 \u00feinn, \u00cdsrael? Hven\u00e6r hefur Gu\u00f0 fari\u00f0 og leyst nokkra \u00fej\u00f3\u00f0 \u00far \u00e1nau\u00f0, v\u00ed\u00f0fr\u00e6gt nafn hennar og unni\u00f0 fyrir hana mikil og \u00f3gnvekjandi verk? \u00deetta ger\u00f0ir \u00fe\u00fa \u00feegar \u00fe\u00fa hraktir \u00e1 braut a\u00f0rar \u00fej\u00f3\u00f0ir undan l\u00fd\u00f0 \u00fe\u00ednum sem \u00fe\u00fa haf\u00f0ir leyst \u00far \u00e1nau\u00f0 \u00ed Egyptalandi. <a name=\"22\"><span class=\"versanumer_2007\">22<\/span><\/a> \u00de\u00fa hefur gert l\u00fd\u00f0 \u00feinn, \u00cdsrael, a\u00f0 eignarl\u00fd\u00f0 \u00fe\u00ednum um aldur og \u00e6vi og \u00fe\u00fa, Drottinn, hefur gerst Gu\u00f0 hans. <a name=\"23\"><span class=\"versanumer_2007\">23<\/span><\/a> Drottinn, haltu \u00e6vinlega \u00fea\u00f0 fyrirheit sem \u00fe\u00fa gafst \u00fej\u00f3ni \u00fe\u00ednum og \u00e6tt hans. Ger\u00f0u \u00fea\u00f0 sem \u00fe\u00fa hefur lofa\u00f0. <a name=\"24\"><span class=\"versanumer_2007\">24<\/span><\/a> \u00de\u00e1 mun nafn \u00feitt reynast traust og \u00fe\u00e1 ver\u00f0ur \u00fea\u00f0 \u00e6vinlega miki\u00f0 og \u00fe\u00e1 munu menn segja: Drottinn hersveitanna er Gu\u00f0 \u00cdsraels. \u00c6tt Dav\u00ed\u00f0s, \u00fej\u00f3ns \u00fe\u00edns, mun \u00fe\u00e1 jafnan standa fyrir augliti \u00fe\u00ednu. <a name=\"25\"><span class=\"versanumer_2007\">25<\/span><\/a> \u00de\u00fa, Gu\u00f0 minn, \u00fe\u00fa hefur opinbera\u00f0 \u00fej\u00f3ni \u00fe\u00ednum \u00feetta og sagt: \u00c9g mun reisa \u00fe\u00e9r h\u00fas. \u00deess vegna hef \u00e9g, \u00fej\u00f3nn \u00feinn, voga\u00f0 m\u00e9r a\u00f0 bera \u00feessa b\u00e6n fram fyrir \u00feig. <a name=\"26\"><span class=\"versanumer_2007\">26<\/span><\/a> Drottinn, \u00fe\u00fa einn ert Gu\u00f0. \u00de\u00fa hefur heiti\u00f0 m\u00e9r, \u00fej\u00f3ni \u00fe\u00ednum, \u00feessari fars\u00e6ld. <a name=\"27\"><span class=\"versanumer_2007\">27<\/span><\/a> Blessa\u00f0u n\u00fa \u00e6tt \u00fej\u00f3ns \u00fe\u00edns svo a\u00f0 h\u00fan s\u00e9 \u00e6vinlega fyrir augliti \u00fe\u00ednu. \u00dear sem \u00fe\u00fa sj\u00e1lfur, Drottinn, hefur blessa\u00f0 hana ver\u00f0ur h\u00fan \u00e6vinlega blessu\u00f0.\u201c<\/p>\n","protected":false},"excerpt":{"rendered":"<p>Dav\u00ed\u00f0 gefi\u00f0 fyrirheit 1 \u00deegar Dav\u00ed\u00f0 var sestur a\u00f0 \u00ed h\u00fasi s\u00ednu sag\u00f0i hann vi\u00f0 Natan sp\u00e1mann: \u201eN\u00fa b\u00fd \u00e9g \u00ed h\u00fasi \u00far sedrusvi\u00f0i en s\u00e1ttm\u00e1ls\u00f6rk Drottins er undir tjaldd\u00fak.\u201c 2 Natan svara\u00f0i Dav\u00ed\u00f0: \u201eGer\u00f0u \u00fea\u00f0 sem \u00fe\u00fa hefur \u00ed huga \u00fev\u00ed a\u00f0 Gu\u00f0 er me\u00f0 \u00fe\u00e9r.\u201c 3 \u00de\u00e1 um n\u00f3ttina kom or\u00f0 Gu\u00f0s til Natans: 4 \u201eFar \u00fe\u00fa og seg vi\u00f0 \u00fej\u00f3n minn, Dav\u00ed\u00f0: Svo segir Drottinn: \u00dea\u00f0 ert ekki \u00fe\u00fa sem \u00e1tt a\u00f0 byggja handa m\u00e9r h\u00fasi\u00f0 sem \u00e9g mun b\u00faa \u00ed. 5 Fr\u00e1 \u00feeim degi, er \u00e9g leiddi \u00cdsrael hinga\u00f0 og \u00fear til n\u00fa, hef \u00e9g ekki <a href=\"https:\/\/biblian.is\/biblian\/fyrri-kronikubok-17-kafli\/\"> [&#8230;]<\/a><\/p>\n","protected":false},"author":1,"featured_media":0,"parent":0,"menu_order":0,"comment_status":"open","ping_status":"open","template":"bibliukaflar_NT.php","meta":{"footnotes":""},"class_list":["post-1972","page","type-page","status-publish","hentry"],"_links":{"self":[{"href":"https:\/\/biblian.is\/biblian\/wp-json\/wp\/v2\/pages\/1972","targetHints":{"allow":["GET"]}}],"collection":[{"href":"https:\/\/biblian.is\/biblian\/wp-json\/wp\/v2\/pages"}],"about":[{"href":"https:\/\/biblian.is\/biblian\/wp-json\/wp\/v2\/types\/page"}],"author":[{"embeddable":true,"href":"https:\/\/biblian.is\/biblian\/wp-json\/wp\/v2\/users\/1"}],"replies":[{"embeddable":true,"href":"https:\/\/biblian.is\/biblian\/wp-json\/wp\/v2\/comments?post=1972"}],"version-history":[{"count":0,"href":"https:\/\/biblian.is\/biblian\/wp-json\/wp\/v2\/pages\/1972\/revisions"}],"wp:attachment":[{"href":"https:\/\/biblian.is\/biblian\/wp-json\/wp\/v2\/media?parent=1972"}],"curies":[{"name":"wp","href":"https:\/\/api.w.org\/{rel}","templated":true}]}}