{"id":1970,"date":"2017-12-30T21:01:10","date_gmt":"2017-12-30T21:01:10","guid":{"rendered":"http:\/\/biblian.is\/biblian\/fyrri-kron%c2%92kub%c2%97k-15-kafli\/"},"modified":"2024-06-26T23:20:37","modified_gmt":"2024-06-26T23:20:37","slug":"fyrri-kronikubok-15-kafli","status":"publish","type":"page","link":"https:\/\/biblian.is\/biblian\/fyrri-kronikubok-15-kafli\/","title":{"rendered":"Fyrri kron\u00edkub\u00f3k 15. kafli"},"content":{"rendered":"<h3 class=\"millifyrirsogn_2007\"> \u00d6rkin flutt til Jer\u00fasalem<\/h3>\n<p><a name=\"1\"><span class=\"versanumer_2007\">1<\/span><\/a> \u00deegar hann haf\u00f0i l\u00e1ti\u00f0 byggja s\u00e9r h\u00fas \u00ed borg Dav\u00ed\u00f0s l\u00e9t hann einnig b\u00faa \u00f6rk Gu\u00f0s sta\u00f0 og reisa tjald fyrir hana. <a name=\"2\"><span class=\"versanumer_2007\">2<\/span><\/a> \u00de\u00e1 skipa\u00f0i Dav\u00ed\u00f0 svo fyrir: \u201eEnginn m\u00e1 bera \u00f6rk Gu\u00f0s nema Lev\u00edtarnir \u00fev\u00ed a\u00f0 Drottinn hefur vali\u00f0 \u00fe\u00e1 til a\u00f0 bera \u00f6rk Drottins og til a\u00f0 \u00fej\u00f3na s\u00e9r \u00e6vinlega.\u201c<br \/> <a name=\"3\"><span class=\"versanumer_2007\">3<\/span><\/a> \u00dev\u00ed n\u00e6st kalla\u00f0i Dav\u00ed\u00f0 allan \u00cdsrael saman \u00ed Jer\u00fasalem til \u00feess a\u00f0 flytja \u00f6rk Drottins \u00feanga\u00f0 upp eftir \u00e1 sta\u00f0inn sem hann haf\u00f0i b\u00fai\u00f0 henni.<br \/> <a name=\"4\"><span class=\"versanumer_2007\">4<\/span><\/a> Dav\u00ed\u00f0 stefndi saman ni\u00f0jum Arons og Lev\u00edtunum. <a name=\"5\"><span class=\"versanumer_2007\">5<\/span><\/a> Af ni\u00f0jum Kahats kom h\u00f6f\u00f0inginn \u00dar\u00edel og br\u00e6\u00f0ur hans, 120 menn. <a name=\"6\"><span class=\"versanumer_2007\">6<\/span><\/a> Af ni\u00f0jum Merar\u00ed kom h\u00f6f\u00f0inginn Asaja og br\u00e6\u00f0ur hans, 220 menn. <a name=\"7\"><span class=\"versanumer_2007\">7<\/span><\/a> Af ni\u00f0jum Gersons kom h\u00f6f\u00f0inginn J\u00f3el og br\u00e6\u00f0ur hans, 130 menn. <a name=\"8\"><span class=\"versanumer_2007\">8<\/span><\/a> Af ni\u00f0jum El\u00edsafans kom h\u00f6f\u00f0inginn Semaja og br\u00e6\u00f0ur hans, 200 menn. <a name=\"9\"><span class=\"versanumer_2007\">9<\/span><\/a> Af ni\u00f0jum Hebrons kom h\u00f6f\u00f0inginn El\u00edel og br\u00e6\u00f0ur hans, 80 menn. <a name=\"10\"><span class=\"versanumer_2007\">10<\/span><\/a> Af ni\u00f0jum \u00dass\u00edels kom h\u00f6f\u00f0inginn Amm\u00ednadab og br\u00e6\u00f0ur hans, 112 menn.<br \/> <a name=\"11\"><span class=\"versanumer_2007\">11<\/span><\/a> Dav\u00ed\u00f0 kalla\u00f0i til s\u00edn prestana Sad\u00f3k og Abjatar og Lev\u00edtana \u00dar\u00edel, Asaja, J\u00f3el, Semaja, El\u00edel og Amm\u00ednadab <a name=\"12\"><span class=\"versanumer_2007\">12<\/span><\/a> og gaf \u00feeim \u00feessi fyrirm\u00e6li: \u201e\u00dei\u00f0 eru\u00f0 \u00e6ttarh\u00f6f\u00f0ingjar Lev\u00edtanna. Helgi\u00f0 ykkur n\u00fa \u00e1samt br\u00e6\u00f0rum ykkar og flytji\u00f0 \u00f6rk Drottins, Gu\u00f0s \u00cdsraels, til sta\u00f0arins sem \u00e9g hef b\u00fai\u00f0 henni. <a name=\"13\"><span class=\"versanumer_2007\">13<\/span><\/a> Vegna \u00feess a\u00f0 \u00fei\u00f0 voru\u00f0 ekki me\u00f0 okkur \u00ed fyrsta skipti\u00f0 hefur Drottinn, Gu\u00f0 okkar, steypt yfir okkur \u00f3farna\u00f0i. Vi\u00f0 leitu\u00f0um ekki \u00farskur\u00f0ar hans eins og okkur bar.\u201c<br \/> <a name=\"14\"><span class=\"versanumer_2007\">14<\/span><\/a> Prestarnir og Lev\u00edtarnir helgu\u00f0u sig n\u00fa til \u00feess a\u00f0 flytja \u00f6rk Drottins, Gu\u00f0s \u00cdsraels, upp eftir. <a name=\"15\"><span class=\"versanumer_2007\">15<\/span><\/a> \u00dev\u00ed n\u00e6st t\u00f3ku ni\u00f0jar Lev\u00ed \u00f6rk Gu\u00f0s \u00e1 axlir s\u00e9r me\u00f0 bur\u00f0arst\u00f6ngum hennar eins og M\u00f3se haf\u00f0i gefi\u00f0 fyrirm\u00e6li um a\u00f0 bo\u00f0i Drottins.<br \/> <a name=\"16\"><span class=\"versanumer_2007\">16<\/span><\/a> Dav\u00ed\u00f0 skipa\u00f0i h\u00f6f\u00f0ingjum Lev\u00edtanna a\u00f0 l\u00e1ta \u00e6ttbr\u00e6\u00f0ur \u00feeirra, s\u00f6ngvarana, taka s\u00e9r st\u00f6\u00f0u me\u00f0 hlj\u00f3\u00f0f\u00e6ri s\u00edn, h\u00f6rpur, s\u00edtara og bj\u00f6llur, til \u00feess a\u00f0 leika undir fagna\u00f0ars\u00f6ngnum. <a name=\"17\"><span class=\"versanumer_2007\">17<\/span><\/a> \u00de\u00e1 l\u00e9tu \u00feeir Heman J\u00f3elsson og Asaf Berek\u00edason, \u00e6ttbr\u00f3\u00f0ur \u00feeirra, taka s\u00e9r st\u00f6\u00f0u, enn fremur \u00e6ttbr\u00f3\u00f0ur \u00feeirra, Etan K\u00fasajason af ni\u00f0jum Merar\u00ed. <a name=\"18\"><span class=\"versanumer_2007\">18<\/span><\/a> \u00deeir l\u00e9tu einnig nokkra af br\u00e6\u00f0rum \u00feeirra \u00far \u00f6\u00f0rum \u00fej\u00f3nustuflokki taka s\u00e9r st\u00f6\u00f0u me\u00f0 \u00feeim: Sakar\u00eda, Jaas\u00edel, Sem\u00edram\u00f3t, Jeh\u00edel, \u00dann\u00ed, El\u00edab, Benaja, Maaseja, Mattitja, El\u00edfala, Mikneja, \u00d3be\u00f0 Ed\u00f3m og Je\u00edel.<br \/> <a name=\"19\"><span class=\"versanumer_2007\">19<\/span><\/a> S\u00f6ngvararnir Heman, Asaf og Etan l\u00e9ku \u00e1 tv\u00f6 klukkuspil \u00far eir, <a name=\"20\"><span class=\"versanumer_2007\">20<\/span><\/a> Sakar\u00eda, Jaas\u00edel, Sem\u00edram\u00f3t, Jeh\u00edel, \u00dann\u00ed, El\u00edab, Maaseja og Benaja l\u00e9ku \u00e1 h\u00f6rpur a\u00f0 elam\u00edt\u00edskum h\u00e6tti. <a name=\"21\"><span class=\"versanumer_2007\">21<\/span><\/a> Mattitja, El\u00edfala, Mikneja, \u00d3be\u00f0 Ed\u00f3m, Je\u00edel og Asasja l\u00e9ku \u00e1 g\u00edgjur a\u00f0 s\u00edmj\u00f3n\u00edt\u00edskum h\u00e6tti til a\u00f0 stj\u00f3rna s\u00f6ngnum.<br \/> <a name=\"22\"><span class=\"versanumer_2007\">22<\/span><\/a> Kenanja, h\u00f6f\u00f0ingi Lev\u00edtanna, stj\u00f3rna\u00f0i flutningi t\u00f3nlistarinnar.<span class=\"nedan_mal\" title=\" Annar hugsanlegur skilningur: flutningi arkarinnar. \">[<\/span> Hann stj\u00f3rna\u00f0i flutningnum af \u00fev\u00ed a\u00f0 hann haf\u00f0i kunn\u00e1ttu til \u00feess.<br \/> <a name=\"23\"><span class=\"versanumer_2007\">23<\/span><\/a> Berek\u00eda og Elkana voru hli\u00f0ver\u00f0ir arkarinnar.<br \/> <a name=\"24\"><span class=\"versanumer_2007\">24<\/span><\/a> Prestarnir Sebanja, J\u00f3safat, Netaneel, Amasa\u00ed, Sakar\u00eda, Benaja og El\u00edeser bl\u00e9su \u00ed l\u00fa\u00f0ra frammi fyrir \u00f6rk Gu\u00f0s.<br \/>\u00d3be\u00f0 Ed\u00f3m og Jeh\u00eda voru hli\u00f0ver\u00f0ir arkarinnar.<br \/> <a name=\"25\"><span class=\"versanumer_2007\">25<\/span><\/a> Dav\u00ed\u00f0, \u00f6ldungar \u00cdsraels og foringjar \u00fe\u00fasund manna sveitanna f\u00f3ru n\u00fa gla\u00f0ir \u00ed brag\u00f0i til \u00feess a\u00f0 flytja s\u00e1ttm\u00e1ls\u00f6rk Drottins upp eftir \u00far h\u00fasi \u00d3be\u00f0s Ed\u00f3ms. <a name=\"26\"><span class=\"versanumer_2007\">26<\/span><\/a> Sj\u00f6 nautum og sj\u00f6 hr\u00fatum var f\u00f3rna\u00f0 af \u00fev\u00ed a\u00f0 Gu\u00f0 styrkti Lev\u00edtana sem b\u00e1ru s\u00e1ttm\u00e1ls\u00f6rk Drottins. <a name=\"27\"><span class=\"versanumer_2007\">27<\/span><\/a> Dav\u00ed\u00f0 bar yfirh\u00f6fn fr\u00e1 Byssos, einnig allir Lev\u00edtarnir sem b\u00e1ru \u00f6rkina, s\u00f6ngvararnir og Kenanja, stj\u00f3rnandi s\u00f6ngvaranna, en Dav\u00ed\u00f0 bar l\u00ednh\u00f6kul. <a name=\"28\"><span class=\"versanumer_2007\">28<\/span><\/a> \u00deannig flutti allur \u00cdsrael s\u00e1ttm\u00e1ls\u00f6rk Drottins upp eftir me\u00f0 fagna\u00f0ar\u00f3pum og hafurshornabl\u00e6stri, me\u00f0 l\u00fa\u00f0rabl\u00e6stri, bj\u00f6lluhlj\u00f3mi, h\u00f6rpuleik og g\u00edgjuleik.<br \/> <a name=\"29\"><span class=\"versanumer_2007\">29<\/span><\/a> \u00deegar s\u00e1ttm\u00e1ls\u00f6rk Drottins kom til borgar Dav\u00ed\u00f0s var\u00f0 M\u00edkal, d\u00f3ttur S\u00e1ls, liti\u00f0 \u00fat um glugga. \u00deegar h\u00fan s\u00e1 Dav\u00ed\u00f0 konung hoppa og dansa frammi fyrir augliti Drottins fyrirleit h\u00fan hann \u00ed hjarta s\u00ednu.<\/p>\n","protected":false},"excerpt":{"rendered":"<p>\u00d6rkin flutt til Jer\u00fasalem 1 \u00deegar hann haf\u00f0i l\u00e1ti\u00f0 byggja s\u00e9r h\u00fas \u00ed borg Dav\u00ed\u00f0s l\u00e9t hann einnig b\u00faa \u00f6rk Gu\u00f0s sta\u00f0 og reisa tjald fyrir hana. 2 \u00de\u00e1 skipa\u00f0i Dav\u00ed\u00f0 svo fyrir: \u201eEnginn m\u00e1 bera \u00f6rk Gu\u00f0s nema Lev\u00edtarnir \u00fev\u00ed a\u00f0 Drottinn hefur vali\u00f0 \u00fe\u00e1 til a\u00f0 bera \u00f6rk Drottins og til a\u00f0 \u00fej\u00f3na s\u00e9r \u00e6vinlega.\u201c 3 \u00dev\u00ed n\u00e6st kalla\u00f0i Dav\u00ed\u00f0 allan \u00cdsrael saman \u00ed Jer\u00fasalem til \u00feess a\u00f0 flytja \u00f6rk Drottins \u00feanga\u00f0 upp eftir \u00e1 sta\u00f0inn sem hann haf\u00f0i b\u00fai\u00f0 henni. 4 Dav\u00ed\u00f0 stefndi saman ni\u00f0jum Arons og Lev\u00edtunum. 5 Af ni\u00f0jum Kahats kom h\u00f6f\u00f0inginn \u00dar\u00edel og br\u00e6\u00f0ur <a href=\"https:\/\/biblian.is\/biblian\/fyrri-kronikubok-15-kafli\/\"> [&#8230;]<\/a><\/p>\n","protected":false},"author":1,"featured_media":0,"parent":0,"menu_order":0,"comment_status":"open","ping_status":"open","template":"bibliukaflar_NT.php","meta":{"footnotes":""},"class_list":["post-1970","page","type-page","status-publish","hentry"],"_links":{"self":[{"href":"https:\/\/biblian.is\/biblian\/wp-json\/wp\/v2\/pages\/1970","targetHints":{"allow":["GET"]}}],"collection":[{"href":"https:\/\/biblian.is\/biblian\/wp-json\/wp\/v2\/pages"}],"about":[{"href":"https:\/\/biblian.is\/biblian\/wp-json\/wp\/v2\/types\/page"}],"author":[{"embeddable":true,"href":"https:\/\/biblian.is\/biblian\/wp-json\/wp\/v2\/users\/1"}],"replies":[{"embeddable":true,"href":"https:\/\/biblian.is\/biblian\/wp-json\/wp\/v2\/comments?post=1970"}],"version-history":[{"count":0,"href":"https:\/\/biblian.is\/biblian\/wp-json\/wp\/v2\/pages\/1970\/revisions"}],"wp:attachment":[{"href":"https:\/\/biblian.is\/biblian\/wp-json\/wp\/v2\/media?parent=1970"}],"curies":[{"name":"wp","href":"https:\/\/api.w.org\/{rel}","templated":true}]}}