{"id":1969,"date":"2017-12-30T21:01:10","date_gmt":"2017-12-30T21:01:10","guid":{"rendered":"http:\/\/biblian.is\/biblian\/fyrri-kron%c2%92kub%c2%97k-14-kafli\/"},"modified":"2024-06-26T23:20:36","modified_gmt":"2024-06-26T23:20:36","slug":"fyrri-kronikubok-14-kafli","status":"publish","type":"page","link":"https:\/\/biblian.is\/biblian\/fyrri-kronikubok-14-kafli\/","title":{"rendered":"Fyrri kron\u00edkub\u00f3k 14. kafli"},"content":{"rendered":"<h3 class=\"millifyrirsogn_2007\"> Dav\u00ed\u00f0 \u00ed Jer\u00fasalem<\/h3>\n<p><a name=\"1\"><span class=\"versanumer_2007\">1<\/span><\/a> H\u00edram, konungur \u00ed T\u00fdrus, sendi menn til Dav\u00ed\u00f0s me\u00f0 sedrusvi\u00f0 og einnig sendi hann steinsmi\u00f0i og tr\u00e9smi\u00f0i til \u00feess a\u00f0 byggja h\u00fas handa honum. <a name=\"2\"><span class=\"versanumer_2007\">2<\/span><\/a> \u00de\u00e1 skildi Dav\u00ed\u00f0 a\u00f0 Drottinn haf\u00f0i fest hann \u00ed sessi sem konung yfir \u00cdsrael \u00fev\u00ed a\u00f0 hann haf\u00f0i hafi\u00f0 konungd\u00f3m hans til vegs vegna \u00fej\u00f3\u00f0ar sinnar, \u00cdsraels. <br \/> <a name=\"3\"><span class=\"versanumer_2007\">3<\/span><\/a> Dav\u00ed\u00f0 t\u00f3k s\u00e9r fleiri konur \u00ed Jer\u00fasalem og eigna\u00f0ist fleiri b\u00f6rn. <a name=\"4\"><span class=\"versanumer_2007\">4<\/span><\/a> \u00deetta eru n\u00f6fn sonanna sem hann eigna\u00f0ist \u00ed Jer\u00fasalem: Samm\u00faa, S\u00f3bab, Natan, Sal\u00f3mon, <a name=\"5\"><span class=\"versanumer_2007\">5<\/span><\/a> J\u00edbhar, El\u00eds\u00faa, Elpalet, <a name=\"6\"><span class=\"versanumer_2007\">6<\/span><\/a> N\u00f3ga, Nefeg, Jaf\u00eda, <a name=\"7\"><span class=\"versanumer_2007\">7<\/span><\/a> El\u00edsama, Beeljada og El\u00edfelet.<\/p>\n<h3 class=\"millifyrirsogn_2007\">Dav\u00ed\u00f0 sigrar Filistea<\/h3>\n<p><a name=\"8\"><span class=\"versanumer_2007\">8<\/span><\/a> \u00deegar Filistear fr\u00e9ttu a\u00f0 Dav\u00ed\u00f0 hef\u00f0i veri\u00f0 smur\u00f0ur til konungs yfir \u00f6llum \u00cdsrael h\u00e9ldu allir Filistear upp eftir til \u00feess a\u00f0 taka Dav\u00ed\u00f0 til fanga. Um lei\u00f0 og Dav\u00ed\u00f0 fr\u00e9tti \u00feetta f\u00f3r hann \u00e1 m\u00f3ti \u00feeim. <a name=\"9\"><span class=\"versanumer_2007\">9<\/span><\/a> Filistear voru \u00fe\u00e1 komnir og h\u00f6f\u00f0u dreift s\u00e9r um Refa\u00edmsl\u00e9ttu.<br \/> <a name=\"10\"><span class=\"versanumer_2007\">10<\/span><\/a> \u00de\u00e1 spur\u00f0i Dav\u00ed\u00f0 Gu\u00f0: \u201e\u00c1 \u00e9g a\u00f0 fara gegn Filisteunum? Muntu selja \u00fe\u00e1 m\u00e9r \u00ed hendur?\u201c Drottinn svara\u00f0i honum: \u201eFar\u00f0u upp eftir \u00fev\u00ed a\u00f0 \u00e9g mun selja \u00fe\u00e1 \u00fe\u00e9r \u00ed hendur.\u201c <a name=\"11\"><span class=\"versanumer_2007\">11<\/span><\/a> \u00de\u00e1 f\u00f3r hann upp eftir til Baal Peras\u00edm, sigra\u00f0i \u00fe\u00e1 \u00fear og sag\u00f0i: \u201eGu\u00f0 hefur rofi\u00f0 fylkingar fjandmanna minna me\u00f0 hendi minni l\u00edkt og vatn sem br\u00fdtur s\u00e9r lei\u00f0.\u201c \u00deess vegna er \u00feessi sta\u00f0ur nefndur Baal Peras\u00edm, \u00fea\u00f0 er Herra rofsins.<span class=\"nedan_mal\" title=\" \u00c1 hebresku er or\u00f0aleikur \u00e1 milli Baal Peras\u00edm og \u201eGu\u00f0 hefur rofi\u00f0\u201c.\">[<\/span> <a name=\"12\"><span class=\"versanumer_2007\">12<\/span><\/a> Filistearnir skildu skur\u00f0go\u00f0 s\u00edn \u00fear eftir og Dav\u00ed\u00f0 skipa\u00f0i a\u00f0 \u00feau skyldu brennd \u00ed eldi. <br \/> <a name=\"13\"><span class=\"versanumer_2007\">13<\/span><\/a> N\u00fa dreif\u00f0u Filistear s\u00e9r aftur um Refa\u00edmsl\u00e9ttu. <a name=\"14\"><span class=\"versanumer_2007\">14<\/span><\/a> Dav\u00ed\u00f0 spur\u00f0i \u00fe\u00e1 Gu\u00f0 \u00e1 n\u00fd og hann svara\u00f0i: \u201e\u00de\u00fa skalt ekki fara \u00e1 eftir \u00feeim. Far\u00f0u \u00e1 svig vi\u00f0 \u00fe\u00e1 og ger\u00f0u \u00e1r\u00e1s \u00e1 \u00fe\u00e1 fr\u00e1 bakatrj\u00e1num. <a name=\"15\"><span class=\"versanumer_2007\">15<\/span><\/a> \u00deegar \u00fe\u00fa heyrir \u00ferusk sk\u00f3hlj\u00f3\u00f0i l\u00edkast \u00ed h\u00e6stu greinum bakatrj\u00e1nna skaltu breg\u00f0ast skj\u00f3tt vi\u00f0 \u00fev\u00ed a\u00f0 \u00fe\u00e1 fer Gu\u00f0 \u00e1 undan \u00fe\u00e9r til \u00feess a\u00f0 sigra her Filistea.\u201c<br \/> <a name=\"16\"><span class=\"versanumer_2007\">16<\/span><\/a> Dav\u00ed\u00f0 ger\u00f0i eins og Gu\u00f0 haf\u00f0i fyrir hann lagt og sigra\u00f0i Filistea \u00e1 \u00f6llu sv\u00e6\u00f0inu fr\u00e1 G\u00edbeon til Geser. <a name=\"17\"><span class=\"versanumer_2007\">17<\/span><\/a> Fr\u00e6g\u00f0 Dav\u00ed\u00f0s barst um \u00f6ll l\u00f6nd og Drottinn l\u00e9t allar \u00fej\u00f3\u00f0ir \u00f3ttast hann.<\/p>\n","protected":false},"excerpt":{"rendered":"<p>Dav\u00ed\u00f0 \u00ed Jer\u00fasalem 1 H\u00edram, konungur \u00ed T\u00fdrus, sendi menn til Dav\u00ed\u00f0s me\u00f0 sedrusvi\u00f0 og einnig sendi hann steinsmi\u00f0i og tr\u00e9smi\u00f0i til \u00feess a\u00f0 byggja h\u00fas handa honum. 2 \u00de\u00e1 skildi Dav\u00ed\u00f0 a\u00f0 Drottinn haf\u00f0i fest hann \u00ed sessi sem konung yfir \u00cdsrael \u00fev\u00ed a\u00f0 hann haf\u00f0i hafi\u00f0 konungd\u00f3m hans til vegs vegna \u00fej\u00f3\u00f0ar sinnar, \u00cdsraels. 3 Dav\u00ed\u00f0 t\u00f3k s\u00e9r fleiri konur \u00ed Jer\u00fasalem og eigna\u00f0ist fleiri b\u00f6rn. 4 \u00deetta eru n\u00f6fn sonanna sem hann eigna\u00f0ist \u00ed Jer\u00fasalem: Samm\u00faa, S\u00f3bab, Natan, Sal\u00f3mon, 5 J\u00edbhar, El\u00eds\u00faa, Elpalet, 6 N\u00f3ga, Nefeg, Jaf\u00eda, 7 El\u00edsama, Beeljada og El\u00edfelet. Dav\u00ed\u00f0 sigrar Filistea 8 \u00deegar <a href=\"https:\/\/biblian.is\/biblian\/fyrri-kronikubok-14-kafli\/\"> [&#8230;]<\/a><\/p>\n","protected":false},"author":1,"featured_media":0,"parent":0,"menu_order":0,"comment_status":"open","ping_status":"open","template":"bibliukaflar_NT.php","meta":{"footnotes":""},"class_list":["post-1969","page","type-page","status-publish","hentry"],"_links":{"self":[{"href":"https:\/\/biblian.is\/biblian\/wp-json\/wp\/v2\/pages\/1969","targetHints":{"allow":["GET"]}}],"collection":[{"href":"https:\/\/biblian.is\/biblian\/wp-json\/wp\/v2\/pages"}],"about":[{"href":"https:\/\/biblian.is\/biblian\/wp-json\/wp\/v2\/types\/page"}],"author":[{"embeddable":true,"href":"https:\/\/biblian.is\/biblian\/wp-json\/wp\/v2\/users\/1"}],"replies":[{"embeddable":true,"href":"https:\/\/biblian.is\/biblian\/wp-json\/wp\/v2\/comments?post=1969"}],"version-history":[{"count":0,"href":"https:\/\/biblian.is\/biblian\/wp-json\/wp\/v2\/pages\/1969\/revisions"}],"wp:attachment":[{"href":"https:\/\/biblian.is\/biblian\/wp-json\/wp\/v2\/media?parent=1969"}],"curies":[{"name":"wp","href":"https:\/\/api.w.org\/{rel}","templated":true}]}}