{"id":1968,"date":"2017-12-30T21:01:10","date_gmt":"2017-12-30T21:01:10","guid":{"rendered":"http:\/\/biblian.is\/biblian\/fyrri-kron%c2%92kub%c2%97k-13-kafli\/"},"modified":"2024-06-26T23:20:36","modified_gmt":"2024-06-26T23:20:36","slug":"fyrri-kronikubok-13-kafli","status":"publish","type":"page","link":"https:\/\/biblian.is\/biblian\/fyrri-kronikubok-13-kafli\/","title":{"rendered":"Fyrri kron\u00edkub\u00f3k 13. kafli"},"content":{"rendered":"<h3 class=\"millifyrirsogn_2007\"> S\u00e1ttm\u00e1ls\u00f6rkin flutt fr\u00e1 Kirjat Jear\u00edm<\/h3>\n<p><a name=\"1\"><span class=\"versanumer_2007\">1<\/span><\/a> \u00deegar Dav\u00ed\u00f0 haf\u00f0i r\u00e1\u00f0gast vi\u00f0 foringja \u00fe\u00fasund og hundra\u00f0 manna li\u00f0ssveita, vi\u00f0 alla lei\u00f0togana, <a name=\"2\"><span class=\"versanumer_2007\">2<\/span><\/a> \u00e1varpa\u00f0i hann allan s\u00f6fnu\u00f0 \u00cdsraels svofelldum or\u00f0um: \u201eEf \u00fea\u00f0 er ykkur a\u00f0 skapi og ef \u00fea\u00f0 er vilji Drottins, Gu\u00f0s okkar, skulum vi\u00f0 senda bo\u00f0bera til br\u00e6\u00f0ra okkar, sem eru um kyrrt \u00ed \u00f6llum h\u00e9ru\u00f0um \u00cdsraels, \u00e1samt prestunum og Lev\u00edtunum, sem b\u00faa \u00ed borgum s\u00ednum og beitil\u00f6ndunum umhverfis, til a\u00f0 stefna \u00feeim saman hinga\u00f0 til okkar. <a name=\"3\"><span class=\"versanumer_2007\">3<\/span><\/a> \u00dev\u00ed n\u00e6st skulum vi\u00f0 flytja \u00f6rk Gu\u00f0s okkar hinga\u00f0 en vi\u00f0 l\u00e9tum okkur hana engu var\u00f0a \u00ed stj\u00f3rnart\u00ed\u00f0 S\u00e1ls.\u201c<br \/> <a name=\"4\"><span class=\"versanumer_2007\">4<\/span><\/a> Allur s\u00f6fnu\u00f0urinn f\u00e9llst \u00e1 a\u00f0 \u00feetta yr\u00f0i gert \u00fev\u00ed a\u00f0 tillagan var g\u00f3\u00f0 a\u00f0 mati alls f\u00f3lksins. <a name=\"5\"><span class=\"versanumer_2007\">5<\/span><\/a> Dav\u00ed\u00f0 safna\u00f0i n\u00fa saman \u00f6llum \u00cdsrael fr\u00e1 S\u00edhor \u00ed Egyptalandi til Leb\u00f3 Hamat til \u00feess a\u00f0 s\u00e6kja \u00f6rkina til Kirjat Jear\u00edm. <a name=\"6\"><span class=\"versanumer_2007\">6<\/span><\/a> Dav\u00ed\u00f0 f\u00f3r upp til Baala, \u00fea\u00f0 er a\u00f0 segja til Kirjat Jear\u00edm, sem er \u00ed J\u00fada, \u00e1samt \u00f6llum \u00cdsrael til \u00feess a\u00f0 s\u00e6kja \u00feanga\u00f0 \u00f6rk Gu\u00f0s sem ber nafn Drottins herskaranna sem situr \u00ed h\u00e1s\u00e6ti yfir ker\u00fabunum.<span class=\"nedan_mal\" title=\" Or\u00f0r\u00e9tt: sem nafn hans hefur veri\u00f0 hr\u00f3pa\u00f0 yfir. \u00dea\u00f0 merkir a\u00f0 l\u00fdsa eignarr\u00e9tti einhvers. \">[<\/span> <a name=\"7\"><span class=\"versanumer_2007\">7<\/span><\/a> \u00deeir s\u00f3ttu \u00f6rk Gu\u00f0s \u00e1 n\u00fdjum vagni \u00far h\u00fasi Ab\u00ednadabs. \u00dassa og Ahj\u00f3 stj\u00f3rnu\u00f0u vagninum <a name=\"8\"><span class=\"versanumer_2007\">8<\/span><\/a> en Dav\u00ed\u00f0 og allur \u00cdsrael d\u00f6nsu\u00f0u me\u00f0 miklum til\u00ferifum frammi fyrir augliti Gu\u00f0s, sungu og l\u00e9ku \u00e1 s\u00edtara, h\u00f6rpur, p\u00e1kur, bj\u00f6llur og l\u00fa\u00f0ra.<br \/> <a name=\"9\"><span class=\"versanumer_2007\">9<\/span><\/a> \u00deegar \u00feeir komu \u00e1 \u00fereskiv\u00f6ll K\u00eddons r\u00e9tti \u00dassa \u00fat h\u00f6nd s\u00edna til a\u00f0 sty\u00f0ja \u00f6rkina \u00fev\u00ed a\u00f0 uxarnir h\u00f6f\u00f0u hrasa\u00f0. <a name=\"10\"><span class=\"versanumer_2007\">10<\/span><\/a> \u00de\u00e1 blossa\u00f0i rei\u00f0i Drottins upp gegn \u00dassa og laust hann \u00dassa samstundis banah\u00f6gg af \u00fev\u00ed a\u00f0 hann haf\u00f0i gripi\u00f0 til arkarinnar me\u00f0 hendi sinni. Hann l\u00e9t l\u00edfi\u00f0 \u00fearna fyrir augliti Gu\u00f0s. <a name=\"11\"><span class=\"versanumer_2007\">11<\/span><\/a> Dav\u00ed\u00f0 var mj\u00f6g brug\u00f0i\u00f0 vegna \u00feess a\u00f0 Drottinn haf\u00f0i hrifi\u00f0 \u00dassa svo sn\u00f6gglega \u00ed burtu. Hann nefndi \u00feennan sta\u00f0 Peres \u00dassa,<span class=\"nedan_mal\" title=\" Merkir: brottn\u00e1m \u00dassa.\">[<\/span> og \u00fea\u00f0 heitir hann enn \u00ed dag. <a name=\"12\"><span class=\"versanumer_2007\">12<\/span><\/a> Dav\u00ed\u00f0 hr\u00e6ddist Drottin \u00e1 \u00feessum degi og spur\u00f0i: \u201eHvernig get \u00e9g flutt \u00f6rk Gu\u00f0s heim til m\u00edn?\u201c <a name=\"13\"><span class=\"versanumer_2007\">13<\/span><\/a> Dav\u00ed\u00f0 vildi \u00fev\u00ed ekki l\u00e1ta flytja \u00f6rkina heim til s\u00edn \u00ed borg Dav\u00ed\u00f0s heldur sneri me\u00f0 hana a\u00f0 h\u00fasi \u00d3be\u00f0s Ed\u00f3ms fr\u00e1 Gat. <a name=\"14\"><span class=\"versanumer_2007\">14<\/span><\/a> \u00d6rk Gu\u00f0s var \u00ed h\u00fasi \u00d3be\u00f0s Ed\u00f3ms \u00ed \u00ferj\u00e1 m\u00e1nu\u00f0i og Drottinn blessa\u00f0i \u00d3be\u00f0 Ed\u00f3m og allt sem hann \u00e1tti.<\/p>\n","protected":false},"excerpt":{"rendered":"<p>S\u00e1ttm\u00e1ls\u00f6rkin flutt fr\u00e1 Kirjat Jear\u00edm 1 \u00deegar Dav\u00ed\u00f0 haf\u00f0i r\u00e1\u00f0gast vi\u00f0 foringja \u00fe\u00fasund og hundra\u00f0 manna li\u00f0ssveita, vi\u00f0 alla lei\u00f0togana, 2 \u00e1varpa\u00f0i hann allan s\u00f6fnu\u00f0 \u00cdsraels svofelldum or\u00f0um: \u201eEf \u00fea\u00f0 er ykkur a\u00f0 skapi og ef \u00fea\u00f0 er vilji Drottins, Gu\u00f0s okkar, skulum vi\u00f0 senda bo\u00f0bera til br\u00e6\u00f0ra okkar, sem eru um kyrrt \u00ed \u00f6llum h\u00e9ru\u00f0um \u00cdsraels, \u00e1samt prestunum og Lev\u00edtunum, sem b\u00faa \u00ed borgum s\u00ednum og beitil\u00f6ndunum umhverfis, til a\u00f0 stefna \u00feeim saman hinga\u00f0 til okkar. 3 \u00dev\u00ed n\u00e6st skulum vi\u00f0 flytja \u00f6rk Gu\u00f0s okkar hinga\u00f0 en vi\u00f0 l\u00e9tum okkur hana engu var\u00f0a \u00ed stj\u00f3rnart\u00ed\u00f0 S\u00e1ls.\u201c 4 Allur s\u00f6fnu\u00f0urinn <a href=\"https:\/\/biblian.is\/biblian\/fyrri-kronikubok-13-kafli\/\"> [&#8230;]<\/a><\/p>\n","protected":false},"author":1,"featured_media":0,"parent":0,"menu_order":0,"comment_status":"open","ping_status":"open","template":"bibliukaflar_NT.php","meta":{"footnotes":""},"class_list":["post-1968","page","type-page","status-publish","hentry"],"_links":{"self":[{"href":"https:\/\/biblian.is\/biblian\/wp-json\/wp\/v2\/pages\/1968","targetHints":{"allow":["GET"]}}],"collection":[{"href":"https:\/\/biblian.is\/biblian\/wp-json\/wp\/v2\/pages"}],"about":[{"href":"https:\/\/biblian.is\/biblian\/wp-json\/wp\/v2\/types\/page"}],"author":[{"embeddable":true,"href":"https:\/\/biblian.is\/biblian\/wp-json\/wp\/v2\/users\/1"}],"replies":[{"embeddable":true,"href":"https:\/\/biblian.is\/biblian\/wp-json\/wp\/v2\/comments?post=1968"}],"version-history":[{"count":0,"href":"https:\/\/biblian.is\/biblian\/wp-json\/wp\/v2\/pages\/1968\/revisions"}],"wp:attachment":[{"href":"https:\/\/biblian.is\/biblian\/wp-json\/wp\/v2\/media?parent=1968"}],"curies":[{"name":"wp","href":"https:\/\/api.w.org\/{rel}","templated":true}]}}