{"id":1967,"date":"2017-12-30T21:01:10","date_gmt":"2017-12-30T21:01:10","guid":{"rendered":"http:\/\/biblian.is\/biblian\/fyrri-kron%c2%92kub%c2%97k-12-kafli\/"},"modified":"2024-06-26T23:20:36","modified_gmt":"2024-06-26T23:20:36","slug":"fyrri-kronikubok-12-kafli","status":"publish","type":"page","link":"https:\/\/biblian.is\/biblian\/fyrri-kronikubok-12-kafli\/","title":{"rendered":"Fyrri kron\u00edkub\u00f3k 12. kafli"},"content":{"rendered":"<h3 class=\"millifyrirsogn_2007\"> Stu\u00f0ningsmenn Dav\u00ed\u00f0s \u00ed Siklag<\/h3>\n<p><a name=\"1\"><span class=\"versanumer_2007\">1<\/span><\/a> \u00deetta eru \u00feeir sem komu til Dav\u00ed\u00f0s \u00ed Siklag \u00feegar hann var enn \u00fatiloka\u00f0ur fr\u00e1 \u00fej\u00f3nustu vi\u00f0 S\u00e1l K\u00edsson. Voru \u00feeir me\u00f0al \u00feeirra kappa sem studdu hann \u00ed bard\u00f6gum. <a name=\"2\"><span class=\"versanumer_2007\">2<\/span><\/a> \u00deeir voru vopna\u00f0ir bogum \u00ed h\u00e6gri hendi og g\u00e1tu kasta\u00f0 grj\u00f3ti og skoti\u00f0 \u00f6r af boga jafnt me\u00f0 h\u00e6gri hendi sem vinstri.<br \/>Af \u00e6ttmennum S\u00e1ls komu eftirtaldir fr\u00e1 Benjam\u00edn: <a name=\"3\"><span class=\"versanumer_2007\">3<\/span><\/a> Ah\u00edeser, h\u00f6f\u00f0ingi \u00feeirra, einnig J\u00f3as Semaasson fr\u00e1 G\u00edbeu, Jes\u00edel og Pelet Asmavetssynir, Beraka og Jeh\u00fa fr\u00e1 Anat\u00f3t, <a name=\"4\"><span class=\"versanumer_2007\">4<\/span><\/a> Jismaja fr\u00e1 G\u00edbeon, einn hinna \u00ferj\u00e1t\u00edu kappa og foringi \u00feeirra, <a name=\"5\"><span class=\"versanumer_2007\">5<\/span><\/a> Jerem\u00eda, Jehas\u00edel, J\u00f3hanan og J\u00f3sabad fr\u00e1 Gedera, <a name=\"6\"><span class=\"versanumer_2007\">6<\/span><\/a> El\u00fasa\u00ed, Jer\u00edm\u00f3t, Baalja, Semarja og Sefatja fr\u00e1 Har\u00edf, <a name=\"7\"><span class=\"versanumer_2007\">7<\/span><\/a> Elkana, Jiss\u00eda, Asareel, J\u00f3eser og Jas\u00f3beam, sem voru K\u00f3ra\u00edtar, <a name=\"8\"><span class=\"versanumer_2007\">8<\/span><\/a> J\u00f3ela og Sebadja Jer\u00f3hamssynir fr\u00e1 Ged\u00f3r.<br \/> <a name=\"9\"><span class=\"versanumer_2007\">9<\/span><\/a> Einnig gengu til li\u00f0s vi\u00f0 Dav\u00ed\u00f0 hraustir kappar af \u00e6ttb\u00e1lki Ga\u00f0s og komu \u00ed virki hans \u00ed ey\u00f0im\u00f6rkinni. \u00deeir voru \u00fej\u00e1lfa\u00f0ir hermenn, vopna\u00f0ir skj\u00f6ldum og spj\u00f3tum. \u00deeir l\u00edktust lj\u00f3num og voru flj\u00f3tir \u00ed f\u00f6rum eins og sk\u00f3gargeitur \u00ed fj\u00f6llum. <a name=\"10\"><span class=\"versanumer_2007\">10<\/span><\/a> Eser var foringi \u00feeirra, \u00d3bad\u00eda var annar, El\u00edab \u00feri\u00f0ji, <a name=\"11\"><span class=\"versanumer_2007\">11<\/span><\/a> Mismanna fj\u00f3r\u00f0i, Jerem\u00eda fimmti, <a name=\"12\"><span class=\"versanumer_2007\">12<\/span><\/a> Atta\u00ed sj\u00f6tti, El\u00edel sj\u00f6undi, <a name=\"13\"><span class=\"versanumer_2007\">13<\/span><\/a> J\u00f3hanan \u00e1ttundi, Elsabad n\u00edundi, <a name=\"14\"><span class=\"versanumer_2007\">14<\/span><\/a> Jerem\u00eda t\u00edundi og Makbanna\u00ed var s\u00e1 ellefti.<br \/> <a name=\"15\"><span class=\"versanumer_2007\">15<\/span><\/a> \u00deessir menn af \u00e6ttb\u00e1lki Ga\u00f0s voru foringjar hersins. S\u00e1 aumasti \u00feeirra var hundra\u00f0 manna maki en s\u00e1 sterkasti \u00fe\u00fasund manna maki. <a name=\"16\"><span class=\"versanumer_2007\">16<\/span><\/a> \u00dea\u00f0 voru \u00feeir sem f\u00f3ru yfir J\u00f3rdan \u00ed fyrsta m\u00e1nu\u00f0inum \u00feegar h\u00fan fl\u00e6ddi yfir bakka s\u00edna og haf\u00f0i einangra\u00f0 dalina \u00ed austri og vestri.<br \/> <a name=\"17\"><span class=\"versanumer_2007\">17<\/span><\/a> Einnig komu menn \u00far \u00e6ttb\u00e1lkum Benjam\u00edns og J\u00fada til Dav\u00ed\u00f0s \u00ed virkinu. <a name=\"18\"><span class=\"versanumer_2007\">18<\/span><\/a> Dav\u00ed\u00f0 gekk \u00fat til \u00feeirra, \u00e1varpa\u00f0i \u00fe\u00e1 og sag\u00f0i: \u201eEf \u00fei\u00f0 komi\u00f0 til m\u00edn me\u00f0 fri\u00f0i og \u00e6tli\u00f0 a\u00f0 sty\u00f0ja mig er \u00e9g f\u00fas til samstarfs vi\u00f0 ykkur. En ef \u00fei\u00f0 \u00e6tli\u00f0 a\u00f0 sv\u00edkja mig \u00ed hendur fjandmanna minna \u00fe\u00f3 a\u00f0 \u00e9g hafi ekkert illvirki frami\u00f0, \u00fe\u00e1 s\u00e9r Gu\u00f0 fe\u00f0ra okkar \u00fea\u00f0 og refsar ykkur.\u201c <a name=\"19\"><span class=\"versanumer_2007\">19<\/span><\/a> \u00de\u00e1 kom andi yfir Amasa\u00ed,<span class=\"nedan_mal\" title=\" Or\u00f0r\u00e9tt: \u00de\u00e1 \u00edkl\u00e6ddist andi Amasa\u00ed. \">[<\/span> foringja hinna \u00ferj\u00e1t\u00edu, og hann svara\u00f0i:<br \/> <span class=\"ljodatexti\"> \u00de\u00ednir erum vi\u00f0, Dav\u00ed\u00f0.<br \/>Me\u00f0 \u00fe\u00e9r erum vi\u00f0, sonur \u00cdsa\u00ed.<br \/>Heill, heill s\u00e9 \u00fe\u00e9r.<br \/>Heill \u00feeim sem sty\u00f0ur \u00feig <br \/>\u00fev\u00ed a\u00f0 Gu\u00f0 \u00feinn sty\u00f0ur \u00feig. <\/span> <br \/> \u00de\u00e1 t\u00f3k Dav\u00ed\u00f0 vi\u00f0 \u00feeim og setti \u00fe\u00e1 me\u00f0al foringja li\u00f0s s\u00edns.<br \/> <a name=\"20\"><span class=\"versanumer_2007\">20<\/span><\/a> Nokkrir menn \u00far \u00e6ttb\u00e1lki Manasse gengu einnig til li\u00f0s vi\u00f0 Dav\u00ed\u00f0 \u00feegar hann \u00e1tti a\u00f0 fara me\u00f0 Filisteum \u00ed orrustu gegn S\u00e1l. Hann var\u00f0 \u00feeim \u00fe\u00f3 ekki a\u00f0 neinu li\u00f0i \u00fev\u00ed a\u00f0 h\u00f6f\u00f0ingjar Filistea sendu hann burt \u00feegar \u00feeir h\u00f6f\u00f0u r\u00e1\u00f0i\u00f0 r\u00e1\u00f0um s\u00ednum og komist a\u00f0 \u00feessari ni\u00f0urst\u00f6\u00f0u: \u201eHann mun a\u00f0 n\u00fdju ganga \u00ed li\u00f0 me\u00f0 S\u00e1l, h\u00fasb\u00f3nda s\u00ednum, og \u00fea\u00f0 mun kosta okkur h\u00f6fu\u00f0i\u00f0.\u201c<br \/> <a name=\"21\"><span class=\"versanumer_2007\">21<\/span><\/a> \u00deegar hann kom aftur til Siklag gengu \u00feessir menn \u00far \u00e6ttb\u00e1lki Manasse \u00ed li\u00f0 me\u00f0 honum: Adna, J\u00f3sabad, Jed\u00edael, M\u00edkael, J\u00f3sabad, El\u00edh\u00fa og Silleta\u00ed. \u00deeir voru foringjar \u00fe\u00fasund manna li\u00f0a sem komu fr\u00e1 Manasse <a name=\"22\"><span class=\"versanumer_2007\">22<\/span><\/a> og studdu Dav\u00ed\u00f0 gegn r\u00e1nsflokknum \u00fev\u00ed a\u00f0 \u00feeir voru allir miklir bardagamenn og ur\u00f0u foringjar \u00ed hernum. <a name=\"23\"><span class=\"versanumer_2007\">23<\/span><\/a> \u00c1 hverjum degi komu menn til Dav\u00ed\u00f0s til a\u00f0 sty\u00f0ja hann \u00feannig a\u00f0 herb\u00fa\u00f0ir hans ur\u00f0u mj\u00f6g fj\u00f6lmennar.<\/p>\n<h3 class=\"millifyrirsogn_2007\">Str\u00ed\u00f0smenn Dav\u00ed\u00f0s \u00ed Hebron<\/h3>\n<p><a name=\"24\"><span class=\"versanumer_2007\">24<\/span><\/a> \u00deetta er skr\u00e1 yfir \u00fe\u00e1 hermenn sem komu til Dav\u00ed\u00f0s \u00ed Hebron me\u00f0 alv\u00e6pni til \u00feess a\u00f0 fela honum konungd\u00f3m S\u00e1ls eftir bo\u00f0i Drottins:<br \/> <a name=\"25\"><span class=\"versanumer_2007\">25<\/span><\/a> Af \u00e6ttb\u00e1lki J\u00fada komu 6800 menn sem b\u00e1ru skildi og spj\u00f3t, allt menn me\u00f0 alv\u00e6pni, <a name=\"26\"><span class=\"versanumer_2007\">26<\/span><\/a> af \u00e6ttb\u00e1lki S\u00edmeons komu 7100 hraustir hermenn <a name=\"27\"><span class=\"versanumer_2007\">27<\/span><\/a> og af \u00e6ttb\u00e1lki Lev\u00ed 4600 menn. <a name=\"28\"><span class=\"versanumer_2007\">28<\/span><\/a> Auk \u00feess kom J\u00f3jada, h\u00f6f\u00f0ingi \u00e6ttar Arons, \u00e1samt <a name=\"29\"><span class=\"versanumer_2007\">29<\/span><\/a> 3700 m\u00f6nnum og Sad\u00f3k, ungur og hraustur str\u00ed\u00f0sma\u00f0ur, \u00e1samt 22 foringjum \u00far fj\u00f6lskyldu hans. <a name=\"30\"><span class=\"versanumer_2007\">30<\/span><\/a> Af \u00e6ttb\u00e1lki Benjam\u00edns, fr\u00e6ndum S\u00e1ls, komu 3000 en meirihluti \u00feeirra h\u00e9lt \u00fe\u00e1 enn tr\u00fana\u00f0i vi\u00f0 \u00e6tt S\u00e1ls. <a name=\"31\"><span class=\"versanumer_2007\">31<\/span><\/a> Af \u00e6ttb\u00e1lki Efra\u00edms komu 20.800 hraustir hermenn, mikils metnir \u00ed fj\u00f6lskyldum s\u00ednum, <a name=\"32\"><span class=\"versanumer_2007\">32<\/span><\/a> og af h\u00e1lfum \u00e6ttb\u00e1lki Manasse komu 18.000 menn sem h\u00f6f\u00f0u veri\u00f0 kalla\u00f0ir saman me\u00f0 nafnakalli til \u00feess a\u00f0 koma og taka Dav\u00ed\u00f0 til konungs. <a name=\"33\"><span class=\"versanumer_2007\">33<\/span><\/a> Af \u00f6llum \u00e6ttb\u00e1lki \u00cdssakars, sem kunni skil \u00e1 s\u00e9rhverri t\u00ed\u00f0 og vissi hva\u00f0 \u00cdsrael bar a\u00f0 gera, komu 200 foringjar \u00e1samt \u00f6llum \u00feeim \u00e6ttmennum s\u00ednum sem voru undir \u00feeirra stj\u00f3rn, <a name=\"34\"><span class=\"versanumer_2007\">34<\/span><\/a> af Seb\u00falon kom 50.000 manna her, fullb\u00fainn til orrustu og skipa\u00f0i s\u00e9r heils hugar \u00ed fylkinguna, <a name=\"35\"><span class=\"versanumer_2007\">35<\/span><\/a> af Naftal\u00ed komu \u00fe\u00fasund h\u00f6f\u00f0ingjar \u00e1samt 37.000 m\u00f6nnum vopnu\u00f0um skj\u00f6ldum og spj\u00f3tum, <a name=\"36\"><span class=\"versanumer_2007\">36<\/span><\/a> af Dan komu 28.600 menn alb\u00fanir til orrustu, <a name=\"37\"><span class=\"versanumer_2007\">37<\/span><\/a> af Asser kom 40.000 manna her, einnig b\u00fainn til bardaga, <a name=\"38\"><span class=\"versanumer_2007\">38<\/span><\/a> af \u00e6ttb\u00e1lkunum handan vi\u00f0 J\u00f3rdan, af \u00e6ttb\u00e1lkum R\u00fabens, Ga\u00f0s og h\u00e1lfum \u00e6ttb\u00e1lki Manasse, kom 120.000 manna her me\u00f0 alv\u00e6pni, b\u00fainn til bardaga. <br \/> <a name=\"39\"><span class=\"versanumer_2007\">39<\/span><\/a> Allir \u00feessir hermenn skipu\u00f0u s\u00e9r heils hugar \u00ed fylkinguna og komu til Hebron til a\u00f0 gera Dav\u00ed\u00f0 a\u00f0 konungi yfir \u00f6llum \u00cdsrael og a\u00f0rir \u00cdsraelsmenn voru einnig einhuga um a\u00f0 gera Dav\u00ed\u00f0 a\u00f0 konungi. <a name=\"40\"><span class=\"versanumer_2007\">40<\/span><\/a> \u00deeir dv\u00f6ldust n\u00fa \u00ferj\u00e1 daga hj\u00e1 Dav\u00ed\u00f0 og neyttu matar og drykkjar \u00fev\u00ed a\u00f0 \u00e6ttmenn \u00feeirra s\u00e1u \u00feeim fyrir vistum. <a name=\"41\"><span class=\"versanumer_2007\">41<\/span><\/a> Jafnvel n\u00e1grannar \u00feeirra, sem komu alla lei\u00f0 fr\u00e1 \u00cdssakar, Seb\u00falon og Naftal\u00ed, f\u00e6r\u00f0u \u00feeim mat \u00e1 \u00f6snum, \u00falf\u00f6ldum, m\u00fald\u00fdrum og nautum. \u00deeir f\u00e6r\u00f0u \u00feeim mj\u00f6l, f\u00edkjuk\u00f6kur og r\u00fas\u00ednuk\u00f6kur, v\u00edn, ol\u00edu og mikinn fj\u00f6lda nauta og fj\u00e1r \u00fev\u00ed a\u00f0 gle\u00f0i r\u00edkti \u00ed \u00cdsrael.<\/p>\n","protected":false},"excerpt":{"rendered":"<p>Stu\u00f0ningsmenn Dav\u00ed\u00f0s \u00ed Siklag 1 \u00deetta eru \u00feeir sem komu til Dav\u00ed\u00f0s \u00ed Siklag \u00feegar hann var enn \u00fatiloka\u00f0ur fr\u00e1 \u00fej\u00f3nustu vi\u00f0 S\u00e1l K\u00edsson. Voru \u00feeir me\u00f0al \u00feeirra kappa sem studdu hann \u00ed bard\u00f6gum. 2 \u00deeir voru vopna\u00f0ir bogum \u00ed h\u00e6gri hendi og g\u00e1tu kasta\u00f0 grj\u00f3ti og skoti\u00f0 \u00f6r af boga jafnt me\u00f0 h\u00e6gri hendi sem vinstri.Af \u00e6ttmennum S\u00e1ls komu eftirtaldir fr\u00e1 Benjam\u00edn: 3 Ah\u00edeser, h\u00f6f\u00f0ingi \u00feeirra, einnig J\u00f3as Semaasson fr\u00e1 G\u00edbeu, Jes\u00edel og Pelet Asmavetssynir, Beraka og Jeh\u00fa fr\u00e1 Anat\u00f3t, 4 Jismaja fr\u00e1 G\u00edbeon, einn hinna \u00ferj\u00e1t\u00edu kappa og foringi \u00feeirra, 5 Jerem\u00eda, Jehas\u00edel, J\u00f3hanan og J\u00f3sabad fr\u00e1 Gedera, <a href=\"https:\/\/biblian.is\/biblian\/fyrri-kronikubok-12-kafli\/\"> [&#8230;]<\/a><\/p>\n","protected":false},"author":1,"featured_media":0,"parent":0,"menu_order":0,"comment_status":"open","ping_status":"open","template":"bibliukaflar_NT.php","meta":{"footnotes":""},"class_list":["post-1967","page","type-page","status-publish","hentry"],"_links":{"self":[{"href":"https:\/\/biblian.is\/biblian\/wp-json\/wp\/v2\/pages\/1967","targetHints":{"allow":["GET"]}}],"collection":[{"href":"https:\/\/biblian.is\/biblian\/wp-json\/wp\/v2\/pages"}],"about":[{"href":"https:\/\/biblian.is\/biblian\/wp-json\/wp\/v2\/types\/page"}],"author":[{"embeddable":true,"href":"https:\/\/biblian.is\/biblian\/wp-json\/wp\/v2\/users\/1"}],"replies":[{"embeddable":true,"href":"https:\/\/biblian.is\/biblian\/wp-json\/wp\/v2\/comments?post=1967"}],"version-history":[{"count":0,"href":"https:\/\/biblian.is\/biblian\/wp-json\/wp\/v2\/pages\/1967\/revisions"}],"wp:attachment":[{"href":"https:\/\/biblian.is\/biblian\/wp-json\/wp\/v2\/media?parent=1967"}],"curies":[{"name":"wp","href":"https:\/\/api.w.org\/{rel}","templated":true}]}}