{"id":1966,"date":"2017-12-30T21:01:10","date_gmt":"2017-12-30T21:01:10","guid":{"rendered":"http:\/\/biblian.is\/biblian\/fyrri-kron%c2%92kub%c2%97k-11-kafli\/"},"modified":"2024-06-26T23:20:36","modified_gmt":"2024-06-26T23:20:36","slug":"fyrri-kronikubok-11-kafli","status":"publish","type":"page","link":"https:\/\/biblian.is\/biblian\/fyrri-kronikubok-11-kafli\/","title":{"rendered":"Fyrri kron\u00edkub\u00f3k 11. kafli"},"content":{"rendered":"<h3 class=\"millifyrirsogn_2007\"> Dav\u00ed\u00f0 konungur \u00ed Hebron<\/h3>\n<p><a name=\"1\"><span class=\"versanumer_2007\">1<\/span><\/a> Allur \u00cdsrael safna\u00f0ist n\u00fa saman hj\u00e1 Dav\u00ed\u00f0 \u00ed Hebron og sag\u00f0i: \u201eVi\u00f0 erum hold \u00feitt og bein. <a name=\"2\"><span class=\"versanumer_2007\">2<\/span><\/a> \u00c1\u00f0ur fyrr, \u00e1 me\u00f0an S\u00e1l var konungur, varst \u00fea\u00f0 alltaf \u00fe\u00fa sem leiddir \u00cdsrael \u00ed herna\u00f0 og heim aftur. Auk \u00feess hefur Drottinn, Gu\u00f0 \u00feinn, sagt vi\u00f0 \u00feig: \u00de\u00fa skalt vaka yfir \u00fej\u00f3\u00f0 minni, \u00cdsrael. \u00de\u00fa skalt ver\u00f0a \u00fej\u00f3\u00f0h\u00f6f\u00f0ingi \u00cdsraels.\u201c<br \/> <a name=\"3\"><span class=\"versanumer_2007\">3<\/span><\/a> \u00deegar allir \u00f6ldungar \u00cdsraels voru komnir til konungsins \u00ed Hebron ger\u00f0i Dav\u00ed\u00f0 konungur s\u00e1ttm\u00e1la vi\u00f0 \u00fe\u00e1 frammi fyrir augliti Drottins. \u00dev\u00ed n\u00e6st smur\u00f0u \u00feeir Dav\u00ed\u00f0 til konungs yfir \u00cdsrael samkv\u00e6mt \u00feeim bo\u00f0skap Drottins sem Sam\u00fael haf\u00f0i flutt.<\/p>\n<h3 class=\"millifyrirsogn_2007\">Dav\u00ed\u00f0 tekur Jer\u00fasalem<\/h3>\n<p><a name=\"4\"><span class=\"versanumer_2007\">4<\/span><\/a> Dav\u00ed\u00f0 h\u00e9lt n\u00fa \u00e1samt \u00f6llum \u00cdsrael til Jer\u00fasalem, \u00fea\u00f0 er a\u00f0 segja til Jeb\u00fas. \u00dear voru fyrir Jeb\u00fas\u00edtar sem \u00fe\u00e1 bjuggu \u00ed landinu. <a name=\"5\"><span class=\"versanumer_2007\">5<\/span><\/a> \u00deeir s\u00f6g\u00f0u vi\u00f0 Dav\u00ed\u00f0: \u201e\u00de\u00fa kemst ekki inn \u00ed borgina.\u201c Samt t\u00f3k Dav\u00ed\u00f0 klettavirki\u00f0 S\u00edon sem var\u00f0 borg Dav\u00ed\u00f0s.<br \/> <a name=\"6\"><span class=\"versanumer_2007\">6<\/span><\/a> \u00de\u00e1 sag\u00f0i Dav\u00ed\u00f0: \u201eS\u00e1 sem fyrstur sigrar Jeb\u00fas\u00edta skal ver\u00f0a foringi og hersh\u00f6f\u00f0ingi.\u201c J\u00f3ab Ser\u00fajuson f\u00f3r fyrstur upp og var\u00f0 hersh\u00f6f\u00f0ingi.<br \/> <a name=\"7\"><span class=\"versanumer_2007\">7<\/span><\/a> Dav\u00ed\u00f0 settist n\u00fa a\u00f0 \u00ed virkinu. \u00deess vegna var \u00fea\u00f0 nefnt borg Dav\u00ed\u00f0s. <a name=\"8\"><span class=\"versanumer_2007\">8<\/span><\/a> Hann l\u00e9t s\u00ed\u00f0an reisa v\u00edggir\u00f0ingu umhverfis virki\u00f0 fr\u00e1 Mill\u00f3 og allt \u00ed kring en J\u00f3ab l\u00e9t lagf\u00e6ra a\u00f0ra hluta borgarinnar.<br \/> <a name=\"9\"><span class=\"versanumer_2007\">9<\/span><\/a> Dav\u00ed\u00f0 var\u00f0 n\u00fa s\u00edfellt voldugri og Drottinn hersveitanna var me\u00f0 honum.<\/p>\n<h3 class=\"millifyrirsogn_2007\">Kappar Dav\u00ed\u00f0s<\/h3>\n<p><a name=\"10\"><span class=\"versanumer_2007\">10<\/span><\/a> \u00deetta eru helstu kappar Dav\u00ed\u00f0s. \u00deeir studdu konungd\u00f3m hans \u00e1samt \u00f6llum \u00cdsrael og ger\u00f0u hann a\u00f0 konungi yfir \u00cdsrael samkv\u00e6mt or\u00f0i Drottins. <a name=\"11\"><span class=\"versanumer_2007\">11<\/span><\/a> \u00deetta er skr\u00e1 yfir kappa Dav\u00ed\u00f0s: Jas\u00f3beam Hakm\u00f3n\u00edson var foringi hinna \u00feriggja. Hann sveifla\u00f0i spj\u00f3ti s\u00ednu yfir \u00ferj\u00fa hundru\u00f0 m\u00f6nnum og felldi \u00fe\u00e1. <a name=\"12\"><span class=\"versanumer_2007\">12<\/span><\/a> N\u00e6stur honum var Ah\u00f3h\u00edtinn Eleasar D\u00f3d\u00f3son. Hann var einn hinna \u00feriggja kappa. <a name=\"13\"><span class=\"versanumer_2007\">13<\/span><\/a> Hann var me\u00f0 Dav\u00ed\u00f0 \u00ed Pas Damm\u00edm \u00feegar Filistear s\u00f6fnu\u00f0ust \u00fear saman til bardaga. \u00dear var akurspilda alsprottin byggi. \u00deegar herinn haf\u00f0i fl\u00fai\u00f0 <a name=\"14\"><span class=\"versanumer_2007\">14<\/span><\/a> nam hann sta\u00f0ar \u00e1 mi\u00f0jum akrinum, var\u00f0i hann og hj\u00f3 Filisteana ni\u00f0ur. \u00deannig veitti Drottinn honum mikinn sigur.<br \/> <a name=\"15\"><span class=\"versanumer_2007\">15<\/span><\/a> Einhverju sinni \u00feegar herb\u00fa\u00f0ir Filistea voru \u00e1 Refa\u00edmsl\u00e9ttu f\u00f3ru \u00fer\u00edr af k\u00f6ppunum \u00ferj\u00e1t\u00edu ni\u00f0ur af klettinum til Dav\u00ed\u00f0s \u00ed Ad\u00fallamhelli. <a name=\"16\"><span class=\"versanumer_2007\">16<\/span><\/a> Dav\u00ed\u00f0 dvaldist \u00fe\u00e1 \u00ed fjallavirkinu en framvar\u00f0arsveit Filistea \u00ed Betlehem. <a name=\"17\"><span class=\"versanumer_2007\">17<\/span><\/a> \u00de\u00e1 \u00feyrsti Dav\u00ed\u00f0 mj\u00f6g og hann spur\u00f0i: \u201eHver vill s\u00e6kja m\u00e9r vatn \u00far brunninum vi\u00f0 borgarhli\u00f0i\u00f0 \u00ed Betlehem?\u201c <a name=\"18\"><span class=\"versanumer_2007\">18<\/span><\/a> \u00de\u00e1 brutust kapparnir \u00fer\u00edr inn \u00ed herb\u00fa\u00f0ir Filistea, jusu vatni \u00far brunninum vi\u00f0 borgarhli\u00f0i\u00f0 \u00ed Betlehem, t\u00f3ku \u00fea\u00f0 me\u00f0 s\u00e9r og f\u00e6r\u00f0u Dav\u00ed\u00f0. Hann vildi \u00fe\u00f3 ekki drekka vatni\u00f0 heldur dreypti \u00fev\u00ed \u00ed dreypif\u00f3rn handa Drottni <a name=\"19\"><span class=\"versanumer_2007\">19<\/span><\/a> og sag\u00f0i: \u201eGu\u00f0 minn for\u00f0i m\u00e9r fr\u00e1 a\u00f0 gera sl\u00edkt. \u00c1 \u00e9g a\u00f0 drekka bl\u00f3\u00f0 \u00feessara manna sem h\u00e6ttu l\u00edfi s\u00ednu til a\u00f0 s\u00e6kja vatni\u00f0?\u201c \u00deess vegna vildi hann ekki drekka \u00fea\u00f0. \u00deetta afrek unnu kapparnir \u00fer\u00edr.<br \/> <a name=\"20\"><span class=\"versanumer_2007\">20<\/span><\/a> Ab\u00edsa\u00ed, br\u00f3\u00f0ir J\u00f3abs, var foringi hinna \u00ferj\u00e1t\u00edu. Hann sveifla\u00f0i spj\u00f3ti s\u00ednu yfir \u00ferj\u00fa hundru\u00f0 m\u00f6nnum og felldi \u00fe\u00e1. Hann var virtur af k\u00f6ppunum \u00feremur. <a name=\"21\"><span class=\"versanumer_2007\">21<\/span><\/a> Hann var mikils metinn af hinum \u00ferj\u00e1t\u00edu og var\u00f0 foringi \u00feeirra en hann jafna\u00f0ist ekki \u00e1 vi\u00f0 kappana \u00ferj\u00e1.<br \/> <a name=\"22\"><span class=\"versanumer_2007\">22<\/span><\/a> Benaja J\u00f3jadason, sem var fr\u00e1 Kapseel, var hraustur ma\u00f0ur og vann m\u00f6rg afrek. Hann drap b\u00e1\u00f0a syni Ar\u00edels fr\u00e1 M\u00f3ab. Eitt sinn \u00feegar snj\u00f3a\u00f0i f\u00f3r hann ni\u00f0ur \u00ed gryfju og drap \u00fear lj\u00f3n. <a name=\"23\"><span class=\"versanumer_2007\">23<\/span><\/a> Hann felldi einnig risavaxinn Egypta sem var fimm \u00e1lnir \u00e1 h\u00e6\u00f0. Egyptinn haf\u00f0i spj\u00f3t \u00ed hendi, digurt sem vefjarrif. En Benaja r\u00e9\u00f0st \u00e1 hann me\u00f0 staf, reif spj\u00f3ti\u00f0 \u00far hendi Egyptans og drap hann me\u00f0 hans eigin spj\u00f3ti. <a name=\"24\"><span class=\"versanumer_2007\">24<\/span><\/a> Sl\u00edk afrek vann Benaja J\u00f3jadason og var virtur af k\u00f6ppunum \u00feremur. <a name=\"25\"><span class=\"versanumer_2007\">25<\/span><\/a> Hann var mikils metinn af hinum \u00ferj\u00e1t\u00edu en hann jafna\u00f0ist ekki \u00e1 vi\u00f0 kappana \u00ferj\u00e1. Dav\u00ed\u00f0 setti hann yfir l\u00edfv\u00f6r\u00f0 sinn.<br \/> <a name=\"26\"><span class=\"versanumer_2007\">26<\/span><\/a> Hraustar str\u00ed\u00f0shetjur voru: Asahel, br\u00f3\u00f0ir J\u00f3abs, Elhanan D\u00f3d\u00f3son fr\u00e1 Betlehem, <a name=\"27\"><span class=\"versanumer_2007\">27<\/span><\/a> Samm\u00f3t fr\u00e1 Har\u00f3r, Heles fr\u00e1 Palon, <a name=\"28\"><span class=\"versanumer_2007\">28<\/span><\/a> \u00cdra \u00cdkkesson fr\u00e1 Tek\u00f3a, Ab\u00edeser fr\u00e1 Anat\u00f3t, <a name=\"29\"><span class=\"versanumer_2007\">29<\/span><\/a> Sibbeka\u00ed fr\u00e1 H\u00fasa, \u00cdla\u00ed fr\u00e1 Ah\u00f3, <a name=\"30\"><span class=\"versanumer_2007\">30<\/span><\/a> Mahar\u00ed fr\u00e1 Net\u00f3fa, Heled Baanason fr\u00e1 Net\u00f3fa, <a name=\"31\"><span class=\"versanumer_2007\">31<\/span><\/a> \u00cdtta\u00ed R\u00edba\u00edson fr\u00e1 G\u00edbeu \u00ed Benjam\u00edn, Benaja fr\u00e1 P\u00edraton, <a name=\"32\"><span class=\"versanumer_2007\">32<\/span><\/a> H\u00fara\u00ed fr\u00e1 Nahale Gaas, Ab\u00edel fr\u00e1 Araba, <a name=\"33\"><span class=\"versanumer_2007\">33<\/span><\/a> Asmavet fr\u00e1 Bah\u00far\u00edm, Eljahba fr\u00e1 Saalb\u00f3n, <a name=\"34\"><span class=\"versanumer_2007\">34<\/span><\/a> Hasem fr\u00e1 G\u00edson, J\u00f3natan Sageson fr\u00e1 Harar, <a name=\"35\"><span class=\"versanumer_2007\">35<\/span><\/a> Ah\u00edam Sakarsson fr\u00e1 Harar, El\u00edfal \u00darsson, <a name=\"36\"><span class=\"versanumer_2007\">36<\/span><\/a> Hefer fr\u00e1 Mekera, Ah\u00eda fr\u00e1 Palon, <a name=\"37\"><span class=\"versanumer_2007\">37<\/span><\/a> Hesr\u00f3 fr\u00e1 Karmel, Naara\u00ed Esba\u00edson, <a name=\"38\"><span class=\"versanumer_2007\">38<\/span><\/a> J\u00f3el, br\u00f3\u00f0ir Natans, M\u00edbhar Hagr\u00edson, <a name=\"39\"><span class=\"versanumer_2007\">39<\/span><\/a> Selek Amm\u00f3n\u00edti, Nahra\u00ed Beer\u00f3t\u00edti, skjaldsveinn J\u00f3abs Ser\u00fajusonar, <a name=\"40\"><span class=\"versanumer_2007\">40<\/span><\/a> \u00cdra fr\u00e1 Jatt\u00edr, Gareb fr\u00e1 Jatt\u00edr, <a name=\"41\"><span class=\"versanumer_2007\">41<\/span><\/a> \u00dar\u00eda Het\u00edti, Sabad Ahla\u00edson, <a name=\"42\"><span class=\"versanumer_2007\">42<\/span><\/a> Ad\u00edna S\u00edsason, af \u00e6ttb\u00e1lki R\u00fabens, h\u00f6f\u00f0ingi R\u00fabensni\u00f0ja og foringi \u00ferj\u00e1t\u00edu manna li\u00f0s, <a name=\"43\"><span class=\"versanumer_2007\">43<\/span><\/a> Hanan Maakason og J\u00f3safat fr\u00e1 Meten, <a name=\"44\"><span class=\"versanumer_2007\">44<\/span><\/a> \u00dass\u00eda fr\u00e1 Astera, Sama og Je\u00edel H\u00f3tamssynir fr\u00e1 Ar\u00f3er, <a name=\"45\"><span class=\"versanumer_2007\">45<\/span><\/a> Jed\u00edael Simr\u00edson og J\u00f3ha, br\u00f3\u00f0ir hans, fr\u00e1 T\u00eds, <a name=\"46\"><span class=\"versanumer_2007\">46<\/span><\/a> El\u00edel fr\u00e1 Mahana\u00edm og Jer\u00edba\u00ed og J\u00f3savja Elnaamssynir og J\u00edtma M\u00f3ab\u00edti, <a name=\"47\"><span class=\"versanumer_2007\">47<\/span><\/a> El\u00edel og \u00d3be\u00f0 og Jaas\u00edel fr\u00e1 Mes\u00f3baja.<\/p>\n","protected":false},"excerpt":{"rendered":"<p>Dav\u00ed\u00f0 konungur \u00ed Hebron 1 Allur \u00cdsrael safna\u00f0ist n\u00fa saman hj\u00e1 Dav\u00ed\u00f0 \u00ed Hebron og sag\u00f0i: \u201eVi\u00f0 erum hold \u00feitt og bein. 2 \u00c1\u00f0ur fyrr, \u00e1 me\u00f0an S\u00e1l var konungur, varst \u00fea\u00f0 alltaf \u00fe\u00fa sem leiddir \u00cdsrael \u00ed herna\u00f0 og heim aftur. Auk \u00feess hefur Drottinn, Gu\u00f0 \u00feinn, sagt vi\u00f0 \u00feig: \u00de\u00fa skalt vaka yfir \u00fej\u00f3\u00f0 minni, \u00cdsrael. \u00de\u00fa skalt ver\u00f0a \u00fej\u00f3\u00f0h\u00f6f\u00f0ingi \u00cdsraels.\u201c 3 \u00deegar allir \u00f6ldungar \u00cdsraels voru komnir til konungsins \u00ed Hebron ger\u00f0i Dav\u00ed\u00f0 konungur s\u00e1ttm\u00e1la vi\u00f0 \u00fe\u00e1 frammi fyrir augliti Drottins. \u00dev\u00ed n\u00e6st smur\u00f0u \u00feeir Dav\u00ed\u00f0 til konungs yfir \u00cdsrael samkv\u00e6mt \u00feeim bo\u00f0skap Drottins sem Sam\u00fael haf\u00f0i <a href=\"https:\/\/biblian.is\/biblian\/fyrri-kronikubok-11-kafli\/\"> [&#8230;]<\/a><\/p>\n","protected":false},"author":1,"featured_media":0,"parent":0,"menu_order":0,"comment_status":"open","ping_status":"open","template":"bibliukaflar_NT.php","meta":{"footnotes":""},"class_list":["post-1966","page","type-page","status-publish","hentry"],"_links":{"self":[{"href":"https:\/\/biblian.is\/biblian\/wp-json\/wp\/v2\/pages\/1966","targetHints":{"allow":["GET"]}}],"collection":[{"href":"https:\/\/biblian.is\/biblian\/wp-json\/wp\/v2\/pages"}],"about":[{"href":"https:\/\/biblian.is\/biblian\/wp-json\/wp\/v2\/types\/page"}],"author":[{"embeddable":true,"href":"https:\/\/biblian.is\/biblian\/wp-json\/wp\/v2\/users\/1"}],"replies":[{"embeddable":true,"href":"https:\/\/biblian.is\/biblian\/wp-json\/wp\/v2\/comments?post=1966"}],"version-history":[{"count":0,"href":"https:\/\/biblian.is\/biblian\/wp-json\/wp\/v2\/pages\/1966\/revisions"}],"wp:attachment":[{"href":"https:\/\/biblian.is\/biblian\/wp-json\/wp\/v2\/media?parent=1966"}],"curies":[{"name":"wp","href":"https:\/\/api.w.org\/{rel}","templated":true}]}}