{"id":1964,"date":"2017-12-30T21:01:10","date_gmt":"2017-12-30T21:01:10","guid":{"rendered":"http:\/\/biblian.is\/biblian\/fyrri-kron%c2%92kub%c2%97k-9-kafli\/"},"modified":"2024-06-26T23:20:41","modified_gmt":"2024-06-26T23:20:41","slug":"fyrri-kronikubok-9-kafli","status":"publish","type":"page","link":"https:\/\/biblian.is\/biblian\/fyrri-kronikubok-9-kafli\/","title":{"rendered":"Fyrri kron\u00edkub\u00f3k 9. kafli"},"content":{"rendered":"<p><a name=\"1\"><span class=\"versanumer_2007\">1a<\/span><\/a> \u00deannig voru allir \u00cdsraelsmenn skr\u00e1\u00f0ir \u00ed \u00e6ttart\u00f6lur. \u00deeir voru skr\u00e1\u00f0ir \u00ed b\u00f3k \u00cdsraelskonunga.<\/p>\n<h3 class=\"millifyrirsogn_2007\">\u00cdb\u00faar \u00ed Jer\u00fasalem eftir \u00fatleg\u00f0ina<\/h3>\n<p><a name=\"1b\"><span class=\"versanumer_2007\">1b<\/span><\/a> J\u00fadamenn voru fluttir \u00ed \u00fatleg\u00f0 til Babel vegna svika \u00feeirra. <a name=\"2\"><span class=\"versanumer_2007\">2<\/span><\/a> \u00deeir fyrstu, sem settust a\u00f0 \u00ed landi \u00feeirra og borgum, voru \u00cdsraelsmenn, prestar, Lev\u00edtar og musteris\u00fej\u00f3nar. <a name=\"3\"><span class=\"versanumer_2007\">3<\/span><\/a> Og \u00ed Jer\u00fasalem bjuggu eftirtaldir af ni\u00f0jum J\u00fada og Benjam\u00edns og Efra\u00edms og Manasse:<br \/> <a name=\"4\"><span class=\"versanumer_2007\">4<\/span><\/a> \u00data\u00ed Amm\u00edh\u00fadsson, Omr\u00edsonar, Imr\u00edsonar, Ban\u00edsonar. Hann var afkomandi Peresar J\u00fadasonar. <a name=\"5\"><span class=\"versanumer_2007\">5<\/span><\/a> Og af S\u00edlon\u00edtum: frumbur\u00f0urinn Asaja og synir hans. <a name=\"6\"><span class=\"versanumer_2007\">6<\/span><\/a> Og af ni\u00f0jum Sera: Jeg\u00fael. Og br\u00e6\u00f0ur \u00feeirra voru sex hundru\u00f0 og n\u00edut\u00edu.<br \/> <a name=\"7\"><span class=\"versanumer_2007\">7<\/span><\/a> Og af ni\u00f0jum Benjam\u00edns: Sall\u00fam Mes\u00fallamsson, H\u00f3davjasonar, Sem\u00edasonar. <a name=\"8\"><span class=\"versanumer_2007\">8<\/span><\/a> Og J\u00edbneja Jer\u00f3hamsson og Ela \u00dass\u00edson, M\u00edkr\u00edsonar og Mes\u00fallam Sefatjason, Reg\u00faelssonar, J\u00edbnejasonar. <a name=\"9\"><span class=\"versanumer_2007\">9<\/span><\/a> Og br\u00e6\u00f0ur \u00feeirra eftir \u00e6ttart\u00f6lum \u00feeirra voru n\u00edu hundru\u00f0 fimmt\u00edu og sex. \u00deeir voru allir \u00e6ttarh\u00f6f\u00f0ingjar.<br \/> <a name=\"10\"><span class=\"versanumer_2007\">10<\/span><\/a> Og af prestunum: Jedaja og J\u00f3jar\u00edb og Jak\u00edn <a name=\"11\"><span class=\"versanumer_2007\">11<\/span><\/a> og Asarja Hilk\u00edason, Mes\u00fallamssonar, Sad\u00f3kssonar, Meraj\u00f3tssonar, Ah\u00edt\u00fabssonar, h\u00f6f\u00f0ingja yfir h\u00fasi Gu\u00f0s. <a name=\"12\"><span class=\"versanumer_2007\">12<\/span><\/a> Og Adaja Jer\u00f3hamsson, Pash\u00farssonar, Malk\u00edasonar, og Maes\u00ed Ad\u00edelsson, Jahserasonar, Mes\u00fallamssonar, Mesillem\u00edtssonar, Immerssonar. <a name=\"13\"><span class=\"versanumer_2007\">13<\/span><\/a> Og br\u00e6\u00f0ur \u00feeirra, \u00e6ttarh\u00f6f\u00f0ingjar, voru sautj\u00e1n hundru\u00f0 og sext\u00edu talsins. \u00deeir voru mj\u00f6g h\u00e6fir menn til a\u00f0 gegna \u00fej\u00f3nustu \u00ed h\u00fasi Gu\u00f0s.<br \/> <a name=\"14\"><span class=\"versanumer_2007\">14<\/span><\/a> Og af Lev\u00edtunum: Semaja Hass\u00fabsson, Asr\u00edkamssonar, Hasabjasonar af ni\u00f0jum Merar\u00ed. <a name=\"15\"><span class=\"versanumer_2007\">15<\/span><\/a> Og Bakbakkar, Heres og Galal og Mattanja M\u00edkason, S\u00edkr\u00edsonar, Asafssonar <a name=\"16\"><span class=\"versanumer_2007\">16<\/span><\/a> og \u00d3bad\u00eda Semajason, Galalssonar, Jed\u00fat\u00fanssonar og Berek\u00eda Asason, Elkanasonar sem bj\u00f3 \u00ed \u00feorpum Net\u00f3fat\u00edta.<br \/> <a name=\"17\"><span class=\"versanumer_2007\">17<\/span><\/a> Og hli\u00f0ver\u00f0irnir voru Sall\u00fam og Akk\u00fab og Talmon og Ah\u00edman og br\u00e6\u00f0ur \u00feeirra. Var Sall\u00fam, br\u00f3\u00f0ir \u00feeirra, \u00e6\u00f0stur <a name=\"18\"><span class=\"versanumer_2007\">18<\/span><\/a> og g\u00e6tir enn konungshli\u00f0sins gegnt austri. \u00deetta voru hli\u00f0ver\u00f0irnir \u00ed b\u00fa\u00f0um Lev\u00edta.<br \/> <a name=\"19\"><span class=\"versanumer_2007\">19<\/span><\/a> Og Sall\u00fam K\u00f3reson, Ebjasafssonar, K\u00f3rasonar og br\u00e6\u00f0ur hans, af \u00e6ttkv\u00edsl hans, K\u00f3ra\u00edtar, voru \u00fer\u00f6skuldsver\u00f0ir \u00ed tjaldinu. Fe\u00f0ur \u00feeirra h\u00f6f\u00f0u g\u00e6tt dyranna \u00ed herb\u00fa\u00f0um Drottins. <a name=\"20\"><span class=\"versanumer_2007\">20<\/span><\/a> Og P\u00ednehas Eleasarsson var \u00e1\u00f0ur yfirma\u00f0ur \u00feeirra, Drottinn s\u00e9 me\u00f0 honum. <a name=\"21\"><span class=\"versanumer_2007\">21<\/span><\/a> Og Sakar\u00eda Meselemjason g\u00e6tti dyra samfundatjaldsins. <br \/> <a name=\"22\"><span class=\"versanumer_2007\">22<\/span><\/a> Alls voru \u00feeir sem valdir h\u00f6f\u00f0u veri\u00f0 til a\u00f0 vera hli\u00f0ver\u00f0ir vi\u00f0 \u00fer\u00f6skuldana tv\u00f6 hundru\u00f0 og t\u00f3lf. \u00deeir h\u00f6f\u00f0u l\u00e1ti\u00f0 skr\u00e1 sig \u00ed \u00e6ttart\u00f6lur \u00ed \u00feorpum s\u00ednum. Dav\u00ed\u00f0 og sj\u00e1andinn Sam\u00fael h\u00f6f\u00f0u sett \u00fe\u00e1 \u00ed emb\u00e6tti vegna \u00feess a\u00f0 \u00feeim var treystandi. <a name=\"23\"><span class=\"versanumer_2007\">23<\/span><\/a> \u00deeir og synir \u00feeirra g\u00e6ttu hli\u00f0anna a\u00f0 h\u00fasi Drottins, a\u00f0 h\u00fasi tjaldb\u00fa\u00f0arinnar. <a name=\"24\"><span class=\"versanumer_2007\">24<\/span><\/a> Hli\u00f0ver\u00f0irnir sneru \u00ed \u00e1tt a\u00f0 heimshornunum fj\u00f3rum: austri, vestri, nor\u00f0ri og su\u00f0ri. <a name=\"25\"><span class=\"versanumer_2007\">25<\/span><\/a> Br\u00e6\u00f0ur \u00feeirra, sem bjuggu \u00ed \u00feorpum s\u00ednum, \u00e1ttu a\u00f0 koma vi\u00f0 og vi\u00f0 og gegna \u00fej\u00f3nustunni me\u00f0 \u00feeim, sj\u00f6 daga \u00ed senn, <a name=\"26\"><span class=\"versanumer_2007\">26<\/span><\/a> \u00fear sem a\u00f0eins fj\u00f3rir \u00e6\u00f0stu hli\u00f0ver\u00f0irnir h\u00f6f\u00f0u fast starf \u00e1 hendi. \u00deeir voru Lev\u00edtar.<br \/>\u00deeir h\u00f6f\u00f0u og umsj\u00f3n me\u00f0 herbergjum og fj\u00e1rhirslum \u00ed h\u00fasi Gu\u00f0s. <a name=\"27\"><span class=\"versanumer_2007\">27<\/span><\/a> Um n\u00e6tur h\u00e9ldu \u00feeir til vi\u00f0 h\u00fas Gu\u00f0s \u00fev\u00ed a\u00f0 \u00feeim var falin g\u00e6sla og h\u00f6f\u00f0u lykil til a\u00f0 lj\u00faka upp \u00e1 hverjum morgni.<br \/> <a name=\"28\"><span class=\"versanumer_2007\">28<\/span><\/a> Nokkrir \u00feeirra \u00e1ttu a\u00f0 sj\u00e1 um \u00fej\u00f3nustu\u00e1h\u00f6ldin og telja \u00feau er \u00feeir b\u00e1ru \u00feau \u00fat og inn. <a name=\"29\"><span class=\"versanumer_2007\">29<\/span><\/a> Nokkrir skyldu sj\u00e1 um \u00e1h\u00f6ldin, \u00f6ll hin helgu \u00e1h\u00f6ld, hveitimj\u00f6li\u00f0, v\u00edni\u00f0 og ol\u00eduna, reykelsi\u00f0 og kryddjurtirnar. <a name=\"30\"><span class=\"versanumer_2007\">30<\/span><\/a> Nokkrir af sonum prestanna \u00e1ttu a\u00f0 gera smyrsl \u00far kryddjurtunum. <a name=\"31\"><span class=\"versanumer_2007\">31<\/span><\/a> En Mattitja, einum af Lev\u00edtunum, frumbur\u00f0i Sall\u00fams K\u00f3ra\u00edta, var falinn p\u00f6nnubaksturinn. <a name=\"32\"><span class=\"versanumer_2007\">32<\/span><\/a> Nokkrir af Kahat\u00edtum, br\u00e6\u00f0rum \u00feeirra, \u00e1ttu a\u00f0 sj\u00e1 um sko\u00f0unarbrau\u00f0in og leggja \u00feau fram \u00e1 hverjum hv\u00edldardegi. <br \/> <a name=\"33\"><span class=\"versanumer_2007\">33<\/span><\/a> S\u00f6ngvararnir, \u00e6ttarh\u00f6f\u00f0ingjar Lev\u00edta, b\u00faa \u00ed herbergjunum, lausir vi\u00f0 \u00f6nnur st\u00f6rf \u00fev\u00ed a\u00f0 \u00feeir hafa starfs a\u00f0 g\u00e6ta dag og n\u00f3tt. <a name=\"34\"><span class=\"versanumer_2007\">34<\/span><\/a> \u00deetta voru \u00e6ttarh\u00f6f\u00f0ingjar Lev\u00edta og h\u00f6f\u00f0ingjar \u00e6tta \u00feeirra. \u00deeir bjuggu \u00ed Jer\u00fasalem. <\/p>\n<h3 class=\"millifyrirsogn_2007\">\u00c6tt S\u00e1ls konungs<\/h3>\n<p><a name=\"35\"><span class=\"versanumer_2007\">35<\/span><\/a> Fa\u00f0ir G\u00edbeons, Je\u00edel, bj\u00f3 \u00ed G\u00edbeon. Kona hans h\u00e9t Maaka <a name=\"36\"><span class=\"versanumer_2007\">36<\/span><\/a> og frumgetinn sonur hans var Abd\u00f3n, \u00fe\u00e1 S\u00far og K\u00eds og Baal og Ner og Nadab <a name=\"37\"><span class=\"versanumer_2007\">37<\/span><\/a> og Ged\u00f3r og Ahj\u00f3 og Sakar\u00eda og Mikl\u00f3t. <a name=\"38\"><span class=\"versanumer_2007\">38<\/span><\/a> Og Mikl\u00f3t gat S\u00edmeam. \u00deeir settust einnig a\u00f0 \u00ed Jer\u00fasalem eins og br\u00e6\u00f0ur \u00feeirra og bjuggu hj\u00e1 \u00feeim.<br \/> <a name=\"39\"><span class=\"versanumer_2007\">39<\/span><\/a> Og Ner gat K\u00eds og K\u00eds gat S\u00e1l og S\u00e1l gat J\u00f3natan og Malk\u00eds\u00faa og Ab\u00ednadab og Esbaal. <a name=\"40\"><span class=\"versanumer_2007\">40<\/span><\/a> Og sonur J\u00f3natans var Mer\u00edbaal og Mer\u00edbaal gat M\u00edka. <a name=\"41\"><span class=\"versanumer_2007\">41<\/span><\/a> Og synir M\u00edka voru P\u00edton og Melek og Tahrea og Akas. <a name=\"42\"><span class=\"versanumer_2007\">42<\/span><\/a> Og Akas gat Jaera og Jaera gat Alemet og Asmavet og Simr\u00ed. Og Simr\u00ed gat M\u00f3sa <a name=\"43\"><span class=\"versanumer_2007\">43<\/span><\/a> og M\u00f3sa gat B\u00ednea. Sonur hans var Refaja og sonur hans Elasa og sonur hans Asel. <a name=\"44\"><span class=\"versanumer_2007\">44<\/span><\/a> Og Asel \u00e1tti sex syni og h\u00e9tu \u00feeir: Asr\u00edkam og Bokr\u00fa og \u00cdsmael og Searja og \u00d3bad\u00eda og Hanan. \u00deetta voru synir Asels. <\/p>\n","protected":false},"excerpt":{"rendered":"<p>1a \u00deannig voru allir \u00cdsraelsmenn skr\u00e1\u00f0ir \u00ed \u00e6ttart\u00f6lur. \u00deeir voru skr\u00e1\u00f0ir \u00ed b\u00f3k \u00cdsraelskonunga. \u00cdb\u00faar \u00ed Jer\u00fasalem eftir \u00fatleg\u00f0ina 1b J\u00fadamenn voru fluttir \u00ed \u00fatleg\u00f0 til Babel vegna svika \u00feeirra. 2 \u00deeir fyrstu, sem settust a\u00f0 \u00ed landi \u00feeirra og borgum, voru \u00cdsraelsmenn, prestar, Lev\u00edtar og musteris\u00fej\u00f3nar. 3 Og \u00ed Jer\u00fasalem bjuggu eftirtaldir af ni\u00f0jum J\u00fada og Benjam\u00edns og Efra\u00edms og Manasse: 4 \u00data\u00ed Amm\u00edh\u00fadsson, Omr\u00edsonar, Imr\u00edsonar, Ban\u00edsonar. Hann var afkomandi Peresar J\u00fadasonar. 5 Og af S\u00edlon\u00edtum: frumbur\u00f0urinn Asaja og synir hans. 6 Og af ni\u00f0jum Sera: Jeg\u00fael. Og br\u00e6\u00f0ur \u00feeirra voru sex hundru\u00f0 og n\u00edut\u00edu. 7 Og af ni\u00f0jum <a href=\"https:\/\/biblian.is\/biblian\/fyrri-kronikubok-9-kafli\/\"> [&#8230;]<\/a><\/p>\n","protected":false},"author":1,"featured_media":0,"parent":0,"menu_order":0,"comment_status":"open","ping_status":"open","template":"bibliukaflar_NT.php","meta":{"footnotes":""},"class_list":["post-1964","page","type-page","status-publish","hentry"],"_links":{"self":[{"href":"https:\/\/biblian.is\/biblian\/wp-json\/wp\/v2\/pages\/1964","targetHints":{"allow":["GET"]}}],"collection":[{"href":"https:\/\/biblian.is\/biblian\/wp-json\/wp\/v2\/pages"}],"about":[{"href":"https:\/\/biblian.is\/biblian\/wp-json\/wp\/v2\/types\/page"}],"author":[{"embeddable":true,"href":"https:\/\/biblian.is\/biblian\/wp-json\/wp\/v2\/users\/1"}],"replies":[{"embeddable":true,"href":"https:\/\/biblian.is\/biblian\/wp-json\/wp\/v2\/comments?post=1964"}],"version-history":[{"count":0,"href":"https:\/\/biblian.is\/biblian\/wp-json\/wp\/v2\/pages\/1964\/revisions"}],"wp:attachment":[{"href":"https:\/\/biblian.is\/biblian\/wp-json\/wp\/v2\/media?parent=1964"}],"curies":[{"name":"wp","href":"https:\/\/api.w.org\/{rel}","templated":true}]}}