{"id":1963,"date":"2017-12-30T21:01:10","date_gmt":"2017-12-30T21:01:10","guid":{"rendered":"http:\/\/biblian.is\/biblian\/fyrri-kron%c2%92kub%c2%97k-8-kafli\/"},"modified":"2024-06-26T23:20:41","modified_gmt":"2024-06-26T23:20:41","slug":"fyrri-kronikubok-8-kafli","status":"publish","type":"page","link":"https:\/\/biblian.is\/biblian\/fyrri-kronikubok-8-kafli\/","title":{"rendered":"Fyrri kron\u00edkub\u00f3k 8. kafli"},"content":{"rendered":"<h3 class=\"millifyrirsogn_2007\"> Anna\u00f0 ni\u00f0jatal Benjam\u00edns<\/h3>\n<p><a name=\"1\"><span class=\"versanumer_2007\">1<\/span><\/a> Og Benjam\u00edn gat Bela, frumbur\u00f0 sinn, Asbel var annar, \u00feri\u00f0ji Ahra, <a name=\"2\"><span class=\"versanumer_2007\">2<\/span><\/a> fj\u00f3r\u00f0i N\u00f3ha og fimmti Rafa. <a name=\"3\"><span class=\"versanumer_2007\">3<\/span><\/a> Og Bela \u00e1tti syni: Addar og Gera, f\u00f6\u00f0ur Eh\u00fa\u00f0s, <a name=\"4\"><span class=\"versanumer_2007\">4<\/span><\/a> og Ab\u00eds\u00faa og Naaman og Ah\u00f3a <a name=\"5\"><span class=\"versanumer_2007\">5<\/span><\/a> og Gera og Sef\u00fafan og H\u00faram. <a name=\"6\"><span class=\"versanumer_2007\">6<\/span><\/a> \u00deetta voru synir Eh\u00fa\u00f0s. \u00deeir voru h\u00f6f\u00f0ingjar yfir \u00e6ttkv\u00edslum \u00edb\u00faanna \u00ed Geba og \u00feeir voru fluttir \u00ed \u00fatleg\u00f0 til Manahat. <a name=\"7\"><span class=\"versanumer_2007\">7<\/span><\/a> En Naaman og Ah\u00eda voru fluttir \u00ed \u00fatleg\u00f0 af Gera. Og Gera gat \u00dassa og Ah\u00edh\u00fa\u00f0.<br \/> <a name=\"8\"><span class=\"versanumer_2007\">8<\/span><\/a> Sahara\u00edm gat syni \u00e1 M\u00f3absv\u00f6llum eftir a\u00f0 hann haf\u00f0i skili\u00f0 vi\u00f0 konur s\u00ednar, H\u00fas\u00edm og Ba\u00f6ru. <a name=\"9\"><span class=\"versanumer_2007\">9<\/span><\/a> Vi\u00f0 konu sinni, H\u00f3des, gat hann J\u00f3bab og S\u00edbja og Mesa og Malkam <a name=\"10\"><span class=\"versanumer_2007\">10<\/span><\/a> og Je\u00fas og Sokja og Mirma. \u00deetta voru synir hans, \u00e6ttarh\u00f6f\u00f0ingjar. <a name=\"11\"><span class=\"versanumer_2007\">11<\/span><\/a> Og vi\u00f0 H\u00fas\u00edm gat hann Ab\u00edt\u00fab og Elpaal. <a name=\"12\"><span class=\"versanumer_2007\">12<\/span><\/a> Og synir Elpaals voru Eber og M\u00edseam og Semer. Hann bygg\u00f0i \u00d3n\u00f3 og L\u00f3d \u00e1samt d\u00f3tturborgum \u00feeirra. <br \/> <a name=\"13\"><span class=\"versanumer_2007\">13<\/span><\/a> Og Ber\u00eda og Sema voru h\u00f6f\u00f0ingjar yfir \u00e6ttkv\u00edslum \u00edb\u00faanna \u00ed Ajalon. \u00deeir hr\u00f6ktu \u00edb\u00faana \u00ed Gat \u00ed burtu. <a name=\"14\"><span class=\"versanumer_2007\">14<\/span><\/a> Og br\u00e6\u00f0ur \u00feeirra voru Elpaal og Sasak og Jerem\u00f3t. <a name=\"15\"><span class=\"versanumer_2007\">15<\/span><\/a> Sebadja og Arad og Eder <a name=\"16\"><span class=\"versanumer_2007\">16<\/span><\/a> og M\u00edkael og Jispa og J\u00f3ha voru synir Ber\u00eda. <a name=\"17\"><span class=\"versanumer_2007\">17<\/span><\/a> Og Sebadja og Mes\u00fallam og Hisk\u00ed og Heber <a name=\"18\"><span class=\"versanumer_2007\">18<\/span><\/a> og J\u00edsmera\u00ed og J\u00edsl\u00eda og J\u00f3bab voru synir Elpaals. <a name=\"19\"><span class=\"versanumer_2007\">19<\/span><\/a> Og Jak\u00edm og Sikr\u00ed og Sabd\u00ed <a name=\"20\"><span class=\"versanumer_2007\">20<\/span><\/a> og El\u00edena\u00ed og Silleta\u00ed og El\u00edel <a name=\"21\"><span class=\"versanumer_2007\">21<\/span><\/a> og Adaja og Beraja og Simrat voru synir S\u00edme\u00ed. <a name=\"22\"><span class=\"versanumer_2007\">22<\/span><\/a> Og J\u00edspan og Eber og El\u00edel <a name=\"23\"><span class=\"versanumer_2007\">23<\/span><\/a> og Abd\u00f3n og S\u00edkr\u00ed og Hanan <a name=\"24\"><span class=\"versanumer_2007\">24<\/span><\/a> og Hananja og Elam og Ant\u00f3t\u00eda <a name=\"25\"><span class=\"versanumer_2007\">25<\/span><\/a> og J\u00edfdeja og Pen\u00fael voru synir Sasaks. <a name=\"26\"><span class=\"versanumer_2007\">26<\/span><\/a> Og Samsera\u00ed og Seharja og Atalja <a name=\"27\"><span class=\"versanumer_2007\">27<\/span><\/a> og Jaaresja og El\u00eda og S\u00edkr\u00ed voru synir Jer\u00f3hams. <a name=\"28\"><span class=\"versanumer_2007\">28<\/span><\/a> \u00deessir menn voru \u00e6ttarh\u00f6f\u00f0ingjar og h\u00f6f\u00f0ingjar \u00ed \u00e6ttum s\u00ednum samkv\u00e6mt \u00e6ttart\u00f6lum. \u00deeir bjuggu \u00ed Jer\u00fasalem. <br \/> <a name=\"29\"><span class=\"versanumer_2007\">29<\/span><\/a> Fa\u00f0ir G\u00edbeons, Jeg\u00fael, bj\u00f3 \u00ed G\u00edbeon. Kona hans h\u00e9t Maaka. <a name=\"30\"><span class=\"versanumer_2007\">30<\/span><\/a> Frumgetinn sonur hans var Abd\u00f3n, \u00fe\u00e1 S\u00far og K\u00eds og Baal og Ner og Nadab <a name=\"31\"><span class=\"versanumer_2007\">31<\/span><\/a> og Ged\u00f3r og Ahj\u00f3 og Seker. <a name=\"32\"><span class=\"versanumer_2007\">32<\/span><\/a> Og M\u00edkl\u00f3t gat S\u00edmea. \u00deeir settust einnig a\u00f0 \u00ed Jer\u00fasalem eins og br\u00e6\u00f0ur \u00feeirra og bjuggu hj\u00e1 br\u00e6\u00f0rum s\u00ednum. <br \/> <a name=\"33\"><span class=\"versanumer_2007\">33<\/span><\/a> Og Ner gat K\u00eds og K\u00eds gat S\u00e1l og S\u00e1l gat J\u00f3natan og Malk\u00eds\u00faa og Ab\u00ednadab og Esbaal. <a name=\"34\"><span class=\"versanumer_2007\">34<\/span><\/a> Og sonur J\u00f3natans var Mer\u00edbaal og Mer\u00edbaal gat M\u00edka. <a name=\"35\"><span class=\"versanumer_2007\">35<\/span><\/a> Og synir M\u00edka voru P\u00edton og Melek og Tarea og Akas. <a name=\"36\"><span class=\"versanumer_2007\">36<\/span><\/a> Og Akas gat J\u00f3adda og J\u00f3adda gat Alemet og Asmavet og Simr\u00ed. Og Simr\u00ed gat M\u00f3sa <a name=\"37\"><span class=\"versanumer_2007\">37<\/span><\/a> og M\u00f3sa gat B\u00ednea. Sonur hans var Rafa og sonur hans Eleasa og sonur hans Asel. <a name=\"38\"><span class=\"versanumer_2007\">38<\/span><\/a> Og Asel \u00e1tti sex syni. \u00deeir h\u00e9tu Asr\u00edkam, Bokr\u00fa og \u00cdsmael og Searja og \u00d3bad\u00eda og Hanan. \u00deetta voru allir synir Asels. <a name=\"39\"><span class=\"versanumer_2007\">39<\/span><\/a> Og synir Eseks, br\u00f3\u00f0ur hans, voru \u00dalam, frumbur\u00f0urinn, Je\u00fas, n\u00e6stur honum, og El\u00edfelet hinn \u00feri\u00f0ji. <a name=\"40\"><span class=\"versanumer_2007\">40<\/span><\/a> Og synir \u00dalams voru hraustir hermenn, bogaskyttur. \u00deeir \u00e1ttu marga syni og sonarsyni, hundra\u00f0 og fimmt\u00edu alls. \u00deetta voru allt synir Benjam\u00edns.<\/p>\n","protected":false},"excerpt":{"rendered":"<p>Anna\u00f0 ni\u00f0jatal Benjam\u00edns 1 Og Benjam\u00edn gat Bela, frumbur\u00f0 sinn, Asbel var annar, \u00feri\u00f0ji Ahra, 2 fj\u00f3r\u00f0i N\u00f3ha og fimmti Rafa. 3 Og Bela \u00e1tti syni: Addar og Gera, f\u00f6\u00f0ur Eh\u00fa\u00f0s, 4 og Ab\u00eds\u00faa og Naaman og Ah\u00f3a 5 og Gera og Sef\u00fafan og H\u00faram. 6 \u00deetta voru synir Eh\u00fa\u00f0s. \u00deeir voru h\u00f6f\u00f0ingjar yfir \u00e6ttkv\u00edslum \u00edb\u00faanna \u00ed Geba og \u00feeir voru fluttir \u00ed \u00fatleg\u00f0 til Manahat. 7 En Naaman og Ah\u00eda voru fluttir \u00ed \u00fatleg\u00f0 af Gera. Og Gera gat \u00dassa og Ah\u00edh\u00fa\u00f0. 8 Sahara\u00edm gat syni \u00e1 M\u00f3absv\u00f6llum eftir a\u00f0 hann haf\u00f0i skili\u00f0 vi\u00f0 konur s\u00ednar, H\u00fas\u00edm og Ba\u00f6ru. <a href=\"https:\/\/biblian.is\/biblian\/fyrri-kronikubok-8-kafli\/\"> [&#8230;]<\/a><\/p>\n","protected":false},"author":1,"featured_media":0,"parent":0,"menu_order":0,"comment_status":"open","ping_status":"open","template":"bibliukaflar_NT.php","meta":{"footnotes":""},"class_list":["post-1963","page","type-page","status-publish","hentry"],"_links":{"self":[{"href":"https:\/\/biblian.is\/biblian\/wp-json\/wp\/v2\/pages\/1963","targetHints":{"allow":["GET"]}}],"collection":[{"href":"https:\/\/biblian.is\/biblian\/wp-json\/wp\/v2\/pages"}],"about":[{"href":"https:\/\/biblian.is\/biblian\/wp-json\/wp\/v2\/types\/page"}],"author":[{"embeddable":true,"href":"https:\/\/biblian.is\/biblian\/wp-json\/wp\/v2\/users\/1"}],"replies":[{"embeddable":true,"href":"https:\/\/biblian.is\/biblian\/wp-json\/wp\/v2\/comments?post=1963"}],"version-history":[{"count":0,"href":"https:\/\/biblian.is\/biblian\/wp-json\/wp\/v2\/pages\/1963\/revisions"}],"wp:attachment":[{"href":"https:\/\/biblian.is\/biblian\/wp-json\/wp\/v2\/media?parent=1963"}],"curies":[{"name":"wp","href":"https:\/\/api.w.org\/{rel}","templated":true}]}}