{"id":1962,"date":"2017-12-30T21:01:10","date_gmt":"2017-12-30T21:01:10","guid":{"rendered":"http:\/\/biblian.is\/biblian\/fyrri-kron%c2%92kub%c2%97k-7-kafli\/"},"modified":"2024-06-26T23:20:40","modified_gmt":"2024-06-26T23:20:40","slug":"fyrri-kronikubok-7-kafli","status":"publish","type":"page","link":"https:\/\/biblian.is\/biblian\/fyrri-kronikubok-7-kafli\/","title":{"rendered":"Fyrri kron\u00edkub\u00f3k 7. kafli"},"content":{"rendered":"<h3 class=\"millifyrirsogn_2007\"> \u00c6ttb\u00e1lkur \u00cdssakars<\/h3>\n<p><a name=\"1\"><span class=\"versanumer_2007\">1<\/span><\/a> Og synir \u00cdssakars voru T\u00f3la og P\u00faa og Jas\u00fab og Simron, fj\u00f3rir a\u00f0 t\u00f6lu. <a name=\"2\"><span class=\"versanumer_2007\">2<\/span><\/a> Og synir T\u00f3la voru \u00dass\u00ed og Refaja og Jer\u00edel og Jahema\u00ed og J\u00edbsam og Sam\u00fael. \u00deeir voru h\u00f6f\u00f0ingjar yfir \u00e6ttkv\u00edslum T\u00f3la, hraustir hermenn. Samkv\u00e6mt \u00e6ttart\u00f6lum \u00feeirra voru \u00feeir tuttugu og tv\u00f6 \u00fe\u00fasund og sex hundru\u00f0 \u00e1 d\u00f6gum Dav\u00ed\u00f0s. <a name=\"3\"><span class=\"versanumer_2007\">3<\/span><\/a> Og synir \u00dass\u00ed voru J\u00edsrahja og M\u00edkael og \u00d3bad\u00eda og J\u00f3el og Jiss\u00eda, fimm a\u00f0 t\u00f6lu. \u00deeir voru allir h\u00f6f\u00f0ingjar. <a name=\"4\"><span class=\"versanumer_2007\">4<\/span><\/a> Og til \u00feeirra t\u00f6ldust eftir \u00e6ttum \u00feeirra, eftir fr\u00e6ndli\u00f0i \u00feeirra, hermannasveitir, \u00ferj\u00e1t\u00edu og sex \u00fe\u00fasund manns, \u00fev\u00ed a\u00f0 \u00feeir \u00e1ttu margar konur og b\u00f6rn. <a name=\"5\"><span class=\"versanumer_2007\">5<\/span><\/a> Br\u00e6\u00f0ur \u00feeirra \u00far \u00f6llum \u00e6ttkv\u00edslum \u00cdssakars voru hraustir hermenn. \u00deeir voru alls \u00e1ttat\u00edu og sj\u00f6 \u00fe\u00fasund \u00feegar \u00feeir voru skr\u00e1\u00f0ir \u00ed \u00e6ttart\u00f6lur.<\/p>\n<h3 class=\"millifyrirsogn_2007\">\u00c6ttb\u00e1lkar Benjam\u00edns og Naftal\u00ed<\/h3>\n<p><a name=\"6\"><span class=\"versanumer_2007\">6<\/span><\/a> Synir Benjam\u00edns voru Bela og Beker og Jed\u00edael, \u00fer\u00edr a\u00f0 t\u00f6lu. <a name=\"7\"><span class=\"versanumer_2007\">7<\/span><\/a> Og synir Bela voru Esb\u00f3n og \u00dass\u00ed og \u00dass\u00edel og Jer\u00edm\u00f3t og \u00cdr\u00ed, fimm a\u00f0 t\u00f6lu. \u00deeir voru h\u00f6f\u00f0ingjar \u00e6ttkv\u00edsla sinna, hraustir hermenn. \u00deeir voru tuttugu og tv\u00f6 \u00fe\u00fasund \u00ferj\u00e1t\u00edu og fj\u00f3rir \u00feegar \u00feeir voru skr\u00e1\u00f0ir \u00ed \u00e6ttart\u00f6lur. <a name=\"8\"><span class=\"versanumer_2007\">8<\/span><\/a> Og synir Bekers voru Sem\u00edra og J\u00f3as og El\u00edeser og Elj\u00f3ena\u00ed og Omr\u00ed og Jerem\u00f3t og Ab\u00eda og Anat\u00f3t og Alemet. \u00deetta voru allir synir Bekers. <a name=\"9\"><span class=\"versanumer_2007\">9<\/span><\/a> \u00deegar \u00feeir voru skr\u00e1\u00f0ir \u00ed \u00e6ttart\u00f6lur s\u00ednar eftir h\u00f6f\u00f0ingjum \u00e6ttkv\u00edsla sinna voru \u00feeir tuttugu \u00fe\u00fasund og tv\u00f6 hundru\u00f0, hraustir hermenn. <a name=\"10\"><span class=\"versanumer_2007\">10<\/span><\/a> Og sonur Jed\u00edaels var B\u00edlhan og synir B\u00edlhans voru Je\u00fas og Benjam\u00edn og Eh\u00fa\u00f0 og Kenaana og Setan og Tarsis og Ah\u00edsahar. <a name=\"11\"><span class=\"versanumer_2007\">11<\/span><\/a> \u00deetta voru allir synir Jed\u00edaels. \u00deeir voru h\u00f6f\u00f0ingjar \u00e6ttkv\u00edsla sinna, hraustir hermenn, sautj\u00e1n \u00fe\u00fasund og tv\u00f6 hundru\u00f0, sem fylktu li\u00f0i til orrustu. <a name=\"12\"><span class=\"versanumer_2007\">12<\/span><\/a> Og S\u00fapp\u00edm og H\u00fapp\u00edm voru synir \u00cdrs og H\u00fas\u00edm sonur Akers.<br \/> <a name=\"13\"><span class=\"versanumer_2007\">13<\/span><\/a> Synir Naftal\u00ed voru Jahs\u00edel og G\u00fan\u00ed og Jeser og Sall\u00fam, synir B\u00edlu.<\/p>\n<h3 class=\"millifyrirsogn_2007\">\u00c6ttb\u00e1lkur Manasse<\/h3>\n<p><a name=\"14\"><span class=\"versanumer_2007\">14<\/span><\/a> Sonur Manasse var Asr\u00edel sem arame\u00edsk hj\u00e1kona hans \u00f3l. H\u00fan \u00f3l einnig Mak\u00edr, f\u00f6\u00f0ur G\u00edlea\u00f0s. <a name=\"15\"><span class=\"versanumer_2007\">15<\/span><\/a> Og Mak\u00edr t\u00f3k konu handa H\u00fapp\u00edm og S\u00fapp\u00edm. Og systir hans h\u00e9t Maaka og n\u00e6stelsti sonur hans Sel\u00f3fha\u00f0. Og Sel\u00f3fha\u00f0 \u00e1tti a\u00f0eins d\u00e6tur. <a name=\"16\"><span class=\"versanumer_2007\">16<\/span><\/a> Og Maaka, kona Mak\u00edrs, \u00f3l son og nefndi hann Peres. En br\u00f3\u00f0ir hans h\u00e9t Seres og synir hans voru \u00dalam og Rekem. <a name=\"17\"><span class=\"versanumer_2007\">17<\/span><\/a> Og sonur \u00dalams var Bedan. \u00deetta voru synir G\u00edlea\u00f0s Mak\u00edrssonar, Manassesonar. <a name=\"18\"><span class=\"versanumer_2007\">18<\/span><\/a> Og M\u00f3leket, systir hans, \u00f3l \u00cdsh\u00f3d og Ab\u00edeser og Mahela. <a name=\"19\"><span class=\"versanumer_2007\">19<\/span><\/a> Og synir Sem\u00edda voru Ahjan og Sekem og L\u00edkh\u00ed og An\u00edam.<\/p>\n<h3 class=\"millifyrirsogn_2007\">\u00c6ttb\u00e1lkur Efra\u00edms<\/h3>\n<p><a name=\"20\"><span class=\"versanumer_2007\">20<\/span><\/a> Og sonur Efra\u00edms var S\u00fatela og sonur hans var Bered og sonur hans Tahat og sonur hans Eleada og sonur hans Tahat <a name=\"21\"><span class=\"versanumer_2007\">21<\/span><\/a> og sonur hans S\u00f3bad og synir hans S\u00fatela, Eser og Elead. Menn fr\u00e1 Gat, sem f\u00e6ddir voru \u00ed landinu, dr\u00e1pu \u00fe\u00e1 af \u00fev\u00ed a\u00f0 \u00feeir h\u00f6f\u00f0u fari\u00f0 su\u00f0ur eftir til a\u00f0 r\u00e6na b\u00fapeningi \u00feeirra. <a name=\"22\"><span class=\"versanumer_2007\">22<\/span><\/a> Efra\u00edm, fa\u00f0ir \u00feeirra, syrg\u00f0i \u00fe\u00e1 lengi og br\u00e6\u00f0ur hans komu til a\u00f0 hugga hann. <a name=\"23\"><span class=\"versanumer_2007\">23<\/span><\/a> S\u00ed\u00f0an gekk hann inn til konu sinnar og h\u00fan var\u00f0 \u00feungu\u00f0 og \u00f3l son. Hann nefndi hann Ber\u00eda<span class=\"nedan_mal\" title=\" Eiginnafni\u00f0 Ber\u00eda hlj\u00f3mar l\u00edkt og or\u00f0 sem haft er um \u00f3g\u00e6fu.\">[<\/span> \u00fev\u00ed a\u00f0 \u00f3g\u00e6fa haf\u00f0i hent heimili hans. <a name=\"24\"><span class=\"versanumer_2007\">24<\/span><\/a> Og d\u00f3ttir hans var Seera. H\u00fan bygg\u00f0i b\u00e6\u00f0i ne\u00f0ra og efra Bet H\u00f3ron og \u00dassen Seera.<br \/> <a name=\"25\"><span class=\"versanumer_2007\">25<\/span><\/a> Og synir hans voru Refa og Resef og sonur hans var Telak og sonur hans var Tahan, <a name=\"26\"><span class=\"versanumer_2007\">26<\/span><\/a> Laedan var sonur hans, sonur hans Amm\u00edh\u00fad, sonur hans El\u00edsama, <a name=\"27\"><span class=\"versanumer_2007\">27<\/span><\/a> sonur hans N\u00fan og sonur hans J\u00f3s\u00faa.<br \/> <a name=\"28\"><span class=\"versanumer_2007\">28<\/span><\/a> Eignarl\u00f6nd \u00feeirra og b\u00fasta\u00f0ir voru Betel \u00e1samt \u00feorpum hennar austur a\u00f0 Naaran og vestur a\u00f0 Geser \u00e1samt \u00feorpum hennar, enn fremur S\u00edkem og \u00feorp hennar til Aja og \u00feorpa hennar. <a name=\"29\"><span class=\"versanumer_2007\">29<\/span><\/a> \u00cd h\u00f6ndum sona Manasse voru Bet Sean \u00e1samt \u00feorpunum umhverfis, Taana \u00e1samt \u00feorpunum umhverfis, Megidd\u00f3 \u00e1samt \u00feorpunum umhverfis og D\u00f3r \u00e1samt \u00feorpunum umhverfis. \u00cd \u00feessum borgum bjuggu synir J\u00f3sefs, sonar \u00cdsraels.<\/p>\n<h3 class=\"millifyrirsogn_2007\">\u00c6ttb\u00e1lkur Assers<\/h3>\n<p><a name=\"30\"><span class=\"versanumer_2007\">30<\/span><\/a> Synir Assers voru J\u00edmna og J\u00edsva og J\u00edsv\u00ed og Ber\u00eda og systir \u00feeirra var Seera. <a name=\"31\"><span class=\"versanumer_2007\">31<\/span><\/a> Og synir Ber\u00eda voru Heber og Malk\u00edel. Hann var fa\u00f0ir Birsa\u00edts. <a name=\"32\"><span class=\"versanumer_2007\">32<\/span><\/a> Og Heber gat Jaflet og Semer og H\u00f3tam og S\u00fau, systur \u00feeirra. <a name=\"33\"><span class=\"versanumer_2007\">33<\/span><\/a> Og synir Jaflets voru Pasak og B\u00edmhal og Asvat. \u00deetta voru synir Jaflets. <a name=\"34\"><span class=\"versanumer_2007\">34<\/span><\/a> Og synir Semers, br\u00f3\u00f0ur hans, voru R\u00f3hga og H\u00fabba og Aram. <a name=\"35\"><span class=\"versanumer_2007\">35<\/span><\/a> Og synir Helems, br\u00f3\u00f0ur hans, voru S\u00f3fa og J\u00edmna og Seles og Amal. <a name=\"36\"><span class=\"versanumer_2007\">36<\/span><\/a> Og synir S\u00f3fa voru S\u00faa og Harnefer og S\u00faal og Ber\u00ed og J\u00edmra <a name=\"37\"><span class=\"versanumer_2007\">37<\/span><\/a> og Beser og H\u00f3d og Samma og Silsa og J\u00edtran og Beera. <a name=\"38\"><span class=\"versanumer_2007\">38<\/span><\/a> Og synir Jeters voru Jef\u00fanne og Pispa og Ara. <a name=\"39\"><span class=\"versanumer_2007\">39<\/span><\/a> Og synir \u00dalla voru Ara og Hann\u00edel og Risja. <a name=\"40\"><span class=\"versanumer_2007\">40<\/span><\/a> \u00deetta voru allt synir Assers. \u00deeir voru h\u00f6f\u00f0ingjar yfir \u00e6ttkv\u00edslum, afbur\u00f0amenn, fyrirmenn me\u00f0al h\u00f6f\u00f0ingja. T\u00f6ldust \u00feeir er skr\u00e1\u00f0ir voru til her\u00fej\u00f3nustu tuttugu og sex \u00fe\u00fasund menn. <\/p>\n","protected":false},"excerpt":{"rendered":"<p>\u00c6ttb\u00e1lkur \u00cdssakars 1 Og synir \u00cdssakars voru T\u00f3la og P\u00faa og Jas\u00fab og Simron, fj\u00f3rir a\u00f0 t\u00f6lu. 2 Og synir T\u00f3la voru \u00dass\u00ed og Refaja og Jer\u00edel og Jahema\u00ed og J\u00edbsam og Sam\u00fael. \u00deeir voru h\u00f6f\u00f0ingjar yfir \u00e6ttkv\u00edslum T\u00f3la, hraustir hermenn. Samkv\u00e6mt \u00e6ttart\u00f6lum \u00feeirra voru \u00feeir tuttugu og tv\u00f6 \u00fe\u00fasund og sex hundru\u00f0 \u00e1 d\u00f6gum Dav\u00ed\u00f0s. 3 Og synir \u00dass\u00ed voru J\u00edsrahja og M\u00edkael og \u00d3bad\u00eda og J\u00f3el og Jiss\u00eda, fimm a\u00f0 t\u00f6lu. \u00deeir voru allir h\u00f6f\u00f0ingjar. 4 Og til \u00feeirra t\u00f6ldust eftir \u00e6ttum \u00feeirra, eftir fr\u00e6ndli\u00f0i \u00feeirra, hermannasveitir, \u00ferj\u00e1t\u00edu og sex \u00fe\u00fasund manns, \u00fev\u00ed a\u00f0 \u00feeir \u00e1ttu margar konur <a href=\"https:\/\/biblian.is\/biblian\/fyrri-kronikubok-7-kafli\/\"> [&#8230;]<\/a><\/p>\n","protected":false},"author":1,"featured_media":0,"parent":0,"menu_order":0,"comment_status":"open","ping_status":"open","template":"bibliukaflar_NT.php","meta":{"footnotes":""},"class_list":["post-1962","page","type-page","status-publish","hentry"],"_links":{"self":[{"href":"https:\/\/biblian.is\/biblian\/wp-json\/wp\/v2\/pages\/1962","targetHints":{"allow":["GET"]}}],"collection":[{"href":"https:\/\/biblian.is\/biblian\/wp-json\/wp\/v2\/pages"}],"about":[{"href":"https:\/\/biblian.is\/biblian\/wp-json\/wp\/v2\/types\/page"}],"author":[{"embeddable":true,"href":"https:\/\/biblian.is\/biblian\/wp-json\/wp\/v2\/users\/1"}],"replies":[{"embeddable":true,"href":"https:\/\/biblian.is\/biblian\/wp-json\/wp\/v2\/comments?post=1962"}],"version-history":[{"count":0,"href":"https:\/\/biblian.is\/biblian\/wp-json\/wp\/v2\/pages\/1962\/revisions"}],"wp:attachment":[{"href":"https:\/\/biblian.is\/biblian\/wp-json\/wp\/v2\/media?parent=1962"}],"curies":[{"name":"wp","href":"https:\/\/api.w.org\/{rel}","templated":true}]}}