{"id":1961,"date":"2017-12-30T21:01:10","date_gmt":"2017-12-30T21:01:10","guid":{"rendered":"http:\/\/biblian.is\/biblian\/fyrri-kron%c2%92kub%c2%97k-6-kafli\/"},"modified":"2024-06-26T23:20:40","modified_gmt":"2024-06-26T23:20:40","slug":"fyrri-kronikubok-6-kafli","status":"publish","type":"page","link":"https:\/\/biblian.is\/biblian\/fyrri-kronikubok-6-kafli\/","title":{"rendered":"Fyrri kron\u00edkub\u00f3k 6. kafli"},"content":{"rendered":"<h3 class=\"millifyrirsogn_2007\"> Ni\u00f0jatal sona Lev\u00ed<\/h3>\n<p><a name=\"1\"><span class=\"versanumer_2007\">1<\/span><\/a> Synir Lev\u00ed voru Gersom, Kahat og Merar\u00ed. <a name=\"2\"><span class=\"versanumer_2007\">2<\/span><\/a> Og \u00feetta eru n\u00f6fn sona Gersoms: Lebn\u00ed og S\u00edme\u00ed. <a name=\"3\"><span class=\"versanumer_2007\">3<\/span><\/a> Og synir Kahats voru Amram og J\u00edsehar og Hebron og \u00dass\u00edel. <a name=\"4\"><span class=\"versanumer_2007\">4<\/span><\/a> Synir Merar\u00ed voru Mahel\u00ed og M\u00fas\u00ed.<br \/>\u00deetta eru \u00e6ttir Lev\u00edta, taldar fr\u00e1 \u00e6ttfe\u00f0rum \u00feeirra. <a name=\"5\"><span class=\"versanumer_2007\">5<\/span><\/a> Fr\u00e1 Gersom: Libn\u00ed, sonur hans, Jahat, sonur hans, Simma, sonur hans, <a name=\"6\"><span class=\"versanumer_2007\">6<\/span><\/a> J\u00f3a, sonur hans, \u00cddd\u00f3, sonur hans, Sera, sonur hans, og Jeatra\u00ed, sonur hans. <a name=\"7\"><span class=\"versanumer_2007\">7<\/span><\/a> Synir Kahats voru Amm\u00ednadab, sonur hans, K\u00f3ra, sonur hans, Ass\u00edr, sonur hans, <a name=\"8\"><span class=\"versanumer_2007\">8<\/span><\/a> Elkana, sonur hans, Ebjasaf, sonur hans, Ass\u00edr, sonur hans, <a name=\"9\"><span class=\"versanumer_2007\">9<\/span><\/a> Tahat, sonur hans, \u00dar\u00edel, sonur hans, \u00dass\u00eda, sonur hans, og S\u00e1l, sonur hans. <a name=\"10\"><span class=\"versanumer_2007\">10<\/span><\/a> Og synir Elkana voru Amasa\u00ed og Ah\u00edm\u00f3t, <a name=\"11\"><span class=\"versanumer_2007\">11<\/span><\/a> Elkana, sonur hans, Sofa\u00ed, sonur hans, Nahat, sonur hans, <a name=\"12\"><span class=\"versanumer_2007\">12<\/span><\/a> El\u00edab, sonur hans, Jer\u00f3ham, sonur hans, Elkana, sonur hans, og Sam\u00fael, sonur hans. <a name=\"13\"><span class=\"versanumer_2007\">13<\/span><\/a> Og synir Sam\u00faels voru J\u00f3el, frumbur\u00f0urinn, og Ab\u00eda, n\u00e6stur honum. <a name=\"14\"><span class=\"versanumer_2007\">14<\/span><\/a> Synir Merar\u00ed voru Mahl\u00ed, Libn\u00ed, sonur hans, Sime\u00ed, sonur hans, \u00dassa, sonur hans, <a name=\"15\"><span class=\"versanumer_2007\">15<\/span><\/a> S\u00edmea, sonur hans, Hagg\u00eda, sonur hans, og Asaja, sonur hans.<\/p>\n<h3 class=\"millifyrirsogn_2007\">\u00c6ttir s\u00f6ngvaranna \u00ed musterinu<\/h3>\n<p><a name=\"16\"><span class=\"versanumer_2007\">16<\/span><\/a> \u00deetta eru \u00feeir menn sem Dav\u00ed\u00f0 setti til a\u00f0 stj\u00f3rna s\u00f6ng<span class=\"nedan_mal\" title=\" \u00deessi \u00e6ttf\u00e6rsla er ger\u00f0 til a\u00f0 f\u00e6ra s\u00f6nnur \u00e1 a\u00f0 s\u00f6ngvararnir, sem Dav\u00ed\u00f0 setti vi\u00f0 musteri\u00f0, s\u00e9u af \u00e6ttum Lev\u00edta.\">[<\/span> \u00ed h\u00fasi Drottins \u00feegar \u00f6rkinni haf\u00f0i veri\u00f0 b\u00fainn \u00fear sta\u00f0ur.<span class=\"nedan_mal\" title=\" Or\u00f0r\u00e9tt: \u00f6rkinni haf\u00f0i veri\u00f0 b\u00fainn \u00fear hv\u00edldarsta\u00f0ur.\">[<\/span> <a name=\"17\"><span class=\"versanumer_2007\">17<\/span><\/a> \u00deeir h\u00f6f\u00f0u gegnt \u00fej\u00f3nustu me\u00f0 s\u00f6ng fyrir framan b\u00fasta\u00f0 Drottins \u00ed samfundatjaldinu \u00fear til Sal\u00f3mon reisti Drottni h\u00fas \u00ed Jer\u00fasalem. Gegndu \u00feeir \u00fej\u00f3nustu sinni samkv\u00e6mt \u00feeim reglum sem \u00feeim voru settar. <a name=\"18\"><span class=\"versanumer_2007\">18<\/span><\/a> \u00deeir sem gegndu \u00feessari \u00fej\u00f3nustu \u00e1samt sonum s\u00ednum voru:<br \/>Af sonum Kahat\u00edta: s\u00f6ngvarinn Heman J\u00f3elsson, Sam\u00faelssonar, <a name=\"19\"><span class=\"versanumer_2007\">19<\/span><\/a> Elkanasonar, Jer\u00f3hamssonar, El\u00edelssonar, T\u00f3asonar, <a name=\"20\"><span class=\"versanumer_2007\">20<\/span><\/a> S\u00fafssonar, Elkanasonar, Mahatssonar, Amasa\u00edsonar, <a name=\"21\"><span class=\"versanumer_2007\">21<\/span><\/a> Elkanasonar, J\u00f3elssonar, Asar\u00edasonar, Sefan\u00edasonar, <a name=\"22\"><span class=\"versanumer_2007\">22<\/span><\/a> Tahatssonar, Ass\u00edrssonar, Ebjasafssonar, K\u00f3rasonar, <a name=\"23\"><span class=\"versanumer_2007\">23<\/span><\/a> J\u00edseharssonar, Kahatssonar, Lev\u00edsonar, \u00cdsraelssonar.<br \/> <a name=\"24\"><span class=\"versanumer_2007\">24<\/span><\/a> Br\u00f3\u00f0ir hans var Asaf sem st\u00f3\u00f0 honum til h\u00e6gri handar, Asaf Berek\u00edason, S\u00edmeasonar, <a name=\"25\"><span class=\"versanumer_2007\">25<\/span><\/a> M\u00edkaelssonar, Maasejasonar, Malk\u00edasonar, <a name=\"26\"><span class=\"versanumer_2007\">26<\/span><\/a> Etn\u00edsonar, Serasonar, Adajasonar, <a name=\"27\"><span class=\"versanumer_2007\">27<\/span><\/a> Etanssonar, Simmasonar, S\u00edmme\u00edsonar, <a name=\"28\"><span class=\"versanumer_2007\">28<\/span><\/a> Jahatssonar, Gersomssonar, Lev\u00edsonar.<br \/> <a name=\"29\"><span class=\"versanumer_2007\">29<\/span><\/a> Af sonum Merar\u00ed, br\u00e6\u00f0rum \u00feeirra, st\u00f3\u00f0u honum til vinstri handar: Etan K\u00eds\u00edson, Abd\u00edsonar, Mall\u00fakssonar, <a name=\"30\"><span class=\"versanumer_2007\">30<\/span><\/a> Hasabjasonar, Amasjasonar, Hilk\u00edasonar, <a name=\"31\"><span class=\"versanumer_2007\">31<\/span><\/a> Ams\u00edsonar, Ban\u00edsonar, Semerssonar, <a name=\"32\"><span class=\"versanumer_2007\">32<\/span><\/a> Mahel\u00edsonar, M\u00fas\u00edsonar, Merar\u00edsonar, Lev\u00edsonar. <br \/> <a name=\"33\"><span class=\"versanumer_2007\">33<\/span><\/a> Og br\u00e6\u00f0rum \u00feeirra, Lev\u00edtunum, var \u00e6tlu\u00f0 \u00f6ll \u00fej\u00f3nusta \u00ed b\u00fasta\u00f0 Drottins \u00ed h\u00fasi Gu\u00f0s. <a name=\"34\"><span class=\"versanumer_2007\">34<\/span><\/a> En Aron og synir hans f\u00e6r\u00f0u f\u00f3rnir \u00e1 brennif\u00f3rnaraltarinu og reykelsisaltarinu. \u00deeir gegndu allri \u00fej\u00f3nustu \u00ed hinu allra helgasta og fri\u00f0\u00fe\u00e6g\u00f0u fyrir \u00cdsrael a\u00f0 \u00f6llu leyti eins og M\u00f3se, \u00fej\u00f3nn Gu\u00f0s, haf\u00f0i lagt fyrir.<\/p>\n<h3 class=\"millifyrirsogn_2007\">Ni\u00f0jatal Arons<\/h3>\n<p><a name=\"35\"><span class=\"versanumer_2007\">35<\/span><\/a> \u00deetta voru synir Arons: sonur hans Eleasar, sonur hans P\u00ednehas, sonur hans Ab\u00eds\u00faa, <a name=\"36\"><span class=\"versanumer_2007\">36<\/span><\/a> sonur hans B\u00fakk\u00ed, sonur hans \u00dass\u00ed, sonur hans Serahja, <a name=\"37\"><span class=\"versanumer_2007\">37<\/span><\/a> sonur hans Meraj\u00f3t, sonur hans Amar\u00eda, sonur hans Ah\u00edt\u00fab, <a name=\"38\"><span class=\"versanumer_2007\">38<\/span><\/a> sonur hans Sad\u00f3k og sonur hans Ak\u00edmaas.<\/p>\n<h3 class=\"millifyrirsogn_2007\">Borgir Lev\u00edta<\/h3>\n<p><a name=\"39\"><span class=\"versanumer_2007\">39<\/span><\/a>\/<a name=\"40\"><span class=\"versanumer_2007\">40<\/span><\/a> Dvalarsta\u00f0ir Lev\u00edta, taldir eftir afgirtum tjaldb\u00fa\u00f0um \u00e1 landsv\u00e6\u00f0i \u00feeirra, voru: <br \/>Sonum Arons af \u00e6tt Kahat\u00edta fengu \u00feeir Hebron \u00ed landi J\u00fada \u00e1samt beitilandinu umhverfis \u00fev\u00ed a\u00f0 fyrsti hluturinn f\u00e9ll \u00e1 \u00fe\u00e1. <a name=\"41\"><span class=\"versanumer_2007\">41<\/span><\/a> En akurland borgarinnar \u00e1samt \u00feorpunum, sem henni heyr\u00f0u til, fengu \u00feeir Kaleb Jef\u00fannesyni. <a name=\"42\"><span class=\"versanumer_2007\">42<\/span><\/a> \u00deeir fengu sonum Arons gri\u00f0aborgina Hebron, enn fremur L\u00edbna \u00e1samt beitil\u00f6ndum, Jatt\u00edr og Estam\u00f3a \u00e1samt beitil\u00f6ndum <a name=\"43\"><span class=\"versanumer_2007\">43<\/span><\/a> og H\u00f3lon \u00e1samt beitil\u00f6ndum og Deb\u00edr \u00e1samt beitil\u00f6ndum <a name=\"44\"><span class=\"versanumer_2007\">44<\/span><\/a> og Asan \u00e1samt beitil\u00f6ndum og Bet Semes \u00e1samt beitil\u00f6ndum. <a name=\"45\"><span class=\"versanumer_2007\">45<\/span><\/a> Fr\u00e1 \u00e6ttb\u00e1lki Benjam\u00edns fengu \u00feeir \u00feeim Geba \u00e1samt beitil\u00f6ndum og Allemet \u00e1samt beitil\u00f6ndum og Anat\u00f3t \u00e1samt beitil\u00f6ndum. Alls voru borgir \u00feeirra \u00ferett\u00e1n \u00e1samt beitil\u00f6ndum.<br \/> <a name=\"46\"><span class=\"versanumer_2007\">46<\/span><\/a> A\u00f0rar \u00e6ttir sona Kahats hlutu t\u00edu borgir me\u00f0 hlutkesti fr\u00e1 \u00e6ttum Efra\u00edms\u00e6ttb\u00e1lks og Dans\u00e6ttb\u00e1lks og h\u00e1lfum Manasse\u00e6ttb\u00e1lki.<br \/> <a name=\"47\"><span class=\"versanumer_2007\">47<\/span><\/a> \u00c6ttir sona Gersoms hlutu \u00ferett\u00e1n borgir me\u00f0 hlutkesti fr\u00e1 \u00e6ttb\u00e1lki \u00cdssakars og \u00e6ttb\u00e1lki Assers og \u00e6ttb\u00e1lki Naftal\u00ed og h\u00e1lfum \u00e6ttb\u00e1lki Manasse \u00ed Basan.<br \/> <a name=\"48\"><span class=\"versanumer_2007\">48<\/span><\/a> \u00c6ttir sona Merar\u00ed hlutu t\u00f3lf borgir me\u00f0 hlutkesti fr\u00e1 \u00e6ttb\u00e1lki R\u00fabens og \u00e6ttb\u00e1lki Ga\u00f0s og \u00e6ttb\u00e1lki Seb\u00falons.<br \/> <a name=\"49\"><span class=\"versanumer_2007\">49<\/span><\/a> \u00cdsraelsmenn fengu Lev\u00edtunum \u00feessar borgir \u00e1samt beitil\u00f6ndum \u00feeirra. <a name=\"50\"><span class=\"versanumer_2007\">50<\/span><\/a> \u00deeir l\u00e9tu \u00fe\u00e6r af hendi me\u00f0 hlutkesti. Synir Arons fengu \u00feessar borgir, sem nefndar hafa veri\u00f0, me\u00f0 hlutkesti fr\u00e1 \u00e6ttb\u00e1lki sona J\u00fada og \u00e6ttb\u00e1lki sona S\u00edmeons og \u00e6ttb\u00e1lki sona Benjam\u00edns.<br \/> <a name=\"51\"><span class=\"versanumer_2007\">51<\/span><\/a> \u00c6ttir \u00feeirra sona Kahats, sem voru Lev\u00edtar, fengu \u00feessar borgir fr\u00e1 \u00e6ttb\u00e1lki Efra\u00edms: <a name=\"52\"><span class=\"versanumer_2007\">52<\/span><\/a> \u00deeim var fengin gri\u00f0aborgin S\u00edkem \u00e1samt beitil\u00f6ndum hennar \u00e1 Efra\u00edmsfj\u00f6llum og Geser \u00e1samt beitil\u00f6ndum <a name=\"53\"><span class=\"versanumer_2007\">53<\/span><\/a> og Jokmeam \u00e1samt beitil\u00f6ndum og Bet H\u00f3ron \u00e1samt beitil\u00f6ndum <a name=\"54\"><span class=\"versanumer_2007\">54<\/span><\/a> og Ajalon \u00e1samt beitil\u00f6ndum og Gat Rimmon \u00e1samt beitil\u00f6ndum. <a name=\"55\"><span class=\"versanumer_2007\">55<\/span><\/a> Og fr\u00e1 h\u00e1lfum \u00e6ttb\u00e1lki Manasse fengu \u00feeir Aner \u00e1samt beitil\u00f6ndum og J\u00edbleam \u00e1samt beitil\u00f6ndum. \u00deessar borgir hlutu \u00e6ttir annarra sona Kahats.<br \/> <a name=\"56\"><span class=\"versanumer_2007\">56<\/span><\/a> Synir Gersoms fengu fr\u00e1 \u00e6ttunum \u00ed h\u00e1lfum Manasse\u00e6ttb\u00e1lki: G\u00f3lan \u00ed Basan \u00e1samt beitil\u00f6ndum og Astar\u00f3t \u00e1samt beitil\u00f6ndum. <a name=\"57\"><span class=\"versanumer_2007\">57<\/span><\/a> Og fr\u00e1 \u00e6ttb\u00e1lki \u00cdssakars fengu \u00feeir Kedes \u00e1samt beitil\u00f6ndum og Dabrat \u00e1samt beitil\u00f6ndum <a name=\"58\"><span class=\"versanumer_2007\">58<\/span><\/a> og Ram\u00f3t \u00e1samt beitil\u00f6ndum og Anem \u00e1samt beitil\u00f6ndum. <a name=\"59\"><span class=\"versanumer_2007\">59<\/span><\/a> Og fr\u00e1 \u00e6ttb\u00e1lki Assers fengu \u00feeir Masal \u00e1samt beitil\u00f6ndum og Abd\u00f3n \u00e1samt beitil\u00f6ndum <a name=\"60\"><span class=\"versanumer_2007\">60<\/span><\/a> og H\u00fakok \u00e1samt beitil\u00f6ndum og Reh\u00f3b \u00e1samt beitil\u00f6ndum. <a name=\"61\"><span class=\"versanumer_2007\">61<\/span><\/a> Og fr\u00e1 \u00e6ttb\u00e1lki Naftal\u00ed fengu \u00feeir Kedes \u00ed Gal\u00edleu \u00e1samt beitil\u00f6ndum og Hamm\u00f3t \u00e1samt beitil\u00f6ndum og Kirjata\u00edm \u00e1samt beitil\u00f6ndum.<br \/> <a name=\"62\"><span class=\"versanumer_2007\">62<\/span><\/a> Synir Merar\u00ed, sem enn voru eftir, fengu \u00feessar borgir fr\u00e1 \u00e6ttb\u00e1lki Seb\u00falons: Rimm\u00f3n\u00f3 \u00e1samt beitil\u00f6ndum og Tab\u00f3r \u00e1samt beitil\u00f6ndum.<br \/> <a name=\"63\"><span class=\"versanumer_2007\">63<\/span><\/a> Fr\u00e1 \u00e6ttb\u00e1lki R\u00fabens fengu \u00feeir Beser \u00ed ey\u00f0im\u00f6rkinni \u00e1samt beitil\u00f6ndum, Jahsa \u00e1samt beitil\u00f6ndum, <a name=\"64\"><span class=\"versanumer_2007\">64<\/span><\/a> Kedem\u00f3t \u00e1samt beitil\u00f6ndum og Mefaat \u00e1samt beitil\u00f6ndum \u00ed landinu handan vi\u00f0 J\u00f3rdan.<br \/> <a name=\"65\"><span class=\"versanumer_2007\">65<\/span><\/a> Og fr\u00e1 \u00e6ttb\u00e1lki Ga\u00f0s fengu \u00feeir Ram\u00f3t \u00ed G\u00edlea\u00f0 \u00e1samt beitil\u00f6ndum, Mahana\u00edm \u00e1samt beitil\u00f6ndum, <a name=\"66\"><span class=\"versanumer_2007\">66<\/span><\/a> Hesbon \u00e1samt beitil\u00f6ndum og Jaser \u00e1samt beitil\u00f6ndum.<\/p>\n","protected":false},"excerpt":{"rendered":"<p>Ni\u00f0jatal sona Lev\u00ed 1 Synir Lev\u00ed voru Gersom, Kahat og Merar\u00ed. 2 Og \u00feetta eru n\u00f6fn sona Gersoms: Lebn\u00ed og S\u00edme\u00ed. 3 Og synir Kahats voru Amram og J\u00edsehar og Hebron og \u00dass\u00edel. 4 Synir Merar\u00ed voru Mahel\u00ed og M\u00fas\u00ed.\u00deetta eru \u00e6ttir Lev\u00edta, taldar fr\u00e1 \u00e6ttfe\u00f0rum \u00feeirra. 5 Fr\u00e1 Gersom: Libn\u00ed, sonur hans, Jahat, sonur hans, Simma, sonur hans, 6 J\u00f3a, sonur hans, \u00cddd\u00f3, sonur hans, Sera, sonur hans, og Jeatra\u00ed, sonur hans. 7 Synir Kahats voru Amm\u00ednadab, sonur hans, K\u00f3ra, sonur hans, Ass\u00edr, sonur hans, 8 Elkana, sonur hans, Ebjasaf, sonur hans, Ass\u00edr, sonur hans, 9 Tahat, sonur hans, <a href=\"https:\/\/biblian.is\/biblian\/fyrri-kronikubok-6-kafli\/\"> [&#8230;]<\/a><\/p>\n","protected":false},"author":1,"featured_media":0,"parent":0,"menu_order":0,"comment_status":"open","ping_status":"open","template":"bibliukaflar_NT.php","meta":{"footnotes":""},"class_list":["post-1961","page","type-page","status-publish","hentry"],"_links":{"self":[{"href":"https:\/\/biblian.is\/biblian\/wp-json\/wp\/v2\/pages\/1961","targetHints":{"allow":["GET"]}}],"collection":[{"href":"https:\/\/biblian.is\/biblian\/wp-json\/wp\/v2\/pages"}],"about":[{"href":"https:\/\/biblian.is\/biblian\/wp-json\/wp\/v2\/types\/page"}],"author":[{"embeddable":true,"href":"https:\/\/biblian.is\/biblian\/wp-json\/wp\/v2\/users\/1"}],"replies":[{"embeddable":true,"href":"https:\/\/biblian.is\/biblian\/wp-json\/wp\/v2\/comments?post=1961"}],"version-history":[{"count":0,"href":"https:\/\/biblian.is\/biblian\/wp-json\/wp\/v2\/pages\/1961\/revisions"}],"wp:attachment":[{"href":"https:\/\/biblian.is\/biblian\/wp-json\/wp\/v2\/media?parent=1961"}],"curies":[{"name":"wp","href":"https:\/\/api.w.org\/{rel}","templated":true}]}}