{"id":1960,"date":"2017-12-30T21:01:10","date_gmt":"2017-12-30T21:01:10","guid":{"rendered":"http:\/\/biblian.is\/biblian\/fyrri-kron%c2%92kub%c2%97k-5-kafli\/"},"modified":"2024-06-26T23:20:40","modified_gmt":"2024-06-26T23:20:40","slug":"fyrri-kronikubok-5-kafli","status":"publish","type":"page","link":"https:\/\/biblian.is\/biblian\/fyrri-kronikubok-5-kafli\/","title":{"rendered":"Fyrri kron\u00edkub\u00f3k 5. kafli"},"content":{"rendered":"<h3 class=\"millifyrirsogn_2007\"> \u00c6ttb\u00e1lkur R\u00fabens<\/h3>\n<p><a name=\"1\"><span class=\"versanumer_2007\">1<\/span><\/a> R\u00faben var frumbur\u00f0ur \u00cdsraels. Hann var frumbur\u00f0urinn. En \u00fear sem hann haf\u00f0i vanhelga\u00f0 hv\u00edlu f\u00f6\u00f0ur s\u00edns var frumbur\u00f0arr\u00e9tturinn gefinn sonum J\u00f3sefs, sonar \u00cdsraels. Hann var \u00fe\u00f3 ekki skr\u00e1\u00f0ur sem frumbur\u00f0ur \u00ed \u00e6ttart\u00f6lum <a name=\"2\"><span class=\"versanumer_2007\">2<\/span><\/a> \u00fev\u00ed a\u00f0 J\u00fada var\u00f0 voldugastur br\u00e6\u00f0ra sinna og afkomandi hans var\u00f0 \u00fej\u00f3\u00f0h\u00f6f\u00f0ingi \u00fe\u00f3 a\u00f0 J\u00f3sef hlyti frumbur\u00f0arr\u00e9ttinn. <a name=\"3\"><span class=\"versanumer_2007\">3<\/span><\/a> Synir R\u00fabens, frumbur\u00f0ar \u00cdsraels, voru Henok og Pall\u00fa, Hesr\u00f3n og Karm\u00ed.<br \/> <a name=\"4\"><span class=\"versanumer_2007\">4<\/span><\/a> Synir J\u00f3els voru Semaja, sonur hans, G\u00f3g, sonur hans, S\u00edme\u00ed, sonur hans, <a name=\"5\"><span class=\"versanumer_2007\">5<\/span><\/a> M\u00edka, sonur hans, Reaja, sonur hans, Baal, sonur hans, og <a name=\"6\"><span class=\"versanumer_2007\">6<\/span><\/a> Beera, sonur hans, sem T\u00edlgat Pilneser Ass\u00fdr\u00edukonungur<span class=\"nedan_mal\" title=\" T\u00edglat P\u00edleser Ass\u00fdr\u00edukonungur er nefndur T\u00edlgat Pilneser \u00ed kron\u00edkub\u00f3kum.\">[<\/span> flutti \u00ed \u00fatleg\u00f0. Hann var h\u00f6f\u00f0ingi ni\u00f0ja R\u00fabens. <a name=\"7\"><span class=\"versanumer_2007\">7<\/span><\/a> \u00deegar br\u00e6\u00f0ur hans l\u00e9tu skr\u00e1 sig \u00ed \u00e6ttart\u00f6lur eftir \u00e6ttum s\u00ednum t\u00f6ldust \u00feeir til fj\u00f6lskyldu hans. Fyrstur \u00feeirra var Je\u00edel, \u00fe\u00e1 Sakar\u00eda <a name=\"8\"><span class=\"versanumer_2007\">8<\/span><\/a> og Bela Asasson, Semasonar, J\u00f3elssonar.<br \/>Ni\u00f0jar R\u00fabens bjuggu \u00ed Ar\u00f3er og allt til Neb\u00f3 og Baal Meon. <a name=\"9\"><span class=\"versanumer_2007\">9<\/span><\/a> \u00deeir bjuggu \u00e1 sv\u00e6\u00f0i sem l\u00e1 til austurs, allt a\u00f0 ey\u00f0im\u00f6rkinni sem er vestur fr\u00e1 Efrat, \u00fev\u00ed a\u00f0 \u00feeir \u00e1ttu miklar hjar\u00f0ir \u00ed landi G\u00edlea\u00f0s. <a name=\"10\"><span class=\"versanumer_2007\">10<\/span><\/a> \u00c1 d\u00f6gum S\u00e1ls \u00e1ttu \u00feeir \u00ed \u00f3fri\u00f0i vi\u00f0 Hagr\u00edta. \u00deegar \u00feeir h\u00f6f\u00f0u falli\u00f0 \u00feeim \u00ed hendur settust \u00feeir a\u00f0 \u00ed tj\u00f6ldum \u00feeirra sem voru um allan austurhluta G\u00edlea\u00f0s.<\/p>\n<h3 class=\"millifyrirsogn_2007\">\u00c6ttb\u00e1lkur Ga\u00f0s<\/h3>\n<p><a name=\"11\"><span class=\"versanumer_2007\">11<\/span><\/a> Synir Ga\u00f0s bjuggu andsp\u00e6nis \u00feeim \u00ed Basanlandi, allt til Salka. <a name=\"12\"><span class=\"versanumer_2007\">12<\/span><\/a> J\u00f3el var h\u00f6f\u00f0inginn og Safam n\u00e6stur honum, \u00fe\u00e1 Jaena\u00ed og Safat \u00ed Basan. <a name=\"13\"><span class=\"versanumer_2007\">13<\/span><\/a> Og br\u00e6\u00f0ur \u00feeirra voru eftir fj\u00f6lskyldum: M\u00edkael og Mes\u00fallam og Seba og J\u00f3ra\u00ed og Jaekan og S\u00eda og Eber, alls sj\u00f6. <a name=\"14\"><span class=\"versanumer_2007\">14<\/span><\/a> \u00deeir voru synir Ab\u00edha\u00edls H\u00far\u00edsonar, Jar\u00f3asonar, G\u00edlea\u00f0ssonar, M\u00edkaelssonar, Jes\u00edsa\u00edsonar, Jahd\u00f3sonar, B\u00fassonar. <a name=\"15\"><span class=\"versanumer_2007\">15<\/span><\/a> Ak\u00ed Abd\u00edelsson, G\u00fan\u00edsonar var h\u00f6f\u00f0ingi fj\u00f6lskyldna \u00feeirra. <a name=\"16\"><span class=\"versanumer_2007\">16<\/span><\/a> \u00deeir bjuggu \u00ed G\u00edlea\u00f0, \u00ed Basan og \u00feorpunum umhverfis, og \u00ed \u00f6llum beitil\u00f6ndum Sarons, svo langt sem \u00feau n\u00e1\u00f0u. <a name=\"17\"><span class=\"versanumer_2007\">17<\/span><\/a> \u00deeir voru allir skr\u00e1\u00f0ir \u00ed \u00e6ttart\u00f6lur \u00e1 d\u00f6gum J\u00f3tams J\u00fadakonungs og \u00e1 d\u00f6gum Jer\u00f3b\u00f3ams \u00cdsraelskonungs.<br \/> <a name=\"18\"><span class=\"versanumer_2007\">18<\/span><\/a> \u00deeir af sonum R\u00fabens og Ga\u00f0s og h\u00e1lfum \u00e6ttb\u00e1lki Manasse, sem voru hermenn, b\u00e1ru skj\u00f6ld og sver\u00f0 og spenntu boga og voru \u00fej\u00e1lfa\u00f0ir \u00ed herna\u00f0i. \u00deeir voru fj\u00f6rut\u00edu og fj\u00f6gur \u00fe\u00fasund sex hundru\u00f0 og sj\u00f6t\u00edu vopnf\u00e6rir menn. <a name=\"19\"><span class=\"versanumer_2007\">19<\/span><\/a> \u00deeir \u00e1ttu \u00ed \u00f3fri\u00f0i vi\u00f0 Hagr\u00edta og Jet\u00far og Naf\u00eds og N\u00f3dab. <a name=\"20\"><span class=\"versanumer_2007\">20<\/span><\/a> \u00deeir hlutu hj\u00e1lp og Hagr\u00edtar og allir bandamenn \u00feeirra voru seldir \u00feeim \u00ed hendur. \u00dear sem \u00feeir h\u00f6f\u00f0u hr\u00f3pa\u00f0 til Gu\u00f0s \u00e1 hj\u00e1lp \u00e1 me\u00f0an bardaginn st\u00f3\u00f0 b\u00e6nheyr\u00f0i hann \u00fe\u00e1 af \u00fev\u00ed a\u00f0 \u00feeir treystu honum. <a name=\"21\"><span class=\"versanumer_2007\">21<\/span><\/a> \u00deeir t\u00f3ku me\u00f0 s\u00e9r hjar\u00f0ir Hagr\u00edta sem herfang, fimmt\u00edu \u00fe\u00fasund \u00falfalda, tv\u00f6 hundru\u00f0 og fimmt\u00edu \u00fe\u00fasund sau\u00f0fj\u00e1r og tv\u00f6 \u00fe\u00fasund asna. Einnig t\u00f3ku \u00feeir hundra\u00f0 \u00fe\u00fasund manns. <a name=\"22\"><span class=\"versanumer_2007\">22<\/span><\/a> Margir voru lag\u00f0ir sver\u00f0i og f\u00e9llu \u00fev\u00ed a\u00f0 bardaginn var h\u00e1\u00f0ur a\u00f0 r\u00e1\u00f0i Gu\u00f0s. Synir Ga\u00f0s bjuggu s\u00ed\u00f0an \u00ed landi \u00feeirra allt til \u00fatleg\u00f0arinnar.<\/p>\n<h3 class=\"millifyrirsogn_2007\">\u00c6ttb\u00e1lkur Manasse austan J\u00f3rdanar<\/h3>\n<p><a name=\"23\"><span class=\"versanumer_2007\">23<\/span><\/a> Synir h\u00e1lfs \u00e6ttb\u00e1lks Manasse voru margir og bjuggu \u00ed landinu sem n\u00e6r fr\u00e1 Basan til Baal Hermon og til Se\u00edr og Hermonfjalls. <a name=\"24\"><span class=\"versanumer_2007\">24<\/span><\/a> \u00deetta voru h\u00f6f\u00f0ingjar \u00e6tta \u00feeirra: Efer og J\u00edse\u00ed og El\u00edel og Asr\u00edel og Jerem\u00eda og H\u00f3davja og Jahd\u00edel. \u00deeir voru miklir kappar og nafnkunnir menn, h\u00f6f\u00f0ingjar \u00ed \u00e6ttum s\u00ednum. <a name=\"25\"><span class=\"versanumer_2007\">25<\/span><\/a> En \u00feeir sviku Gu\u00f0 fe\u00f0ra sinna og t\u00f3ku fram hj\u00e1 me\u00f0 gu\u00f0um \u00fej\u00f3\u00f0anna sem bjuggu \u00ed landinu og Gu\u00f0 haf\u00f0i rutt \u00far vegi fyrir \u00feeim. <a name=\"26\"><span class=\"versanumer_2007\">26<\/span><\/a> \u00de\u00e1 bl\u00e9s Gu\u00f0 \u00cdsraels \u00fev\u00ed \u00ed brj\u00f3st P\u00fal Ass\u00fdr\u00edukonungi, \u00fea\u00f0 er T\u00edlgat Pilneser, a\u00f0 flytja ni\u00f0ja R\u00fabens, Ga\u00f0s og h\u00e1lfan \u00e6ttb\u00e1lk Manasse \u00ed \u00fatleg\u00f0. Hann flutti \u00fe\u00e1 til Hala og Hab\u00f3r og Hara og G\u00f3sanflj\u00f3ts. \u00dear hafa \u00feeir veri\u00f0 allt til \u00feessa dags.<\/p>\n<h3 class=\"millifyrirsogn_2007\">\u00c6ttb\u00e1lkur Lev\u00ed<\/h3>\n<p><a name=\"27\"><span class=\"versanumer_2007\">27<\/span><\/a> Synir Lev\u00ed voru Gersom, Kahat og Merar\u00ed. <a name=\"28\"><span class=\"versanumer_2007\">28<\/span><\/a> Og synir Kahats voru Amram, J\u00edsehar og Hebron og \u00dass\u00edel. <a name=\"29\"><span class=\"versanumer_2007\">29<\/span><\/a> Og b\u00f6rn Amrams voru Aron og M\u00f3se og Mirjam. Og synir Arons voru Nadab og Ab\u00edh\u00fa, Eleasar og \u00cdtamar. <a name=\"30\"><span class=\"versanumer_2007\">30<\/span><\/a> Eleasar gat P\u00ednehas, P\u00ednehas gat Ab\u00eds\u00faa, <a name=\"31\"><span class=\"versanumer_2007\">31<\/span><\/a> Ab\u00eds\u00faa gat B\u00fakk\u00ed og B\u00fakk\u00ed gat \u00dass\u00ed <a name=\"32\"><span class=\"versanumer_2007\">32<\/span><\/a> og \u00dass\u00ed gat Serahja og Serahja gat Meraj\u00f3t <a name=\"33\"><span class=\"versanumer_2007\">33<\/span><\/a> og Meraj\u00f3t gat Amarja og Amarja gat Ah\u00edt\u00fab <a name=\"34\"><span class=\"versanumer_2007\">34<\/span><\/a> og Ah\u00edt\u00fab gat Sad\u00f3k<span class=\"nedan_mal\" title=\" \u00cd musteri Sal\u00f3mons var prests\u00fej\u00f3nustan fengin fj\u00f6lskyldu Sad\u00f3ks, sbr. 1Kon 4.2.\">[<\/span> og Sad\u00f3k gat Ak\u00edmaas <a name=\"35\"><span class=\"versanumer_2007\">35<\/span><\/a> og Ak\u00edmaas gat Asarja og Asarja gat J\u00f3hanan <a name=\"36\"><span class=\"versanumer_2007\">36<\/span><\/a> og J\u00f3hanan gat Asarja. Hann gegndi prests\u00fej\u00f3nustu \u00ed musterinu sem Sal\u00f3mon reisti \u00ed Jer\u00fasalem. <a name=\"37\"><span class=\"versanumer_2007\">37<\/span><\/a> Og Asarja gat Amarja og Amarja gat Ah\u00edt\u00fab <a name=\"38\"><span class=\"versanumer_2007\">38<\/span><\/a> og Ah\u00edt\u00fab gat Sad\u00f3k og Sad\u00f3k gat Sall\u00fam <a name=\"39\"><span class=\"versanumer_2007\">39<\/span><\/a> og Sall\u00fam gat Hilk\u00eda og Hilk\u00eda gat Asarja <a name=\"40\"><span class=\"versanumer_2007\">40<\/span><\/a> og Asarja gat Seraja og Seraja gat J\u00f3sadak. <a name=\"41\"><span class=\"versanumer_2007\">41<\/span><\/a> Og J\u00f3sadak f\u00f3r \u00ed \u00fatleg\u00f0 \u00feegar Drottinn l\u00e9t Neb\u00fakadnesar flytja \u00edb\u00faana \u00ed J\u00fada og Jer\u00fasalem \u00ed \u00fatleg\u00f0.<\/p>\n","protected":false},"excerpt":{"rendered":"<p>\u00c6ttb\u00e1lkur R\u00fabens 1 R\u00faben var frumbur\u00f0ur \u00cdsraels. Hann var frumbur\u00f0urinn. En \u00fear sem hann haf\u00f0i vanhelga\u00f0 hv\u00edlu f\u00f6\u00f0ur s\u00edns var frumbur\u00f0arr\u00e9tturinn gefinn sonum J\u00f3sefs, sonar \u00cdsraels. Hann var \u00fe\u00f3 ekki skr\u00e1\u00f0ur sem frumbur\u00f0ur \u00ed \u00e6ttart\u00f6lum 2 \u00fev\u00ed a\u00f0 J\u00fada var\u00f0 voldugastur br\u00e6\u00f0ra sinna og afkomandi hans var\u00f0 \u00fej\u00f3\u00f0h\u00f6f\u00f0ingi \u00fe\u00f3 a\u00f0 J\u00f3sef hlyti frumbur\u00f0arr\u00e9ttinn. 3 Synir R\u00fabens, frumbur\u00f0ar \u00cdsraels, voru Henok og Pall\u00fa, Hesr\u00f3n og Karm\u00ed. 4 Synir J\u00f3els voru Semaja, sonur hans, G\u00f3g, sonur hans, S\u00edme\u00ed, sonur hans, 5 M\u00edka, sonur hans, Reaja, sonur hans, Baal, sonur hans, og 6 Beera, sonur hans, sem T\u00edlgat Pilneser Ass\u00fdr\u00edukonungur[ flutti \u00ed \u00fatleg\u00f0. <a href=\"https:\/\/biblian.is\/biblian\/fyrri-kronikubok-5-kafli\/\"> [&#8230;]<\/a><\/p>\n","protected":false},"author":1,"featured_media":0,"parent":0,"menu_order":0,"comment_status":"open","ping_status":"open","template":"bibliukaflar_NT.php","meta":{"footnotes":""},"class_list":["post-1960","page","type-page","status-publish","hentry"],"_links":{"self":[{"href":"https:\/\/biblian.is\/biblian\/wp-json\/wp\/v2\/pages\/1960","targetHints":{"allow":["GET"]}}],"collection":[{"href":"https:\/\/biblian.is\/biblian\/wp-json\/wp\/v2\/pages"}],"about":[{"href":"https:\/\/biblian.is\/biblian\/wp-json\/wp\/v2\/types\/page"}],"author":[{"embeddable":true,"href":"https:\/\/biblian.is\/biblian\/wp-json\/wp\/v2\/users\/1"}],"replies":[{"embeddable":true,"href":"https:\/\/biblian.is\/biblian\/wp-json\/wp\/v2\/comments?post=1960"}],"version-history":[{"count":0,"href":"https:\/\/biblian.is\/biblian\/wp-json\/wp\/v2\/pages\/1960\/revisions"}],"wp:attachment":[{"href":"https:\/\/biblian.is\/biblian\/wp-json\/wp\/v2\/media?parent=1960"}],"curies":[{"name":"wp","href":"https:\/\/api.w.org\/{rel}","templated":true}]}}