{"id":1958,"date":"2017-12-30T21:01:10","date_gmt":"2017-12-30T21:01:10","guid":{"rendered":"http:\/\/biblian.is\/biblian\/fyrri-kron%c2%92kub%c2%97k-3-kafli\/"},"modified":"2024-06-26T23:20:40","modified_gmt":"2024-06-26T23:20:40","slug":"fyrri-kronikubok-3-kafli","status":"publish","type":"page","link":"https:\/\/biblian.is\/biblian\/fyrri-kronikubok-3-kafli\/","title":{"rendered":"Fyrri kron\u00edkub\u00f3k 3. kafli"},"content":{"rendered":"<h3 class=\"millifyrirsogn_2007\"> Ni\u00f0jatal Dav\u00ed\u00f0s<\/h3>\n<p><a name=\"1\"><span class=\"versanumer_2007\">1<\/span><\/a> \u00deetta eru synir Dav\u00ed\u00f0s sem f\u00e6ddust honum \u00ed Hebron: Amm\u00f3n, frumbur\u00f0urinn sem hann \u00e1tti me\u00f0 Ak\u00edn\u00f3am fr\u00e1 Jesreel, annar var Dan\u00edel, me\u00f0 Ab\u00edgail fr\u00e1 Karmel, <a name=\"2\"><span class=\"versanumer_2007\">2<\/span><\/a> \u00feri\u00f0ji Absalon, sonur Ma\u00f6ku, d\u00f3ttur Talma\u00ed, konungs \u00ed Ges\u00far, fj\u00f3r\u00f0i Ad\u00f3n\u00eda, sonur Hagg\u00edtar, <a name=\"3\"><span class=\"versanumer_2007\">3<\/span><\/a> fimmti Sefatja, me\u00f0 Ab\u00edtal, sj\u00f6tti Jitream, me\u00f0 Eglu, konu sinni. <a name=\"4\"><span class=\"versanumer_2007\">4<\/span><\/a> Honum f\u00e6ddust sex synir \u00ed Hebron \u00fear sem hann var konungur sj\u00f6 \u00e1r og sex m\u00e1nu\u00f0i. Hann var konungur \u00ed Jer\u00fasalem \u00ferj\u00e1t\u00edu og \u00ferj\u00fa \u00e1r <a name=\"5\"><span class=\"versanumer_2007\">5<\/span><\/a> og \u00feetta eru synirnir sem f\u00e6ddust honum \u00ed Jer\u00fasalem: S\u00edmea og S\u00f3bab og Natan og Sal\u00f3mon. \u00deessa fj\u00f3ra \u00e1tti hann me\u00f0 Bats\u00fau Amm\u00edelsd\u00f3ttur. <a name=\"6\"><span class=\"versanumer_2007\">6<\/span><\/a> Og hann eigna\u00f0ist enn fremur J\u00edbhar og El\u00edsama og El\u00edfelet <a name=\"7\"><span class=\"versanumer_2007\">7<\/span><\/a> og N\u00f3ga og Nefeg og Jaf\u00eda <a name=\"8\"><span class=\"versanumer_2007\">8<\/span><\/a> og El\u00edsama og Eljada og El\u00edfelet, alls n\u00edu. <a name=\"9\"><span class=\"versanumer_2007\">9<\/span><\/a> \u00deetta voru allir synir Dav\u00ed\u00f0s nema synir hj\u00e1kvennanna og Tamar var systir \u00feeirra.<br \/> <a name=\"10\"><span class=\"versanumer_2007\">10<\/span><\/a> Og sonur Sal\u00f3mons var Rehabeam, sonur hans var Ab\u00eda, sonur hans Asa, sonur hans J\u00f3safat, <a name=\"11\"><span class=\"versanumer_2007\">11<\/span><\/a> sonur hans J\u00f3ram, sonur hans Ahas\u00eda, sonur hans J\u00f3as, <a name=\"12\"><span class=\"versanumer_2007\">12<\/span><\/a> sonur hans Amas\u00eda, sonur hans Asar\u00eda, sonur hans J\u00f3tam, <a name=\"13\"><span class=\"versanumer_2007\">13<\/span><\/a> sonur hans Akas, sonur hans Hisk\u00eda, sonur hans Manasse, <a name=\"14\"><span class=\"versanumer_2007\">14<\/span><\/a> sonur hans Am\u00f3n og sonur hans J\u00f3s\u00eda. <a name=\"15\"><span class=\"versanumer_2007\">15<\/span><\/a> Og synir J\u00f3s\u00eda voru J\u00f3hanan, frumbur\u00f0urinn, annar J\u00f3jak\u00edm, \u00feri\u00f0ji Sedek\u00eda, fj\u00f3r\u00f0i Sall\u00fam. <a name=\"16\"><span class=\"versanumer_2007\">16<\/span><\/a> Og synir J\u00f3jak\u00edms voru Jekonja, sonur hans, og Sedek\u00eda, sonur hans. <a name=\"17\"><span class=\"versanumer_2007\">17<\/span><\/a> Og synir Jekonja, sem fluttur var \u00ed \u00fatleg\u00f0, voru Sealt\u00edel, <a name=\"18\"><span class=\"versanumer_2007\">18<\/span><\/a> Malk\u00edram, Pedaja, Seneasser, Jekamja, H\u00f3sama og Nedabja. <a name=\"19\"><span class=\"versanumer_2007\">19<\/span><\/a> Og synir Pedaja voru Ser\u00fababel og S\u00edme\u00ed. Og synir Ser\u00fababels voru Mes\u00fallam og Hananja og Sel\u00f3m\u00fa\u00ed var systir \u00feeirra. <a name=\"20\"><span class=\"versanumer_2007\">20<\/span><\/a> Synir Mes\u00fallams voru Has\u00faba og \u00d3hel og Berek\u00eda og Hasadja og J\u00fasab Hesed, alls fimm. <a name=\"21\"><span class=\"versanumer_2007\">21<\/span><\/a> Og synir Hananja voru Pelatja og Jesaja og Refaja og Arnan og \u00d3badja og Sekanja. <a name=\"22\"><span class=\"versanumer_2007\">22<\/span><\/a> Og synir Sekanja voru Semaja og Hatt\u00faa og J\u00edgeal og Bar\u00eda og Nearja og Safat, alls sex. <a name=\"23\"><span class=\"versanumer_2007\">23<\/span><\/a> Og synir Nearja voru Elj\u00f3ena\u00ed og Hisk\u00eda og Asr\u00edkam, alls \u00fer\u00edr. <a name=\"24\"><span class=\"versanumer_2007\">24<\/span><\/a> Og synir Elj\u00f3ena\u00ed voru H\u00f3davja og Eljas\u00edb og Pelaja og Akk\u00fab og J\u00f3hanan og Delaja og Anan\u00ed, alls sj\u00f6.<\/p>\n","protected":false},"excerpt":{"rendered":"<p>Ni\u00f0jatal Dav\u00ed\u00f0s 1 \u00deetta eru synir Dav\u00ed\u00f0s sem f\u00e6ddust honum \u00ed Hebron: Amm\u00f3n, frumbur\u00f0urinn sem hann \u00e1tti me\u00f0 Ak\u00edn\u00f3am fr\u00e1 Jesreel, annar var Dan\u00edel, me\u00f0 Ab\u00edgail fr\u00e1 Karmel, 2 \u00feri\u00f0ji Absalon, sonur Ma\u00f6ku, d\u00f3ttur Talma\u00ed, konungs \u00ed Ges\u00far, fj\u00f3r\u00f0i Ad\u00f3n\u00eda, sonur Hagg\u00edtar, 3 fimmti Sefatja, me\u00f0 Ab\u00edtal, sj\u00f6tti Jitream, me\u00f0 Eglu, konu sinni. 4 Honum f\u00e6ddust sex synir \u00ed Hebron \u00fear sem hann var konungur sj\u00f6 \u00e1r og sex m\u00e1nu\u00f0i. Hann var konungur \u00ed Jer\u00fasalem \u00ferj\u00e1t\u00edu og \u00ferj\u00fa \u00e1r 5 og \u00feetta eru synirnir sem f\u00e6ddust honum \u00ed Jer\u00fasalem: S\u00edmea og S\u00f3bab og Natan og Sal\u00f3mon. \u00deessa fj\u00f3ra \u00e1tti hann <a href=\"https:\/\/biblian.is\/biblian\/fyrri-kronikubok-3-kafli\/\"> [&#8230;]<\/a><\/p>\n","protected":false},"author":1,"featured_media":0,"parent":0,"menu_order":0,"comment_status":"open","ping_status":"open","template":"bibliukaflar_NT.php","meta":{"footnotes":""},"class_list":["post-1958","page","type-page","status-publish","hentry"],"_links":{"self":[{"href":"https:\/\/biblian.is\/biblian\/wp-json\/wp\/v2\/pages\/1958","targetHints":{"allow":["GET"]}}],"collection":[{"href":"https:\/\/biblian.is\/biblian\/wp-json\/wp\/v2\/pages"}],"about":[{"href":"https:\/\/biblian.is\/biblian\/wp-json\/wp\/v2\/types\/page"}],"author":[{"embeddable":true,"href":"https:\/\/biblian.is\/biblian\/wp-json\/wp\/v2\/users\/1"}],"replies":[{"embeddable":true,"href":"https:\/\/biblian.is\/biblian\/wp-json\/wp\/v2\/comments?post=1958"}],"version-history":[{"count":0,"href":"https:\/\/biblian.is\/biblian\/wp-json\/wp\/v2\/pages\/1958\/revisions"}],"wp:attachment":[{"href":"https:\/\/biblian.is\/biblian\/wp-json\/wp\/v2\/media?parent=1958"}],"curies":[{"name":"wp","href":"https:\/\/api.w.org\/{rel}","templated":true}]}}