{"id":1957,"date":"2017-12-30T21:01:05","date_gmt":"2017-12-30T21:01:05","guid":{"rendered":"http:\/\/biblian.is\/biblian\/fyrri-kron%c2%92kub%c2%97k-2-kafli\/"},"modified":"2024-06-26T23:20:37","modified_gmt":"2024-06-26T23:20:37","slug":"fyrri-kronikubok-2-kafli","status":"publish","type":"page","link":"https:\/\/biblian.is\/biblian\/fyrri-kronikubok-2-kafli\/","title":{"rendered":"Fyrri kron\u00edkub\u00f3k 2. kafli"},"content":{"rendered":"<h3 class=\"millifyrirsogn_2007\"> Synir \u00cdsraels<\/h3>\n<p><a name=\"1\"><span class=\"versanumer_2007\">1<\/span><\/a> Synir \u00cdsraels voru: R\u00faben, S\u00edmeon, Lev\u00ed og J\u00fada, \u00cdssakar og Seb\u00falon, <a name=\"2\"><span class=\"versanumer_2007\">2<\/span><\/a> Dan, J\u00f3sef og Benjam\u00edn, Naftal\u00ed, Ga\u00f0 og Asser.<\/p>\n<h3 class=\"millifyrirsogn_2007\">\u00c6ttb\u00e1lkur J\u00fada. Ni\u00f0jatal<\/h3>\n<p><a name=\"3\"><span class=\"versanumer_2007\">3<\/span><\/a> Synir J\u00fada voru Er og \u00d3nan og Sela. Kanverska konan, d\u00f3ttir S\u00faa, \u00f3l honum \u00feessa \u00ferj\u00e1 syni. En Er, frumbur\u00f0ur J\u00fada, var illur \u00ed augum Drottins svo a\u00f0 hann l\u00e9t hann deyja. <a name=\"4\"><span class=\"versanumer_2007\">4<\/span><\/a> Og Tamar, tengdad\u00f3ttir J\u00fada, \u00f3l honum Peres og Serak. J\u00fada \u00e1tti alls fimm syni. <a name=\"5\"><span class=\"versanumer_2007\">5<\/span><\/a> Synir Peresar voru Hesr\u00f3n og Ham\u00fal. <a name=\"6\"><span class=\"versanumer_2007\">6<\/span><\/a> Synir Seraks voru Simr\u00ed og Etan og Heman og Kalk\u00f3l og Dara, alls fimm. <a name=\"7\"><span class=\"versanumer_2007\">7<\/span><\/a> Og sonur Simr\u00ed var Karm\u00ed og sonur Karm\u00ed var Akar sem steypti \u00cdsrael \u00ed \u00f3g\u00e6fu me\u00f0 \u00fev\u00ed a\u00f0 stela \u00fev\u00ed sem haf\u00f0i veri\u00f0 helga\u00f0 banni. <a name=\"8\"><span class=\"versanumer_2007\">8<\/span><\/a> Og sonur Etans var Asarja. <a name=\"9\"><span class=\"versanumer_2007\">9<\/span><\/a> Hesr\u00f3n f\u00e6ddust synirnir Jerahmeel og Ram og Kel\u00faba\u00ed.<br \/> <a name=\"10\"><span class=\"versanumer_2007\">10<\/span><\/a> Og Ram gat Amm\u00ednadab og Amm\u00ednadab gat Nahson, h\u00f6f\u00f0ingja J\u00fadamanna, <a name=\"11\"><span class=\"versanumer_2007\">11<\/span><\/a> og Nahson gat Salma og Salma gat B\u00f3as <a name=\"12\"><span class=\"versanumer_2007\">12<\/span><\/a> og B\u00f3as gat \u00d3be\u00f0 og \u00d3be\u00f0 gat \u00cdsa\u00ed <a name=\"13\"><span class=\"versanumer_2007\">13<\/span><\/a> og \u00cdsa\u00ed gat El\u00edab, frumbur\u00f0 sinn, og \u00fe\u00e1 Ab\u00ednadab og S\u00edmea hinn \u00feri\u00f0ja, <a name=\"14\"><span class=\"versanumer_2007\">14<\/span><\/a> Netaneel hinn fj\u00f3r\u00f0a, Radda\u00ed hinn fimmta, <a name=\"15\"><span class=\"versanumer_2007\">15<\/span><\/a> \u00d3sem hinn sj\u00f6tta, Dav\u00ed\u00f0 hinn sj\u00f6unda. <a name=\"16\"><span class=\"versanumer_2007\">16<\/span><\/a> Og systur \u00feeirra voru Ser\u00faja og Ab\u00edgail. Og synir Ser\u00faju voru Ab\u00edsa\u00ed og J\u00f3ab og Asahel, \u00feeir voru \u00fer\u00edr. <a name=\"17\"><span class=\"versanumer_2007\">17<\/span><\/a> Og Ab\u00edgail \u00f3l Amasa og fa\u00f0ir Amasa var Jeter \u00cdsmael\u00edti.<br \/> <a name=\"18\"><span class=\"versanumer_2007\">18<\/span><\/a> Og Kaleb Hesr\u00f3nsson gat d\u00f3tturina Jer\u00ed\u00f3t vi\u00f0 As\u00fabu, konu sinni, og \u00feetta voru synir hennar: Jeser og S\u00f3bab og Ardon. <a name=\"19\"><span class=\"versanumer_2007\">19<\/span><\/a> En \u00feegar As\u00faba var d\u00e1in t\u00f3k Kaleb Efrat s\u00e9r fyrir konu og h\u00fan \u00f3l honum H\u00far. <a name=\"20\"><span class=\"versanumer_2007\">20<\/span><\/a> Og H\u00far gat \u00dar\u00ed og \u00dar\u00ed gat Besaleel.<span class=\"nedan_mal\" title=\" Besaleel er nefndur \u00ed 2M\u00f3s 36\u201338 sem s\u00e1 er ger\u00f0i samfundatjaldi\u00f0, \u00f6rkina og \u00e1h\u00f6ldin til gu\u00f0s\u00fej\u00f3nustunnar \u00ed ey\u00f0im\u00f6rkinni \u00e1 d\u00f6gum M\u00f3se.\">[<\/span> <br \/> <a name=\"21\"><span class=\"versanumer_2007\">21<\/span><\/a> Hesr\u00f3n gekk s\u00ed\u00f0an inn til d\u00f3ttur Mak\u00edrs, f\u00f6\u00f0ur G\u00edlea\u00f0s. Hann haf\u00f0i teki\u00f0 hana s\u00e9r fyrir konu \u00feegar hann var sext\u00edu \u00e1ra. H\u00fan \u00f3l honum Seg\u00fab <a name=\"22\"><span class=\"versanumer_2007\">22<\/span><\/a> og Seg\u00fab gat Ja\u00edr. Hann \u00e1tti tuttugu og \u00ferj\u00e1r borgir \u00ed landi G\u00edlea\u00f0s <a name=\"23\"><span class=\"versanumer_2007\">23<\/span><\/a> en Ges\u00far og Aram t\u00f3ku af \u00feeim \u00feorp Ja\u00edrs \u00e1samt Kenat og \u00feorpunum umhverfis, alls sext\u00edu borgir. Allir \u00feessir menn voru synir Mak\u00edrs, f\u00f6\u00f0ur G\u00edlea\u00f0s. <a name=\"24\"><span class=\"versanumer_2007\">24<\/span><\/a> Og eftir andl\u00e1t Hesr\u00f3ns gekk Kaleb inn til Efr\u00f6tu, konu Hesr\u00f3ns, f\u00f6\u00f0ur hans. Og h\u00fan \u00f3l honum As\u00far, f\u00f6\u00f0ur Tek\u00f3a.<br \/> <a name=\"25\"><span class=\"versanumer_2007\">25<\/span><\/a> Og synir Jerahmeels, frumbur\u00f0ar Hesr\u00f3ns, voru frumbur\u00f0urinn Ram og B\u00fana og \u00d3ren og \u00d3sem og Ah\u00eda. <a name=\"26\"><span class=\"versanumer_2007\">26<\/span><\/a> Og Jerahmeel \u00e1tti a\u00f0ra konu sem h\u00e9t Atara. H\u00fan var m\u00f3\u00f0ir \u00d3nams. <a name=\"27\"><span class=\"versanumer_2007\">27<\/span><\/a> Og synir Rams, frumbur\u00f0ar Jerahmeels, voru Maas og Jam\u00edn og Eker. <a name=\"28\"><span class=\"versanumer_2007\">28<\/span><\/a> Og synir \u00d3nams voru Samma\u00ed og Jada. Og synir Samma\u00ed voru Nadab og Ab\u00eds\u00far. <a name=\"29\"><span class=\"versanumer_2007\">29<\/span><\/a> Og kona B\u00eds\u00fars h\u00e9t Ab\u00edha\u00edl og h\u00fan f\u00e6ddi honum Akban og M\u00f3l\u00edd. <a name=\"30\"><span class=\"versanumer_2007\">30<\/span><\/a> Og synir Nadabs voru Seled og Appa\u00edn en Seled d\u00f3 barnlaus. <a name=\"31\"><span class=\"versanumer_2007\">31<\/span><\/a> Sonur Appa\u00edms var J\u00edse\u00ed og sonur J\u00edse\u00ed Sesan. Og sonur Sesans var Ahela\u00ed. <a name=\"32\"><span class=\"versanumer_2007\">32<\/span><\/a> Og synir Jada, br\u00f3\u00f0ur Samma\u00ed, voru Jeter og J\u00f3natan en Jeter d\u00f3 barnlaus. <a name=\"33\"><span class=\"versanumer_2007\">33<\/span><\/a> Og synir J\u00f3natans voru Pelet og Sasa. \u00deetta voru synir Jerahmeels.<br \/> <a name=\"34\"><span class=\"versanumer_2007\">34<\/span><\/a> Sesan \u00e1tti enga syni, a\u00f0eins d\u00e6tur. En Sesan \u00e1tti egypskan \u00fer\u00e6l, Jarha a\u00f0 nafni. <a name=\"35\"><span class=\"versanumer_2007\">35<\/span><\/a> Sesan gaf Jarha, \u00fer\u00e6li s\u00ednum, d\u00f3ttur s\u00edna fyrir konu og h\u00fan \u00f3l honum Atta\u00ed. <a name=\"36\"><span class=\"versanumer_2007\">36<\/span><\/a> Og Atta\u00ed gat Natan og Natan gat Sabat <a name=\"37\"><span class=\"versanumer_2007\">37<\/span><\/a> og Sabat gat Eflal og Eflal gat \u00d3be\u00f0 <a name=\"38\"><span class=\"versanumer_2007\">38<\/span><\/a> og \u00d3be\u00f0 gat Jeh\u00fa og Jeh\u00fa gat Asarja <a name=\"39\"><span class=\"versanumer_2007\">39<\/span><\/a> og Asarja gat Heles og Heles gat Eleasa <a name=\"40\"><span class=\"versanumer_2007\">40<\/span><\/a> og Eleasa gat S\u00edsema\u00ed og S\u00edsema\u00ed gat Sall\u00fam <a name=\"41\"><span class=\"versanumer_2007\">41<\/span><\/a> og Sall\u00fam gat Jekamja og Jekamja gat El\u00edsama.<br \/> <a name=\"42\"><span class=\"versanumer_2007\">42<\/span><\/a> Og synir Kalebs, br\u00f3\u00f0ur Jerahmeels, voru Mesa, frumbur\u00f0ur hans, hann var fa\u00f0ir S\u00edfs, og n\u00e6stelsti sonur hans var Maresa, fa\u00f0ir Hebrons. <a name=\"43\"><span class=\"versanumer_2007\">43<\/span><\/a> Og synir Hebrons voru K\u00f3ra og Tapp\u00faa og Rekem og Sema. <a name=\"44\"><span class=\"versanumer_2007\">44<\/span><\/a> Og Sema gat Raham, f\u00f6\u00f0ur Jorkeams, og Rekem gat Samma\u00ed <a name=\"45\"><span class=\"versanumer_2007\">45<\/span><\/a> og sonur Samma\u00ed var Maon og Maon var fa\u00f0ir Bet S\u00fars.<br \/> <a name=\"46\"><span class=\"versanumer_2007\">46<\/span><\/a> Og Efa, hj\u00e1kona Kalebs, \u00f3l Haran og M\u00f3sa og Gases. Og Haran gat Jehda\u00ed. <a name=\"47\"><span class=\"versanumer_2007\">47<\/span><\/a> Og synir Jehda\u00ed voru Regem og J\u00f3tam og Gesan og Pelet og Efa og Saaf.<br \/> <a name=\"48\"><span class=\"versanumer_2007\">48<\/span><\/a> Og Maaka, hj\u00e1kona Kalebs, \u00f3l Seber og T\u00edrkana <a name=\"49\"><span class=\"versanumer_2007\">49<\/span><\/a> og h\u00fan \u00f3l einnig Saaf, f\u00f6\u00f0ur Madmanna og Sefa, f\u00f6\u00f0ur Makbena og G\u00edbea. Og Aksa var d\u00f3ttir Kalebs. <a name=\"50\"><span class=\"versanumer_2007\">50<\/span><\/a> \u00deetta voru synir Kalebs.<br \/>Synir H\u00fars, frumbur\u00f0ar Efrata, voru S\u00f3bal, fa\u00f0ir Kirjat Jear\u00edms, <a name=\"51\"><span class=\"versanumer_2007\">51<\/span><\/a> Salma, fa\u00f0ir Betlehems, Haref, fa\u00f0ir Bet Gaders. <a name=\"52\"><span class=\"versanumer_2007\">52<\/span><\/a> Og S\u00f3bal, fa\u00f0ir Kirjat Jear\u00edms, \u00e1tti a\u00f0 sonum Reaja og helming Manakt\u00edta <a name=\"53\"><span class=\"versanumer_2007\">53<\/span><\/a> og helming \u00e6ttb\u00e1lkanna fr\u00e1 Kirjat Jear\u00edm, J\u00edtr\u00edta og P\u00fat\u00edta og S\u00famat\u00edta og Misra\u00edta. S\u00f3reat\u00edtar og Estoal\u00edtar eru komnir af \u00feeim. <a name=\"54\"><span class=\"versanumer_2007\">54<\/span><\/a> Synir Salma, f\u00f6\u00f0ur Betlehems, voru Net\u00f3fat\u00edtar, Atr\u00f3t Bet J\u00f3ab og helmingur Manat\u00edta, \u00fea\u00f0 er S\u00f3re\u00edtar, <a name=\"55\"><span class=\"versanumer_2007\">55<\/span><\/a> \u00e6ttir Sifr\u00edta,<span class=\"nedan_mal\" title=\" \u00d6nnur hugsanleg \u00fe\u00fd\u00f0ing: \u00e6ttir l\u00e6r\u00f0ra manna.\">[<\/span> sem b\u00faa \u00ed Jabes, T\u00edreat\u00edta, S\u00edmeat\u00edta og S\u00fakat\u00edta. \u00deeir voru K\u00edn\u00edtar, komnir fr\u00e1 Hammat, f\u00f6\u00f0ur Rekabs \u00e6ttar. <\/p>\n","protected":false},"excerpt":{"rendered":"<p>Synir \u00cdsraels 1 Synir \u00cdsraels voru: R\u00faben, S\u00edmeon, Lev\u00ed og J\u00fada, \u00cdssakar og Seb\u00falon, 2 Dan, J\u00f3sef og Benjam\u00edn, Naftal\u00ed, Ga\u00f0 og Asser. \u00c6ttb\u00e1lkur J\u00fada. Ni\u00f0jatal 3 Synir J\u00fada voru Er og \u00d3nan og Sela. Kanverska konan, d\u00f3ttir S\u00faa, \u00f3l honum \u00feessa \u00ferj\u00e1 syni. En Er, frumbur\u00f0ur J\u00fada, var illur \u00ed augum Drottins svo a\u00f0 hann l\u00e9t hann deyja. 4 Og Tamar, tengdad\u00f3ttir J\u00fada, \u00f3l honum Peres og Serak. J\u00fada \u00e1tti alls fimm syni. 5 Synir Peresar voru Hesr\u00f3n og Ham\u00fal. 6 Synir Seraks voru Simr\u00ed og Etan og Heman og Kalk\u00f3l og Dara, alls fimm. 7 Og sonur Simr\u00ed <a href=\"https:\/\/biblian.is\/biblian\/fyrri-kronikubok-2-kafli\/\"> [&#8230;]<\/a><\/p>\n","protected":false},"author":1,"featured_media":0,"parent":0,"menu_order":0,"comment_status":"open","ping_status":"open","template":"bibliukaflar_NT.php","meta":{"footnotes":""},"class_list":["post-1957","page","type-page","status-publish","hentry"],"_links":{"self":[{"href":"https:\/\/biblian.is\/biblian\/wp-json\/wp\/v2\/pages\/1957","targetHints":{"allow":["GET"]}}],"collection":[{"href":"https:\/\/biblian.is\/biblian\/wp-json\/wp\/v2\/pages"}],"about":[{"href":"https:\/\/biblian.is\/biblian\/wp-json\/wp\/v2\/types\/page"}],"author":[{"embeddable":true,"href":"https:\/\/biblian.is\/biblian\/wp-json\/wp\/v2\/users\/1"}],"replies":[{"embeddable":true,"href":"https:\/\/biblian.is\/biblian\/wp-json\/wp\/v2\/comments?post=1957"}],"version-history":[{"count":0,"href":"https:\/\/biblian.is\/biblian\/wp-json\/wp\/v2\/pages\/1957\/revisions"}],"wp:attachment":[{"href":"https:\/\/biblian.is\/biblian\/wp-json\/wp\/v2\/media?parent=1957"}],"curies":[{"name":"wp","href":"https:\/\/api.w.org\/{rel}","templated":true}]}}