{"id":1956,"date":"2017-12-30T21:01:05","date_gmt":"2017-12-30T21:01:05","guid":{"rendered":"http:\/\/biblian.is\/biblian\/fyrri-kron%c2%92kub%c2%97k-1-kafli\/"},"modified":"2024-06-26T23:20:35","modified_gmt":"2024-06-26T23:20:35","slug":"fyrri-kronikubok-1-kafli","status":"publish","type":"page","link":"https:\/\/biblian.is\/biblian\/fyrri-kronikubok-1-kafli\/","title":{"rendered":"Fyrri kron\u00edkub\u00f3k 1. kafli"},"content":{"rendered":"<h3 class=\"millifyrirsogn_2007\"> Ni\u00f0jatal Adams<\/h3>\n<p><a name=\"1\"><span class=\"versanumer_2007\">1<\/span><\/a> Adam, Set, Enos, <a name=\"2\"><span class=\"versanumer_2007\">2<\/span><\/a> Kenan, Mahalalel, Jared, <a name=\"3\"><span class=\"versanumer_2007\">3<\/span><\/a> Henok, Met\u00fasala, Lamek, <a name=\"4\"><span class=\"versanumer_2007\">4<\/span><\/a> N\u00f3i, Sem, Kam og Jafet.<br \/> <a name=\"5\"><span class=\"versanumer_2007\">5<\/span><\/a> Synir Jafets voru G\u00f3mer og Mag\u00f3g og Mada\u00ed og Javan og T\u00fabal og Mesek og T\u00edras. <a name=\"6\"><span class=\"versanumer_2007\">6<\/span><\/a> Synir G\u00f3mers voru Askenas og R\u00edfat og T\u00f3garma. <a name=\"7\"><span class=\"versanumer_2007\">7<\/span><\/a> Synir Javans voru El\u00edsa og Tarsis, Kittar og R\u00f3dan\u00edtar. <a name=\"8\"><span class=\"versanumer_2007\">8<\/span><\/a> Synir Kams voru K\u00fas og M\u00edsra\u00edm, P\u00fat og Kanaan. <a name=\"9\"><span class=\"versanumer_2007\">9<\/span><\/a> Synir K\u00fass voru Seba og Hav\u00edla og Sabta og Raema og Sabteka. Og synir Raema voru S\u00e9ba og Dedan. <a name=\"10\"><span class=\"versanumer_2007\">10<\/span><\/a> Og K\u00fas gat Nimrod. Hann var\u00f0 fyrsta hetjan \u00e1 j\u00f6r\u00f0inni. <a name=\"11\"><span class=\"versanumer_2007\">11<\/span><\/a> Og M\u00edsra\u00edm<span class=\"nedan_mal\" title=\" Egyptaland.\">[<\/span> gat L\u00fad\u00edta og Anam\u00edta og Lehab\u00edta og Naft\u00fab\u00edta, <a name=\"12\"><span class=\"versanumer_2007\">12<\/span><\/a> og Patr\u00fas\u00edta og Kasl\u00fak\u00edta, sem Filistear eru komnir af, enn fremur Kaft\u00f3r\u00edta. <a name=\"13\"><span class=\"versanumer_2007\">13<\/span><\/a> Og Kanaan gat S\u00eddon, frumbur\u00f0 sinn, og Het <a name=\"14\"><span class=\"versanumer_2007\">14<\/span><\/a> og Jeb\u00fas\u00edta og Amor\u00edta og G\u00edrgas\u00edta <a name=\"15\"><span class=\"versanumer_2007\">15<\/span><\/a> og Hev\u00edta og Ark\u00edta og S\u00edn\u00edta <a name=\"16\"><span class=\"versanumer_2007\">16<\/span><\/a> og Arvad\u00edta og Semar\u00edta og Hamat\u00edta.<br \/> <a name=\"17\"><span class=\"versanumer_2007\">17<\/span><\/a> Synir Sems voru Elam og Ass\u00far og Arpaksad og L\u00fad og Aram og \u00das og H\u00fal og Geter og Mas. <a name=\"18\"><span class=\"versanumer_2007\">18<\/span><\/a> Arpaksad gat Sela og Sela gat Eber <a name=\"19\"><span class=\"versanumer_2007\">19<\/span><\/a> og Eber f\u00e6ddust tveir synir. Annar h\u00e9t Peleg,<span class=\"nedan_mal\" title=\" Peleg merkir skipting.\">[<\/span> \u00fev\u00ed a\u00f0 \u00e1 hans d\u00f6gum var j\u00f6r\u00f0inni skipt, en br\u00f3\u00f0ir hans h\u00e9t Joktan. <a name=\"20\"><span class=\"versanumer_2007\">20<\/span><\/a> Og Joktan gat Alm\u00f3dad og Selef og Hasarmavet og Jera <a name=\"21\"><span class=\"versanumer_2007\">21<\/span><\/a> og Had\u00f3ram og \u00dasal og Dikla <a name=\"22\"><span class=\"versanumer_2007\">22<\/span><\/a> og Ebal og Ab\u00edmael og S\u00e9ba <a name=\"23\"><span class=\"versanumer_2007\">23<\/span><\/a> og \u00d3f\u00edr og Hav\u00edla og J\u00f3bab. Allir \u00feessir menn voru synir Joktans.<br \/> <a name=\"24\"><span class=\"versanumer_2007\">24<\/span><\/a> Sem, Arpaksad, Selam, <a name=\"25\"><span class=\"versanumer_2007\">25<\/span><\/a> Eber, Peleg, Re\u00fa, <a name=\"26\"><span class=\"versanumer_2007\">26<\/span><\/a> Ser\u00fag, Nahor, Terak, <a name=\"27\"><span class=\"versanumer_2007\">27<\/span><\/a> Abram, \u00fea\u00f0 er Abraham.<\/p>\n<h3 class=\"millifyrirsogn_2007\">Ni\u00f0jatal Abrahams<\/h3>\n<p><a name=\"28\"><span class=\"versanumer_2007\">28<\/span><\/a> Synir Abrahams voru \u00cdsak og \u00cdsmael. <a name=\"29\"><span class=\"versanumer_2007\">29<\/span><\/a> \u00deetta er ni\u00f0jatal \u00feeirra: Nebaj\u00f3t var frumbur\u00f0ur \u00cdsmaels, \u00fe\u00e1 Kedar og Adbeel og M\u00edbsam <a name=\"30\"><span class=\"versanumer_2007\">30<\/span><\/a> og Misma og D\u00fama og Massa og Hadad og Tema <a name=\"31\"><span class=\"versanumer_2007\">31<\/span><\/a> og Jet\u00far og Nafis og Kedma. \u00deeir voru synir \u00cdsmaels.<br \/> <a name=\"32\"><span class=\"versanumer_2007\">32<\/span><\/a> \u00deetta eru synir Ket\u00faru, hj\u00e1konu Abrahams. H\u00fan \u00f3l S\u00edmran og Joksan og Medan og Mid\u00edan og J\u00edsbak og S\u00faa. Og synir Joksans voru S\u00e9ba og Dedan <a name=\"33\"><span class=\"versanumer_2007\">33<\/span><\/a> og synir Mid\u00edans: Efa og Efer og Hanok og Ab\u00edda og Eldaa. Allir \u00feessir menn voru synir Ket\u00faru.<br \/> <a name=\"34\"><span class=\"versanumer_2007\">34<\/span><\/a> Og Abraham gat \u00cdsak. Synir \u00cdsaks voru Esa\u00fa og \u00cdsrael.<br \/> <a name=\"35\"><span class=\"versanumer_2007\">35<\/span><\/a> Synir Esa\u00fa voru El\u00edfas, Reg\u00fael og Jeh\u00fas og Jaelam og K\u00f3ra. <a name=\"36\"><span class=\"versanumer_2007\">36<\/span><\/a> Synir El\u00edfasar voru Teman og \u00d3mar, Sef\u00ed og Gaetam, Kenas og Timna og Amalek. <a name=\"37\"><span class=\"versanumer_2007\">37<\/span><\/a> Synir Reg\u00faels voru Nahat, Sera, Samma og Missa. <a name=\"38\"><span class=\"versanumer_2007\">38<\/span><\/a> Og synir Se\u00edrs voru L\u00f3tan og S\u00f3bal og S\u00edbeon og Ana og D\u00edson og Eser og D\u00edsan. <a name=\"39\"><span class=\"versanumer_2007\">39<\/span><\/a> Og synir L\u00f3tans voru H\u00f3ri og H\u00f3mam og systir L\u00f3tans var Timna. <a name=\"40\"><span class=\"versanumer_2007\">40<\/span><\/a> Synir S\u00f3bals voru Aljan og Manahat og Ebal, Sef\u00ed og \u00d3nam. Og synir S\u00edbeons voru Aja og Ana. <a name=\"41\"><span class=\"versanumer_2007\">41<\/span><\/a> Sonur Ana var D\u00edson. Og synir D\u00edsons voru Hamran og Esban og J\u00edtran og Keran. <a name=\"42\"><span class=\"versanumer_2007\">42<\/span><\/a> Synir Esers voru Bilhan og Saavan og Jaakan. Synir D\u00edsons voru \u00das og Aran.<\/p>\n<h3 class=\"millifyrirsogn_2007\">Konungar og h\u00f6f\u00f0ingjar \u00ed Ed\u00f3m<\/h3>\n<p><a name=\"43\"><span class=\"versanumer_2007\">43<\/span><\/a> Og \u00feetta eru konungarnir sem r\u00edktu \u00ed landi Ed\u00f3ms \u00e1\u00f0ur en konungar r\u00edktu yfir \u00cdsraelsm\u00f6nnum: Bela Be\u00f3rsson. Borg hans h\u00e9t D\u00ednhaba. <a name=\"44\"><span class=\"versanumer_2007\">44<\/span><\/a> \u00deegar Bela d\u00f3 var\u00f0 J\u00f3bab Serason fr\u00e1 Borsa konungur eftir hann. <a name=\"45\"><span class=\"versanumer_2007\">45<\/span><\/a> \u00deegar J\u00f3bab d\u00f3 var\u00f0 H\u00fasam fr\u00e1 landi Teman\u00edta konungur eftir hann. <a name=\"46\"><span class=\"versanumer_2007\">46<\/span><\/a> \u00deegar H\u00fasam d\u00f3 var\u00f0 Hadad Bedadsson konungur eftir hann. Hann sigra\u00f0i Mid\u00edan\u00edta \u00e1 M\u00f3absv\u00f6llum. Borg hans h\u00e9t Av\u00edt. <a name=\"47\"><span class=\"versanumer_2007\">47<\/span><\/a> \u00deegar Hadad d\u00f3 var\u00f0 Samla fr\u00e1 Masreka konungur eftir hann. <a name=\"48\"><span class=\"versanumer_2007\">48<\/span><\/a> \u00deegar Samla d\u00f3 var\u00f0 S\u00e1l fr\u00e1 Reh\u00f3b\u00f3t vi\u00f0 flj\u00f3ti\u00f0 konungur eftir hann. <a name=\"49\"><span class=\"versanumer_2007\">49<\/span><\/a> \u00deegar S\u00e1l d\u00f3 var\u00f0 Baal Hanan Akborsson konungur eftir hann. <a name=\"50\"><span class=\"versanumer_2007\">50<\/span><\/a> \u00deegar Baal Hanan d\u00f3 var\u00f0 Hadad konungur eftir hann. Borg hans h\u00e9t Pag\u00ed. Kona hans h\u00e9t Mehetabeel, d\u00f3ttir Matredar, d\u00f3ttur Mesahabs.<br \/> <a name=\"51\"><span class=\"versanumer_2007\">51<\/span><\/a> \u00deegar Hadad d\u00f3 t\u00f3ku \u00e6ttarh\u00f6f\u00f0ingjar v\u00f6ldin \u00ed Ed\u00f3m: h\u00f6f\u00f0ingjarnir fr\u00e1 Timma, Alva, Jetet,<span class=\"nedan_mal\" title=\" N\u00f6fnin eru b\u00e6\u00f0i sta\u00f0arn\u00f6fn og n\u00f6fn \u00e6ttflokka.\">[<\/span> <a name=\"52\"><span class=\"versanumer_2007\">52<\/span><\/a> Ohol\u00edbama, Ela, P\u00ednon, <a name=\"53\"><span class=\"versanumer_2007\">53<\/span><\/a> Kenas, Teman, Mibsar, <a name=\"54\"><span class=\"versanumer_2007\">54<\/span><\/a> Magd\u00edel og \u00cdram. \u00deetta voru \u00e6ttarh\u00f6f\u00f0ingjar Ed\u00f3m\u00edta.<\/p>\n","protected":false},"excerpt":{"rendered":"<p>Ni\u00f0jatal Adams 1 Adam, Set, Enos, 2 Kenan, Mahalalel, Jared, 3 Henok, Met\u00fasala, Lamek, 4 N\u00f3i, Sem, Kam og Jafet. 5 Synir Jafets voru G\u00f3mer og Mag\u00f3g og Mada\u00ed og Javan og T\u00fabal og Mesek og T\u00edras. 6 Synir G\u00f3mers voru Askenas og R\u00edfat og T\u00f3garma. 7 Synir Javans voru El\u00edsa og Tarsis, Kittar og R\u00f3dan\u00edtar. 8 Synir Kams voru K\u00fas og M\u00edsra\u00edm, P\u00fat og Kanaan. 9 Synir K\u00fass voru Seba og Hav\u00edla og Sabta og Raema og Sabteka. Og synir Raema voru S\u00e9ba og Dedan. 10 Og K\u00fas gat Nimrod. Hann var\u00f0 fyrsta hetjan \u00e1 j\u00f6r\u00f0inni. 11 Og M\u00edsra\u00edm[ <a href=\"https:\/\/biblian.is\/biblian\/fyrri-kronikubok-1-kafli\/\"> [&#8230;]<\/a><\/p>\n","protected":false},"author":1,"featured_media":0,"parent":0,"menu_order":0,"comment_status":"open","ping_status":"open","template":"bibliukaflar_NT.php","meta":{"footnotes":""},"class_list":["post-1956","page","type-page","status-publish","hentry"],"_links":{"self":[{"href":"https:\/\/biblian.is\/biblian\/wp-json\/wp\/v2\/pages\/1956","targetHints":{"allow":["GET"]}}],"collection":[{"href":"https:\/\/biblian.is\/biblian\/wp-json\/wp\/v2\/pages"}],"about":[{"href":"https:\/\/biblian.is\/biblian\/wp-json\/wp\/v2\/types\/page"}],"author":[{"embeddable":true,"href":"https:\/\/biblian.is\/biblian\/wp-json\/wp\/v2\/users\/1"}],"replies":[{"embeddable":true,"href":"https:\/\/biblian.is\/biblian\/wp-json\/wp\/v2\/comments?post=1956"}],"version-history":[{"count":0,"href":"https:\/\/biblian.is\/biblian\/wp-json\/wp\/v2\/pages\/1956\/revisions"}],"wp:attachment":[{"href":"https:\/\/biblian.is\/biblian\/wp-json\/wp\/v2\/media?parent=1956"}],"curies":[{"name":"wp","href":"https:\/\/api.w.org\/{rel}","templated":true}]}}