{"id":1954,"date":"2017-12-30T21:01:05","date_gmt":"2017-12-30T21:01:05","guid":{"rendered":"http:\/\/biblian.is\/biblian\/s%c2%92_ari-konungab%c2%97k-24-kafli\/"},"modified":"2024-02-06T18:26:24","modified_gmt":"2024-02-06T18:26:24","slug":"sidari-konungabok-24-kafli","status":"publish","type":"page","link":"https:\/\/biblian.is\/biblian\/sidari-konungabok-24-kafli\/","title":{"rendered":"S\u00ed\u00f0ari konungab\u00f3k 24. kafli"},"content":{"rendered":"<p><a name=\"1\"><span class=\"versanumer_2007\">1<\/span><\/a> \u00c1 d\u00f6gum hans r\u00e9\u00f0st Neb\u00fakadnesar Bab\u00fdlon\u00edukonungur gegn honum og var\u00f0 J\u00f3jak\u00edm undirkonungur hans \u00ed \u00ferj\u00fa \u00e1r. \u00de\u00e1 s\u00f6\u00f0la\u00f0i hann um og ger\u00f0i uppreisn. <a name=\"2\"><span class=\"versanumer_2007\">2<\/span><\/a> Drottinn sendi r\u00e6ningjaflokka fr\u00e1 Kaldeu, Arameu, M\u00f3ab og Amm\u00f3n gegn J\u00f3jak\u00edm. Hann sendi \u00fe\u00e1 gegn J\u00fada til a\u00f0 ey\u00f0a landi\u00f0 samkv\u00e6mt or\u00f0i Drottins sem hann haf\u00f0i flutt af munni \u00fej\u00f3na sinna, sp\u00e1mannanna. <a name=\"3\"><span class=\"versanumer_2007\">3<\/span><\/a> \u00deetta kom yfir J\u00fada samkv\u00e6mt bo\u00f0i Drottins: Hann \u00e6tla\u00f0i a\u00f0 hrekja J\u00fada fr\u00e1 augliti s\u00ednu vegna synda Manasse og allra illvirkjanna sem hann vann, <a name=\"4\"><span class=\"versanumer_2007\">4<\/span><\/a> einkum vegna hins saklausa bl\u00f3\u00f0s sem hann haf\u00f0i \u00fathellt. Hann fyllti Jer\u00fasalem af saklausu bl\u00f3\u00f0i og \u00fea\u00f0 vildi Drottinn ekki fyrirgefa.<br \/> <a name=\"5\"><span class=\"versanumer_2007\">5<\/span><\/a> \u00dea\u00f0 sem \u00f3sagt er af s\u00f6gu J\u00f3jak\u00edms og verkum hans er skr\u00e1\u00f0 \u00ed ann\u00e1la J\u00fadakonunga. <a name=\"6\"><span class=\"versanumer_2007\">6<\/span><\/a> J\u00f3jak\u00edm var lag\u00f0ur til hv\u00edldar hj\u00e1 fe\u00f0rum s\u00ednum. J\u00f3jak\u00edn, sonur hans, var\u00f0 konungur eftir hann.<br \/> <a name=\"7\"><span class=\"versanumer_2007\">7<\/span><\/a> Konungur Egyptalands f\u00f3r enga herf\u00f6r framar \u00far landi s\u00ednu \u00fev\u00ed a\u00f0 Bab\u00fdlon\u00edukonungur haf\u00f0i teki\u00f0 allt landsv\u00e6\u00f0i\u00f0 fr\u00e1 Egyptalands\u00e1 a\u00f0 Efratflj\u00f3ti sem \u00e1\u00f0ur haf\u00f0i heyrt Egyptalandskonungi til.<\/p>\n<h3 class=\"millifyrirsogn_2007\">J\u00f3jak\u00edn J\u00fadakonungur<\/h3>\n<p><a name=\"8\"><span class=\"versanumer_2007\">8<\/span><\/a> J\u00f3jak\u00edn var \u00e1tj\u00e1n \u00e1ra \u00feegar hann var\u00f0 konungur og r\u00edkti \u00ed Jer\u00fasalem \u00ferj\u00e1 m\u00e1nu\u00f0i. M\u00f3\u00f0ir hans h\u00e9t Neh\u00fasta Elnatansd\u00f3ttir fr\u00e1 Jer\u00fasalem. <a name=\"9\"><span class=\"versanumer_2007\">9<\/span><\/a> Hann ger\u00f0i \u00fea\u00f0 sem illt var \u00ed augum Drottins eins og fa\u00f0ir hans.<br \/> <a name=\"10\"><span class=\"versanumer_2007\">10<\/span><\/a> Um \u00fe\u00e6r mundir f\u00f3ru menn Neb\u00fakadnesars Bab\u00fdlon\u00edukonungs \u00ed herf\u00f6r gegn Jer\u00fasalem og settust um borgina. <a name=\"11\"><span class=\"versanumer_2007\">11<\/span><\/a> \u00c1 me\u00f0an menn hans s\u00e1tu um hana kom Neb\u00fakadnesar Bab\u00fdlon\u00edukonungur til borgarinnar. <a name=\"12\"><span class=\"versanumer_2007\">12<\/span><\/a> \u00de\u00e1 gekk J\u00f3jak\u00edn J\u00fadakonungur \u00fat til Bab\u00fdlon\u00edukonungs \u00e1samt m\u00f3\u00f0ur sinni, emb\u00e6ttism\u00f6nnum, h\u00f6f\u00f0ingjum og hir\u00f0m\u00f6nnum. Bab\u00fdlon\u00edukonungur t\u00f3k hann \u00feegar \u00ed sta\u00f0 til fanga. \u00deetta var \u00e1 \u00e1ttunda stj\u00f3rnar\u00e1ri hans. <a name=\"13\"><span class=\"versanumer_2007\">13<\/span><\/a> Eins og Drottinn haf\u00f0i bo\u00f0a\u00f0 flutti Neb\u00fakadnesar alla fj\u00e1rsj\u00f3\u00f0ina \u00far musteri Drottins og h\u00fasi konungsins og l\u00e9t brj\u00f3ta \u00f6ll gull\u00e1h\u00f6ldin sem Sal\u00f3mon \u00cdsraelskonungur haf\u00f0i l\u00e1ti\u00f0 gera fyrir musteri Drottins.<\/p>\n<h3 class=\"millifyrirsogn_2007\">Fyrsta herlei\u00f0ingin til Bab\u00fdlonar<\/h3>\n<p><a name=\"14\"><span class=\"versanumer_2007\">14<\/span><\/a> Hann flutti alla \u00edb\u00faa Jer\u00fasalem \u00ed \u00fatleg\u00f0, alla h\u00f6f\u00f0ingja og alla \u00fe\u00e1 sem m\u00e1ttu s\u00edn nokkurs, alls t\u00edu \u00fe\u00fasund, og alla tr\u00e9smi\u00f0i og m\u00e1lmsmi\u00f0i. F\u00e1t\u00e6k al\u00fe\u00fd\u00f0an var ein skilin eftir.<br \/> <a name=\"15\"><span class=\"versanumer_2007\">15<\/span><\/a> Hann flutti J\u00f3jak\u00edn \u00ed \u00fatleg\u00f0 til Bab\u00fdlon\u00edu \u00e1samt konungsm\u00f3\u00f0urinni og konum konungs. Hann flutti einnig hir\u00f0menn hans og \u00e1hrifamenn landsins fr\u00e1 Jer\u00fasalem til Bab\u00fdlonar, <a name=\"16\"><span class=\"versanumer_2007\">16<\/span><\/a> s\u00f6mulei\u00f0is alla vopnf\u00e6ra menn, sj\u00f6 \u00fe\u00fasund talsins, og tr\u00e9smi\u00f0i og m\u00e1lmsmi\u00f0i, \u00fe\u00fasund menn, sem allir voru reyndir \u00ed herna\u00f0i. Alla \u00feessa menn flutti Bab\u00fdlon\u00edukonungur \u00ed \u00fatleg\u00f0 til Bab\u00fdlon\u00edu.<br \/> <a name=\"17\"><span class=\"versanumer_2007\">17<\/span><\/a> S\u00ed\u00f0an ger\u00f0i Bab\u00fdlon\u00edukonungur Mattanja, f\u00f6\u00f0urbr\u00f3\u00f0ur J\u00f3jak\u00edns, a\u00f0 konungi \u00ed hans sta\u00f0 og breytti nafni hans \u00ed Sedek\u00eda.<\/p>\n<h3 class=\"millifyrirsogn_2007\">Sedek\u00eda J\u00fadakonungur<\/h3>\n<p><a name=\"18\"><span class=\"versanumer_2007\">18<\/span><\/a> Sedek\u00eda var tuttugu og eins \u00e1rs \u00feegar hann var\u00f0 konungur og r\u00edkti \u00ed Jer\u00fasalem ellefu \u00e1r. M\u00f3\u00f0ir hans h\u00e9t Ham\u00fatal Jerem\u00edad\u00f3ttir fr\u00e1 L\u00edbna. <a name=\"19\"><span class=\"versanumer_2007\">19<\/span><\/a> Hann ger\u00f0i \u00fea\u00f0 sem illt var \u00ed augum Drottins eins og J\u00f3jak\u00edm. <a name=\"20\"><span class=\"versanumer_2007\">20<\/span><\/a> Vegna rei\u00f0i Drottins f\u00f3r \u00feannig fyrir Jer\u00fasalem og J\u00fada og \u00fear kom a\u00f0 hann rak \u00feau fr\u00e1 augliti s\u00ednu.<\/p>\n","protected":false},"excerpt":{"rendered":"<p>1 \u00c1 d\u00f6gum hans r\u00e9\u00f0st Neb\u00fakadnesar Bab\u00fdlon\u00edukonungur gegn honum og var\u00f0 J\u00f3jak\u00edm undirkonungur hans \u00ed \u00ferj\u00fa \u00e1r. \u00de\u00e1 s\u00f6\u00f0la\u00f0i hann um og ger\u00f0i uppreisn. 2 Drottinn sendi r\u00e6ningjaflokka fr\u00e1 Kaldeu, Arameu, M\u00f3ab og Amm\u00f3n gegn J\u00f3jak\u00edm. Hann sendi \u00fe\u00e1 gegn J\u00fada til a\u00f0 ey\u00f0a landi\u00f0 samkv\u00e6mt or\u00f0i Drottins sem hann haf\u00f0i flutt af munni \u00fej\u00f3na sinna, sp\u00e1mannanna. 3 \u00deetta kom yfir J\u00fada samkv\u00e6mt bo\u00f0i Drottins: Hann \u00e6tla\u00f0i a\u00f0 hrekja J\u00fada fr\u00e1 augliti s\u00ednu vegna synda Manasse og allra illvirkjanna sem hann vann, 4 einkum vegna hins saklausa bl\u00f3\u00f0s sem hann haf\u00f0i \u00fathellt. Hann fyllti Jer\u00fasalem af saklausu bl\u00f3\u00f0i og \u00fea\u00f0 <a href=\"https:\/\/biblian.is\/biblian\/sidari-konungabok-24-kafli\/\"> [&#8230;]<\/a><\/p>\n","protected":false},"author":1,"featured_media":0,"parent":0,"menu_order":0,"comment_status":"open","ping_status":"open","template":"bibliukaflar_NT.php","meta":{"footnotes":""},"class_list":["post-1954","page","type-page","status-publish","hentry"],"_links":{"self":[{"href":"https:\/\/biblian.is\/biblian\/wp-json\/wp\/v2\/pages\/1954","targetHints":{"allow":["GET"]}}],"collection":[{"href":"https:\/\/biblian.is\/biblian\/wp-json\/wp\/v2\/pages"}],"about":[{"href":"https:\/\/biblian.is\/biblian\/wp-json\/wp\/v2\/types\/page"}],"author":[{"embeddable":true,"href":"https:\/\/biblian.is\/biblian\/wp-json\/wp\/v2\/users\/1"}],"replies":[{"embeddable":true,"href":"https:\/\/biblian.is\/biblian\/wp-json\/wp\/v2\/comments?post=1954"}],"version-history":[{"count":0,"href":"https:\/\/biblian.is\/biblian\/wp-json\/wp\/v2\/pages\/1954\/revisions"}],"wp:attachment":[{"href":"https:\/\/biblian.is\/biblian\/wp-json\/wp\/v2\/media?parent=1954"}],"curies":[{"name":"wp","href":"https:\/\/api.w.org\/{rel}","templated":true}]}}