{"id":1953,"date":"2017-12-30T21:01:05","date_gmt":"2017-12-30T21:01:05","guid":{"rendered":"http:\/\/biblian.is\/biblian\/s%c2%92_ari-konungab%c2%97k-23-kafli\/"},"modified":"2024-02-06T18:26:23","modified_gmt":"2024-02-06T18:26:23","slug":"sidari-konungabok-23-kafli","status":"publish","type":"page","link":"https:\/\/biblian.is\/biblian\/sidari-konungabok-23-kafli\/","title":{"rendered":"S\u00ed\u00f0ari konungab\u00f3k 23. kafli"},"content":{"rendered":"<h3 class=\"millifyrirsogn_2007\"> Si\u00f0b\u00f3t J\u00f3s\u00eda<\/h3>\n<p><a name=\"1\"><span class=\"versanumer_2007\">1<\/span><\/a> Konungur ger\u00f0i \u00fat menn og l\u00e9t safna til s\u00edn \u00f6llum \u00f6ldungum J\u00fada og Jer\u00fasalem. <a name=\"2\"><span class=\"versanumer_2007\">2<\/span><\/a> Hann gekk s\u00ed\u00f0an upp til musteris Drottins \u00e1samt \u00f6llum \u00edb\u00faum \u00ed J\u00fada og Jer\u00fasalem, prestum, sp\u00e1m\u00f6nnum og \u00f6llum almenningi, ungum og g\u00f6mlum, og las \u00ed \u00e1heyrn \u00feeirra \u00f6ll \u00e1kv\u00e6\u00f0i s\u00e1ttm\u00e1lsb\u00f3karinnar sem fundist haf\u00f0i \u00ed musteri Drottins. <a name=\"3\"><span class=\"versanumer_2007\">3<\/span><\/a> Konungurinn t\u00f3k s\u00e9r st\u00f6\u00f0u vi\u00f0 s\u00faluna og ger\u00f0i s\u00e1ttm\u00e1la frammi fyrir Drottni um a\u00f0 fylgja Drottni, hl\u00fd\u00f0a bo\u00f0um hans, fyrirm\u00e6lum og laga\u00e1kv\u00e6\u00f0um af \u00f6llu hjarta og allri s\u00e1lu og um a\u00f0 halda \u00e1kv\u00e6\u00f0i s\u00e1ttm\u00e1lans sem voru skr\u00e1\u00f0 \u00ed \u00feessa b\u00f3k. Allt f\u00f3lki\u00f0 gekkst undir s\u00e1ttm\u00e1lann.<br \/> <a name=\"4\"><span class=\"versanumer_2007\">4<\/span><\/a> \u00de\u00e1 skipa\u00f0i konungurinn Hilk\u00eda yfirpresti, prestunum, sem gengu honum n\u00e6stir a\u00f0 tign, og \u00feeim sem g\u00e6ttu hli\u00f0anna a\u00f0 fjarl\u00e6gja \u00far musteri Drottins \u00f6ll \u00feau \u00e1h\u00f6ld sem ger\u00f0 h\u00f6f\u00f0u veri\u00f0 handa Baal, As\u00e9ru og \u00f6llum himinsins her og brenna \u00feau utan vi\u00f0 Jer\u00fasalem \u00ed hl\u00ed\u00f0um Kedrondals. \u00d6skuna l\u00e9t hann flytja til Betel.<br \/> <a name=\"5\"><span class=\"versanumer_2007\">5<\/span><\/a> Hann rak prestana sem konungar J\u00fada h\u00f6f\u00f0u r\u00e1\u00f0i\u00f0 og h\u00f6f\u00f0u brennt reykelsi \u00e1 f\u00f3rnarh\u00e6\u00f0unum \u00ed borgum J\u00fada og \u00ed grennd vi\u00f0 Jer\u00fasalem, f\u00e6rt reykelsisf\u00f3rnir til Baals, s\u00f3larinnar og tunglsins, stj\u00f6rnumerkjanna og alls himinsins hers.<br \/> <a name=\"6\"><span class=\"versanumer_2007\">6<\/span><\/a> Hann l\u00e9t flytja As\u00e9rust\u00f3lpann \u00far musteri Drottins og \u00fat fyrir Jer\u00fasalem til Kedrondals. \u00dear l\u00e9t hann brenna hann og mylja m\u00e9linu sm\u00e6rra og dreifa duftinu \u00e1 grafir alm\u00fagans.<br \/> <a name=\"7\"><span class=\"versanumer_2007\">7<\/span><\/a> Hann l\u00e9t r\u00edfa vistarverur \u00feeirra er helga\u00f0 h\u00f6f\u00f0u sig saurlifna\u00f0i<span class=\"nedan_mal\" title=\" Karlar og konur sem \u00fej\u00f3nu\u00f0u frj\u00f3semisgy\u00f0junni me\u00f0 v\u00e6ndi.\">[<\/span> \u00ed musteri Drottins en \u00fear \u00f3fu konur kl\u00e6\u00f0i handa As\u00e9ru.<br \/> <a name=\"8\"><span class=\"versanumer_2007\">8<\/span><\/a> J\u00f3s\u00eda l\u00e9t alla presta koma fr\u00e1 borgum J\u00fada og afhelga\u00f0i f\u00f3rnarh\u00e6\u00f0irnar \u00fear sem prestarnir h\u00f6f\u00f0u f\u00e6rt reykelsisf\u00f3rnir allt fr\u00e1 Geba til Beerseba.<span class=\"nedan_mal\" title=\" Landsv\u00e6\u00f0i\u00f0 \u201efr\u00e1 Geba til Beerseba\u201c er raunar allt J\u00fadar\u00edki.\">[<\/span> Hann l\u00e9t r\u00edfa ni\u00f0ur helgid\u00f3mana vi\u00f0 hli\u00f0in sem voru \u00e1 vinstri h\u00f6nd \u00feeim sem gengu inn um borgarhli\u00f0 J\u00f3s\u00faa, hersh\u00f6f\u00f0ingja borgarinnar. <a name=\"9\"><span class=\"versanumer_2007\">9<\/span><\/a> En prestar f\u00f3rnarh\u00e6\u00f0anna fengu samt ekki a\u00f0 ganga upp a\u00f0 altari Drottins \u00ed Jer\u00fasalem heldur a\u00f0eins eta \u00f3s\u00fdrt brau\u00f0 me\u00f0 br\u00e6\u00f0rum s\u00ednum. <a name=\"10\"><span class=\"versanumer_2007\">10<\/span><\/a> Hann afhelga\u00f0i einnig T\u00f3fet<span class=\"nedan_mal\" title=\" T\u00f3fet er heiti \u00e1 hinni \u201evi\u00f0urstyggilegu\u201c brennslugr\u00f3f e\u00f0a eldsofni \u00ed Hinnomssonardal \u00fear sem framdir voru p\u00fanversk-f\u00f6n\u00edskir f\u00f3rnarsi\u00f0ir me\u00f0 \u00fev\u00ed a\u00f0 brenna b\u00f6rn.\">[<\/span> \u00ed Hinnomssonardal svo a\u00f0 enginn g\u00e6ti framar l\u00e1ti\u00f0 son sinn e\u00f0a d\u00f3ttur ganga gegnum eldinn fyrir M\u00f3lok.<br \/> <a name=\"11\"><span class=\"versanumer_2007\">11<\/span><\/a> Hann l\u00e9t fjarl\u00e6gja hestana, sem konungar J\u00fada h\u00f6f\u00f0u fengi\u00f0 s\u00f3lgu\u00f0inum og voru vi\u00f0 innganginn a\u00f0 musteri Drottins, vi\u00f0 vistarveru Netans Meleks, hir\u00f0manns \u00ed Parvar\u00edm, og l\u00e9t brenna s\u00f3lvagnana \u00ed eldi. <a name=\"12\"><span class=\"versanumer_2007\">12<\/span><\/a> Konungurinn l\u00e9t brj\u00f3ta ni\u00f0ur \u00f6lturun, sem konungar J\u00fada h\u00f6f\u00f0u l\u00e1ti\u00f0 gera \u00e1 \u00feaki loftstofu Akasar, og \u00f6lturun sem Manasse haf\u00f0i l\u00e1ti\u00f0 gera \u00ed b\u00e1\u00f0um forg\u00f6r\u00f0um musteris Drottins. \u00dear l\u00e9t hann mylja \u00feau og fleygja duftinu \u00ed Kedrondalinn.<br \/> <a name=\"13\"><span class=\"versanumer_2007\">13<\/span><\/a> Konungurinn afhelga\u00f0i f\u00f3rnarh\u00e6\u00f0irnar austan vi\u00f0 Jer\u00fasalem, sunnan vi\u00f0 fjall ey\u00f0ingarinnar,<span class=\"nedan_mal\" title=\" Svo er Ol\u00edufjalli\u00f0 nefnt h\u00e9r.\">[<\/span> en \u00fe\u00e6r haf\u00f0i Sal\u00f3mon konungur l\u00e1ti\u00f0 reisa handa Astarte, hinni andstyggilegu gy\u00f0ju S\u00eddoninga, og Kamos, hinum vi\u00f0urstyggilega gu\u00f0i M\u00f3ab\u00edta, og Milk\u00f3m, hinum sv\u00edvir\u00f0ilega gu\u00f0i Amm\u00f3n\u00edta. <a name=\"14\"><span class=\"versanumer_2007\">14<\/span><\/a> Hann l\u00e9t brj\u00f3ta merkisteinana og h\u00f6ggva ni\u00f0ur st\u00f3lpa As\u00e9ru og \u00feakti sta\u00f0inn, \u00fear sem \u00feeir h\u00f6f\u00f0u veri\u00f0, me\u00f0 mannabeinum. <a name=\"15\"><span class=\"versanumer_2007\">15<\/span><\/a> J\u00f3s\u00eda l\u00e9t einnig r\u00edfa altari\u00f0 \u00ed Betel, f\u00f3rnarh\u00e6\u00f0ina sem Jer\u00f3b\u00f3am Nebatsson haf\u00f0i l\u00e1ti\u00f0 gera, s\u00e1 sem kom \u00cdsrael til a\u00f0 syndga. Hann l\u00e9t brenna f\u00f3rnarh\u00e6\u00f0ina, mylja steinana m\u00e9linu sm\u00e6rra og brenna st\u00f3lpa As\u00e9ru.<br \/> <a name=\"16\"><span class=\"versanumer_2007\">16<\/span><\/a> \u00deegar J\u00f3s\u00eda sneri s\u00e9r vi\u00f0 og s\u00e1 grafirnar, sem voru \u00fear \u00e1 fjallinu, sendi hann menn og l\u00e9t s\u00e6kja beinin \u00far gr\u00f6funum. S\u00ed\u00f0an brenndi hann \u00feau \u00e1 altarinu og afhelga\u00f0i \u00fea\u00f0 samkv\u00e6mt or\u00f0i Drottins sem gu\u00f0sma\u00f0urinn haf\u00f0i hr\u00f3pa\u00f0 \u00feegar hann bo\u00f0a\u00f0i \u00feessa atbur\u00f0i. <a name=\"17\"><span class=\"versanumer_2007\">17<\/span><\/a> S\u00ed\u00f0an spur\u00f0i konungur: \u201eHva\u00f0a legsteinn er \u00feetta sem \u00e9g s\u00e9 \u00fearna?\u201c B\u00e6jarb\u00faar sv\u00f6ru\u00f0u honum: \u201e\u00deetta er gr\u00f6f sp\u00e1mannsins sem kom fr\u00e1 J\u00fada og hr\u00f3pa\u00f0i \u00feau or\u00f0 yfir altarinu \u00ed Betel sem \u00fe\u00fa hefur n\u00fa l\u00e1ti\u00f0 r\u00e6tast.\u201c <a name=\"18\"><span class=\"versanumer_2007\">18<\/span><\/a> \u00de\u00e1 sag\u00f0i konungur: \u201eL\u00e1ti\u00f0 hann hv\u00edla \u00ed fri\u00f0i. Enginn skal hreyfa vi\u00f0 beinum hans.\u201c \u00deeim var \u00fe\u00e1 hl\u00edft \u00e1samt beinum sp\u00e1mannsins sem kom fr\u00e1 Samar\u00edu.<br \/> <a name=\"19\"><span class=\"versanumer_2007\">19<\/span><\/a> J\u00f3s\u00eda l\u00e9t einnig fjarl\u00e6gja \u00f6ll h\u00fas \u00e1 f\u00f3rnarh\u00e6\u00f0unum sem \u00cdsraelskonungar h\u00f6f\u00f0u l\u00e1ti\u00f0 reisa \u00ed borgum Samar\u00edu og me\u00f0 \u00fev\u00ed vaki\u00f0 rei\u00f0i Drottins. Hann f\u00f3r me\u00f0 \u00feau eins og altari\u00f0 \u00ed Betel. <a name=\"20\"><span class=\"versanumer_2007\">20<\/span><\/a> Hann sl\u00e1tra\u00f0i \u00f6llum prestum f\u00f3rnarh\u00e6\u00f0anna \u00e1 \u00f6lturunum og brenndi s\u00ed\u00f0an mannabein \u00e1 \u00feeim. S\u00ed\u00f0an sneri hann heim til Jer\u00fasalem.<br \/> <a name=\"21\"><span class=\"versanumer_2007\">21<\/span><\/a> N\u00fa skipa\u00f0i konungurinn \u00f6llu f\u00f3lkinu og sag\u00f0i: \u201eHaldi\u00f0 Drottni, Gu\u00f0i ykkar, p\u00e1ska eins og skr\u00e1\u00f0 er \u00ed \u00feessari s\u00e1ttm\u00e1lsb\u00f3k.\u201c <a name=\"22\"><span class=\"versanumer_2007\">22<\/span><\/a> Sl\u00edk p\u00e1skah\u00e1t\u00ed\u00f0 haf\u00f0i ekki veri\u00f0 haldin s\u00ed\u00f0an d\u00f3marar stj\u00f3rnu\u00f0u \u00cdsrael og aldrei \u00e1 d\u00f6gum \u00cdsraelskonunga e\u00f0a J\u00fadakonunga. <a name=\"23\"><span class=\"versanumer_2007\">23<\/span><\/a> \u00dea\u00f0 var ekki fyrr en \u00e1 \u00e1tj\u00e1nda stj\u00f3rnar\u00e1ri J\u00f3s\u00eda konungs a\u00f0 sl\u00edk p\u00e1skah\u00e1t\u00ed\u00f0 var haldin Drottni \u00ed Jer\u00fasalem.<br \/> <a name=\"24\"><span class=\"versanumer_2007\">24<\/span><\/a> J\u00f3s\u00eda l\u00e9t einnig tort\u00edma \u00f6llum mi\u00f0lum, sp\u00e1sagnam\u00f6nnum, h\u00fasgu\u00f0um og skur\u00f0go\u00f0um og allri \u00feeirri vi\u00f0urstygg\u00f0 sem finna m\u00e1tti \u00ed J\u00fada og Jer\u00fasalem. \u00deannig fulln\u00e6g\u00f0i hann kr\u00f6fum l\u00f6gm\u00e1lsins sem skr\u00e1\u00f0ar voru \u00ed b\u00f3kinni sem Hilk\u00eda yfirprestur fann \u00ed musteri Drottins.<br \/> <a name=\"25\"><span class=\"versanumer_2007\">25<\/span><\/a> Enginn konungur \u00e1 undan honum haf\u00f0i eins og hann sn\u00fai\u00f0 s\u00e9r til Drottins af \u00f6llu hjarta s\u00ednu, allri s\u00e1lu sinni og \u00f6llum m\u00e6tti s\u00ednum eins og l\u00f6gm\u00e1l M\u00f3se bau\u00f0. Og \u00e1 eftir honum kom enginn honum l\u00edkur. <a name=\"26\"><span class=\"versanumer_2007\">26<\/span><\/a> Samt l\u00e9t Drottinn ekki af sinni logandi heift. H\u00fan brann gegn J\u00fada vegna allra \u00feeirra illvirkja Manasse sem vaki\u00f0 h\u00f6f\u00f0u rei\u00f0i Drottins. <a name=\"27\"><span class=\"versanumer_2007\">27<\/span><\/a> \u00deess vegna sag\u00f0i Drottinn: \u201e\u00c9g \u00e6tla einnig a\u00f0 hrekja J\u00fada fr\u00e1 augliti m\u00ednu eins og \u00e9g hef hraki\u00f0 \u00cdsrael. \u00c9g hafna Jer\u00fasalem, \u00feessari borg sem \u00e9g hef \u00fatvali\u00f0, og h\u00fasinu sem \u00e9g sag\u00f0i um: \u00dear skal nafn mitt vera.\u201c<\/p>\n<h3 class=\"millifyrirsogn_2007\">J\u00f3s\u00eda deyr<\/h3>\n<p><a name=\"28\"><span class=\"versanumer_2007\">28<\/span><\/a> \u00dea\u00f0 sem \u00f3sagt er af s\u00f6gu J\u00f3s\u00eda og verkum hans er skr\u00e1\u00f0 \u00ed ann\u00e1la J\u00fadakonunga.<br \/> <a name=\"29\"><span class=\"versanumer_2007\">29<\/span><\/a> \u00c1 hans d\u00f6gum f\u00f3r Nek\u00f3 fara\u00f3, Egyptalandskonungur, gegn Ass\u00fdr\u00edukonungi vi\u00f0 Efratflj\u00f3t. J\u00f3s\u00eda konungur f\u00f3r gegn honum en Nek\u00f3 drap hann vi\u00f0 Megidd\u00f3 jafnskj\u00f3tt og hann s\u00e1 hann. <a name=\"30\"><span class=\"versanumer_2007\">30<\/span><\/a> \u00dej\u00f3nar J\u00f3s\u00eda fluttu l\u00edk hans \u00e1 vagni fr\u00e1 Megidd\u00f3 til Jer\u00fasalem og l\u00f6g\u00f0u hann \u00ed gr\u00f6f s\u00edna. \u00de\u00e1 s\u00f3tti f\u00f3lki\u00f0 \u00ed landinu J\u00f3ahas J\u00f3s\u00edason og smur\u00f0i hann til konungs eftir f\u00f6\u00f0ur sinn.<\/p>\n<h3 class=\"millifyrirsogn_2007\">J\u00f3ahas J\u00fadakonungur<\/h3>\n<p><a name=\"31\"><span class=\"versanumer_2007\">31<\/span><\/a> J\u00f3ahas var tuttugu og \u00feriggja \u00e1ra \u00feegar hann var\u00f0 konungur og hann r\u00edkti \u00ferj\u00e1 m\u00e1nu\u00f0i \u00ed Jer\u00fasalem. M\u00f3\u00f0ir hans h\u00e9t Ham\u00fatal Jerem\u00edad\u00f3ttir fr\u00e1 L\u00edbna. <a name=\"32\"><span class=\"versanumer_2007\">32<\/span><\/a> Hann ger\u00f0i \u00fea\u00f0 sem illt var \u00ed augum Drottins eins og forfe\u00f0ur hans h\u00f6f\u00f0u gert.<br \/> <a name=\"33\"><span class=\"versanumer_2007\">33<\/span><\/a> Nek\u00f3 fara\u00f3 l\u00e9t setja hann \u00ed fangelsi \u00ed Ribla \u00ed Hamath\u00e9ra\u00f0i svo a\u00f0 hann g\u00e6ti ekki lengur r\u00edkt \u00ed Jer\u00fasalem. Hann lag\u00f0i einnig nefskatt \u00e1 landi\u00f0, hundra\u00f0 talentur silfurs og eina talentu gulls. <a name=\"34\"><span class=\"versanumer_2007\">34<\/span><\/a> \u00dev\u00ed n\u00e6st ger\u00f0i Nek\u00f3 fara\u00f3 Eljak\u00edm J\u00f3s\u00edason a\u00f0 konungi eftir J\u00f3s\u00eda, f\u00f6\u00f0ur sinn, og breytti nafni hans \u00ed J\u00f3jak\u00edm. Fara\u00f3 t\u00f3k J\u00f3ahas me\u00f0 s\u00e9r til Egyptalands og \u00fear d\u00f3 hann.<\/p>\n<h3 class=\"millifyrirsogn_2007\">J\u00f3jak\u00edm J\u00fadakonungur<\/h3>\n<p><a name=\"35\"><span class=\"versanumer_2007\">35<\/span><\/a> J\u00f3jak\u00edm greiddi fara\u00f3 silfri\u00f0 og gulli\u00f0 en hann var\u00f0 a\u00f0 leggja skatt \u00e1 landi\u00f0 til \u00feess a\u00f0 geta greitt fara\u00f3 \u00fea\u00f0 sem hann kraf\u00f0ist. Hann l\u00e9t innheimta silfri\u00f0 og gulli\u00f0 af f\u00f3lkinu \u00ed landinu, \u00ed samr\u00e6mi vi\u00f0 \u00fea\u00f0 sem lagt haf\u00f0i veri\u00f0 \u00e1 hvern um sig, og greiddi \u00fea\u00f0 s\u00ed\u00f0an Nek\u00f3 fara\u00f3.<br \/> <a name=\"36\"><span class=\"versanumer_2007\">36<\/span><\/a> J\u00f3jak\u00edm var tuttugu og fimm \u00e1ra \u00feegar hann var\u00f0 konungur og r\u00edkti \u00ed Jer\u00fasalem ellefu \u00e1r. M\u00f3\u00f0ir hans h\u00e9t Seb\u00fadda Pedajad\u00f3ttir fr\u00e1 R\u00fama. <a name=\"37\"><span class=\"versanumer_2007\">37<\/span><\/a> Hann ger\u00f0i \u00fea\u00f0 sem illt var \u00ed augum Drottins eins og forfe\u00f0ur hans.<\/p>\n","protected":false},"excerpt":{"rendered":"<p>Si\u00f0b\u00f3t J\u00f3s\u00eda 1 Konungur ger\u00f0i \u00fat menn og l\u00e9t safna til s\u00edn \u00f6llum \u00f6ldungum J\u00fada og Jer\u00fasalem. 2 Hann gekk s\u00ed\u00f0an upp til musteris Drottins \u00e1samt \u00f6llum \u00edb\u00faum \u00ed J\u00fada og Jer\u00fasalem, prestum, sp\u00e1m\u00f6nnum og \u00f6llum almenningi, ungum og g\u00f6mlum, og las \u00ed \u00e1heyrn \u00feeirra \u00f6ll \u00e1kv\u00e6\u00f0i s\u00e1ttm\u00e1lsb\u00f3karinnar sem fundist haf\u00f0i \u00ed musteri Drottins. 3 Konungurinn t\u00f3k s\u00e9r st\u00f6\u00f0u vi\u00f0 s\u00faluna og ger\u00f0i s\u00e1ttm\u00e1la frammi fyrir Drottni um a\u00f0 fylgja Drottni, hl\u00fd\u00f0a bo\u00f0um hans, fyrirm\u00e6lum og laga\u00e1kv\u00e6\u00f0um af \u00f6llu hjarta og allri s\u00e1lu og um a\u00f0 halda \u00e1kv\u00e6\u00f0i s\u00e1ttm\u00e1lans sem voru skr\u00e1\u00f0 \u00ed \u00feessa b\u00f3k. Allt f\u00f3lki\u00f0 gekkst undir s\u00e1ttm\u00e1lann. <a href=\"https:\/\/biblian.is\/biblian\/sidari-konungabok-23-kafli\/\"> [&#8230;]<\/a><\/p>\n","protected":false},"author":1,"featured_media":0,"parent":0,"menu_order":0,"comment_status":"open","ping_status":"open","template":"bibliukaflar_NT.php","meta":{"footnotes":""},"class_list":["post-1953","page","type-page","status-publish","hentry"],"_links":{"self":[{"href":"https:\/\/biblian.is\/biblian\/wp-json\/wp\/v2\/pages\/1953","targetHints":{"allow":["GET"]}}],"collection":[{"href":"https:\/\/biblian.is\/biblian\/wp-json\/wp\/v2\/pages"}],"about":[{"href":"https:\/\/biblian.is\/biblian\/wp-json\/wp\/v2\/types\/page"}],"author":[{"embeddable":true,"href":"https:\/\/biblian.is\/biblian\/wp-json\/wp\/v2\/users\/1"}],"replies":[{"embeddable":true,"href":"https:\/\/biblian.is\/biblian\/wp-json\/wp\/v2\/comments?post=1953"}],"version-history":[{"count":0,"href":"https:\/\/biblian.is\/biblian\/wp-json\/wp\/v2\/pages\/1953\/revisions"}],"wp:attachment":[{"href":"https:\/\/biblian.is\/biblian\/wp-json\/wp\/v2\/media?parent=1953"}],"curies":[{"name":"wp","href":"https:\/\/api.w.org\/{rel}","templated":true}]}}