{"id":1952,"date":"2017-12-30T21:01:05","date_gmt":"2017-12-30T21:01:05","guid":{"rendered":"http:\/\/biblian.is\/biblian\/s%c2%92_ari-konungab%c2%97k-22-kafli\/"},"modified":"2024-02-06T18:26:22","modified_gmt":"2024-02-06T18:26:22","slug":"sidari-konungabok-22-kafli","status":"publish","type":"page","link":"https:\/\/biblian.is\/biblian\/sidari-konungabok-22-kafli\/","title":{"rendered":"S\u00ed\u00f0ari konungab\u00f3k 22. kafli"},"content":{"rendered":"<h3 class=\"millifyrirsogn_2007\"> J\u00f3s\u00eda J\u00fadakonungur<\/h3>\n<p><a name=\"1\"><span class=\"versanumer_2007\">1<\/span><\/a> J\u00f3s\u00eda var \u00e1tta \u00e1ra \u00feegar hann var\u00f0 konungur og r\u00edkti \u00ed Jer\u00fasalem \u00ferj\u00e1t\u00edu og eitt \u00e1r. M\u00f3\u00f0ir hans h\u00e9t Jed\u00edda Adajad\u00f3ttir fr\u00e1 Boskat. <a name=\"2\"><span class=\"versanumer_2007\">2<\/span><\/a> Hann ger\u00f0i \u00fea\u00f0 sem r\u00e9tt var \u00ed augum Drottins. Hann feta\u00f0i \u00ed f\u00f3tspor Dav\u00ed\u00f0s, forf\u00f6\u00f0ur s\u00edns, og v\u00e9k hvorki til h\u00e6gri n\u00e9 vinstri fr\u00e1 \u00feeim.<\/p>\n<h3 class=\"millifyrirsogn_2007\">L\u00f6gb\u00f3kin fundin<\/h3>\n<p><a name=\"3\"><span class=\"versanumer_2007\">3<\/span><\/a> N\u00fa bar svo vi\u00f0 \u00e1 \u00e1tj\u00e1nda stj\u00f3rnar\u00e1ri J\u00f3s\u00eda konungs a\u00f0 hann sendi r\u00edkisritarann Safan Asaljason Mes\u00fallamssonar til musteris Drottins og sag\u00f0i: <a name=\"4\"><span class=\"versanumer_2007\">4<\/span><\/a> \u201eFar\u00f0u til Hilk\u00eda yfirprests. Hann \u00e1 a\u00f0 rei\u00f0a fram \u00fea\u00f0 f\u00e9 sem bori\u00f0 hefur veri\u00f0 \u00ed musteri Drottins og \u00feeir sem g\u00e6ta hli\u00f0anna<span class=\"nedan_mal\" title=\" \u00deeir sem g\u00e6ttu hli\u00f0anna voru \u00fer\u00edr \u00e6\u00f0stu emb\u00e6ttismenn musterisins \u00e1 eftir yfirprestinum og \u00feeim sem n\u00e6stir honum komu.\">[<\/span> hafa safna\u00f0 saman hj\u00e1 f\u00f3lkinu. <a name=\"5\"><span class=\"versanumer_2007\">5<\/span><\/a> S\u00ed\u00f0an skal \u00fea\u00f0 fengi\u00f0 verkstj\u00f3runum \u00ed musteri Drottins og skulu \u00feeir grei\u00f0a \u00fea\u00f0 verkam\u00f6nnunum sem vinna vi\u00f0 a\u00f0 lagf\u00e6ra skemmdir \u00e1 \u00fev\u00ed, <a name=\"6\"><span class=\"versanumer_2007\">6<\/span><\/a> tr\u00e9smi\u00f0um, byggingarverkam\u00f6nnum og steinsmi\u00f0um. Enn fremur skal kaupa fyrir \u00fea\u00f0 timbur og h\u00f6ggna steina sem \u00fearf til \u00feess a\u00f0 gera vi\u00f0 h\u00fasi\u00f0. <a name=\"7\"><span class=\"versanumer_2007\">7<\/span><\/a> Ekki skal krefja \u00fe\u00e1 reikningsskila sem tr\u00faa\u00f0 er fyrir f\u00e9nu \u00fev\u00ed a\u00f0 \u00feeir bera sj\u00e1lfir \u00e1byrg\u00f0 \u00e1 verki s\u00ednu.\u201c<br \/> <a name=\"8\"><span class=\"versanumer_2007\">8<\/span><\/a> Hilk\u00eda yfirprestur sag\u00f0i \u00fe\u00e1 vi\u00f0 Safan r\u00edkisritara: \u201e\u00c9g fann l\u00f6gb\u00f3k \u00ed musteri Drottins.\u201c Hann f\u00e9kk honum b\u00f3kina og Safan las hana. <a name=\"9\"><span class=\"versanumer_2007\">9<\/span><\/a> S\u00ed\u00f0an kom Safan r\u00edkisritari til konungs og sag\u00f0i: \u201e\u00dej\u00f3nar \u00fe\u00ednir hafa reitt fram f\u00e9\u00f0, sem fannst \u00ed musteri Drottins, og fengi\u00f0 \u00fea\u00f0 verkstj\u00f3runum \u00fear.\u201c <a name=\"10\"><span class=\"versanumer_2007\">10<\/span><\/a> Og Safan r\u00edkisritari sag\u00f0i vi\u00f0 konunginn: \u201eHilk\u00eda yfirprestur f\u00e9kk m\u00e9r b\u00f3k.\u201c Og Safan las hana fyrir konung.<br \/> <a name=\"11\"><span class=\"versanumer_2007\">11<\/span><\/a> Konungur reif kl\u00e6\u00f0i s\u00edn \u00feegar hann heyr\u00f0i \u00fea\u00f0 sem st\u00f3\u00f0 \u00ed l\u00f6gb\u00f3kinni <a name=\"12\"><span class=\"versanumer_2007\">12<\/span><\/a> og gaf \u00feeim Hilk\u00eda yfirpresti, Ah\u00edkam Safanssyni, Akb\u00f3r M\u00edkajasyni, Safan r\u00edkisritara og Asaja, \u00fej\u00f3ni konungs, svohlj\u00f3\u00f0andi fyrirm\u00e6li: <a name=\"13\"><span class=\"versanumer_2007\">13<\/span><\/a> \u201eFari\u00f0 og spyrji\u00f0 Drottin fyrir mig og \u00fej\u00f3\u00f0ina og allan J\u00fada um \u00fea\u00f0 sem stendur \u00ed b\u00f3kinni sem hefur fundist. \u00dev\u00ed a\u00f0 mikil er heift Drottins sem blossa\u00f0 hefur upp gegn okkur \u00fear sem forfe\u00f0ur okkar hafa ekki hl\u00fdtt \u00e1kv\u00e6\u00f0um \u00feessarar b\u00f3kar me\u00f0 \u00fev\u00ed a\u00f0 fara eftir \u00fev\u00ed sem \u00ed henni stendur.\u201c<\/p>\n<h3 class=\"millifyrirsogn_2007\">Hulda sp\u00e1ma\u00f0ur<\/h3>\n<p><a name=\"14\"><span class=\"versanumer_2007\">14<\/span><\/a> \u00de\u00e1 gekk Hilk\u00eda yfirprestur \u00e1samt Ah\u00edkam, Akb\u00f3r, Safan og Asaja til Huldu sp\u00e1manns. H\u00fan var eiginkona Sall\u00fams T\u00edkvasonar, Harhassonar kl\u00e6\u00f0avar\u00f0ar. H\u00fan bj\u00f3 \u00ed n\u00fdja borgarhverfinu \u00ed Jer\u00fasalem.<br \/>\u00deeir s\u00f6g\u00f0u henni erindi sitt <a name=\"15\"><span class=\"versanumer_2007\">15<\/span><\/a> og h\u00fan svara\u00f0i: \u201eSvo segir Drottinn, Gu\u00f0 \u00cdsraels: Segi\u00f0 \u00feeim sem sendi ykkur til m\u00edn: <a name=\"16\"><span class=\"versanumer_2007\">16<\/span><\/a> Svo segir Drottinn: \u00c9g sendi b\u00f6l yfir \u00feennan sta\u00f0 og \u00edb\u00faa hans, \u00f6ll d\u00f3msor\u00f0 b\u00f3karinnar sem J\u00fadakonungur hefur lesi\u00f0. <a name=\"17\"><span class=\"versanumer_2007\">17<\/span><\/a> \u00deetta ver\u00f0ur vegna \u00feess a\u00f0 \u00feeir hafa yfirgefi\u00f0 mig og f\u00e6rt \u00f6\u00f0rum gu\u00f0um reykelsisf\u00f3rnir. \u00deeir hafa vaki\u00f0 rei\u00f0i m\u00edna me\u00f0 \u00f6llum handaverkum s\u00ednum, \u00feess vegna brennur heift m\u00edn gegn \u00feessum sta\u00f0 og h\u00fan mun ekki slokkna.<br \/> <a name=\"18\"><span class=\"versanumer_2007\">18<\/span><\/a> Skili\u00f0 \u00feessu til J\u00fadakonungs sem sendi ykkur til \u00feess a\u00f0 leita svara hj\u00e1 Drottni: Svo segir Drottinn, Gu\u00f0 \u00cdsraels: D\u00f3msor\u00f0in, sem \u00fe\u00fa heyr\u00f0ir, <a name=\"19\"><span class=\"versanumer_2007\">19<\/span><\/a> mildu\u00f0u hjarta \u00feitt og \u00fe\u00fa au\u00f0m\u00fdktir \u00feig fyrir augliti Drottins. \u00deegar \u00fe\u00fa heyr\u00f0ir d\u00f3msor\u00f0in um tort\u00edmingu og bannf\u00e6ringu gegn \u00feessum sta\u00f0 og \u00edb\u00faum hans reifstu kl\u00e6\u00f0i \u00fe\u00edn og gr\u00e9st frammi fyrir m\u00e9r. \u00deess vegna b\u00e6nheyri \u00e9g \u00feig, segir Drottinn. <a name=\"20\"><span class=\"versanumer_2007\">20<\/span><\/a> \u00deess vegna mun \u00e9g l\u00e1ta \u00feig safnast til fe\u00f0ra \u00feinna og \u00fe\u00fa skalt lag\u00f0ur \u00ed gr\u00f6f \u00fe\u00edna \u00ed fri\u00f0i. Augu \u00fe\u00edn skulu ekki l\u00edta allt \u00fea\u00f0 b\u00f6l sem \u00e9g mun senda yfir \u00feennan sta\u00f0.\u201c \u00deetta svar f\u00e6r\u00f0u \u00feeir konungi.<\/p>\n","protected":false},"excerpt":{"rendered":"<p>J\u00f3s\u00eda J\u00fadakonungur 1 J\u00f3s\u00eda var \u00e1tta \u00e1ra \u00feegar hann var\u00f0 konungur og r\u00edkti \u00ed Jer\u00fasalem \u00ferj\u00e1t\u00edu og eitt \u00e1r. M\u00f3\u00f0ir hans h\u00e9t Jed\u00edda Adajad\u00f3ttir fr\u00e1 Boskat. 2 Hann ger\u00f0i \u00fea\u00f0 sem r\u00e9tt var \u00ed augum Drottins. Hann feta\u00f0i \u00ed f\u00f3tspor Dav\u00ed\u00f0s, forf\u00f6\u00f0ur s\u00edns, og v\u00e9k hvorki til h\u00e6gri n\u00e9 vinstri fr\u00e1 \u00feeim. L\u00f6gb\u00f3kin fundin 3 N\u00fa bar svo vi\u00f0 \u00e1 \u00e1tj\u00e1nda stj\u00f3rnar\u00e1ri J\u00f3s\u00eda konungs a\u00f0 hann sendi r\u00edkisritarann Safan Asaljason Mes\u00fallamssonar til musteris Drottins og sag\u00f0i: 4 \u201eFar\u00f0u til Hilk\u00eda yfirprests. Hann \u00e1 a\u00f0 rei\u00f0a fram \u00fea\u00f0 f\u00e9 sem bori\u00f0 hefur veri\u00f0 \u00ed musteri Drottins og \u00feeir sem g\u00e6ta hli\u00f0anna[ <a href=\"https:\/\/biblian.is\/biblian\/sidari-konungabok-22-kafli\/\"> [&#8230;]<\/a><\/p>\n","protected":false},"author":1,"featured_media":0,"parent":0,"menu_order":0,"comment_status":"open","ping_status":"open","template":"bibliukaflar_NT.php","meta":{"footnotes":""},"class_list":["post-1952","page","type-page","status-publish","hentry"],"_links":{"self":[{"href":"https:\/\/biblian.is\/biblian\/wp-json\/wp\/v2\/pages\/1952","targetHints":{"allow":["GET"]}}],"collection":[{"href":"https:\/\/biblian.is\/biblian\/wp-json\/wp\/v2\/pages"}],"about":[{"href":"https:\/\/biblian.is\/biblian\/wp-json\/wp\/v2\/types\/page"}],"author":[{"embeddable":true,"href":"https:\/\/biblian.is\/biblian\/wp-json\/wp\/v2\/users\/1"}],"replies":[{"embeddable":true,"href":"https:\/\/biblian.is\/biblian\/wp-json\/wp\/v2\/comments?post=1952"}],"version-history":[{"count":0,"href":"https:\/\/biblian.is\/biblian\/wp-json\/wp\/v2\/pages\/1952\/revisions"}],"wp:attachment":[{"href":"https:\/\/biblian.is\/biblian\/wp-json\/wp\/v2\/media?parent=1952"}],"curies":[{"name":"wp","href":"https:\/\/api.w.org\/{rel}","templated":true}]}}