{"id":1950,"date":"2017-12-30T21:01:05","date_gmt":"2017-12-30T21:01:05","guid":{"rendered":"http:\/\/biblian.is\/biblian\/s%c2%92_ari-konungab%c2%97k-20-kafli\/"},"modified":"2024-02-06T18:26:21","modified_gmt":"2024-02-06T18:26:21","slug":"sidari-konungabok-20-kafli","status":"publish","type":"page","link":"https:\/\/biblian.is\/biblian\/sidari-konungabok-20-kafli\/","title":{"rendered":"S\u00ed\u00f0ari konungab\u00f3k 20. kafli"},"content":{"rendered":"<h3 class=\"millifyrirsogn_2007\"> Jesaja l\u00e6knar Hisk\u00eda<\/h3>\n<p><a name=\"1\"><span class=\"versanumer_2007\">1<\/span><\/a> Um \u00feessar mundir veiktist Hisk\u00eda og var a\u00f0 dau\u00f0a kominn. Sp\u00e1ma\u00f0urinn Jesaja Amotsson kom \u00fe\u00e1 til hans og sag\u00f0i: \u201eSvo segir Drottinn: R\u00e1\u00f0stafa\u00f0u eigum \u00fe\u00ednum \u00fev\u00ed a\u00f0 \u00fe\u00fa munt deyja, \u00fe\u00fa munt ekki halda l\u00edfi.\u201c <a name=\"2\"><span class=\"versanumer_2007\">2<\/span><\/a> Hisk\u00eda sneri s\u00e9r \u00fe\u00e1 til veggjar, ba\u00f0 til Drottins og sag\u00f0i: <a name=\"3\"><span class=\"versanumer_2007\">3<\/span><\/a> \u201eMinnstu \u00feess n\u00fa, Drottinn, a\u00f0 \u00e9g hef breytt \u00ed tr\u00fafesti og af einl\u00e6gni fyrir augliti \u00fe\u00ednu og gert \u00fea\u00f0 sem gott er \u00ed augum \u00fe\u00ednum.\u201c Og Hisk\u00eda gr\u00e9t \u00e1kaflega.<br \/> <a name=\"4\"><span class=\"versanumer_2007\">4<\/span><\/a> En \u00e1\u00f0ur en Jesaja var kominn \u00fat \u00far mi\u00f0forgar\u00f0i hallarinnar kom or\u00f0 Drottins til hans svohlj\u00f3\u00f0andi: <a name=\"5\"><span class=\"versanumer_2007\">5<\/span><\/a> \u201eSn\u00fa\u00f0u aftur og seg\u00f0u vi\u00f0 Hisk\u00eda, lei\u00f0toga \u00fej\u00f3\u00f0ar minnar: Svo segir Drottinn, Gu\u00f0 Dav\u00ed\u00f0s, forf\u00f6\u00f0ur \u00fe\u00edns: \u00c9g hef heyrt b\u00e6n \u00fe\u00edna og \u00e9g hef s\u00e9\u00f0 t\u00e1r \u00fe\u00edn. \u00c9g mun l\u00e6kna \u00feig. \u00c1 \u00feri\u00f0ja degi skaltu ganga \u00ed musteri Drottins. <a name=\"6\"><span class=\"versanumer_2007\">6<\/span><\/a> \u00c9g mun lengja \u00e6vi \u00fe\u00edna um fimmt\u00e1n \u00e1r. \u00c9g mun bjarga \u00fe\u00e9r og \u00feessari borg \u00far h\u00f6ndum Ass\u00fdr\u00edukonungs og \u00e9g mun vernda \u00feessa borg vegna sj\u00e1lfs m\u00edn og vegna Dav\u00ed\u00f0s, \u00fej\u00f3ns m\u00edns.\u201c <a name=\"7\"><span class=\"versanumer_2007\">7<\/span><\/a> \u00dev\u00ed n\u00e6st sag\u00f0i Jesaja: \u201eKomi\u00f0 me\u00f0 f\u00edkjudeig.\u201c Var \u00fea\u00f0 s\u00f3tt og lagt vi\u00f0 k\u00fdli konungs svo a\u00f0 hann l\u00e6kna\u00f0ist.<br \/> <a name=\"8\"><span class=\"versanumer_2007\">8<\/span><\/a> \u00de\u00e1 spur\u00f0i Hisk\u00eda Jesaja: \u201eHva\u00f0 er til marks um a\u00f0 Drottinn muni l\u00e6kna mig svo a\u00f0 \u00e9g geti gengi\u00f0 \u00ed musteri Drottins \u00e1 \u00feri\u00f0ja degi?\u201c <a name=\"9\"><span class=\"versanumer_2007\">9<\/span><\/a> Jesaja svara\u00f0i: \u201e\u00deetta skaltu hafa til marks um a\u00f0 Drottinn muni gera \u00fea\u00f0 sem hann hefur heiti\u00f0: \u00c1 skugginn a\u00f0 f\u00e6rast fram e\u00f0a aftur um t\u00edu stig?\u201c <a name=\"10\"><span class=\"versanumer_2007\">10<\/span><\/a> Hisk\u00eda svara\u00f0i: \u201e\u00dea\u00f0 er au\u00f0velt fyrir skuggann a\u00f0 f\u00e6ra sig fram um t\u00edu stig. Nei, hann \u00e1 a\u00f0 f\u00e6rast aftur um t\u00edu stig.\u201c <a name=\"11\"><span class=\"versanumer_2007\">11<\/span><\/a> Jesaja sp\u00e1ma\u00f0ur hr\u00f3pa\u00f0i \u00fe\u00e1 til Drottins sem l\u00e9t skuggann f\u00e6rast aftur um \u00feau t\u00edu stig sem hann haf\u00f0i fari\u00f0 ni\u00f0ur eftir \u00ferepum Akasar.<\/p>\n<h3 class=\"millifyrirsogn_2007\">Sendibo\u00f0ar fr\u00e1 Bab\u00fdlon<\/h3>\n<p><a name=\"12\"><span class=\"versanumer_2007\">12<\/span><\/a> Um \u00feetta leyti sendi Merodak Baladan Baladansson, konungur \u00ed Bab\u00fdlon, br\u00e9f og gj\u00f6f til Hisk\u00eda af \u00fev\u00ed a\u00f0 hann haf\u00f0i fr\u00e9tt af veikindum hans. <a name=\"13\"><span class=\"versanumer_2007\">13<\/span><\/a> Hisk\u00eda gladdist yfir \u00feessu og s\u00fdndi sendibo\u00f0unum alla fj\u00e1rhirslu s\u00edna, silfri\u00f0, gulli\u00f0, balsami\u00f0 og \u00farvalsol\u00eduna, vopnab\u00far sitt og allt anna\u00f0 sem var\u00f0veitt var \u00ed fj\u00e1rhirslu hans. \u00cd h\u00f6ll hans e\u00f0a r\u00edki var enginn s\u00e1 hlutur sem hann s\u00fdndi \u00feeim ekki.<br \/> <a name=\"14\"><span class=\"versanumer_2007\">14<\/span><\/a> Jesaja sp\u00e1ma\u00f0ur kom \u00fe\u00e1 til Hisk\u00eda konungs og spur\u00f0i: \u201eHva\u00f0 vildu \u00feessir menn og hva\u00f0an komu \u00feeir?\u201c Hisk\u00eda svara\u00f0i: \u201e\u00deeir komu fr\u00e1 fjarl\u00e6gu landi, alla lei\u00f0 fr\u00e1 Bab\u00fdlon.\u201c <a name=\"15\"><span class=\"versanumer_2007\">15<\/span><\/a> \u00de\u00e1 spur\u00f0i Jesaja: \u201eHva\u00f0 s\u00e1u \u00feeir \u00ed h\u00fasi \u00fe\u00ednu?\u201c Hisk\u00eda svara\u00f0i: \u201e\u00deeir s\u00e1u allt sem er \u00ed h\u00fasi m\u00ednu. \u00cd fj\u00e1rhirslum m\u00ednum er enginn s\u00e1 hlutur sem \u00e9g s\u00fdndi \u00feeim ekki.\u201c <a name=\"16\"><span class=\"versanumer_2007\">16<\/span><\/a> \u00de\u00e1 sag\u00f0i Jesaja vi\u00f0 Hisk\u00eda: \u201eHl\u00fdddu \u00e1 or\u00f0 Drottins: <a name=\"17\"><span class=\"versanumer_2007\">17<\/span><\/a> S\u00e1 t\u00edmi mun koma a\u00f0 allt, sem er \u00ed h\u00fasi \u00fe\u00ednu, og allt, sem forfe\u00f0ur \u00fe\u00ednir hafa safna\u00f0 til \u00feessa dags, ver\u00f0ur flutt til Bab\u00fdlonar. Ekkert ver\u00f0ur eftir, segir Drottinn. <a name=\"18\"><span class=\"versanumer_2007\">18<\/span><\/a> Nokkrir af sonum \u00fe\u00ednum, ni\u00f0jum \u00fe\u00ednum, sem \u00fe\u00fa \u00e1tt eftir a\u00f0 eignast, ver\u00f0a teknir og ger\u00f0ir a\u00f0 hir\u00f0sveinum \u00ed h\u00f6ll Bab\u00fdlon\u00edukonungs.\u201c <a name=\"19\"><span class=\"versanumer_2007\">19<\/span><\/a> Hisk\u00eda svara\u00f0i Jesaja og sag\u00f0i: \u201eGott er \u00fea\u00f0 or\u00f0 sem \u00fe\u00fa hefur flutt m\u00e9r fr\u00e1 Drottni.\u201c En hann hugsa\u00f0i me\u00f0 s\u00e9r: \u201e\u00dea\u00f0 ver\u00f0ur \u00fe\u00f3 fri\u00f0ur og festa \u00e1 me\u00f0an \u00e9g lifi.\u201c<\/p>\n<h3 class=\"millifyrirsogn_2007\">Hisk\u00eda deyr<\/h3>\n<p><a name=\"20\"><span class=\"versanumer_2007\">20<\/span><\/a> \u00dea\u00f0 sem \u00f3sagt er af s\u00f6gu Hisk\u00eda og afrekum hans, af tj\u00f6rninni og vatnslei\u00f0slunni, sem hann l\u00e9t gera, og \u00fev\u00ed hvernig hann l\u00e9t lei\u00f0a vatn inn \u00ed borgina, er skr\u00e1\u00f0 \u00ed ann\u00e1la J\u00fadakonunga. <a name=\"21\"><span class=\"versanumer_2007\">21<\/span><\/a> Hisk\u00eda var lag\u00f0ur til hv\u00edldar hj\u00e1 fe\u00f0rum s\u00ednum. Manasse, sonur hans, var\u00f0 konungur eftir hann.<\/p>\n","protected":false},"excerpt":{"rendered":"<p>Jesaja l\u00e6knar Hisk\u00eda 1 Um \u00feessar mundir veiktist Hisk\u00eda og var a\u00f0 dau\u00f0a kominn. Sp\u00e1ma\u00f0urinn Jesaja Amotsson kom \u00fe\u00e1 til hans og sag\u00f0i: \u201eSvo segir Drottinn: R\u00e1\u00f0stafa\u00f0u eigum \u00fe\u00ednum \u00fev\u00ed a\u00f0 \u00fe\u00fa munt deyja, \u00fe\u00fa munt ekki halda l\u00edfi.\u201c 2 Hisk\u00eda sneri s\u00e9r \u00fe\u00e1 til veggjar, ba\u00f0 til Drottins og sag\u00f0i: 3 \u201eMinnstu \u00feess n\u00fa, Drottinn, a\u00f0 \u00e9g hef breytt \u00ed tr\u00fafesti og af einl\u00e6gni fyrir augliti \u00fe\u00ednu og gert \u00fea\u00f0 sem gott er \u00ed augum \u00fe\u00ednum.\u201c Og Hisk\u00eda gr\u00e9t \u00e1kaflega. 4 En \u00e1\u00f0ur en Jesaja var kominn \u00fat \u00far mi\u00f0forgar\u00f0i hallarinnar kom or\u00f0 Drottins til hans svohlj\u00f3\u00f0andi: 5 \u201eSn\u00fa\u00f0u <a href=\"https:\/\/biblian.is\/biblian\/sidari-konungabok-20-kafli\/\"> [&#8230;]<\/a><\/p>\n","protected":false},"author":1,"featured_media":0,"parent":0,"menu_order":0,"comment_status":"open","ping_status":"open","template":"bibliukaflar_NT.php","meta":{"footnotes":""},"class_list":["post-1950","page","type-page","status-publish","hentry"],"_links":{"self":[{"href":"https:\/\/biblian.is\/biblian\/wp-json\/wp\/v2\/pages\/1950","targetHints":{"allow":["GET"]}}],"collection":[{"href":"https:\/\/biblian.is\/biblian\/wp-json\/wp\/v2\/pages"}],"about":[{"href":"https:\/\/biblian.is\/biblian\/wp-json\/wp\/v2\/types\/page"}],"author":[{"embeddable":true,"href":"https:\/\/biblian.is\/biblian\/wp-json\/wp\/v2\/users\/1"}],"replies":[{"embeddable":true,"href":"https:\/\/biblian.is\/biblian\/wp-json\/wp\/v2\/comments?post=1950"}],"version-history":[{"count":0,"href":"https:\/\/biblian.is\/biblian\/wp-json\/wp\/v2\/pages\/1950\/revisions"}],"wp:attachment":[{"href":"https:\/\/biblian.is\/biblian\/wp-json\/wp\/v2\/media?parent=1950"}],"curies":[{"name":"wp","href":"https:\/\/api.w.org\/{rel}","templated":true}]}}