{"id":1949,"date":"2017-12-30T21:01:05","date_gmt":"2017-12-30T21:01:05","guid":{"rendered":"http:\/\/biblian.is\/biblian\/s%c2%92_ari-konungab%c2%97k-19-kafli\/"},"modified":"2024-02-06T18:26:20","modified_gmt":"2024-02-06T18:26:20","slug":"sidari-konungabok-19-kafli","status":"publish","type":"page","link":"https:\/\/biblian.is\/biblian\/sidari-konungabok-19-kafli\/","title":{"rendered":"S\u00ed\u00f0ari konungab\u00f3k 19. kafli"},"content":{"rendered":"<h3 class=\"millifyrirsogn_2007\"> Hisk\u00eda leitar til Jesaja sp\u00e1manns<\/h3>\n<p><a name=\"1\"><span class=\"versanumer_2007\">1<\/span><\/a> \u00deegar Hisk\u00eda konungur heyr\u00f0i \u00feetta reif hann kl\u00e6\u00f0i s\u00edn, kl\u00e6ddist h\u00e6rusekk og gekk \u00ed musteri Drottins. <a name=\"2\"><span class=\"versanumer_2007\">2<\/span><\/a> S\u00ed\u00f0an sendi hann Eljak\u00edm hir\u00f0stj\u00f3ra, Sebna r\u00edkisritara og \u00f6ldunga prestanna kl\u00e6dda h\u00e6rusekkjum til Jesaja Amotssonar sp\u00e1manns <a name=\"3\"><span class=\"versanumer_2007\">3<\/span><\/a> og skyldu \u00feeir segja vi\u00f0 hann: \u201eSvo segir Hisk\u00eda: \u00cd dag er dagur ney\u00f0ar, hirtingar og h\u00e1\u00f0ungar. Barni\u00f0 er komi\u00f0 \u00ed bur\u00f0arli\u00f0inn en krafturinn enginn til a\u00f0 f\u00e6\u00f0a. <a name=\"4\"><span class=\"versanumer_2007\">4<\/span><\/a> Ef til vill hefur Drottinn, Gu\u00f0 \u00feinn, heyrt \u00f6ll or\u00f0 konungsfulltr\u00faans sem Ass\u00fdr\u00edukonungur, h\u00fasb\u00f3ndi hans, l\u00e9t hann segja til a\u00f0 sm\u00e1na hinn lifandi Gu\u00f0. Ef til vill mun Drottinn, Gu\u00f0 \u00feinn, senda refsingu fyrir \u00fea\u00f0 sem hann heyr\u00f0i. En bi\u00f0 \u00fe\u00fa fyrir \u00feeim sem af komast.\u201c<br \/> <a name=\"5\"><span class=\"versanumer_2007\">5<\/span><\/a> \u00dej\u00f3nar Hisk\u00eda konungs komu n\u00fa til Jesaja <a name=\"6\"><span class=\"versanumer_2007\">6<\/span><\/a> og hann sag\u00f0i vi\u00f0 \u00fe\u00e1: \u201eSegi\u00f0 h\u00fasb\u00f3nda ykkar: Svo segir Drottinn: \u00de\u00fa skalt ekki \u00f3ttast sm\u00e1naryr\u00f0in sem \u00fej\u00f3nar Ass\u00fdr\u00edukonungs sv\u00edvirtu mig me\u00f0. <a name=\"7\"><span class=\"versanumer_2007\">7<\/span><\/a> \u00c9g mun senda \u00ed hann anda og hann mun heyra or\u00f0r\u00f3m nokkurn og sn\u00faa aftur til lands s\u00edns. S\u00ed\u00f0an l\u00e6t \u00e9g hann falla fyrir sver\u00f0i \u00ed s\u00ednu eigin landi.\u201c<br \/> <a name=\"8\"><span class=\"versanumer_2007\">8<\/span><\/a> Marsk\u00e1lkurinn sneri aftur er hann fr\u00e9tti a\u00f0 Ass\u00fdr\u00edukonungur v\u00e6ri farinn fr\u00e1 Lak\u00eds og fann hann \u00fear sem hann herja\u00f0i \u00e1 L\u00edbna. <a name=\"9\"><span class=\"versanumer_2007\">9<\/span><\/a> Er Ass\u00fdr\u00edukonungur fr\u00e9tti a\u00f0 T\u00edrhaka, konungur K\u00fass, v\u00e6ri lag\u00f0ur af sta\u00f0 \u00ed herna\u00f0 gegn honum ger\u00f0i hann menn \u00e1 fund Hisk\u00eda me\u00f0 \u00feessi bo\u00f0: <a name=\"10\"><span class=\"versanumer_2007\">10<\/span><\/a> \u201eSvo skulu\u00f0 \u00fei\u00f0 segja vi\u00f0 Hisk\u00eda J\u00fadakonung: L\u00e1ttu ekki \u00feennan gu\u00f0 \u00feinn, sem \u00fe\u00fa treystir \u00e1, blekkja \u00feig svo a\u00f0 \u00fe\u00fa haldir a\u00f0 Jer\u00fasalem ver\u00f0i ekki l\u00e1tin \u00ed hendur Ass\u00fdr\u00edukonungi. <a name=\"11\"><span class=\"versanumer_2007\">11<\/span><\/a> \u00de\u00fa hl\u00fdtur a\u00f0 hafa heyrt hvernig Ass\u00fdr\u00edukonungar hafa fari\u00f0 me\u00f0 \u00f6ll \u00f6nnur l\u00f6nd. \u00deeir hafa gereytt \u00feau. Heldur \u00fe\u00fa a\u00f0 \u00fe\u00fa bjargist? <a name=\"12\"><span class=\"versanumer_2007\">12<\/span><\/a> Bj\u00f6rgu\u00f0u gu\u00f0irnir \u00fej\u00f3\u00f0unum sem forfe\u00f0ur m\u00ednir gereyddu? Bj\u00f6rgu\u00f0u \u00feeir G\u00f3san og Haran, Resef og Edensm\u00f6nnum sem bjuggu \u00ed Telassar? <a name=\"13\"><span class=\"versanumer_2007\">13<\/span><\/a> Hvar er konungur Hamats, hvar er konungur Arpads e\u00f0a konungarnir \u00ed La\u00edr, Sefarva\u00edm, Hena og \u00cdva?\u201c<\/p>\n<h3 class=\"millifyrirsogn_2007\">B\u00e6n Hisk\u00eda<\/h3>\n<p><a name=\"14\"><span class=\"versanumer_2007\">14<\/span><\/a> Hisk\u00eda t\u00f3k vi\u00f0 br\u00e9finu af sendibo\u00f0unum, las \u00fea\u00f0, gekk \u00ed musteri Drottins og breiddi \u00far \u00fev\u00ed frammi fyrir augliti Drottins. <a name=\"15\"><span class=\"versanumer_2007\">15<\/span><\/a> S\u00ed\u00f0an flutti Hisk\u00eda b\u00e6n fyrir augliti Drottins og sag\u00f0i:<br \/>\u201eDrottinn, Gu\u00f0 \u00cdsraels, \u00fe\u00fa sem situr \u00ed h\u00e1s\u00e6ti yfir ker\u00fabunum, \u00fe\u00fa einn ert Gu\u00f0 allra konungsr\u00edkja veraldar. \u00dea\u00f0 ert \u00fe\u00fa sem hefur gert himin og j\u00f6r\u00f0. <a name=\"16\"><span class=\"versanumer_2007\">16<\/span><\/a> Legg\u00f0u vi\u00f0 eyru og heyr. Lj\u00faktu upp augum, Drottinn, og l\u00edttu \u00e1. Hl\u00fdddu \u00e1 skilabo\u00f0 Sanher\u00edbs sem hann sendi til \u00feess a\u00f0 sm\u00e1na hinn lifandi Gu\u00f0. <a name=\"17\"><span class=\"versanumer_2007\">17<\/span><\/a> Satt er \u00fea\u00f0, Drottinn, a\u00f0 konungar Ass\u00fdr\u00edu hafa eytt \u00fej\u00f3\u00f0um og l\u00f6ndum \u00feeirra <a name=\"18\"><span class=\"versanumer_2007\">18<\/span><\/a> og varpa\u00f0 gu\u00f0um \u00feeirra \u00e1 eld. En \u00feeir voru engir gu\u00f0ir heldur verk manna \u00far tr\u00e9 og steini. \u00deess vegna g\u00e1tu \u00feeir eytt \u00feeim. <a name=\"19\"><span class=\"versanumer_2007\">19<\/span><\/a> Drottinn, Gu\u00f0 okkar, bjarga\u00f0u okkur n\u00fa \u00far greipum hans svo a\u00f0 \u00f6ll konungsr\u00edki veraldar komist a\u00f0 raun um a\u00f0 \u00fe\u00fa, Drottinn, \u00fe\u00fa einn ert Gu\u00f0.\u201c<\/p>\n<h3 class=\"millifyrirsogn_2007\">H\u00e1\u00f0kv\u00e6\u00f0i um Ass\u00fdr\u00edukonung<\/h3>\n<p><a name=\"20\"><span class=\"versanumer_2007\">20<\/span><\/a> Jesaja Amotsson sendi \u00feessi bo\u00f0 til Hisk\u00eda: \u201eSvo segir Drottinn, Gu\u00f0 \u00cdsraels: \u00de\u00fa hefur be\u00f0i\u00f0 til m\u00edn um hj\u00e1lp gegn Sanher\u00edb Ass\u00fdr\u00edukonungi og \u00e9g hef b\u00e6nheyrt \u00feig. <a name=\"21\"><span class=\"versanumer_2007\">21<\/span><\/a> \u00deetta er or\u00f0i\u00f0 sem Drottinn hefur tala\u00f0 gegn honum:<br \/> <span class=\"ljodatexti\"> H\u00fan fyrirl\u00edtur \u00feig, h\u00fan h\u00e6\u00f0ist a\u00f0 \u00fe\u00e9r,<br \/>m\u00e6rin, d\u00f3ttirin S\u00edon.<br \/>H\u00fan hristir h\u00f6fu\u00f0i\u00f0 yfir \u00fe\u00e9r,<br \/>d\u00f3ttirin Jer\u00fasalem.<br \/> <\/span> <span class=\"ljodatexti\"> <a name=\"22\"><span class=\"versanumer_ljod\">22<\/span><\/a> Hvern hefur \u00fe\u00fa sm\u00e1na\u00f0 og hvern spotta\u00f0?<br \/>Gegn hverjum hefur \u00fe\u00fa br\u00fdnt raustina,<br \/>gegn hverjum hvesst augun?<br \/>Gegn Hinum heilaga \u00ed \u00cdsrael!<br \/> <\/span> <span class=\"ljodatexti\"> <a name=\"23\"><span class=\"versanumer_ljod\">23<\/span><\/a> \u00de\u00fa h\u00e6ddir Drottin af munni sendibo\u00f0a \u00feinna<br \/>og sag\u00f0ir: \u201e\u00c9g hef fari\u00f0 upp \u00e1 h\u00e6stu fj\u00f6llin,<br \/>\u00e1 efsta tind L\u00edbanons<br \/>me\u00f0 fj\u00f6lmarga str\u00ed\u00f0svagna.<br \/> \u00c9g hef h\u00f6ggvi\u00f0 h\u00e6stu sedrustr\u00e9n<br \/>og voldugustu k\u00fdprustr\u00e9n.<br \/>\u00c9g hef komi\u00f0 inn \u00ed innstu fylgsnin<br \/>\u00ed \u00fe\u00e9ttasta \u00feykkninu.<br \/> <\/span> <span class=\"ljodatexti\"> <a name=\"24\"><span class=\"versanumer_ljod\">24<\/span><\/a> \u00c9g hef grafi\u00f0 brunna<br \/>og drukki\u00f0 \u00fatlent vatn.<br \/>\u00c9g hef \u00feurrka\u00f0 upp allar \u00e1r Egyptalands<br \/>undir iljum f\u00f3ta minna.\u201c<br \/> <\/span> <span class=\"ljodatexti\"> <a name=\"25\"><span class=\"versanumer_ljod\">25<\/span><\/a> Hefur \u00fe\u00fa ekki heyrt?<br \/>Fyrir l\u00f6ngu kom \u00e9g \u00feessu til lei\u00f0ar,<br \/>fr\u00e1 \u00f6ndver\u00f0u r\u00e1\u00f0ger\u00f0i \u00e9g \u00feetta.<br \/>N\u00fa hef \u00e9g l\u00e1ti\u00f0 \u00fea\u00f0 ver\u00f0a:<br \/>\u00de\u00fa ger\u00f0ir v\u00edggirtar borgir<br \/>a\u00f0 r\u00fastum og grj\u00f3thr\u00fagum<br \/> <\/span> <span class=\"ljodatexti\"> <a name=\"26\"><span class=\"versanumer_ljod\">26<\/span><\/a> svo a\u00f0 \u00edb\u00faum \u00feeirra f\u00e9llust hendur<br \/>og \u00feeir voru ni\u00f0url\u00e6g\u00f0ir og au\u00f0m\u00fdktir.<br \/>\u00deeir voru eins og reyr \u00e1 engi,<br \/>eins og n\u00fdsprotti\u00f0 gr\u00e6ngresi\u00f0.<br \/>\u00deeir voru l\u00edkir grasi \u00e1 \u00feaki<br \/>sem svi\u00f0na\u00f0i \u00ed gl\u00f3\u00f0heitum austanvindinum.<br \/> <\/span> <span class=\"ljodatexti\"> <a name=\"27\"><span class=\"versanumer_ljod\">27<\/span><\/a> Hvort sem \u00fe\u00fa situr kyrr,<br \/>gengur \u00fat e\u00f0a inn,<br \/>\u00fe\u00e1 veit \u00e9g \u00fea\u00f0.<br \/> <\/span> <span class=\"ljodatexti\"> <a name=\"28\"><span class=\"versanumer_ljod\">28<\/span><\/a> \u00dear sem \u00fe\u00fa hefur hamast gegn m\u00e9r<br \/>og \u00f6skur \u00feitt hefur borist m\u00e9r til eyrna<br \/>set \u00e9g hring \u00ed nasir \u00fe\u00e9r og beisli \u00ed munn \u00fe\u00e9r:<br \/>\u00c9g mun teyma \u00feig aftur<br \/>sama veg og \u00fe\u00fa komst. <\/span> <\/p>\n<h3 class=\"millifyrirsogn_2007\">Fyrirheit um bj\u00f6rgun Jer\u00fasalem<\/h3>\n<p><span class=\"ljodatexti\"> <a name=\"29\"><span class=\"versanumer_ljod\">29<\/span><\/a> \u00deetta skal vera \u00fe\u00e9r <span class=\"nedan_mal\" title=\" \u00c1tt er vi\u00f0 Hisk\u00eda konung.\">[<\/span> t\u00e1kn:<br \/> <\/span> <span class=\"ljodatexti\"> \u00c1 \u00feessu \u00e1ri skulu\u00f0 \u00fe\u00e9r<br \/>n\u00e6rast \u00e1 sj\u00e1lfs\u00e1nu korni,<br \/> n\u00e6sta \u00e1r \u00e1 villtu korni<br \/>en \u00feri\u00f0ja \u00e1ri\u00f0 skulu\u00f0 \u00fe\u00e9r s\u00e1 og uppskera,<br \/>planta v\u00edngar\u00f0a<br \/>og neyta \u00e1vaxta \u00feeirra.<br \/> <\/span> <span class=\"ljodatexti\"> <a name=\"30\"><span class=\"versanumer_ljod\">30<\/span><\/a> \u00deeir sem skildir ver\u00f0a eftir af J\u00fada\u00e6ttkv\u00edsl<br \/>og komast af<br \/>munu aftur skj\u00f3ta r\u00f3tum \u00ed j\u00f6r\u00f0u<br \/>og bera \u00e1v\u00f6xt hi\u00f0 efra.<br \/> <\/span> <span class=\"ljodatexti\"> <a name=\"31\"><span class=\"versanumer_ljod\">31<\/span><\/a> Fr\u00e1 Jer\u00fasalem koma \u00feeir sem eftir ver\u00f0a<br \/>og fr\u00e1 S\u00edonarfjalli \u00feeir sem frelsast.<br \/>Brennandi \u00e1kafi Drottins mun koma \u00feessu til lei\u00f0ar.<br \/> <\/span> <span class=\"ljodatexti\"> <a name=\"32\"><span class=\"versanumer_ljod\">32<\/span><\/a> \u00deess vegna segir Drottinn um Ass\u00fdr\u00edukonung:<br \/>Hann kemur ekki inn \u00ed \u00feessa borg,<br \/>sk\u00fdtur ekki einni \u00f6r \u00feanga\u00f0.<br \/>Hann ber hvorki skj\u00f6ld gegn henni<br \/>n\u00e9 hle\u00f0ur a\u00f0 henni virkisvegg.<br \/> <\/span> <span class=\"ljodatexti\"> <a name=\"33\"><span class=\"versanumer_ljod\">33<\/span><\/a> Hann mun sn\u00faa aftur sama veg og hann kom,<br \/>inn \u00ed \u00feessa borg kemur hann ekki, segir Drottinn.<br \/> <\/span> <span class=\"ljodatexti\"> <a name=\"34\"><span class=\"versanumer_ljod\">34<\/span><\/a> \u00c9g vil vernda \u00feessa borg og frelsa hana,<br \/>vegna sj\u00e1lfs m\u00edn og vegna Dav\u00ed\u00f0s, \u00fej\u00f3ns m\u00edns. <\/span> <\/p>\n<h3 class=\"millifyrirsogn_2007\">Jer\u00fasalem bjarga\u00f0<\/h3>\n<p><a name=\"35\"><span class=\"versanumer_2007\">35<\/span><\/a> \u00deessa s\u00f6mu n\u00f3tt f\u00f3r engill Drottins \u00fat og deyddi hundra\u00f0 \u00e1ttat\u00edu og fimm \u00fe\u00fasund menn \u00ed herb\u00fa\u00f0um Ass\u00fdringa. Um f\u00f3tafer\u00f0 morguninn eftir voru \u00feeir allir li\u00f0in l\u00edk. <a name=\"36\"><span class=\"versanumer_2007\">36<\/span><\/a> Sanher\u00edb Ass\u00fdr\u00edukonungur lag\u00f0i \u00fe\u00e1 af sta\u00f0, sneri aftur til N\u00edn\u00edve og h\u00e9lt \u00fear kyrru fyrir. <a name=\"37\"><span class=\"versanumer_2007\">37<\/span><\/a> En svo bar vi\u00f0 einhverju sinni \u00feegar hann ba\u00f0st fyrir \u00ed h\u00fasi N\u00edsroks, gu\u00f0s s\u00edns, a\u00f0 Adrammelek og Sareser, synir hans, hjuggu hann til bana me\u00f0 sver\u00f0i. \u00deeir komust undan \u00e1 fl\u00f3tta til Araratlands. Asarhaddon, sonur Sanher\u00edbs, var\u00f0 konungur eftir hann.<\/p>\n","protected":false},"excerpt":{"rendered":"<p>Hisk\u00eda leitar til Jesaja sp\u00e1manns 1 \u00deegar Hisk\u00eda konungur heyr\u00f0i \u00feetta reif hann kl\u00e6\u00f0i s\u00edn, kl\u00e6ddist h\u00e6rusekk og gekk \u00ed musteri Drottins. 2 S\u00ed\u00f0an sendi hann Eljak\u00edm hir\u00f0stj\u00f3ra, Sebna r\u00edkisritara og \u00f6ldunga prestanna kl\u00e6dda h\u00e6rusekkjum til Jesaja Amotssonar sp\u00e1manns 3 og skyldu \u00feeir segja vi\u00f0 hann: \u201eSvo segir Hisk\u00eda: \u00cd dag er dagur ney\u00f0ar, hirtingar og h\u00e1\u00f0ungar. Barni\u00f0 er komi\u00f0 \u00ed bur\u00f0arli\u00f0inn en krafturinn enginn til a\u00f0 f\u00e6\u00f0a. 4 Ef til vill hefur Drottinn, Gu\u00f0 \u00feinn, heyrt \u00f6ll or\u00f0 konungsfulltr\u00faans sem Ass\u00fdr\u00edukonungur, h\u00fasb\u00f3ndi hans, l\u00e9t hann segja til a\u00f0 sm\u00e1na hinn lifandi Gu\u00f0. Ef til vill mun Drottinn, Gu\u00f0 \u00feinn, <a href=\"https:\/\/biblian.is\/biblian\/sidari-konungabok-19-kafli\/\"> [&#8230;]<\/a><\/p>\n","protected":false},"author":1,"featured_media":0,"parent":0,"menu_order":0,"comment_status":"open","ping_status":"open","template":"bibliukaflar_NT.php","meta":{"footnotes":""},"class_list":["post-1949","page","type-page","status-publish","hentry"],"_links":{"self":[{"href":"https:\/\/biblian.is\/biblian\/wp-json\/wp\/v2\/pages\/1949","targetHints":{"allow":["GET"]}}],"collection":[{"href":"https:\/\/biblian.is\/biblian\/wp-json\/wp\/v2\/pages"}],"about":[{"href":"https:\/\/biblian.is\/biblian\/wp-json\/wp\/v2\/types\/page"}],"author":[{"embeddable":true,"href":"https:\/\/biblian.is\/biblian\/wp-json\/wp\/v2\/users\/1"}],"replies":[{"embeddable":true,"href":"https:\/\/biblian.is\/biblian\/wp-json\/wp\/v2\/comments?post=1949"}],"version-history":[{"count":0,"href":"https:\/\/biblian.is\/biblian\/wp-json\/wp\/v2\/pages\/1949\/revisions"}],"wp:attachment":[{"href":"https:\/\/biblian.is\/biblian\/wp-json\/wp\/v2\/media?parent=1949"}],"curies":[{"name":"wp","href":"https:\/\/api.w.org\/{rel}","templated":true}]}}