{"id":1947,"date":"2017-12-30T21:01:05","date_gmt":"2017-12-30T21:01:05","guid":{"rendered":"http:\/\/biblian.is\/biblian\/s%c2%92_ari-konungab%c2%97k-17-kafli\/"},"modified":"2024-02-06T18:26:19","modified_gmt":"2024-02-06T18:26:19","slug":"sidari-konungabok-17-kafli","status":"publish","type":"page","link":"https:\/\/biblian.is\/biblian\/sidari-konungabok-17-kafli\/","title":{"rendered":"S\u00ed\u00f0ari konungab\u00f3k 17. kafli"},"content":{"rendered":"<h3 class=\"millifyrirsogn_2007\"> H\u00f3sea \u00cdsraelskonungur og fall Samar\u00edu<\/h3>\n<p><a name=\"1\"><span class=\"versanumer_2007\">1<\/span><\/a> \u00c1 t\u00f3lfta stj\u00f3rnar\u00e1ri Akasar, konungs \u00ed J\u00fada, var\u00f0 H\u00f3sea Elason konungur yfir \u00cdsrael og r\u00edkti n\u00edu \u00e1r \u00ed Samar\u00edu. <a name=\"2\"><span class=\"versanumer_2007\">2<\/span><\/a> Hann ger\u00f0i \u00fea\u00f0 sem illt var \u00ed augum Drottins, samt ekki eins og \u00feeir konungar \u00cdsraels sem voru fyrirrennarar hans.<br \/> <a name=\"3\"><span class=\"versanumer_2007\">3<\/span><\/a> Gegn honum r\u00e9\u00f0st n\u00fa Salmaneser Ass\u00fdr\u00edukonungur og var\u00f0 H\u00f3sea honum l\u00fd\u00f0skyldur og greiddi honum skatt. <a name=\"4\"><span class=\"versanumer_2007\">4<\/span><\/a> S\u00ed\u00f0an komst Ass\u00fdr\u00edukonungur a\u00f0 \u00fev\u00ed a\u00f0 H\u00f3sea t\u00f3k \u00fe\u00e1tt \u00ed sams\u00e6ri gegn honum og a\u00f0 hann haf\u00f0i sent mann til S\u00f3 Egyptalandskonungs en ekki skila\u00f0 \u00e1rlegum skatti til Ass\u00fdr\u00edukonungs sem l\u00e9t \u00fev\u00ed gr\u00edpa hann og varpa honum \u00ed fangelsi.<br \/> <a name=\"5\"><span class=\"versanumer_2007\">5<\/span><\/a> Ass\u00fdr\u00edukonungur herja\u00f0i \u00e1 allt landi\u00f0, f\u00f3r til Samar\u00edu og sat um hana \u00ed \u00ferj\u00fa \u00e1r. <a name=\"6\"><span class=\"versanumer_2007\">6<\/span><\/a> \u00c1 n\u00edunda stj\u00f3rnar\u00e1ri H\u00f3sea vann Ass\u00fdr\u00edukonungur Samar\u00edu, flutti \u00cdsraelsmenn \u00ed \u00fatleg\u00f0 til Ass\u00fdr\u00edu og setti \u00fe\u00e1 ni\u00f0ur \u00ed Hala og vi\u00f0 Haborflj\u00f3t \u00ed G\u00f3san og \u00ed borgum Meda.<\/p>\n<h3 class=\"millifyrirsogn_2007\">Endalok Nor\u00f0urr\u00edkisins, \u00cdsraels<\/h3>\n<p><a name=\"7\"><span class=\"versanumer_2007\">7<\/span><\/a> \u00deannig f\u00f3r af \u00fev\u00ed a\u00f0 \u00cdsraelsmenn syndgu\u00f0u gegn Drottni, Gu\u00f0i s\u00ednum, sem haf\u00f0i leitt \u00fe\u00e1 upp fr\u00e1 Egyptalandi undan valdi fara\u00f3s, konungs Egyptalands. \u00deeir d\u00fdrku\u00f0u a\u00f0ra gu\u00f0i <a name=\"8\"><span class=\"versanumer_2007\">8<\/span><\/a> og lif\u00f0u samkv\u00e6mt si\u00f0um \u00fej\u00f3\u00f0anna, sem Drottinn haf\u00f0i hraki\u00f0 undan \u00cdsraelsm\u00f6nnum, og fylgdu ford\u00e6mi \u00cdsraelskonunga. <a name=\"9\"><span class=\"versanumer_2007\">9<\/span><\/a> \u00cdsraelsmenn ger\u00f0u \u00fdmislegt \u00e1 laun sem ekki var \u00ed samr\u00e6mi vi\u00f0 vilja Drottins, Gu\u00f0s \u00feeirra. \u00deeir reistu s\u00e9r f\u00f3rnarh\u00e6\u00f0ir \u00ed \u00f6llum borgum s\u00ednum, b\u00e6\u00f0i hj\u00e1 var\u00f0turnum og v\u00edggirtum borgum. <a name=\"10\"><span class=\"versanumer_2007\">10<\/span><\/a> \u00deeir reistu merkisteina og As\u00e9rust\u00f3lpa \u00e1 hverjum h\u00e1um h\u00f3l og undir hverju gr\u00e6nu tr\u00e9 <a name=\"11\"><span class=\"versanumer_2007\">11<\/span><\/a> og f\u00e6r\u00f0u reykelsisf\u00f3rnir \u00e1 \u00f6llum \u00feessum h\u00e6\u00f0um eins og \u00fej\u00f3\u00f0irnar sem Drottinn haf\u00f0i reki\u00f0 \u00ed \u00fatleg\u00f0 \u00e1 undan \u00feeim. \u00deeir unnu ill verk og v\u00f6ktu me\u00f0 \u00fev\u00ed rei\u00f0i Drottins. <a name=\"12\"><span class=\"versanumer_2007\">12<\/span><\/a> \u00deeir d\u00fdrku\u00f0u hj\u00e1gu\u00f0i \u00fe\u00f3 a\u00f0 Drottinn hef\u00f0i sagt vi\u00f0 \u00fe\u00e1: \u201eSvo skulu\u00f0 \u00fei\u00f0 ekki gera.\u201c<br \/> <a name=\"13\"><span class=\"versanumer_2007\">13<\/span><\/a> Drottinn haf\u00f0i vara\u00f0 \u00cdsrael og J\u00fada vi\u00f0 fyrir munn allra sp\u00e1manna sinna og sj\u00e1enda: \u201eSn\u00fai\u00f0 fr\u00e1 illri breytni ykkar og haldi\u00f0 bo\u00f0 m\u00edn og \u00e1kv\u00e6\u00f0i samkv\u00e6mt l\u00f6gm\u00e1li m\u00ednu sem \u00e9g lag\u00f0i fyrir forfe\u00f0ur ykkar og flutti ykkur af munni sp\u00e1manna minna.\u201c<br \/> <a name=\"14\"><span class=\"versanumer_2007\">14<\/span><\/a> En \u00feeir vildu ekki hlusta heldur voru har\u00f0sv\u00edra\u00f0ir eins og forfe\u00f0ur \u00feeirra sem treystu ekki Drottni, Gu\u00f0i s\u00ednum. <a name=\"15\"><span class=\"versanumer_2007\">15<\/span><\/a> \u00deeir h\u00f6fnu\u00f0u \u00e1kv\u00e6\u00f0um hans og \u00feeim s\u00e1ttm\u00e1la, sem hann haf\u00f0i gert vi\u00f0 forfe\u00f0ur \u00feeirra, og skeyttu engu \u00feeim vi\u00f0v\u00f6runum sem hann sendi \u00feeim. \u00deeir eltust vi\u00f0 f\u00e1n\u00fdti og ur\u00f0u sj\u00e1lfir f\u00e1n\u00fdtir. \u00deeir l\u00edktu eftir n\u00e1granna\u00fej\u00f3\u00f0unum \u00fe\u00f3tt Drottinn hef\u00f0i banna\u00f0 \u00feeim a\u00f0 l\u00edkja eftir \u00feeim. <a name=\"16\"><span class=\"versanumer_2007\">16<\/span><\/a> \u00deeir brutu \u00f6ll bo\u00f0 Drottins, Gu\u00f0s s\u00edns, steyptu s\u00e9r tv\u00f6 k\u00e1lfsl\u00edkneski, ger\u00f0u As\u00e9rust\u00f3lpa, d\u00fdrku\u00f0u allan himinsins her og \u00fej\u00f3nu\u00f0u Baal. <a name=\"17\"><span class=\"versanumer_2007\">17<\/span><\/a> \u00deeir l\u00e9tu syni s\u00edna og d\u00e6tur ganga gegnum eldinn, stundu\u00f0u galdra og s\u00e6ringar, ofurseldu sig \u00fev\u00ed sem illt var \u00ed augum Drottins og v\u00f6ktu \u00feannig rei\u00f0i hans. <a name=\"18\"><span class=\"versanumer_2007\">18<\/span><\/a> Af \u00feessum s\u00f6kum reiddist Drottinn \u00cdsraelsm\u00f6nnum \u00e1kaflega og v\u00e9k \u00feeim burt fr\u00e1 augliti s\u00ednu. \u00c6ttb\u00e1lkur J\u00fada var einn eftir.<br \/> <a name=\"19\"><span class=\"versanumer_2007\">19<\/span><\/a> J\u00fadamenn hl\u00fdddu \u00fe\u00f3 ekki bo\u00f0um Drottins, Gu\u00f0s s\u00edns, heldur f\u00f3ru a\u00f0 \u00feeim si\u00f0um sem \u00cdsraelsmenn h\u00f6f\u00f0u tami\u00f0 s\u00e9r. <a name=\"20\"><span class=\"versanumer_2007\">20<\/span><\/a> \u00deess vegna hafna\u00f0i Drottinn allri \u00fej\u00f3\u00f0 \u00cdsraels. Hann au\u00f0m\u00fdkti hana, framseldi \u00ed hendur r\u00e6ningjum og rak hana loks fr\u00e1 augliti s\u00ednu.<br \/> <a name=\"21\"><span class=\"versanumer_2007\">21<\/span><\/a> \u00deegar hann haf\u00f0i rifi\u00f0 \u00cdsrael fr\u00e1 \u00e6tt Dav\u00ed\u00f0s og \u00feeir h\u00f6f\u00f0u gert Jer\u00f3b\u00f3am Nebatsson a\u00f0 konungi, \u00fe\u00e1 leiddi Jer\u00f3b\u00f3am \u00cdsraelsmenn burt fr\u00e1 Drottni og kom \u00feeim til a\u00f0 dr\u00fdgja mikla synd. <a name=\"22\"><span class=\"versanumer_2007\">22<\/span><\/a> \u00cdsraelsmenn dr\u00fdg\u00f0u allar s\u00f6mu syndirnar og Jer\u00f3b\u00f3am og sneru ekki baki vi\u00f0 \u00feeim <a name=\"23\"><span class=\"versanumer_2007\">23<\/span><\/a> fyrr en Drottinn v\u00e9k \u00cdsrael fr\u00e1 augliti s\u00ednu eins og hann haf\u00f0i bo\u00f0a\u00f0 fyrir munn \u00fej\u00f3na sinna, sp\u00e1mannanna. \u00cdsrael var \u00fev\u00ed fluttur \u00far landi s\u00ednu \u00ed \u00fatleg\u00f0 til Ass\u00fdr\u00edu og er \u00fear enn.<\/p>\n<h3 class=\"millifyrirsogn_2007\">\u00cdsraelsmenn herleiddir<\/h3>\n<p><a name=\"24\"><span class=\"versanumer_2007\">24<\/span><\/a> Ass\u00fdr\u00edukonungur flutti f\u00f3lk fr\u00e1 Bab\u00fdlon, K\u00fata, Ava, Hamat og Sefarva\u00edm til landsins<span class=\"nedan_mal\" title=\" K\u00fata var skammt nor\u00f0austan vi\u00f0 Bab\u00fdlon. Hamat vi\u00f0 \u00d3rontesflj\u00f3t var fyrir nor\u00f0an Damaskus. \u00d3v\u00edst er um a\u00f0ra sta\u00f0i sem nefndir eru. H\u00e9r \u00e1 Samar\u00eda ekki vi\u00f0 borgina heldur skatth\u00e9ra\u00f0i\u00f0 sem heitir Samer\u00edna \u00ed ass\u00fdr\u00edskum \u00e1letrunum.\">[<\/span> og l\u00e9t \u00fea\u00f0 setjast a\u00f0 \u00ed borgum Samar\u00edu \u00ed sta\u00f0 \u00cdsraelsmanna. \u00deessar \u00fej\u00f3\u00f0ir t\u00f3ku Samar\u00eduh\u00e9ra\u00f0<span class=\"nedan_mal\" title=\" Samar\u00eda (\u00e1\u00f0ur Nor\u00f0urr\u00edki\u00f0, \u00cdsrael, er kennt var vi\u00f0 h\u00f6fu\u00f0borgina) var h\u00e9ra\u00f0 \u00ed ass\u00fdr\u00edska heimsveldinu og \u00feeir nefndir Samverjar er \u00fear bjuggu.\">[<\/span> og settust a\u00f0 \u00ed borgum \u00feess.<br \/> <a name=\"25\"><span class=\"versanumer_2007\">25<\/span><\/a> Fyrst eftir a\u00f0 \u00fej\u00f3\u00f0ir \u00feessar voru sestar \u00fear a\u00f0 d\u00fdrku\u00f0u \u00fe\u00e6r ekki Drottin. Drottinn sendi \u00fev\u00ed lj\u00f3n til \u00feeirra og dr\u00e1pu \u00feau nokkra menn. <a name=\"26\"><span class=\"versanumer_2007\">26<\/span><\/a> Menn sneru s\u00e9r \u00fev\u00ed til Ass\u00fdr\u00edukonungs og s\u00f6g\u00f0u: \u201e\u00dej\u00f3\u00f0irnar, sem \u00fe\u00fa fluttir \u00ed \u00fatleg\u00f0 og l\u00e9st setjast a\u00f0 \u00ed borgum Samar\u00edu, \u00feekkja ekki helgisi\u00f0i landsgu\u00f0sins. N\u00fa hefur hann sent til \u00feeirra lj\u00f3n sem drepa \u00fe\u00e6r af \u00fev\u00ed a\u00f0 \u00fe\u00e6r \u00feekkja ekki helgisi\u00f0i landsgu\u00f0sins.\u201c<br \/> <a name=\"27\"><span class=\"versanumer_2007\">27<\/span><\/a> \u00de\u00e1 skipa\u00f0i Ass\u00fdr\u00edukonungur svo fyrir: \u201eL\u00e1ti\u00f0 einn prestanna, sem \u00fei\u00f0 fluttu\u00f0 \u00ed \u00fatleg\u00f0, fara \u00feanga\u00f0 aftur. Hann skal setjast \u00fear a\u00f0 og kenna \u00feeim helgisi\u00f0i landsgu\u00f0sins.\u201c <a name=\"28\"><span class=\"versanumer_2007\">28<\/span><\/a> \u00de\u00e1 kom einn prestanna, sem fluttir h\u00f6f\u00f0u veri\u00f0 fr\u00e1 Samar\u00edu, aftur, settist a\u00f0 \u00ed Betel og kenndi \u00feeim hvernig \u00feeir \u00e1ttu a\u00f0 d\u00fdrka Drottin.<\/p>\n<h3 class=\"millifyrirsogn_2007\">\u00c1tr\u00fana\u00f0ur n\u00fdrra \u00edb\u00faa \u00ed \u00cdsrael<\/h3>\n<p><a name=\"29\"><span class=\"versanumer_2007\">29<\/span><\/a> Hver \u00fej\u00f3\u00f0 ger\u00f0i s\u00edna eigin gu\u00f0i og kom \u00feeim fyrir \u00ed h\u00fasum sem Samverjar h\u00f6f\u00f0u reist \u00e1 f\u00f3rnarh\u00e6\u00f0unum. \u00deetta ger\u00f0u \u00fe\u00e6r allar \u00ed borgunum \u00fear sem \u00fe\u00e6r bjuggu. <a name=\"30\"><span class=\"versanumer_2007\">30<\/span><\/a> Bab\u00fdlon\u00edumenn ger\u00f0u s\u00e9r gu\u00f0inn S\u00fakk\u00f3t-Ben\u00f3t, K\u00fatamenn ger\u00f0u Nergal, Hamatmenn As\u00edma <a name=\"31\"><span class=\"versanumer_2007\">31<\/span><\/a> og Av\u00edtar Nikkas og Tartak. \u00deeir sem komu fr\u00e1 Sefarva\u00edm brenndu b\u00f6rn s\u00edn \u00ed eldi handa Adrammelek og Anammelek, gu\u00f0unum fr\u00e1 Sefarva\u00edm. <a name=\"32\"><span class=\"versanumer_2007\">32<\/span><\/a> En \u00feeir d\u00fdrku\u00f0u einnig Drottin og ger\u00f0u nokkra menn \u00far s\u00ednum h\u00f3pi a\u00f0 prestum sem \u00e1ttu a\u00f0 \u00fej\u00f3na fyrir \u00fe\u00e1 \u00ed h\u00fasunum \u00e1 f\u00f3rnarh\u00e6\u00f0unum. <a name=\"33\"><span class=\"versanumer_2007\">33<\/span><\/a> \u00deeir d\u00fdrku\u00f0u Drottin en \u00fej\u00f3nu\u00f0u einnig s\u00ednum eigin gu\u00f0um a\u00f0 si\u00f0um \u00fej\u00f3\u00f0anna sem \u00feeir h\u00f6f\u00f0u veri\u00f0 fluttir \u00ed \u00fatleg\u00f0 fr\u00e1.<br \/> <a name=\"34\"><span class=\"versanumer_2007\">34<\/span><\/a> Allt til \u00feessa dags hafa \u00feeir fylgt s\u00ednum fyrri si\u00f0um. Hvorki d\u00fdrka \u00feeir Drottin n\u00e9 fara eftir \u00feeim \u00e1kv\u00e6\u00f0um og reglum, l\u00f6gum og bo\u00f0um sem Drottinn lag\u00f0i fyrir ni\u00f0ja Jakobs sem hann gaf nafni\u00f0 \u00cdsrael. <a name=\"35\"><span class=\"versanumer_2007\">35<\/span><\/a> En Drottinn haf\u00f0i gert vi\u00f0 \u00fe\u00e1 s\u00e1ttm\u00e1la og bo\u00f0i\u00f0 \u00feeim \u00e1 \u00feessa lei\u00f0: \u201e\u00dei\u00f0 skulu\u00f0 ekki d\u00fdrka a\u00f0ra gu\u00f0i, ekki tilbi\u00f0ja \u00fe\u00e1, ekki \u00fej\u00f3na \u00feeim og ekki f\u00e6ra \u00feeim f\u00f3rnir. <a name=\"36\"><span class=\"versanumer_2007\">36<\/span><\/a> Drottin, sem leiddi ykkur fr\u00e1 Egyptalandi me\u00f0 miklum m\u00e6tti og \u00fatr\u00e9ttum armi, skulu\u00f0 \u00fei\u00f0 einan d\u00fdrka og tilbi\u00f0ja og f\u00e6ra honum f\u00f3rnir. <a name=\"37\"><span class=\"versanumer_2007\">37<\/span><\/a> \u00deeim \u00e1kv\u00e6\u00f0um og reglum, l\u00f6gum og bo\u00f0um, sem hann hefur rita\u00f0 handa ykkur, skulu\u00f0 \u00fei\u00f0 hl\u00fd\u00f0a me\u00f0 \u00fev\u00ed a\u00f0 halda \u00feau \u00e6vinlega. A\u00f0ra gu\u00f0i skulu\u00f0 \u00fei\u00f0 ekki d\u00fdrka. <a name=\"38\"><span class=\"versanumer_2007\">38<\/span><\/a> S\u00e1ttm\u00e1lanum, sem \u00e9g hef gert vi\u00f0 ykkur, skulu\u00f0 \u00fei\u00f0 ekki gleyma. \u00dei\u00f0 skulu\u00f0 ekki d\u00fdrka a\u00f0ra gu\u00f0i. <a name=\"39\"><span class=\"versanumer_2007\">39<\/span><\/a> Drottin einan, Gu\u00f0 ykkar, skulu\u00f0 \u00fei\u00f0 d\u00fdrka og hann mun frelsa ykkur \u00far h\u00f6ndum allra \u00f3vina ykkar.\u201c<br \/> <a name=\"40\"><span class=\"versanumer_2007\">40<\/span><\/a> \u00deeir vildu ekki hl\u00fd\u00f0a en h\u00e9ldu fyrri si\u00f0um. <a name=\"41\"><span class=\"versanumer_2007\">41<\/span><\/a> \u00deessar \u00fej\u00f3\u00f0ir d\u00fdrku\u00f0u Drottin en \u00fej\u00f3nu\u00f0u einnig gu\u00f0amyndum s\u00ednum og b\u00f6rn \u00feeirra og barnab\u00f6rn gera enn \u00ed dag eins og fe\u00f0ur \u00feeirra.<\/p>\n","protected":false},"excerpt":{"rendered":"<p>H\u00f3sea \u00cdsraelskonungur og fall Samar\u00edu 1 \u00c1 t\u00f3lfta stj\u00f3rnar\u00e1ri Akasar, konungs \u00ed J\u00fada, var\u00f0 H\u00f3sea Elason konungur yfir \u00cdsrael og r\u00edkti n\u00edu \u00e1r \u00ed Samar\u00edu. 2 Hann ger\u00f0i \u00fea\u00f0 sem illt var \u00ed augum Drottins, samt ekki eins og \u00feeir konungar \u00cdsraels sem voru fyrirrennarar hans. 3 Gegn honum r\u00e9\u00f0st n\u00fa Salmaneser Ass\u00fdr\u00edukonungur og var\u00f0 H\u00f3sea honum l\u00fd\u00f0skyldur og greiddi honum skatt. 4 S\u00ed\u00f0an komst Ass\u00fdr\u00edukonungur a\u00f0 \u00fev\u00ed a\u00f0 H\u00f3sea t\u00f3k \u00fe\u00e1tt \u00ed sams\u00e6ri gegn honum og a\u00f0 hann haf\u00f0i sent mann til S\u00f3 Egyptalandskonungs en ekki skila\u00f0 \u00e1rlegum skatti til Ass\u00fdr\u00edukonungs sem l\u00e9t \u00fev\u00ed gr\u00edpa hann og varpa honum <a href=\"https:\/\/biblian.is\/biblian\/sidari-konungabok-17-kafli\/\"> [&#8230;]<\/a><\/p>\n","protected":false},"author":1,"featured_media":0,"parent":0,"menu_order":0,"comment_status":"open","ping_status":"open","template":"bibliukaflar_NT.php","meta":{"footnotes":""},"class_list":["post-1947","page","type-page","status-publish","hentry"],"_links":{"self":[{"href":"https:\/\/biblian.is\/biblian\/wp-json\/wp\/v2\/pages\/1947","targetHints":{"allow":["GET"]}}],"collection":[{"href":"https:\/\/biblian.is\/biblian\/wp-json\/wp\/v2\/pages"}],"about":[{"href":"https:\/\/biblian.is\/biblian\/wp-json\/wp\/v2\/types\/page"}],"author":[{"embeddable":true,"href":"https:\/\/biblian.is\/biblian\/wp-json\/wp\/v2\/users\/1"}],"replies":[{"embeddable":true,"href":"https:\/\/biblian.is\/biblian\/wp-json\/wp\/v2\/comments?post=1947"}],"version-history":[{"count":0,"href":"https:\/\/biblian.is\/biblian\/wp-json\/wp\/v2\/pages\/1947\/revisions"}],"wp:attachment":[{"href":"https:\/\/biblian.is\/biblian\/wp-json\/wp\/v2\/media?parent=1947"}],"curies":[{"name":"wp","href":"https:\/\/api.w.org\/{rel}","templated":true}]}}