{"id":1946,"date":"2017-12-30T21:01:05","date_gmt":"2017-12-30T21:01:05","guid":{"rendered":"http:\/\/biblian.is\/biblian\/s%c2%92_ari-konungab%c2%97k-16-kafli\/"},"modified":"2024-02-06T18:26:18","modified_gmt":"2024-02-06T18:26:18","slug":"sidari-konungabok-16-kafli","status":"publish","type":"page","link":"https:\/\/biblian.is\/biblian\/sidari-konungabok-16-kafli\/","title":{"rendered":"S\u00ed\u00f0ari konungab\u00f3k 16. kafli"},"content":{"rendered":"<h3 class=\"millifyrirsogn_2007\"> Akas J\u00fadakonungur<\/h3>\n<p><a name=\"1\"><span class=\"versanumer_2007\">1<\/span><\/a> \u00c1 sautj\u00e1nda stj\u00f3rnar\u00e1ri Peka Remaljasonar t\u00f3k Akas, sonur J\u00f3tams J\u00fadakonungs, vi\u00f0 v\u00f6ldum. <a name=\"2\"><span class=\"versanumer_2007\">2<\/span><\/a> Akas var tuttugu \u00e1ra \u00feegar hann var\u00f0 konungur og hann r\u00edkti sext\u00e1n \u00e1r \u00ed Jer\u00fasalem.<br \/>\u00d3l\u00edkt Dav\u00ed\u00f0, forf\u00f6\u00f0ur s\u00ednum, ger\u00f0i hann ekki \u00fea\u00f0 sem r\u00e9tt var \u00ed augum Drottins, Gu\u00f0s hans. <a name=\"3\"><span class=\"versanumer_2007\">3<\/span><\/a> Hann breytti eins og konungar \u00cdsraels og l\u00e9t jafnvel son sinn ganga gegnum eld a\u00f0 hinum sv\u00edvir\u00f0ilega h\u00e6tti \u00feeirra \u00fej\u00f3\u00f0a sem Drottinn haf\u00f0i hraki\u00f0 brott undan \u00cdsraelsm\u00f6nnum. <a name=\"4\"><span class=\"versanumer_2007\">4<\/span><\/a> Hann f\u00e6r\u00f0i sl\u00e1turf\u00f3rnir og reykelsisf\u00f3rnir \u00e1 f\u00f3rnarh\u00e6\u00f0um og h\u00f3lum og undir hverju gr\u00e6nu tr\u00e9.<br \/> <a name=\"5\"><span class=\"versanumer_2007\">5<\/span><\/a> \u00c1 \u00feeim t\u00edma h\u00e9ldu \u00feeir Res\u00edn, konungur Arams, og Peka Remaljason, konungur \u00cdsraels, upp til Jer\u00fasalem til a\u00f0 herja \u00e1 hana. \u00deeir umkringdu Akas en komu honum ekki til a\u00f0 berjast. <a name=\"6\"><span class=\"versanumer_2007\">6<\/span><\/a> Um \u00feetta leyti lag\u00f0i Res\u00edn Aramskonungur Elat aftur undir Aram og rak J\u00fadamenn fr\u00e1 Elat. Komu Ed\u00f3m\u00edtar \u00fe\u00e1 til Elat, settust \u00fear a\u00f0 og b\u00faa \u00fear enn \u00ed dag.<br \/> <a name=\"7\"><span class=\"versanumer_2007\">7<\/span><\/a> \u00de\u00e1 sendi Akas \u00feessi bo\u00f0 til T\u00edglat P\u00edlesers Ass\u00fdr\u00edukonungs: \u201e\u00c9g er \u00fer\u00e6ll \u00feinn og sonur. Komdu hinga\u00f0 upp eftir og frelsa\u00f0u mig \u00far h\u00f6ndum Aramskonungs og \u00cdsraelskonungs sem hafa r\u00e1\u00f0ist gegn m\u00e9r.\u201c <a name=\"8\"><span class=\"versanumer_2007\">8<\/span><\/a> Akas t\u00f3k allt \u00fea\u00f0 silfur og gull, sem fannst \u00ed musteri Drottins og \u00ed fj\u00e1rhirslum konungshallarinnar, og sendi \u00fea\u00f0 Ass\u00fdr\u00edukonungi a\u00f0 gj\u00f6f. <a name=\"9\"><span class=\"versanumer_2007\">9<\/span><\/a> Konungur Ass\u00fdr\u00edu ger\u00f0i sem hann ba\u00f0, h\u00e9lt upp til Damaskus, t\u00f3k borgina og flutti \u00edb\u00faana \u00ed \u00fatleg\u00f0 til K\u00edr en drap Res\u00edn.<br \/> <a name=\"10\"><span class=\"versanumer_2007\">10<\/span><\/a> Akas konungur f\u00f3r n\u00fa til m\u00f3ts vi\u00f0 T\u00edglat P\u00edleser Ass\u00fdr\u00edukonung \u00ed Damaskus og sko\u00f0a\u00f0i altari\u00f0 sem var \u00ed Damaskus. Sendi hann teikningu af altarinu og n\u00e1kv\u00e6ma l\u00fdsingu \u00e1 ger\u00f0 \u00feess til \u00dar\u00eda prests <a name=\"11\"><span class=\"versanumer_2007\">11<\/span><\/a> og l\u00e9t \u00dar\u00eda prestur \u00fe\u00e1 reisa altari n\u00e1kv\u00e6mlega samkv\u00e6mt fyrirm\u00e6lunum sem Akas konungur haf\u00f0i sent fr\u00e1 Damaskus. \u00deetta ger\u00f0i \u00dar\u00eda prestur \u00e1\u00f0ur en konungur kom heim fr\u00e1 Damaskus. <a name=\"12\"><span class=\"versanumer_2007\">12<\/span><\/a> \u00deegar konungur kom aftur fr\u00e1 Damaskus sko\u00f0a\u00f0i hann altari\u00f0. S\u00ed\u00f0an gekk hann a\u00f0 \u00fev\u00ed og steig upp \u00e1 \u00fea\u00f0, <a name=\"13\"><span class=\"versanumer_2007\">13<\/span><\/a> f\u00e6r\u00f0i \u00fear brennif\u00f3rn s\u00edna og kornf\u00f3rn, dreypti \u00e1 \u00fea\u00f0 dreypif\u00f3rn sinni og st\u00f6kkti bl\u00f3\u00f0i heillaf\u00f3rnar sinnar \u00e1 altari\u00f0. <a name=\"14\"><span class=\"versanumer_2007\">14<\/span><\/a> En hann l\u00e9t fjarl\u00e6gja eiraltari\u00f0 sem st\u00f3\u00f0 frammi fyrir Drottni milli n\u00fdja altarisins og musteris Drottins og l\u00e9t koma \u00fev\u00ed fyrir nor\u00f0an vi\u00f0 n\u00fdja altari\u00f0.<br \/> <a name=\"15\"><span class=\"versanumer_2007\">15<\/span><\/a> Akas konungur gaf \u00dar\u00eda presti svohlj\u00f3\u00f0andi fyrirm\u00e6li: \u201e\u00c1 st\u00f3ra altarinu skalt \u00fe\u00fa f\u00e6ra morgunbrennif\u00f3rnina, kv\u00f6ldkornf\u00f3rnina, brennif\u00f3rn konungs og kornf\u00f3rn hans, brennif\u00f3rnir almennings, kornf\u00f3rnir hans og dreypif\u00f3rnir. \u00de\u00e1 skalt \u00fe\u00fa st\u00f6kkva \u00e1 altari\u00f0 \u00f6llu bl\u00f3\u00f0i brennif\u00f3rnanna og sl\u00e1trunarf\u00f3rnanna. En eiraltari\u00f0 \u00e6tla \u00e9g a\u00f0 nota vi\u00f0 a\u00f0 leita svara.\u201c<span class=\"nedan_mal\" title=\" Annar lesh\u00e1ttur: En \u00e9g \u00e6tla a\u00f0 huglei\u00f0a n\u00e1nar hva\u00f0 gera skal vi\u00f0 eiraltari\u00f0.\">[<\/span> <a name=\"16\"><span class=\"versanumer_2007\">16<\/span><\/a> F\u00f3r \u00dar\u00eda prestur \u00ed \u00f6llu eftir \u00fev\u00ed sem Akas konungur haf\u00f0i gefi\u00f0 fyrirm\u00e6li um.<br \/> <a name=\"17\"><span class=\"versanumer_2007\">17<\/span><\/a> \u00de\u00e1 l\u00e9t Akas konungur h\u00f6ggva sl\u00e1rnar af vagngrindunum og fjarl\u00e6gja kerin af \u00feeim.<span class=\"nedan_mal\" title=\" Sbr. l\u00fdsingu \u00e1 vagngrindunum \u00ed 1Kon 7.27n.\">[<\/span> Hann l\u00e9t taka hafi\u00f0 ni\u00f0ur af eirnautunum, sem \u00fea\u00f0 hv\u00edldi \u00e1, og setja \u00fea\u00f0 \u00e1 stall \u00far grj\u00f3ti. <a name=\"18\"><span class=\"versanumer_2007\">18<\/span><\/a> Enn fremur l\u00e9t hann fjarl\u00e6gja hinn yfirbygg\u00f0a hv\u00edldardagsgang sem bygg\u00f0ur haf\u00f0i veri\u00f0 vi\u00f0 musteri Drottins og ytra inngangshli\u00f0 konungsins. \u00deetta ger\u00f0i hann til a\u00f0 \u00fe\u00f3knast Ass\u00fdr\u00edukonungi.<br \/> <a name=\"19\"><span class=\"versanumer_2007\">19<\/span><\/a> \u00dea\u00f0 sem \u00f3sagt er af s\u00f6gu Akabs og verkum hans er skr\u00e1\u00f0 \u00ed ann\u00e1la J\u00fadakonunga. <a name=\"20\"><span class=\"versanumer_2007\">20<\/span><\/a> Akas var lag\u00f0ur til hv\u00edldar hj\u00e1 fe\u00f0rum s\u00ednum og grafinn hj\u00e1 \u00feeim \u00ed borg Dav\u00ed\u00f0s. Hisk\u00eda, sonur hans, var\u00f0 konungur eftir hann.<\/p>\n","protected":false},"excerpt":{"rendered":"<p>Akas J\u00fadakonungur 1 \u00c1 sautj\u00e1nda stj\u00f3rnar\u00e1ri Peka Remaljasonar t\u00f3k Akas, sonur J\u00f3tams J\u00fadakonungs, vi\u00f0 v\u00f6ldum. 2 Akas var tuttugu \u00e1ra \u00feegar hann var\u00f0 konungur og hann r\u00edkti sext\u00e1n \u00e1r \u00ed Jer\u00fasalem.\u00d3l\u00edkt Dav\u00ed\u00f0, forf\u00f6\u00f0ur s\u00ednum, ger\u00f0i hann ekki \u00fea\u00f0 sem r\u00e9tt var \u00ed augum Drottins, Gu\u00f0s hans. 3 Hann breytti eins og konungar \u00cdsraels og l\u00e9t jafnvel son sinn ganga gegnum eld a\u00f0 hinum sv\u00edvir\u00f0ilega h\u00e6tti \u00feeirra \u00fej\u00f3\u00f0a sem Drottinn haf\u00f0i hraki\u00f0 brott undan \u00cdsraelsm\u00f6nnum. 4 Hann f\u00e6r\u00f0i sl\u00e1turf\u00f3rnir og reykelsisf\u00f3rnir \u00e1 f\u00f3rnarh\u00e6\u00f0um og h\u00f3lum og undir hverju gr\u00e6nu tr\u00e9. 5 \u00c1 \u00feeim t\u00edma h\u00e9ldu \u00feeir Res\u00edn, konungur Arams, og Peka <a href=\"https:\/\/biblian.is\/biblian\/sidari-konungabok-16-kafli\/\"> [&#8230;]<\/a><\/p>\n","protected":false},"author":1,"featured_media":0,"parent":0,"menu_order":0,"comment_status":"open","ping_status":"open","template":"bibliukaflar_NT.php","meta":{"footnotes":""},"class_list":["post-1946","page","type-page","status-publish","hentry"],"_links":{"self":[{"href":"https:\/\/biblian.is\/biblian\/wp-json\/wp\/v2\/pages\/1946","targetHints":{"allow":["GET"]}}],"collection":[{"href":"https:\/\/biblian.is\/biblian\/wp-json\/wp\/v2\/pages"}],"about":[{"href":"https:\/\/biblian.is\/biblian\/wp-json\/wp\/v2\/types\/page"}],"author":[{"embeddable":true,"href":"https:\/\/biblian.is\/biblian\/wp-json\/wp\/v2\/users\/1"}],"replies":[{"embeddable":true,"href":"https:\/\/biblian.is\/biblian\/wp-json\/wp\/v2\/comments?post=1946"}],"version-history":[{"count":0,"href":"https:\/\/biblian.is\/biblian\/wp-json\/wp\/v2\/pages\/1946\/revisions"}],"wp:attachment":[{"href":"https:\/\/biblian.is\/biblian\/wp-json\/wp\/v2\/media?parent=1946"}],"curies":[{"name":"wp","href":"https:\/\/api.w.org\/{rel}","templated":true}]}}