{"id":1945,"date":"2017-12-30T21:01:05","date_gmt":"2017-12-30T21:01:05","guid":{"rendered":"http:\/\/biblian.is\/biblian\/s%c2%92_ari-konungab%c2%97k-15-kafli\/"},"modified":"2024-02-06T18:26:18","modified_gmt":"2024-02-06T18:26:18","slug":"sidari-konungabok-15-kafli","status":"publish","type":"page","link":"https:\/\/biblian.is\/biblian\/sidari-konungabok-15-kafli\/","title":{"rendered":"S\u00ed\u00f0ari konungab\u00f3k 15. kafli"},"content":{"rendered":"<h3 class=\"millifyrirsogn_2007\"> Asar\u00eda (\u00dass\u00eda) J\u00fadakonungur<\/h3>\n<p><a name=\"1\"><span class=\"versanumer_2007\">1<\/span><\/a> \u00c1 tuttugasta og sj\u00f6unda stj\u00f3rnar\u00e1ri Jer\u00f3b\u00f3ams \u00cdsraelskonungs var\u00f0 Asar\u00eda konungur<span class=\"nedan_mal\" title=\" \u00d6\u00f0ru nafni \u00dass\u00eda, sbr. 2Kro 26.3 og 2Kon 15.13.\">[<\/span> en hann var sonur Amas\u00eda J\u00fadakonungs. <a name=\"2\"><span class=\"versanumer_2007\">2<\/span><\/a> Hann var sext\u00e1n \u00e1ra \u00feegar hann var\u00f0 konungur og r\u00edkti fimmt\u00edu og tv\u00f6 \u00e1r \u00ed Jer\u00fasalem. M\u00f3\u00f0ir hans h\u00e9t Jekolja og var fr\u00e1 Jer\u00fasalem. <a name=\"3\"><span class=\"versanumer_2007\">3<\/span><\/a> Hann ger\u00f0i \u00fea\u00f0 sem r\u00e9tt var \u00ed augum Drottins, alveg eins og Amas\u00eda, fa\u00f0ir hans. <a name=\"4\"><span class=\"versanumer_2007\">4<\/span><\/a> F\u00f3rnarh\u00e6\u00f0irnar voru \u00fe\u00f3 ekki aflag\u00f0ar og f\u00f3lki\u00f0 h\u00e9lt \u00e1fram a\u00f0 f\u00e6ra sl\u00e1turf\u00f3rnir og reykelsisf\u00f3rnir \u00e1 h\u00e6\u00f0unum. <a name=\"5\"><span class=\"versanumer_2007\">5<\/span><\/a> Drottinn laust \u00fe\u00e1 konunginn svo a\u00f0 hann var holdsveikur allt til dau\u00f0adags og bj\u00f3 \u00ed s\u00e9rst\u00f6ku h\u00fasi en J\u00f3tam, sonur konungs, var\u00f0 hir\u00f0stj\u00f3ri og r\u00edkti yfir \u00fej\u00f3\u00f0inni.<br \/> <a name=\"6\"><span class=\"versanumer_2007\">6<\/span><\/a> \u00dea\u00f0 sem \u00f3sagt er af s\u00f6gu Asar\u00eda og verkum hans er skr\u00e1\u00f0 \u00ed ann\u00e1la J\u00fadakonunga. <a name=\"7\"><span class=\"versanumer_2007\">7<\/span><\/a> Asar\u00eda var lag\u00f0ur til hv\u00edldar hj\u00e1 fe\u00f0rum s\u00ednum og grafinn hj\u00e1 \u00feeim \u00ed borg Dav\u00ed\u00f0s. J\u00f3tam, sonur hans, var\u00f0 konungur eftir hann.<\/p>\n<h3 class=\"millifyrirsogn_2007\">Sakar\u00eda \u00cdsraelskonungur<\/h3>\n<p><a name=\"8\"><span class=\"versanumer_2007\">8<\/span><\/a> \u00c1 \u00fer\u00edtugasta og \u00e1ttunda stj\u00f3rnar\u00e1ri Asar\u00eda, konungs \u00ed J\u00fada, var\u00f0 Sakar\u00eda Jer\u00f3b\u00f3amsson konungur yfir \u00cdsrael og r\u00edkti sex m\u00e1nu\u00f0i \u00ed Samar\u00edu. <a name=\"9\"><span class=\"versanumer_2007\">9<\/span><\/a> Hann ger\u00f0i \u00fea\u00f0 sem illt var \u00ed augum Drottins eins og forfe\u00f0ur hans. Hann sneri ekki baki vi\u00f0 \u00feeim syndum sem Jer\u00f3b\u00f3am Nebatsson kom \u00cdsrael til a\u00f0 dr\u00fdgja. <a name=\"10\"><span class=\"versanumer_2007\">10<\/span><\/a> Sall\u00fam Jabesson ger\u00f0i sams\u00e6ri gegn honum, drap hann \u00ed Jibleam og var\u00f0 konungur eftir hann.<br \/> <a name=\"11\"><span class=\"versanumer_2007\">11<\/span><\/a> \u00dea\u00f0 sem \u00f3sagt er af s\u00f6gu Sakar\u00eda er skr\u00e1\u00f0 \u00ed ann\u00e1la \u00cdsraelskonunga. <a name=\"12\"><span class=\"versanumer_2007\">12<\/span><\/a> \u00dear me\u00f0 r\u00e6ttist or\u00f0 Drottins sem hann haf\u00f0i flutt Jeh\u00fa: \u201eSynir \u00fe\u00ednir skulu sitja \u00ed h\u00e1s\u00e6ti \u00cdsraels \u00ed fj\u00f3ra \u00e6ttli\u00f0i.\u201c<\/p>\n<h3 class=\"millifyrirsogn_2007\">Sall\u00fam \u00cdsraelskonungur<\/h3>\n<p><a name=\"13\"><span class=\"versanumer_2007\">13<\/span><\/a> Sall\u00fam Jabesson var\u00f0 konungur \u00e1 \u00fer\u00edtugasta og n\u00edunda stj\u00f3rnar\u00e1ri \u00dass\u00eda, konungs \u00ed J\u00fada, og r\u00edkti m\u00e1na\u00f0art\u00edma \u00ed Samar\u00edu. <a name=\"14\"><span class=\"versanumer_2007\">14<\/span><\/a> En Menahem Gad\u00edson h\u00e9lt fr\u00e1 Tirsa og kom til Samar\u00edu. Hann drap Sall\u00fam Jabesson \u00ed Samar\u00edu og var\u00f0 konungur eftir hann. <a name=\"15\"><span class=\"versanumer_2007\">15<\/span><\/a> \u00dea\u00f0 sem \u00f3sagt er af s\u00f6gu Sall\u00fams og sams\u00e6rinu, sem hann ger\u00f0i, er skr\u00e1\u00f0 \u00ed ann\u00e1la \u00cdsraelskonunga.<br \/> <a name=\"16\"><span class=\"versanumer_2007\">16<\/span><\/a> \u00c1 lei\u00f0 sinni fr\u00e1 Tirsa eyddi Menaham Tapp\u00faaborg og \u00f6llu sem \u00ed henni var af \u00fev\u00ed a\u00f0 borgarhli\u00f0unum haf\u00f0i ekki veri\u00f0 loki\u00f0 upp. Hann l\u00e9t rista allar \u00feunga\u00f0ar konur \u00e1 kvi\u00f0.<\/p>\n<h3 class=\"millifyrirsogn_2007\">Menahem \u00cdsraelskonungur<\/h3>\n<p><a name=\"17\"><span class=\"versanumer_2007\">17<\/span><\/a> \u00c1 \u00fer\u00edtugasta og n\u00edunda stj\u00f3rnar\u00e1ri Asar\u00eda J\u00fadakonungs var\u00f0 Menahem Gad\u00edson konungur yfir \u00cdsrael. Hann r\u00edkti t\u00edu \u00e1r \u00ed Samar\u00edu. <a name=\"18\"><span class=\"versanumer_2007\">18<\/span><\/a> Hann ger\u00f0i \u00fea\u00f0 sem illt var \u00ed augum Drottins. Hann sneri ekki baki vi\u00f0 \u00feeim syndum Jer\u00f3b\u00f3ams Nebatssonar sem hann f\u00e9kk \u00cdsrael til a\u00f0 dr\u00fdgja. <a name=\"19\"><span class=\"versanumer_2007\">19<\/span><\/a> \u00c1 stj\u00f3rnart\u00edma hans r\u00e9\u00f0st P\u00fal<span class=\"nedan_mal\" title=\" P\u00fal = T\u00edglat P\u00edleser (\u00e1 8. \u00f6ld f.Kr.).\">[<\/span> Ass\u00fdr\u00edukonungur inn \u00ed landi\u00f0. Menahem gaf honum \u00fe\u00fasund talentur silfurs til \u00feess a\u00f0 P\u00fal trygg\u00f0i konungd\u00f3m hans. <a name=\"20\"><span class=\"versanumer_2007\">20<\/span><\/a> Menahem jafna\u00f0i upph\u00e6\u00f0inni ni\u00f0ur \u00e1 alla au\u00f0menn \u00ed \u00cdsrael og skyldi hver \u00feeirra um sig grei\u00f0a Ass\u00fdr\u00edukonungi fimmt\u00edu sikla silfurs. H\u00e9lt \u00fe\u00e1 Ass\u00fdr\u00edukonungur \u00e1 brott og haf\u00f0i ekki lengri vi\u00f0dv\u00f6l \u00ed landinu.<br \/> <a name=\"21\"><span class=\"versanumer_2007\">21<\/span><\/a> \u00dea\u00f0 sem \u00f3sagt er af s\u00f6gu Menahems og verkum hans er skr\u00e1\u00f0 \u00ed ann\u00e1la \u00cdsraelskonunga. <a name=\"22\"><span class=\"versanumer_2007\">22<\/span><\/a> Menahem var lag\u00f0ur til hv\u00edldar hj\u00e1 fe\u00f0rum s\u00ednum. Pekaja, sonur hans, var\u00f0 konungur eftir hann.<\/p>\n<h3 class=\"millifyrirsogn_2007\">Pekaja \u00cdsraelskonungur<\/h3>\n<p><a name=\"23\"><span class=\"versanumer_2007\">23<\/span><\/a> \u00c1 fimmtugasta stj\u00f3rnar\u00e1ri Asar\u00eda, konungs \u00ed J\u00fada, var\u00f0 Pekaja Menahemsson konungur yfir \u00cdsrael og r\u00edkti tv\u00f6 \u00e1r \u00ed Samar\u00edu. <a name=\"24\"><span class=\"versanumer_2007\">24<\/span><\/a> Hann ger\u00f0i \u00fea\u00f0 sem illt var \u00ed augum Drottins. Hann sneri ekki baki vi\u00f0 \u00feeim syndum sem Jer\u00f3b\u00f3am Nebatsson kom \u00cdsrael til a\u00f0 dr\u00fdgja. <a name=\"25\"><span class=\"versanumer_2007\">25<\/span><\/a> Peka Remaljason, li\u00f0sforingi hans, ger\u00f0i sams\u00e6ri gegn honum og drap hann \u00ed \u00edb\u00fa\u00f0 konungs \u00ed h\u00f6llinni \u00ed Samar\u00edu. Peka haf\u00f0i fimmt\u00edu menn fr\u00e1 G\u00edlea\u00f0 me\u00f0 s\u00e9r, drap Pekaja og var\u00f0 konungur eftir hann. <a name=\"26\"><span class=\"versanumer_2007\">26<\/span><\/a> \u00dea\u00f0 sem \u00f3sagt er af s\u00f6gu Pekaja og verkum hans er skr\u00e1\u00f0 \u00ed ann\u00e1la \u00cdsraelskonunga.<\/p>\n<h3 class=\"millifyrirsogn_2007\">Peka \u00cdsraelskonungur<\/h3>\n<p><a name=\"27\"><span class=\"versanumer_2007\">27<\/span><\/a> \u00c1 fimmtugasta og \u00f6\u00f0ru stj\u00f3rnar\u00e1ri Asar\u00eda, konungs \u00ed J\u00fada, var\u00f0 Peka Remaljason konungur yfir \u00cdsrael og r\u00edkti tuttugu \u00e1r \u00ed Samar\u00edu. <a name=\"28\"><span class=\"versanumer_2007\">28<\/span><\/a> Hann ger\u00f0i \u00fea\u00f0 sem illt var \u00ed augum Drottins. Hann sneri ekki baki vi\u00f0 \u00feeim syndum sem Jer\u00f3b\u00f3am Nebatsson kom \u00cdsrael til a\u00f0 dr\u00fdgja.<br \/> <a name=\"29\"><span class=\"versanumer_2007\">29<\/span><\/a> \u00cd stj\u00f3rnart\u00ed\u00f0 Peka \u00cdsraelskonungs kom T\u00edglat P\u00edleser Ass\u00fdr\u00edukonungur og t\u00f3k \u00cdj\u00f3n, Abel Bet Maaka, Jan\u00f3a, Kades, Has\u00f3r, G\u00edlea\u00f0 og Gal\u00edleu, allt Naftal\u00edland, og flutti \u00edb\u00faana \u00ed \u00fatleg\u00f0 til Ass\u00fdr\u00edu. <a name=\"30\"><span class=\"versanumer_2007\">30<\/span><\/a> \u00de\u00e1 ger\u00f0i H\u00f3sea Elason sams\u00e6ri gegn Peka Remaljasyni, drap hann og var\u00f0 konungur eftir hann \u00e1 tuttugasta stj\u00f3rnar\u00e1ri J\u00f3tams \u00dass\u00edasonar. <a name=\"31\"><span class=\"versanumer_2007\">31<\/span><\/a> \u00dea\u00f0 sem \u00f3sagt er af s\u00f6gu Peka og verkum hans er skr\u00e1\u00f0 \u00ed ann\u00e1la \u00cdsraelskonunga.<\/p>\n<h3 class=\"millifyrirsogn_2007\">J\u00f3tam J\u00fadakonungur<\/h3>\n<p><a name=\"32\"><span class=\"versanumer_2007\">32<\/span><\/a> \u00c1 \u00f6\u00f0ru stj\u00f3rnar\u00e1ri Peka Remaljasonar var\u00f0 J\u00f3tam \u00dass\u00edason J\u00fadakonungur. <a name=\"33\"><span class=\"versanumer_2007\">33<\/span><\/a> Hann var tuttugu og fimm \u00e1ra \u00feegar hann var\u00f0 konungur og r\u00edkti sext\u00e1n \u00e1r \u00ed Jer\u00fasalem. M\u00f3\u00f0ir hans h\u00e9t Jer\u00fasa og var Sad\u00f3ksd\u00f3ttir. <a name=\"34\"><span class=\"versanumer_2007\">34<\/span><\/a> Hann ger\u00f0i \u00fea\u00f0 sem r\u00e9tt var \u00ed augum Drottins, alveg eins og \u00dass\u00eda, fa\u00f0ir hans. <a name=\"35\"><span class=\"versanumer_2007\">35<\/span><\/a> F\u00f3rnarh\u00e6\u00f0irnar voru \u00fe\u00f3 ekki aflag\u00f0ar og f\u00f3lki\u00f0 h\u00e9lt \u00e1fram a\u00f0 f\u00e6ra sl\u00e1turf\u00f3rnir og reykelsisf\u00f3rnir \u00e1 h\u00e6\u00f0unum. \u00dea\u00f0 var J\u00f3tam sem l\u00e9t reisa efra hli\u00f0i\u00f0 \u00ed musteri Drottins. <a name=\"36\"><span class=\"versanumer_2007\">36<\/span><\/a> \u00dea\u00f0 sem \u00f3sagt er af s\u00f6gu J\u00f3tams og verkum hans er skr\u00e1\u00f0 \u00ed ann\u00e1la J\u00fadakonunga. <a name=\"37\"><span class=\"versanumer_2007\">37<\/span><\/a> Um \u00feetta leyti t\u00f3k Drottinn a\u00f0 l\u00e1ta Res\u00edn, konung Arams, og Peka Remaljason r\u00e1\u00f0ast \u00e1 J\u00fada.<br \/> <a name=\"38\"><span class=\"versanumer_2007\">38<\/span><\/a> J\u00f3tam var lag\u00f0ur til hv\u00edldar hj\u00e1 fe\u00f0rum s\u00ednum og grafinn hj\u00e1 \u00feeim \u00ed borg Dav\u00ed\u00f0s, forf\u00f6\u00f0ur s\u00edns. Akas, sonur hans, var\u00f0 konungur eftir hann.<\/p>\n","protected":false},"excerpt":{"rendered":"<p>Asar\u00eda (\u00dass\u00eda) J\u00fadakonungur 1 \u00c1 tuttugasta og sj\u00f6unda stj\u00f3rnar\u00e1ri Jer\u00f3b\u00f3ams \u00cdsraelskonungs var\u00f0 Asar\u00eda konungur[ en hann var sonur Amas\u00eda J\u00fadakonungs. 2 Hann var sext\u00e1n \u00e1ra \u00feegar hann var\u00f0 konungur og r\u00edkti fimmt\u00edu og tv\u00f6 \u00e1r \u00ed Jer\u00fasalem. M\u00f3\u00f0ir hans h\u00e9t Jekolja og var fr\u00e1 Jer\u00fasalem. 3 Hann ger\u00f0i \u00fea\u00f0 sem r\u00e9tt var \u00ed augum Drottins, alveg eins og Amas\u00eda, fa\u00f0ir hans. 4 F\u00f3rnarh\u00e6\u00f0irnar voru \u00fe\u00f3 ekki aflag\u00f0ar og f\u00f3lki\u00f0 h\u00e9lt \u00e1fram a\u00f0 f\u00e6ra sl\u00e1turf\u00f3rnir og reykelsisf\u00f3rnir \u00e1 h\u00e6\u00f0unum. 5 Drottinn laust \u00fe\u00e1 konunginn svo a\u00f0 hann var holdsveikur allt til dau\u00f0adags og bj\u00f3 \u00ed s\u00e9rst\u00f6ku h\u00fasi en J\u00f3tam, sonur konungs, <a href=\"https:\/\/biblian.is\/biblian\/sidari-konungabok-15-kafli\/\"> [&#8230;]<\/a><\/p>\n","protected":false},"author":1,"featured_media":0,"parent":0,"menu_order":0,"comment_status":"open","ping_status":"open","template":"bibliukaflar_NT.php","meta":{"footnotes":""},"class_list":["post-1945","page","type-page","status-publish","hentry"],"_links":{"self":[{"href":"https:\/\/biblian.is\/biblian\/wp-json\/wp\/v2\/pages\/1945","targetHints":{"allow":["GET"]}}],"collection":[{"href":"https:\/\/biblian.is\/biblian\/wp-json\/wp\/v2\/pages"}],"about":[{"href":"https:\/\/biblian.is\/biblian\/wp-json\/wp\/v2\/types\/page"}],"author":[{"embeddable":true,"href":"https:\/\/biblian.is\/biblian\/wp-json\/wp\/v2\/users\/1"}],"replies":[{"embeddable":true,"href":"https:\/\/biblian.is\/biblian\/wp-json\/wp\/v2\/comments?post=1945"}],"version-history":[{"count":0,"href":"https:\/\/biblian.is\/biblian\/wp-json\/wp\/v2\/pages\/1945\/revisions"}],"wp:attachment":[{"href":"https:\/\/biblian.is\/biblian\/wp-json\/wp\/v2\/media?parent=1945"}],"curies":[{"name":"wp","href":"https:\/\/api.w.org\/{rel}","templated":true}]}}