{"id":1943,"date":"2017-12-30T21:01:05","date_gmt":"2017-12-30T21:01:05","guid":{"rendered":"http:\/\/biblian.is\/biblian\/s%c2%92_ari-konungab%c2%97k-13-kafli\/"},"modified":"2024-02-06T18:26:16","modified_gmt":"2024-02-06T18:26:16","slug":"sidari-konungabok-13-kafli","status":"publish","type":"page","link":"https:\/\/biblian.is\/biblian\/sidari-konungabok-13-kafli\/","title":{"rendered":"S\u00ed\u00f0ari konungab\u00f3k 13. kafli"},"content":{"rendered":"<h3 class=\"millifyrirsogn_2007\"> J\u00f3ahas \u00cdsraelskonungur<\/h3>\n<p><a name=\"1\"><span class=\"versanumer_2007\">1<\/span><\/a> \u00c1 tuttugasta og \u00feri\u00f0ja stj\u00f3rnar\u00e1ri J\u00f3asar Ahas\u00edasonar, konungs \u00ed J\u00fada, var\u00f0 J\u00f3ahas Jeh\u00fason konungur yfir \u00cdsrael. Hann r\u00edkti sautj\u00e1n \u00e1r \u00ed Samar\u00edu.<br \/> <a name=\"2\"><span class=\"versanumer_2007\">2<\/span><\/a> Hann ger\u00f0i \u00fea\u00f0 sem illt var \u00ed augum Drottins. Hann dr\u00fdg\u00f0i s\u00f6mu syndir og Jer\u00f3b\u00f3am Nebatsson haf\u00f0i komi\u00f0 \u00cdsrael til a\u00f0 dr\u00fdgja og l\u00e9t ekki af \u00fev\u00ed. <a name=\"3\"><span class=\"versanumer_2007\">3<\/span><\/a> \u00deess vegna blossa\u00f0i rei\u00f0i Drottins upp gegn \u00cdsrael svo a\u00f0 hann seldi \u00fe\u00e1 \u00ed hendur Hasael Aramskonungi og \u00ed hendur Benhadad Hasaelssyni \u00ed langan t\u00edma.<br \/> <a name=\"4\"><span class=\"versanumer_2007\">4<\/span><\/a> J\u00f3ahas ba\u00f0 til Drottins og Drottinn b\u00e6nheyr\u00f0i hann. Hann haf\u00f0i s\u00e9\u00f0 ney\u00f0 \u00cdsraels \u00feegar Aramskonungur \u00ferengdi a\u00f0 \u00feeim. <a name=\"5\"><span class=\"versanumer_2007\">5<\/span><\/a> Drottinn sendi \u00fe\u00e1 \u00cdsraelsm\u00f6nnum frelsara svo a\u00f0 \u00feeir losnu\u00f0u undan valdi Arams og g\u00e1tu aftur b\u00fai\u00f0 \u00ed tj\u00f6ldum s\u00ednum. <a name=\"6\"><span class=\"versanumer_2007\">6<\/span><\/a> Samt sneru \u00feeir ekki baki vi\u00f0 synd \u00e6ttar Jer\u00f3b\u00f3ams sem hann kom \u00cdsrael til a\u00f0 dr\u00fdgja. \u00deeir h\u00e9ldu \u00e1fram a\u00f0 syndga og meira a\u00f0 segja st\u00f3\u00f0 As\u00e9rust\u00f3lpi \u00e1fram \u00ed Samar\u00edu. <a name=\"7\"><span class=\"versanumer_2007\">7<\/span><\/a> J\u00f3ahas \u00e1tti ekkert eftir af li\u00f0i s\u00ednu nema fimmt\u00edu vagnli\u00f0smenn, t\u00edu str\u00ed\u00f0svagna og t\u00edu \u00fe\u00fasund f\u00f3tg\u00f6nguli\u00f0a \u00fev\u00ed a\u00f0 Aramskonungur haf\u00f0i eytt \u00f6\u00f0ru li\u00f0i hans og fari\u00f0 me\u00f0 \u00fea\u00f0 eins og ryk sem gengi\u00f0 er \u00e1.<br \/> <a name=\"8\"><span class=\"versanumer_2007\">8<\/span><\/a> \u00dea\u00f0 sem \u00f3sagt er af s\u00f6gu J\u00f3ahasar, verkum hans og afrekum er skr\u00e1\u00f0 \u00ed ann\u00e1la \u00cdsraelskonunga. <a name=\"9\"><span class=\"versanumer_2007\">9<\/span><\/a> J\u00f3ahas var lag\u00f0ur til hv\u00edldar hj\u00e1 fe\u00f0rum s\u00ednum. Hann var grafinn \u00ed Samar\u00edu. J\u00f3as sonur hans var\u00f0 konungur eftir hann.<\/p>\n<h3 class=\"millifyrirsogn_2007\">J\u00f3as \u00cdsraelskonungur<\/h3>\n<p><a name=\"10\"><span class=\"versanumer_2007\">10<\/span><\/a> \u00c1 \u00fer\u00edtugasta og sj\u00f6unda stj\u00f3rnar\u00e1ri J\u00f3asar J\u00fadakonungs var\u00f0 J\u00f3as J\u00f3ahasson konungur yfir \u00cdsrael. Hann r\u00edkti sext\u00e1n \u00e1r \u00ed Samar\u00edu.<br \/> <a name=\"11\"><span class=\"versanumer_2007\">11<\/span><\/a> Hann ger\u00f0i \u00fea\u00f0 sem illt var \u00ed augum Drottins. Hann sneri ekki baki vi\u00f0 neinum \u00feeim syndum sem Jer\u00f3b\u00f3am Nebatsson dr\u00fdg\u00f0i og kom \u00cdsrael til a\u00f0 dr\u00fdgja heldur h\u00e9lt \u00e1fram a\u00f0 dr\u00fdgja \u00fe\u00e6r. <a name=\"12\"><span class=\"versanumer_2007\">12<\/span><\/a> \u00dea\u00f0 sem \u00f3sagt er af s\u00f6gu J\u00f3asar, verkum hans og afrekum og fr\u00e1s\u00f6gnum af \u00fev\u00ed \u00feegar hann bar\u00f0ist gegn Amas\u00eda, konungi J\u00fada, er skr\u00e1\u00f0 \u00ed ann\u00e1la \u00cdsraelskonunga. <a name=\"13\"><span class=\"versanumer_2007\">13<\/span><\/a> J\u00f3as var lag\u00f0ur til hv\u00edldar hj\u00e1 fe\u00f0rum s\u00ednum en Jer\u00f3b\u00f3am settist \u00ed h\u00e1s\u00e6ti hans. J\u00f3as var grafinn \u00ed Samar\u00edu hj\u00e1 konungum \u00cdsraels.<\/p>\n<h3 class=\"millifyrirsogn_2007\">El\u00edsa deyr<\/h3>\n<p><a name=\"14\"><span class=\"versanumer_2007\">14<\/span><\/a> \u00deegar El\u00edsa veiktist af \u00feeim sj\u00fakd\u00f3mi sem dr\u00f3 hann til dau\u00f0a vitja\u00f0i J\u00f3as \u00cdsraelskonungur hans, brast \u00ed gr\u00e1t frammi fyrir honum og sag\u00f0i: \u201eFa\u00f0ir minn, fa\u00f0ir minn, \u00fe\u00fa str\u00ed\u00f0svagn \u00cdsraels og vagnstj\u00f3ri hans.\u201c <a name=\"15\"><span class=\"versanumer_2007\">15<\/span><\/a> \u201eTaktu boga og \u00f6rvar,\u201c svara\u00f0i El\u00edsa honum. Og hann t\u00f3k boga og \u00f6rvar. <a name=\"16\"><span class=\"versanumer_2007\">16<\/span><\/a> \u00de\u00e1 sag\u00f0i hann vi\u00f0 \u00cdsraelskonung: \u201eLegg\u00f0u h\u00f6nd \u00fe\u00edna \u00e1 bogann.\u201c Hann ger\u00f0i \u00fea\u00f0 og El\u00edsa lag\u00f0i hendur s\u00ednar \u00e1 hendur konungs. <a name=\"17\"><span class=\"versanumer_2007\">17<\/span><\/a> S\u00ed\u00f0an sag\u00f0i hann: \u201eOpna\u00f0u gluggann sem sn\u00fdr \u00ed austur.\u201c Konungur opna\u00f0i gluggann. \u201eSkj\u00f3ttu,\u201c skipa\u00f0i El\u00edsa og hann skaut. \u00de\u00e1 sag\u00f0i El\u00edsa: \u201e\u00deetta er sigur\u00f6r fr\u00e1 Drottni og sigur\u00f6r gegn Aram. \u00de\u00fa munt gersigra Aram vi\u00f0 Afek.\u201c <a name=\"18\"><span class=\"versanumer_2007\">18<\/span><\/a> S\u00ed\u00f0an sag\u00f0i hann: \u201eTaktu \u00f6rvarnar.\u201c Konungur t\u00f3k \u00fe\u00e6r. \u00de\u00e1 sag\u00f0i hann vi\u00f0 \u00cdsraelskonung: \u201eSl\u00e1\u00f0u \u00e1 j\u00f6r\u00f0ina.\u201c Hann sl\u00f3 \u00ferisvar en h\u00e6tti s\u00ed\u00f0an. <a name=\"19\"><span class=\"versanumer_2007\">19<\/span><\/a> \u00de\u00e1 reiddist gu\u00f0sma\u00f0urinn honum og sag\u00f0i: \u201eHef\u00f0ir \u00fe\u00fa slegi\u00f0 fimm e\u00f0a sex sinnum hef\u00f0ir \u00fe\u00fa gersigra\u00f0 Aram. En n\u00fa muntu a\u00f0eins sigra \u00fe\u00e1 \u00ferisvar.\u201c<br \/> <a name=\"20\"><span class=\"versanumer_2007\">20<\/span><\/a> El\u00edsa d\u00f3 og var grafinn. R\u00e6ningjaflokkar fr\u00e1 M\u00f3ab komu jafnan inn \u00ed landi\u00f0 vi\u00f0 \u00e1rslok. <a name=\"21\"><span class=\"versanumer_2007\">21<\/span><\/a> Eitt sinn bar svo vi\u00f0 a\u00f0 nokkrir menn, sem voru a\u00f0 greftra mann, s\u00e1u einn \u00feessara r\u00e6ningjaflokka. \u00deeir fleyg\u00f0u \u00fe\u00e1 manninum \u00ed gr\u00f6f El\u00edsa og \u00feegar hann snerti bein El\u00edsa lifna\u00f0i hann og st\u00f3\u00f0 \u00e1 f\u00e6tur.<\/p>\n<h3 class=\"millifyrirsogn_2007\">Sigur unninn \u00e1 Aram<\/h3>\n<p><a name=\"22\"><span class=\"versanumer_2007\">22<\/span><\/a> Hasael Aramskonungur \u00fejaka\u00f0i \u00cdsrael \u00e1 me\u00f0an J\u00f3ahas lif\u00f0i. <a name=\"23\"><span class=\"versanumer_2007\">23<\/span><\/a> En Drottinn var n\u00e1\u00f0ugur, s\u00fdndi \u00feeim miskunn og sneri s\u00e9r til \u00feeirra vegna s\u00e1ttm\u00e1la s\u00edns vi\u00f0 Abraham, \u00cdsak og Jakob. Hann vildi ekki ey\u00f0a \u00feeim og haf\u00f0i ekki enn hraki\u00f0 \u00fe\u00e1 fr\u00e1 augliti s\u00ednu. <a name=\"24\"><span class=\"versanumer_2007\">24<\/span><\/a> \u00deegar Hasael Aramskonungur d\u00f3 var\u00f0 Benhadad, sonur hans, konungur eftir hann. <a name=\"25\"><span class=\"versanumer_2007\">25<\/span><\/a> \u00de\u00e1 gat J\u00f3as J\u00f3ahasson n\u00e1\u00f0 borgunum aftur undan stj\u00f3rn Benhadads Hasaelssonar sem Hasael haf\u00f0i teki\u00f0 me\u00f0 \u00e1hlaupi fr\u00e1 J\u00f3ahas f\u00f6\u00f0ur hans. J\u00f3as sigra\u00f0i hann \u00ferisvar og t\u00f3k aftur borgir \u00cdsraels.<\/p>\n","protected":false},"excerpt":{"rendered":"<p>J\u00f3ahas \u00cdsraelskonungur 1 \u00c1 tuttugasta og \u00feri\u00f0ja stj\u00f3rnar\u00e1ri J\u00f3asar Ahas\u00edasonar, konungs \u00ed J\u00fada, var\u00f0 J\u00f3ahas Jeh\u00fason konungur yfir \u00cdsrael. Hann r\u00edkti sautj\u00e1n \u00e1r \u00ed Samar\u00edu. 2 Hann ger\u00f0i \u00fea\u00f0 sem illt var \u00ed augum Drottins. Hann dr\u00fdg\u00f0i s\u00f6mu syndir og Jer\u00f3b\u00f3am Nebatsson haf\u00f0i komi\u00f0 \u00cdsrael til a\u00f0 dr\u00fdgja og l\u00e9t ekki af \u00fev\u00ed. 3 \u00deess vegna blossa\u00f0i rei\u00f0i Drottins upp gegn \u00cdsrael svo a\u00f0 hann seldi \u00fe\u00e1 \u00ed hendur Hasael Aramskonungi og \u00ed hendur Benhadad Hasaelssyni \u00ed langan t\u00edma. 4 J\u00f3ahas ba\u00f0 til Drottins og Drottinn b\u00e6nheyr\u00f0i hann. Hann haf\u00f0i s\u00e9\u00f0 ney\u00f0 \u00cdsraels \u00feegar Aramskonungur \u00ferengdi a\u00f0 \u00feeim. 5 Drottinn <a href=\"https:\/\/biblian.is\/biblian\/sidari-konungabok-13-kafli\/\"> [&#8230;]<\/a><\/p>\n","protected":false},"author":1,"featured_media":0,"parent":0,"menu_order":0,"comment_status":"open","ping_status":"open","template":"bibliukaflar_NT.php","meta":{"footnotes":""},"class_list":["post-1943","page","type-page","status-publish","hentry"],"_links":{"self":[{"href":"https:\/\/biblian.is\/biblian\/wp-json\/wp\/v2\/pages\/1943","targetHints":{"allow":["GET"]}}],"collection":[{"href":"https:\/\/biblian.is\/biblian\/wp-json\/wp\/v2\/pages"}],"about":[{"href":"https:\/\/biblian.is\/biblian\/wp-json\/wp\/v2\/types\/page"}],"author":[{"embeddable":true,"href":"https:\/\/biblian.is\/biblian\/wp-json\/wp\/v2\/users\/1"}],"replies":[{"embeddable":true,"href":"https:\/\/biblian.is\/biblian\/wp-json\/wp\/v2\/comments?post=1943"}],"version-history":[{"count":0,"href":"https:\/\/biblian.is\/biblian\/wp-json\/wp\/v2\/pages\/1943\/revisions"}],"wp:attachment":[{"href":"https:\/\/biblian.is\/biblian\/wp-json\/wp\/v2\/media?parent=1943"}],"curies":[{"name":"wp","href":"https:\/\/api.w.org\/{rel}","templated":true}]}}