{"id":1942,"date":"2017-12-30T21:01:05","date_gmt":"2017-12-30T21:01:05","guid":{"rendered":"http:\/\/biblian.is\/biblian\/s%c2%92_ari-konungab%c2%97k-12-kafli\/"},"modified":"2024-02-06T18:26:16","modified_gmt":"2024-02-06T18:26:16","slug":"sidari-konungabok-12-kafli","status":"publish","type":"page","link":"https:\/\/biblian.is\/biblian\/sidari-konungabok-12-kafli\/","title":{"rendered":"S\u00ed\u00f0ari konungab\u00f3k 12. kafli"},"content":{"rendered":"<h3 class=\"millifyrirsogn_2007\"> J\u00f3as J\u00fadakonungur<\/h3>\n<p><a name=\"1\"><span class=\"versanumer_2007\">1<\/span><\/a> J\u00f3as var sj\u00f6 \u00e1ra \u00feegar hann var\u00f0 konungur. <a name=\"2\"><span class=\"versanumer_2007\">2<\/span><\/a> \u00c1 sj\u00f6unda stj\u00f3rnar\u00e1ri Jeh\u00fa var\u00f0 J\u00f3as konungur og hann r\u00edkti fj\u00f6rut\u00edu \u00e1r \u00ed Jer\u00fasalem. M\u00f3\u00f0ir hans h\u00e9t Sibja og var fr\u00e1 Beerseba.<br \/> <a name=\"3\"><span class=\"versanumer_2007\">3<\/span><\/a> Alla \u00e6vidaga s\u00edna ger\u00f0i J\u00f3as \u00fea\u00f0 sem r\u00e9tt var \u00ed augum Drottins \u00fev\u00ed a\u00f0 J\u00f3jada prestur lei\u00f0beindi honum. <a name=\"4\"><span class=\"versanumer_2007\">4<\/span><\/a> Samt hurfu f\u00f3rnarh\u00e6\u00f0irnar ekki, f\u00f3lki\u00f0 h\u00e9lt \u00e1fram a\u00f0 f\u00e6ra sl\u00e1turf\u00f3rnir og reykelsisf\u00f3rnir \u00e1 h\u00e6\u00f0unum.<br \/> <a name=\"5\"><span class=\"versanumer_2007\">5<\/span><\/a> J\u00f3as gaf prestunum \u00feessi fyrirm\u00e6li: \u201eAllt f\u00e9, sem f\u00e6rt er sem helgigjafir \u00ed musteri Drottins, og gjald, sem lagt er \u00e1 einstakling eftir mati e\u00f0a honum er gert skylt a\u00f0 grei\u00f0a fyrir annan, s\u00f6mulei\u00f0is f\u00e9 sem einhver gefur af frj\u00e1lsum vilja, <a name=\"6\"><span class=\"versanumer_2007\">6<\/span><\/a> allt \u00fea\u00f0 f\u00e9 skulu prestarnir taka hj\u00e1 \u00feeim sem \u00feeir eiga skipti vi\u00f0. \u00dea\u00f0 skal nota\u00f0 til vi\u00f0ger\u00f0a \u00e1 musterinu hvar sem skemmdir kunna a\u00f0 finnast.\u201c <a name=\"7\"><span class=\"versanumer_2007\">7<\/span><\/a> En \u00e1 tuttugasta og \u00feri\u00f0ja stj\u00f3rnar\u00e1ri J\u00f3asar konungs h\u00f6f\u00f0u prestarnir ekki enn l\u00e1ti\u00f0 gera vi\u00f0 skemmdirnar \u00e1 musterinu. <a name=\"8\"><span class=\"versanumer_2007\">8<\/span><\/a> J\u00f3as konungur kalla\u00f0i \u00fe\u00e1 til s\u00edn J\u00f3jada prest og hina prestana og sag\u00f0i vi\u00f0 \u00fe\u00e1: \u201eHvers vegna geri\u00f0 \u00fei\u00f0 ekki vi\u00f0 skemmdirnar \u00e1 musterinu? H\u00e9r eftir megi\u00f0 \u00fei\u00f0 ekki taka vi\u00f0 f\u00e9 af \u00feeim sem \u00fei\u00f0 eigi\u00f0 skipti vi\u00f0, heldur skulu\u00f0 \u00fei\u00f0 afhenda \u00fea\u00f0 og f\u00e9nu skal vari\u00f0 til a\u00f0 gera vi\u00f0 skemmdirnar \u00e1 musterinu.\u201c <a name=\"9\"><span class=\"versanumer_2007\">9<\/span><\/a> Prestarnir sam\u00feykktu a\u00f0 taka ekki vi\u00f0 f\u00e9 fr\u00e1 almenningi gegn \u00fev\u00ed a\u00f0 \u00feeim v\u00e6ri ekki gert a\u00f0 lagf\u00e6ra skemmdirnar \u00e1 musterinu.<br \/> <a name=\"10\"><span class=\"versanumer_2007\">10<\/span><\/a> J\u00f3jada prestur t\u00f3k n\u00fa kistu, bora\u00f0i gat \u00e1 loki\u00f0 og kom henni fyrir til hli\u00f0ar vi\u00f0 altari\u00f0 h\u00e6gra megin \u00feegar gengi\u00f0 var \u00ed musteri Drottins. \u00cd hana l\u00f6g\u00f0u prestarnir, sem h\u00e9ldu v\u00f6r\u00f0 um innganginn, allt f\u00e9 sem var f\u00e6rt til musteris Drottins. <a name=\"11\"><span class=\"versanumer_2007\">11<\/span><\/a> \u00deegar \u00feeir s\u00e1u a\u00f0 miki\u00f0 f\u00e9 var komi\u00f0 \u00ed kistuna komu ritari konungs og yfirpresturinn, s\u00f6fnu\u00f0u saman \u00f6llu f\u00e9 sem fannst \u00ed musteri Drottins og t\u00f6ldu \u00fea\u00f0. <a name=\"12\"><span class=\"versanumer_2007\">12<\/span><\/a> \u00deegar f\u00e9\u00f0 haf\u00f0i veri\u00f0 tali\u00f0 afhentu \u00feeir \u00fea\u00f0 verkstj\u00f3runum sem litu eftir verkinu \u00ed musteri Drottins. \u00deeir greiddu \u00fea\u00f0 s\u00ed\u00f0an tr\u00e9smi\u00f0um og byggingarverkam\u00f6nnum, sem unnu vi\u00f0 musteri\u00f0, m\u00farurum og steinsmi\u00f0um. <a name=\"13\"><span class=\"versanumer_2007\">13<\/span><\/a> \u00deeir keyptu einnig fyrir \u00fea\u00f0 timbur og tilh\u00f6ggna steina, sem \u00feurfti til a\u00f0 gera vi\u00f0 skemmdirnar \u00e1 musteri Drottins, og notu\u00f0u til a\u00f0 grei\u00f0a me\u00f0 \u00fev\u00ed allan kostna\u00f0 vegna vi\u00f0ger\u00f0anna. <a name=\"14\"><span class=\"versanumer_2007\">14<\/span><\/a> Hins vegar var f\u00e9, sem f\u00e6rt var til musteris Drottins, ekki vari\u00f0 til a\u00f0 gera silfursk\u00e1lar, skarb\u00edta, f\u00f3rnarsk\u00e1lar e\u00f0a l\u00fa\u00f0ra n\u00e9 nein gull- e\u00f0a silfur\u00e1h\u00f6ld fyrir musteri\u00f0. <a name=\"15\"><span class=\"versanumer_2007\">15<\/span><\/a> \u00dea\u00f0 var greitt til verkamannanna sem notu\u00f0u \u00fea\u00f0 til a\u00f0 lagf\u00e6ra musteri Drottins. <a name=\"16\"><span class=\"versanumer_2007\">16<\/span><\/a> Ekki var krafist reikningsskila af \u00feeim m\u00f6nnum, sem tr\u00faa\u00f0 var fyrir grei\u00f0slu til verkamannanna, \u00fev\u00ed a\u00f0 \u00feeim var treyst. <a name=\"17\"><span class=\"versanumer_2007\">17<\/span><\/a> En f\u00e9, sem greitt var \u00ed sektaf\u00f3rnir og syndaf\u00f3rnir, kom ekki \u00ed hlut musterisins, \u00fea\u00f0 rann til prestanna.<br \/> <a name=\"18\"><span class=\"versanumer_2007\">18<\/span><\/a> Um \u00feessar mundir h\u00e9lt Hasael, konungur Arams, upp eftir \u00ed herf\u00f6r gegn borginni Gat og vann borgina. Hasael sneri s\u00ed\u00f0an vi\u00f0 og h\u00e9lt upp til Jer\u00fasalem. <a name=\"19\"><span class=\"versanumer_2007\">19<\/span><\/a> \u00de\u00e1 t\u00f3k J\u00f3as J\u00fadakonungur allar helgigjafirnar sem J\u00f3safat, J\u00f3ram og Ahas\u00eda, konungar J\u00fada, forfe\u00f0ur hans, h\u00f6f\u00f0u gefi\u00f0. Auk \u00feess t\u00f3k hann s\u00ednar eigin helgigjafir, \u00e1samt \u00f6llu gulli sem fannst \u00ed fj\u00e1rhirslunum \u00ed musteri Drottins og konungsh\u00f6llinni, og sendi til Hasaels, Aramskonungs. Hann h\u00e9lt \u00fe\u00e1 \u00e1 brott fr\u00e1 Jer\u00fasalem. <a name=\"20\"><span class=\"versanumer_2007\">20<\/span><\/a> \u00dea\u00f0 sem \u00f3sagt er af s\u00f6gu J\u00f3asar og verkum hans er skr\u00e1\u00f0 \u00ed ann\u00e1la J\u00fadakonunga.<br \/> <a name=\"21\"><span class=\"versanumer_2007\">21<\/span><\/a> En hir\u00f0menn J\u00f3asar risu upp og ger\u00f0u sams\u00e6ri gegn honum og dr\u00e1pu hann \u00ed Bet Mill\u00f3 vi\u00f0 veginn ni\u00f0ur til Silla. <a name=\"22\"><span class=\"versanumer_2007\">22<\/span><\/a> J\u00f3sakar S\u00edmeatsson og J\u00f3sabad S\u00f3mersson, hir\u00f0menn hans, hjuggu hann til bana. Hann var grafinn hj\u00e1 fe\u00f0rum s\u00ednum \u00ed borg Dav\u00ed\u00f0s. Amas\u00eda sonur hans var\u00f0 konungur eftir hann.<\/p>\n","protected":false},"excerpt":{"rendered":"<p>J\u00f3as J\u00fadakonungur 1 J\u00f3as var sj\u00f6 \u00e1ra \u00feegar hann var\u00f0 konungur. 2 \u00c1 sj\u00f6unda stj\u00f3rnar\u00e1ri Jeh\u00fa var\u00f0 J\u00f3as konungur og hann r\u00edkti fj\u00f6rut\u00edu \u00e1r \u00ed Jer\u00fasalem. M\u00f3\u00f0ir hans h\u00e9t Sibja og var fr\u00e1 Beerseba. 3 Alla \u00e6vidaga s\u00edna ger\u00f0i J\u00f3as \u00fea\u00f0 sem r\u00e9tt var \u00ed augum Drottins \u00fev\u00ed a\u00f0 J\u00f3jada prestur lei\u00f0beindi honum. 4 Samt hurfu f\u00f3rnarh\u00e6\u00f0irnar ekki, f\u00f3lki\u00f0 h\u00e9lt \u00e1fram a\u00f0 f\u00e6ra sl\u00e1turf\u00f3rnir og reykelsisf\u00f3rnir \u00e1 h\u00e6\u00f0unum. 5 J\u00f3as gaf prestunum \u00feessi fyrirm\u00e6li: \u201eAllt f\u00e9, sem f\u00e6rt er sem helgigjafir \u00ed musteri Drottins, og gjald, sem lagt er \u00e1 einstakling eftir mati e\u00f0a honum er gert skylt a\u00f0 grei\u00f0a <a href=\"https:\/\/biblian.is\/biblian\/sidari-konungabok-12-kafli\/\"> [&#8230;]<\/a><\/p>\n","protected":false},"author":1,"featured_media":0,"parent":0,"menu_order":0,"comment_status":"open","ping_status":"open","template":"bibliukaflar_NT.php","meta":{"footnotes":""},"class_list":["post-1942","page","type-page","status-publish","hentry"],"_links":{"self":[{"href":"https:\/\/biblian.is\/biblian\/wp-json\/wp\/v2\/pages\/1942","targetHints":{"allow":["GET"]}}],"collection":[{"href":"https:\/\/biblian.is\/biblian\/wp-json\/wp\/v2\/pages"}],"about":[{"href":"https:\/\/biblian.is\/biblian\/wp-json\/wp\/v2\/types\/page"}],"author":[{"embeddable":true,"href":"https:\/\/biblian.is\/biblian\/wp-json\/wp\/v2\/users\/1"}],"replies":[{"embeddable":true,"href":"https:\/\/biblian.is\/biblian\/wp-json\/wp\/v2\/comments?post=1942"}],"version-history":[{"count":0,"href":"https:\/\/biblian.is\/biblian\/wp-json\/wp\/v2\/pages\/1942\/revisions"}],"wp:attachment":[{"href":"https:\/\/biblian.is\/biblian\/wp-json\/wp\/v2\/media?parent=1942"}],"curies":[{"name":"wp","href":"https:\/\/api.w.org\/{rel}","templated":true}]}}