{"id":1941,"date":"2017-12-30T21:01:05","date_gmt":"2017-12-30T21:01:05","guid":{"rendered":"http:\/\/biblian.is\/biblian\/s%c2%92_ari-konungab%c2%97k-11-kafli\/"},"modified":"2024-02-06T18:26:15","modified_gmt":"2024-02-06T18:26:15","slug":"sidari-konungabok-11-kafli","status":"publish","type":"page","link":"https:\/\/biblian.is\/biblian\/sidari-konungabok-11-kafli\/","title":{"rendered":"S\u00ed\u00f0ari konungab\u00f3k 11. kafli"},"content":{"rendered":"<h3 class=\"millifyrirsogn_2007\"> Atal\u00eda drottning \u00ed J\u00fada<\/h3>\n<p><a name=\"1\"><span class=\"versanumer_2007\">1<\/span><\/a> \u00deegar Atal\u00eda, m\u00f3\u00f0ir Ahas\u00eda, s\u00e1 a\u00f0 sonur hennar var d\u00e1inn t\u00f3k h\u00fan til vi\u00f0 a\u00f0 tort\u00edma allri konungs\u00e6ttinni. <a name=\"2\"><span class=\"versanumer_2007\">2<\/span><\/a> En J\u00f3seba, d\u00f3ttir J\u00f3rams konungs og systir Ahas\u00eda, t\u00f3k J\u00f3as Ahas\u00edason \u00far \u00feeim h\u00f3pi sona konungsins sem \u00e1tti a\u00f0 drepa. H\u00fan lauma\u00f0i honum og f\u00f3stru hans inn \u00ed svefnherbergi\u00f0 og faldi hann fyrir Atal\u00edu, svo a\u00f0 hann var ekki drepinn. <a name=\"3\"><span class=\"versanumer_2007\">3<\/span><\/a> Hann var falinn hj\u00e1 henni \u00ed musteri Drottins \u00ed sex \u00e1r, \u00e1 me\u00f0an Atal\u00eda r\u00edkti yfir landinu.<br \/> <a name=\"4\"><span class=\"versanumer_2007\">4<\/span><\/a> \u00c1 sj\u00f6unda \u00e1rinu sendi J\u00f3jada bo\u00f0 eftir hundra\u00f0sh\u00f6f\u00f0ingjum Karea og l\u00edfvar\u00f0arins og l\u00e9t \u00fe\u00e1 koma til s\u00edn \u00ed musteri Drottins. Hann ger\u00f0i vi\u00f0 \u00fe\u00e1 samning og t\u00f3k af \u00feeim ei\u00f0 \u00ed musteri Drottins. Hann s\u00fdndi \u00feeim son konungs <a name=\"5\"><span class=\"versanumer_2007\">5<\/span><\/a> og gaf \u00feeim s\u00ed\u00f0an \u00feessi fyrirm\u00e6li: \u201e\u00deetta skulu\u00f0 \u00fei\u00f0 gera: \u00deri\u00f0jungur ykkar, sem kemur \u00e1 hv\u00edldardaginn, skal halda v\u00f6r\u00f0 vi\u00f0 konungsh\u00f6llina, <a name=\"6\"><span class=\"versanumer_2007\">6<\/span><\/a> \u00feri\u00f0jungur standa v\u00f6r\u00f0 vi\u00f0 hli\u00f0i\u00f0 S\u00far og \u00feri\u00f0jungur standa v\u00f6r\u00f0 vi\u00f0 hli\u00f0i\u00f0 \u00e1 bak vi\u00f0 l\u00edfver\u00f0ina. \u00dei\u00f0 skulu\u00f0 taka ykkur var\u00f0st\u00f6\u00f0u \u00ed musteri Drottins. <a name=\"7\"><span class=\"versanumer_2007\">7<\/span><\/a> \u00deeir tveir flokkar, sem leystir eru af \u00e1 hv\u00edldardaginn, skulu einnig standa v\u00f6r\u00f0 \u00ed musteri Drottins hj\u00e1 konunginum. <a name=\"8\"><span class=\"versanumer_2007\">8<\/span><\/a> \u00dei\u00f0 skulu\u00f0 fylkja ykkur umhverfis konunginn, hver me\u00f0 sitt vopn \u00ed hendi. Hver sem reynir a\u00f0 ry\u00f0jast inn \u00ed ra\u00f0irnar skal drepinn. \u00dei\u00f0 skulu\u00f0 vera hj\u00e1 konungi hvert sem hann fer.\u201c<br \/> <a name=\"9\"><span class=\"versanumer_2007\">9<\/span><\/a> Hundra\u00f0sh\u00f6f\u00f0ingjarnir ger\u00f0u allt sem J\u00f3jada prestur skipa\u00f0i. \u00deeir s\u00f3ttu menn s\u00edna, b\u00e6\u00f0i \u00fe\u00e1 sem komu til var\u00f0st\u00f6\u00f0u og hina sem voru leystir af \u00e1 hv\u00edldardaginn, og komu til J\u00f3jada prests. <a name=\"10\"><span class=\"versanumer_2007\">10<\/span><\/a> Presturinn afhenti hundra\u00f0sh\u00f6f\u00f0ingjunum spj\u00f3t og skildi sem Dav\u00ed\u00f0 konungur haf\u00f0i \u00e1tt og voru var\u00f0veitt \u00ed musteri Drottins. <a name=\"11\"><span class=\"versanumer_2007\">11<\/span><\/a> Vopna\u00f0ir var\u00f0li\u00f0arnir t\u00f3ku s\u00e9r st\u00f6\u00f0u og r\u00f6\u00f0u\u00f0u s\u00e9r umhverfis konung frammi fyrir altarinu og musteri Drottins, allt fr\u00e1 su\u00f0urhli\u00f0 til nor\u00f0urhli\u00f0ar \u00feess. <a name=\"12\"><span class=\"versanumer_2007\">12<\/span><\/a> \u00de\u00e1 leiddi J\u00f3jada son konungs \u00fat, setti k\u00f3r\u00f3nuna \u00e1 h\u00f6fu\u00f0 honum og f\u00e9kk honum l\u00f6gin. \u00de\u00e1 t\u00f3ku \u00feeir hann til konungs. \u00deeir smur\u00f0u hann, kl\u00f6ppu\u00f0u saman l\u00f3funum og hr\u00f3pu\u00f0u: \u201eLifi konungurinn.\u201c<br \/> <a name=\"13\"><span class=\"versanumer_2007\">13<\/span><\/a> \u00deegar Atal\u00eda heyr\u00f0i hr\u00f3p mannfj\u00f6ldans gekk h\u00fan inn \u00ed mann\u00fer\u00f6ngina \u00ed musteri Drottins. <a name=\"14\"><span class=\"versanumer_2007\">14<\/span><\/a> \u00de\u00e1 s\u00e1 h\u00fan konunginn standa vi\u00f0 s\u00faluna, eins og si\u00f0ur var, og umhverfis hann hir\u00f0mennina og l\u00fa\u00f0rabl\u00e1sarana og allan landsl\u00fd\u00f0inn sem fagna\u00f0i og bl\u00e9s \u00ed l\u00fa\u00f0ra. Atal\u00eda reif kl\u00e6\u00f0i s\u00edn og \u00e6pti: \u201eSvik! Svik!\u201c<br \/> <a name=\"15\"><span class=\"versanumer_2007\">15<\/span><\/a> J\u00f3jada prestur skipa\u00f0i \u00fe\u00e1 hundra\u00f0sh\u00f6f\u00f0ingjunum, sem stj\u00f3rnu\u00f0u hernum, og sag\u00f0i vi\u00f0 \u00fe\u00e1: \u201eLei\u00f0i\u00f0 hana \u00fat \u00e1 milli ra\u00f0anna og drepi\u00f0 hvern \u00feann me\u00f0 sver\u00f0i sem fylgir henni.\u201c En \u00e1\u00f0ur haf\u00f0i presturinn sagt: \u201e\u00dea\u00f0 m\u00e1 ekki drepa hana \u00ed musteri Drottins.\u201c <a name=\"16\"><span class=\"versanumer_2007\">16<\/span><\/a> \u00deeir l\u00f6g\u00f0u s\u00ed\u00f0an hendur \u00e1 hana. \u00deegar h\u00fan var komin um hestahli\u00f0i\u00f0 til konungshallarinnar var h\u00fan drepin.<br \/> <a name=\"17\"><span class=\"versanumer_2007\">17<\/span><\/a> J\u00f3jada ger\u00f0i s\u00ed\u00f0an s\u00e1ttm\u00e1la milli Drottins, konungsins og \u00fej\u00f3\u00f0arinnar um a\u00f0 h\u00fan skyldi vera \u00fej\u00f3\u00f0 Drottins og einnig s\u00e1ttm\u00e1la<span class=\"nedan_mal\" title=\" \u00deessi s\u00e1ttm\u00e1li milli konungs og \u00fej\u00f3\u00f0arinnar er ekki nefndur \u00ed hli\u00f0st\u00e6\u00f0unni \u00ed 2Kro 23.16 og hann vantar \u00ed sum handrit af gr\u00edsku sj\u00f6t\u00edumanna\u00fe\u00fd\u00f0ingunni.\">[<\/span> milli konungsins og \u00fej\u00f3\u00f0arinnar. <a name=\"18\"><span class=\"versanumer_2007\">18<\/span><\/a> \u00dev\u00ed n\u00e6st f\u00f3r allur landsl\u00fd\u00f0ur til h\u00fass Baals, reif ni\u00f0ur \u00f6lturu \u00feess, m\u00f6lbraut l\u00edkneskin \u00fear og frammi fyrir \u00f6lturunum drap hann Mattan sem var prestur Baals.<br \/>Presturinn setti v\u00f6r\u00f0 vi\u00f0 musteri Drottins <a name=\"19\"><span class=\"versanumer_2007\">19<\/span><\/a> og safna\u00f0i saman hundra\u00f0sh\u00f6f\u00f0ingjunum, Kareum, l\u00edfv\u00f6r\u00f0unum og \u00f6llum landsl\u00fd\u00f0num. S\u00ed\u00f0an leiddu \u00feeir konunginn ni\u00f0ur \u00far musteri Drottins og gegnum hli\u00f0 l\u00edfvar\u00f0anna til konungshallarinnar. \u00dear settist hann \u00ed h\u00e1s\u00e6ti konunganna, <a name=\"20\"><span class=\"versanumer_2007\">20<\/span><\/a> en landsl\u00fd\u00f0urinn gladdist og r\u00f3 f\u00e6r\u00f0ist yfir borgina. En Atal\u00eda var drepin me\u00f0 sver\u00f0i \u00ed konungsh\u00f6llinni.<\/p>\n","protected":false},"excerpt":{"rendered":"<p>Atal\u00eda drottning \u00ed J\u00fada 1 \u00deegar Atal\u00eda, m\u00f3\u00f0ir Ahas\u00eda, s\u00e1 a\u00f0 sonur hennar var d\u00e1inn t\u00f3k h\u00fan til vi\u00f0 a\u00f0 tort\u00edma allri konungs\u00e6ttinni. 2 En J\u00f3seba, d\u00f3ttir J\u00f3rams konungs og systir Ahas\u00eda, t\u00f3k J\u00f3as Ahas\u00edason \u00far \u00feeim h\u00f3pi sona konungsins sem \u00e1tti a\u00f0 drepa. H\u00fan lauma\u00f0i honum og f\u00f3stru hans inn \u00ed svefnherbergi\u00f0 og faldi hann fyrir Atal\u00edu, svo a\u00f0 hann var ekki drepinn. 3 Hann var falinn hj\u00e1 henni \u00ed musteri Drottins \u00ed sex \u00e1r, \u00e1 me\u00f0an Atal\u00eda r\u00edkti yfir landinu. 4 \u00c1 sj\u00f6unda \u00e1rinu sendi J\u00f3jada bo\u00f0 eftir hundra\u00f0sh\u00f6f\u00f0ingjum Karea og l\u00edfvar\u00f0arins og l\u00e9t \u00fe\u00e1 koma til s\u00edn <a href=\"https:\/\/biblian.is\/biblian\/sidari-konungabok-11-kafli\/\"> [&#8230;]<\/a><\/p>\n","protected":false},"author":1,"featured_media":0,"parent":0,"menu_order":0,"comment_status":"open","ping_status":"open","template":"bibliukaflar_NT.php","meta":{"footnotes":""},"class_list":["post-1941","page","type-page","status-publish","hentry"],"_links":{"self":[{"href":"https:\/\/biblian.is\/biblian\/wp-json\/wp\/v2\/pages\/1941","targetHints":{"allow":["GET"]}}],"collection":[{"href":"https:\/\/biblian.is\/biblian\/wp-json\/wp\/v2\/pages"}],"about":[{"href":"https:\/\/biblian.is\/biblian\/wp-json\/wp\/v2\/types\/page"}],"author":[{"embeddable":true,"href":"https:\/\/biblian.is\/biblian\/wp-json\/wp\/v2\/users\/1"}],"replies":[{"embeddable":true,"href":"https:\/\/biblian.is\/biblian\/wp-json\/wp\/v2\/comments?post=1941"}],"version-history":[{"count":0,"href":"https:\/\/biblian.is\/biblian\/wp-json\/wp\/v2\/pages\/1941\/revisions"}],"wp:attachment":[{"href":"https:\/\/biblian.is\/biblian\/wp-json\/wp\/v2\/media?parent=1941"}],"curies":[{"name":"wp","href":"https:\/\/api.w.org\/{rel}","templated":true}]}}