{"id":1938,"date":"2017-12-30T21:01:05","date_gmt":"2017-12-30T21:01:05","guid":{"rendered":"http:\/\/biblian.is\/biblian\/s%c2%92_ari-konungab%c2%97k-8-kafli\/"},"modified":"2024-02-06T18:26:28","modified_gmt":"2024-02-06T18:26:28","slug":"sidari-konungabok-8-kafli","status":"publish","type":"page","link":"https:\/\/biblian.is\/biblian\/sidari-konungabok-8-kafli\/","title":{"rendered":"S\u00ed\u00f0ari konungab\u00f3k 8. kafli"},"content":{"rendered":"<h3 class=\"millifyrirsogn_2007\"> Enn um El\u00edsa og konuna fr\u00e1 S\u00fanem<\/h3>\n<p><a name=\"1\"><span class=\"versanumer_2007\">1<\/span><\/a> El\u00edsa sag\u00f0i vi\u00f0 m\u00f3\u00f0ur drengsins er hann haf\u00f0i l\u00edfga\u00f0: \u201eB\u00fa\u00f0u \u00feig til fer\u00f0ar og far\u00f0u burt, \u00fe\u00fa og fj\u00f6lskylda \u00fe\u00edn. Leita\u00f0u h\u00e6lis \u00fear sem \u00fe\u00fa getur \u00fev\u00ed a\u00f0 Drottinn hefur kalla\u00f0 hungursney\u00f0 yfir landi\u00f0. H\u00fan kemur n\u00fa yfir landi\u00f0 og mun standa \u00ed sj\u00f6 \u00e1r.\u201c <a name=\"2\"><span class=\"versanumer_2007\">2<\/span><\/a> Konan bj\u00f3st til fer\u00f0ar og ger\u00f0i eins og gu\u00f0sma\u00f0urinn haf\u00f0i r\u00e1\u00f0lagt henni. H\u00fan f\u00f3r \u00e1samt fj\u00f6lskyldu sinni og leita\u00f0i h\u00e6lis \u00ed landi Filistea og dvaldist \u00fear \u00ed sj\u00f6 \u00e1r.<br \/> <a name=\"3\"><span class=\"versanumer_2007\">3<\/span><\/a> A\u00f0 sj\u00f6 \u00e1rum li\u00f0num sneri konan aftur fr\u00e1 landi Filistea og f\u00f3r til konungsins til a\u00f0 bi\u00f0ja um hj\u00e1lp til a\u00f0 f\u00e1 aftur h\u00fas sitt og akur. <a name=\"4\"><span class=\"versanumer_2007\">4<\/span><\/a> Konungur var \u00fe\u00e1 a\u00f0 tala vi\u00f0 Gehas\u00ed, \u00fej\u00f3n gu\u00f0smannsins, og haf\u00f0i sagt vi\u00f0 hann: \u201eSeg\u00f0u m\u00e9r fr\u00e1 \u00f6llum afrekunum sem El\u00edsa hefur unni\u00f0.\u201c <a name=\"5\"><span class=\"versanumer_2007\">5<\/span><\/a> \u00deegar Gehas\u00ed var a\u00f0 segja konungi fr\u00e1 \u00fev\u00ed hvernig El\u00edsa haf\u00f0i l\u00edfga\u00f0 hinn l\u00e1tna kom m\u00f3\u00f0ir drengsins, sem hann haf\u00f0i l\u00edfga\u00f0, og ba\u00f0 konung um a\u00f0sto\u00f0 vi\u00f0 a\u00f0 f\u00e1 aftur h\u00fas sitt og akur. \u00de\u00e1 sag\u00f0i Gehas\u00ed: \u201eHerra minn og konungur. \u00deetta er konan og \u00feetta er sonur hennar sem El\u00edsa l\u00edfga\u00f0i.\u201c <a name=\"6\"><span class=\"versanumer_2007\">6<\/span><\/a> \u00deegar konungur spur\u00f0i konuna sj\u00e1lfa sag\u00f0i h\u00fan honum fr\u00e1 \u00f6llu. Konungurinn f\u00e9kk henni \u00fe\u00e1 einn hir\u00f0manna sinna til a\u00f0sto\u00f0ar og sag\u00f0i vi\u00f0 hann: \u201eSj\u00e1\u00f0u um a\u00f0 h\u00fan f\u00e1i allar eigur s\u00ednar aftur, einnig allan afrakstur af akrinum fr\u00e1 \u00fev\u00ed a\u00f0 h\u00fan f\u00f3r \u00far landinu og allt til \u00feessa dags.\u201c<\/p>\n<h3 class=\"millifyrirsogn_2007\">El\u00edsa og Hasael<\/h3>\n<p><a name=\"7\"><span class=\"versanumer_2007\">7<\/span><\/a> Einhverju sinni, \u00feegar El\u00edsa kom til Damaskus, l\u00e1 Benhadad Aramskonungur veikur. Honum var tilkynnt a\u00f0 gu\u00f0sma\u00f0urinn v\u00e6ri kominn. <a name=\"8\"><span class=\"versanumer_2007\">8<\/span><\/a> Hann sag\u00f0i \u00fe\u00e1 vi\u00f0 Hasael: \u201eHaf\u00f0u me\u00f0 \u00fe\u00e9r gj\u00f6f, far\u00f0u til m\u00f3ts vi\u00f0 gu\u00f0smanninn og bi\u00f0 hann a\u00f0 leita um \u00fea\u00f0 svara hj\u00e1 Drottni hvort \u00e9g muni n\u00e1 m\u00e9r af sj\u00fakd\u00f3mi m\u00ednum.\u201c<br \/> <a name=\"9\"><span class=\"versanumer_2007\">9<\/span><\/a> Hasael f\u00f3r til m\u00f3ts vi\u00f0 El\u00edsa og haf\u00f0i me\u00f0 s\u00e9r a\u00f0 gj\u00f6f allt \u00fea\u00f0 besta sem v\u00f6l var \u00e1 \u00ed Damaskus. Voru \u00fea\u00f0 klyfjar \u00e1 fj\u00f6rut\u00edu \u00falfalda. Hann kom til El\u00edsa, gekk fyrir hann og sag\u00f0i \u201eSonur \u00feinn, Benhadad Aramskonungur, sendi mig til a\u00f0 spyrja \u00feig hvort hann muni n\u00e1 s\u00e9r af sj\u00fakd\u00f3mi s\u00ednum.\u201c <a name=\"10\"><span class=\"versanumer_2007\">10<\/span><\/a> El\u00edsa svara\u00f0i honum: \u201eFar\u00f0u og seg\u00f0u honum: \u00de\u00fa munt n\u00e1 \u00fe\u00e9r a\u00f0 fullu. Samt hefur Drottinn birt m\u00e9r a\u00f0 hann muni deyja.\u201c <a name=\"11\"><span class=\"versanumer_2007\">11<\/span><\/a> Hasael s\u00fdndi engin svipbrig\u00f0i og star\u00f0i \u00e1 hann en gu\u00f0sma\u00f0urinn brast \u00ed gr\u00e1t. <a name=\"12\"><span class=\"versanumer_2007\">12<\/span><\/a> \u00de\u00e1 spur\u00f0i Hasael hann: \u201eHvers vegna gr\u00e6tur \u00fe\u00fa, herra?\u201c Hann svara\u00f0i: \u201eAf \u00fev\u00ed a\u00f0 \u00e9g veit hv\u00edl\u00edku b\u00f6li \u00fe\u00fa munt valda \u00cdsraelsm\u00f6nnum. \u00de\u00fa munt brenna virki \u00feeirra \u00ed eldi, h\u00f6ggva \u00e6skumenn \u00feeirra me\u00f0 sver\u00f0i, sl\u00e1 ungb\u00f6rn \u00feeirra til bana og rista \u00feunga\u00f0ar konur \u00feeirra \u00e1 kvi\u00f0.\u201c <a name=\"13\"><span class=\"versanumer_2007\">13<\/span><\/a> \u00de\u00e1 spur\u00f0i Hasael: \u201eHvernig g\u00e6ti \u00fer\u00e6ll \u00feinn, \u00feessi hundur, unni\u00f0 sl\u00edk st\u00f3rvirki?\u201c El\u00edsa svara\u00f0i: \u201eDrottinn hefur s\u00fdnt m\u00e9r \u00feig sem konung yfir Aram.\u201c<br \/> <a name=\"14\"><span class=\"versanumer_2007\">14<\/span><\/a> Hasael h\u00e9lt fr\u00e1 El\u00edsa og sneri aftur til h\u00fasb\u00f3nda s\u00edns sem spur\u00f0i hann: \u201eHva\u00f0 sag\u00f0i El\u00edsa vi\u00f0 \u00feig?\u201c Hasael svara\u00f0i: \u201eHann sag\u00f0i m\u00e9r a\u00f0 \u00fe\u00fa n\u00e6\u00f0ir \u00fe\u00e9r.\u201c <a name=\"15\"><span class=\"versanumer_2007\">15<\/span><\/a> Daginn eftir t\u00f3k hann teppi, d\u00fdf\u00f0i \u00fev\u00ed \u00ed vatn og breiddi \u00fea\u00f0 yfir andlit konungs svo a\u00f0 hann d\u00f3. Hasael var\u00f0 konungur eftir hann.<\/p>\n<h3 class=\"millifyrirsogn_2007\">J\u00f3ram J\u00fadakonungur<\/h3>\n<p><a name=\"16\"><span class=\"versanumer_2007\">16<\/span><\/a> \u00c1 fimmta stj\u00f3rnar\u00e1ri J\u00f3rams Akabssonar, konungs \u00ed \u00cdsrael, \u00e1 me\u00f0an J\u00f3safat var enn J\u00fadakonungur, var\u00f0 J\u00f3ram J\u00f3safatsson konungur.<span class=\"nedan_mal\" title=\" J\u00f3ram var\u00f0 me\u00f0stj\u00f3rnandi f\u00f6\u00f0ur s\u00edns. Eftir l\u00e1t hans var\u00f0 hann einn konungur.\">[<\/span> <a name=\"17\"><span class=\"versanumer_2007\">17<\/span><\/a> Hann var \u00ferj\u00e1t\u00edu og tveggja \u00e1ra \u00feegar hann var\u00f0 konungur og r\u00edkti \u00e1tta \u00e1r \u00ed Jer\u00fasalem. <a name=\"18\"><span class=\"versanumer_2007\">18<\/span><\/a> Hann breytti \u00e1 sama h\u00e1tt og konungar \u00cdsraels, eins og \u00e6tt Akabs, enda var d\u00f3ttir Akabs eiginkona hans. Hann ger\u00f0i \u00fea\u00f0 sem illt var \u00ed augum Drottins. <a name=\"19\"><span class=\"versanumer_2007\">19<\/span><\/a> \u00der\u00e1tt fyrir \u00fea\u00f0 vildi Drottinn ekki ey\u00f0a J\u00fada vegna Dav\u00ed\u00f0s, \u00fej\u00f3ns s\u00edns, en hann haf\u00f0i heiti\u00f0 honum a\u00f0 hann skyldi \u00e6t\u00ed\u00f0 hafa lampa frammi fyrir augliti Drottins.<br \/> <a name=\"20\"><span class=\"versanumer_2007\">20<\/span><\/a> \u00c1 d\u00f6gum J\u00f3rams brutust Ed\u00f3m\u00edtar undan valdi J\u00fada og t\u00f3ku s\u00e9r sinn eigin konung. <a name=\"21\"><span class=\"versanumer_2007\">21<\/span><\/a> J\u00f3ram h\u00e9lt \u00fe\u00e1 til Sa\u00edr me\u00f0 alla hervagna s\u00edna. Um n\u00f3ttina, \u00feegar hann r\u00e9\u00f0st \u00e1 Ed\u00f3m\u00edta sem h\u00f6f\u00f0u umkringt hann og foringja vagnli\u00f0sins, fl\u00fd\u00f0u li\u00f0smenn hans til b\u00fa\u00f0a sinna. <a name=\"22\"><span class=\"versanumer_2007\">22<\/span><\/a> \u00deannig braust Ed\u00f3m undan valdi J\u00fada og hefur veri\u00f0 sj\u00e1lfst\u00e6tt r\u00edki til \u00feessa dags. \u00c1 sama t\u00edma braust L\u00edbna<span class=\"nedan_mal\" title=\" L\u00edbna var \u00e1 landam\u00e6rum J\u00fada og lands Filistea.\">[<\/span> einnig undan J\u00fada.<br \/> <a name=\"23\"><span class=\"versanumer_2007\">23<\/span><\/a> \u00dea\u00f0 sem \u00f3sagt er af s\u00f6gu J\u00f3rams og verkum hans er skr\u00e1\u00f0 \u00ed ann\u00e1la J\u00fadakonunga. <a name=\"24\"><span class=\"versanumer_2007\">24<\/span><\/a> J\u00f3ram var lag\u00f0ur til hv\u00edldar hj\u00e1 fe\u00f0rum s\u00ednum og grafinn hj\u00e1 \u00feeim \u00ed borg Dav\u00ed\u00f0s. Ahas\u00eda, sonur hans, var\u00f0 konungur eftir hann.<\/p>\n<h3 class=\"millifyrirsogn_2007\">Ahas\u00eda J\u00fadakonungur<\/h3>\n<p><a name=\"25\"><span class=\"versanumer_2007\">25<\/span><\/a> \u00c1 t\u00f3lfta stj\u00f3rnar\u00e1ri J\u00f3rams Akabssonar \u00cdsraelskonungs var\u00f0 Ahas\u00eda J\u00f3ramsson konungur yfir J\u00fada. <a name=\"26\"><span class=\"versanumer_2007\">26<\/span><\/a> Ahas\u00eda var tuttugu og tveggja \u00e1ra \u00feegar hann var\u00f0 konungur og hann r\u00edkti eitt \u00e1r \u00ed Jer\u00fasalem. M\u00f3\u00f0ir hans h\u00e9t Atalja, d\u00f3ttir Omr\u00ed, konungs \u00ed \u00cdsrael. <a name=\"27\"><span class=\"versanumer_2007\">27<\/span><\/a> Ahas\u00eda breytti eins og \u00e6tt Akabs og ger\u00f0i \u00fea\u00f0 sem illt var \u00ed augum Drottins eins og \u00e6tt Akabs \u00fev\u00ed a\u00f0 hann var vensla\u00f0ur<span class=\"nedan_mal\" title=\" Or\u00f0r\u00e9tt: hann var tengdasonur \u00e6ttar Akabs.\">[<\/span> Akab.<br \/> <a name=\"28\"><span class=\"versanumer_2007\">28<\/span><\/a> Hann f\u00f3r me\u00f0 J\u00f3ram Akabssyni \u00ed str\u00ed\u00f0 gegn Hasael Aramskonungi vi\u00f0 Ram\u00f3t \u00ed G\u00edlea\u00f0. En Aramearnir s\u00e6r\u00f0u J\u00f3ram konung svo a\u00f0 hann <a name=\"29\"><span class=\"versanumer_2007\">29<\/span><\/a> sneri heim til Jesreel. \u00dear \u00e6tla\u00f0i hann a\u00f0 l\u00e1ta s\u00e1rin gr\u00f3a sem Aramearnir h\u00f6f\u00f0u veitt honum vi\u00f0 Rama \u00feegar hann bar\u00f0ist gegn Hasael Aramskonungi. En Ahas\u00eda J\u00f3ramsson J\u00fadakonungur f\u00f3r a\u00f0 heims\u00e6kja J\u00f3ram Akabsson \u00ed Jesreel af \u00fev\u00ed a\u00f0 hann var veikur.<\/p>\n","protected":false},"excerpt":{"rendered":"<p>Enn um El\u00edsa og konuna fr\u00e1 S\u00fanem 1 El\u00edsa sag\u00f0i vi\u00f0 m\u00f3\u00f0ur drengsins er hann haf\u00f0i l\u00edfga\u00f0: \u201eB\u00fa\u00f0u \u00feig til fer\u00f0ar og far\u00f0u burt, \u00fe\u00fa og fj\u00f6lskylda \u00fe\u00edn. Leita\u00f0u h\u00e6lis \u00fear sem \u00fe\u00fa getur \u00fev\u00ed a\u00f0 Drottinn hefur kalla\u00f0 hungursney\u00f0 yfir landi\u00f0. H\u00fan kemur n\u00fa yfir landi\u00f0 og mun standa \u00ed sj\u00f6 \u00e1r.\u201c 2 Konan bj\u00f3st til fer\u00f0ar og ger\u00f0i eins og gu\u00f0sma\u00f0urinn haf\u00f0i r\u00e1\u00f0lagt henni. H\u00fan f\u00f3r \u00e1samt fj\u00f6lskyldu sinni og leita\u00f0i h\u00e6lis \u00ed landi Filistea og dvaldist \u00fear \u00ed sj\u00f6 \u00e1r. 3 A\u00f0 sj\u00f6 \u00e1rum li\u00f0num sneri konan aftur fr\u00e1 landi Filistea og f\u00f3r til konungsins til a\u00f0 <a href=\"https:\/\/biblian.is\/biblian\/sidari-konungabok-8-kafli\/\"> [&#8230;]<\/a><\/p>\n","protected":false},"author":1,"featured_media":0,"parent":0,"menu_order":0,"comment_status":"open","ping_status":"open","template":"bibliukaflar_NT.php","meta":{"footnotes":""},"class_list":["post-1938","page","type-page","status-publish","hentry"],"_links":{"self":[{"href":"https:\/\/biblian.is\/biblian\/wp-json\/wp\/v2\/pages\/1938","targetHints":{"allow":["GET"]}}],"collection":[{"href":"https:\/\/biblian.is\/biblian\/wp-json\/wp\/v2\/pages"}],"about":[{"href":"https:\/\/biblian.is\/biblian\/wp-json\/wp\/v2\/types\/page"}],"author":[{"embeddable":true,"href":"https:\/\/biblian.is\/biblian\/wp-json\/wp\/v2\/users\/1"}],"replies":[{"embeddable":true,"href":"https:\/\/biblian.is\/biblian\/wp-json\/wp\/v2\/comments?post=1938"}],"version-history":[{"count":0,"href":"https:\/\/biblian.is\/biblian\/wp-json\/wp\/v2\/pages\/1938\/revisions"}],"wp:attachment":[{"href":"https:\/\/biblian.is\/biblian\/wp-json\/wp\/v2\/media?parent=1938"}],"curies":[{"name":"wp","href":"https:\/\/api.w.org\/{rel}","templated":true}]}}