{"id":1936,"date":"2017-12-30T21:01:00","date_gmt":"2017-12-30T21:01:00","guid":{"rendered":"http:\/\/biblian.is\/biblian\/s%c2%92_ari-konungab%c2%97k-6-kafli\/"},"modified":"2024-02-06T18:26:27","modified_gmt":"2024-02-06T18:26:27","slug":"sidari-konungabok-6-kafli","status":"publish","type":"page","link":"https:\/\/biblian.is\/biblian\/sidari-konungabok-6-kafli\/","title":{"rendered":"S\u00ed\u00f0ari konungab\u00f3k 6. kafli"},"content":{"rendered":"<h3 class=\"millifyrirsogn_2007\"> El\u00edsa og t\u00fdnda \u00f6xin<\/h3>\n<p><a name=\"1\"><span class=\"versanumer_2007\">1<\/span><\/a> Einu sinni s\u00f6g\u00f0u sp\u00e1manna-l\u00e6risveinarnir vi\u00f0 El\u00edsa: \u201eHerbergi\u00f0, \u00fear sem vi\u00f0 sitjum frammi fyrir \u00fe\u00e9r, er of \u00fer\u00f6ngt fyrir okkur. <a name=\"2\"><span class=\"versanumer_2007\">2<\/span><\/a> Vi\u00f0 \u00e6tlum \u00fev\u00ed a\u00f0 ganga ni\u00f0ur a\u00f0 J\u00f3rdan svo a\u00f0 hver okkar geti s\u00f3tt \u00feanga\u00f0 bj\u00e1lka og vi\u00f0 s\u00ed\u00f0an byggt okkur b\u00fasta\u00f0.\u201c Hann svara\u00f0i: \u201eFari\u00f0 \u00fe\u00e1.\u201c<br \/> <a name=\"3\"><span class=\"versanumer_2007\">3<\/span><\/a> Einn \u00feeirra sag\u00f0i: \u201eGer\u00f0u okkur grei\u00f0a og komdu me\u00f0 \u00fej\u00f3num \u00fe\u00ednum.\u201c \u201eJ\u00e1, \u00e9g skal koma,\u201c svara\u00f0i hann <a name=\"4\"><span class=\"versanumer_2007\">4<\/span><\/a> og f\u00f3r me\u00f0 \u00feeim. \u00deegar \u00feeir voru komnir ni\u00f0ur a\u00f0 J\u00f3rdan t\u00f3ku \u00feeir a\u00f0 h\u00f6ggva tr\u00e9. <a name=\"5\"><span class=\"versanumer_2007\">5<\/span><\/a> \u00de\u00e1 er einn \u00feeirra var a\u00f0 fella trj\u00e1stofn gekk \u00f6xin af skafti og lenti \u00ed \u00e1nni. Hann hr\u00f3pa\u00f0i: \u201e\u00c6, herra. \u00deetta var einmitt l\u00e1ns\u00f6xi.\u201c <a name=\"6\"><span class=\"versanumer_2007\">6<\/span><\/a> \u201eHvar lenti h\u00fan?\u201c spur\u00f0i gu\u00f0sma\u00f0urinn. \u00deegar ma\u00f0urinn haf\u00f0i s\u00fdnt honum sta\u00f0inn skar El\u00edsa vi\u00f0argrein, henti henni \u00feanga\u00f0, l\u00e9t axarh\u00f6fu\u00f0i\u00f0 flj\u00f3ta upp <a name=\"7\"><span class=\"versanumer_2007\">7<\/span><\/a> og sag\u00f0i: \u201eTaktu \u00fea\u00f0 upp,\u201c og hann r\u00e9tti \u00fat h\u00f6ndina og greip \u00fea\u00f0.<\/p>\n<h3 class=\"millifyrirsogn_2007\">Vi\u00f0ureign El\u00edsa vi\u00f0 Aramea<\/h3>\n<p><a name=\"8\"><span class=\"versanumer_2007\">8<\/span><\/a> Einhverju sinni, \u00feegar Aramskonungur \u00e1tti \u00ed str\u00ed\u00f0i vi\u00f0 \u00cdsrael, r\u00e1\u00f0ga\u00f0ist hann vi\u00f0 menn s\u00edna og sag\u00f0i: \u201e\u00c1 tilteknum sta\u00f0 skulum vi\u00f0 leggjast \u00ed launs\u00e1tur.\u201c <a name=\"9\"><span class=\"versanumer_2007\">9<\/span><\/a> En gu\u00f0sma\u00f0urinn sendi \u00feessi bo\u00f0 til \u00cdsraelskonungs: \u201eFor\u00f0astu a\u00f0 fara um \u00feennan sta\u00f0 \u00fev\u00ed a\u00f0 \u00fear liggja Aramearnir \u00ed launs\u00e1tri.\u201c <a name=\"10\"><span class=\"versanumer_2007\">10<\/span><\/a> Konungur \u00cdsraels sendi \u00fe\u00e1 nj\u00f3snara til \u00feess sta\u00f0ar sem gu\u00f0sma\u00f0urinn haf\u00f0i r\u00e6tt um. \u00deegar hann haf\u00f0i varast \u00feennan sta\u00f0 oftar en einu sinni og oftar en tvisvar <a name=\"11\"><span class=\"versanumer_2007\">11<\/span><\/a> reiddist Aramskonungur, kalla\u00f0i \u00e1 menn s\u00edna og sag\u00f0i: \u201eGeti\u00f0 \u00fei\u00f0 ekki sagt m\u00e9r hver af okkar m\u00f6nnum lj\u00f3strar upp fyrir\u00e6tlunum okkar vi\u00f0 konung \u00cdsraels?\u201c <a name=\"12\"><span class=\"versanumer_2007\">12<\/span><\/a> Einn af m\u00f6nnum hans svara\u00f0i: \u201eHerra minn og konungur. \u00dea\u00f0 er enginn okkar heldur El\u00edsa sp\u00e1ma\u00f0ur \u00ed \u00cdsrael sem sk\u00fdrir konungi \u00cdsraels fr\u00e1 hverju or\u00f0i sem \u00fe\u00fa talar \u00ed svefnherbergi \u00fe\u00ednu.\u201c <a name=\"13\"><span class=\"versanumer_2007\">13<\/span><\/a> Konungur sag\u00f0i: \u201eFari\u00f0 og kanni\u00f0 hvar hann er svo a\u00f0 \u00e9g geti sent menn til a\u00f0 n\u00e1 honum.\u201c \u00de\u00e1 var honum tilkynnt a\u00f0 hann v\u00e6ri \u00ed D\u00f3tan.<br \/> <a name=\"14\"><span class=\"versanumer_2007\">14<\/span><\/a> Konungurinn sendi \u00feanga\u00f0 hesta, vagna og miki\u00f0 li\u00f0. \u00deeir komu \u00feanga\u00f0 um n\u00f3ttina og umkringdu borgina. <a name=\"15\"><span class=\"versanumer_2007\">15<\/span><\/a> \u00deegar gu\u00f0sma\u00f0urinn f\u00f3r \u00e1 f\u00e6tur \u00e1rla morguns og gekk \u00fat s\u00e1 hann s\u00e9r til undrunar a\u00f0 her me\u00f0 hesta og vagna haf\u00f0i umkringt borgina. \u00dej\u00f3nn hans sag\u00f0i \u00fe\u00e1 vi\u00f0 hann: \u201e\u00c6, herra. Hva\u00f0 eigum vi\u00f0 n\u00fa a\u00f0 gera?\u201c <a name=\"16\"><span class=\"versanumer_2007\">16<\/span><\/a> Hann svara\u00f0i: \u201eVertu \u00f3hr\u00e6ddur. \u00deeir sem eru me\u00f0 okkur eru fleiri en hinir.\u201c <a name=\"17\"><span class=\"versanumer_2007\">17<\/span><\/a> S\u00ed\u00f0an ba\u00f0st El\u00edsa fyrir og sag\u00f0i: \u201eDrottinn, opna augu hans svo a\u00f0 hann sj\u00e1i.\u201c \u00de\u00e1 opna\u00f0i Drottinn augu \u00fej\u00f3nsins og hann s\u00e1 a\u00f0 fjalli\u00f0 var \u00feaki\u00f0 eldhestum og eldv\u00f6gnum umhverfis El\u00edsa.<br \/> <a name=\"18\"><span class=\"versanumer_2007\">18<\/span><\/a> \u00deegar Aramearnir h\u00e9ldu gegn honum ba\u00f0 El\u00edsa til Drottins og sag\u00f0i: \u201eSl\u00e1 \u00feessa menn blindu.\u201c Hann heyr\u00f0i b\u00e6n El\u00edsa og sl\u00f3 \u00fe\u00e1 blindu. <a name=\"19\"><span class=\"versanumer_2007\">19<\/span><\/a> \u00de\u00e1 sag\u00f0i El\u00edsa: \u201e\u00deetta er ekki r\u00e9tt lei\u00f0 og \u00feetta er ekki r\u00e9tt borg. Fylgi\u00f0 m\u00e9r, \u00e9g skal lei\u00f0a ykkur til mannsins sem \u00fei\u00f0 leiti\u00f0.\u201c S\u00ed\u00f0an fylgdi hann \u00feeim til Samar\u00edu. <a name=\"20\"><span class=\"versanumer_2007\">20<\/span><\/a> \u00deegar \u00feeir voru komnir til Samar\u00edu sag\u00f0i El\u00edsa: \u201eDrottinn, opna augu \u00feessara manna svo a\u00f0 \u00feeir geti s\u00e9\u00f0.\u201c Og Drottinn opna\u00f0i augu \u00feeirra svo a\u00f0 \u00feeir s\u00e1u s\u00e9r til undrunar a\u00f0 \u00feeir voru inni \u00ed mi\u00f0ri Samar\u00edu.<br \/> <a name=\"21\"><span class=\"versanumer_2007\">21<\/span><\/a> \u00deegar konungur \u00cdsraels s\u00e1 \u00fe\u00e1 spur\u00f0i hann El\u00edsa: \u201e\u00c1 \u00e9g a\u00f0 h\u00f6ggva \u00fe\u00e1, fa\u00f0ir minn?\u201c <a name=\"22\"><span class=\"versanumer_2007\">22<\/span><\/a> Hann svara\u00f0i: \u201eNei, \u00fe\u00fa skalt ekki h\u00f6ggva \u00fe\u00e1. Ertu vanur a\u00f0 h\u00f6ggva \u00fe\u00e1 sem \u00fe\u00fa tekur til fanga me\u00f0 sver\u00f0i \u00fe\u00ednu og boga? Settu fyrir \u00fe\u00e1 mat og drykk svo a\u00f0 \u00feeir f\u00e1i a\u00f0 eta og drekka. S\u00ed\u00f0an geta \u00feeir fari\u00f0 til h\u00fasb\u00f3nda s\u00edns.\u201c <a name=\"23\"><span class=\"versanumer_2007\">23<\/span><\/a> Konungurinn bj\u00f3 \u00feeim \u00fe\u00e1 mikla veislu. \u00deegar \u00feeir h\u00f6f\u00f0u eti\u00f0 og drukki\u00f0 sleppti hann \u00feeim lausum og \u00feeir f\u00f3ru aftur til h\u00fasb\u00f3nda s\u00edns.<br \/>Eftir \u00feetta h\u00e6ttu r\u00e1nsflokkar Aramea a\u00f0 koma inn \u00ed \u00cdsrael.<\/p>\n<h3 class=\"millifyrirsogn_2007\">Ums\u00e1tur um Samar\u00edu<\/h3>\n<p><a name=\"24\"><span class=\"versanumer_2007\">24<\/span><\/a> Nokkru s\u00ed\u00f0ar safna\u00f0i Benhadad Aramskonungur \u00f6llum her s\u00ednum saman, h\u00e9lt upp til Samar\u00edu og settist um hana. <a name=\"25\"><span class=\"versanumer_2007\">25<\/span><\/a> \u00c1 me\u00f0an \u00feeir s\u00e1tu um Samar\u00edu var\u00f0 \u00fear svo mikil hungursney\u00f0 a\u00f0 eitt asnah\u00f6fu\u00f0 kosta\u00f0i \u00e1ttat\u00edu sikla silfurs og fj\u00f3r\u00f0ungur \u00far kab af d\u00fafnadriti kosta\u00f0i fimm sikla.<br \/> <a name=\"26\"><span class=\"versanumer_2007\">26<\/span><\/a> Einu sinni, \u00feegar \u00cdsraelskonungur var \u00e1 g\u00f6ngu uppi \u00e1 borgarm\u00farnum, hr\u00f3pa\u00f0i kona nokkur til hans: \u201eHj\u00e1lpa\u00f0u okkur, herra minn og konungur.\u201c <a name=\"27\"><span class=\"versanumer_2007\">27<\/span><\/a> Hann svara\u00f0i: \u201eEf Drottinn hj\u00e1lpar \u00fe\u00e9r ekki hvert \u00e1 \u00e9g \u00fe\u00e1 a\u00f0 s\u00e6kja hj\u00e1lp handa \u00fe\u00e9r? Til \u00fereskivallarins e\u00f0a v\u00ednpressunnar?\u201c <a name=\"28\"><span class=\"versanumer_2007\">28<\/span><\/a> S\u00ed\u00f0an spur\u00f0i konungurinn: \u201eHva\u00f0 amar a\u00f0 \u00fe\u00e9r?\u201c H\u00fan svara\u00f0i: \u201eKonan \u00fearna lag\u00f0i \u00feetta til vi\u00f0 mig: Komdu me\u00f0 son \u00feinn svo a\u00f0 vi\u00f0 getum eti\u00f0 hann \u00ed dag en son minn \u00e1 morgun. <a name=\"29\"><span class=\"versanumer_2007\">29<\/span><\/a> Vi\u00f0 su\u00f0um svo son minn og \u00e1tum hann. Daginn eftir sag\u00f0i \u00e9g vi\u00f0 hana: Komdu n\u00fa me\u00f0 son \u00feinn svo a\u00f0 vi\u00f0 getum eti\u00f0 hann. En h\u00fan haf\u00f0i \u00fe\u00e1 fali\u00f0 hann.\u201c <a name=\"30\"><span class=\"versanumer_2007\">30<\/span><\/a> \u00deegar konungur heyr\u00f0i or\u00f0 konunnar reif hann kl\u00e6\u00f0i s\u00edn. \u00dear sem hann gekk \u00e1fram eftir m\u00farnum s\u00e1 f\u00f3lki\u00f0 a\u00f0 hann bar h\u00e6rusekk n\u00e6st l\u00edkama s\u00ednum. <a name=\"31\"><span class=\"versanumer_2007\">31<\/span><\/a> En n\u00fa hr\u00f3pa\u00f0i hann: \u201eMegi Drottinn gera m\u00e9r hva\u00f0 sem er ef h\u00f6fu\u00f0i\u00f0 situr \u00e1 El\u00edsa Safatssyni daginn \u00e1 enda.\u201c<br \/> <a name=\"32\"><span class=\"versanumer_2007\">32<\/span><\/a> El\u00edsa dvaldist \u00ed h\u00fasi s\u00ednu og \u00f6ldungarnir s\u00e1tu \u00fear hj\u00e1 honum \u00feegar konungur sendi mann til hans. En \u00e1\u00f0ur en sendibo\u00f0inn var kominn sag\u00f0i El\u00edsa vi\u00f0 \u00f6ldungana: \u201eGeri\u00f0 \u00fei\u00f0 ykkur grein fyrir a\u00f0 \u00feessi mor\u00f0ingi hefur sent mann til \u00feess a\u00f0 h\u00f6ggva af m\u00e9r h\u00f6fu\u00f0i\u00f0? G\u00e6ti\u00f0 \u00feess a\u00f0 loka dyrunum \u00feegar sendibo\u00f0inn kemur og standi\u00f0 fyrir hur\u00f0inni svo a\u00f0 hann komist ekki inn. \u00c9g heyri f\u00f3tatak h\u00fasb\u00f3nda hans \u00e1 eftir honum.\u201c <a name=\"33\"><span class=\"versanumer_2007\">33<\/span><\/a> \u00c1 me\u00f0an hann var enn a\u00f0 tala vi\u00f0 \u00fe\u00e1 kom konungurinn og sag\u00f0i: \u201eB\u00f6l \u00feetta kemur fr\u00e1 Drottni. Hvers get \u00e9g framar v\u00e6nst af honum?\u201c<\/p>\n","protected":false},"excerpt":{"rendered":"<p>El\u00edsa og t\u00fdnda \u00f6xin 1 Einu sinni s\u00f6g\u00f0u sp\u00e1manna-l\u00e6risveinarnir vi\u00f0 El\u00edsa: \u201eHerbergi\u00f0, \u00fear sem vi\u00f0 sitjum frammi fyrir \u00fe\u00e9r, er of \u00fer\u00f6ngt fyrir okkur. 2 Vi\u00f0 \u00e6tlum \u00fev\u00ed a\u00f0 ganga ni\u00f0ur a\u00f0 J\u00f3rdan svo a\u00f0 hver okkar geti s\u00f3tt \u00feanga\u00f0 bj\u00e1lka og vi\u00f0 s\u00ed\u00f0an byggt okkur b\u00fasta\u00f0.\u201c Hann svara\u00f0i: \u201eFari\u00f0 \u00fe\u00e1.\u201c 3 Einn \u00feeirra sag\u00f0i: \u201eGer\u00f0u okkur grei\u00f0a og komdu me\u00f0 \u00fej\u00f3num \u00fe\u00ednum.\u201c \u201eJ\u00e1, \u00e9g skal koma,\u201c svara\u00f0i hann 4 og f\u00f3r me\u00f0 \u00feeim. \u00deegar \u00feeir voru komnir ni\u00f0ur a\u00f0 J\u00f3rdan t\u00f3ku \u00feeir a\u00f0 h\u00f6ggva tr\u00e9. 5 \u00de\u00e1 er einn \u00feeirra var a\u00f0 fella trj\u00e1stofn gekk \u00f6xin af skafti og <a href=\"https:\/\/biblian.is\/biblian\/sidari-konungabok-6-kafli\/\"> [&#8230;]<\/a><\/p>\n","protected":false},"author":1,"featured_media":0,"parent":0,"menu_order":0,"comment_status":"open","ping_status":"open","template":"bibliukaflar_NT.php","meta":{"footnotes":""},"class_list":["post-1936","page","type-page","status-publish","hentry"],"_links":{"self":[{"href":"https:\/\/biblian.is\/biblian\/wp-json\/wp\/v2\/pages\/1936","targetHints":{"allow":["GET"]}}],"collection":[{"href":"https:\/\/biblian.is\/biblian\/wp-json\/wp\/v2\/pages"}],"about":[{"href":"https:\/\/biblian.is\/biblian\/wp-json\/wp\/v2\/types\/page"}],"author":[{"embeddable":true,"href":"https:\/\/biblian.is\/biblian\/wp-json\/wp\/v2\/users\/1"}],"replies":[{"embeddable":true,"href":"https:\/\/biblian.is\/biblian\/wp-json\/wp\/v2\/comments?post=1936"}],"version-history":[{"count":0,"href":"https:\/\/biblian.is\/biblian\/wp-json\/wp\/v2\/pages\/1936\/revisions"}],"wp:attachment":[{"href":"https:\/\/biblian.is\/biblian\/wp-json\/wp\/v2\/media?parent=1936"}],"curies":[{"name":"wp","href":"https:\/\/api.w.org\/{rel}","templated":true}]}}