{"id":1933,"date":"2017-12-30T21:01:00","date_gmt":"2017-12-30T21:01:00","guid":{"rendered":"http:\/\/biblian.is\/biblian\/s%c2%92_ari-konungab%c2%97k-3-kafli\/"},"modified":"2024-02-06T18:26:25","modified_gmt":"2024-02-06T18:26:25","slug":"sidari-konungabok-3-kafli","status":"publish","type":"page","link":"https:\/\/biblian.is\/biblian\/sidari-konungabok-3-kafli\/","title":{"rendered":"S\u00ed\u00f0ari konungab\u00f3k 3. kafli"},"content":{"rendered":"<h3 class=\"millifyrirsogn_2007\"> Styrj\u00f6ld \u00cdsraels og M\u00f3abs<\/h3>\n<p><a name=\"1\"><span class=\"versanumer_2007\">1<\/span><\/a> J\u00f3ram Akabsson var\u00f0 konungur \u00cdsraels \u00ed Samar\u00edu \u00e1 \u00e1tj\u00e1nda stj\u00f3rnar\u00e1ri J\u00f3safats J\u00fadakonungs og r\u00edkti t\u00f3lf \u00e1r. <a name=\"2\"><span class=\"versanumer_2007\">2<\/span><\/a> Hann ger\u00f0i \u00fea\u00f0 sem illt var \u00ed augum Drottins, \u00fe\u00f3 ekki eins og fa\u00f0ir hans og m\u00f3\u00f0ir \u00fev\u00ed a\u00f0 hann fjarl\u00e6g\u00f0i minnisstein Baals sem fa\u00f0ir hans haf\u00f0i l\u00e1ti\u00f0 gera. <a name=\"3\"><span class=\"versanumer_2007\">3<\/span><\/a> En samt h\u00e9lt hann \u00e1fram a\u00f0 dr\u00fdgja \u00fe\u00e6r syndir<span class=\"nedan_mal\" title=\" Annar lesh\u00e1ttur er \u201esynd Jer\u00f3b\u00f3ams\u201c. Me\u00f0 \u00fev\u00ed er v\u00edsa\u00f0 til \u00feess a\u00f0 Jer\u00f3b\u00f3am kom \u00e1 gu\u00f0sd\u00fdrkun \u00ed Betel og Dan en \u00fea\u00f0 var \u00ed andst\u00f6\u00f0u vi\u00f0 fyrirm\u00e6li Drottins um gu\u00f0sd\u00fdrkun \u00ed Jer\u00fasalem.\">[<\/span> sem Jer\u00f3b\u00f3am Nebatsson haf\u00f0i komi\u00f0 \u00cdsrael til a\u00f0 dr\u00fdgja og l\u00e9t ekki af \u00fev\u00ed.<br \/> <a name=\"4\"><span class=\"versanumer_2007\">4<\/span><\/a> Mesa, konungur \u00ed M\u00f3ab, var fj\u00e1reigandi. Hann var\u00f0 a\u00f0 grei\u00f0a \u00cdsraelskonungi hundra\u00f0 \u00fe\u00fasund l\u00f6mb og ull af hundra\u00f0 \u00fe\u00fasund hr\u00fatum \u00ed skatt. <a name=\"5\"><span class=\"versanumer_2007\">5<\/span><\/a> En eftir dau\u00f0a Akabs ger\u00f0i M\u00f3abskonungur uppreisn gegn \u00cdsraelskonungi. <a name=\"6\"><span class=\"versanumer_2007\">6<\/span><\/a> J\u00f3ram konungur h\u00e9lt \u00feegar \u00ed sta\u00f0 fr\u00e1 Samar\u00edu og kvaddi allan \u00cdsrael til vopna. <a name=\"7\"><span class=\"versanumer_2007\">7<\/span><\/a> \u00dev\u00ed n\u00e6st sendi hann J\u00f3safat J\u00fadakonungi \u00feessi bo\u00f0: \u201eKonungur M\u00f3abs hefur gert uppreisn gegn m\u00e9r. Vilt \u00fe\u00fa fara me\u00f0 m\u00e9r \u00ed str\u00ed\u00f0 vi\u00f0 M\u00f3ab?\u201c \u201eJ\u00e1,\u201c svara\u00f0i hann, \u201e\u00e9g fer me\u00f0 \u00fe\u00e9r, \u00fej\u00f3\u00f0 m\u00edn me\u00f0 \u00fej\u00f3\u00f0 \u00feinni, hestar m\u00ednir me\u00f0 hestum \u00fe\u00ednum.\u201c <a name=\"8\"><span class=\"versanumer_2007\">8<\/span><\/a> \u201eHva\u00f0a lei\u00f0 eigum vi\u00f0 a\u00f0 fara?\u201c spur\u00f0i hann einnig. \u201eLei\u00f0ina gegnum ey\u00f0im\u00f6rkina \u00ed Ed\u00f3m,\u201c svara\u00f0i J\u00f3ram.<br \/> <a name=\"9\"><span class=\"versanumer_2007\">9<\/span><\/a> \u00cdsraelskonungur, J\u00fadakonungur og Ed\u00f3mskonungur h\u00e9ldu af sta\u00f0. \u00deegar \u00feeir h\u00f6f\u00f0u fari\u00f0 sj\u00f6 daglei\u00f0ir skorti vatn handa hernum og skepnunum sem \u00feeir h\u00f6f\u00f0u me\u00f0 s\u00e9r. <a name=\"10\"><span class=\"versanumer_2007\">10<\/span><\/a> \u00cdsraelskonungur sag\u00f0i: \u201e\u00c6, Drottinn hefur vissulega kalla\u00f0 \u00feessa \u00ferj\u00e1 konunga til \u00feess a\u00f0 selja \u00fe\u00e1 \u00ed hendur M\u00f3abs.\u201c <a name=\"11\"><span class=\"versanumer_2007\">11<\/span><\/a> \u00de\u00e1 sag\u00f0i J\u00f3safat: \u201eEr enginn sp\u00e1ma\u00f0ur Drottins h\u00e9r sem vi\u00f0 getum l\u00e1ti\u00f0 leita svara fr\u00e1 Drottni?\u201c Einn af hir\u00f0m\u00f6nnum \u00cdsraelskonungs svara\u00f0i: \u201eH\u00e9r er El\u00edsa Safatsson sem hefur hellt vatni yfir hendur El\u00eda.\u201c <a name=\"12\"><span class=\"versanumer_2007\">12<\/span><\/a> J\u00f3safat sag\u00f0i: \u201eOr\u00f0 Drottins er hj\u00e1 honum.\u201c \u00cdsraelskonungur, J\u00f3safat og konungur Ed\u00f3ms gengu \u00fe\u00e1 ni\u00f0ur til hans. <a name=\"13\"><span class=\"versanumer_2007\">13<\/span><\/a> En El\u00edsa sag\u00f0i vi\u00f0 \u00cdsraelskonung: \u201eHva\u00f0 kemur \u00fe\u00fa m\u00e9r vi\u00f0? Far\u00f0u til sp\u00e1manna f\u00f6\u00f0ur \u00fe\u00edns og sp\u00e1manna m\u00f3\u00f0ur \u00feinnar.\u201c \u00cdsraelskonungur svara\u00f0i honum: \u201eNei, enda er \u00fea\u00f0 Drottinn sem hefur kalla\u00f0 \u00feessa \u00ferj\u00e1 konunga \u00fat til \u00feess a\u00f0 selja \u00fe\u00e1 \u00ed hendur M\u00f3abs.\u201c <a name=\"14\"><span class=\"versanumer_2007\">14<\/span><\/a> \u00de\u00e1 sag\u00f0i El\u00edsa: \u201eSvo sannarlega sem Drottinn hersveitanna lifir, s\u00e1 er \u00e9g \u00fej\u00f3na, liti \u00e9g ekki einu sinni \u00e1 \u00feig n\u00e9 virti \u00feig vi\u00f0lits v\u00e6ri \u00fea\u00f0 ekki vegna J\u00f3safats J\u00fadakonungs. <a name=\"15\"><span class=\"versanumer_2007\">15<\/span><\/a> En s\u00e6ki\u00f0 n\u00fa h\u00f6rpuleikara.\u201c<br \/>\u00deegar h\u00f6rpuleikarinn t\u00f3k a\u00f0 leika kom h\u00f6nd Drottins yfir El\u00edsa <a name=\"16\"><span class=\"versanumer_2007\">16<\/span><\/a> og hann sag\u00f0i: \u201eSvo segir Drottinn: Grafi\u00f0 gryfjur um allan \u00feennan dal <a name=\"17\"><span class=\"versanumer_2007\">17<\/span><\/a> \u00fev\u00ed a\u00f0 svo segir Drottinn: \u00dei\u00f0 munu\u00f0 hvorki sj\u00e1 vind n\u00e9 regn en samt skal \u00feessi dalur fyllast af vatni svo a\u00f0 \u00fei\u00f0 geti\u00f0 drukki\u00f0 \u00e1samt her ykkar og skepnum. <a name=\"18\"><span class=\"versanumer_2007\">18<\/span><\/a> En \u00feetta eru sm\u00e1munir \u00ed augum Drottins. Hann mun \u00fev\u00ed einnig selja M\u00f3ab ykkur \u00ed hendur. <a name=\"19\"><span class=\"versanumer_2007\">19<\/span><\/a> \u00dei\u00f0 munu\u00f0 vinna hvert virki og hverja mikilv\u00e6ga borg, fella \u00f6ll nytjatr\u00e9 og st\u00edfla allar uppsprettur og spilla me\u00f0 grj\u00f3ti s\u00e9rhverjum frj\u00f3s\u00f6mum landskika.\u201c <a name=\"20\"><span class=\"versanumer_2007\">20<\/span><\/a> Morguninn eftir, \u00feegar t\u00edmi var kominn til a\u00f0 f\u00e6ra morgunf\u00f3rn, fl\u00e6ddi skyndilega vatn fr\u00e1 Ed\u00f3m og f\u00e6r\u00f0i landsv\u00e6\u00f0i\u00f0 \u00ed kaf.<br \/> <a name=\"21\"><span class=\"versanumer_2007\">21<\/span><\/a> \u00deegar allir M\u00f3ab\u00edtar heyr\u00f0u a\u00f0 konungarnir v\u00e6ru komnir til a\u00f0 gera \u00e1r\u00e1s voru allir vopnf\u00e6rir menn kalla\u00f0ir til her\u00fej\u00f3nustu og t\u00f3ku \u00feeir s\u00e9r st\u00f6\u00f0u vi\u00f0 landam\u00e6rin. <a name=\"22\"><span class=\"versanumer_2007\">22<\/span><\/a> \u00deeir f\u00f3ru \u00e1 f\u00e6tur \u00e1rla morguns vi\u00f0 s\u00f3laruppr\u00e1s. \u00deegar s\u00f3lin skein \u00e1 vatni\u00f0 virtist M\u00f3ab\u00edtum \u00far fjarl\u00e6g\u00f0 sem vatni\u00f0 v\u00e6ri rautt eins og bl\u00f3\u00f0. <a name=\"23\"><span class=\"versanumer_2007\">23<\/span><\/a> \u201e\u00deetta er bl\u00f3\u00f0,\u201c s\u00f6g\u00f0u \u00feeir. \u201eKonungarnir hafa gripi\u00f0 til vopna og drepi\u00f0 hver annan. Hir\u00f0i\u00f0 n\u00fa herfangi\u00f0, M\u00f3ab\u00edtar.\u201c<br \/> <a name=\"24\"><span class=\"versanumer_2007\">24<\/span><\/a> \u00deegar \u00feeir komu a\u00f0 herb\u00fa\u00f0um \u00cdsraels ger\u00f0u \u00cdsraelsmenn \u00fatr\u00e1s og hjuggu M\u00f3ab\u00edta ni\u00f0ur e\u00f0a hr\u00f6ktu \u00fe\u00e1 \u00e1 fl\u00f3tta. \u00cdsraelsmenn eltu M\u00f3ab\u00edta uppi og str\u00e1felldu \u00fe\u00e1. <a name=\"25\"><span class=\"versanumer_2007\">25<\/span><\/a> S\u00ed\u00f0an rifu \u00feeir ni\u00f0ur borgirnar og \u00e1 alla frj\u00f3sama landskika k\u00f6stu\u00f0u \u00feeir s\u00ednum steininum hver og \u00fe\u00f6ktu \u00fe\u00e1 grj\u00f3ti. \u00deeir st\u00edflu\u00f0u allar uppsprettur og hjuggu \u00f6ll nytjatr\u00e9. Loks var K\u00edr Hareset ein eftir. Hana umkringdu sl\u00f6ngukastarar og v\u00f6rpu\u00f0u \u00e1 hana grj\u00f3ti.<br \/> <a name=\"26\"><span class=\"versanumer_2007\">26<\/span><\/a> \u00deegar M\u00f3abskonungur s\u00e1 a\u00f0 \u00e1r\u00e1sin var har\u00f0ari en svo a\u00f0 hann g\u00e6ti sta\u00f0ist hana safna\u00f0i hann saman sj\u00f6 hundru\u00f0 m\u00f6nnum vopnu\u00f0um sver\u00f0um og reyndi a\u00f0 brj\u00f3tast \u00ed gegn til Ed\u00f3mskonungs en \u00e1n \u00e1rangurs. <a name=\"27\"><span class=\"versanumer_2007\">27<\/span><\/a> \u00de\u00e1 t\u00f3k hann son sinn frumgetinn, sem \u00e1tti a\u00f0 ver\u00f0a konungur eftir hann, og f\u00f3rna\u00f0i honum \u00ed brennif\u00f3rn \u00e1 borgarm\u00farunum. Var\u00f0 \u00fe\u00e1 mikil rei\u00f0i gegn \u00cdsraelsm\u00f6nnum. \u00deeir t\u00f3ku sig upp og h\u00e9ldu heim til lands s\u00edns.<\/p>\n","protected":false},"excerpt":{"rendered":"<p>Styrj\u00f6ld \u00cdsraels og M\u00f3abs 1 J\u00f3ram Akabsson var\u00f0 konungur \u00cdsraels \u00ed Samar\u00edu \u00e1 \u00e1tj\u00e1nda stj\u00f3rnar\u00e1ri J\u00f3safats J\u00fadakonungs og r\u00edkti t\u00f3lf \u00e1r. 2 Hann ger\u00f0i \u00fea\u00f0 sem illt var \u00ed augum Drottins, \u00fe\u00f3 ekki eins og fa\u00f0ir hans og m\u00f3\u00f0ir \u00fev\u00ed a\u00f0 hann fjarl\u00e6g\u00f0i minnisstein Baals sem fa\u00f0ir hans haf\u00f0i l\u00e1ti\u00f0 gera. 3 En samt h\u00e9lt hann \u00e1fram a\u00f0 dr\u00fdgja \u00fe\u00e6r syndir[ sem Jer\u00f3b\u00f3am Nebatsson haf\u00f0i komi\u00f0 \u00cdsrael til a\u00f0 dr\u00fdgja og l\u00e9t ekki af \u00fev\u00ed. 4 Mesa, konungur \u00ed M\u00f3ab, var fj\u00e1reigandi. Hann var\u00f0 a\u00f0 grei\u00f0a \u00cdsraelskonungi hundra\u00f0 \u00fe\u00fasund l\u00f6mb og ull af hundra\u00f0 \u00fe\u00fasund hr\u00fatum \u00ed skatt. 5 En <a href=\"https:\/\/biblian.is\/biblian\/sidari-konungabok-3-kafli\/\"> [&#8230;]<\/a><\/p>\n","protected":false},"author":1,"featured_media":0,"parent":0,"menu_order":0,"comment_status":"open","ping_status":"open","template":"bibliukaflar_NT.php","meta":{"footnotes":""},"class_list":["post-1933","page","type-page","status-publish","hentry"],"_links":{"self":[{"href":"https:\/\/biblian.is\/biblian\/wp-json\/wp\/v2\/pages\/1933","targetHints":{"allow":["GET"]}}],"collection":[{"href":"https:\/\/biblian.is\/biblian\/wp-json\/wp\/v2\/pages"}],"about":[{"href":"https:\/\/biblian.is\/biblian\/wp-json\/wp\/v2\/types\/page"}],"author":[{"embeddable":true,"href":"https:\/\/biblian.is\/biblian\/wp-json\/wp\/v2\/users\/1"}],"replies":[{"embeddable":true,"href":"https:\/\/biblian.is\/biblian\/wp-json\/wp\/v2\/comments?post=1933"}],"version-history":[{"count":0,"href":"https:\/\/biblian.is\/biblian\/wp-json\/wp\/v2\/pages\/1933\/revisions"}],"wp:attachment":[{"href":"https:\/\/biblian.is\/biblian\/wp-json\/wp\/v2\/media?parent=1933"}],"curies":[{"name":"wp","href":"https:\/\/api.w.org\/{rel}","templated":true}]}}