{"id":1932,"date":"2017-12-30T21:01:00","date_gmt":"2017-12-30T21:01:00","guid":{"rendered":"http:\/\/biblian.is\/biblian\/s%c2%92_ari-konungab%c2%97k-2-kafli\/"},"modified":"2024-02-06T18:26:21","modified_gmt":"2024-02-06T18:26:21","slug":"sidari-konungabok-2-kafli","status":"publish","type":"page","link":"https:\/\/biblian.is\/biblian\/sidari-konungabok-2-kafli\/","title":{"rendered":"S\u00ed\u00f0ari konungab\u00f3k 2. kafli"},"content":{"rendered":"<h3 class=\"millifyrirsogn_2007\"> Himnaf\u00f6r El\u00eda<\/h3>\n<p><a name=\"1\"><span class=\"versanumer_2007\">1<\/span><\/a> \u00deegar Drottinn hug\u00f0ist hefja El\u00eda til himins \u00ed stormvi\u00f0ri voru \u00feeir El\u00eda og El\u00edsa \u00e1 lei\u00f0 fr\u00e1 Gilgal. <a name=\"2\"><span class=\"versanumer_2007\">2<\/span><\/a> El\u00eda sag\u00f0i vi\u00f0 El\u00edsa: \u201eB\u00ed\u00f0 h\u00e9r \u00fev\u00ed a\u00f0 Drottinn hefur sent mig til Betel.\u201c En El\u00edsa svara\u00f0i: \u201eSvo sannarlega sem Drottinn lifir og svo sannarlega sem \u00fe\u00fa sj\u00e1lfur lifir, \u00fe\u00e1 yfirgef \u00e9g \u00feig ekki.\u201c S\u00ed\u00f0an f\u00f3ru \u00feeir ni\u00f0ur til Betel.<br \/> <a name=\"3\"><span class=\"versanumer_2007\">3<\/span><\/a> \u00de\u00e1 komu l\u00e6risveinar sp\u00e1mannanna, sem voru \u00ed Betel, til El\u00edsa og s\u00f6g\u00f0u vi\u00f0 hann: \u201eVeistu a\u00f0 \u00ed dag er Drottinn \u00ed \u00feann veginn a\u00f0 taka fr\u00e1 \u00fe\u00e9r meistara \u00feinn?\u201c Hann svara\u00f0i: \u201e\u00dea\u00f0 veit \u00e9g vel en hafi\u00f0 hlj\u00f3tt um \u00fea\u00f0.\u201c<br \/> <a name=\"4\"><span class=\"versanumer_2007\">4<\/span><\/a> El\u00eda sag\u00f0i \u00fe\u00e1 vi\u00f0 hann: \u201eB\u00ed\u00f0 h\u00e9r, El\u00edsa, \u00fev\u00ed a\u00f0 Drottinn hefur sent mig til Jer\u00edk\u00f3.\u201c En hann svara\u00f0i: \u201eSvo sannarlega sem Drottinn lifir og svo sannarlega sem \u00fe\u00fa sj\u00e1lfur lifir, mun \u00e9g ekki yfirgefa \u00feig.\u201c \u00deeir komu s\u00ed\u00f0an til Jer\u00edk\u00f3.<br \/> <a name=\"5\"><span class=\"versanumer_2007\">5<\/span><\/a> L\u00e6risveinar sp\u00e1mannanna, sem voru \u00fear, komu \u00fe\u00e1 til El\u00edsa og spur\u00f0u hann: \u201eVeistu a\u00f0 \u00ed dag er Drottinn \u00ed \u00feann veginn a\u00f0 taka fr\u00e1 \u00fe\u00e9r meistara \u00feinn?\u201c Hann svara\u00f0i: \u201e\u00dea\u00f0 veit \u00e9g vel en hafi\u00f0 hlj\u00f3tt um \u00fea\u00f0.\u201c<br \/> <a name=\"6\"><span class=\"versanumer_2007\">6<\/span><\/a> \u00de\u00e1 sag\u00f0i El\u00eda vi\u00f0 hann: \u201eVertu h\u00e9r kyrr \u00fev\u00ed a\u00f0 Drottinn hefur sent mig til J\u00f3rdanar.\u201c El\u00edsa svara\u00f0i: \u201eSvo sannarlega sem Drottinn lifir og svo sannarlega sem \u00fe\u00fa sj\u00e1lfur lifir, \u00fe\u00e1 mun \u00e9g ekki yfirgefa \u00feig.\u201c F\u00f3ru \u00feeir s\u00ed\u00f0an b\u00e1\u00f0ir saman. <a name=\"7\"><span class=\"versanumer_2007\">7<\/span><\/a> Fimmt\u00edu sp\u00e1mannal\u00e6risveinar gengu me\u00f0 \u00feeim og n\u00e1mu sta\u00f0ar \u00e1lengdar \u00feegar \u00feeir tveir sta\u00f0n\u00e6mdust vi\u00f0 J\u00f3rdan. <a name=\"8\"><span class=\"versanumer_2007\">8<\/span><\/a> \u00de\u00e1 t\u00f3k El\u00eda skikkju s\u00edna, braut hana saman og sl\u00f3 me\u00f0 henni \u00e1 vatni\u00f0. Vi\u00f0 \u00fea\u00f0 skiptist \u00fea\u00f0 og \u00feeir gengu b\u00e1\u00f0ir \u00feurrum f\u00f3tum yfir.<br \/> <a name=\"9\"><span class=\"versanumer_2007\">9<\/span><\/a> \u00deegar \u00feeir voru komnir yfir sag\u00f0i El\u00eda vi\u00f0 El\u00edsa: \u201eSeg\u00f0u m\u00e9r hva\u00f0 \u00e9g get gert fyrir \u00feig \u00e1\u00f0ur en \u00e9g ver\u00f0 tekinn fr\u00e1 \u00fe\u00e9r.\u201c El\u00edsa sag\u00f0i: \u201e\u00c9g vildi a\u00f0 m\u00e9r hlotnu\u00f0ust tveir hlutar af anda \u00fe\u00ednum.\u201c <a name=\"10\"><span class=\"versanumer_2007\">10<\/span><\/a> Hann svara\u00f0i: \u201e\u00de\u00fa m\u00e6list til mikils. En ef \u00fe\u00fa s\u00e9r\u00f0 mig \u00feegar \u00e9g ver\u00f0 tekinn fr\u00e1 \u00fe\u00e9r munt \u00fe\u00fa hlj\u00f3ta \u00feetta, annars ekki.\u201c <a name=\"11\"><span class=\"versanumer_2007\">11<\/span><\/a> Me\u00f0an \u00feeir voru a\u00f0 tala saman \u00e1 g\u00f6ngunni birtist skyndilega eldvagn me\u00f0 eldhestum fyrir er skildi \u00fe\u00e1 a\u00f0 og El\u00eda f\u00f3r til himins \u00ed stormvi\u00f0ri. <a name=\"12\"><span class=\"versanumer_2007\">12<\/span><\/a> El\u00edsa s\u00e1 \u00fea\u00f0 og hr\u00f3pa\u00f0i: \u201eFa\u00f0ir minn, fa\u00f0ir minn. \u00de\u00fa, vagn \u00cdsraels og vagnstj\u00f3ri.\u201c \u00deegar El\u00eda var horfinn sj\u00f3num hans \u00fereif El\u00edsa yfirh\u00f6fn s\u00edna og reif hana \u00ed tvennt. <a name=\"13\"><span class=\"versanumer_2007\">13<\/span><\/a> \u00de\u00e1 t\u00f3k hann upp skikkju El\u00eda, sem haf\u00f0i falli\u00f0 af honum, sneri vi\u00f0 og sta\u00f0n\u00e6mdist \u00e1 b\u00f6kkum J\u00f3rdanar. <a name=\"14\"><span class=\"versanumer_2007\">14<\/span><\/a> Hann t\u00f3k skikkju El\u00eda, sem haf\u00f0i falli\u00f0 af honum, sl\u00f3 me\u00f0 henni \u00e1 vatni\u00f0 og sag\u00f0i: \u201eHvar er n\u00fa Drottinn, Gu\u00f0 El\u00eda?\u201c \u00deegar hann sl\u00f3 \u00e1 vatni\u00f0 skiptist \u00fea\u00f0 og El\u00edsa gekk yfir.<br \/> <a name=\"15\"><span class=\"versanumer_2007\">15<\/span><\/a> \u00deegar l\u00e6risveinar sp\u00e1mannanna \u00ed Jer\u00edk\u00f3 komu auga \u00e1 hann \u00far nokkurri fjarl\u00e6g\u00f0 s\u00f6g\u00f0u \u00feeir: \u201eAndi El\u00eda hv\u00edlir yfir El\u00edsa.\u201c S\u00ed\u00f0an h\u00e9ldu \u00feeir til m\u00f3ts vi\u00f0 hann, v\u00f6rpu\u00f0u s\u00e9r til jar\u00f0ar frammi fyrir honum <a name=\"16\"><span class=\"versanumer_2007\">16<\/span><\/a> og s\u00f6g\u00f0u: \u201eMe\u00f0al \u00fej\u00f3na \u00feinna eru fimmt\u00edu sterkir menn. L\u00e1ttu \u00fe\u00e1 fara og leita a\u00f0 meistara \u00fe\u00ednum. Ef til vill hefur andi Drottins teki\u00f0 hann og varpa\u00f0 honum upp \u00e1 eitthvert fjall e\u00f0a ni\u00f0ur \u00ed einhvern dal.\u201c En hann svara\u00f0i: \u201e\u00dei\u00f0 skulu\u00f0 ekki senda neinn.\u201c <a name=\"17\"><span class=\"versanumer_2007\">17<\/span><\/a> En \u00fear sem \u00feeir l\u00f6g\u00f0u mj\u00f6g hart a\u00f0 honum l\u00e9t hann undan og sag\u00f0i: \u201eSendi\u00f0 \u00fe\u00e1 af sta\u00f0.\u201c \u00deeir sendu \u00fe\u00e1 fimmt\u00edu menn sem leitu\u00f0u hans \u00ed \u00ferj\u00e1 daga \u00e1rangurslaust. <a name=\"18\"><span class=\"versanumer_2007\">18<\/span><\/a> \u00deeir sneru \u00fe\u00e1 aftur til El\u00edsa sem var enn \u00ed Jer\u00edk\u00f3. Hann sag\u00f0i vi\u00f0 \u00fe\u00e1: \u201eSag\u00f0i \u00e9g ekki vi\u00f0 ykkur a\u00f0 \u00fei\u00f0 \u00e6ttu\u00f0 ekki a\u00f0 fara?\u201c<\/p>\n<h3 class=\"millifyrirsogn_2007\">Jarteikn El\u00edsa<\/h3>\n<p><a name=\"19\"><span class=\"versanumer_2007\">19<\/span><\/a> Borgarb\u00faar s\u00f6g\u00f0u vi\u00f0 El\u00edsa: \u201eBorgin liggur a\u00f0 v\u00edsu vel eins og \u00fe\u00fa getur sj\u00e1lfur s\u00e9\u00f0, herra minn, en vatni\u00f0 er vont og konur l\u00e1ta f\u00f3stri \u00ed h\u00e9ra\u00f0inu.\u201c <a name=\"20\"><span class=\"versanumer_2007\">20<\/span><\/a> Hann sag\u00f0i: \u201eF\u00e6ri\u00f0 m\u00e9r n\u00fdja sk\u00e1l og setji\u00f0 \u00ed hana salt.\u201c \u00deegar \u00feeir h\u00f6f\u00f0u f\u00e6rt honum sk\u00e1lina <a name=\"21\"><span class=\"versanumer_2007\">21<\/span><\/a> f\u00f3r hann \u00fat a\u00f0 uppsprettu vatnsins, kasta\u00f0i \u00ed hana salti og sag\u00f0i: \u201eSvo segir Drottinn: \u00c9g geri \u00feetta vatn heiln\u00e6mt. H\u00e9\u00f0an \u00ed fr\u00e1 skal \u00fea\u00f0 hvorki valda dau\u00f0a n\u00e9 \u00f3t\u00edmabur\u00f0i.\u201c <a name=\"22\"><span class=\"versanumer_2007\">22<\/span><\/a> Vatni\u00f0 var\u00f0 heiln\u00e6mt og hefur veri\u00f0 \u00fea\u00f0 allt til \u00feessa dags eins og El\u00edsa haf\u00f0i bo\u00f0a\u00f0.<br \/> <a name=\"23\"><span class=\"versanumer_2007\">23<\/span><\/a> \u00dea\u00f0an f\u00f3r hann upp til Betel. \u00deegar hann var \u00e1 lei\u00f0 upp eftir komu sm\u00e1str\u00e1kar \u00fat \u00far borginni, ger\u00f0u gys a\u00f0 honum og k\u00f6llu\u00f0u til hans: \u201eKomdu upp eftir, skalli! Komdu upp eftir, skalli!\u201c <a name=\"24\"><span class=\"versanumer_2007\">24<\/span><\/a> Hann sneri s\u00e9r vi\u00f0, leit \u00e1 \u00fe\u00e1 og form\u00e6lti \u00feeim \u00ed nafni Drottins. \u00de\u00e1 komu tv\u00e6r birnur \u00fat \u00far sk\u00f3ginum og rifu sundur fj\u00f6rut\u00edu og tvo af drengjunum.<br \/> <a name=\"25\"><span class=\"versanumer_2007\">25<\/span><\/a> \u00dea\u00f0an f\u00f3r hann til Karmelfjalls og s\u00ed\u00f0an aftur til Samar\u00edu.<\/p>\n","protected":false},"excerpt":{"rendered":"<p>Himnaf\u00f6r El\u00eda 1 \u00deegar Drottinn hug\u00f0ist hefja El\u00eda til himins \u00ed stormvi\u00f0ri voru \u00feeir El\u00eda og El\u00edsa \u00e1 lei\u00f0 fr\u00e1 Gilgal. 2 El\u00eda sag\u00f0i vi\u00f0 El\u00edsa: \u201eB\u00ed\u00f0 h\u00e9r \u00fev\u00ed a\u00f0 Drottinn hefur sent mig til Betel.\u201c En El\u00edsa svara\u00f0i: \u201eSvo sannarlega sem Drottinn lifir og svo sannarlega sem \u00fe\u00fa sj\u00e1lfur lifir, \u00fe\u00e1 yfirgef \u00e9g \u00feig ekki.\u201c S\u00ed\u00f0an f\u00f3ru \u00feeir ni\u00f0ur til Betel. 3 \u00de\u00e1 komu l\u00e6risveinar sp\u00e1mannanna, sem voru \u00ed Betel, til El\u00edsa og s\u00f6g\u00f0u vi\u00f0 hann: \u201eVeistu a\u00f0 \u00ed dag er Drottinn \u00ed \u00feann veginn a\u00f0 taka fr\u00e1 \u00fe\u00e9r meistara \u00feinn?\u201c Hann svara\u00f0i: \u201e\u00dea\u00f0 veit \u00e9g vel en hafi\u00f0 <a href=\"https:\/\/biblian.is\/biblian\/sidari-konungabok-2-kafli\/\"> [&#8230;]<\/a><\/p>\n","protected":false},"author":1,"featured_media":0,"parent":0,"menu_order":0,"comment_status":"open","ping_status":"open","template":"bibliukaflar_NT.php","meta":{"footnotes":""},"class_list":["post-1932","page","type-page","status-publish","hentry"],"_links":{"self":[{"href":"https:\/\/biblian.is\/biblian\/wp-json\/wp\/v2\/pages\/1932","targetHints":{"allow":["GET"]}}],"collection":[{"href":"https:\/\/biblian.is\/biblian\/wp-json\/wp\/v2\/pages"}],"about":[{"href":"https:\/\/biblian.is\/biblian\/wp-json\/wp\/v2\/types\/page"}],"author":[{"embeddable":true,"href":"https:\/\/biblian.is\/biblian\/wp-json\/wp\/v2\/users\/1"}],"replies":[{"embeddable":true,"href":"https:\/\/biblian.is\/biblian\/wp-json\/wp\/v2\/comments?post=1932"}],"version-history":[{"count":0,"href":"https:\/\/biblian.is\/biblian\/wp-json\/wp\/v2\/pages\/1932\/revisions"}],"wp:attachment":[{"href":"https:\/\/biblian.is\/biblian\/wp-json\/wp\/v2\/media?parent=1932"}],"curies":[{"name":"wp","href":"https:\/\/api.w.org\/{rel}","templated":true}]}}