{"id":1931,"date":"2017-12-30T21:01:00","date_gmt":"2017-12-30T21:01:00","guid":{"rendered":"http:\/\/biblian.is\/biblian\/s%c2%92_ari-konungab%c2%97k-1-kafli\/"},"modified":"2024-02-06T18:26:14","modified_gmt":"2024-02-06T18:26:14","slug":"sidari-konungabok-1-kafli","status":"publish","type":"page","link":"https:\/\/biblian.is\/biblian\/sidari-konungabok-1-kafli\/","title":{"rendered":"S\u00ed\u00f0ari konungab\u00f3k 1. kafli"},"content":{"rendered":"<h3 class=\"millifyrirsogn_2007\"> El\u00eda og Ahas\u00eda konungur<\/h3>\n<p><a name=\"1\"><span class=\"versanumer_2007\">1<\/span><\/a> Eftir l\u00e1t Akabs ger\u00f0i M\u00f3ab uppreisn gegn \u00cdsrael.<br \/> <a name=\"2\"><span class=\"versanumer_2007\">2<\/span><\/a> Ahas\u00eda f\u00e9ll \u00ed gegnum handri\u00f0i\u00f0 \u00e1 efri h\u00e6\u00f0 h\u00fass s\u00edns \u00ed Samar\u00edu og meiddist. Hann sendi \u00fe\u00e1 menn me\u00f0 \u00feessi fyrirm\u00e6li: \u201eFari\u00f0 og leiti\u00f0 svara hj\u00e1 Baal Seb\u00fab, gu\u00f0inum \u00ed Ekron, um \u00fea\u00f0 hvort \u00e9g muni n\u00e1 m\u00e9r eftir \u00feessi mei\u00f0sli.\u201c <a name=\"3\"><span class=\"versanumer_2007\">3<\/span><\/a> En engill Drottins haf\u00f0i sagt vi\u00f0 El\u00eda fr\u00e1 Tisbe: \u201eFar\u00f0u af sta\u00f0 og haltu til m\u00f3ts vi\u00f0 sendimenn Samar\u00edukonungs og seg\u00f0u vi\u00f0 \u00fe\u00e1: Er enginn Gu\u00f0 \u00ed \u00cdsrael fyrst \u00fei\u00f0 fari\u00f0 til \u00feess a\u00f0 leita svara hj\u00e1 Baal Seb\u00fab, gu\u00f0inum \u00ed Ekron? <a name=\"4\"><span class=\"versanumer_2007\">4<\/span><\/a> En \u00fear sem \u00fei\u00f0 geri\u00f0 \u00fea\u00f0 segir Drottinn: \u00de\u00fa skalt ekki framar r\u00edsa \u00far rekkjunni, sem \u00fe\u00fa ert lagstur \u00ed, \u00fev\u00ed a\u00f0 \u00fe\u00fa skalt deyja.\u201c El\u00eda h\u00e9lt s\u00ed\u00f0an \u00e1 brott.<br \/> <a name=\"5\"><span class=\"versanumer_2007\">5<\/span><\/a> \u00deegar sendimennirnir komu aftur til konungs spur\u00f0i hann: \u201eHvers vegna eru\u00f0 \u00fei\u00f0 komnir aftur n\u00fa \u00feegar?\u201c <a name=\"6\"><span class=\"versanumer_2007\">6<\/span><\/a> \u00deeir sv\u00f6ru\u00f0u: \u201eMa\u00f0ur kom \u00e1 m\u00f3ti okkur og sag\u00f0i: Fari\u00f0 aftur til konungsins, sem sendi ykkur, og segi\u00f0: Svo segir Drottinn: Sendir \u00fe\u00fa sendibo\u00f0a til \u00feess a\u00f0 leita svara hj\u00e1 Baal Seb\u00fab, gu\u00f0inum \u00ed Ekron, af \u00fev\u00ed a\u00f0 enginn gu\u00f0 er \u00ed \u00cdsrael? \u00dear sem \u00fe\u00fa ger\u00f0ir \u00fea\u00f0 skaltu ekki framar r\u00edsa \u00far rekkjunni, sem \u00fe\u00fa ert lagstur \u00ed, \u00fev\u00ed a\u00f0 \u00fe\u00fa skalt deyja.\u201c <a name=\"7\"><span class=\"versanumer_2007\">7<\/span><\/a> \u00de\u00e1 spur\u00f0i konungur: \u201eHvernig leit ma\u00f0urinn \u00fat sem kom \u00e1 m\u00f3ti ykkur og sag\u00f0i \u00feetta vi\u00f0 ykkur?\u201c <a name=\"8\"><span class=\"versanumer_2007\">8<\/span><\/a> \u00deeir sv\u00f6ru\u00f0u: \u201eHann var \u00ed skinnfeldi og gyrtur le\u00f0urbelti um lendar s\u00e9r.\u201c \u201e\u00deetta hefur veri\u00f0 El\u00eda fr\u00e1 Tisbe,\u201c sag\u00f0i konungur.<br \/> <a name=\"9\"><span class=\"versanumer_2007\">9<\/span><\/a> \u00deessu n\u00e6st sendi hann h\u00f6fu\u00f0smann yfir fimmt\u00edu manna herflokki \u00e1samt li\u00f0i s\u00ednu til El\u00eda \u00fear sem hann sat \u00e1 tindi fjallsins.<span class=\"nedan_mal\" title=\" Fjalli\u00f0 er l\u00edklega Karmel \u00fear sem El\u00eda haf\u00f0i tekist \u00e1 vi\u00f0 og sigra\u00f0 sp\u00e1menn Baals, sbr. 1Kon 18.21\u201318.40.\">[<\/span> H\u00f6fu\u00f0sma\u00f0urinn sag\u00f0i vi\u00f0 hann: \u201eGu\u00f0sma\u00f0ur, konungurinn skipar \u00fe\u00e9r a\u00f0 koma ni\u00f0ur.\u201c <a name=\"10\"><span class=\"versanumer_2007\">10<\/span><\/a> El\u00eda svara\u00f0i og sag\u00f0i vi\u00f0 h\u00f6fu\u00f0smanninn: \u201eS\u00e9 \u00e9g gu\u00f0sma\u00f0ur skal eldur koma af himni og gleypa \u00feig og flokk \u00feinn.\u201c \u00deegar \u00ed sta\u00f0 kom eldur af himni og gleypti h\u00f6fu\u00f0smanninn og flokk hans.<br \/> <a name=\"11\"><span class=\"versanumer_2007\">11<\/span><\/a> Konungur sendi \u00fe\u00e1 til hans annan h\u00f6fu\u00f0smann yfir fimmt\u00edu manna flokki \u00e1samt li\u00f0i s\u00ednu. \u00deegar hann kom upp sag\u00f0i hann vi\u00f0 El\u00eda: \u201eGu\u00f0sma\u00f0ur, svo segir konungurinn: Komdu ni\u00f0ur \u00feegar \u00ed sta\u00f0.\u201c <a name=\"12\"><span class=\"versanumer_2007\">12<\/span><\/a> El\u00eda svara\u00f0i og sag\u00f0i vi\u00f0 hann: \u201eS\u00e9 \u00e9g gu\u00f0sma\u00f0ur skal eldur koma af himni og gleypa \u00feig og flokk \u00feinn.\u201c Eldur Gu\u00f0s kom \u00feegar \u00ed sta\u00f0 af himni ofan og gleypti h\u00f6fu\u00f0smanninn og flokk hans.<br \/> <a name=\"13\"><span class=\"versanumer_2007\">13<\/span><\/a> Konungur sendi n\u00fa \u00feri\u00f0ja h\u00f6fu\u00f0smanninn yfir fimmt\u00edu manna flokki \u00e1samt li\u00f0i s\u00ednu. \u00deegar hann kom upp f\u00e9ll hann \u00e1 kn\u00e9 fyrir El\u00eda, ba\u00f0 hann og sag\u00f0i: \u201eGu\u00f0sma\u00f0ur, met \u00fe\u00fa l\u00edf mitt og l\u00edf \u00feessara fimmt\u00edu \u00fer\u00e6la \u00feinna einhvers. <a name=\"14\"><span class=\"versanumer_2007\">14<\/span><\/a> N\u00fa hefur eldur komi\u00f0 af himni og gleypt b\u00e1\u00f0a fyrri h\u00f6fu\u00f0smennina og fimmt\u00edu manna li\u00f0 \u00feeirra. Megi n\u00fa l\u00edf mitt vera \u00fe\u00e9r einhvers vir\u00f0i.\u201c<br \/> <a name=\"15\"><span class=\"versanumer_2007\">15<\/span><\/a> Engill Drottins sag\u00f0i \u00fe\u00e1 vi\u00f0 El\u00eda: \u201eFar\u00f0u me\u00f0 h\u00f6fu\u00f0smanninum og vertu ekki hr\u00e6ddur vi\u00f0 hann.\u201c El\u00eda st\u00f3\u00f0 \u00fe\u00e1 \u00e1 f\u00e6tur og f\u00f3r me\u00f0 honum ni\u00f0ur til konungs <a name=\"16\"><span class=\"versanumer_2007\">16<\/span><\/a> og sag\u00f0i vi\u00f0 hann: \u201eSvo segir Drottinn: \u00dear sem \u00fe\u00fa sendir menn til a\u00f0 leita svara hj\u00e1 Baal Seb\u00fab, gu\u00f0inum \u00ed Ekron, eins og enginn gu\u00f0 v\u00e6ri \u00ed \u00cdsrael sem h\u00e6gt v\u00e6ri a\u00f0 leita til, skaltu ekki framar r\u00edsa \u00far rekkjunni, sem \u00fe\u00fa ert lagstur \u00ed, heldur skaltu deyja.\u201c<br \/> <a name=\"17\"><span class=\"versanumer_2007\">17<\/span><\/a> S\u00ed\u00f0an d\u00f3 Ahas\u00eda eins og Drottinn haf\u00f0i bo\u00f0a\u00f0 fyrir munn El\u00eda. J\u00f3ram var\u00f0 konungur eftir hann \u00e1 \u00f6\u00f0ru stj\u00f3rnar\u00e1ri J\u00f3rams J\u00f3safatssonar J\u00fadakonungs \u00fev\u00ed a\u00f0 Ahas\u00eda \u00e1tti engan son.<br \/> <a name=\"18\"><span class=\"versanumer_2007\">18<\/span><\/a> \u00dea\u00f0 sem \u00f3sagt er af s\u00f6gu Ahas\u00eda og verkum hans er skr\u00e1\u00f0 \u00ed ann\u00e1la \u00cdsraelskonunga.<\/p>\n","protected":false},"excerpt":{"rendered":"<p>El\u00eda og Ahas\u00eda konungur 1 Eftir l\u00e1t Akabs ger\u00f0i M\u00f3ab uppreisn gegn \u00cdsrael. 2 Ahas\u00eda f\u00e9ll \u00ed gegnum handri\u00f0i\u00f0 \u00e1 efri h\u00e6\u00f0 h\u00fass s\u00edns \u00ed Samar\u00edu og meiddist. Hann sendi \u00fe\u00e1 menn me\u00f0 \u00feessi fyrirm\u00e6li: \u201eFari\u00f0 og leiti\u00f0 svara hj\u00e1 Baal Seb\u00fab, gu\u00f0inum \u00ed Ekron, um \u00fea\u00f0 hvort \u00e9g muni n\u00e1 m\u00e9r eftir \u00feessi mei\u00f0sli.\u201c 3 En engill Drottins haf\u00f0i sagt vi\u00f0 El\u00eda fr\u00e1 Tisbe: \u201eFar\u00f0u af sta\u00f0 og haltu til m\u00f3ts vi\u00f0 sendimenn Samar\u00edukonungs og seg\u00f0u vi\u00f0 \u00fe\u00e1: Er enginn Gu\u00f0 \u00ed \u00cdsrael fyrst \u00fei\u00f0 fari\u00f0 til \u00feess a\u00f0 leita svara hj\u00e1 Baal Seb\u00fab, gu\u00f0inum \u00ed Ekron? 4 En <a href=\"https:\/\/biblian.is\/biblian\/sidari-konungabok-1-kafli\/\"> [&#8230;]<\/a><\/p>\n","protected":false},"author":1,"featured_media":0,"parent":0,"menu_order":0,"comment_status":"open","ping_status":"open","template":"bibliukaflar_NT.php","meta":{"footnotes":""},"class_list":["post-1931","page","type-page","status-publish","hentry"],"_links":{"self":[{"href":"https:\/\/biblian.is\/biblian\/wp-json\/wp\/v2\/pages\/1931","targetHints":{"allow":["GET"]}}],"collection":[{"href":"https:\/\/biblian.is\/biblian\/wp-json\/wp\/v2\/pages"}],"about":[{"href":"https:\/\/biblian.is\/biblian\/wp-json\/wp\/v2\/types\/page"}],"author":[{"embeddable":true,"href":"https:\/\/biblian.is\/biblian\/wp-json\/wp\/v2\/users\/1"}],"replies":[{"embeddable":true,"href":"https:\/\/biblian.is\/biblian\/wp-json\/wp\/v2\/comments?post=1931"}],"version-history":[{"count":0,"href":"https:\/\/biblian.is\/biblian\/wp-json\/wp\/v2\/pages\/1931\/revisions"}],"wp:attachment":[{"href":"https:\/\/biblian.is\/biblian\/wp-json\/wp\/v2\/media?parent=1931"}],"curies":[{"name":"wp","href":"https:\/\/api.w.org\/{rel}","templated":true}]}}