{"id":1930,"date":"2017-12-30T21:01:00","date_gmt":"2017-12-30T21:01:00","guid":{"rendered":"http:\/\/biblian.is\/biblian\/fyrri-konungab%c2%97k-22-kafli\/"},"modified":"2024-02-06T18:26:09","modified_gmt":"2024-02-06T18:26:09","slug":"fyrri-konungabok-22-kafli","status":"publish","type":"page","link":"https:\/\/biblian.is\/biblian\/fyrri-konungabok-22-kafli\/","title":{"rendered":"Fyrri konungab\u00f3k 22. kafli"},"content":{"rendered":"<h3 class=\"millifyrirsogn_2007\"> M\u00edka varar Akab vi\u00f0<\/h3>\n<p><a name=\"1\"><span class=\"versanumer_2007\">1<\/span><\/a> \u00cd \u00ferj\u00fa \u00e1r var enginn \u00f3fri\u00f0ur milli Arams og \u00cdsraels. <a name=\"2\"><span class=\"versanumer_2007\">2<\/span><\/a> En \u00e1 \u00feri\u00f0ja \u00e1ri f\u00f3r J\u00f3safat J\u00fadakonungur til fundar vi\u00f0 \u00cdsraelskonung. <a name=\"3\"><span class=\"versanumer_2007\">3<\/span><\/a> \u00de\u00e1 sag\u00f0i konungur \u00cdsraels vi\u00f0 hir\u00f0menn s\u00edna: \u201e\u00dei\u00f0 viti\u00f0 vel a\u00f0 Ram\u00f3t \u00ed G\u00edlea\u00f0 er okkar eign. Samt gerum vi\u00f0 ekkert til a\u00f0 n\u00e1 henni aftur af Aramskonungi.\u201c <a name=\"4\"><span class=\"versanumer_2007\">4<\/span><\/a> \u00dev\u00ed n\u00e6st sag\u00f0i hann vi\u00f0 J\u00f3safat: \u201eVilt \u00fe\u00fa koma me\u00f0 m\u00e9r og herja \u00e1 Ram\u00f3t \u00ed G\u00edlea\u00f0?\u201c \u201e\u00c9g geri eins og \u00fe\u00fa,\u201c svara\u00f0i J\u00f3safat \u00cdsraelskonungi, \u201em\u00edn \u00fej\u00f3\u00f0 eins og \u00fe\u00edn \u00fej\u00f3\u00f0, m\u00ednir hestar eins og \u00fe\u00ednir hestar.\u201c<br \/> <a name=\"5\"><span class=\"versanumer_2007\">5<\/span><\/a> J\u00f3safat sag\u00f0i s\u00ed\u00f0an vi\u00f0 \u00cdsraelskonung: \u201eLeita\u00f0u fyrst svara hj\u00e1 Drottni.\u201c <a name=\"6\"><span class=\"versanumer_2007\">6<\/span><\/a> \u00cdsraelskonungur safna\u00f0i \u00fe\u00e1 sp\u00e1m\u00f6nnunum saman, um \u00fea\u00f0 bil fj\u00f6gur hundru\u00f0 m\u00f6nnum, og spur\u00f0i: \u201e\u00c1 \u00e9g a\u00f0 halda gegn Ram\u00f3t \u00ed G\u00edlea\u00f0 og herja \u00e1 hana e\u00f0a \u00e1 \u00e9g ekki a\u00f0 gera \u00fea\u00f0?\u201c \u00deeir sv\u00f6ru\u00f0u: \u201eFar\u00f0u, Drottinn mun selja konungi borgina \u00ed hendur.\u201c <a name=\"7\"><span class=\"versanumer_2007\">7<\/span><\/a> \u00de\u00e1 spur\u00f0i J\u00f3safat: \u201eEr enginn annar sp\u00e1ma\u00f0ur Drottins h\u00e9r sem vi\u00f0 getum leita\u00f0 fr\u00e9tta hj\u00e1?\u201c <a name=\"8\"><span class=\"versanumer_2007\">8<\/span><\/a> \u00cdsraelskonungur svara\u00f0i: \u201eJ\u00fa, enn er einn eftir. Hj\u00e1 honum getum vi\u00f0 leita\u00f0 \u00farskur\u00f0ar Drottins. En \u00e9g hata hann \u00fev\u00ed a\u00f0 hann sp\u00e1ir m\u00e9r aldrei g\u00f3\u00f0u heldur illu einu. Hann heitir M\u00edka Jimlason.\u201c J\u00f3safat sag\u00f0i \u00fe\u00e1: \u201e\u00deetta \u00e6tti konungur ekki a\u00f0 segja.\u201c <a name=\"9\"><span class=\"versanumer_2007\">9<\/span><\/a> \u00cdsraelskonungur kalla\u00f0i \u00feessu n\u00e6st \u00e1 hir\u00f0mann og sag\u00f0i: \u201eS\u00e6ktu M\u00edka Jimlason \u00feegar \u00ed sta\u00f0.\u201c <a name=\"10\"><span class=\"versanumer_2007\">10<\/span><\/a> Konungur \u00cdsraels og J\u00f3safat, konungur J\u00fada, s\u00e1tu n\u00fa hvor \u00ed s\u00ednu h\u00e1s\u00e6ti kl\u00e6ddir skikkjum \u00e1 \u00fereskivelli vi\u00f0 borgarhli\u00f0 Samar\u00edu. Allir sp\u00e1mennirnir voru \u00ed sp\u00e1mannlegri lei\u00f0slu frammi fyrir \u00feeim. <a name=\"11\"><span class=\"versanumer_2007\">11<\/span><\/a> Sedek\u00eda Kenaanason haf\u00f0i gert s\u00e9r horn \u00far j\u00e1rni og sag\u00f0i: \u201eSvo segir Drottinn: Me\u00f0 \u00feessum hornum munt \u00fe\u00fa stanga Arameana \u00fear til \u00fe\u00fa hefur gereytt \u00feeim.\u201c <a name=\"12\"><span class=\"versanumer_2007\">12<\/span><\/a> Allir hinir sp\u00e1mennirnir fluttu s\u00f6mu bo\u00f0: \u201e\u00de\u00fa skalt r\u00e1\u00f0ast \u00e1 Ram\u00f3t \u00ed G\u00edlea\u00f0 og \u00fe\u00fa munt sigra. Drottinn mun selja borgina konunginum \u00ed hendur.\u201c <a name=\"13\"><span class=\"versanumer_2007\">13<\/span><\/a> Sendibo\u00f0inn, sem haf\u00f0i fari\u00f0 til a\u00f0 s\u00e6kja M\u00edka, sag\u00f0i vi\u00f0 hann: \u201eOr\u00f0 sp\u00e1mannanna eru \u00f6ll sem eitt konungi \u00ed vil. Haf\u00f0u or\u00f0 \u00fe\u00edn samhlj\u00f3\u00f0a or\u00f0um \u00feeirra og vertu vilhallur konungi.\u201c <a name=\"14\"><span class=\"versanumer_2007\">14<\/span><\/a> En M\u00edka svara\u00f0i: \u201eSvo sannarlega sem Drottinn lifir mun \u00e9g einungis flytja konungi \u00fea\u00f0 sem Drottinn segir m\u00e9r.\u201c<br \/> <a name=\"15\"><span class=\"versanumer_2007\">15<\/span><\/a> \u00deegar M\u00edka kom til konungs sag\u00f0i konungur vi\u00f0 hann: \u201eM\u00edka, eigum vi\u00f0 a\u00f0 r\u00e1\u00f0ast gegn Ram\u00f3t \u00ed G\u00edlea\u00f0 e\u00f0a eigum vi\u00f0 a\u00f0 l\u00e1ta \u00fea\u00f0 \u00f3gert?\u201c Hann svara\u00f0i: \u201eFar\u00f0u, \u00fe\u00fa munt sigra. Drottinn mun selja borgina konungi \u00ed hendur. \u201c <a name=\"16\"><span class=\"versanumer_2007\">16<\/span><\/a> En konungur svara\u00f0i: \u201eHversu oft \u00fearf \u00e9g a\u00f0 l\u00e1ta \u00feig heita \u00fev\u00ed a\u00f0 segja m\u00e9r einungis sannleikann \u00ed nafni Drottins?\u201c <a name=\"17\"><span class=\"versanumer_2007\">17<\/span><\/a> \u00de\u00e1 sag\u00f0i M\u00edka: \u201e\u00c9g s\u00e1 allan \u00cdsrael tv\u00edstra\u00f0an um fj\u00f6llin eins og hj\u00f6r\u00f0 \u00e1n hir\u00f0is og Drottinn sag\u00f0i: \u00deeir hafa enga lei\u00f0toga lengur. Fari \u00feeir \u00ed fri\u00f0i, hver heim til s\u00edn.\u201c <a name=\"18\"><span class=\"versanumer_2007\">18<\/span><\/a> \u00de\u00e1 sag\u00f0i \u00cdsraelskonungur vi\u00f0 J\u00f3safat: \u201eVar \u00fea\u00f0 ekki sem \u00e9g sag\u00f0i: Hann sp\u00e1ir m\u00e9r aldrei g\u00f3\u00f0u heldur illu einu?\u201c <a name=\"19\"><span class=\"versanumer_2007\">19<\/span><\/a> \u201eHeyr\u00f0u \u00fe\u00e1 or\u00f0 Drottins,\u201c sag\u00f0i M\u00edka: \u201e\u00c9g s\u00e1 Drottin sitja \u00ed h\u00e1s\u00e6ti s\u00ednu og allan her himinsins standa honum til h\u00e6gri og vinstri handar. <a name=\"20\"><span class=\"versanumer_2007\">20<\/span><\/a> Drottinn spur\u00f0i: Hver vill t\u00e6la Akab til a\u00f0 fara upp eftir svo a\u00f0 hann falli vi\u00f0 Ram\u00f3t \u00ed G\u00edlea\u00f0? \u00de\u00e1 stakk einn upp \u00e1 \u00feessu en annar hinu. <a name=\"21\"><span class=\"versanumer_2007\">21<\/span><\/a> A\u00f0 lokum gekk andi nokkur fram, nam sta\u00f0ar frammi fyrir Drottni og sag\u00f0i: \u00c9g skal t\u00e6la hann. Hvernig? spur\u00f0i Drottinn. <a name=\"22\"><span class=\"versanumer_2007\">22<\/span><\/a> Hann svara\u00f0i: \u00c9g fer og gerist lygaandi \u00ed munni allra sp\u00e1manna hans. \u00de\u00e1 sag\u00f0i Drottinn: \u00de\u00fa skalt t\u00e6la hann, \u00fe\u00fa getur gert \u00fea\u00f0. Far\u00f0u og ger\u00f0u \u00feetta. <a name=\"23\"><span class=\"versanumer_2007\">23<\/span><\/a> \u00deannig hefur Drottinn n\u00fa lagt lygaanda \u00ed munn \u00f6llum \u00feessum sp\u00e1m\u00f6nnum \u00fe\u00ednum \u00fev\u00ed a\u00f0 hann hefur \u00e1kve\u00f0i\u00f0 a\u00f0 valda \u00fe\u00e9r b\u00f6li.\u201c <a name=\"24\"><span class=\"versanumer_2007\">24<\/span><\/a> \u00de\u00e1 gekk Sedek\u00eda Kenaanason fram og laust M\u00edka kinnhest og sag\u00f0i: \u201eHvernig f\u00e6r \u00feetta sta\u00f0ist? \u00c1 andi Drottins a\u00f0 hafa yfirgefi\u00f0 mig til \u00feess a\u00f0 tala vi\u00f0 \u00feig?\u201c <a name=\"25\"><span class=\"versanumer_2007\">25<\/span><\/a> M\u00edka svara\u00f0i: \u201e\u00de\u00fa munt komast a\u00f0 raun um \u00fea\u00f0 sama dag og \u00fe\u00fa fl\u00fdr\u00f0 \u00far einu herbergi \u00ed anna\u00f0 til \u00feess a\u00f0 fela \u00feig.\u201c <a name=\"26\"><span class=\"versanumer_2007\">26<\/span><\/a> En \u00cdsraelskonungur skipa\u00f0i: \u201eGr\u00edpi\u00f0 M\u00edka og fari\u00f0 me\u00f0 hann til Amons, hersh\u00f6f\u00f0ingja borgarinnar, og J\u00f3asar konungssonar <a name=\"27\"><span class=\"versanumer_2007\">27<\/span><\/a> og segi\u00f0: Svo segir konungurinn: Varpi\u00f0 manni \u00feessum \u00ed fangelsi. Gefi\u00f0 honum ekkert anna\u00f0 en brau\u00f0 og vatn af skornum skammti \u00fear til \u00e9g kem aftur heill \u00e1 h\u00fafi.\u201c <a name=\"28\"><span class=\"versanumer_2007\">28<\/span><\/a> \u00de\u00e1 sag\u00f0i M\u00edka: \u201eKomir \u00fe\u00fa aftur heill \u00e1 h\u00fafi hefur Drottinn ekki tala\u00f0 af munni m\u00ednum.\u201c Hann sag\u00f0i enn fremur: \u201eHeyri\u00f0 \u00fea\u00f0, allir.\u201c<\/p>\n<h3 class=\"millifyrirsogn_2007\">Dau\u00f0i Akabs<\/h3>\n<p><a name=\"29\"><span class=\"versanumer_2007\">29<\/span><\/a> \u00cdsraelskonungur og J\u00f3safat, konungur \u00ed J\u00fada, h\u00e9ldu n\u00fa til Ram\u00f3t \u00ed G\u00edlea\u00f0. <a name=\"30\"><span class=\"versanumer_2007\">30<\/span><\/a> \u00cdsraelskonungur sag\u00f0i \u00fe\u00e1 vi\u00f0 J\u00f3safat: \u201e\u00c9g \u00e6tla a\u00f0 dulb\u00faast \u00e1\u00f0ur en \u00e9g fer til orrustu en \u00fe\u00fa skalt bera \u00fe\u00edn eigin kl\u00e6\u00f0i.\u201c Konungur \u00cdsraels dulbj\u00f3st s\u00ed\u00f0an og h\u00e9lt til orrustu.<br \/> <a name=\"31\"><span class=\"versanumer_2007\">31<\/span><\/a> Konungur Arams haf\u00f0i skipa\u00f0 vagnstj\u00f3rum s\u00ednum, sem voru \u00ferj\u00e1t\u00edu og tveir, \u00e1 \u00feessa lei\u00f0: \u201eR\u00e1\u00f0ist ekki \u00e1 neinn, hvorki h\u00e1an n\u00e9 l\u00e1gan, nema \u00cdsraelskonung einan.\u201c <a name=\"32\"><span class=\"versanumer_2007\">32<\/span><\/a> \u00deegar vagnstj\u00f3rarnir s\u00e1u J\u00f3safat hugsu\u00f0u \u00feeir me\u00f0 s\u00e9r: \u201e\u00deetta er vafalaust konungur \u00cdsraels.\u201c \u00deeir snerust \u00fev\u00ed \u00feegar gegn honum og r\u00e9\u00f0ust \u00e1 hann. \u00deegar J\u00f3safat hr\u00f3pa\u00f0i \u00e1 hj\u00e1lp <a name=\"33\"><span class=\"versanumer_2007\">33<\/span><\/a> s\u00e1u vagnstj\u00f3rarnir a\u00f0 hann var ekki konungur \u00cdsraels. Hurfu \u00feeir \u00fe\u00e1 fr\u00e1 honum.<br \/> <a name=\"34\"><span class=\"versanumer_2007\">34<\/span><\/a> Ma\u00f0ur nokkur spennti boga, skaut af handah\u00f3fi og hitti \u00cdsraelskonung milli brynbeltis og pansara. Konungur sag\u00f0i \u00fe\u00e1 vi\u00f0 vagnstj\u00f3ra sinn: \u201eSn\u00fa\u00f0u vi\u00f0 og far\u00f0u me\u00f0 mig \u00far bardaganum \u00fev\u00ed a\u00f0 \u00e9g er s\u00e1r.\u201c <a name=\"35\"><span class=\"versanumer_2007\">35<\/span><\/a> \u00de\u00f3 a\u00f0 orrustan magna\u00f0ist \u00feennan dag st\u00f3\u00f0 konungurinn uppr\u00e9ttur \u00ed vagninum andsp\u00e6nis Aram. En bl\u00f3\u00f0i\u00f0 \u00far s\u00e1rinu rann ni\u00f0ur \u00ed vagninn. Um kv\u00f6ldi\u00f0 d\u00f3 hann. <a name=\"36\"><span class=\"versanumer_2007\">36<\/span><\/a> Vi\u00f0 s\u00f3larlag barst hr\u00f3p um herb\u00fa\u00f0irnar: \u201eS\u00e9rhver sn\u00fai aftur til borgar sinnar og til lands s\u00edns.\u201c <a name=\"37\"><span class=\"versanumer_2007\">37<\/span><\/a> \u00deannig d\u00f3 konungurinn. Hann var fluttur til Samar\u00edu og grafinn \u00fear. <a name=\"38\"><span class=\"versanumer_2007\">38<\/span><\/a> En hundar sleiktu bl\u00f3\u00f0i\u00f0 og sk\u00e6kjur \u00fevo\u00f0u s\u00e9r upp \u00far \u00fev\u00ed \u00feegar vagninn var skola\u00f0ur \u00ed tj\u00f6rn Samar\u00edu, eins og or\u00f0 Drottins haf\u00f0i \u00e1\u00f0ur bo\u00f0a\u00f0.<br \/> <a name=\"39\"><span class=\"versanumer_2007\">39<\/span><\/a> \u00dea\u00f0 sem \u00f3sagt er af s\u00f6gu Akabs og verkum hans, f\u00edlabeinsh\u00fasinu, sem hann reisti, og \u00f6llum borgunum, sem hann v\u00edggirti, er skr\u00e1\u00f0 \u00ed ann\u00e1la \u00cdsraelskonunga. <a name=\"40\"><span class=\"versanumer_2007\">40<\/span><\/a> Akab var lag\u00f0ur til hv\u00edldar hj\u00e1 fe\u00f0rum s\u00ednum og var\u00f0 Ahas\u00eda, sonur hans, konungur eftir hann.<\/p>\n<h3 class=\"millifyrirsogn_2007\">J\u00f3safat J\u00fadakonungur<\/h3>\n<p><a name=\"41\"><span class=\"versanumer_2007\">41<\/span><\/a> J\u00f3safat, sonur Asa, var\u00f0 konungur yfir J\u00fada \u00e1 fj\u00f3r\u00f0a stj\u00f3rnar\u00e1ri Akabs \u00cdsraelskonungs. <a name=\"42\"><span class=\"versanumer_2007\">42<\/span><\/a> J\u00f3safat var \u00ferj\u00e1t\u00edu og fimm \u00e1ra \u00feegar hann var\u00f0 konungur og hann r\u00edkti tuttugu og fimm \u00e1r \u00ed Jer\u00fasalem. M\u00f3\u00f0ir hans h\u00e9t As\u00faba Silh\u00edd\u00f3ttir.<br \/> <a name=\"43\"><span class=\"versanumer_2007\">43<\/span><\/a> Hann breytti \u00ed \u00f6llu eins og Asa fa\u00f0ir hans og v\u00e9k \u00ed engu fr\u00e1 \u00fev\u00ed. Hann ger\u00f0i \u00fea\u00f0 sem r\u00e9tt var \u00ed augum Drottins. <a name=\"44\"><span class=\"versanumer_2007\">44<\/span><\/a> \u00de\u00f3 hurfu f\u00f3rnarh\u00e6\u00f0irnar ekki og f\u00f3lki\u00f0 h\u00e9lt \u00e1fram a\u00f0 f\u00e6ra sl\u00e1turf\u00f3rnir og reykelsisf\u00f3rnir \u00e1 h\u00e6\u00f0unum. <a name=\"45\"><span class=\"versanumer_2007\">45<\/span><\/a> J\u00f3safat h\u00e9lt fri\u00f0 vi\u00f0 \u00cdsraelskonung.<br \/> <a name=\"46\"><span class=\"versanumer_2007\">46<\/span><\/a> \u00dea\u00f0 sem \u00f3sagt er af s\u00f6gu J\u00f3safats og afrekum hans og herna\u00f0i er skr\u00e1\u00f0 \u00ed ann\u00e1la J\u00fadakonunga. <a name=\"47\"><span class=\"versanumer_2007\">47<\/span><\/a> Hann \u00fatr\u00fdmdi \u00far landinu hofsk\u00e6kjunum sem h\u00f6f\u00f0u or\u00f0i\u00f0 eftir \u00e1 stj\u00f3rnar\u00e1rum Asa, f\u00f6\u00f0ur hans. <a name=\"48\"><span class=\"versanumer_2007\">48<\/span><\/a> Enginn konungur var \u00ed Ed\u00f3m \u00e1 \u00feessum t\u00edma. <a name=\"49\"><span class=\"versanumer_2007\">49<\/span><\/a> En landstj\u00f3ri konungs haf\u00f0i l\u00e1ti\u00f0 sm\u00ed\u00f0a Tarsisskip til \u00feess a\u00f0 fara til \u00d3f\u00edr eftir gulli en komst hvergi \u00fev\u00ed a\u00f0 skipin brotnu\u00f0u vi\u00f0 Esj\u00f3n Geber. <a name=\"50\"><span class=\"versanumer_2007\">50<\/span><\/a> \u00de\u00e1 sag\u00f0i Ahas\u00eda Akabsson vi\u00f0 J\u00f3safat: \u201eM\u00ednir menn geta fari\u00f0 me\u00f0 \u00fe\u00ednum m\u00f6nnum \u00e1 skipunum.\u201c \u00dev\u00ed hafna\u00f0i J\u00f3safat.<br \/> <a name=\"51\"><span class=\"versanumer_2007\">51<\/span><\/a> J\u00f3safat var lag\u00f0ur til hv\u00edldar hj\u00e1 fe\u00f0rum s\u00ednum og grafinn hj\u00e1 \u00feeim \u00ed borg Dav\u00ed\u00f0s, forf\u00f6\u00f0ur s\u00edns. J\u00f3ram, sonur hans, var\u00f0 konungur eftir hann.<\/p>\n<h3 class=\"millifyrirsogn_2007\">Ahas\u00eda \u00cdsraelskonungur<\/h3>\n<p><a name=\"52\"><span class=\"versanumer_2007\">52<\/span><\/a> Ahas\u00eda Akabsson var\u00f0 konungur yfir \u00cdsrael \u00e1 sautj\u00e1nda stj\u00f3rnar\u00e1ri J\u00f3safats J\u00fadakonungs. Hann r\u00edkti tv\u00f6 \u00e1r yfir \u00cdsrael. <a name=\"53\"><span class=\"versanumer_2007\">53<\/span><\/a> Hann ger\u00f0i \u00fea\u00f0 sem illt var \u00ed augum Drottins. Hann breytti eins og fa\u00f0ir hans og m\u00f3\u00f0ir og Jer\u00f3b\u00f3am Nebatsson sem haf\u00f0i komi\u00f0 \u00cdsrael til a\u00f0 syndga. <a name=\"54\"><span class=\"versanumer_2007\">54<\/span><\/a> Hann d\u00fdrka\u00f0i Baal og tilba\u00f0 hann og vakti me\u00f0 \u00fev\u00ed rei\u00f0i Drottins, Gu\u00f0s \u00cdsraels, alveg eins og fa\u00f0ir hans haf\u00f0i gert.<\/p>\n","protected":false},"excerpt":{"rendered":"<p>M\u00edka varar Akab vi\u00f0 1 \u00cd \u00ferj\u00fa \u00e1r var enginn \u00f3fri\u00f0ur milli Arams og \u00cdsraels. 2 En \u00e1 \u00feri\u00f0ja \u00e1ri f\u00f3r J\u00f3safat J\u00fadakonungur til fundar vi\u00f0 \u00cdsraelskonung. 3 \u00de\u00e1 sag\u00f0i konungur \u00cdsraels vi\u00f0 hir\u00f0menn s\u00edna: \u201e\u00dei\u00f0 viti\u00f0 vel a\u00f0 Ram\u00f3t \u00ed G\u00edlea\u00f0 er okkar eign. Samt gerum vi\u00f0 ekkert til a\u00f0 n\u00e1 henni aftur af Aramskonungi.\u201c 4 \u00dev\u00ed n\u00e6st sag\u00f0i hann vi\u00f0 J\u00f3safat: \u201eVilt \u00fe\u00fa koma me\u00f0 m\u00e9r og herja \u00e1 Ram\u00f3t \u00ed G\u00edlea\u00f0?\u201c \u201e\u00c9g geri eins og \u00fe\u00fa,\u201c svara\u00f0i J\u00f3safat \u00cdsraelskonungi, \u201em\u00edn \u00fej\u00f3\u00f0 eins og \u00fe\u00edn \u00fej\u00f3\u00f0, m\u00ednir hestar eins og \u00fe\u00ednir hestar.\u201c 5 J\u00f3safat sag\u00f0i s\u00ed\u00f0an vi\u00f0 \u00cdsraelskonung: <a href=\"https:\/\/biblian.is\/biblian\/fyrri-konungabok-22-kafli\/\"> [&#8230;]<\/a><\/p>\n","protected":false},"author":1,"featured_media":0,"parent":0,"menu_order":0,"comment_status":"open","ping_status":"open","template":"bibliukaflar_NT.php","meta":{"footnotes":""},"class_list":["post-1930","page","type-page","status-publish","hentry"],"_links":{"self":[{"href":"https:\/\/biblian.is\/biblian\/wp-json\/wp\/v2\/pages\/1930","targetHints":{"allow":["GET"]}}],"collection":[{"href":"https:\/\/biblian.is\/biblian\/wp-json\/wp\/v2\/pages"}],"about":[{"href":"https:\/\/biblian.is\/biblian\/wp-json\/wp\/v2\/types\/page"}],"author":[{"embeddable":true,"href":"https:\/\/biblian.is\/biblian\/wp-json\/wp\/v2\/users\/1"}],"replies":[{"embeddable":true,"href":"https:\/\/biblian.is\/biblian\/wp-json\/wp\/v2\/comments?post=1930"}],"version-history":[{"count":0,"href":"https:\/\/biblian.is\/biblian\/wp-json\/wp\/v2\/pages\/1930\/revisions"}],"wp:attachment":[{"href":"https:\/\/biblian.is\/biblian\/wp-json\/wp\/v2\/media?parent=1930"}],"curies":[{"name":"wp","href":"https:\/\/api.w.org\/{rel}","templated":true}]}}