{"id":1929,"date":"2017-12-30T21:01:00","date_gmt":"2017-12-30T21:01:00","guid":{"rendered":"http:\/\/biblian.is\/biblian\/fyrri-konungab%c2%97k-21-kafli\/"},"modified":"2024-02-06T18:26:08","modified_gmt":"2024-02-06T18:26:08","slug":"fyrri-konungabok-21-kafli","status":"publish","type":"page","link":"https:\/\/biblian.is\/biblian\/fyrri-konungabok-21-kafli\/","title":{"rendered":"Fyrri konungab\u00f3k 21. kafli"},"content":{"rendered":"<h3 class=\"millifyrirsogn_2007\"> Nab\u00f3t og v\u00edngar\u00f0ur hans<\/h3>\n<p><a name=\"1\"><span class=\"versanumer_2007\">1<\/span><\/a> Nokkru s\u00ed\u00f0ar bar \u00feetta vi\u00f0: Nab\u00f3t fr\u00e1 Jesreel \u00e1tti v\u00edngar\u00f0 \u00ed Jesreel n\u00e1l\u00e6gt h\u00f6ll Akabs Samar\u00edukonungs. <a name=\"2\"><span class=\"versanumer_2007\">2<\/span><\/a> Einhverju sinni sag\u00f0i Akab vi\u00f0 Nab\u00f3t: \u201eL\u00e1ttu mig f\u00e1 v\u00edngar\u00f0 \u00feinn. \u00c9g get nota\u00f0 hann sem k\u00e1lgar\u00f0 \u00fev\u00ed a\u00f0 hann er r\u00e9tt hj\u00e1 h\u00fasi m\u00ednu. \u00c9g skal l\u00e1ta \u00feig f\u00e1 betri v\u00edngar\u00f0 \u00ed sta\u00f0inn e\u00f0a grei\u00f0a \u00fe\u00e9r andvir\u00f0i hans \u00ed peningum ef \u00fe\u00fa vilt \u00fea\u00f0 heldur.\u201c <a name=\"3\"><span class=\"versanumer_2007\">3<\/span><\/a> En Nab\u00f3t sag\u00f0i vi\u00f0 Akab: \u201eDrottinn for\u00f0i m\u00e9r fr\u00e1 \u00fev\u00ed a\u00f0 afhenda \u00fe\u00e9r eign fe\u00f0ra minna.\u201c <a name=\"4\"><span class=\"versanumer_2007\">4<\/span><\/a> Akab f\u00f3r \u00fe\u00e1 heim, gramur og rei\u00f0ur vegna \u00feess a\u00f0 Nab\u00f3t fr\u00e1 Jesreel haf\u00f0i svara\u00f0 honum: \u201e\u00c9g afhendi \u00fe\u00e9r ekki eign fe\u00f0ra minna.\u201c Hann lag\u00f0ist \u00e1 r\u00fam sitt, sneri s\u00e9r til veggjar og vildi einskis neyta.<br \/> <a name=\"5\"><span class=\"versanumer_2007\">5<\/span><\/a> \u00de\u00e1 kom Jesebel, kona hans, inn og spur\u00f0i: \u201eHvers vegna ertu ni\u00f0urdreginn og neytir einskis?\u201c <a name=\"6\"><span class=\"versanumer_2007\">6<\/span><\/a> Hann svara\u00f0i henni: \u201e\u00c9g tala\u00f0i vi\u00f0 Nab\u00f3t fr\u00e1 Jesreel og sag\u00f0i vi\u00f0 hann: Seldu m\u00e9r v\u00edngar\u00f0 \u00feinn fyrir peninga e\u00f0a annan v\u00edngar\u00f0 ef \u00fe\u00fa vilt \u00fea\u00f0 heldur. En hann svara\u00f0i: \u00c9g vil ekki afhenda \u00fe\u00e9r v\u00edngar\u00f0 minn.\u201c <a name=\"7\"><span class=\"versanumer_2007\">7<\/span><\/a> Jesebel, kona hans, sag\u00f0i \u00fe\u00e1 vi\u00f0 hann: \u201e\u00dea\u00f0 ert \u00fe\u00fa sem ert konungur \u00ed \u00cdsrael. R\u00eds upp, et og ver gla\u00f0ur. \u00c9g skal \u00fatvega \u00fe\u00e9r v\u00edngar\u00f0 Nab\u00f3ts fr\u00e1 Jesreel.\u201c<br \/> <a name=\"8\"><span class=\"versanumer_2007\">8<\/span><\/a> H\u00fan skrifa\u00f0i s\u00ed\u00f0an br\u00e9f \u00ed nafni Akabs og innsigla\u00f0i \u00feau me\u00f0 innsigli hans. H\u00fan sendi br\u00e9fin til \u00f6ldunganna og h\u00f6f\u00f0ingjanna sem bjuggu \u00ed s\u00f6mu borg og Nab\u00f3t. <a name=\"9\"><span class=\"versanumer_2007\">9<\/span><\/a> \u00cd br\u00e9funum skrifa\u00f0i h\u00fan \u00e1 \u00feessa lei\u00f0: \u201eBo\u00f0i\u00f0 f\u00f6stu og l\u00e1ti\u00f0 Nab\u00f3t sitja efstan me\u00f0al f\u00f3lksins. <a name=\"10\"><span class=\"versanumer_2007\">10<\/span><\/a> L\u00e1ti\u00f0 tvo sk\u00e1lka sitja gegnt honum. \u00deeir skulu vitna gegn honum og segja: \u00de\u00fa hefur lasta\u00f0 Gu\u00f0 og konunginn. Fari\u00f0 s\u00ed\u00f0an \u00fat me\u00f0 hann og gr\u00fdti\u00f0 hann \u00ed hel.\u201c<br \/> <a name=\"11\"><span class=\"versanumer_2007\">11<\/span><\/a> Samborgarar Nab\u00f3ts, \u00f6ldungarnir og h\u00f6f\u00f0ingjarnir, sem bjuggu \u00ed borg hans, ger\u00f0u \u00fea\u00f0 sem Jesebel haf\u00f0i m\u00e6lt fyrir um og skrifa\u00f0 var \u00ed br\u00e9funum sem h\u00fan haf\u00f0i sent \u00feeim. <a name=\"12\"><span class=\"versanumer_2007\">12<\/span><\/a> \u00deeir bo\u00f0u\u00f0u f\u00f6stu og settu Nab\u00f3t efstan me\u00f0al f\u00f3lksins. <a name=\"13\"><span class=\"versanumer_2007\">13<\/span><\/a> \u00de\u00e1 komu \u00fear einnig tveir sk\u00e1lkar og settust gegnt honum. \u00deeir vitnu\u00f0u gegn honum frammi fyrir f\u00f3lkinu og s\u00f6g\u00f0u: \u201eNab\u00f3t hefur lasta\u00f0 Gu\u00f0 og konunginn.\u201c Var hann \u00fe\u00e1 leiddur \u00fat fyrir borgina og gr\u00fdttur \u00ed hel.<br \/> <a name=\"14\"><span class=\"versanumer_2007\">14<\/span><\/a> \u00dev\u00ed n\u00e6st sendu \u00feeir Jesebel \u00feessi bo\u00f0: \u201eNab\u00f3t hefur veri\u00f0 gr\u00fdttur og er d\u00e1inn.\u201c <a name=\"15\"><span class=\"versanumer_2007\">15<\/span><\/a> \u00deegar Jesebel fr\u00e9tti a\u00f0 Nab\u00f3t hef\u00f0i veri\u00f0 gr\u00fdttur \u00ed hel sag\u00f0i h\u00fan vi\u00f0 Akab: \u201eN\u00fa skaltu kasta eign \u00feinni \u00e1 v\u00edngar\u00f0 Nab\u00f3ts fr\u00e1 Jesreel, sem hann vildi ekki selja \u00fe\u00e9r fyrir peninga, \u00fev\u00ed a\u00f0 Nab\u00f3t lifir ekki lengur heldur er hann dau\u00f0ur.\u201c <a name=\"16\"><span class=\"versanumer_2007\">16<\/span><\/a> \u00deegar Akab heyr\u00f0i a\u00f0 Nab\u00f3t v\u00e6ri d\u00e1inn f\u00f3r hann ni\u00f0ur \u00ed v\u00edngar\u00f0 Nab\u00f3ts fr\u00e1 Jesreel til \u00feess a\u00f0 kasta eign sinni \u00e1 hann.<br \/> <a name=\"17\"><span class=\"versanumer_2007\">17<\/span><\/a> En or\u00f0 Drottins kom til El\u00eda fr\u00e1 Tisbe: <a name=\"18\"><span class=\"versanumer_2007\">18<\/span><\/a> \u201eHaltu af sta\u00f0 og far\u00f0u til fundar vi\u00f0 Akab \u00cdsraelskonung sem r\u00edkir \u00ed Samar\u00edu. Hann er n\u00fa \u00ed v\u00edngar\u00f0i Nab\u00f3ts og er \u00feanga\u00f0 kominn til \u00feess a\u00f0 kasta eign sinni \u00e1 hann. <a name=\"19\"><span class=\"versanumer_2007\">19<\/span><\/a> Seg\u00f0u vi\u00f0 hann: Svo segir Drottinn: Hefur \u00fe\u00fa frami\u00f0 mor\u00f0 og n\u00fa \u00feegar teki\u00f0 arfinn? Seg\u00f0u enn fremur vi\u00f0 hann: Svo segir Drottinn: \u00c1 sama sta\u00f0 og hundarnir sleiktu bl\u00f3\u00f0 Nab\u00f3ts skulu hundar einnig sleikja \u00feitt bl\u00f3\u00f0.\u201c<br \/> <a name=\"20\"><span class=\"versanumer_2007\">20<\/span><\/a> Akab sag\u00f0i vi\u00f0 El\u00eda: \u201eHefur \u00fe\u00fa fundi\u00f0 mig, fjandma\u00f0ur minn?\u201c \u201eJ\u00e1, \u00e9g hef fundi\u00f0 \u00feig,\u201c svara\u00f0i El\u00eda. \u201e\u00dear sem \u00fe\u00fa hefur ofurselt \u00feig illum verkum \u00ed augum Drottins <a name=\"21\"><span class=\"versanumer_2007\">21<\/span><\/a> sendi \u00e9g b\u00f6l yfir \u00feig. \u00c9g mun s\u00f3pa \u00fe\u00e9r burt og ey\u00f0a \u00f6llum karlm\u00f6nnum af \u00e6tt Akabs \u00far \u00cdsrael til s\u00ed\u00f0asta manns. <a name=\"22\"><span class=\"versanumer_2007\">22<\/span><\/a> \u00c9g mun fara me\u00f0 \u00e6tt \u00fe\u00edna eins og \u00e6tt Jer\u00f3b\u00f3ams Nebatssonar og \u00e6tt Basa Ah\u00edasonar s\u00f6kum \u00feess a\u00f0 \u00fe\u00fa hefur vaki\u00f0 rei\u00f0i m\u00edna og komi\u00f0 \u00cdsrael til a\u00f0 syndga.\u201c <a name=\"23\"><span class=\"versanumer_2007\">23<\/span><\/a> Og um Jesebel hefur Drottinn sagt: \u201eHundar skulu \u00e9ta Jesebel vi\u00f0 varnarm\u00far Jesreels. <a name=\"24\"><span class=\"versanumer_2007\">24<\/span><\/a> \u00deann af \u00e6tt Akabs sem deyr \u00ed borginni skulu hundar \u00e9ta en \u00feann sem deyr \u00fati \u00e1 v\u00ed\u00f0avangi skulu fuglar himinsins sl\u00edta.\u201c <a name=\"25\"><span class=\"versanumer_2007\">25<\/span><\/a> Aldrei hefur nokkur ma\u00f0ur selt sig eins og Akab til a\u00f0 gera \u00fea\u00f0 sem illt er \u00ed augum Drottins. En \u00fea\u00f0 var Jesebel, kona hans, sem leiddi hann afvega. <a name=\"26\"><span class=\"versanumer_2007\">26<\/span><\/a> Hann breytti andstyggilega og elti hj\u00e1gu\u00f0ina alveg eins og Amor\u00edtarnir h\u00f6f\u00f0u gert sem Drottinn ruddi \u00far vegi fyrir \u00cdsraelsm\u00f6nnum.<br \/> <a name=\"27\"><span class=\"versanumer_2007\">27<\/span><\/a> \u00deegar Akab heyr\u00f0i \u00feessi or\u00f0 reif hann kl\u00e6\u00f0i s\u00edn, kl\u00e6ddist h\u00e6rusekk einum kl\u00e6\u00f0a og t\u00f3k a\u00f0 fasta. Hann svaf \u00ed h\u00e6rusekknum og var ni\u00f0urdreginn \u00feegar hann var \u00e1 f\u00f3tum.<br \/> <a name=\"28\"><span class=\"versanumer_2007\">28<\/span><\/a> \u00de\u00e1 kom or\u00f0 Drottins til El\u00eda fr\u00e1 Tisbe: <a name=\"29\"><span class=\"versanumer_2007\">29<\/span><\/a> \u201eHefur \u00fe\u00fa s\u00e9\u00f0 hvernig Akab au\u00f0m\u00fdkir sig fyrir m\u00e9r? \u00dear sem hann hefur au\u00f0m\u00fdkt sig fyrir m\u00e9r mun \u00e9g ekki senda \u00f3g\u00e6funa yfir \u00e6tt hans \u00e1 me\u00f0an hann lifir. En \u00e9g mun lei\u00f0a b\u00f6l yfir \u00e6tt hans \u00e1 d\u00f6gum sonar hans.\u201c<\/p>\n","protected":false},"excerpt":{"rendered":"<p>Nab\u00f3t og v\u00edngar\u00f0ur hans 1 Nokkru s\u00ed\u00f0ar bar \u00feetta vi\u00f0: Nab\u00f3t fr\u00e1 Jesreel \u00e1tti v\u00edngar\u00f0 \u00ed Jesreel n\u00e1l\u00e6gt h\u00f6ll Akabs Samar\u00edukonungs. 2 Einhverju sinni sag\u00f0i Akab vi\u00f0 Nab\u00f3t: \u201eL\u00e1ttu mig f\u00e1 v\u00edngar\u00f0 \u00feinn. \u00c9g get nota\u00f0 hann sem k\u00e1lgar\u00f0 \u00fev\u00ed a\u00f0 hann er r\u00e9tt hj\u00e1 h\u00fasi m\u00ednu. \u00c9g skal l\u00e1ta \u00feig f\u00e1 betri v\u00edngar\u00f0 \u00ed sta\u00f0inn e\u00f0a grei\u00f0a \u00fe\u00e9r andvir\u00f0i hans \u00ed peningum ef \u00fe\u00fa vilt \u00fea\u00f0 heldur.\u201c 3 En Nab\u00f3t sag\u00f0i vi\u00f0 Akab: \u201eDrottinn for\u00f0i m\u00e9r fr\u00e1 \u00fev\u00ed a\u00f0 afhenda \u00fe\u00e9r eign fe\u00f0ra minna.\u201c 4 Akab f\u00f3r \u00fe\u00e1 heim, gramur og rei\u00f0ur vegna \u00feess a\u00f0 Nab\u00f3t fr\u00e1 Jesreel haf\u00f0i <a href=\"https:\/\/biblian.is\/biblian\/fyrri-konungabok-21-kafli\/\"> [&#8230;]<\/a><\/p>\n","protected":false},"author":1,"featured_media":0,"parent":0,"menu_order":0,"comment_status":"open","ping_status":"open","template":"bibliukaflar_NT.php","meta":{"footnotes":""},"class_list":["post-1929","page","type-page","status-publish","hentry"],"_links":{"self":[{"href":"https:\/\/biblian.is\/biblian\/wp-json\/wp\/v2\/pages\/1929","targetHints":{"allow":["GET"]}}],"collection":[{"href":"https:\/\/biblian.is\/biblian\/wp-json\/wp\/v2\/pages"}],"about":[{"href":"https:\/\/biblian.is\/biblian\/wp-json\/wp\/v2\/types\/page"}],"author":[{"embeddable":true,"href":"https:\/\/biblian.is\/biblian\/wp-json\/wp\/v2\/users\/1"}],"replies":[{"embeddable":true,"href":"https:\/\/biblian.is\/biblian\/wp-json\/wp\/v2\/comments?post=1929"}],"version-history":[{"count":0,"href":"https:\/\/biblian.is\/biblian\/wp-json\/wp\/v2\/pages\/1929\/revisions"}],"wp:attachment":[{"href":"https:\/\/biblian.is\/biblian\/wp-json\/wp\/v2\/media?parent=1929"}],"curies":[{"name":"wp","href":"https:\/\/api.w.org\/{rel}","templated":true}]}}