{"id":1926,"date":"2017-12-30T21:01:00","date_gmt":"2017-12-30T21:01:00","guid":{"rendered":"http:\/\/biblian.is\/biblian\/fyrri-konungab%c2%97k-18-kafli\/"},"modified":"2024-02-06T18:26:05","modified_gmt":"2024-02-06T18:26:05","slug":"fyrri-konungabok-18-kafli","status":"publish","type":"page","link":"https:\/\/biblian.is\/biblian\/fyrri-konungabok-18-kafli\/","title":{"rendered":"Fyrri konungab\u00f3k 18. kafli"},"content":{"rendered":"<h3 class=\"millifyrirsogn_2007\"> El\u00eda og sp\u00e1menn Baals \u00e1 Karmel<\/h3>\n<p><a name=\"1\"><span class=\"versanumer_2007\">1<\/span><\/a> L\u00f6ngu s\u00ed\u00f0ar e\u00f0a \u00e1 \u00feri\u00f0ja \u00e1ri eftir \u00feetta kom or\u00f0 Drottins til El\u00eda:<br \/>\u201eFar\u00f0u og l\u00e1ttu Akab sj\u00e1 \u00feig en \u00e9g \u00e6tla a\u00f0 l\u00e1ta rigna \u00e1 j\u00f6r\u00f0ina.\u201c<br \/> <a name=\"2\"><span class=\"versanumer_2007\">2<\/span><\/a> \u00de\u00e1 f\u00f3r El\u00eda til Akabs til \u00feess a\u00f0 l\u00e1ta hann sj\u00e1 sig.<br \/>\u00deegar mikil hungursney\u00f0 var or\u00f0in \u00ed Samar\u00edu <a name=\"3\"><span class=\"versanumer_2007\">3<\/span><\/a> kalla\u00f0i Akab hallarr\u00e1\u00f0smanninn \u00d3bad\u00eda \u00e1 sinn fund en \u00d3bad\u00eda var mj\u00f6g gu\u00f0hr\u00e6ddur ma\u00f0ur. <a name=\"4\"><span class=\"versanumer_2007\">4<\/span><\/a> \u00deegar Jesebel var a\u00f0 tort\u00edma sp\u00e1m\u00f6nnum Drottins haf\u00f0i \u00d3bad\u00eda komi\u00f0 hundra\u00f0 sp\u00e1m\u00f6nnum undan, fali\u00f0 \u00fe\u00e1 \u00ed tveimur hellum, fimmt\u00edu \u00ed hvorum, og s\u00e9\u00f0 \u00feeim fyrir mat og drykk. <a name=\"5\"><span class=\"versanumer_2007\">5<\/span><\/a> N\u00fa sag\u00f0i Akab vi\u00f0 \u00d3bad\u00eda: \u201eFar\u00f0u a\u00f0 \u00f6llum uppsprettum og l\u00e6kjum \u00ed landinu. Ef til vill er \u00fear n\u00f3g gras a\u00f0 finna til a\u00f0 halda l\u00edfi \u00ed hestum og m\u00fald\u00fdrum og ekki \u00fearf a\u00f0 fella neitt af b\u00faf\u00e9nu.\u201c <a name=\"6\"><span class=\"versanumer_2007\">6<\/span><\/a> \u00deeir skiptu s\u00ed\u00f0an landinu me\u00f0 s\u00e9r til yfirfer\u00f0ar. Akab f\u00f3r einn s\u00e9r \u00ed a\u00f0ra \u00e1ttina en \u00d3bad\u00eda einn \u00ed hina.<br \/> <a name=\"7\"><span class=\"versanumer_2007\">7<\/span><\/a> \u00deegar \u00d3bad\u00eda var lag\u00f0ur af sta\u00f0 kom El\u00eda \u00f3v\u00e6nt \u00e1 m\u00f3ti honum. \u00d3bad\u00eda \u00feekkti hann \u00feegar, f\u00e9ll fram \u00e1 \u00e1sj\u00f3nu s\u00edna og sag\u00f0i: \u201eErt \u00feetta \u00fe\u00fa sj\u00e1lfur, El\u00eda, herra minn?\u201c <a name=\"8\"><span class=\"versanumer_2007\">8<\/span><\/a> \u201eJ\u00e1, \u00fea\u00f0 er \u00e9g,\u201c svara\u00f0i hann. \u201eFar\u00f0u og tilkynntu herra \u00fe\u00ednum a\u00f0 El\u00eda s\u00e9 kominn.\u201c <a name=\"9\"><span class=\"versanumer_2007\">9<\/span><\/a> \u201eHva\u00f0 hef \u00e9g til saka unni\u00f0,\u201c spur\u00f0i \u00d3bad\u00eda, \u201ea\u00f0 \u00fe\u00fa seljir \u00fej\u00f3n \u00feinn \u00ed hendur Akabs? Hann l\u00e6tur drepa mig. <a name=\"10\"><span class=\"versanumer_2007\">10<\/span><\/a> Svo sannarlega sem Drottinn, Gu\u00f0 \u00feinn, lifir: S\u00fa \u00fej\u00f3\u00f0 er ekki til n\u00e9 \u00fea\u00f0 konungsr\u00edki a\u00f0 herra minn hafi ekki sent \u00feanga\u00f0 menn til \u00feess a\u00f0 leita a\u00f0 \u00fe\u00e9r. Og hvert sinn er svara\u00f0 var: Hann er ekki h\u00e9r, l\u00e9t Akab konungsr\u00edki\u00f0 e\u00f0a \u00fej\u00f3\u00f0ina sverja a\u00f0 \u00fe\u00edn hef\u00f0i ekki or\u00f0i\u00f0 vart. <a name=\"11\"><span class=\"versanumer_2007\">11<\/span><\/a> N\u00fa skipar \u00fe\u00fa m\u00e9r a\u00f0 fara og kunngj\u00f6ra herra m\u00ednum a\u00f0 El\u00eda s\u00e9 kominn. <a name=\"12\"><span class=\"versanumer_2007\">12<\/span><\/a> Ekki veit \u00e9g hvert andi Drottins kann a\u00f0 flytja \u00feig \u00feegar \u00e9g fer fr\u00e1 \u00fe\u00e9r. \u00deegar \u00e9g svo kem til Akabs og segi honum \u00feetta og hann finnur \u00feig ekki, \u00fe\u00e1 l\u00e6tur hann drepa mig. \u00de\u00f3 hefur \u00fej\u00f3nn \u00feinn veri\u00f0 gu\u00f0hr\u00e6ddur allt fr\u00e1 barn\u00e6sku. <a name=\"13\"><span class=\"versanumer_2007\">13<\/span><\/a> Hefur \u00fe\u00e9r, herra minn, ekki veri\u00f0 sagt fr\u00e1 \u00fev\u00ed sem \u00e9g ger\u00f0i \u00feegar Jesebel var a\u00f0 drepa sp\u00e1menn Drottins? \u00c9g faldi hundra\u00f0 af sp\u00e1m\u00f6nnum Drottins \u00ed tveimur hellum, fimmt\u00edu \u00ed hvorum, og s\u00e1 \u00feeim fyrir mat og drykk. <a name=\"14\"><span class=\"versanumer_2007\">14<\/span><\/a> Og n\u00fa skipar \u00fe\u00fa m\u00e9r: Far\u00f0u og seg\u00f0u herra \u00fe\u00ednum a\u00f0 El\u00eda s\u00e9 kominn. Hann l\u00e6tur drepa mig.\u201c <a name=\"15\"><span class=\"versanumer_2007\">15<\/span><\/a> El\u00eda svara\u00f0i: \u201eSvo sannarlega sem Drottinn herskaranna, sem \u00e9g \u00fej\u00f3na, lifir mun \u00e9g \u00feegar \u00ed dag l\u00e1ta konung sj\u00e1 mig.\u201c<br \/> <a name=\"16\"><span class=\"versanumer_2007\">16<\/span><\/a> \u00d3bad\u00eda f\u00f3r til Akabs og sag\u00f0i honum \u00feetta. Akab h\u00e9lt \u00fe\u00e1 til m\u00f3ts vi\u00f0 El\u00eda <a name=\"17\"><span class=\"versanumer_2007\">17<\/span><\/a> og \u00feegar hann s\u00e1 El\u00eda sag\u00f0i hann vi\u00f0 hann: \u201eErt \u00feetta \u00fe\u00fa, ska\u00f0valdur \u00cdsraels?\u201c<br \/> <a name=\"18\"><span class=\"versanumer_2007\">18<\/span><\/a> En El\u00eda svara\u00f0i: \u201e\u00dea\u00f0 er ekki \u00e9g sem hef ska\u00f0a\u00f0 \u00cdsrael heldur \u00fe\u00fa og \u00e6tt f\u00f6\u00f0ur \u00fe\u00edns me\u00f0 \u00fev\u00ed a\u00f0 \u00fei\u00f0 hafi\u00f0 hafna\u00f0 bo\u00f0um Drottins og \u00fe\u00fa sj\u00e1lfur fylgt Ba\u00f6lum. <a name=\"19\"><span class=\"versanumer_2007\">19<\/span><\/a> Sendu n\u00fa menn og stefndu \u00f6llum \u00cdsrael til m\u00edn \u00e1 Karmelfjall \u00e1samt \u00feeim fj\u00f6gur hundru\u00f0 og fimmt\u00edu sp\u00e1m\u00f6nnum Baals og \u00feeim fj\u00f6gur hundru\u00f0 sp\u00e1m\u00f6nnum As\u00e9ru sem sn\u00e6\u00f0a vi\u00f0 bor\u00f0 Jesebelar.\u201c <a name=\"20\"><span class=\"versanumer_2007\">20<\/span><\/a> Akab sendi bo\u00f0 til allra \u00cdsraelsmanna og safna\u00f0i sp\u00e1m\u00f6nnunum saman \u00e1 Karmelfjalli. <a name=\"21\"><span class=\"versanumer_2007\">21<\/span><\/a> \u00de\u00e1 gekk El\u00eda fram fyrir allt f\u00f3lki\u00f0 og hr\u00f3pa\u00f0i: \u201eHversu lengi \u00e6tli\u00f0 \u00fei\u00f0 a\u00f0 haltra til beggja hli\u00f0a? Ef Drottinn er Gu\u00f0, fylgi\u00f0 honum. En ef Baal er Gu\u00f0, \u00fe\u00e1 fylgi\u00f0 honum.\u201c En f\u00f3lki\u00f0 svara\u00f0i honum ekki einu or\u00f0i. <a name=\"22\"><span class=\"versanumer_2007\">22<\/span><\/a> \u00de\u00e1 sag\u00f0i El\u00eda vi\u00f0 f\u00f3lki\u00f0: \u201e\u00c9g er eini sp\u00e1ma\u00f0ur Drottins, sem eftir er, en sp\u00e1menn Baals eru fj\u00f6gur hundru\u00f0 og fimmt\u00edu. <a name=\"23\"><span class=\"versanumer_2007\">23<\/span><\/a> F\u00e6ri\u00f0 okkur n\u00fa tv\u00f6 naut. \u00deeir skulu velja anna\u00f0 nauti\u00f0 handa s\u00e9r, lima \u00fea\u00f0 sundur og leggja \u00e1 vi\u00f0inn \u00e1n \u00feess a\u00f0 kveikja eld. \u00c9g mun s\u00ed\u00f0an b\u00faa hitt nauti\u00f0 til f\u00f3rnar og leggja \u00fea\u00f0 \u00e1 vi\u00f0inn en ekki kveikja eld. <a name=\"24\"><span class=\"versanumer_2007\">24<\/span><\/a> \u00dei\u00f0 skulu\u00f0 \u00e1kalla nafn gu\u00f0s ykkar en \u00e9g mun \u00e1kalla nafn Drottins. S\u00e1 gu\u00f0 sem svarar me\u00f0 eldi, hann einn er Gu\u00f0.\u201c Allt f\u00f3lki\u00f0 svara\u00f0i og sag\u00f0i: \u201e\u00deetta er vel m\u00e6lt.\u201c<br \/> <a name=\"25\"><span class=\"versanumer_2007\">25<\/span><\/a> \u00dev\u00ed n\u00e6st sag\u00f0i El\u00eda vi\u00f0 sp\u00e1menn Baals: \u201eVelji\u00f0 anna\u00f0 nauti\u00f0 handa ykkur og b\u00fai\u00f0 \u00fea\u00f0 fyrst til f\u00f3rnar \u00fev\u00ed a\u00f0 \u00fei\u00f0 eru\u00f0 svo margir. \u00c1kalli\u00f0 s\u00ed\u00f0an nafn gu\u00f0s ykkar en kveiki\u00f0 ekki eld.\u201c<br \/> <a name=\"26\"><span class=\"versanumer_2007\">26<\/span><\/a> \u00deeir t\u00f3ku vi\u00f0 nautinu, sem \u00feeim var fengi\u00f0, og undirbjuggu \u00fea\u00f0. A\u00f0 svo b\u00fanu \u00e1k\u00f6llu\u00f0u \u00feeir nafn Baals fr\u00e1 morgni til h\u00e1degis og hr\u00f3pu\u00f0u: \u201eBaal, b\u00e6nheyr\u00f0u okkur.\u201c En engin r\u00f6dd heyr\u00f0ist, enginn svara\u00f0i. \u00deeir d\u00f6nsu\u00f0u haltrandi umhverfis altari\u00f0 sem \u00feeir h\u00f6f\u00f0u gert. <a name=\"27\"><span class=\"versanumer_2007\">27<\/span><\/a> \u00deegar lei\u00f0 a\u00f0 h\u00e1degi t\u00f3k El\u00eda a\u00f0 spotta \u00fe\u00e1 og sag\u00f0i: \u201eHr\u00f3pi\u00f0 h\u00e6rra. V\u00edst er hann gu\u00f0. Hann er kannski \u00ed \u00feungum \u00fe\u00f6nkum e\u00f0a \u00ed \u00f6nnum e\u00f0a hefur \u00feurft a\u00f0 breg\u00f0a s\u00e9r fr\u00e1. Ef til vill sefur hann og \u00fe\u00e1 \u00fearf a\u00f0 vekja hann.\u201c<br \/> <a name=\"28\"><span class=\"versanumer_2007\">28<\/span><\/a> Baalssp\u00e1mennirnir hr\u00f3pu\u00f0u n\u00fa h\u00e1st\u00f6fum og t\u00f3ku a\u00f0 s\u00e6ra sig me\u00f0 sver\u00f0um og spj\u00f3tum samkv\u00e6mt si\u00f0venju sinni \u00fear til \u00feeir ur\u00f0u albl\u00f3\u00f0ugir. <a name=\"29\"><span class=\"versanumer_2007\">29<\/span><\/a> \u00deegar komi\u00f0 var fram yfir h\u00e1degi fylltust \u00feeir gu\u00f0m\u00f3\u00f0i. St\u00f3\u00f0 \u00fea\u00f0 yfir allt til \u00feess a\u00f0 t\u00edmi var kominn til a\u00f0 f\u00e6ra kv\u00f6ldf\u00f3rn. En engin r\u00f6dd heyr\u00f0ist, ekkert svar, engin vi\u00f0br\u00f6g\u00f0.<br \/> <a name=\"30\"><span class=\"versanumer_2007\">30<\/span><\/a> \u00de\u00e1 sag\u00f0i El\u00eda vi\u00f0 allt f\u00f3lki\u00f0: \u201eKomi\u00f0 hinga\u00f0 til m\u00edn.\u201c \u00dea\u00f0 kom allt til hans og hann t\u00f3k a\u00f0 endurreisa altari Drottins sem haf\u00f0i veri\u00f0 rifi\u00f0 ni\u00f0ur. <a name=\"31\"><span class=\"versanumer_2007\">31<\/span><\/a> El\u00eda t\u00f3k t\u00f3lf steina, jafnmarga sonum Jakobs sem Drottinn haf\u00f0i sagt vi\u00f0: \u201eNafn \u00feitt skal ver\u00f0a \u00cdsrael.\u201c <a name=\"32\"><span class=\"versanumer_2007\">32<\/span><\/a> \u00dar steinunum reisti hann nafni Drottins altari og umhverfis altari\u00f0 gr\u00f3f hann vatnsrennu sem gat teki\u00f0 tv\u00e6r seur s\u00e1\u00f0korns. <a name=\"33\"><span class=\"versanumer_2007\">33<\/span><\/a> S\u00ed\u00f0an kom hann vi\u00f0num fyrir, hluta\u00f0i nauti\u00f0 sundur og lag\u00f0i \u00fea\u00f0 ofan \u00e1 vi\u00f0inn. <a name=\"34\"><span class=\"versanumer_2007\">34<\/span><\/a> \u00dev\u00ed n\u00e6st sag\u00f0i hann: \u201eFylli\u00f0 fj\u00f3rar krukkur af vatni og helli\u00f0 \u00fev\u00ed yfir brennif\u00f3rnina og vi\u00f0inn.\u201c S\u00ed\u00f0an sag\u00f0i hann: \u201eGeri\u00f0 \u00feetta \u00f6\u00f0ru sinni,\u201c og \u00feeir ger\u00f0u \u00fea\u00f0. Loks sag\u00f0i hann: \u201eGeri\u00f0 \u00fea\u00f0 \u00ed \u00feri\u00f0ja sinn.\u201c Og \u00feeir ger\u00f0u \u00fea\u00f0 \u00ed \u00feri\u00f0ja sinn <a name=\"35\"><span class=\"versanumer_2007\">35<\/span><\/a> svo a\u00f0 vatni\u00f0 fl\u00e6ddi umhverfis altari\u00f0. Vatnsrennuna fyllti hann einnig af vatni. <a name=\"36\"><span class=\"versanumer_2007\">36<\/span><\/a> \u00deegar t\u00edmi var kominn til a\u00f0 f\u00e6ra kv\u00f6ldf\u00f3rn gekk sp\u00e1ma\u00f0urinn El\u00eda fram og ba\u00f0: \u201eDrottinn, Gu\u00f0 Abrahams, \u00cdsaks og \u00cdsraels. \u00cd dag skal \u00fea\u00f0 kunngj\u00f6rt a\u00f0 \u00fe\u00fa s\u00e9rt Gu\u00f0 \u00ed \u00cdsrael og a\u00f0 \u00e9g s\u00e9 \u00fej\u00f3nn \u00feinn og geri allt \u00feetta samkv\u00e6mt bo\u00f0i \u00fe\u00ednu. <a name=\"37\"><span class=\"versanumer_2007\">37<\/span><\/a> B\u00e6nheyr mig, Drottinn, b\u00e6nheyr mig. \u00de\u00e1 mun \u00feetta f\u00f3lk komast a\u00f0 raun um a\u00f0 \u00fe\u00fa, Drottinn, ert Gu\u00f0 og a\u00f0 \u00fe\u00fa sn\u00fdr\u00f0 hj\u00f6rtum \u00feeirra til \u00fe\u00edn \u00e1 n\u00fd.\u201c <a name=\"38\"><span class=\"versanumer_2007\">38<\/span><\/a> \u00de\u00e1 f\u00e9ll eldur Drottins ni\u00f0ur og gleypti brennif\u00f3rnina, vi\u00f0inn, steinana og moldina og sleikti jafnvel upp vatni\u00f0 \u00ed rennunni. <a name=\"39\"><span class=\"versanumer_2007\">39<\/span><\/a> \u00deegar f\u00f3lki\u00f0 s\u00e1 \u00feetta f\u00e9ll \u00fea\u00f0 fram \u00e1 \u00e1sj\u00f3nu s\u00edna og hr\u00f3pa\u00f0i: \u201eDrottinn einn er Gu\u00f0. Drottinn einn er Gu\u00f0.\u201c <a name=\"40\"><span class=\"versanumer_2007\">40<\/span><\/a> En El\u00eda skipa\u00f0i \u00feeim: \u201eGr\u00edpi\u00f0 sp\u00e1menn Baals. L\u00e1ti\u00f0 engan \u00feeirra komast undan.\u201c \u00deeir voru gripnir og El\u00eda f\u00f3r me\u00f0 \u00fe\u00e1 ni\u00f0ur a\u00f0 K\u00edsonl\u00e6k og t\u00f3k \u00fe\u00e1 \u00fear af l\u00edfi.<br \/> <a name=\"41\"><span class=\"versanumer_2007\">41<\/span><\/a> A\u00f0 svo b\u00fanu sag\u00f0i El\u00eda vi\u00f0 Akab: \u201eFar\u00f0u upp eftir, et og drekk, \u00fev\u00ed a\u00f0 \u00e9g heyri dyn af regni.\u201c <a name=\"42\"><span class=\"versanumer_2007\">42<\/span><\/a> Akab f\u00f3r upp eftir til \u00feess a\u00f0 eta og drekka en El\u00eda kleif tind Karmelfjalls og hnipra\u00f0i sig saman \u00e1 j\u00f6r\u00f0inni me\u00f0 h\u00f6fu\u00f0i\u00f0 \u00e1 milli hnj\u00e1nna. <a name=\"43\"><span class=\"versanumer_2007\">43<\/span><\/a> Hann sag\u00f0i vi\u00f0 \u00fej\u00f3n sinn: \u201eFar\u00f0u upp og horf\u00f0u til hafs.\u201c Hann f\u00f3r upp eftir, lita\u00f0ist um og tilkynnti s\u00ed\u00f0an a\u00f0 ekkert v\u00e6ri a\u00f0 sj\u00e1. \u00deetta endurt\u00f3k sig sj\u00f6 sinnum. <a name=\"44\"><span class=\"versanumer_2007\">44<\/span><\/a> \u00cd sj\u00f6unda skipti\u00f0 sag\u00f0i \u00fej\u00f3nninn: \u201eN\u00fa r\u00eds l\u00edti\u00f0 sk\u00fd, svo sem hnefast\u00f3rt, upp \u00far hafinu.\u201c \u00de\u00e1 sag\u00f0i El\u00eda: \u201eFar\u00f0u og seg\u00f0u vi\u00f0 Akab: L\u00e1ttu spenna fyrir vagninn og aktu ni\u00f0ur eftir \u00e1\u00f0ur en regni\u00f0 lokar veginum fyrir \u00fe\u00e9r.\u201c <a name=\"45\"><span class=\"versanumer_2007\">45<\/span><\/a> Ekki lei\u00f0 \u00e1 l\u00f6ngu \u00e1\u00f0ur en himinninn myrkva\u00f0ist af \u00f3ve\u00f0urssk\u00fdjum og \u00fea\u00f0 ger\u00f0i \u00farhellisrigningu. Akab steig \u00ed vagninn og \u00f3k til Jesreel. <a name=\"46\"><span class=\"versanumer_2007\">46<\/span><\/a> H\u00f6nd Drottins kom yfir El\u00eda, hann batt upp kyrtil sinn og hlj\u00f3p \u00e1 undan Akab alla lei\u00f0 til Jesreel.<\/p>\n","protected":false},"excerpt":{"rendered":"<p>El\u00eda og sp\u00e1menn Baals \u00e1 Karmel 1 L\u00f6ngu s\u00ed\u00f0ar e\u00f0a \u00e1 \u00feri\u00f0ja \u00e1ri eftir \u00feetta kom or\u00f0 Drottins til El\u00eda:\u201eFar\u00f0u og l\u00e1ttu Akab sj\u00e1 \u00feig en \u00e9g \u00e6tla a\u00f0 l\u00e1ta rigna \u00e1 j\u00f6r\u00f0ina.\u201c 2 \u00de\u00e1 f\u00f3r El\u00eda til Akabs til \u00feess a\u00f0 l\u00e1ta hann sj\u00e1 sig.\u00deegar mikil hungursney\u00f0 var or\u00f0in \u00ed Samar\u00edu 3 kalla\u00f0i Akab hallarr\u00e1\u00f0smanninn \u00d3bad\u00eda \u00e1 sinn fund en \u00d3bad\u00eda var mj\u00f6g gu\u00f0hr\u00e6ddur ma\u00f0ur. 4 \u00deegar Jesebel var a\u00f0 tort\u00edma sp\u00e1m\u00f6nnum Drottins haf\u00f0i \u00d3bad\u00eda komi\u00f0 hundra\u00f0 sp\u00e1m\u00f6nnum undan, fali\u00f0 \u00fe\u00e1 \u00ed tveimur hellum, fimmt\u00edu \u00ed hvorum, og s\u00e9\u00f0 \u00feeim fyrir mat og drykk. 5 N\u00fa sag\u00f0i Akab vi\u00f0 <a href=\"https:\/\/biblian.is\/biblian\/fyrri-konungabok-18-kafli\/\"> [&#8230;]<\/a><\/p>\n","protected":false},"author":1,"featured_media":0,"parent":0,"menu_order":0,"comment_status":"open","ping_status":"open","template":"bibliukaflar_NT.php","meta":{"footnotes":""},"class_list":["post-1926","page","type-page","status-publish","hentry"],"_links":{"self":[{"href":"https:\/\/biblian.is\/biblian\/wp-json\/wp\/v2\/pages\/1926","targetHints":{"allow":["GET"]}}],"collection":[{"href":"https:\/\/biblian.is\/biblian\/wp-json\/wp\/v2\/pages"}],"about":[{"href":"https:\/\/biblian.is\/biblian\/wp-json\/wp\/v2\/types\/page"}],"author":[{"embeddable":true,"href":"https:\/\/biblian.is\/biblian\/wp-json\/wp\/v2\/users\/1"}],"replies":[{"embeddable":true,"href":"https:\/\/biblian.is\/biblian\/wp-json\/wp\/v2\/comments?post=1926"}],"version-history":[{"count":0,"href":"https:\/\/biblian.is\/biblian\/wp-json\/wp\/v2\/pages\/1926\/revisions"}],"wp:attachment":[{"href":"https:\/\/biblian.is\/biblian\/wp-json\/wp\/v2\/media?parent=1926"}],"curies":[{"name":"wp","href":"https:\/\/api.w.org\/{rel}","templated":true}]}}