{"id":1924,"date":"2017-12-30T21:01:00","date_gmt":"2017-12-30T21:01:00","guid":{"rendered":"http:\/\/biblian.is\/biblian\/fyrri-konungab%c2%97k-16-kafli\/"},"modified":"2024-02-06T18:26:04","modified_gmt":"2024-02-06T18:26:04","slug":"fyrri-konungabok-16-kafli","status":"publish","type":"page","link":"https:\/\/biblian.is\/biblian\/fyrri-konungabok-16-kafli\/","title":{"rendered":"Fyrri konungab\u00f3k 16. kafli"},"content":{"rendered":"<p><a name=\"1\"><span class=\"versanumer_2007\">1<\/span><\/a> \u00de\u00e1 kom or\u00f0 Drottins gegn Basa til Jeh\u00fa Hanan\u00edsonar: <a name=\"2\"><span class=\"versanumer_2007\">2<\/span><\/a> \u201e\u00c9g hef hafi\u00f0 \u00feig upp \u00far duftinu og gert \u00feig a\u00f0 h\u00f6f\u00f0ingja yfir \u00fej\u00f3\u00f0 minni, \u00cdsrael, en \u00fe\u00fa breytir a\u00f0 h\u00e6tti Jer\u00f3b\u00f3ams og kemur \u00fej\u00f3\u00f0 minni, \u00cdsrael, til a\u00f0 syndga og vekja rei\u00f0i m\u00edna me\u00f0 syndum s\u00ednum. <a name=\"3\"><span class=\"versanumer_2007\">3<\/span><\/a> Sakir \u00feess mun \u00e9g s\u00f3pa Basa og \u00e6tt hans \u00ed burtu. \u00c9g mun fara eins me\u00f0 \u00e6tt \u00fe\u00edna og \u00e6tt Jer\u00f3b\u00f3ams Nebatssonar: <a name=\"4\"><span class=\"versanumer_2007\">4<\/span><\/a> Hundar skulu \u00e9ta \u00fe\u00e1 af \u00e6tt Basa sem deyja \u00ed borginni og fuglar himins sl\u00edta \u00fe\u00e1 sem deyja \u00fati \u00e1 v\u00ed\u00f0avangi.\u201c<br \/> <a name=\"5\"><span class=\"versanumer_2007\">5<\/span><\/a> \u00dea\u00f0 sem \u00f3sagt er af Basa, verkum hans og afrekum, er skr\u00e1\u00f0 \u00ed ann\u00e1la \u00cdsraelskonunga. <a name=\"6\"><span class=\"versanumer_2007\">6<\/span><\/a> Basa var lag\u00f0ur til hv\u00edldar hj\u00e1 fe\u00f0rum s\u00ednum og grafinn \u00ed Tirsa. Ela, sonur hans, var\u00f0 konungur eftir hann.<br \/> <a name=\"7\"><span class=\"versanumer_2007\">7<\/span><\/a> Or\u00f0 Drottins haf\u00f0i komi\u00f0 til Basa og \u00e6ttar hans af munni sp\u00e1mannsins Jeh\u00fa Hanan\u00edsonar vegna \u00feeirra verka sem hann haf\u00f0i frami\u00f0 og ill voru \u00ed augum Drottins. \u00deau h\u00f6f\u00f0u vaki\u00f0 rei\u00f0i Drottins vegna \u00feess a\u00f0 \u00feau voru eins og verk \u00e6ttar Jer\u00f3b\u00f3ams og vegna \u00feess a\u00f0 hann haf\u00f0i tort\u00edmt \u00e6tt Jer\u00f3b\u00f3ams.<\/p>\n<h3 class=\"millifyrirsogn_2007\">Ela konungur \u00ed \u00cdsrael<\/h3>\n<p><a name=\"8\"><span class=\"versanumer_2007\">8<\/span><\/a> \u00c1 tuttugasta og sj\u00f6tta stj\u00f3rnar\u00e1ri Asa J\u00fadakonungs var\u00f0 Ela, sonur Basa, konungur \u00ed \u00cdsrael. Hann r\u00edkti tv\u00f6 \u00e1r \u00ed Tirsa.<br \/> <a name=\"9\"><span class=\"versanumer_2007\">9<\/span><\/a> Simr\u00ed, emb\u00e6ttisma\u00f0ur hans, sem var hersh\u00f6f\u00f0ingi yfir helmingi vagnli\u00f0sins, ger\u00f0i sams\u00e6ri gegn honum. \u00deegar Ela var \u00ed Tirsa og drakk sig \u00f6lva\u00f0an \u00ed h\u00fasi Arsa, hallarr\u00e1\u00f0smanns \u00ed Tirsa, <a name=\"10\"><span class=\"versanumer_2007\">10<\/span><\/a> gekk Simr\u00ed inn til hans og hj\u00f3 hann banah\u00f6gg. Var \u00fea\u00f0 \u00e1 tuttugasta og sj\u00f6unda \u00e1ri Asa J\u00fadakonungs og var\u00f0 Simr\u00ed konungur eftir Ela.<br \/> <a name=\"11\"><span class=\"versanumer_2007\">11<\/span><\/a> Jafnskj\u00f3tt og hann var or\u00f0inn konungur og sestur a\u00f0 v\u00f6ldum drap hann alla \u00e6tt Basa. Hann l\u00e9t engan karlmann halda l\u00edfi, hvorki skyldmenni hans n\u00e9 vini. <a name=\"12\"><span class=\"versanumer_2007\">12<\/span><\/a> Simr\u00ed tort\u00edmdi allri \u00e6tt Basa samkv\u00e6mt or\u00f0i Drottins sem hann haf\u00f0i flutt gegn Basa af munni sp\u00e1mannsins Jeh\u00fa. <a name=\"13\"><span class=\"versanumer_2007\">13<\/span><\/a> \u00deetta var vegna allra synda Basa og Ela, sonar hans, \u00feeirra sem \u00feeir dr\u00fdg\u00f0u sj\u00e1lfir og komu \u00cdsrael til a\u00f0 dr\u00fdgja svo a\u00f0 \u00feeir v\u00f6ktu rei\u00f0i Drottins me\u00f0 f\u00e1n\u00fdtum hj\u00e1gu\u00f0um s\u00ednum.<br \/> <a name=\"14\"><span class=\"versanumer_2007\">14<\/span><\/a> \u00dea\u00f0 sem \u00f3sagt er af s\u00f6gu Ela og verkum hans er skr\u00e1\u00f0 \u00ed ann\u00e1la \u00cdsraelskonunga.<\/p>\n<h3 class=\"millifyrirsogn_2007\">Simr\u00ed konungur \u00ed \u00cdsrael<\/h3>\n<p><a name=\"15\"><span class=\"versanumer_2007\">15<\/span><\/a> \u00c1 tuttugasta og sj\u00f6unda stj\u00f3rnar\u00e1ri Asa J\u00fadakonungs var\u00f0 Simr\u00ed konungur. Hann r\u00edkti sj\u00f6 daga \u00ed Tirsa \u00e1 me\u00f0an herinn sat um Gibbeton sem var eign Filistea.<br \/> <a name=\"16\"><span class=\"versanumer_2007\">16<\/span><\/a> Sama dag og ums\u00e1turshernum b\u00e1rust fregnir um a\u00f0 Simr\u00ed hef\u00f0i gert sams\u00e6ri og drepi\u00f0 konunginn ger\u00f0i allur \u00cdsrael hersh\u00f6f\u00f0ingjann Omr\u00ed a\u00f0 konungi yfir \u00cdsrael \u00fear \u00ed herb\u00fa\u00f0unum. <a name=\"17\"><span class=\"versanumer_2007\">17<\/span><\/a> Omr\u00ed og allur \u00cdsrael me\u00f0 honum h\u00e9lt s\u00ed\u00f0an fr\u00e1 Gibbeton upp eftir og settist um T\u00edrsa. <a name=\"18\"><span class=\"versanumer_2007\">18<\/span><\/a> \u00deegar Simr\u00ed s\u00e1 a\u00f0 borgin var fallin gekk hann inn \u00ed turn konungshallarinnar, lag\u00f0i eld a\u00f0 b\u00fasta\u00f0 konungsins, brenndi hann yfir sig og l\u00e9t \u00fear l\u00edf sitt. <a name=\"19\"><span class=\"versanumer_2007\">19<\/span><\/a> \u00deetta var\u00f0 vegna \u00feeirra synda sem hann haf\u00f0i dr\u00fdgt me\u00f0 \u00fev\u00ed a\u00f0 gera \u00fea\u00f0 sem illt var \u00ed augum Drottins. Hann haf\u00f0i breytt \u00e1 sama h\u00e1tt og Jer\u00f3b\u00f3am og dr\u00fdgt s\u00f6mu syndir og hann me\u00f0 \u00fev\u00ed a\u00f0 koma \u00cdsrael til a\u00f0 syndga.<br \/> <a name=\"20\"><span class=\"versanumer_2007\">20<\/span><\/a> \u00dea\u00f0 sem \u00f3sagt er af s\u00f6gu Simr\u00ed og sams\u00e6ri hans er skr\u00e1\u00f0 \u00ed ann\u00e1la \u00cdsraelskonunga.<\/p>\n<h3 class=\"millifyrirsogn_2007\">Omr\u00ed konungur \u00ed \u00cdsrael<\/h3>\n<p><a name=\"21\"><span class=\"versanumer_2007\">21<\/span><\/a> Um \u00feessar mundir klofna\u00f0i \u00cdsraels\u00fej\u00f3\u00f0in \u00ed tvennt. Helmingur hennar fylgdi Tibn\u00ed G\u00ednatssyni og vildi gera hann a\u00f0 konungi en hinn helmingurinn fylgdi Omr\u00ed. <a name=\"22\"><span class=\"versanumer_2007\">22<\/span><\/a> Reyndust fylgismenn Omr\u00ed \u00f6flugri en fylgismenn Tibn\u00ed G\u00ednatssonar. \u00deegar Tibn\u00ed d\u00f3 var\u00f0 Omr\u00ed konungur.<br \/> <a name=\"23\"><span class=\"versanumer_2007\">23<\/span><\/a> \u00c1 \u00fer\u00edtugasta og fyrsta stj\u00f3rnar\u00e1ri Asa J\u00fadakonungs var\u00f0 Omr\u00ed konungur \u00ed \u00cdsrael. Hann r\u00edkti t\u00f3lf \u00e1r, sex \u00feeirra \u00ed Tirsa. <a name=\"24\"><span class=\"versanumer_2007\">24<\/span><\/a> Hann keypti Samar\u00edufjall af Semer fyrir tv\u00e6r talentur silfurs og v\u00edggirti fjalli\u00f0 og nefndi borgina, sem hann reisti \u00fear, Samar\u00edu eftir Semer, fyrri eiganda fjallsins.<br \/> <a name=\"25\"><span class=\"versanumer_2007\">25<\/span><\/a> En Omr\u00ed ger\u00f0i \u00fea\u00f0 sem illt var \u00ed augum Drottins og gekk enn lengra en fyrirrennarar hans. <a name=\"26\"><span class=\"versanumer_2007\">26<\/span><\/a> Hann breytti \u00ed \u00f6llu a\u00f0 h\u00e6tti Jer\u00f3b\u00f3ams Nebatssonar. Hann dr\u00fdg\u00f0i s\u00f6mu syndir og hann me\u00f0 \u00fev\u00ed a\u00f0 koma \u00cdsrael til a\u00f0 syndga svo a\u00f0 hann vakti rei\u00f0i Drottins, Gu\u00f0s \u00cdsraels, me\u00f0 f\u00e1n\u00fdtum hj\u00e1gu\u00f0um s\u00ednum.<br \/> <a name=\"27\"><span class=\"versanumer_2007\">27<\/span><\/a> \u00dea\u00f0 sem \u00f3sagt er af s\u00f6gu Omr\u00ed, verkum hans og afrekum, er skr\u00e1\u00f0 \u00ed ann\u00e1la \u00cdsraelskonunga. <a name=\"28\"><span class=\"versanumer_2007\">28<\/span><\/a> Omr\u00ed var lag\u00f0ur til hv\u00edldar hj\u00e1 fe\u00f0rum s\u00ednum og grafinn \u00ed Samar\u00edu. Akab, sonur hans, var\u00f0 konungur eftir hann.<\/p>\n<h3 class=\"millifyrirsogn_2007\">Akab konungur \u00ed \u00cdsrael<\/h3>\n<p><a name=\"29\"><span class=\"versanumer_2007\">29<\/span><\/a> Akab, sonur Omr\u00ed, var\u00f0 konungur \u00ed \u00cdsrael \u00e1 \u00fer\u00edtugasta og \u00e1ttunda stj\u00f3rnar\u00e1ri Asa J\u00fadakonungs. Akab, sonur Omr\u00ed, r\u00edkti yfir \u00cdsrael \u00ed Samar\u00edu \u00ed tuttugu og tv\u00f6 \u00e1r.<br \/> <a name=\"30\"><span class=\"versanumer_2007\">30<\/span><\/a> Akab, sonur Omr\u00ed, ger\u00f0i \u00fea\u00f0 sem var illt \u00ed augum Drottins. Hann vann verri \u00f3h\u00e6fuverk en nokkur fyrirrennara hans. <a name=\"31\"><span class=\"versanumer_2007\">31<\/span><\/a> Hann dr\u00fdg\u00f0i ekki a\u00f0eins s\u00f6mu syndir og Jer\u00f3b\u00f3am Nebatsson heldur t\u00f3k hann s\u00e9r Jesebel, d\u00f3ttur Etbaals konungs \u00ed S\u00eddon, a\u00f0 konu. H\u00f3f hann \u00fe\u00e1 a\u00f0 d\u00fdrka og tilbi\u00f0ja Baal. <a name=\"32\"><span class=\"versanumer_2007\">32<\/span><\/a> Hann l\u00e9t reisa altari handa Baal \u00ed h\u00fasi Baals sem hann haf\u00f0i byggt \u00ed Samar\u00edu. <a name=\"33\"><span class=\"versanumer_2007\">33<\/span><\/a> Akab l\u00e9t einnig gera As\u00e9ru st\u00f3lpa og ger\u00f0i enn fleira sem vakti rei\u00f0i Drottins, Gu\u00f0s \u00cdsraels. Hann vann verri verk en allir \u00feeir konungar \u00cdsraels sem uppi voru \u00e1 undan honum.<br \/> <a name=\"34\"><span class=\"versanumer_2007\">34<\/span><\/a> \u00c1 stj\u00f3rnart\u00edmabili hans endurreisti H\u00edel fr\u00e1 Betel Jer\u00edk\u00f3. Abr\u00edam, elsti sonur hans, l\u00e9t l\u00edfi\u00f0 \u00feegar grunnur borgarinnar var lag\u00f0ur og Seg\u00fab, yngsti sonur hans, l\u00e9t l\u00edfi\u00f0 \u00feegar hli\u00f0 var sett fyrir borgina. Var \u00fea\u00f0 \u00ed samr\u00e6mi vi\u00f0 or\u00f0i\u00f0 sem Drottinn haf\u00f0i bo\u00f0a\u00f0 af munni J\u00f3s\u00faa N\u00fanssonar.<span class=\"nedan_mal\" title=\" Sj\u00e1 J\u00f3s 6.26.\">[<\/span> <\/p>\n","protected":false},"excerpt":{"rendered":"<p>1 \u00de\u00e1 kom or\u00f0 Drottins gegn Basa til Jeh\u00fa Hanan\u00edsonar: 2 \u201e\u00c9g hef hafi\u00f0 \u00feig upp \u00far duftinu og gert \u00feig a\u00f0 h\u00f6f\u00f0ingja yfir \u00fej\u00f3\u00f0 minni, \u00cdsrael, en \u00fe\u00fa breytir a\u00f0 h\u00e6tti Jer\u00f3b\u00f3ams og kemur \u00fej\u00f3\u00f0 minni, \u00cdsrael, til a\u00f0 syndga og vekja rei\u00f0i m\u00edna me\u00f0 syndum s\u00ednum. 3 Sakir \u00feess mun \u00e9g s\u00f3pa Basa og \u00e6tt hans \u00ed burtu. \u00c9g mun fara eins me\u00f0 \u00e6tt \u00fe\u00edna og \u00e6tt Jer\u00f3b\u00f3ams Nebatssonar: 4 Hundar skulu \u00e9ta \u00fe\u00e1 af \u00e6tt Basa sem deyja \u00ed borginni og fuglar himins sl\u00edta \u00fe\u00e1 sem deyja \u00fati \u00e1 v\u00ed\u00f0avangi.\u201c 5 \u00dea\u00f0 sem \u00f3sagt er af Basa, <a href=\"https:\/\/biblian.is\/biblian\/fyrri-konungabok-16-kafli\/\"> [&#8230;]<\/a><\/p>\n","protected":false},"author":1,"featured_media":0,"parent":0,"menu_order":0,"comment_status":"open","ping_status":"open","template":"bibliukaflar_NT.php","meta":{"footnotes":""},"class_list":["post-1924","page","type-page","status-publish","hentry"],"_links":{"self":[{"href":"https:\/\/biblian.is\/biblian\/wp-json\/wp\/v2\/pages\/1924","targetHints":{"allow":["GET"]}}],"collection":[{"href":"https:\/\/biblian.is\/biblian\/wp-json\/wp\/v2\/pages"}],"about":[{"href":"https:\/\/biblian.is\/biblian\/wp-json\/wp\/v2\/types\/page"}],"author":[{"embeddable":true,"href":"https:\/\/biblian.is\/biblian\/wp-json\/wp\/v2\/users\/1"}],"replies":[{"embeddable":true,"href":"https:\/\/biblian.is\/biblian\/wp-json\/wp\/v2\/comments?post=1924"}],"version-history":[{"count":0,"href":"https:\/\/biblian.is\/biblian\/wp-json\/wp\/v2\/pages\/1924\/revisions"}],"wp:attachment":[{"href":"https:\/\/biblian.is\/biblian\/wp-json\/wp\/v2\/media?parent=1924"}],"curies":[{"name":"wp","href":"https:\/\/api.w.org\/{rel}","templated":true}]}}