{"id":1923,"date":"2017-12-30T21:01:00","date_gmt":"2017-12-30T21:01:00","guid":{"rendered":"http:\/\/biblian.is\/biblian\/fyrri-konungab%c2%97k-15-kafli\/"},"modified":"2024-02-06T18:26:04","modified_gmt":"2024-02-06T18:26:04","slug":"fyrri-konungabok-15-kafli","status":"publish","type":"page","link":"https:\/\/biblian.is\/biblian\/fyrri-konungabok-15-kafli\/","title":{"rendered":"Fyrri konungab\u00f3k 15. kafli"},"content":{"rendered":"<h3 class=\"millifyrirsogn_2007\"> Ab\u00eda konungur \u00ed J\u00fada<\/h3>\n<p><a name=\"1\"><span class=\"versanumer_2007\">1<\/span><\/a> \u00c1 \u00e1tj\u00e1nda stj\u00f3rnar\u00e1ri Jer\u00f3b\u00f3ams konungs Nebatssonar var\u00f0 Ab\u00eda konungur \u00ed J\u00fada. <a name=\"2\"><span class=\"versanumer_2007\">2<\/span><\/a> Hann r\u00edkti \u00ferj\u00fa \u00e1r \u00ed Jer\u00fasalem. M\u00f3\u00f0ir hans h\u00e9t Maaka Absalonsd\u00f3ttir.<br \/> <a name=\"3\"><span class=\"versanumer_2007\">3<\/span><\/a> Hann dr\u00fdg\u00f0i allar s\u00f6mu syndir og fa\u00f0ir hans haf\u00f0i \u00e1\u00f0ur dr\u00fdgt og hann fylgdi Drottni, Gu\u00f0i s\u00ednum, ekki heils hugar eins og Dav\u00ed\u00f0, forfa\u00f0ir hans, haf\u00f0i gert. <a name=\"4\"><span class=\"versanumer_2007\">4<\/span><\/a> Samt gaf Drottinn, Gu\u00f0 hans, honum lampa \u00ed Jer\u00fasalem vegna Dav\u00ed\u00f0s me\u00f0 \u00fev\u00ed a\u00f0 gera son hans a\u00f0 eftirmanni hans og var\u00f0veita Jer\u00fasalem <a name=\"5\"><span class=\"versanumer_2007\">5<\/span><\/a> \u00fev\u00ed a\u00f0 Dav\u00ed\u00f0 haf\u00f0i gert \u00fea\u00f0 sem r\u00e9tt var \u00ed augum Drottins og \u00ed engu viki\u00f0 fr\u00e1 \u00fev\u00ed sem Drottinn bau\u00f0 honum, \u00e1 me\u00f0an hann lif\u00f0i, nema \u00ed m\u00e1li \u00dar\u00eda Het\u00edta.<br \/> <a name=\"6\"><span class=\"versanumer_2007\">6<\/span><\/a> Rehabeam \u00e1tti \u00ed str\u00ed\u00f0i vi\u00f0 Jer\u00f3b\u00f3am alla \u00e6vi.<span class=\"nedan_mal\" title=\" Annar lesh\u00e1ttur: \u00dea\u00f0 var str\u00ed\u00f0 milli Ab\u00eda og Jer\u00f3b\u00f3ams \u00e1 me\u00f0an hann lif\u00f0i.\">[<\/span> <br \/> <a name=\"7\"><span class=\"versanumer_2007\">7<\/span><\/a> \u00dea\u00f0 sem \u00f3sagt er af s\u00f6gu Ab\u00eda og verkum hans er skr\u00e1\u00f0 \u00ed ann\u00e1la J\u00fadakonunga. \u00d3fri\u00f0ur var me\u00f0 Ab\u00eda og Jer\u00f3b\u00f3am. <a name=\"8\"><span class=\"versanumer_2007\">8<\/span><\/a> Ab\u00eda var lag\u00f0ur til hv\u00edldar hj\u00e1 fe\u00f0rum s\u00ednum og grafinn \u00ed borg Dav\u00ed\u00f0s. Asa sonur hans var\u00f0 konungur eftir hann.<\/p>\n<h3 class=\"millifyrirsogn_2007\">Asa konungur \u00ed J\u00fada<\/h3>\n<p><a name=\"9\"><span class=\"versanumer_2007\">9<\/span><\/a> \u00c1 tuttugasta stj\u00f3rnar\u00e1ri Jer\u00f3b\u00f3ams, konungs \u00ed \u00cdsrael, var\u00f0 Asa konungur \u00ed J\u00fada. <a name=\"10\"><span class=\"versanumer_2007\">10<\/span><\/a> Hann r\u00edkti fj\u00f6rut\u00edu og eitt \u00e1r \u00ed Jer\u00fasalem. M\u00f3\u00f0ir<span class=\"nedan_mal\" title=\" Svo \u00ed textanum. R\u00e9ttara er amma, sbr. 2. vers.\">[<\/span> hans h\u00e9t Maaka Absalonsd\u00f3ttir.<br \/> <a name=\"11\"><span class=\"versanumer_2007\">11<\/span><\/a> Asa ger\u00f0i \u00fea\u00f0 sem r\u00e9tt var \u00ed augum Drottins eins og Dav\u00ed\u00f0, forfa\u00f0ir hans. <a name=\"12\"><span class=\"versanumer_2007\">12<\/span><\/a> Hann rak hofsk\u00e6kjurnar \u00far landinu og fjarl\u00e6g\u00f0i gu\u00f0amyndirnar sem forfe\u00f0ur hans h\u00f6f\u00f0u l\u00e1ti\u00f0 gera. <a name=\"13\"><span class=\"versanumer_2007\">13<\/span><\/a> Hann svipti jafnvel Ma\u00f6ku, m\u00f3\u00f0ur s\u00edna, konungsm\u00f3\u00f0urtign sinni af \u00fev\u00ed a\u00f0 h\u00fan haf\u00f0i l\u00e1ti\u00f0 gera vi\u00f0urstyggilega mynd af As\u00e9ru. Asa hj\u00f3 mynd hennar \u00ed sundur og brenndi hana \u00ed Kedrondal. <a name=\"14\"><span class=\"versanumer_2007\">14<\/span><\/a> A\u00f0 v\u00edsu hurfu f\u00f3rnarh\u00e6\u00f0irnar ekki en samt fylgdi Asa Drottni af heilum hug allt sitt l\u00edf. <a name=\"15\"><span class=\"versanumer_2007\">15<\/span><\/a> Hann flutti einnig helgigjafir f\u00f6\u00f0ur s\u00edns og s\u00ednar eigin helgigjafir \u00ed musteri Drottins, b\u00e6\u00f0i silfur og gull og \u00fdmis \u00e1h\u00f6ld.<br \/> <a name=\"16\"><span class=\"versanumer_2007\">16<\/span><\/a> \u00d3fri\u00f0ur var me\u00f0 Asa og Basa \u00cdsraelskonungi \u00e1 me\u00f0an \u00feeir lif\u00f0u. <a name=\"17\"><span class=\"versanumer_2007\">17<\/span><\/a> Basa \u00cdsraelskonungur h\u00e9lt \u00ed herf\u00f6r gegn J\u00fada og v\u00edggirti Rama til a\u00f0 loka lei\u00f0inni fyrir \u00f6llum til og fr\u00e1 Asa J\u00fadakonungi. <a name=\"18\"><span class=\"versanumer_2007\">18<\/span><\/a> \u00de\u00e1 t\u00f3k Asa allt silfur og gull sem enn var \u00ed fj\u00e1rhirslum h\u00fass Drottins og \u00ed fj\u00e1rhirslum konungshallarinnar og f\u00e9kk \u00fea\u00f0 \u00ed hendur \u00fej\u00f3num s\u00ednum. Hann sendi \u00fe\u00e1 til Benhadads Aramskonungs, sonar Tabrimmons Hes\u00edonssonar sem r\u00edkti \u00ed Damaskus. L\u00e9t Asa \u00fe\u00e1 flytja \u00feessi skilabo\u00f0: <a name=\"19\"><span class=\"versanumer_2007\">19<\/span><\/a> \u201eS\u00e1ttm\u00e1li er milli m\u00edn og \u00fe\u00edn, milli f\u00f6\u00f0ur m\u00edns og f\u00f6\u00f0ur \u00fe\u00edns. \u00c9g sendi \u00fe\u00e9r h\u00e9r me\u00f0 gj\u00f6f, gull og silfur. Rj\u00faf\u00f0u s\u00e1ttm\u00e1la \u00feinn vi\u00f0 Basa \u00cdsraelskonung svo a\u00f0 hann h\u00f6rfi fr\u00e1 m\u00e9r.\u201c <a name=\"20\"><span class=\"versanumer_2007\">20<\/span><\/a> Benhadad var\u00f0 vi\u00f0 tilm\u00e6lum Asa konungs. Hann sendi hersh\u00f6f\u00f0ingja s\u00edna \u00ed herf\u00f6r gegn borgum \u00cdsraels og sigra\u00f0i \u00cdj\u00f3n, Dan og Abel-Bet-Maaka en auk \u00feess allt Kinnerot og allt land Naftal\u00ed\u00e6ttb\u00e1lks. <a name=\"21\"><span class=\"versanumer_2007\">21<\/span><\/a> \u00deegar Basa fr\u00e9tti \u00feetta h\u00e6tti hann a\u00f0 v\u00edggir\u00f0a Rama og f\u00f3r aftur til Tirsa. <a name=\"22\"><span class=\"versanumer_2007\">22<\/span><\/a> \u00de\u00e1 kvaddi Asa konungur saman alla J\u00fadamenn me\u00f0 t\u00f6lu og l\u00e9t \u00fe\u00e1 flytja burt steinana og timbri\u00f0 sem Basa haf\u00f0i nota\u00f0 til a\u00f0 v\u00edggir\u00f0a Rama. Asa konungur v\u00edggirti s\u00ed\u00f0an Geba \u00ed Benjam\u00edn og Mispa me\u00f0 byggingarefninu.<br \/> <a name=\"23\"><span class=\"versanumer_2007\">23<\/span><\/a> \u00dea\u00f0 sem \u00f3sagt er af s\u00f6gu Asa, verkum hans, d\u00e1\u00f0um og borgunum, sem hann reisti, er skr\u00e1\u00f0 \u00ed ann\u00e1la J\u00fadakonunga. En svo f\u00f3r a\u00f0 hann var\u00f0 f\u00f3taveikur \u00ed ellinni <a name=\"24\"><span class=\"versanumer_2007\">24<\/span><\/a> og var lag\u00f0ur til hv\u00edldar hj\u00e1 fe\u00f0rum s\u00ednum og grafinn hj\u00e1 \u00feeim \u00ed borg Dav\u00ed\u00f0s, forf\u00f6\u00f0ur s\u00edns. J\u00f3safat, sonur hans, var\u00f0 konungur eftir hann.<\/p>\n<h3 class=\"millifyrirsogn_2007\">Nadab konungur \u00ed \u00cdsrael<\/h3>\n<p><a name=\"25\"><span class=\"versanumer_2007\">25<\/span><\/a> Nadab, sonur Jer\u00f3b\u00f3ams, var\u00f0 konungur yfir \u00cdsrael \u00e1 \u00f6\u00f0ru stj\u00f3rnar\u00e1ri Asa J\u00fadakonungs. Hann r\u00edkti \u00ed \u00cdsrael tv\u00f6 \u00e1r.<br \/> <a name=\"26\"><span class=\"versanumer_2007\">26<\/span><\/a> Hann ger\u00f0i \u00fea\u00f0 sem illt var \u00ed augum Drottins. Hann breytti \u00e1 sama h\u00e1tt og fa\u00f0ir hans og dr\u00fdg\u00f0i s\u00f6mu syndir og hann haf\u00f0i komi\u00f0 \u00cdsrael til a\u00f0 dr\u00fdgja.<br \/> <a name=\"27\"><span class=\"versanumer_2007\">27<\/span><\/a> Basa, sonur Ah\u00eda af \u00e6ttb\u00e1lki \u00cdssakars, ger\u00f0i sams\u00e6ri gegn honum. Basa felldi Nadab \u00ed Gibbeton, sem er eign Filistea, \u00feegar Nadab og allur \u00cdsrael sat um Gibbeton. <a name=\"28\"><span class=\"versanumer_2007\">28<\/span><\/a> Basa drap hann \u00e1 \u00feri\u00f0ja stj\u00f3rnar\u00e1ri Asa J\u00fadakonungs og var\u00f0 konungur eftir hann. <a name=\"29\"><span class=\"versanumer_2007\">29<\/span><\/a> \u00deegar Basa var or\u00f0inn konungur drap hann alla \u00e6tt Jer\u00f3b\u00f3ams. Hann l\u00e9t engan af \u00e6tt Jer\u00f3b\u00f3ams halda l\u00edfi heldur tort\u00edmdi henni allri eins og Drottinn haf\u00f0i bo\u00f0a\u00f0 fyrir munn \u00fej\u00f3ns s\u00edns, Ah\u00eda fr\u00e1 S\u00edl\u00f3. <a name=\"30\"><span class=\"versanumer_2007\">30<\/span><\/a> \u00deetta var\u00f0 vegna \u00feeirra synda sem Jer\u00f3b\u00f3am haf\u00f0i dr\u00fdgt og hann haf\u00f0i komi\u00f0 \u00cdsrael til a\u00f0 dr\u00fdgja og me\u00f0 \u00fev\u00ed vaki\u00f0 rei\u00f0i Drottins, Gu\u00f0s \u00cdsraels.<br \/> <a name=\"31\"><span class=\"versanumer_2007\">31<\/span><\/a> \u00dea\u00f0 sem \u00f3sagt er af s\u00f6gu Nadabs og verkum hans er skr\u00e1\u00f0 \u00ed ann\u00e1la \u00cdsraelskonunga. <a name=\"32\"><span class=\"versanumer_2007\">32<\/span><\/a> Asa og Basa \u00cdsraelskonungur \u00e1ttu \u00ed \u00f3fri\u00f0i me\u00f0an \u00feeir lif\u00f0u.<\/p>\n<h3 class=\"millifyrirsogn_2007\">Basa konungur \u00ed \u00cdsrael<\/h3>\n<p><a name=\"33\"><span class=\"versanumer_2007\">33<\/span><\/a> \u00c1 \u00feri\u00f0ja stj\u00f3rnar\u00e1ri Asa J\u00fadakonungs var\u00f0 Basa, sonur Ah\u00eda, konungur yfir \u00f6llum \u00cdsrael. Hann r\u00edkti tuttugu og fj\u00f6gur \u00e1r \u00ed Tirsa.<br \/> <a name=\"34\"><span class=\"versanumer_2007\">34<\/span><\/a> Hann ger\u00f0i \u00fea\u00f0 sem illt var \u00ed augum Drottins. Hann breytti eins og Jer\u00f3b\u00f3am og dr\u00fdg\u00f0i s\u00f6mu syndir og \u00fe\u00e6r sem hann haf\u00f0i komi\u00f0 \u00cdsrael til a\u00f0 dr\u00fdgja.<\/p>\n","protected":false},"excerpt":{"rendered":"<p>Ab\u00eda konungur \u00ed J\u00fada 1 \u00c1 \u00e1tj\u00e1nda stj\u00f3rnar\u00e1ri Jer\u00f3b\u00f3ams konungs Nebatssonar var\u00f0 Ab\u00eda konungur \u00ed J\u00fada. 2 Hann r\u00edkti \u00ferj\u00fa \u00e1r \u00ed Jer\u00fasalem. M\u00f3\u00f0ir hans h\u00e9t Maaka Absalonsd\u00f3ttir. 3 Hann dr\u00fdg\u00f0i allar s\u00f6mu syndir og fa\u00f0ir hans haf\u00f0i \u00e1\u00f0ur dr\u00fdgt og hann fylgdi Drottni, Gu\u00f0i s\u00ednum, ekki heils hugar eins og Dav\u00ed\u00f0, forfa\u00f0ir hans, haf\u00f0i gert. 4 Samt gaf Drottinn, Gu\u00f0 hans, honum lampa \u00ed Jer\u00fasalem vegna Dav\u00ed\u00f0s me\u00f0 \u00fev\u00ed a\u00f0 gera son hans a\u00f0 eftirmanni hans og var\u00f0veita Jer\u00fasalem 5 \u00fev\u00ed a\u00f0 Dav\u00ed\u00f0 haf\u00f0i gert \u00fea\u00f0 sem r\u00e9tt var \u00ed augum Drottins og \u00ed engu viki\u00f0 fr\u00e1 \u00fev\u00ed sem <a href=\"https:\/\/biblian.is\/biblian\/fyrri-konungabok-15-kafli\/\"> [&#8230;]<\/a><\/p>\n","protected":false},"author":1,"featured_media":0,"parent":0,"menu_order":0,"comment_status":"open","ping_status":"open","template":"bibliukaflar_NT.php","meta":{"footnotes":""},"class_list":["post-1923","page","type-page","status-publish","hentry"],"_links":{"self":[{"href":"https:\/\/biblian.is\/biblian\/wp-json\/wp\/v2\/pages\/1923","targetHints":{"allow":["GET"]}}],"collection":[{"href":"https:\/\/biblian.is\/biblian\/wp-json\/wp\/v2\/pages"}],"about":[{"href":"https:\/\/biblian.is\/biblian\/wp-json\/wp\/v2\/types\/page"}],"author":[{"embeddable":true,"href":"https:\/\/biblian.is\/biblian\/wp-json\/wp\/v2\/users\/1"}],"replies":[{"embeddable":true,"href":"https:\/\/biblian.is\/biblian\/wp-json\/wp\/v2\/comments?post=1923"}],"version-history":[{"count":0,"href":"https:\/\/biblian.is\/biblian\/wp-json\/wp\/v2\/pages\/1923\/revisions"}],"wp:attachment":[{"href":"https:\/\/biblian.is\/biblian\/wp-json\/wp\/v2\/media?parent=1923"}],"curies":[{"name":"wp","href":"https:\/\/api.w.org\/{rel}","templated":true}]}}