{"id":1921,"date":"2017-12-30T21:01:00","date_gmt":"2017-12-30T21:01:00","guid":{"rendered":"http:\/\/biblian.is\/biblian\/fyrri-konungab%c2%97k-13-kafli\/"},"modified":"2024-02-06T18:26:02","modified_gmt":"2024-02-06T18:26:02","slug":"fyrri-konungabok-13-kafli","status":"publish","type":"page","link":"https:\/\/biblian.is\/biblian\/fyrri-konungabok-13-kafli\/","title":{"rendered":"Fyrri konungab\u00f3k 13. kafli"},"content":{"rendered":"<p><a name=\"1\"><span class=\"versanumer_2007\">1<\/span><\/a> \u00c1 me\u00f0an Jer\u00f3b\u00f3am st\u00f3\u00f0 vi\u00f0 altari\u00f0 til a\u00f0 f\u00e6ra reykelsisf\u00f3rn kom gu\u00f0sma\u00f0ur einn \u00f3v\u00e6nt fr\u00e1 J\u00fada a\u00f0 bo\u00f0i Drottins. <a name=\"2\"><span class=\"versanumer_2007\">2<\/span><\/a> Hann hr\u00f3pa\u00f0i a\u00f0 altarinu, samkv\u00e6mt skipun Drottins, og sag\u00f0i: \u201eAltari, altari. Svo segir Drottinn: Sonur mun f\u00e6\u00f0ast af \u00e6tt Dav\u00ed\u00f0s, J\u00f3s\u00eda a\u00f0 nafni. Hann mun f\u00f3rna \u00e1 \u00fe\u00e9r prestum f\u00f3rnarh\u00e6\u00f0anna sem f\u00e6ra \u00e1 \u00fe\u00e9r reykelsisf\u00f3rn. Hann mun brenna mannabein \u00e1 \u00fe\u00e9r.\u201c <a name=\"3\"><span class=\"versanumer_2007\">3<\/span><\/a> \u00deennan sama dag ger\u00f0i gu\u00f0sma\u00f0urinn t\u00e1kn og sag\u00f0i: \u201e\u00deetta er t\u00e1kni\u00f0 sem Drottinn hefur l\u00fdst: \u00deetta altari skal klofna og fituaskan \u00e1 \u00fev\u00ed skal s\u00e1ldrast ni\u00f0ur.\u201c<span class=\"nedan_mal\" title=\" Bein dau\u00f0ra manna vanhelga altari\u00f0.\">[<\/span> <br \/> <a name=\"4\"><span class=\"versanumer_2007\">4<\/span><\/a> \u00deegar Jer\u00f3b\u00f3am heyr\u00f0i or\u00f0 gu\u00f0smannsins, sem hann hr\u00f3pa\u00f0i gegn altarinu \u00ed Betel, r\u00e9tti hann \u00fat h\u00f6nd s\u00edna fr\u00e1 altarinu \u00fear sem hann st\u00f3\u00f0 og skipa\u00f0i: \u201eGr\u00edpi\u00f0 hann.\u201c En h\u00f6ndin, sem hann r\u00e9tti \u00fat gegn gu\u00f0smanninum, visna\u00f0i svo a\u00f0 hann gat ekki dregi\u00f0 hana a\u00f0 s\u00e9r aftur. <a name=\"5\"><span class=\"versanumer_2007\">5<\/span><\/a> Altari\u00f0 klofna\u00f0i og fituaskan \u00e1 altarinu s\u00e1ldra\u00f0ist ni\u00f0ur eins og t\u00e1kni\u00f0 haf\u00f0i fali\u00f0 \u00ed s\u00e9r sem gu\u00f0sma\u00f0urinn ger\u00f0i a\u00f0 bo\u00f0i Drottins.<br \/> <a name=\"6\"><span class=\"versanumer_2007\">6<\/span><\/a> \u00de\u00e1 sag\u00f0i konungur vi\u00f0 gu\u00f0smanninn: \u201eMilda n\u00fa rei\u00f0i Drottins, Gu\u00f0s \u00fe\u00edns, og bi\u00f0 fyrir m\u00e9r svo a\u00f0 \u00e9g geti dregi\u00f0 a\u00f0 m\u00e9r h\u00f6ndina.\u201c Gu\u00f0sma\u00f0urinn milda\u00f0i rei\u00f0i Drottins svo a\u00f0 konungurinn gat dregi\u00f0 a\u00f0 s\u00e9r h\u00f6ndina aftur og var\u00f0 h\u00fan jafng\u00f3\u00f0 og \u00e1\u00f0ur.<br \/> <a name=\"7\"><span class=\"versanumer_2007\">7<\/span><\/a> S\u00ed\u00f0an sag\u00f0i konungur vi\u00f0 gu\u00f0smanninn: \u201eKomdu heim me\u00f0 m\u00e9r og f\u00e1\u00f0u hressingu. \u00c9g \u00e6tla l\u00edka a\u00f0 gefa \u00fe\u00e9r gj\u00f6f.\u201c <a name=\"8\"><span class=\"versanumer_2007\">8<\/span><\/a> En gu\u00f0sma\u00f0urinn svara\u00f0i konunginum: \u201e\u00de\u00f3 a\u00f0 \u00fe\u00fa g\u00e6fir m\u00e9r helming eigna \u00feinna f\u00e6ri \u00e9g ekki heim me\u00f0 \u00fe\u00e9r. \u00c9g mun hvorki neyta matar n\u00e9 drekka vatn \u00e1 \u00feessum sta\u00f0. <a name=\"9\"><span class=\"versanumer_2007\">9<\/span><\/a> \u00dev\u00ed a\u00f0 \u00feannig var m\u00e9r skipa\u00f0 af Drottni: \u00de\u00fa m\u00e1tt hvorki eta n\u00e9 drekka og ekki m\u00e1ttu sn\u00faa aftur s\u00f6mu lei\u00f0 og \u00fe\u00fa komst.\u201c <a name=\"10\"><span class=\"versanumer_2007\">10<\/span><\/a> Hann f\u00f3r s\u00ed\u00f0an a\u00f0ra lei\u00f0 og sneri ekki aftur sama veg og hann haf\u00f0i komi\u00f0 til Betel.<br \/> <a name=\"11\"><span class=\"versanumer_2007\">11<\/span><\/a> \u00cd Betel bj\u00f3 gamall sp\u00e1ma\u00f0ur. \u00deegar synir hans komu heim s\u00f6g\u00f0u \u00feeir honum fr\u00e1 \u00f6llu \u00fev\u00ed sem gu\u00f0sma\u00f0urinn haf\u00f0i gert \u00ed Betel og fr\u00e1 bo\u00f0skapnum sem hann haf\u00f0i flutt konungi \u00feennan dag. \u00deegar \u00feeir h\u00f6f\u00f0u sagt f\u00f6\u00f0ur s\u00ednum \u00feetta <a name=\"12\"><span class=\"versanumer_2007\">12<\/span><\/a> spur\u00f0i hann \u00fe\u00e1: \u201eHva\u00f0a lei\u00f0 f\u00f3r hann?\u201c Synir hans s\u00fdndu honum veginn sem gu\u00f0sma\u00f0urinn fr\u00e1 J\u00fada haf\u00f0i fari\u00f0. <a name=\"13\"><span class=\"versanumer_2007\">13<\/span><\/a> \u00de\u00e1 sag\u00f0i hann vi\u00f0 syni s\u00edna: \u201eLeggi\u00f0 \u00e1 asnann minn fyrir mig.\u201c \u00deeir l\u00f6g\u00f0u \u00e1 asnann fyrir hann og hann steig \u00e1 bak <a name=\"14\"><span class=\"versanumer_2007\">14<\/span><\/a> og rei\u00f0 \u00e1 eftir gu\u00f0smanninum. Hann fann hann \u00fear sem hann sat undir eik einni og spur\u00f0i: \u201eErt \u00fe\u00fa gu\u00f0sma\u00f0urinn sem kom fr\u00e1 J\u00fada?\u201c Hann svara\u00f0i: \u201eJ\u00e1, \u00e9g er hann.\u201c <a name=\"15\"><span class=\"versanumer_2007\">15<\/span><\/a> \u00de\u00e1 sag\u00f0i sp\u00e1ma\u00f0urinn vi\u00f0 hann: \u201eKomdu heim me\u00f0 m\u00e9r og f\u00e1\u00f0u \u00fe\u00e9r a\u00f0 eta.\u201c <a name=\"16\"><span class=\"versanumer_2007\">16<\/span><\/a> Hann svara\u00f0i: \u201e\u00c9g get ekki sn\u00fai\u00f0 vi\u00f0 og komi\u00f0 me\u00f0 \u00fe\u00e9r og \u00e9g get hvorki eti\u00f0 n\u00e9 drukki\u00f0 \u00e1 \u00feessum sta\u00f0. <a name=\"17\"><span class=\"versanumer_2007\">17<\/span><\/a> \u00dev\u00ed a\u00f0 Drottinn bau\u00f0 m\u00e9r: \u00dear m\u00e1tt \u00fe\u00fa hvorki eta n\u00e9 drekka og \u00fe\u00fa m\u00e1tt ekki sn\u00faa aftur s\u00f6mu lei\u00f0 og \u00fe\u00fa komst.\u201c <a name=\"18\"><span class=\"versanumer_2007\">18<\/span><\/a> Gamli sp\u00e1ma\u00f0urinn svara\u00f0i honum: \u201e\u00c9g er einnig sp\u00e1ma\u00f0ur eins og \u00fe\u00fa. Engill sag\u00f0i vi\u00f0 mig a\u00f0 bo\u00f0i Drottins: Far \u00fe\u00fa me\u00f0 hann aftur heim til \u00fe\u00edn, a\u00f0 hann megi matar neyta og vatn drekka.\u201c En hann sag\u00f0i \u00f3satt. <a name=\"19\"><span class=\"versanumer_2007\">19<\/span><\/a> Gu\u00f0sma\u00f0urinn sneri vi\u00f0 me\u00f0 honum og \u00e1t og drakk heima hj\u00e1 honum.<br \/> <a name=\"20\"><span class=\"versanumer_2007\">20<\/span><\/a> \u00c1 me\u00f0an \u00feeir s\u00e1tu til bor\u00f0s kom or\u00f0 Drottins til sp\u00e1mannsins sem haf\u00f0i sn\u00fai\u00f0 gu\u00f0smanninum fr\u00e1 J\u00fada <a name=\"21\"><span class=\"versanumer_2007\">21<\/span><\/a> og hann hr\u00f3pa\u00f0i til hans: \u201eSvo segir Drottinn: S\u00f6kum \u00feess a\u00f0 \u00fe\u00fa hefur risi\u00f0 gegn fyrirm\u00e6lum Drottins og broti\u00f0 gegn bo\u00f0i \u00fev\u00ed sem Drottinn, Gu\u00f0 \u00feinn, bau\u00f0 \u00fe\u00e9r <a name=\"22\"><span class=\"versanumer_2007\">22<\/span><\/a> og snerir vi\u00f0 og \u00e1st og drakkst \u00e1 \u00feeim sta\u00f0 \u00fear sem hann haf\u00f0i banna\u00f0 \u00fe\u00e9r a\u00f0 eta og drekka, \u00fe\u00e1 skal l\u00edk \u00feitt ekki komast \u00ed gr\u00f6f fe\u00f0ra \u00feinna.\u201c <a name=\"23\"><span class=\"versanumer_2007\">23<\/span><\/a> Eftir a\u00f0 hann haf\u00f0i eti\u00f0 og drukki\u00f0 lag\u00f0i gamli sp\u00e1ma\u00f0urinn \u00e1 asnann fyrir sp\u00e1manninn fr\u00e1 J\u00fada sem hann haf\u00f0i sn\u00fai\u00f0 aftur. <a name=\"24\"><span class=\"versanumer_2007\">24<\/span><\/a> Hann h\u00e9lt s\u00ed\u00f0an af sta\u00f0. En \u00e1 lei\u00f0inni r\u00e9\u00f0st lj\u00f3n \u00e1 hann og drap hann. L\u00edk hans l\u00e1 \u00e1 veginum og asninn og lj\u00f3ni\u00f0 st\u00f3\u00f0u \u00ed n\u00e1munda vi\u00f0 \u00fea\u00f0.<br \/> <a name=\"25\"><span class=\"versanumer_2007\">25<\/span><\/a> Nokkrir menn, sem \u00e1ttu lei\u00f0 \u00fear hj\u00e1, s\u00e1u l\u00edki\u00f0 liggja \u00e1 veginum og lj\u00f3ni\u00f0 standa hj\u00e1 l\u00edkinu. Er \u00feeir komu til borgarinnar, \u00fear sem gamli sp\u00e1ma\u00f0urinn bj\u00f3, s\u00f6g\u00f0u \u00feeir fr\u00e1 \u00feessu. <a name=\"26\"><span class=\"versanumer_2007\">26<\/span><\/a> \u00deegar sp\u00e1ma\u00f0urinn, sem haf\u00f0i sn\u00fai\u00f0 gu\u00f0smanninum aftur, heyr\u00f0i \u00feetta sag\u00f0i hann: \u201e\u00deetta er gu\u00f0sma\u00f0urinn sem reis gegn bo\u00f0i Drottins. \u00deess vegna hefur Drottinn gefi\u00f0 lj\u00f3ninu hann. \u00dea\u00f0 hefur rifi\u00f0 hann sundur og drepi\u00f0 hann samkv\u00e6mt \u00fev\u00ed or\u00f0i Drottins sem honum var flutt.\u201c <a name=\"27\"><span class=\"versanumer_2007\">27<\/span><\/a> S\u00ed\u00f0an sag\u00f0i hann vi\u00f0 syni s\u00edna: \u201eLeggi\u00f0 \u00e1 asnann fyrir mig.\u201c \u00deeir ger\u00f0u \u00fea\u00f0 <a name=\"28\"><span class=\"versanumer_2007\">28<\/span><\/a> og s\u00ed\u00f0an h\u00e9lt hann af sta\u00f0 og fann l\u00edki\u00f0 \u00fear sem \u00fea\u00f0 l\u00e1 \u00e1 veginum. Asninn og lj\u00f3ni\u00f0 st\u00f3\u00f0u \u00ed n\u00e1munda vi\u00f0 l\u00edki\u00f0. Lj\u00f3ni\u00f0 haf\u00f0i hvorki \u00e9ti\u00f0 l\u00edki\u00f0 n\u00e9 rifi\u00f0 asnann \u00e1 hol. <a name=\"29\"><span class=\"versanumer_2007\">29<\/span><\/a> Sp\u00e1ma\u00f0urinn t\u00f3k l\u00edk gu\u00f0smannsins og lag\u00f0i \u00fea\u00f0 \u00e1 asnann. Hann flutti \u00fea\u00f0 aftur til borgar sinnar til \u00feess a\u00f0 gr\u00e1ta gu\u00f0smanninn og grafa. <a name=\"30\"><span class=\"versanumer_2007\">30<\/span><\/a> Hann lag\u00f0i l\u00edk hans \u00ed s\u00edna eigin gr\u00f6f og menn h\u00f6rmu\u00f0u hann og kveinu\u00f0u: \u201e\u00d3, br\u00f3\u00f0ir minn.\u201c <a name=\"31\"><span class=\"versanumer_2007\">31<\/span><\/a> Er gamli sp\u00e1ma\u00f0urinn haf\u00f0i jar\u00f0a\u00f0 gu\u00f0smanninn sag\u00f0i hann vi\u00f0 syni s\u00edna: \u201eEr \u00e9g dey grafi\u00f0 mig \u00fe\u00e1 \u00ed gr\u00f6finni sem gu\u00f0sma\u00f0urinn liggur \u00ed. Leggi\u00f0 bein m\u00edn hj\u00e1 beinum hans. <a name=\"32\"><span class=\"versanumer_2007\">32<\/span><\/a> \u00dev\u00ed a\u00f0 \u00fea\u00f0 sem hann hr\u00f3pa\u00f0i gegn altarinu \u00ed Betel fyrir munn Drottins og gegn \u00f6llum musterum f\u00f3rnarh\u00e6\u00f0anna \u00ed Samar\u00edu mun vissulega r\u00e6tast.\u201c<br \/> <a name=\"33\"><span class=\"versanumer_2007\">33<\/span><\/a> Eftir \u00feetta l\u00e9t Jer\u00f3b\u00f3am ekki af illri breytni sinni. Hann h\u00e9lt \u00e1fram a\u00f0 skipa presta \u00e1 f\u00f3rnarh\u00e6\u00f0irnar \u00far \u00f6llum st\u00e9ttum \u00fej\u00f3\u00f0arinnar. Hann f\u00f3l hverjum, sem \u00feess \u00f3ska\u00f0i, prests\u00fej\u00f3nustu \u00e1 hendur. <a name=\"34\"><span class=\"versanumer_2007\">34<\/span><\/a> \u00deetta var reikna\u00f0 \u00e6tt Jer\u00f3b\u00f3ams til syndar svo a\u00f0 h\u00fan var uppr\u00e6tt og afm\u00e1\u00f0 af j\u00f6r\u00f0inni.<\/p>\n","protected":false},"excerpt":{"rendered":"<p>1 \u00c1 me\u00f0an Jer\u00f3b\u00f3am st\u00f3\u00f0 vi\u00f0 altari\u00f0 til a\u00f0 f\u00e6ra reykelsisf\u00f3rn kom gu\u00f0sma\u00f0ur einn \u00f3v\u00e6nt fr\u00e1 J\u00fada a\u00f0 bo\u00f0i Drottins. 2 Hann hr\u00f3pa\u00f0i a\u00f0 altarinu, samkv\u00e6mt skipun Drottins, og sag\u00f0i: \u201eAltari, altari. Svo segir Drottinn: Sonur mun f\u00e6\u00f0ast af \u00e6tt Dav\u00ed\u00f0s, J\u00f3s\u00eda a\u00f0 nafni. Hann mun f\u00f3rna \u00e1 \u00fe\u00e9r prestum f\u00f3rnarh\u00e6\u00f0anna sem f\u00e6ra \u00e1 \u00fe\u00e9r reykelsisf\u00f3rn. Hann mun brenna mannabein \u00e1 \u00fe\u00e9r.\u201c 3 \u00deennan sama dag ger\u00f0i gu\u00f0sma\u00f0urinn t\u00e1kn og sag\u00f0i: \u201e\u00deetta er t\u00e1kni\u00f0 sem Drottinn hefur l\u00fdst: \u00deetta altari skal klofna og fituaskan \u00e1 \u00fev\u00ed skal s\u00e1ldrast ni\u00f0ur.\u201c[ 4 \u00deegar Jer\u00f3b\u00f3am heyr\u00f0i or\u00f0 gu\u00f0smannsins, sem hann hr\u00f3pa\u00f0i gegn altarinu <a href=\"https:\/\/biblian.is\/biblian\/fyrri-konungabok-13-kafli\/\"> [&#8230;]<\/a><\/p>\n","protected":false},"author":1,"featured_media":0,"parent":0,"menu_order":0,"comment_status":"open","ping_status":"open","template":"bibliukaflar_NT.php","meta":{"footnotes":""},"class_list":["post-1921","page","type-page","status-publish","hentry"],"_links":{"self":[{"href":"https:\/\/biblian.is\/biblian\/wp-json\/wp\/v2\/pages\/1921","targetHints":{"allow":["GET"]}}],"collection":[{"href":"https:\/\/biblian.is\/biblian\/wp-json\/wp\/v2\/pages"}],"about":[{"href":"https:\/\/biblian.is\/biblian\/wp-json\/wp\/v2\/types\/page"}],"author":[{"embeddable":true,"href":"https:\/\/biblian.is\/biblian\/wp-json\/wp\/v2\/users\/1"}],"replies":[{"embeddable":true,"href":"https:\/\/biblian.is\/biblian\/wp-json\/wp\/v2\/comments?post=1921"}],"version-history":[{"count":0,"href":"https:\/\/biblian.is\/biblian\/wp-json\/wp\/v2\/pages\/1921\/revisions"}],"wp:attachment":[{"href":"https:\/\/biblian.is\/biblian\/wp-json\/wp\/v2\/media?parent=1921"}],"curies":[{"name":"wp","href":"https:\/\/api.w.org\/{rel}","templated":true}]}}