{"id":1916,"date":"2017-12-30T21:00:55","date_gmt":"2017-12-30T21:00:55","guid":{"rendered":"http:\/\/biblian.is\/biblian\/fyrri-konungab%c2%97k-8-kafli\/"},"modified":"2024-02-06T18:26:12","modified_gmt":"2024-02-06T18:26:12","slug":"fyrri-konungabok-8-kafli","status":"publish","type":"page","link":"https:\/\/biblian.is\/biblian\/fyrri-konungabok-8-kafli\/","title":{"rendered":"Fyrri konungab\u00f3k 8. kafli"},"content":{"rendered":"<h3 class=\"millifyrirsogn_2007\"> \u00d6rkin flutt \u00ed musteri\u00f0<\/h3>\n<p><a name=\"1\"><span class=\"versanumer_2007\">1<\/span><\/a> \u00de\u00e1 safna\u00f0i Sal\u00f3mon til s\u00edn \u00ed Jer\u00fasalem \u00f6llum \u00f6ldungum \u00cdsraels, \u00f6llum h\u00f6f\u00f0ingjum \u00e6ttb\u00e1lka og \u00e6tta \u00cdsraels, til \u00feess a\u00f0 flytja s\u00e1ttm\u00e1ls\u00f6rk Drottins fr\u00e1 borg Dav\u00ed\u00f0s, \u00fea\u00f0 er fr\u00e1 S\u00edon. <a name=\"2\"><span class=\"versanumer_2007\">2<\/span><\/a> Allir \u00cdsraelsmenn komu saman hj\u00e1 Sal\u00f3mon konungi \u00e1 h\u00e1t\u00ed\u00f0inni \u00ed etan\u00edmm\u00e1nu\u00f0i, \u00ed sj\u00f6unda m\u00e1nu\u00f0inum. <a name=\"3\"><span class=\"versanumer_2007\">3<\/span><\/a> Allir \u00f6ldungar \u00cdsraels komu og prestarnir t\u00f3ku \u00f6rkina <a name=\"4\"><span class=\"versanumer_2007\">4<\/span><\/a> og fluttu upp eftir \u00e1samt tjaldb\u00fa\u00f0inni og \u00f6llum hinum helgu \u00e1h\u00f6ldum sem voru \u00ed tjaldinu. Prestarnir og Lev\u00edtarnir s\u00e1u um flutninginn. <a name=\"5\"><span class=\"versanumer_2007\">5<\/span><\/a> Sal\u00f3mon konungur og allur \u00cdsraels s\u00f6fnu\u00f0ur, sem hj\u00e1 honum var, st\u00f3\u00f0 frammi fyrir \u00f6rkinni. F\u00e6r\u00f0u \u00feeir sau\u00f0i og naut a\u00f0 sl\u00e1turf\u00f3rn, sl\u00edkan fj\u00f6lda a\u00f0 hvorki var\u00f0 talinn n\u00e9 t\u00f6lu \u00e1 komi\u00f0. <a name=\"6\"><span class=\"versanumer_2007\">6<\/span><\/a> \u00dev\u00ed n\u00e6st fluttu prestarnir s\u00e1ttm\u00e1ls\u00f6rk Drottins \u00e1 sinn sta\u00f0, \u00ed innsta herbergi h\u00fassins, \u00ed hi\u00f0 allra helgasta, undir v\u00e6ngi ker\u00fabanna <a name=\"7\"><span class=\"versanumer_2007\">7<\/span><\/a> \u00fev\u00ed a\u00f0 \u00feeir breiddu \u00fat v\u00e6ngina yfir sta\u00f0num \u00fear sem \u00f6rkin st\u00f3\u00f0. Ker\u00fabarnir huldu \u00f6rkina og bur\u00f0arstengur hennar ofan fr\u00e1. <a name=\"8\"><span class=\"versanumer_2007\">8<\/span><\/a> Bur\u00f0arstengurnar voru svo langar a\u00f0 enda \u00feeirra m\u00e1tti sj\u00e1 fr\u00e1 helgid\u00f3minum framan vi\u00f0 innsta herbergi\u00f0 en \u00fe\u00e6r s\u00e1ust ekki \u00fear fyrir framan. \u00de\u00e6r hafa veri\u00f0 \u00fear allt fram \u00e1 \u00feennan dag. <a name=\"9\"><span class=\"versanumer_2007\">9<\/span><\/a> Ekkert var \u00ed \u00f6rkinni anna\u00f0 en steint\u00f6flurnar tv\u00e6r sem M\u00f3se haf\u00f0i sett \u00ed hana vi\u00f0 H\u00f3reb \u00feegar Drottinn ger\u00f0i s\u00e1ttm\u00e1la vi\u00f0 \u00cdsraelsmenn eftir brottf\u00f6r \u00feeirra fr\u00e1 Egyptalandi.<br \/> <a name=\"10\"><span class=\"versanumer_2007\">10<\/span><\/a> En svo bar vi\u00f0 \u00feegar prestarnir gengu \u00fat \u00far helgid\u00f3minum a\u00f0 sk\u00fd fyllti musteri Drottins. <a name=\"11\"><span class=\"versanumer_2007\">11<\/span><\/a> G\u00e1tu prestarnir ekki gegnt \u00fej\u00f3nustu sinni fyrir sk\u00fdinu \u00fev\u00ed a\u00f0 d\u00fdr\u00f0 Drottins fyllti musteri Drottins.<br \/> <a name=\"12\"><span class=\"versanumer_2007\">12<\/span><\/a> \u00de\u00e1 sag\u00f0i Sal\u00f3mon:<br \/><span class=\"ljodatexti\">Drottinn hefur sagt<br \/>a\u00f0 hann vilji b\u00faa \u00ed myrkri.<br \/>N\u00fa hef \u00e9g byggt \u00fe\u00e9r veglegt h\u00fas,<br \/> <a name=\"13\"><span class=\"versanumer_2007\">13<\/span><\/a> eil\u00edfan b\u00fasta\u00f0.<\/span><\/p>\n<h2 class=\"millifyrirsogn_2007\">Musterisv\u00edgslan <\/h2>\n<h3 class=\"millifyrirsogn_2007\">Sal\u00f3mon \u00e1varpar s\u00f6fnu\u00f0inn<\/h3>\n<p><a name=\"14\"><span class=\"versanumer_2007\">14<\/span><\/a> \u00de\u00e1 sneri konungur s\u00e9r vi\u00f0 og blessa\u00f0i allan s\u00f6fnu\u00f0 \u00cdsraels en allur s\u00f6fnu\u00f0ur \u00cdsraels st\u00f3\u00f0. <a name=\"15\"><span class=\"versanumer_2007\">15<\/span><\/a> Hann sag\u00f0i: \u201eLofa\u00f0ur s\u00e9 Drottinn, Gu\u00f0 \u00cdsraels. Hann hefur efnt me\u00f0 hendi sinni \u00fea\u00f0 sem hann h\u00e9t Dav\u00ed\u00f0, f\u00f6\u00f0ur m\u00ednum, me\u00f0 munni s\u00ednum \u00feegar hann sag\u00f0i: <a name=\"16\"><span class=\"versanumer_2007\">16<\/span><\/a> Fr\u00e1 \u00feeim degi, er \u00e9g leiddi \u00fej\u00f3\u00f0 m\u00edna, \u00cdsrael, \u00fat \u00far Egyptalandi, hef \u00e9g ekki vali\u00f0 borg nokkurs af \u00e6ttb\u00e1lkum \u00cdsraels til \u00feess a\u00f0 reisa h\u00fas \u00fear sem nafn mitt g\u00e6ti b\u00fai\u00f0. Aftur \u00e1 m\u00f3ti valdi \u00e9g Dav\u00ed\u00f0 til \u00feess a\u00f0 r\u00edkja yfir \u00fej\u00f3\u00f0 minni, \u00cdsrael. <a name=\"17\"><span class=\"versanumer_2007\">17<\/span><\/a> Dav\u00ed\u00f0, fa\u00f0ir minn, haf\u00f0i \u00ed hyggju a\u00f0 reisa nafni Drottins, Gu\u00f0s \u00cdsraels, h\u00fas. <a name=\"18\"><span class=\"versanumer_2007\">18<\/span><\/a> En Drottinn sag\u00f0i vi\u00f0 Dav\u00ed\u00f0, f\u00f6\u00f0ur minn: Vel ger\u00f0ir \u00fe\u00fa er \u00fe\u00fa \u00e1kva\u00f0st a\u00f0 reisa nafni m\u00ednu h\u00fas <a name=\"19\"><span class=\"versanumer_2007\">19<\/span><\/a> en \u00fe\u00fa \u00e1tt ekki a\u00f0 byggja \u00feetta h\u00fas heldur skal sonur \u00feinn, sem er af \u00fe\u00ednu holdi, reisa nafni m\u00ednu h\u00fas. <a name=\"20\"><span class=\"versanumer_2007\">20<\/span><\/a> Drottinn hefur efnt \u00fea\u00f0 lofor\u00f0 sem hann gaf. \u00c9g er kominn \u00ed sta\u00f0 Dav\u00ed\u00f0s, f\u00f6\u00f0ur m\u00edns, og er sestur \u00ed h\u00e1s\u00e6ti \u00cdsraels eins og Drottinn h\u00e9t. N\u00fa hef \u00e9g reist nafni Drottins, Gu\u00f0s \u00cdsraels, h\u00fas <a name=\"21\"><span class=\"versanumer_2007\">21<\/span><\/a> og b\u00fai\u00f0 \u00f6rkinni \u00fear sta\u00f0. \u00cd henni er s\u00e1ttm\u00e1linn sem Drottinn ger\u00f0i vi\u00f0 fe\u00f0ur okkar \u00feegar hann leiddi \u00fe\u00e1 \u00fat \u00far Egyptalandi.\u201c<\/p>\n<h3 class=\"millifyrirsogn_2007\">V\u00edgslub\u00e6n konungs<\/h3>\n<p><a name=\"22\"><span class=\"versanumer_2007\">22<\/span><\/a> \u00deessu n\u00e6st gekk Sal\u00f3mon fyrir altari Drottins andsp\u00e6nis \u00f6llum s\u00f6fnu\u00f0i \u00cdsraels, lauk upp l\u00f3fum til himins <a name=\"23\"><span class=\"versanumer_2007\">23<\/span><\/a> og ba\u00f0: \u201eDrottinn, Gu\u00f0 \u00cdsraels, enginn gu\u00f0 er sem \u00fe\u00fa, hvorki \u00e1 himni n\u00e9 \u00e1 j\u00f6r\u00f0u. \u00de\u00fa heldur s\u00e1ttm\u00e1lann og s\u00fdnir \u00feeim \u00fej\u00f3num \u00fe\u00ednum tr\u00fafesti sem breyta af heilum hug frammi fyrir augliti \u00fe\u00ednu. <a name=\"24\"><span class=\"versanumer_2007\">24<\/span><\/a> \u00de\u00fa hefur sta\u00f0i\u00f0 vi\u00f0 \u00fea\u00f0 sem \u00fe\u00fa lofa\u00f0ir \u00fej\u00f3ni \u00fe\u00ednum, Dav\u00ed\u00f0 f\u00f6\u00f0ur m\u00ednum. \u00dea\u00f0 sem \u00fe\u00fa lofa\u00f0ir me\u00f0 munni \u00fe\u00ednum hefur \u00fe\u00fa efnt \u00ed dag me\u00f0 hendi \u00feinni. <a name=\"25\"><span class=\"versanumer_2007\">25<\/span><\/a> Drottinn, Gu\u00f0 \u00cdsraels, efndu n\u00fa einnig fyrirheiti\u00f0 sem \u00fe\u00fa gafst \u00fej\u00f3ni \u00fe\u00ednum, Dav\u00ed\u00f0 f\u00f6\u00f0ur m\u00ednum, \u00feegar \u00fe\u00fa sag\u00f0ir: Ni\u00f0jar \u00fe\u00ednir munu \u00e6t\u00ed\u00f0 sitja frammi fyrir m\u00e9r \u00ed h\u00e1s\u00e6ti \u00cdsraels svo framarlega sem \u00feeir vanda framfer\u00f0i sitt og breyta frammi fyrir m\u00e9r eins og \u00fe\u00fa hefur gert. <a name=\"26\"><span class=\"versanumer_2007\">26<\/span><\/a> Gu\u00f0 \u00cdsraels, stattu n\u00fa vi\u00f0 fyrirheiti\u00f0 sem \u00fe\u00fa gafst Dav\u00ed\u00f0, \u00fej\u00f3ni \u00fe\u00ednum.<br \/> <a name=\"27\"><span class=\"versanumer_2007\">27<\/span><\/a> B\u00fdr Gu\u00f0 \u00fe\u00e1 \u00ed raun og veru \u00e1 j\u00f6r\u00f0inni? Nei, jafnvel himinninn og himnar himnanna r\u00fama \u00feig ekki, hva\u00f0 \u00fe\u00e1 \u00feetta h\u00fas sem \u00e9g hef byggt. <a name=\"28\"><span class=\"versanumer_2007\">28<\/span><\/a> Gef\u00f0u gaum a\u00f0 \u00e1kalli \u00fej\u00f3ns \u00fe\u00edns og b\u00e6n hans, Drottinn Gu\u00f0. Heyr \u00e1kalli\u00f0 og b\u00e6nina sem \u00e9g, \u00fej\u00f3nn \u00feinn, ber fram fyrir \u00feig \u00ed dag.<br \/> <a name=\"29\"><span class=\"versanumer_2007\">29<\/span><\/a> L\u00e1t augu \u00fe\u00edn vaka yfir \u00feessu h\u00fasi dag og n\u00f3tt, \u00feeim sta\u00f0 sem \u00fe\u00fa hefur sagt um: \u00dear skal nafn mitt b\u00faa. Heyr b\u00e6nina er \u00fej\u00f3nn \u00feinn bi\u00f0ur \u00e1 \u00feessum sta\u00f0. <a name=\"30\"><span class=\"versanumer_2007\">30<\/span><\/a> Er \u00fej\u00f3nn \u00feinn og l\u00fd\u00f0ur \u00feinn, \u00cdsrael, bi\u00f0ur og sn\u00fdr \u00ed \u00e1tt til \u00feessa sta\u00f0ar, heyr \u00e1kall hans. Hlusta\u00f0u \u00e1 \u00fea\u00f0 \u00ed himninum \u00fear sem \u00fe\u00fa b\u00fdr\u00f0. Heyr \u00fea\u00f0 og fyrirgef.<br \/> <a name=\"31\"><span class=\"versanumer_2007\">31<\/span><\/a> Ef einhver, sem br\u00fdtur gegn n\u00e1unga s\u00ednum, er krafinn ei\u00f0s og l\u00e1tinn sverja, kemur og vinnur ei\u00f0inn frammi fyrir altari \u00fe\u00ednu \u00ed \u00feessu h\u00fasi, <a name=\"32\"><span class=\"versanumer_2007\">32<\/span><\/a> heyr \u00fe\u00e1 \u00ed himninum og veit honum \u00fea\u00f0 sem hann ver\u00f0skuldar svo a\u00f0 \u00fej\u00f3nar \u00fe\u00ednir n\u00e1i r\u00e9tti s\u00ednum. Sakfelldu hinn seka svo a\u00f0 verk hans komi honum sj\u00e1lfum \u00ed koll. S\u00fdkna hinn saklausa og l\u00e1t hann nj\u00f3ta r\u00e9ttl\u00e6tis s\u00edns.<br \/> <a name=\"33\"><span class=\"versanumer_2007\">33<\/span><\/a> Ef l\u00fd\u00f0ur \u00feinn, \u00cdsrael, b\u00ed\u00f0ur \u00f3sigur fyrir fjandmanni af \u00fev\u00ed a\u00f0 hann hefur broti\u00f0 gegn \u00fe\u00e9r, og sn\u00fdr s\u00e9r s\u00ed\u00f0an aftur til \u00fe\u00edn, lofar nafn \u00feitt, \u00e1kallar \u00feig og bi\u00f0ur til \u00fe\u00edn \u00ed \u00feessu h\u00fasi, <a name=\"34\"><span class=\"versanumer_2007\">34<\/span><\/a> heyr \u00fe\u00e1 \u00ed himninum. Fyrirgef \u00fe\u00e1 l\u00fd\u00f0 \u00fe\u00ednum, \u00cdsrael, synd hans og lei\u00f0 hann aftur til \u00feess lands sem \u00fe\u00fa gafst fe\u00f0rum hans.<br \/> <a name=\"35\"><span class=\"versanumer_2007\">35<\/span><\/a> \u00deegar himinninn er byrg\u00f0ur og ekki rignir af \u00fev\u00ed a\u00f0 \u00cdsraelsmenn hafa syndga\u00f0 gegn \u00fe\u00e9r og \u00feeir bi\u00f0ja og sn\u00faa \u00ed \u00e1tt til \u00feessa sta\u00f0ar og lofa nafn \u00feitt og hverfa jafnframt fr\u00e1 syndum s\u00ednum af \u00fev\u00ed a\u00f0 \u00fe\u00fa hefur au\u00f0m\u00fdkt \u00fe\u00e1, <a name=\"36\"><span class=\"versanumer_2007\">36<\/span><\/a> heyr \u00fe\u00e1 \u00ed himninum. Fyrirgef synd \u00fej\u00f3na \u00feinna og l\u00fd\u00f0s \u00fe\u00edns, \u00cdsraels, \u00fev\u00ed a\u00f0 \u00fe\u00fa hefur v\u00edsa\u00f0 honum hinn g\u00f3\u00f0a veg sem hann \u00e1 a\u00f0 ganga. L\u00e1t rigna \u00e1 land \u00feitt sem \u00fe\u00fa hefur fengi\u00f0 l\u00fd\u00f0 \u00fe\u00ednum a\u00f0 erf\u00f0ahlut.<br \/> <a name=\"37\"><span class=\"versanumer_2007\">37<\/span><\/a> \u00deegar hungursney\u00f0 ver\u00f0ur \u00ed landinu, \u00feegar dreps\u00f3tt kemur, korndrep og kornbruni, \u00feegar engisprettur og annar jar\u00f0vargur herjar \u00e1 landi\u00f0, \u00feegar fjandmenn \u00ferengja a\u00f0 f\u00f3lkinu \u00ed landinu utan \u00feess eigin borgarhli\u00f0a, \u00feegar pl\u00e1ga e\u00f0a sj\u00fakd\u00f3msfaraldur \u00fej\u00e1ir \u00fea\u00f0, <a name=\"38\"><span class=\"versanumer_2007\">38<\/span><\/a> heyr \u00fe\u00e1 hvert \u00e1kall og hverja b\u00e6n hvers og eins af l\u00fd\u00f0 \u00fe\u00ednum, \u00cdsrael. S\u00e9rhver \u00feeirra \u00feekkir kv\u00f6l hjarta s\u00edns. \u00deess vegna lj\u00faka \u00feeir upp l\u00f3fum s\u00ednum \u00ed \u00e1tt til \u00feessa h\u00fass. <a name=\"39\"><span class=\"versanumer_2007\">39<\/span><\/a> Heyr \u00fe\u00e1 b\u00e6n \u00feeirra \u00ed himninum \u00fear sem \u00fe\u00fa b\u00fdr\u00f0 og fyrirgef \u00feeim. Veit hverjum \u00fea\u00f0 sem hann ver\u00f0skuldar \u00fev\u00ed a\u00f0 \u00fe\u00fa \u00feekkir innstu hugsanir hans, \u00fe\u00fa einn \u00feekkir hjarta hvers manns. <a name=\"40\"><span class=\"versanumer_2007\">40<\/span><\/a> \u00de\u00e1 munu \u00feeir s\u00fdna \u00fe\u00e9r lotningu alla daga sem \u00feeir lifa \u00ed \u00fev\u00ed landi er \u00fe\u00fa gafst fe\u00f0rum vorum.<br \/> <a name=\"41\"><span class=\"versanumer_2007\">41<\/span><\/a> Enn fremur \u00feegar \u00fatlendingur, sem ekki er af l\u00fd\u00f0 \u00fe\u00ednum, \u00cdsrael, kemur fr\u00e1 fjarl\u00e6gu landi vegna nafns \u00fe\u00edns <a name=\"42\"><span class=\"versanumer_2007\">42<\/span><\/a> af \u00fev\u00ed a\u00f0 fr\u00e9st hefur um \u00feitt mikla nafn, sterka h\u00f6nd \u00fe\u00edna og \u00fatr\u00e9ttan arm, \u00feegar hann kemur og bi\u00f0ur og sn\u00fdr s\u00e9r \u00ed \u00e1tt til \u00feessa h\u00fass, <a name=\"43\"><span class=\"versanumer_2007\">43<\/span><\/a> heyr \u00fe\u00e1 \u00ed himninum \u00fear sem \u00fe\u00fa b\u00fdr\u00f0. Ger\u00f0u allt sem \u00fatlendingurinn bi\u00f0ur \u00feig um til \u00feess a\u00f0 allar \u00fej\u00f3\u00f0ir jar\u00f0ar j\u00e1ti nafn \u00feitt. \u00de\u00e1 munu \u00fe\u00e6r s\u00fdna \u00fe\u00e9r lotningu eins og l\u00fd\u00f0ur \u00feinn, \u00cdsrael, og skilja a\u00f0 nafn \u00feitt hefur veri\u00f0 hr\u00f3pa\u00f0 yfir \u00feessu h\u00fasi sem \u00e9g hef byggt.<br \/> <a name=\"44\"><span class=\"versanumer_2007\">44<\/span><\/a> \u00deegar l\u00fd\u00f0ur \u00feinn heldur \u00ed str\u00ed\u00f0 gegn fjandm\u00f6nnum s\u00ednum og fer \u00fe\u00e1 lei\u00f0 sem \u00fe\u00fa hefur sent hann og \u00cdsraelsmenn bi\u00f0ja til Drottins og sn\u00faa s\u00e9r til \u00feessarar borgar, sem \u00fe\u00fa hefur vali\u00f0 \u00fe\u00e9r, og h\u00fassins, sem \u00e9g hef reist nafni \u00fe\u00ednu, <a name=\"45\"><span class=\"versanumer_2007\">45<\/span><\/a> heyr \u00fe\u00e1 \u00ed himninum \u00e1kall \u00feeirra og b\u00e6n og veit \u00feeim \u00fea\u00f0 sem \u00feeir ver\u00f0skulda.<br \/> <a name=\"46\"><span class=\"versanumer_2007\">46<\/span><\/a> \u00deegar \u00feeir syndga gegn \u00fe\u00e9r, \u00fev\u00ed a\u00f0 enginn ma\u00f0ur er til sem ekki syndgar, og \u00fe\u00fa rei\u00f0ist \u00feeim og gefur \u00fe\u00e1 \u00e1 vald fjandmanna sinna sem flytja \u00fe\u00e1 sem fanga til lands s\u00edns fj\u00e6r e\u00f0a n\u00e6r, <a name=\"47\"><span class=\"versanumer_2007\">47<\/span><\/a> \u00fe\u00e1 munu \u00feeir koma aftur til sj\u00e1lfra s\u00edn \u00ed landinu sem \u00feeir voru fluttir til, i\u00f0rast og \u00e1kalla \u00feig \u00ed landinu \u00fear sem \u00feeim er haldi\u00f0 nau\u00f0ugum og segja: V\u00e9r h\u00f6fum syndga\u00f0 og breytt rangt og \u00f3gu\u00f0lega. <a name=\"48\"><span class=\"versanumer_2007\">48<\/span><\/a> \u00deeir munu sn\u00faa s\u00e9r aftur til \u00fe\u00edn af \u00f6llu hjarta og allri s\u00e1lu \u00ed landi \u00f3vinanna, bi\u00f0ja til \u00fe\u00edn og horfa \u00ed \u00e1tt til landsins sem \u00fe\u00fa gafst fe\u00f0rum \u00feeirra, \u00ed \u00e1tt til \u00feessarar borgar sem \u00fe\u00fa valdir \u00fe\u00e9r og \u00ed \u00e1tt til h\u00fassins sem \u00e9g reisti nafni \u00fe\u00ednu. <a name=\"49\"><span class=\"versanumer_2007\">49<\/span><\/a> Heyr \u00fe\u00e1 \u00ed himninum, \u00fear sem \u00fe\u00fa b\u00fdr\u00f0, \u00e1kall \u00feeirra og b\u00e6n og veit \u00feeim \u00fea\u00f0 sem \u00feeir ver\u00f0skulda. <a name=\"50\"><span class=\"versanumer_2007\">50<\/span><\/a> Fyrirgef l\u00fd\u00f0 \u00fe\u00ednum sem hefur syndga\u00f0 gegn \u00fe\u00e9r og fyrirgef \u00f6ll afbrot hans gegn \u00fe\u00e9r. Gef a\u00f0 \u00feeir sem fluttu hann \u00ed \u00e1nau\u00f0 f\u00e1i sam\u00fa\u00f0 me\u00f0 honum og s\u00fdni honum miskunn. <a name=\"51\"><span class=\"versanumer_2007\">51<\/span><\/a> \u00dev\u00ed a\u00f0 \u00feeir eru l\u00fd\u00f0ur \u00feinn, eign \u00fe\u00edn sem \u00fe\u00fa leiddir \u00fat \u00far Egyptalandi, \u00fat \u00far j\u00e1rnbr\u00e6\u00f0sluofninum.<br \/> <a name=\"52\"><span class=\"versanumer_2007\">52<\/span><\/a> Gef gaum a\u00f0 b\u00e6n \u00fej\u00f3ns \u00fe\u00edns og b\u00e6n l\u00fd\u00f0s \u00fe\u00edns, \u00cdsraels. Heyr \u00feegar hann hr\u00f3par til \u00fe\u00edn. <a name=\"53\"><span class=\"versanumer_2007\">53<\/span><\/a> \u00de\u00fa, Drottinn Gu\u00f0, hefur greint hann fr\u00e1 \u00f6llum \u00f6\u00f0rum \u00fej\u00f3\u00f0um jar\u00f0ar til \u00feess a\u00f0 hann yr\u00f0i \u00fe\u00edn eign eins og \u00fe\u00fa ger\u00f0ir kunnugt af munni \u00fej\u00f3ns \u00fe\u00edns, M\u00f3se, \u00feegar \u00fe\u00fa leiddir fe\u00f0ur vora \u00fat \u00far Egyptalandi.\u201c<\/p>\n<h3 class=\"millifyrirsogn_2007\">Blessun konungs<\/h3>\n<p><a name=\"54\"><span class=\"versanumer_2007\">54<\/span><\/a> \u00deegar Sal\u00f3mon haf\u00f0i loki\u00f0 \u00e1kalli s\u00ednu og b\u00e6n til Drottins reis hann upp fr\u00e1 \u00feeim sta\u00f0 vi\u00f0 altari Drottins \u00fear sem hann haf\u00f0i kropi\u00f0 og loki\u00f0 upp l\u00f3fum til himins. <a name=\"55\"><span class=\"versanumer_2007\">55<\/span><\/a> Hann st\u00f3\u00f0 og blessa\u00f0i allan s\u00f6fnu\u00f0 \u00cdsraels h\u00e1rri r\u00f6ddu:<br \/> <a name=\"56\"><span class=\"versanumer_2007\">56<\/span><\/a> \u201eLofa\u00f0ur s\u00e9 Drottinn sem hefur gefi\u00f0 l\u00fd\u00f0 s\u00ednum, \u00cdsrael, gri\u00f0asta\u00f0 eins og hann haf\u00f0i heiti\u00f0. Ekkert hinna g\u00f3\u00f0u fyrirheita, sem hann l\u00e9t M\u00f3se, \u00fej\u00f3n sinn, flytja, hefur brug\u00f0ist. <a name=\"57\"><span class=\"versanumer_2007\">57<\/span><\/a> Drottinn Gu\u00f0 s\u00e9 me\u00f0 oss eins og hann var me\u00f0 fe\u00f0rum vorum. Hann yfirgefi oss hvorki n\u00e9 hafni. <a name=\"58\"><span class=\"versanumer_2007\">58<\/span><\/a> Hann sn\u00fai hj\u00f6rtum vorum til s\u00edn svo a\u00f0 v\u00e9r g\u00f6ngum \u00e1 hans vegum me\u00f0 \u00fev\u00ed a\u00f0 halda skipanir hans, fyrirm\u00e6li og l\u00f6g sem hann bau\u00f0 fe\u00f0rum vorum a\u00f0 halda. <a name=\"59\"><span class=\"versanumer_2007\">59<\/span><\/a> Megi \u00feessi or\u00f0, sem \u00e9g hef flutt sem b\u00e6n frammi fyrir augliti Drottins, Gu\u00f0s vors, vera hj\u00e1 honum dag og n\u00f3tt svo a\u00f0 hann veiti \u00fej\u00f3ni s\u00ednum og l\u00fd\u00f0 s\u00ednum, \u00cdsrael, \u00fea\u00f0 sem hann ver\u00f0skuldar dag hvern <a name=\"60\"><span class=\"versanumer_2007\">60<\/span><\/a> til \u00feess a\u00f0 allar \u00fej\u00f3\u00f0ir jar\u00f0ar vi\u00f0urkenni a\u00f0 Drottinn er Gu\u00f0 og enginn annar. <a name=\"61\"><span class=\"versanumer_2007\">61<\/span><\/a> Fylgi\u00f0 Drottni, Gu\u00f0i vorum, af heilum hug svo a\u00f0 \u00fe\u00e9r breyti\u00f0 samkv\u00e6mt fyrirm\u00e6lum hans og haldi\u00f0 bo\u00f0 hans eins og n\u00fa.\u201c<\/p>\n<h3 class=\"millifyrirsogn_2007\">F\u00f3rnir konungs<\/h3>\n<p><a name=\"62\"><span class=\"versanumer_2007\">62<\/span><\/a> S\u00ed\u00f0an f\u00e6r\u00f0i konungur og allur \u00cdsrael me\u00f0 honum sl\u00e1turf\u00f3rnir fyrir augliti Drottins. <a name=\"63\"><span class=\"versanumer_2007\">63<\/span><\/a> Sal\u00f3mon f\u00e6r\u00f0i Drottni tuttugu og tv\u00f6 \u00fe\u00fasund naut og hundra\u00f0 og tuttugu \u00fe\u00fasund sau\u00f0i sem heillaf\u00f3rn. \u00deannig v\u00edg\u00f0i konungurinn og allir \u00cdsraelsmenn musteri Drottins.<br \/> <a name=\"64\"><span class=\"versanumer_2007\">64<\/span><\/a> \u00deennan sama dag helga\u00f0i konungurinn mi\u00f0hluta forgar\u00f0sins sem er fyrir framan musteri Drottins. Hann f\u00f3rna\u00f0i \u00fear brennif\u00f3rn, kornf\u00f3rn og feiti heillaf\u00f3rnarinnar \u00fev\u00ed a\u00f0 eiraltari\u00f0, sem st\u00f3\u00f0 frammi fyrir augliti Drottins, var of l\u00edti\u00f0 til a\u00f0 r\u00fama brennif\u00f3rnina, kornf\u00f3rnina og feiti heillaf\u00f3rnarinnar.<br \/> <a name=\"65\"><span class=\"versanumer_2007\">65<\/span><\/a> \u00cd \u00feetta skipti h\u00e9lt Sal\u00f3mon h\u00e1t\u00ed\u00f0 \u00e1samt \u00f6llum \u00cdsrael. Var \u00fea\u00f0 mikill s\u00f6fnu\u00f0ur fr\u00e1 h\u00e9ru\u00f0unum milli Lebo Hamat og Egyptalands\u00e1r. St\u00f3\u00f0 h\u00e1t\u00ed\u00f0in frammi fyrir augliti Drottins, Gu\u00f0s okkar, sj\u00f6 daga og a\u00f0ra sj\u00f6, samtals fj\u00f3rt\u00e1n daga. <a name=\"66\"><span class=\"versanumer_2007\">66<\/span><\/a> \u00c1 \u00e1ttunda degi l\u00e9t hann f\u00f3lki\u00f0 fara. Menn kv\u00f6ddu konung og f\u00f3ru til tjalda sinna, gla\u00f0ir og endurn\u00e6r\u00f0ir, vegna allra velgj\u00f6r\u00f0a Drottins vi\u00f0 Dav\u00ed\u00f0, \u00fej\u00f3n sinn, og \u00fej\u00f3\u00f0 s\u00edna, \u00cdsrael.<\/p>\n","protected":false},"excerpt":{"rendered":"<p>\u00d6rkin flutt \u00ed musteri\u00f0 1 \u00de\u00e1 safna\u00f0i Sal\u00f3mon til s\u00edn \u00ed Jer\u00fasalem \u00f6llum \u00f6ldungum \u00cdsraels, \u00f6llum h\u00f6f\u00f0ingjum \u00e6ttb\u00e1lka og \u00e6tta \u00cdsraels, til \u00feess a\u00f0 flytja s\u00e1ttm\u00e1ls\u00f6rk Drottins fr\u00e1 borg Dav\u00ed\u00f0s, \u00fea\u00f0 er fr\u00e1 S\u00edon. 2 Allir \u00cdsraelsmenn komu saman hj\u00e1 Sal\u00f3mon konungi \u00e1 h\u00e1t\u00ed\u00f0inni \u00ed etan\u00edmm\u00e1nu\u00f0i, \u00ed sj\u00f6unda m\u00e1nu\u00f0inum. 3 Allir \u00f6ldungar \u00cdsraels komu og prestarnir t\u00f3ku \u00f6rkina 4 og fluttu upp eftir \u00e1samt tjaldb\u00fa\u00f0inni og \u00f6llum hinum helgu \u00e1h\u00f6ldum sem voru \u00ed tjaldinu. Prestarnir og Lev\u00edtarnir s\u00e1u um flutninginn. 5 Sal\u00f3mon konungur og allur \u00cdsraels s\u00f6fnu\u00f0ur, sem hj\u00e1 honum var, st\u00f3\u00f0 frammi fyrir \u00f6rkinni. F\u00e6r\u00f0u \u00feeir sau\u00f0i og naut <a href=\"https:\/\/biblian.is\/biblian\/fyrri-konungabok-8-kafli\/\"> [&#8230;]<\/a><\/p>\n","protected":false},"author":1,"featured_media":0,"parent":0,"menu_order":0,"comment_status":"open","ping_status":"open","template":"bibliukaflar_NT.php","meta":{"footnotes":""},"class_list":["post-1916","page","type-page","status-publish","hentry"],"_links":{"self":[{"href":"https:\/\/biblian.is\/biblian\/wp-json\/wp\/v2\/pages\/1916","targetHints":{"allow":["GET"]}}],"collection":[{"href":"https:\/\/biblian.is\/biblian\/wp-json\/wp\/v2\/pages"}],"about":[{"href":"https:\/\/biblian.is\/biblian\/wp-json\/wp\/v2\/types\/page"}],"author":[{"embeddable":true,"href":"https:\/\/biblian.is\/biblian\/wp-json\/wp\/v2\/users\/1"}],"replies":[{"embeddable":true,"href":"https:\/\/biblian.is\/biblian\/wp-json\/wp\/v2\/comments?post=1916"}],"version-history":[{"count":0,"href":"https:\/\/biblian.is\/biblian\/wp-json\/wp\/v2\/pages\/1916\/revisions"}],"wp:attachment":[{"href":"https:\/\/biblian.is\/biblian\/wp-json\/wp\/v2\/media?parent=1916"}],"curies":[{"name":"wp","href":"https:\/\/api.w.org\/{rel}","templated":true}]}}