{"id":1911,"date":"2017-12-30T21:00:55","date_gmt":"2017-12-30T21:00:55","guid":{"rendered":"http:\/\/biblian.is\/biblian\/fyrri-konungab%c2%97k-3-kafli\/"},"modified":"2024-02-06T18:26:09","modified_gmt":"2024-02-06T18:26:09","slug":"fyrri-konungabok-3-kafli","status":"publish","type":"page","link":"https:\/\/biblian.is\/biblian\/fyrri-konungabok-3-kafli\/","title":{"rendered":"Fyrri konungab\u00f3k 3. kafli"},"content":{"rendered":"<h3 class=\"millifyrirsogn_2007\"> Sal\u00f3mon kv\u00e6nist<\/h3>\n<p><a name=\"1\"><span class=\"versanumer_2007\">1<\/span><\/a> Sal\u00f3mon m\u00e6g\u00f0ist vi\u00f0 fara\u00f3 Egyptalandskonung. Hann kv\u00e6ntist d\u00f3ttur fara\u00f3s og f\u00f3r me\u00f0 hana til borgar Dav\u00ed\u00f0s. \u00dear bj\u00f3 h\u00fan uns hann haf\u00f0i loki\u00f0 vi\u00f0 a\u00f0 byggja s\u00e9r h\u00fas og Drottni musteri og reisa m\u00far umhverfis Jer\u00fasalem.<br \/> <a name=\"2\"><span class=\"versanumer_2007\">2<\/span><\/a> \u00de\u00e1 f\u00e6r\u00f0i almenningur sl\u00e1turf\u00f3rnir \u00e1 f\u00f3rnarh\u00e6\u00f0unum \u00fev\u00ed a\u00f0 nafni Drottins haf\u00f0i enn ekki veri\u00f0 reist h\u00fas. <a name=\"3\"><span class=\"versanumer_2007\">3<\/span><\/a> Sal\u00f3mon elska\u00f0i Drottin og s\u00fdndi \u00fea\u00f0 me\u00f0 \u00fev\u00ed a\u00f0 breyta samkv\u00e6mt bo\u00f0um Dav\u00ed\u00f0s f\u00f6\u00f0ur s\u00edns. Samt f\u00e6r\u00f0i hann sl\u00e1turf\u00f3rnir og reykelsisf\u00f3rnir \u00e1 f\u00f3rnarh\u00e6\u00f0unum. <a name=\"4\"><span class=\"versanumer_2007\">4<\/span><\/a> F\u00f3r konungur til G\u00edbeon til \u00feess a\u00f0 f\u00e6ra sl\u00e1turf\u00f3rn en \u00fear var helsta f\u00f3rnarh\u00e6\u00f0in. \u00dear f\u00f3rna\u00f0i Sal\u00f3mon \u00fe\u00fasund brennif\u00f3rnum \u00e1 altarinu.<\/p>\n<h3 class=\"millifyrirsogn_2007\">Draumur Sal\u00f3mons<\/h3>\n<p><a name=\"5\"><span class=\"versanumer_2007\">5<\/span><\/a> N\u00f3tt eina \u00ed G\u00edbeon birtist Drottinn Sal\u00f3mon \u00ed draumi. Gu\u00f0 sag\u00f0i: \u201eSeg\u00f0u hva\u00f0 \u00fe\u00fa vilt a\u00f0 \u00e9g gefi \u00fe\u00e9r.\u201c<br \/> <a name=\"6\"><span class=\"versanumer_2007\">6<\/span><\/a> Sal\u00f3mon svara\u00f0i: \u201e\u00de\u00fa hefur s\u00fdnt \u00fej\u00f3ni \u00fe\u00ednum, Dav\u00ed\u00f0 f\u00f6\u00f0ur m\u00ednum, mikla g\u00f3\u00f0vild. Enda lif\u00f0i hann fyrir augliti \u00fe\u00ednu \u00ed tr\u00famennsku, r\u00e9ttl\u00e6ti og hjartans einl\u00e6gni vi\u00f0 \u00feig. \u00de\u00fa hefur ekki l\u00e1ti\u00f0 af \u00feessari miklu g\u00f3\u00f0vild vi\u00f0 hann heldur gefi\u00f0 honum son sem n\u00fa situr \u00ed h\u00e1s\u00e6ti hans. <a name=\"7\"><span class=\"versanumer_2007\">7<\/span><\/a> Drottinn minn og Gu\u00f0, \u00fe\u00fa hefur gert \u00fej\u00f3n \u00feinn a\u00f0 konungi \u00ed sta\u00f0 Dav\u00ed\u00f0s, f\u00f6\u00f0ur m\u00edns. En \u00e9g er enn ungur og \u00f3reyndur. <a name=\"8\"><span class=\"versanumer_2007\">8<\/span><\/a> \u00c9g, \u00fej\u00f3nn \u00feinn, er \u00e1 me\u00f0al \u00feinnar \u00fatv\u00f6ldu \u00fej\u00f3\u00f0ar, mikillar \u00fej\u00f3\u00f0ar, sem hvorki ver\u00f0ur talin n\u00e9 t\u00f6lu \u00e1 komi\u00f0. <a name=\"9\"><span class=\"versanumer_2007\">9<\/span><\/a> Gef\u00f0u \u00fev\u00ed \u00fej\u00f3ni \u00fe\u00ednum vilja til a\u00f0 hl\u00fd\u00f0a \u00fe\u00e9r svo a\u00f0 \u00e9g geti stj\u00f3rna\u00f0 \u00fej\u00f3\u00f0 \u00feinni og greint gott fr\u00e1 illu. Hver getur stj\u00f3rna\u00f0 \u00feessari miklu \u00fej\u00f3\u00f0 \u00feinni?\u201c<br \/> <a name=\"10\"><span class=\"versanumer_2007\">10<\/span><\/a> Drottni f\u00e9ll vel a\u00f0 Sal\u00f3mon ba\u00f0 \u00feessarar b\u00f3nar. <a name=\"11\"><span class=\"versanumer_2007\">11<\/span><\/a> \u00de\u00e1 sag\u00f0i Gu\u00f0 vi\u00f0 hann: \u201eAf \u00fev\u00ed a\u00f0 \u00fe\u00fa ba\u00f0st um \u00feetta, en ba\u00f0st ekki um langl\u00edfi \u00fe\u00e9r til handa e\u00f0a au\u00f0leg\u00f0 e\u00f0a l\u00edf \u00f3vina \u00feinna, heldur ba\u00f0st um vitsmuni til a\u00f0 skynja hva\u00f0 r\u00e9tt er \u00ed m\u00e1lum manna, \u00fe\u00e1 vil \u00e9g veita \u00fe\u00e9r b\u00e6n \u00fe\u00edna. <a name=\"12\"><span class=\"versanumer_2007\">12<\/span><\/a> \u00c9g gef \u00fe\u00e9r hyggi\u00f0 og skynugt hjarta svo a\u00f0 \u00feinn l\u00edki hefur ekki veri\u00f0 \u00e1 undan \u00fe\u00e9r og mun ekki koma eftir \u00feig. <a name=\"13\"><span class=\"versanumer_2007\">13<\/span><\/a> Og l\u00edka gef \u00e9g \u00fe\u00e9r \u00fea\u00f0 sem \u00fe\u00fa ba\u00f0st ekki um, b\u00e6\u00f0i au\u00f0leg\u00f0 og hei\u00f0ur, svo a\u00f0 \u00feinn l\u00edki skal eigi ver\u00f0a me\u00f0al konunganna alla \u00fe\u00edna daga. <a name=\"14\"><span class=\"versanumer_2007\">14<\/span><\/a> Og ef \u00fe\u00fa gengur \u00e1 m\u00ednum vegum og var\u00f0veitir bo\u00f0or\u00f0 m\u00edn og skipanir, eins og Dav\u00ed\u00f0, fa\u00f0ir \u00feinn, ger\u00f0i, \u00fe\u00e1 mun \u00e9g gefa \u00fe\u00e9r langa l\u00edfdaga.\u201c<br \/> <a name=\"15\"><span class=\"versanumer_2007\">15<\/span><\/a> Sal\u00f3mon vakna\u00f0i og var lj\u00f3st a\u00f0 \u00feetta haf\u00f0i veri\u00f0 draumur. \u00deegar hann kom til Jer\u00fasalem gekk hann fram fyrir s\u00e1ttm\u00e1ls\u00f6rk Drottins og bar fram brennif\u00f3rnir og heillaf\u00f3rnir. S\u00ed\u00f0an h\u00e9lt hann \u00f6llum \u00fej\u00f3num s\u00ednum veislu.<\/p>\n<h3 class=\"millifyrirsogn_2007\">D\u00f3mur Sal\u00f3mons<\/h3>\n<p><a name=\"16\"><span class=\"versanumer_2007\">16<\/span><\/a> Einu sinni komu tv\u00e6r portkonur og gengu fyrir konung. <a name=\"17\"><span class=\"versanumer_2007\">17<\/span><\/a> \u00d6nnur \u00feeirra sag\u00f0i: \u201eMe\u00f0 leyfi, herra minn. \u00deessi kona og \u00e9g b\u00faum \u00ed sama h\u00fasi og \u00e9g f\u00e6ddi \u00fear barn \u00ed vi\u00f0urvist hennar. <a name=\"18\"><span class=\"versanumer_2007\">18<\/span><\/a> \u00c1 \u00feri\u00f0ja degi fr\u00e1 \u00fev\u00ed a\u00f0 \u00e9g f\u00e6ddi eigna\u00f0ist \u00feessi kona l\u00edka barn. Vi\u00f0 vorum \u00fear saman, enginn var me\u00f0 okkur \u00ed h\u00fasinu, vi\u00f0 vorum \u00fear tv\u00e6r einar. <a name=\"19\"><span class=\"versanumer_2007\">19<\/span><\/a> En sonur \u00feessarar konu d\u00f3 um n\u00f3ttina af \u00fev\u00ed a\u00f0 h\u00fan haf\u00f0i lagst ofan \u00e1 hann. <a name=\"20\"><span class=\"versanumer_2007\">20<\/span><\/a> H\u00fan reis \u00fe\u00e1 upp um mi\u00f0ja n\u00f3tt, t\u00f3k son minn fr\u00e1 m\u00e9r \u00e1 me\u00f0an \u00e9g, amb\u00e1tt \u00fe\u00edn, svaf og lag\u00f0i hann vi\u00f0 brj\u00f3st s\u00e9r en d\u00e1inn son sinn lag\u00f0i h\u00fan vi\u00f0 brj\u00f3st m\u00e9r. <a name=\"21\"><span class=\"versanumer_2007\">21<\/span><\/a> \u00c9g f\u00f3r \u00e1 f\u00e6tur um morguninn til \u00feess a\u00f0 gefa syni m\u00ednum brj\u00f3st en \u00fe\u00e1 s\u00e1 \u00e9g a\u00f0 hann var d\u00e1inn. En \u00feegar \u00e9g sko\u00f0a\u00f0i hann n\u00e1nar \u00ed dagsbirtunni s\u00e1 \u00e9g a\u00f0 \u00feetta var ekki sonur minn sem \u00e9g haf\u00f0i f\u00e6tt.\u201c <a name=\"22\"><span class=\"versanumer_2007\">22<\/span><\/a> Hin konan sag\u00f0i: \u201eNei, \u00fea\u00f0 er sonur minn sem er lifandi en \u00feinn sonur er d\u00e1inn.\u201c \u201eNei, \u00fea\u00f0 er sonur \u00feinn sem er d\u00e1inn, sonur minn er lifandi,\u201c svara\u00f0i s\u00fa fyrri. \u00deannig rifust \u00fe\u00e6r frammi fyrir konungi.<br \/> <a name=\"23\"><span class=\"versanumer_2007\">23<\/span><\/a> \u00de\u00e1 sag\u00f0i konungur: \u201e\u00d6nnur ykkar segir: \u00dea\u00f0 er sonur minn sem er \u00e1 l\u00edfi en sonur \u00feinn sem er d\u00e1inn. En hin segir: \u00deinn sonur er d\u00e1inn en minn er \u00e1 l\u00edfi.\u201c <a name=\"24\"><span class=\"versanumer_2007\">24<\/span><\/a> Og hann h\u00e9lt \u00e1fram: \u201eF\u00e6ri\u00f0 m\u00e9r sver\u00f0.\u201c \u00deegar sver\u00f0 haf\u00f0i veri\u00f0 s\u00f3tt <a name=\"25\"><span class=\"versanumer_2007\">25<\/span><\/a> sag\u00f0i konungur: \u201eH\u00f6ggvi\u00f0 barni\u00f0, sem lifir, \u00ed tvennt og f\u00e1i\u00f0 hvorri sinn helming.\u201c <a name=\"26\"><span class=\"versanumer_2007\">26<\/span><\/a> \u00de\u00e1 sag\u00f0i konan, sem \u00e1tti lifandi barni\u00f0, vi\u00f0 konunginn \u00fev\u00ed a\u00f0 m\u00f3\u00f0ur\u00e1stin brann \u00ed brj\u00f3sti hennar: \u201e\u00c6, herra minn! F\u00e1\u00f0u henni barni\u00f0 sem lifir, l\u00e1ttu ekki dey\u00f0a \u00fea\u00f0.\u201c En hin sag\u00f0i: \u201e\u00dea\u00f0 er best a\u00f0 hvorki \u00e9g n\u00e9 \u00fe\u00fa f\u00e1ir \u00fea\u00f0. H\u00f6ggvi\u00f0 barni\u00f0 \u00ed tvennt.\u201c<br \/> <a name=\"27\"><span class=\"versanumer_2007\">27<\/span><\/a> Konungur svara\u00f0i og sag\u00f0i: \u201eF\u00e1i\u00f0 hinni konunni barni\u00f0 sem lifir og dey\u00f0i\u00f0 \u00fea\u00f0 ekki \u00fev\u00ed a\u00f0 h\u00fan er m\u00f3\u00f0ir \u00feess.\u201c<br \/> <a name=\"28\"><span class=\"versanumer_2007\">28<\/span><\/a> Er allir \u00cdsraelsmenn heyr\u00f0u um d\u00f3minn, sem konungurinn haf\u00f0i kve\u00f0i\u00f0 upp, fylltust \u00feeir lotningu fyrir honum \u00fev\u00ed a\u00f0 \u00feeir skildu a\u00f0 gu\u00f0leg viska bj\u00f3 \u00ed brj\u00f3sti hans \u00feegar hann kva\u00f0 upp d\u00f3ma.<\/p>\n","protected":false},"excerpt":{"rendered":"<p>Sal\u00f3mon kv\u00e6nist 1 Sal\u00f3mon m\u00e6g\u00f0ist vi\u00f0 fara\u00f3 Egyptalandskonung. Hann kv\u00e6ntist d\u00f3ttur fara\u00f3s og f\u00f3r me\u00f0 hana til borgar Dav\u00ed\u00f0s. \u00dear bj\u00f3 h\u00fan uns hann haf\u00f0i loki\u00f0 vi\u00f0 a\u00f0 byggja s\u00e9r h\u00fas og Drottni musteri og reisa m\u00far umhverfis Jer\u00fasalem. 2 \u00de\u00e1 f\u00e6r\u00f0i almenningur sl\u00e1turf\u00f3rnir \u00e1 f\u00f3rnarh\u00e6\u00f0unum \u00fev\u00ed a\u00f0 nafni Drottins haf\u00f0i enn ekki veri\u00f0 reist h\u00fas. 3 Sal\u00f3mon elska\u00f0i Drottin og s\u00fdndi \u00fea\u00f0 me\u00f0 \u00fev\u00ed a\u00f0 breyta samkv\u00e6mt bo\u00f0um Dav\u00ed\u00f0s f\u00f6\u00f0ur s\u00edns. Samt f\u00e6r\u00f0i hann sl\u00e1turf\u00f3rnir og reykelsisf\u00f3rnir \u00e1 f\u00f3rnarh\u00e6\u00f0unum. 4 F\u00f3r konungur til G\u00edbeon til \u00feess a\u00f0 f\u00e6ra sl\u00e1turf\u00f3rn en \u00fear var helsta f\u00f3rnarh\u00e6\u00f0in. \u00dear f\u00f3rna\u00f0i Sal\u00f3mon \u00fe\u00fasund brennif\u00f3rnum <a href=\"https:\/\/biblian.is\/biblian\/fyrri-konungabok-3-kafli\/\"> [&#8230;]<\/a><\/p>\n","protected":false},"author":1,"featured_media":0,"parent":0,"menu_order":0,"comment_status":"open","ping_status":"open","template":"bibliukaflar_NT.php","meta":{"footnotes":""},"class_list":["post-1911","page","type-page","status-publish","hentry"],"_links":{"self":[{"href":"https:\/\/biblian.is\/biblian\/wp-json\/wp\/v2\/pages\/1911","targetHints":{"allow":["GET"]}}],"collection":[{"href":"https:\/\/biblian.is\/biblian\/wp-json\/wp\/v2\/pages"}],"about":[{"href":"https:\/\/biblian.is\/biblian\/wp-json\/wp\/v2\/types\/page"}],"author":[{"embeddable":true,"href":"https:\/\/biblian.is\/biblian\/wp-json\/wp\/v2\/users\/1"}],"replies":[{"embeddable":true,"href":"https:\/\/biblian.is\/biblian\/wp-json\/wp\/v2\/comments?post=1911"}],"version-history":[{"count":0,"href":"https:\/\/biblian.is\/biblian\/wp-json\/wp\/v2\/pages\/1911\/revisions"}],"wp:attachment":[{"href":"https:\/\/biblian.is\/biblian\/wp-json\/wp\/v2\/media?parent=1911"}],"curies":[{"name":"wp","href":"https:\/\/api.w.org\/{rel}","templated":true}]}}