{"id":1908,"date":"2017-12-30T21:00:55","date_gmt":"2017-12-30T21:00:55","guid":{"rendered":"http:\/\/biblian.is\/biblian\/s%c2%92_ari-sam%c2%9celsb%c2%97k-24-kafli\/"},"modified":"2024-02-06T18:29:25","modified_gmt":"2024-02-06T18:29:25","slug":"sidari-samuelsbok-24-kafli","status":"publish","type":"page","link":"https:\/\/biblian.is\/biblian\/sidari-samuelsbok-24-kafli\/","title":{"rendered":"S\u00ed\u00f0ari Sam\u00faelsb\u00f3k 24. kafli"},"content":{"rendered":"<h3 class=\"millifyrirsogn_2007\"> Manntali\u00f0 og pl\u00e1gan<\/h3>\n<p><a name=\"1\"><span class=\"versanumer_2007\">1<\/span><\/a> Enn einu sinni blossa\u00f0i rei\u00f0i Drottins upp gegn \u00cdsraelsm\u00f6nnum. Hann espa\u00f0i Dav\u00ed\u00f0 gegn \u00feeim og skipa\u00f0i: \u201eFar\u00f0u og teldu \u00cdsraelsmenn og J\u00fadamenn.\u201c<br \/> <a name=\"2\"><span class=\"versanumer_2007\">2<\/span><\/a> Konungur sag\u00f0i vi\u00f0 J\u00f3ab og foringja hersins sem me\u00f0 honum voru: \u201eFari\u00f0 um alla \u00e6ttb\u00e1lka \u00cdsraels fr\u00e1 Dan til Beerseba. Telji\u00f0 alla vopnf\u00e6ra menn svo a\u00f0 \u00e9g viti fj\u00f6lda \u00feeirra.\u201c<br \/> <a name=\"3\"><span class=\"versanumer_2007\">3<\/span><\/a> \u00de\u00e1 sag\u00f0i J\u00f3ab vi\u00f0 konung: \u201eDrottinn, Gu\u00f0 \u00feinn, fj\u00f6lgi \u00fej\u00f3\u00f0inni hundra\u00f0falt fr\u00e1 \u00fev\u00ed sem n\u00fa er. Megir \u00fe\u00fa, herra minn og konungur, sj\u00e1 \u00fea\u00f0 me\u00f0 eigin augum. En hvers vegna vill herra minn og konungur gera \u00feetta?\u201c <a name=\"4\"><span class=\"versanumer_2007\">4<\/span><\/a> Skipun konungs m\u00e1tti s\u00edn meira en sko\u00f0un J\u00f3abs og foringja hersins. J\u00f3ab og foringjar hersins h\u00e9ldu \u00fev\u00ed af sta\u00f0 fr\u00e1 konungi til \u00feess a\u00f0 telja \u00cdsraelsmenn. <a name=\"5\"><span class=\"versanumer_2007\">5<\/span><\/a> \u00deeir f\u00f3ru n\u00fa yfir J\u00f3rdan og byrju\u00f0u vi\u00f0 Ar\u00f3er, sunnan vi\u00f0 borgina sem er \u00ed mi\u00f0jum dalnum. \u00dev\u00ed n\u00e6st h\u00e9ldu \u00feeir \u00ed \u00e1ttina til Ga\u00f0 og Jaser <a name=\"6\"><span class=\"versanumer_2007\">6<\/span><\/a> og \u00e1fram til G\u00edlea\u00f0 og inn \u00ed land Het\u00edtanna til Kades. \u00dea\u00f0an f\u00f3ru \u00feeir til Dan og fr\u00e1 Dan sneru \u00feeir til S\u00eddon. <a name=\"7\"><span class=\"versanumer_2007\">7<\/span><\/a> \u00de\u00e1 komu \u00feeir til hinnar v\u00edggirtu borgar T\u00fdrus og til allra borga Hev\u00edta og Kanaan\u00edta og \u00e1fram til Beerseba \u00ed Su\u00f0urlandi \u00ed J\u00fada. <a name=\"8\"><span class=\"versanumer_2007\">8<\/span><\/a> \u00deegar \u00feeir h\u00f6f\u00f0u fari\u00f0 um allt landi\u00f0 komu \u00feeir aftur til Jer\u00fasalem eftir n\u00edu m\u00e1nu\u00f0i og tuttugu daga.<br \/> <a name=\"9\"><span class=\"versanumer_2007\">9<\/span><\/a> J\u00f3ab tilkynnti konungi ni\u00f0urst\u00f6\u00f0u manntalsins: \u00cd \u00cdsrael voru \u00e1tta hundru\u00f0 \u00fe\u00fasund vopnf\u00e6rir menn sem g\u00e1tu brug\u00f0i\u00f0 sver\u00f0i en \u00ed J\u00fada voru fimm hundru\u00f0 \u00fe\u00fasund.<\/p>\n<h3 class=\"millifyrirsogn_2007\">Musterinu valinn sta\u00f0ur<\/h3>\n<p><a name=\"10\"><span class=\"versanumer_2007\">10<\/span><\/a> En samviskan sl\u00f3 Dav\u00ed\u00f0 \u00feegar hann haf\u00f0i tali\u00f0 \u00fej\u00f3\u00f0ina. Hann sag\u00f0i \u00fev\u00ed vi\u00f0 Drottin: \u201e\u00c9g hef broti\u00f0 alvarlega af m\u00e9r me\u00f0 \u00fev\u00ed sem \u00e9g ger\u00f0i. Drottinn, fyrirgef\u00f0u n\u00fa \u00fer\u00e6li \u00fe\u00ednum \u00fev\u00ed a\u00f0 \u00e9g hef fari\u00f0 heimskulega a\u00f0 r\u00e1\u00f0i m\u00ednu.\u201c<br \/> <a name=\"11\"><span class=\"versanumer_2007\">11<\/span><\/a> \u00deegar Dav\u00ed\u00f0 f\u00f3r \u00e1 f\u00e6tur morguninn eftir haf\u00f0i or\u00f0 borist fr\u00e1 Drottni til Ga\u00f0s sp\u00e1manns, sj\u00e1anda Dav\u00ed\u00f0s: <a name=\"12\"><span class=\"versanumer_2007\">12<\/span><\/a> \u201eFar\u00f0u og seg\u00f0u vi\u00f0 Dav\u00ed\u00f0. Svo segir Drottinn: \u00c9g set \u00fe\u00e9r \u00ferj\u00e1 kosti. Veldu einn \u00feeirra og \u00e9g mun l\u00e1ta \u00fea\u00f0 yfir \u00feig ganga.\u201c<br \/> <a name=\"13\"><span class=\"versanumer_2007\">13<\/span><\/a> \u00dev\u00ed n\u00e6st gekk Ga\u00f0 fyrir Dav\u00ed\u00f0, tilkynnti honum \u00feetta og spur\u00f0i: \u201eHva\u00f0 viltu kalla yfir \u00feig? Viltu hungursney\u00f0 \u00ed landinu \u00ed \u00ferj\u00fa \u00e1r, viltu vera \u00ferj\u00e1 m\u00e1nu\u00f0i \u00e1 fl\u00f3tta undan \u00f3vinum \u00fe\u00ednum, sem ofs\u00e6kja \u00feig, e\u00f0a viltu a\u00f0 dreps\u00f3tt geisi \u00ferj\u00e1 daga \u00ed landi \u00fe\u00ednu? \u00cdhuga\u00f0u n\u00fa vel hva\u00f0a svar \u00e9g \u00e1 a\u00f0 f\u00e6ra \u00feeim sem sendi mig.\u201c<br \/> <a name=\"14\"><span class=\"versanumer_2007\">14<\/span><\/a> Dav\u00ed\u00f0 svara\u00f0i Ga\u00f0: \u201eN\u00fa er \u00far v\u00f6ndu a\u00f0 r\u00e1\u00f0a. Helst vil \u00e9g falla \u00ed hendur Drottins, \u00fev\u00ed a\u00f0 mikil er miskunn hans, en \u00ed hendur manna vil \u00e9g ekki falla.\u201c<br \/> <a name=\"15\"><span class=\"versanumer_2007\">15<\/span><\/a> \u00de\u00e1 sendi Drottinn dreps\u00f3tt yfir \u00cdsrael. H\u00fan geisa\u00f0i fr\u00e1 \u00fev\u00ed \u00e1rla daginn eftir \u00ed tiltekinn t\u00edma. Af \u00fej\u00f3\u00f0inni f\u00e9llu sj\u00f6t\u00edu \u00fe\u00fasund manns fr\u00e1 Dan til Beerseba. <a name=\"16\"><span class=\"versanumer_2007\">16<\/span><\/a> \u00deegar engillinn r\u00e9tti \u00fat h\u00f6nd s\u00edna gegn Jer\u00fasalem til \u00feess a\u00f0 ey\u00f0a borgina i\u00f0ra\u00f0ist Drottinn hins illa og sag\u00f0i vi\u00f0 engilinn sem eyddi f\u00f3lkinu: \u201eN\u00fa er n\u00f3g komi\u00f0. Drag\u00f0u a\u00f0 \u00fe\u00e9r h\u00f6ndina.\u201c Engill Drottins var \u00fe\u00e1 vi\u00f0 \u00fereskiv\u00f6ll Jeb\u00fas\u00edtans Aravna. <a name=\"17\"><span class=\"versanumer_2007\">17<\/span><\/a> \u00deegar Dav\u00ed\u00f0 s\u00e1 engilinn dey\u00f0a f\u00f3lki\u00f0 sag\u00f0i hann vi\u00f0 Drottin: \u201e\u00dea\u00f0 er \u00e9g sem hef syndga\u00f0, \u00fea\u00f0 er \u00e9g sem hef broti\u00f0 af m\u00e9r. En hva\u00f0 hefur \u00feessi hj\u00f6r\u00f0 h\u00e9rna gert? Refsa\u00f0u m\u00e9r og fj\u00f6lskyldu minni.\u201c<br \/> <a name=\"18\"><span class=\"versanumer_2007\">18<\/span><\/a> \u00deennan sama dag gekk Ga\u00f0 fyrir Dav\u00ed\u00f0 og sag\u00f0i: \u201eFar\u00f0u upp eftir og reistu Drottni altari \u00e1 \u00fereskivelli Jeb\u00fas\u00edtans Aravna.\u201c <a name=\"19\"><span class=\"versanumer_2007\">19<\/span><\/a> Dav\u00ed\u00f0 gekk \u00fe\u00e1 upp eftir eins og Ga\u00f0 haf\u00f0i bo\u00f0i\u00f0 a\u00f0 fyrirm\u00e6lum Drottins.<br \/> <a name=\"20\"><span class=\"versanumer_2007\">20<\/span><\/a> \u00deegar Aravna var\u00f0 liti\u00f0 \u00fat s\u00e1 hann konunginn og menn hans koma \u00ed \u00e1ttina til s\u00edn. Aravna gekk \u00fe\u00e1 \u00fat og f\u00e9ll fram \u00e1 \u00e1sj\u00f3nu s\u00edna frammi fyrir konungi <a name=\"21\"><span class=\"versanumer_2007\">21<\/span><\/a> og spur\u00f0i: \u201eHvers vegna ert \u00fe\u00fa, herra minn og konungur, kominn til \u00fer\u00e6ls \u00fe\u00edns?\u201c Dav\u00ed\u00f0 svara\u00f0i: \u201eTil \u00feess a\u00f0 kaupa af \u00fe\u00e9r \u00fereskiv\u00f6llinn og reisa Drottni altari svo a\u00f0 linni dreps\u00f3ttinni sem \u00fejakar \u00fej\u00f3\u00f0ina.\u201c <a name=\"22\"><span class=\"versanumer_2007\">22<\/span><\/a> Aravna svara\u00f0i Dav\u00ed\u00f0: \u201eHerra minn og konungur taki \u00fea\u00f0 sem honum \u00fe\u00f3knast og f\u00e6ri a\u00f0 f\u00f3rn. Nautin h\u00e9rna eru brennif\u00f3rnir en \u00fereskisle\u00f0arnir og klafar nautanna eldivi\u00f0urinn.\u201c<br \/> <a name=\"23\"><span class=\"versanumer_2007\">23<\/span><\/a> Aravna gaf konunginum \u00feetta allt og sag\u00f0i: \u201eDrottinn, Gu\u00f0 \u00feinn, s\u00e9 \u00fe\u00e9r n\u00e1\u00f0ugur.\u201c<br \/> <a name=\"24\"><span class=\"versanumer_2007\">24<\/span><\/a> Konungurinn svara\u00f0i Aravna: \u201eNei, \u00e9g vil kaupa \u00fea\u00f0 af \u00fe\u00e9r fullu ver\u00f0i. \u00c9g get ekki f\u00e6rt Drottni, Gu\u00f0i m\u00ednum, brennif\u00f3rn sem \u00e9g hef ekki greitt.\u201c<br \/>\u00dev\u00ed n\u00e6st keypti Dav\u00ed\u00f0 \u00fereskiv\u00f6llinn og nautin fyrir fimmt\u00edu sikla silfurs. <a name=\"25\"><span class=\"versanumer_2007\">25<\/span><\/a> \u00dearna reisti Dav\u00ed\u00f0 Drottni altari og f\u00e6r\u00f0i brennif\u00f3rn og heillaf\u00f3rn. \u00de\u00e1 s\u00e6ttist Drottinn vi\u00f0 landi\u00f0 og pl\u00e1gunni l\u00e9tti af \u00cdsrael.<\/p>\n","protected":false},"excerpt":{"rendered":"<p>Manntali\u00f0 og pl\u00e1gan 1 Enn einu sinni blossa\u00f0i rei\u00f0i Drottins upp gegn \u00cdsraelsm\u00f6nnum. Hann espa\u00f0i Dav\u00ed\u00f0 gegn \u00feeim og skipa\u00f0i: \u201eFar\u00f0u og teldu \u00cdsraelsmenn og J\u00fadamenn.\u201c 2 Konungur sag\u00f0i vi\u00f0 J\u00f3ab og foringja hersins sem me\u00f0 honum voru: \u201eFari\u00f0 um alla \u00e6ttb\u00e1lka \u00cdsraels fr\u00e1 Dan til Beerseba. Telji\u00f0 alla vopnf\u00e6ra menn svo a\u00f0 \u00e9g viti fj\u00f6lda \u00feeirra.\u201c 3 \u00de\u00e1 sag\u00f0i J\u00f3ab vi\u00f0 konung: \u201eDrottinn, Gu\u00f0 \u00feinn, fj\u00f6lgi \u00fej\u00f3\u00f0inni hundra\u00f0falt fr\u00e1 \u00fev\u00ed sem n\u00fa er. Megir \u00fe\u00fa, herra minn og konungur, sj\u00e1 \u00fea\u00f0 me\u00f0 eigin augum. En hvers vegna vill herra minn og konungur gera \u00feetta?\u201c 4 Skipun konungs m\u00e1tti s\u00edn <a href=\"https:\/\/biblian.is\/biblian\/sidari-samuelsbok-24-kafli\/\"> [&#8230;]<\/a><\/p>\n","protected":false},"author":1,"featured_media":0,"parent":0,"menu_order":0,"comment_status":"open","ping_status":"open","template":"bibliukaflar_NT.php","meta":{"footnotes":""},"class_list":["post-1908","page","type-page","status-publish","hentry"],"_links":{"self":[{"href":"https:\/\/biblian.is\/biblian\/wp-json\/wp\/v2\/pages\/1908","targetHints":{"allow":["GET"]}}],"collection":[{"href":"https:\/\/biblian.is\/biblian\/wp-json\/wp\/v2\/pages"}],"about":[{"href":"https:\/\/biblian.is\/biblian\/wp-json\/wp\/v2\/types\/page"}],"author":[{"embeddable":true,"href":"https:\/\/biblian.is\/biblian\/wp-json\/wp\/v2\/users\/1"}],"replies":[{"embeddable":true,"href":"https:\/\/biblian.is\/biblian\/wp-json\/wp\/v2\/comments?post=1908"}],"version-history":[{"count":0,"href":"https:\/\/biblian.is\/biblian\/wp-json\/wp\/v2\/pages\/1908\/revisions"}],"wp:attachment":[{"href":"https:\/\/biblian.is\/biblian\/wp-json\/wp\/v2\/media?parent=1908"}],"curies":[{"name":"wp","href":"https:\/\/api.w.org\/{rel}","templated":true}]}}