{"id":1907,"date":"2017-12-30T21:00:55","date_gmt":"2017-12-30T21:00:55","guid":{"rendered":"http:\/\/biblian.is\/biblian\/s%c2%92_ari-sam%c2%9celsb%c2%97k-23-kafli\/"},"modified":"2024-02-06T18:29:25","modified_gmt":"2024-02-06T18:29:25","slug":"sidari-samuelsbok-23-kafli","status":"publish","type":"page","link":"https:\/\/biblian.is\/biblian\/sidari-samuelsbok-23-kafli\/","title":{"rendered":"S\u00ed\u00f0ari Sam\u00faelsb\u00f3k 23. kafli"},"content":{"rendered":"<h3 class=\"millifyrirsogn_2007\"> S\u00ed\u00f0ustu or\u00f0 Dav\u00ed\u00f0s<\/h3>\n<p><a name=\"1\"><span class=\"versanumer_2007\">1<\/span><\/a> S\u00ed\u00f0ustu or\u00f0 Dav\u00ed\u00f0s hlj\u00f3\u00f0a svo:<br \/> <span class=\"ljodatexti\"> Svo segir Dav\u00ed\u00f0, sonur \u00cdsa\u00ed,<br \/>\u00feannig m\u00e6lir ma\u00f0urinn sem h\u00e1tt var settur,<br \/>hinn smur\u00f0i Gu\u00f0s Jakobs<br \/>sem lofa\u00f0ur var \u00ed lj\u00f3\u00f0um \u00cdsraels:<br \/> <\/span> <span class=\"ljodatexti\"> <a name=\"2\"><span class=\"versanumer_ljod\">2<\/span><\/a>Andi Drottins tala\u00f0i af munni m\u00ednum,<br \/>or\u00f0 hans var m\u00e9r \u00e1 tungu.<br \/> <\/span> <span class=\"ljodatexti\"> <a name=\"3\"><span class=\"versanumer_ljod\">3<\/span><\/a>Gu\u00f0 \u00cdsraels tala\u00f0i,<br \/>klettur \u00cdsraels sag\u00f0i vi\u00f0 mig:<br \/>\u201eS\u00e1 sem r\u00edkir \u00ed r\u00e9ttl\u00e6ti,<br \/>s\u00e1 sem r\u00edkir me\u00f0 lotningu fyrir Drottni,<br \/> <\/span> <span class=\"ljodatexti\"> <a name=\"4\"><span class=\"versanumer_ljod\">4<\/span><\/a>hann er eins og dagsbirtan<br \/>\u00feegar s\u00f3lin r\u00eds \u00e1 hei\u00f0um morgni,<br \/>\u00feegar gr\u00e6ngresi\u00f0 sprettur eftir regnsk\u00far.\u201c<br \/> <\/span> <span class=\"ljodatexti\"> <a name=\"5\"><span class=\"versanumer_ljod\">5<\/span><\/a>Er ekki \u00e6tt m\u00edn studd af Gu\u00f0i?<br \/>\u00dev\u00ed a\u00f0 hann hefur gert vi\u00f0 mig \u00e6varandi s\u00e1ttm\u00e1la<br \/>\u00fear sem allt er \u00ed f\u00f6stum skor\u00f0um.<br \/>J\u00e1, allt sem var m\u00e9r til heilla,<br \/>allt sem \u00e9g \u00f3ska\u00f0i,<br \/>l\u00e9t hann dafna.<br \/> <\/span> <span class=\"ljodatexti\"> <a name=\"6\"><span class=\"versanumer_ljod\">6<\/span><\/a>En illmennin eru \u00f6ll eins og \u00feyrnar<br \/>sem kasta\u00f0 er \u00fat<br \/>\u00fev\u00ed a\u00f0 enginn tekur \u00e1 \u00feeim me\u00f0 hendinni.<br \/> <\/span> <span class=\"ljodatexti\"> <a name=\"7\"><span class=\"versanumer_ljod\">7<\/span><\/a>Ef einhver \u00e6tlar a\u00f0 snerta \u00feau<br \/>vopnast hann sver\u00f0i og spj\u00f3ti,<br \/>\u00feau ver\u00f0a brennd \u00ed eldi. <\/span> <\/p>\n<h3 class=\"millifyrirsogn_2007\">Hetjur Dav\u00ed\u00f0s<\/h3>\n<p><a name=\"8\"><span class=\"versanumer_2007\">8<\/span><\/a> \u00deetta eru n\u00f6fnin \u00e1 hetjum Dav\u00ed\u00f0s: \u00cdsbaal Hakm\u00f3n\u00edti var foringi hinna \u00feriggja. \u00dea\u00f0 var hann sem sveifla\u00f0i spj\u00f3ti s\u00ednu og felldi \u00e1tta hundru\u00f0 menn \u00ed einu. <a name=\"9\"><span class=\"versanumer_2007\">9<\/span><\/a> N\u00e6stur honum \u00e1 me\u00f0al hinna \u00feriggja hetja var Eleasar, sonur D\u00f3d\u00f3 fr\u00e1 Ak\u00eda. Hann var me\u00f0 Dav\u00ed\u00f0 \u00ed Pas Damm\u00edm \u00feegar Filistear s\u00f6fnu\u00f0ust \u00fear saman til bardaga. \u00deegar \u00cdsraelsmenn <a name=\"10\"><span class=\"versanumer_2007\">10<\/span><\/a> h\u00f6rfu\u00f0u st\u00f3\u00f0 hann fastur fyrir og hj\u00f3 Filisteana ni\u00f0ur \u00fear til hann \u00fereyttist \u00ed hendinni og h\u00f6nd hans var kreppt f\u00f6st um sver\u00f0i\u00f0. \u00deann dag veitti Drottinn mikinn sigur. Herinn sneri aftur me\u00f0 honum, \u00fe\u00f3 a\u00f0eins til a\u00f0 taka herfang.<br \/> <a name=\"11\"><span class=\"versanumer_2007\">11<\/span><\/a> N\u00e6stur honum var Samma Harar\u00edti, sonur Age. Einhverju sinni h\u00f6f\u00f0u Filistear safnast saman vi\u00f0 Lek\u00ed. \u00dear var akurspilda alsprottin linsubaunum. \u00deegar herinn fl\u00fd\u00f0i fyrir Filisteum <a name=\"12\"><span class=\"versanumer_2007\">12<\/span><\/a> nam hann sta\u00f0ar \u00e1 mi\u00f0jum akrinum og var\u00f0i hann og hj\u00f3 Filisteana ni\u00f0ur. \u00deannig veitti Drottinn mikinn sigur.<br \/> <a name=\"13\"><span class=\"versanumer_2007\">13<\/span><\/a> Einu sinni f\u00f3ru \u00fer\u00edr af hinum \u00ferj\u00e1t\u00edu \u00ed byrjun uppskerunnar ni\u00f0ur eftir til Dav\u00ed\u00f0s \u00ed Ad\u00fallamhelli. Flokkur Filistea var \u00fe\u00e1 \u00ed herb\u00fa\u00f0um \u00ed Refa\u00edmdal, <a name=\"14\"><span class=\"versanumer_2007\">14<\/span><\/a> Dav\u00ed\u00f0 \u00ed fjallavirkinu en framvar\u00f0arsveit Filistea \u00ed Betlehem. <a name=\"15\"><span class=\"versanumer_2007\">15<\/span><\/a> \u00de\u00e1 var\u00f0 Dav\u00ed\u00f0 mj\u00f6g \u00feyrstur og spur\u00f0i: \u201eHver vill s\u00e6kja m\u00e9r vatn \u00far brunninum vi\u00f0 borgarhli\u00f0i\u00f0 \u00ed Betlehem?\u201c <a name=\"16\"><span class=\"versanumer_2007\">16<\/span><\/a> \u00de\u00e1 brutust kapparnir \u00fer\u00edr inn \u00ed herb\u00fa\u00f0ir Filistea og s\u00f3ttu vatn \u00ed brunninn vi\u00f0 borgarhli\u00f0i\u00f0 \u00ed Betlehem. \u00deeir t\u00f3ku \u00fea\u00f0 me\u00f0 s\u00e9r og f\u00e6r\u00f0u Dav\u00ed\u00f0 en hann vildi ekki drekka heldur dreypti \u00fev\u00ed \u00ed dreypif\u00f3rn handa Drottni <a name=\"17\"><span class=\"versanumer_2007\">17<\/span><\/a> og sag\u00f0i: \u201eDrottinn, \u00fea\u00f0 s\u00e9 fjarri m\u00e9r a\u00f0 gera sl\u00edkt. \u00c1 \u00e9g a\u00f0 drekka bl\u00f3\u00f0 \u00feessara manna sem h\u00e6ttu l\u00edfi s\u00ednu til a\u00f0 s\u00e6kja \u00fea\u00f0?\u201c \u00deess vegna vildi hann ekki drekka \u00fea\u00f0. \u00deetta afrek unnu kapparnir \u00fer\u00edr.<br \/> <a name=\"18\"><span class=\"versanumer_2007\">18<\/span><\/a> Ab\u00edsa\u00ed Ser\u00fajuson, br\u00f3\u00f0ir J\u00f3abs, var foringi hinna \u00ferj\u00e1t\u00edu. Hann sveifla\u00f0i spj\u00f3ti s\u00ednu og felldi \u00ferj\u00fa hundru\u00f0 menn. Hann var virtur af hinum \u00feremur k\u00f6ppum. <a name=\"19\"><span class=\"versanumer_2007\">19<\/span><\/a> Hann var mikils metinn af \u00feeim \u00ferj\u00e1t\u00edu og var\u00f0 foringi \u00feeirra en hann jafna\u00f0ist ekki \u00e1 vi\u00f0 hina \u00ferj\u00e1. <a name=\"20\"><span class=\"versanumer_2007\">20<\/span><\/a> Benaja J\u00f3jadason fr\u00e1 Kabseel var hraustur ma\u00f0ur sem vann m\u00f6rg afreksverk. Hann drap b\u00e1\u00f0a syni Ar\u00edels fr\u00e1 M\u00f3ab. Eitt sinn, \u00feegar snj\u00f3a\u00f0 haf\u00f0i, f\u00f3r hann ni\u00f0ur \u00ed gryfju og drap \u00fear lj\u00f3n. <a name=\"21\"><span class=\"versanumer_2007\">21<\/span><\/a> Hann drap einnig risavaxinn Egypta. Egyptinn haf\u00f0i spj\u00f3t \u00ed hendi en Benaja f\u00f3r \u00e1 m\u00f3ti honum me\u00f0 staf, reif spj\u00f3ti\u00f0 \u00far hendi Egyptans og drap hann me\u00f0 hans eigin spj\u00f3ti. <a name=\"22\"><span class=\"versanumer_2007\">22<\/span><\/a> \u00deessi afrek vann Benaja J\u00f3jadason og var virtur af k\u00f6ppunum \u00feremur. <a name=\"23\"><span class=\"versanumer_2007\">23<\/span><\/a> Hann var mikils metinn af \u00feeim \u00ferj\u00e1t\u00edu en hann jafna\u00f0ist ekki \u00e1 vi\u00f0 hetjurnar \u00ferj\u00e1r. Dav\u00ed\u00f0 setti hann yfir l\u00edfv\u00f6r\u00f0 sinn.<br \/> <a name=\"24\"><span class=\"versanumer_2007\">24<\/span><\/a> Asael, br\u00f3\u00f0ir J\u00f3abs, var einn hinna \u00ferj\u00e1t\u00edu,<br \/>enn fremur Elkanan, sonur D\u00f3d\u00f3s fr\u00e1 Betlehem,<br \/> <a name=\"25\"><span class=\"versanumer_2007\">25<\/span><\/a> Samma fr\u00e1 Har\u00f3d,<br \/>El\u00edka fr\u00e1 Har\u00f3d,<br \/> <a name=\"26\"><span class=\"versanumer_2007\">26<\/span><\/a> Heles fr\u00e1 Pelet,<br \/>\u00cdra, sonur \u00cdkkess fr\u00e1 Tek\u00f3a,<br \/> <a name=\"27\"><span class=\"versanumer_2007\">27<\/span><\/a> Ab\u00edeser fr\u00e1 Anat\u00f3t,<br \/>Meb\u00fana\u00ed fr\u00e1 H\u00fasa,<br \/> <a name=\"28\"><span class=\"versanumer_2007\">28<\/span><\/a> Salm\u00f3n fr\u00e1 Ah\u00f3,<br \/>Mahara\u00ed fr\u00e1 Net\u00f3fa,<br \/> <a name=\"29\"><span class=\"versanumer_2007\">29<\/span><\/a> Heled fr\u00e1 Net\u00f3fa, sonur Baana,<br \/>\u00cdtta\u00ed R\u00edba\u00edson fr\u00e1 G\u00edbeu \u00ed Benjam\u00edn,<br \/> <a name=\"30\"><span class=\"versanumer_2007\">30<\/span><\/a> Benaja fr\u00e1 P\u00edraton,<br \/>H\u00eddda\u00ed fr\u00e1 Nahale-Gaas,<br \/> <a name=\"31\"><span class=\"versanumer_2007\">31<\/span><\/a> Abi Albon fr\u00e1 Bet Araba,<br \/>Asmavet fr\u00e1 Bah\u00far\u00edm,<br \/> <a name=\"32\"><span class=\"versanumer_2007\">32<\/span><\/a> Eljahba fr\u00e1 Saalb\u00f3n,<br \/>Jasen fr\u00e1 N\u00fan,<span class=\"nedan_mal\" title=\" H\u00e9r er fylgt gr\u00edsku sj\u00f6t\u00edumanna\u00fe\u00fd\u00f0ingunni.\">[<\/span> <br \/> <a name=\"33\"><span class=\"versanumer_2007\">33<\/span><\/a> J\u00f3natan, sonur Samma fr\u00e1 Harar,<br \/>Ah\u00edam, sonur Sarars fr\u00e1 Arar,<br \/> <a name=\"34\"><span class=\"versanumer_2007\">34<\/span><\/a> El\u00edfelet, sonur Ahasba\u00ed fr\u00e1 Maaka,<br \/>El\u00edam, sonur Ak\u00edt\u00f3fels fr\u00e1 G\u00edl\u00f3,<br \/> <a name=\"35\"><span class=\"versanumer_2007\">35<\/span><\/a> Hesr\u00f3 fr\u00e1 Karmel,<br \/>Paara\u00ed fr\u00e1 Arak,<br \/> <a name=\"36\"><span class=\"versanumer_2007\">36<\/span><\/a> J\u00edgal, sonur Natans fr\u00e1 S\u00f3ba,<br \/>Ban\u00ed fr\u00e1 Ga\u00f0,<br \/> <a name=\"37\"><span class=\"versanumer_2007\">37<\/span><\/a> Selek fr\u00e1 Amm\u00f3n,<br \/>Nahara\u00ed fr\u00e1 Beer\u00f3t, hann var skjaldsveinn J\u00f3abs, sonar Ser\u00faju,<br \/> <a name=\"38\"><span class=\"versanumer_2007\">38<\/span><\/a> \u00cdra fr\u00e1 Jatt\u00edr,<br \/>Gareb fr\u00e1 Jatt\u00edr,<br \/> <a name=\"39\"><span class=\"versanumer_2007\">39<\/span><\/a> \u00dar\u00eda Het\u00edti.<br \/>\u00deeir voru alls \u00ferj\u00e1t\u00edu og sj\u00f6.<\/p>\n","protected":false},"excerpt":{"rendered":"<p>S\u00ed\u00f0ustu or\u00f0 Dav\u00ed\u00f0s 1 S\u00ed\u00f0ustu or\u00f0 Dav\u00ed\u00f0s hlj\u00f3\u00f0a svo: Svo segir Dav\u00ed\u00f0, sonur \u00cdsa\u00ed,\u00feannig m\u00e6lir ma\u00f0urinn sem h\u00e1tt var settur,hinn smur\u00f0i Gu\u00f0s Jakobssem lofa\u00f0ur var \u00ed lj\u00f3\u00f0um \u00cdsraels: 2Andi Drottins tala\u00f0i af munni m\u00ednum,or\u00f0 hans var m\u00e9r \u00e1 tungu. 3Gu\u00f0 \u00cdsraels tala\u00f0i,klettur \u00cdsraels sag\u00f0i vi\u00f0 mig:\u201eS\u00e1 sem r\u00edkir \u00ed r\u00e9ttl\u00e6ti,s\u00e1 sem r\u00edkir me\u00f0 lotningu fyrir Drottni, 4hann er eins og dagsbirtan\u00feegar s\u00f3lin r\u00eds \u00e1 hei\u00f0um morgni,\u00feegar gr\u00e6ngresi\u00f0 sprettur eftir regnsk\u00far.\u201c 5Er ekki \u00e6tt m\u00edn studd af Gu\u00f0i?\u00dev\u00ed a\u00f0 hann hefur gert vi\u00f0 mig \u00e6varandi s\u00e1ttm\u00e1la\u00fear sem allt er \u00ed f\u00f6stum skor\u00f0um.J\u00e1, allt sem var m\u00e9r til heilla,allt sem \u00e9g \u00f3ska\u00f0i,l\u00e9t <a href=\"https:\/\/biblian.is\/biblian\/sidari-samuelsbok-23-kafli\/\"> [&#8230;]<\/a><\/p>\n","protected":false},"author":1,"featured_media":0,"parent":0,"menu_order":0,"comment_status":"open","ping_status":"open","template":"bibliukaflar_NT.php","meta":{"footnotes":""},"class_list":["post-1907","page","type-page","status-publish","hentry"],"_links":{"self":[{"href":"https:\/\/biblian.is\/biblian\/wp-json\/wp\/v2\/pages\/1907","targetHints":{"allow":["GET"]}}],"collection":[{"href":"https:\/\/biblian.is\/biblian\/wp-json\/wp\/v2\/pages"}],"about":[{"href":"https:\/\/biblian.is\/biblian\/wp-json\/wp\/v2\/types\/page"}],"author":[{"embeddable":true,"href":"https:\/\/biblian.is\/biblian\/wp-json\/wp\/v2\/users\/1"}],"replies":[{"embeddable":true,"href":"https:\/\/biblian.is\/biblian\/wp-json\/wp\/v2\/comments?post=1907"}],"version-history":[{"count":0,"href":"https:\/\/biblian.is\/biblian\/wp-json\/wp\/v2\/pages\/1907\/revisions"}],"wp:attachment":[{"href":"https:\/\/biblian.is\/biblian\/wp-json\/wp\/v2\/media?parent=1907"}],"curies":[{"name":"wp","href":"https:\/\/api.w.org\/{rel}","templated":true}]}}