{"id":1906,"date":"2017-12-30T21:00:55","date_gmt":"2017-12-30T21:00:55","guid":{"rendered":"http:\/\/biblian.is\/biblian\/s%c2%92_ari-sam%c2%9celsb%c2%97k-22-kafli\/"},"modified":"2024-02-06T18:29:24","modified_gmt":"2024-02-06T18:29:24","slug":"sidari-samuelsbok-22-kafli","status":"publish","type":"page","link":"https:\/\/biblian.is\/biblian\/sidari-samuelsbok-22-kafli\/","title":{"rendered":"S\u00ed\u00f0ari Sam\u00faelsb\u00f3k 22. kafli"},"content":{"rendered":"<h3 class=\"millifyrirsogn_2007\"> \u00deakkars\u00e1lmur Dav\u00ed\u00f0s<\/h3>\n<p><a name=\"1\"><span class=\"versanumer_2007\">1<\/span><\/a> Dav\u00ed\u00f0 flutti Drottni \u00feetta lj\u00f3\u00f0<span class=\"nedan_mal\" title=\" \u00deessi \u00feakkars\u00e1lmur, me\u00f0 nokkrum fr\u00e1vikum, er 18. Dav\u00ed\u00f0ss\u00e1lmur. \">[<\/span> \u00feegar hann haf\u00f0i bjarga\u00f0 Dav\u00ed\u00f0 \u00far greipum allra fjandmanna hans og \u00far greipum S\u00e1ls. Hann sag\u00f0i:<br \/> <span class=\"ljodatexti\"> <a name=\"2\"><span class=\"versanumer_ljod\">2<\/span><\/a>Drottinn, bjarg mitt og v\u00edgi, frelsari minn.<br \/> <\/span> <span class=\"ljodatexti\"> <a name=\"3\"><span class=\"versanumer_ljod\">3<\/span><\/a>Gu\u00f0 minn, hellubjarg mitt \u00fear sem \u00e9g leita h\u00e6lis,<br \/>skj\u00f6ldur minn og horn hj\u00e1lpr\u00e6\u00f0is m\u00edns,<br \/>h\u00e1borg m\u00edn og h\u00e6li,<br \/>frelsari minn sem bjargar m\u00e9r undan ofr\u00edki.<br \/> <\/span> <span class=\"ljodatexti\"> <a name=\"4\"><span class=\"versanumer_ljod\">4<\/span><\/a>Lofa\u00f0ur s\u00e9 Drottinn, hr\u00f3pa \u00e9g<br \/>og bjargast fr\u00e1 fjandm\u00f6nnum m\u00ednum.<br \/> <\/span> <span class=\"ljodatexti\"> <a name=\"5\"><span class=\"versanumer_ljod\">5<\/span><\/a>Holskeflur dau\u00f0ans umluktu mig,<br \/>ey\u00f0andi flj\u00f3t skelfdu mig.<br \/> <\/span> <span class=\"ljodatexti\"> <a name=\"6\"><span class=\"versanumer_ljod\">6<\/span><\/a>B\u00f6nd heljar herptust a\u00f0 m\u00e9r,<br \/>sn\u00f6rur dau\u00f0ans \u00f3gnu\u00f0u m\u00e9r.<br \/> <\/span> <span class=\"ljodatexti\"> <a name=\"7\"><span class=\"versanumer_ljod\">7<\/span><\/a>\u00cd angist minni kalla\u00f0i \u00e9g \u00e1 Drottin,<br \/>til Gu\u00f0s m\u00edns hr\u00f3pa\u00f0i \u00e9g.<br \/>Hann heyr\u00f0i hr\u00f3p mitt \u00ed helgid\u00f3mi s\u00ednum,<br \/>\u00f3p mitt barst honum til eyrna.<br \/> <\/span> <span class=\"ljodatexti\"> <a name=\"8\"><span class=\"versanumer_ljod\">8<\/span><\/a>\u00de\u00e1 skalf j\u00f6r\u00f0in og n\u00f6tra\u00f0i,<br \/>undirst\u00f6\u00f0ur himinsins skulfu,<br \/>\u00fe\u00e6r n\u00f6tru\u00f0u \u00fev\u00ed a\u00f0 hann var rei\u00f0ur.<br \/> <\/span> <span class=\"ljodatexti\"> <a name=\"9\"><span class=\"versanumer_ljod\">9<\/span><\/a>Reyk lag\u00f0i \u00far n\u00f6sum hans,<br \/>ey\u00f0andi eld \u00far munni hans,<br \/>eldslogar gengu \u00fat fr\u00e1 honum.<br \/> <\/span> <span class=\"ljodatexti\"> <a name=\"10\"><span class=\"versanumer_ljod\">10<\/span><\/a>Hann sveig\u00f0i himininn og steig ni\u00f0ur<br \/>og sk\u00fdsorti var undir f\u00f3tum hans.<br \/> <\/span> <span class=\"ljodatexti\"> <a name=\"11\"><span class=\"versanumer_ljod\">11<\/span><\/a>Hann steig \u00e1 bak ker\u00fab og flaug af sta\u00f0,<br \/>hann birtist \u00e1 v\u00e6ngjum vindsins.<br \/> <\/span> <span class=\"ljodatexti\"> <a name=\"12\"><span class=\"versanumer_ljod\">12<\/span><\/a>Hann sveipa\u00f0i sig myrkri,<br \/>regnsk\u00fdjum og sk\u00fdsorta eins og tjaldi.<br \/> <\/span> <span class=\"ljodatexti\"> <a name=\"13\"><span class=\"versanumer_ljod\">13<\/span><\/a>\u00dar lj\u00f3ma hans hrutu eldneistar.<br \/> <\/span> <span class=\"ljodatexti\"> <a name=\"14\"><span class=\"versanumer_ljod\">14<\/span><\/a>\u00de\u00e1 \u00feruma\u00f0i Drottinn af himni,<br \/>Hinn h\u00e6sti l\u00e9t raust s\u00edna gjalla.<br \/> <\/span> <span class=\"ljodatexti\"> <a name=\"15\"><span class=\"versanumer_ljod\">15<\/span><\/a>Hann skaut \u00f6rvum \u00e1 v\u00ed\u00f0 og dreif,<br \/>sl\u00f6ngva\u00f0i eldingum og tv\u00edstra\u00f0i \u00feeim.<br \/> <\/span> <span class=\"ljodatexti\"> <a name=\"16\"><span class=\"versanumer_ljod\">16<\/span><\/a>\u00de\u00e1 s\u00e1 \u00ed mararbotn,<br \/>undirst\u00f6\u00f0ur jar\u00f0ar birtust<br \/>vegna \u00f3gnandi heiftar Drottins<br \/>og bl\u00e1stursins \u00far n\u00f6sum hans.<br \/> <\/span> <span class=\"ljodatexti\"> <a name=\"17\"><span class=\"versanumer_ljod\">17<\/span><\/a>Hann r\u00e9tti h\u00f6nd s\u00edna af himni og greip mig,<br \/>dr\u00f3 mig upp \u00far \u00feessu fimbulvatni, <span class=\"nedan_mal\" title=\" H\u00e9r er \u00e1tt vi\u00f0 dau\u00f0rar\u00edki\u00f0.\">[<\/span> <br \/> <\/span> <span class=\"ljodatexti\"> <a name=\"18\"><span class=\"versanumer_ljod\">18<\/span><\/a>bjarga\u00f0i m\u00e9r undan hinum \u00f6fluga fjandmanni,<br \/>undan hatursm\u00f6nnum m\u00ednum<br \/>sem voru m\u00e9r m\u00e1ttugri.<br \/> <\/span> <span class=\"ljodatexti\"> <a name=\"19\"><span class=\"versanumer_ljod\">19<\/span><\/a>\u00deeir r\u00e9\u00f0ust gegn m\u00e9r \u00e1 \u00f3heilladegi m\u00ednum<br \/>en Drottinn reyndist m\u00e9r sto\u00f0.<br \/> <\/span> <span class=\"ljodatexti\"> <a name=\"20\"><span class=\"versanumer_ljod\">20<\/span><\/a>Hann leiddi mig \u00fat \u00e1 v\u00ed\u00f0avang,<br \/>leysti mig \u00far \u00e1\u00fej\u00e1n \u00fev\u00ed a\u00f0 hann hefur m\u00e6tur \u00e1 m\u00e9r.<br \/> <\/span> <span class=\"ljodatexti\"> <a name=\"21\"><span class=\"versanumer_ljod\">21<\/span><\/a>Drottinn launa\u00f0i m\u00e9r r\u00e9ttl\u00e6ti mitt,<br \/>endurgalt m\u00e9r hreinleika handa minna<br \/> <\/span> <span class=\"ljodatexti\"> <a name=\"22\"><span class=\"versanumer_ljod\">22<\/span><\/a> \u00fev\u00ed a\u00f0 \u00e9g v\u00e9k ekki af vegi Drottins<br \/>og br\u00e1st ekki Gu\u00f0i m\u00ednum.<br \/> <\/span> <span class=\"ljodatexti\"> <a name=\"23\"><span class=\"versanumer_ljod\">23<\/span><\/a> Af \u00fev\u00ed a\u00f0 \u00f6ll bo\u00f0 hans voru m\u00e9r fyrir augum<br \/>og \u00e9g hafna\u00f0i ekki l\u00f6gum hans<br \/> <\/span> <span class=\"ljodatexti\"> <a name=\"24\"><span class=\"versanumer_ljod\">24<\/span><\/a> var \u00e9g flekklaus frammi fyrir honum.<br \/>\u00c9g vara\u00f0ist a\u00f0 syndga,<br \/> <\/span> <span class=\"ljodatexti\"> <a name=\"25\"><span class=\"versanumer_ljod\">25<\/span><\/a> \u00feess vegna launa\u00f0i Drottinn m\u00e9r r\u00e9ttl\u00e6ti mitt<br \/>\u00fev\u00ed a\u00f0 \u00e9g er hreinn \u00ed augum hans.<br \/> <\/span> <span class=\"ljodatexti\"> <a name=\"26\"><span class=\"versanumer_ljod\">26<\/span><\/a> \u00de\u00fa ert tr\u00faum tr\u00far,<br \/>r\u00e1\u00f0v\u00f6ndum r\u00e1\u00f0vandur,<br \/> <\/span> <span class=\"ljodatexti\"> <a name=\"27\"><span class=\"versanumer_ljod\">27<\/span><\/a> einl\u00e6gur einl\u00e6gum,<br \/>en andsn\u00fainn svikurum.<br \/> <\/span> <span class=\"ljodatexti\"> <a name=\"28\"><span class=\"versanumer_ljod\">28<\/span><\/a> \u00de\u00fa frelsar undiroka\u00f0a<br \/>en hefur augu \u00e1 hinum hrokafullu og au\u00f0m\u00fdkir \u00fe\u00e1.<br \/> <\/span> <span class=\"ljodatexti\"> <a name=\"29\"><span class=\"versanumer_ljod\">29<\/span><\/a> J\u00e1, \u00fe\u00fa ert lampi minn, Drottinn.<br \/>Drottinn l\u00fdsir m\u00e9r \u00ed myrkrinu.<br \/> <\/span> <span class=\"ljodatexti\"> <a name=\"30\"><span class=\"versanumer_ljod\">30<\/span><\/a> Me\u00f0 \u00feinni hj\u00e1lp br\u00fdt \u00e9g borgarveggi,<br \/>me\u00f0 Gu\u00f0i m\u00ednum stekk \u00e9g yfir m\u00fara.<br \/> <\/span> <span class=\"ljodatexti\"> <a name=\"31\"><span class=\"versanumer_ljod\">31<\/span><\/a> Vegur Gu\u00f0s er l\u00fdtalaus,<br \/>or\u00f0 Drottins er \u00e1rei\u00f0anlegt,<br \/>skj\u00f6ldur er hann \u00f6llum sem leita h\u00e6lis hj\u00e1 honum.<br \/> <\/span> <span class=\"ljodatexti\"> <a name=\"32\"><span class=\"versanumer_ljod\">32<\/span><\/a> Hver er Gu\u00f0 nema Drottinn?<br \/>Hver er bjarg nema Gu\u00f0 vor?<br \/> <\/span> <span class=\"ljodatexti\"> <a name=\"33\"><span class=\"versanumer_ljod\">33<\/span><\/a> Gu\u00f0 er mitt trausta v\u00edgi,<br \/>hann greiddi m\u00e9r g\u00f6tu s\u00edna.<br \/> <\/span> <span class=\"ljodatexti\"> <a name=\"34\"><span class=\"versanumer_ljod\">34<\/span><\/a> Hann gerir f\u00f3t minn fr\u00e1an sem hindarinnar,<br \/>veitir m\u00e9r f\u00f3tfestu \u00e1 h\u00e6\u00f0unum.<br \/> <\/span> <span class=\"ljodatexti\"> <a name=\"35\"><span class=\"versanumer_ljod\">35<\/span><\/a> Hann \u00fej\u00e1lfar hendur m\u00ednar til herna\u00f0ar,<br \/>arma m\u00edna til a\u00f0 spenna eirbogann.<br \/> <\/span> <span class=\"ljodatexti\"> <a name=\"36\"><span class=\"versanumer_ljod\">36<\/span><\/a> \u00de\u00fa ger\u00f0ir hj\u00e1lp \u00fe\u00edna a\u00f0 skildi m\u00ednum,<br \/>heit \u00feitt ger\u00f0i mig mikinn.<br \/> <\/span> <span class=\"ljodatexti\"> <a name=\"37\"><span class=\"versanumer_ljod\">37<\/span><\/a> \u00de\u00fa r\u00fdmdir fyrir skrefum m\u00ednum<br \/>og \u00f6kklar m\u00ednir ri\u00f0u\u00f0u ekki.<br \/> <\/span> <span class=\"ljodatexti\"> <a name=\"38\"><span class=\"versanumer_ljod\">38<\/span><\/a> \u00c9g elti fjandmenn m\u00edna og uppr\u00e6tti \u00fe\u00e1<br \/>og sneri ekki aftur fyrr en \u00e9g haf\u00f0i eytt \u00feeim.<br \/> <\/span> <span class=\"ljodatexti\"> <a name=\"39\"><span class=\"versanumer_ljod\">39<\/span><\/a> \u00c9g eyddi \u00feeim, mola\u00f0i \u00fe\u00e1 sundur<br \/>svo a\u00f0 \u00feeir risu ekki upp aftur<br \/>og l\u00e1gu undir f\u00f3tum m\u00ednum.<br \/> <\/span> <span class=\"ljodatexti\"> <a name=\"40\"><span class=\"versanumer_ljod\">40<\/span><\/a> \u00de\u00fa gyrtir mig styrkleika til herna\u00f0ar,<br \/>beyg\u00f0ir fjandmenn m\u00edna undir mig.<br \/> <\/span> <span class=\"ljodatexti\"> <a name=\"41\"><span class=\"versanumer_ljod\">41<\/span><\/a> \u00de\u00fa hraktir fjandmenn m\u00edna \u00e1 fl\u00f3tta,<br \/>\u00e9g eyddi hatursm\u00f6nnum m\u00ednum.<br \/> <\/span> <span class=\"ljodatexti\"> <a name=\"42\"><span class=\"versanumer_ljod\">42<\/span><\/a> \u00deeir hr\u00f3pu\u00f0u en enginn kom til hj\u00e1lpar,<br \/>hr\u00f3pu\u00f0u til Drottins en hann svara\u00f0i ekki.<br \/> <\/span> <span class=\"ljodatexti\"> <a name=\"43\"><span class=\"versanumer_ljod\">43<\/span><\/a> \u00c9g muldi \u00fe\u00e1, \u00feeir ur\u00f0u sem ryk,<br \/>tr\u00f3\u00f0 \u00fe\u00e1 undir f\u00f3tum eins og skarn \u00e1 g\u00f6tu.<br \/> <\/span> <span class=\"ljodatexti\"> <a name=\"44\"><span class=\"versanumer_ljod\">44<\/span><\/a> \u00de\u00fa bjarga\u00f0ir m\u00e9r \u00far \u00e1t\u00f6kum \u00fej\u00f3\u00f0ar minnar,<br \/>ger\u00f0ir mig a\u00f0 lei\u00f0toga \u00fej\u00f3\u00f0anna.<br \/>\u00dej\u00f3\u00f0, sem \u00e9g \u00feekkti ekki \u00e1\u00f0ur, \u00fej\u00f3nar m\u00e9r.<br \/> <\/span> <span class=\"ljodatexti\"> <a name=\"45\"><span class=\"versanumer_ljod\">45<\/span><\/a> Framandi menn smja\u00f0ra fyrir m\u00e9r,<br \/>hl\u00fd\u00f0a m\u00e9r um lei\u00f0 og \u00feeir heyra \u00ed m\u00e9r.<br \/> <\/span> <span class=\"ljodatexti\"> <a name=\"46\"><span class=\"versanumer_ljod\">46<\/span><\/a> Framandi menn missa m\u00e1ttinn,<br \/>koma skj\u00e1lfandi \u00far fylgsnum s\u00ednum.<br \/> <\/span> <span class=\"ljodatexti\"> <a name=\"47\"><span class=\"versanumer_ljod\">47<\/span><\/a> Drottinn lifir. Lofa\u00f0 s\u00e9 bjarg mitt.<br \/>Gu\u00f0, klettur hj\u00e1lpr\u00e6\u00f0is m\u00edns, s\u00e9 upphafinn,<br \/> <\/span> <span class=\"ljodatexti\"> <a name=\"48\"><span class=\"versanumer_ljod\">48<\/span><\/a> Gu\u00f0 veitir m\u00e9r hefnd,<br \/>leggur \u00fej\u00f3\u00f0ir undir mig,<br \/> <\/span> <span class=\"ljodatexti\"> <a name=\"49\"><span class=\"versanumer_ljod\">49<\/span><\/a> l\u00e6tur mig komast undan fjandm\u00f6nnum m\u00ednum.<br \/>\u00de\u00fa hefur mig yfir andst\u00e6\u00f0inga m\u00edna,<br \/>frelsar mig fr\u00e1 ofbeldism\u00f6nnum.<br \/> <\/span> <span class=\"ljodatexti\"> <a name=\"50\"><span class=\"versanumer_ljod\">50<\/span><\/a> \u00deess vegna vegsama \u00e9g \u00feig me\u00f0al \u00fej\u00f3\u00f0anna, Drottinn,<br \/>lofsyng nafn \u00feitt.<br \/> <\/span> <span class=\"ljodatexti\"> <a name=\"51\"><span class=\"versanumer_ljod\">51<\/span><\/a> Hann veitir konungi s\u00ednum mikla sigra,<br \/>au\u00f0s\u00fdnir s\u00ednum smur\u00f0a tr\u00fafesti,<br \/>Dav\u00ed\u00f0 og ni\u00f0jum hans \u00e6vinlega. <\/span> <\/p>\n","protected":false},"excerpt":{"rendered":"<p>\u00deakkars\u00e1lmur Dav\u00ed\u00f0s 1 Dav\u00ed\u00f0 flutti Drottni \u00feetta lj\u00f3\u00f0[ \u00feegar hann haf\u00f0i bjarga\u00f0 Dav\u00ed\u00f0 \u00far greipum allra fjandmanna hans og \u00far greipum S\u00e1ls. Hann sag\u00f0i: 2Drottinn, bjarg mitt og v\u00edgi, frelsari minn. 3Gu\u00f0 minn, hellubjarg mitt \u00fear sem \u00e9g leita h\u00e6lis,skj\u00f6ldur minn og horn hj\u00e1lpr\u00e6\u00f0is m\u00edns,h\u00e1borg m\u00edn og h\u00e6li,frelsari minn sem bjargar m\u00e9r undan ofr\u00edki. 4Lofa\u00f0ur s\u00e9 Drottinn, hr\u00f3pa \u00e9gog bjargast fr\u00e1 fjandm\u00f6nnum m\u00ednum. 5Holskeflur dau\u00f0ans umluktu mig,ey\u00f0andi flj\u00f3t skelfdu mig. 6B\u00f6nd heljar herptust a\u00f0 m\u00e9r,sn\u00f6rur dau\u00f0ans \u00f3gnu\u00f0u m\u00e9r. 7\u00cd angist minni kalla\u00f0i \u00e9g \u00e1 Drottin,til Gu\u00f0s m\u00edns hr\u00f3pa\u00f0i \u00e9g.Hann heyr\u00f0i hr\u00f3p mitt \u00ed helgid\u00f3mi s\u00ednum,\u00f3p mitt barst honum til eyrna. <a href=\"https:\/\/biblian.is\/biblian\/sidari-samuelsbok-22-kafli\/\"> [&#8230;]<\/a><\/p>\n","protected":false},"author":1,"featured_media":0,"parent":0,"menu_order":0,"comment_status":"open","ping_status":"open","template":"bibliukaflar_NT.php","meta":{"footnotes":""},"class_list":["post-1906","page","type-page","status-publish","hentry"],"_links":{"self":[{"href":"https:\/\/biblian.is\/biblian\/wp-json\/wp\/v2\/pages\/1906","targetHints":{"allow":["GET"]}}],"collection":[{"href":"https:\/\/biblian.is\/biblian\/wp-json\/wp\/v2\/pages"}],"about":[{"href":"https:\/\/biblian.is\/biblian\/wp-json\/wp\/v2\/types\/page"}],"author":[{"embeddable":true,"href":"https:\/\/biblian.is\/biblian\/wp-json\/wp\/v2\/users\/1"}],"replies":[{"embeddable":true,"href":"https:\/\/biblian.is\/biblian\/wp-json\/wp\/v2\/comments?post=1906"}],"version-history":[{"count":0,"href":"https:\/\/biblian.is\/biblian\/wp-json\/wp\/v2\/pages\/1906\/revisions"}],"wp:attachment":[{"href":"https:\/\/biblian.is\/biblian\/wp-json\/wp\/v2\/media?parent=1906"}],"curies":[{"name":"wp","href":"https:\/\/api.w.org\/{rel}","templated":true}]}}