{"id":1905,"date":"2017-12-30T21:00:55","date_gmt":"2017-12-30T21:00:55","guid":{"rendered":"http:\/\/biblian.is\/biblian\/s%c2%92_ari-sam%c2%9celsb%c2%97k-21-kafli\/"},"modified":"2024-02-06T18:29:24","modified_gmt":"2024-02-06T18:29:24","slug":"sidari-samuelsbok-21-kafli","status":"publish","type":"page","link":"https:\/\/biblian.is\/biblian\/sidari-samuelsbok-21-kafli\/","title":{"rendered":"S\u00ed\u00f0ari Sam\u00faelsb\u00f3k 21. kafli"},"content":{"rendered":"<h3 class=\"millifyrirsogn_2007\"> Ni\u00f0jar S\u00e1ls teknir af l\u00edfi<\/h3>\n<p><a name=\"1\"><span class=\"versanumer_2007\">1<\/span><\/a> \u00cd stj\u00f3rnart\u00ed\u00f0 Dav\u00ed\u00f0s var\u00f0 einu sinni hungursney\u00f0 \u00ed \u00ferj\u00fa \u00e1r samfleytt. \u00de\u00e1 leita\u00f0i Dav\u00ed\u00f0 til Drottins og Drottinn sag\u00f0i: \u201eBl\u00f3\u00f0s\u00f6k hv\u00edlir \u00e1 S\u00e1l og fj\u00f6lskyldu hans af \u00fev\u00ed a\u00f0 hann drap G\u00edbeon\u00edtana.\u201c <a name=\"2\"><span class=\"versanumer_2007\">2<\/span><\/a> G\u00edbeon\u00edtar voru ekki komnir af \u00cdsraelsm\u00f6nnum heldur af leifum Amor\u00edta. \u00cdsraelsmenn h\u00f6f\u00f0u unni\u00f0 \u00feeim ei\u00f0 en samt leita\u00f0ist S\u00e1l vi\u00f0 a\u00f0 tort\u00edma \u00feeim \u00ed ofurkappi s\u00ednu vegna \u00cdsraelsmanna og J\u00fadamanna. <a name=\"3\"><span class=\"versanumer_2007\">3<\/span><\/a> Dav\u00ed\u00f0 kalla\u00f0i n\u00fa G\u00edbeon\u00edtana til s\u00edn og sag\u00f0i: \u201eHva\u00f0 get \u00e9g gert fyrir ykkur? Me\u00f0 hverju get \u00e9g gert yfirb\u00f3t svo a\u00f0 \u00fei\u00f0 geti\u00f0 blessa\u00f0 \u00fej\u00f3\u00f0ina sem Drottinn \u00e1?\u201c <a name=\"4\"><span class=\"versanumer_2007\">4<\/span><\/a> G\u00edbeon\u00edtarnir sv\u00f6ru\u00f0u: \u201eVi\u00f0 krefjumst hvorki gulls n\u00e9 silfurs af S\u00e1l og fj\u00f6lskyldu hans og vi\u00f0 h\u00f6fum ekki r\u00e9tt til a\u00f0 l\u00e1ta taka neinn af l\u00edfi \u00ed \u00cdsrael.\u201c<br \/>Dav\u00ed\u00f0 spur\u00f0i: \u201eHva\u00f0 \u00e1 \u00e9g a\u00f0 gera fyrir ykkur?\u201c<br \/> <a name=\"5\"><span class=\"versanumer_2007\">5<\/span><\/a>\/<a name=\"6\"><span class=\"versanumer_2007\">6<\/span><\/a> \u00de\u00e1 s\u00f6g\u00f0u \u00feeir vi\u00f0 konunginn: \u201eFramseldu okkur sj\u00f6 ni\u00f0ja \u00feess manns sem \u00e6tla\u00f0i a\u00f0 tort\u00edma okkur og haf\u00f0i \u00e1kve\u00f0i\u00f0 a\u00f0 afm\u00e1 okkur svo a\u00f0 enginn okkar yr\u00f0i eftir \u00ed landi \u00cdsraels. Vi\u00f0 \u00e6tlum a\u00f0 taka \u00fe\u00e1 af l\u00edfi handa Drottni \u00ed G\u00edbea, borg S\u00e1ls, hins \u00fatvalda Drottins.\u201c Konungurinn svara\u00f0i: \u201e\u00c9g skal selja ykkur \u00fe\u00e1 \u00ed hendur.\u201c<br \/> <a name=\"7\"><span class=\"versanumer_2007\">7<\/span><\/a> En konungur \u00feyrmdi Mef\u00edb\u00f3set J\u00f3natanssyni S\u00e1lssonar vegna \u00feess ei\u00f0s sem Dav\u00ed\u00f0 og J\u00f3natan, sonur S\u00e1ls, h\u00f6f\u00f0u svari\u00f0 hvor \u00f6\u00f0rum vi\u00f0 nafn Drottins. <a name=\"8\"><span class=\"versanumer_2007\">8<\/span><\/a> Konungurinn s\u00f3tti b\u00e1\u00f0a syni Rispu Ajasd\u00f3ttur, sem h\u00fan haf\u00f0i \u00e1tt me\u00f0 S\u00e1l, \u00fe\u00e1 Arm\u00f3n\u00ed og Mef\u00edb\u00f3set, og fimm syni Merab, d\u00f3ttur S\u00e1ls, sem h\u00fan haf\u00f0i \u00e1tt me\u00f0 Adr\u00edel Barsilla\u00edsyni fr\u00e1 Meh\u00f3la. <a name=\"9\"><span class=\"versanumer_2007\">9<\/span><\/a> Hann framseldi \u00fe\u00e1 s\u00ed\u00f0an \u00ed hendur G\u00edbeon\u00edta og \u00feeir t\u00f3ku \u00fe\u00e1 af l\u00edfi \u00e1 fjallinu fyrir augliti Drottins. \u00deannig d\u00f3u \u00feeir allir sj\u00f6 \u00ed einu. \u00deeir voru teknir af l\u00edfi \u00e1 fyrstu d\u00f6gum uppskerunnar vi\u00f0 upphaf byggskur\u00f0arins.<br \/> <a name=\"10\"><span class=\"versanumer_2007\">10<\/span><\/a> Rispa Ajasd\u00f3ttir t\u00f3k \u00fe\u00e1 sorgarkl\u00e6\u00f0i s\u00edn og breiddi \u00feau \u00e1 kl\u00f6ppina handa s\u00e9r. H\u00fan var hj\u00e1 hinum l\u00e1tnu fr\u00e1 \u00fev\u00ed a\u00f0 uppskeran h\u00f3fst uns regni\u00f0 t\u00f3k a\u00f0 hellast yfir \u00fe\u00e1 af himnum ofan. H\u00fan vernda\u00f0i \u00fe\u00e1 fyrir fuglum himins um daga og d\u00fdrum merkurinnar um n\u00e6tur.<br \/> <a name=\"11\"><span class=\"versanumer_2007\">11<\/span><\/a> \u00deegar Dav\u00ed\u00f0 var sagt fr\u00e1 \u00fev\u00ed sem Rispa Ajasd\u00f3ttir, hj\u00e1kona S\u00e1ls, haf\u00f0i gert <a name=\"12\"><span class=\"versanumer_2007\">12<\/span><\/a> f\u00f3r hann og s\u00f3tti bein S\u00e1ls og J\u00f3natans, sonar hans, til \u00edb\u00faa Jabesborgar \u00ed G\u00edlea\u00f0. \u00deeir h\u00f6f\u00f0u stoli\u00f0 \u00feeim \u00e1 torginu \u00ed Bet San \u00fear sem Filistear h\u00f6f\u00f0u hengt \u00feau upp \u00feegar \u00feeir felldu S\u00e1l \u00e1 Gilb\u00f3a. <a name=\"13\"><span class=\"versanumer_2007\">13<\/span><\/a> \u00dea\u00f0an l\u00e9t Dav\u00ed\u00f0 flytja bein S\u00e1ls og J\u00f3natans, sonar hans. \u00dev\u00ed n\u00e6st var beinum \u00feeirra, sem l\u00edfl\u00e1tnir h\u00f6f\u00f0u veri\u00f0, safna\u00f0 saman <a name=\"14\"><span class=\"versanumer_2007\">14<\/span><\/a> og \u00feau grafin me\u00f0 beinum S\u00e1ls og J\u00f3natans, sonar hans, \u00ed gr\u00f6f K\u00edss, f\u00f6\u00f0ur hans, \u00ed Sela \u00ed landi Benjam\u00edns. Eftir a\u00f0 fari\u00f0 haf\u00f0i veri\u00f0 \u00ed einu og \u00f6llu a\u00f0 bo\u00f0i konungs milda\u00f0ist Gu\u00f0 aftur vi\u00f0 landi\u00f0.<\/p>\n<h3 class=\"millifyrirsogn_2007\">Str\u00ed\u00f0 vi\u00f0 Filistea<\/h3>\n<p><a name=\"15\"><span class=\"versanumer_2007\">15<\/span><\/a> Enn einu sinni kom til \u00f3fri\u00f0ar milli Filistea og \u00cdsraelsmanna. Dav\u00ed\u00f0 h\u00e9lt \u00fe\u00e1 ni\u00f0ur eftir \u00e1samt m\u00f6nnum s\u00ednum og \u00feeir b\u00f6r\u00f0ust gegn Filisteum. \u00deegar Dav\u00ed\u00f0 t\u00f3k a\u00f0 \u00fereytast <a name=\"16\"><span class=\"versanumer_2007\">16<\/span><\/a> kom Refa\u00edtinn Jisbi Benob \u00fear a\u00f0, vopna\u00f0ur eirspj\u00f3ti, sem v\u00f3 \u00ferj\u00fa hundru\u00f0 sikla, og gyrtur n\u00fdju sver\u00f0i. Hann hug\u00f0ist fella Dav\u00ed\u00f0 <a name=\"17\"><span class=\"versanumer_2007\">17<\/span><\/a> en Ab\u00edsa\u00ed Ser\u00fajuson kom honum til hj\u00e1lpar og hj\u00f3 Filisteann banah\u00f6gg. \u00de\u00e1 s\u00f3ru menn Dav\u00ed\u00f0s: \u201e\u00de\u00fa skalt aldrei framar fara me\u00f0 okkur \u00fat \u00ed bardaga svo a\u00f0 \u00fe\u00fa sl\u00f6kkvir ekki \u00e1 lampa \u00cdsraels.\u201c<span class=\"nedan_mal\" title=\" Sj\u00e1 ne\u00f0anm\u00e1lsgrein me\u00f0 1Kon 11.36.\">[<\/span> <a name=\"18\"><span class=\"versanumer_2007\">18<\/span><\/a> S\u00ed\u00f0ar kom til bardaga vi\u00f0 Filistea hj\u00e1 G\u00f3b. \u00de\u00e1 drap Sibbeka\u00ed fr\u00e1 H\u00fasa Saf sem var af \u00e6tt Refa.<br \/> <a name=\"19\"><span class=\"versanumer_2007\">19<\/span><\/a> Enn \u00e1 n\u00fd kom til bardaga vi\u00f0 Filistea hj\u00e1 G\u00f3b. Elkana, sonur Ja\u00edrs fr\u00e1 Betlehem, drap \u00fe\u00e1 Gol\u00edat fr\u00e1 Gat en spj\u00f3tskaft hans var eins og vefjarrifur \u00ed vefst\u00f3l.<br \/> <a name=\"20\"><span class=\"versanumer_2007\">20<\/span><\/a> \u00de\u00e1 var\u00f0 enn bardagi vi\u00f0 Gat. \u00dear var risavaxinn ma\u00f0ur, sem haf\u00f0i sex fingur \u00e1 hvorri hendi og sex t\u00e6r \u00e1 hvorum f\u00e6ti, alls tv\u00e6r tylftir. Einnig hann var af \u00e6tt Refa. <a name=\"21\"><span class=\"versanumer_2007\">21<\/span><\/a> \u00deegar hann h\u00e6ddist a\u00f0 \u00cdsrael drap J\u00f3natan hann en hann var sonur S\u00edmea, br\u00f3\u00f0ur Dav\u00ed\u00f0s.<br \/> <a name=\"22\"><span class=\"versanumer_2007\">22<\/span><\/a> \u00deessir fj\u00f3rir menn voru afkomendur Refa fr\u00e1 Gat. \u00deeir f\u00e9llu allir fyrir hendi Dav\u00ed\u00f0s og manna hans.<\/p>\n","protected":false},"excerpt":{"rendered":"<p>Ni\u00f0jar S\u00e1ls teknir af l\u00edfi 1 \u00cd stj\u00f3rnart\u00ed\u00f0 Dav\u00ed\u00f0s var\u00f0 einu sinni hungursney\u00f0 \u00ed \u00ferj\u00fa \u00e1r samfleytt. \u00de\u00e1 leita\u00f0i Dav\u00ed\u00f0 til Drottins og Drottinn sag\u00f0i: \u201eBl\u00f3\u00f0s\u00f6k hv\u00edlir \u00e1 S\u00e1l og fj\u00f6lskyldu hans af \u00fev\u00ed a\u00f0 hann drap G\u00edbeon\u00edtana.\u201c 2 G\u00edbeon\u00edtar voru ekki komnir af \u00cdsraelsm\u00f6nnum heldur af leifum Amor\u00edta. \u00cdsraelsmenn h\u00f6f\u00f0u unni\u00f0 \u00feeim ei\u00f0 en samt leita\u00f0ist S\u00e1l vi\u00f0 a\u00f0 tort\u00edma \u00feeim \u00ed ofurkappi s\u00ednu vegna \u00cdsraelsmanna og J\u00fadamanna. 3 Dav\u00ed\u00f0 kalla\u00f0i n\u00fa G\u00edbeon\u00edtana til s\u00edn og sag\u00f0i: \u201eHva\u00f0 get \u00e9g gert fyrir ykkur? Me\u00f0 hverju get \u00e9g gert yfirb\u00f3t svo a\u00f0 \u00fei\u00f0 geti\u00f0 blessa\u00f0 \u00fej\u00f3\u00f0ina sem Drottinn \u00e1?\u201c 4 <a href=\"https:\/\/biblian.is\/biblian\/sidari-samuelsbok-21-kafli\/\"> [&#8230;]<\/a><\/p>\n","protected":false},"author":1,"featured_media":0,"parent":0,"menu_order":0,"comment_status":"open","ping_status":"open","template":"bibliukaflar_NT.php","meta":{"footnotes":""},"class_list":["post-1905","page","type-page","status-publish","hentry"],"_links":{"self":[{"href":"https:\/\/biblian.is\/biblian\/wp-json\/wp\/v2\/pages\/1905","targetHints":{"allow":["GET"]}}],"collection":[{"href":"https:\/\/biblian.is\/biblian\/wp-json\/wp\/v2\/pages"}],"about":[{"href":"https:\/\/biblian.is\/biblian\/wp-json\/wp\/v2\/types\/page"}],"author":[{"embeddable":true,"href":"https:\/\/biblian.is\/biblian\/wp-json\/wp\/v2\/users\/1"}],"replies":[{"embeddable":true,"href":"https:\/\/biblian.is\/biblian\/wp-json\/wp\/v2\/comments?post=1905"}],"version-history":[{"count":0,"href":"https:\/\/biblian.is\/biblian\/wp-json\/wp\/v2\/pages\/1905\/revisions"}],"wp:attachment":[{"href":"https:\/\/biblian.is\/biblian\/wp-json\/wp\/v2\/media?parent=1905"}],"curies":[{"name":"wp","href":"https:\/\/api.w.org\/{rel}","templated":true}]}}