{"id":1901,"date":"2017-12-30T21:00:55","date_gmt":"2017-12-30T21:00:55","guid":{"rendered":"http:\/\/biblian.is\/biblian\/s%c2%92_ari-sam%c2%9celsb%c2%97k-17-kafli\/"},"modified":"2024-02-06T18:29:20","modified_gmt":"2024-02-06T18:29:20","slug":"sidari-samuelsbok-17-kafli","status":"publish","type":"page","link":"https:\/\/biblian.is\/biblian\/sidari-samuelsbok-17-kafli\/","title":{"rendered":"S\u00ed\u00f0ari Sam\u00faelsb\u00f3k 17. kafli"},"content":{"rendered":"<h3 class=\"millifyrirsogn_2007\"> H\u00fasa\u00ed blekkir Absalon<\/h3>\n<p><a name=\"1\"><span class=\"versanumer_2007\">1<\/span><\/a> S\u00ed\u00f0an sag\u00f0i Ak\u00edt\u00f3fel vi\u00f0 Absalon: \u201eLeyf m\u00e9r a\u00f0 velja t\u00f3lf \u00fe\u00fasund menn og veita Dav\u00ed\u00f0 eftirf\u00f6r \u00ed n\u00f3tt, <a name=\"2\"><span class=\"versanumer_2007\">2<\/span><\/a> r\u00e1\u00f0ast \u00e1 hann \u00e1 me\u00f0an hann er \u00fereyttur og uppgefinn og skj\u00f3ta honum skelk \u00ed bringu. \u00de\u00e1 fl\u00fdr allur her hans og \u00e9g get drepi\u00f0 konunginn einan. <a name=\"3\"><span class=\"versanumer_2007\">3<\/span><\/a> S\u00ed\u00f0an get \u00e9g leitt \u00fej\u00f3\u00f0ina til \u00fe\u00edn eins og br\u00fa\u00f0i sem kemur til manns s\u00edns.<span class=\"nedan_mal\" title=\" H\u00e9r er fylgt texta gr\u00edsku sj\u00f6t\u00edumanna\u00fe\u00fd\u00f0ingarinnar.\">[<\/span> \u00deannig fellur s\u00e1 ma\u00f0ur sem \u00fe\u00fa vilt feigan en herinn sleppur \u00e1n \u00e1falla.\u201c<br \/> <a name=\"4\"><span class=\"versanumer_2007\">4<\/span><\/a> Absalon og \u00f6llum \u00f6ldungum \u00cdsraels leist vel \u00e1 \u00feessa hugmynd. <a name=\"5\"><span class=\"versanumer_2007\">5<\/span><\/a> Samt sag\u00f0i Absalon: \u201eKalli\u00f0 Ark\u00edtann H\u00fasa\u00ed hinga\u00f0 svo a\u00f0 vi\u00f0 getum einnig heyrt sko\u00f0un hans.\u201c <a name=\"6\"><span class=\"versanumer_2007\">6<\/span><\/a> \u00deegar H\u00fasa\u00ed kom sag\u00f0i Absalon honum hva\u00f0 Ak\u00edt\u00f3fel haf\u00f0i lagt til og spur\u00f0i: \u201eEigum vi\u00f0 a\u00f0 fara a\u00f0 hans r\u00e1\u00f0um? Ef ekki skaltu segja \u00fea\u00f0?\u201c<br \/> <a name=\"7\"><span class=\"versanumer_2007\">7<\/span><\/a> H\u00fasa\u00ed svara\u00f0i Absalon: \u201e\u00cd \u00feetta skipti hefur Ak\u00edt\u00f3fel ekki gefi\u00f0 gott r\u00e1\u00f0.\u201c <a name=\"8\"><span class=\"versanumer_2007\">8<\/span><\/a> Og hann b\u00e6tti vi\u00f0: \u201e\u00de\u00fa \u00feekkir f\u00f6\u00f0ur \u00feinn og menn hans og veist a\u00f0 \u00feeir eru bardagahetjur og grimmir eins og birna \u00e1 bersv\u00e6\u00f0i sem r\u00e6nd hefur veri\u00f0 h\u00fanum s\u00ednum. Fa\u00f0ir \u00feinn er bardagama\u00f0ur sem n\u00e1ttar ekki me\u00f0 herm\u00f6nnum s\u00ednum. <a name=\"9\"><span class=\"versanumer_2007\">9<\/span><\/a> N\u00fa hefur hann sj\u00e1lfsagt fali\u00f0 sig \u00ed einhverjum helli e\u00f0a annars sta\u00f0ar. En ver\u00f0i mannfall \u00ed li\u00f0i okkar \u00ed upphafi og berist fr\u00e9ttin um \u00fea\u00f0 \u00fat ver\u00f0ur sagt: Herinn, sem fylgir Absalon, hefur be\u00f0i\u00f0 \u00f3sigur. <a name=\"10\"><span class=\"versanumer_2007\">10<\/span><\/a> \u00de\u00e1 mun jafnvel lj\u00f3nhuga\u00f0 hreystimenni missa kjarkinn \u00fev\u00ed a\u00f0 s\u00e9rhver \u00cdsraelsma\u00f0ur veit a\u00f0 fa\u00f0ir \u00feinn er hetja og a\u00f0 \u00feeir sem fylgja honum eru hraustmenni. <a name=\"11\"><span class=\"versanumer_2007\">11<\/span><\/a> Af \u00feessum s\u00f6kum legg \u00e9g \u00feetta til: Kalla\u00f0u saman allan \u00cdsrael fr\u00e1 Dan til Beerseba og fj\u00f6ldinn ver\u00f0ur sem sandkorn \u00e1 sj\u00e1varstr\u00f6nd, og \u00fe\u00fa skalt sj\u00e1lfur fara fyrir \u00feeim. <a name=\"12\"><span class=\"versanumer_2007\">12<\/span><\/a> \u00deegar vi\u00f0 finnum hann, hvar sem \u00fea\u00f0 ver\u00f0ur, leggjumst vi\u00f0 yfir hann eins og d\u00f6gg leggst yfir j\u00f6r\u00f0ina. \u00de\u00e1 mun enginn komast undan, hvorki hann sj\u00e1lfur n\u00e9 neinn manna hans. <a name=\"13\"><span class=\"versanumer_2007\">13<\/span><\/a> Takist honum a\u00f0 h\u00f6rfa inn \u00ed einhverja borg munum vi\u00f0 \u00cdsraelsmenn, allir sem einn, binda reipi utan um \u00fe\u00e1 borg og draga hana ni\u00f0ur \u00ed dalinn uns \u00fear finnst ekki einu sinni steinvala.\u201c<br \/> <a name=\"14\"><span class=\"versanumer_2007\">14<\/span><\/a> \u00de\u00e1 sag\u00f0i Absalon og allir \u00cdsraelsmenn t\u00f3ku undir: \u201eR\u00e1\u00f0 H\u00fasa\u00ed Ark\u00edta er betra en r\u00e1\u00f0 Ak\u00edt\u00f3fels.\u201c En Drottinn haf\u00f0i \u00e1kve\u00f0i\u00f0 a\u00f0 gera hi\u00f0 g\u00f3\u00f0a r\u00e1\u00f0 Ak\u00edt\u00f3fels a\u00f0 engu \u00fev\u00ed a\u00f0 Drottinn \u00e6tla\u00f0i a\u00f0 steypa Absalon \u00ed gl\u00f6tun.<\/p>\n<h3 class=\"millifyrirsogn_2007\">Dav\u00ed\u00f0 kemst undan<\/h3>\n<p><a name=\"15\"><span class=\"versanumer_2007\">15<\/span><\/a> H\u00fasa\u00ed sag\u00f0i n\u00fa vi\u00f0 prestana Sad\u00f3k og Abjatar: \u201eAk\u00edt\u00f3fel lag\u00f0i eitt til vi\u00f0 Absalon en \u00e9g anna\u00f0. <a name=\"16\"><span class=\"versanumer_2007\">16<\/span><\/a> Sendi\u00f0 n\u00fa \u00feegar \u00ed sta\u00f0 mann til Dav\u00ed\u00f0s me\u00f0 \u00feessi skilabo\u00f0: \u00cd n\u00f3tt skaltu ekki l\u00e1ta fyrirberast vi\u00f0 v\u00f6\u00f0in yfir til ey\u00f0imerkurinnar, far\u00f0u heldur \u00feegar \u00ed sta\u00f0 yfir um svo a\u00f0 \u00fe\u00fa, herra konungur, ver\u00f0ir ekki gersigra\u00f0ur \u00e1samt \u00f6llum hernum sem me\u00f0 \u00fe\u00e9r er.\u201c<br \/> <a name=\"17\"><span class=\"versanumer_2007\">17<\/span><\/a> J\u00f3natan og Ak\u00edmaas bi\u00f0u vi\u00f0 R\u00f3gellind. \u00dej\u00f3nustust\u00falka nokkur gekk \u00fe\u00e1 til \u00feeirra og flutti \u00feeim skilabo\u00f0in og \u00feeir f\u00f3ru me\u00f0 \u00feau til Dav\u00ed\u00f0s konungs. \u00deeir m\u00e1ttu ekki l\u00e1ta sj\u00e1 sig og g\u00e1tu \u00fev\u00ed ekki fari\u00f0 inn \u00ed borgina. <a name=\"18\"><span class=\"versanumer_2007\">18<\/span><\/a> Samt kom unglingur nokkur auga \u00e1 \u00fe\u00e1 og sag\u00f0i Absalon fr\u00e1 \u00fev\u00ed. En \u00feeir J\u00f3natan og Ak\u00edmaas fl\u00fdttu s\u00e9r b\u00e1\u00f0ir \u00e1 brott og f\u00f3ru heim til manns nokkurs \u00ed Bah\u00far\u00edm. \u00cd h\u00fasagar\u00f0i hans var brunnur sem \u00feeir f\u00f3ru ofan \u00ed. <a name=\"19\"><span class=\"versanumer_2007\">19<\/span><\/a> H\u00fasfreyjan s\u00f3tti teppi, breiddi \u00fea\u00f0 yfir brunnopi\u00f0 og str\u00e1\u00f0i s\u00ed\u00f0an korni yfir svo a\u00f0 ekkert grunsamlegt s\u00e1st.<br \/> <a name=\"20\"><span class=\"versanumer_2007\">20<\/span><\/a> \u00deegar \u00fej\u00f3nar Absalons komu inn \u00ed h\u00fasi\u00f0 til konunnar spur\u00f0u \u00feeir: \u201eHvar eru Ak\u00edmaas og J\u00f3natan?\u201c H\u00fan svara\u00f0i: \u201e\u00deeir f\u00f3ru \u00ed \u00e1ttina a\u00f0 vatninu.\u201c \u00dej\u00f3narnir leitu\u00f0u \u00e1n \u00feess a\u00f0 finna \u00fe\u00e1 og sneru aftur til Jer\u00fasalem.<br \/> <a name=\"21\"><span class=\"versanumer_2007\">21<\/span><\/a> \u00deegar \u00feeir voru farnir komu b\u00e1\u00f0ir mennirnir upp \u00far brunninum. \u00deeir f\u00f3ru s\u00ed\u00f0an til Dav\u00ed\u00f0s konungs, fluttu honum skilabo\u00f0in og s\u00f6g\u00f0u einnig vi\u00f0 hann: \u201eFari\u00f0 og fl\u00fdti\u00f0 ykkur yfir \u00e1na \u00fev\u00ed a\u00f0 Ak\u00edt\u00f3fel hefur lagt \u00e1 r\u00e1\u00f0in gegn ykkur.\u201c <a name=\"22\"><span class=\"versanumer_2007\">22<\/span><\/a> \u00de\u00e1 h\u00e9lt Dav\u00ed\u00f0 af sta\u00f0 \u00e1samt \u00f6llum hernum, sem me\u00f0 honum var, og f\u00f3r yfir J\u00f3rdan. \u00deegar l\u00fdsti af degi voru allir komnir yfir J\u00f3rdan og var enginn eftir.<br \/> <a name=\"23\"><span class=\"versanumer_2007\">23<\/span><\/a> \u00deegar Ak\u00edt\u00f3fel komst a\u00f0 raun um a\u00f0 r\u00e1\u00f0i hans haf\u00f0i ekki veri\u00f0 fylgt lag\u00f0i hann \u00e1 asna sinn og h\u00e9lt til heimaborgar sinnar. \u00dear r\u00e1\u00f0stafa\u00f0i hann eigum s\u00ednum. S\u00ed\u00f0an hengdi hann sig og l\u00e9t \u00feannig l\u00edfi\u00f0. Hann var grafinn \u00ed gr\u00f6f f\u00f6\u00f0ur s\u00edns.<br \/> <a name=\"24\"><span class=\"versanumer_2007\">24<\/span><\/a> \u00deegar Dav\u00ed\u00f0 kom til Mahana\u00edm var Absalon kominn yfir J\u00f3rdan \u00e1samt \u00f6llum \u00cdsraelsher. <a name=\"25\"><span class=\"versanumer_2007\">25<\/span><\/a> Absalon haf\u00f0i gert Amasa a\u00f0 yfirhersh\u00f6f\u00f0ingja \u00ed sta\u00f0inn fyrir J\u00f3ab. Amasa var sonur \u00cdtra fr\u00e1 \u00cdsmael og Ab\u00edgal. H\u00fan var Nahasd\u00f3ttir, systir Ser\u00faju, m\u00f3\u00f0ur J\u00f3abs. <a name=\"26\"><span class=\"versanumer_2007\">26<\/span><\/a> \u00cdsraelsmenn og Absalon settu upp b\u00fa\u00f0ir s\u00ednar \u00ed G\u00edlea\u00f0.<br \/> <a name=\"27\"><span class=\"versanumer_2007\">27<\/span><\/a> Um lei\u00f0 og Dav\u00ed\u00f0 kom til Mahana\u00edm komu S\u00f3b\u00ed Nahasson fr\u00e1 Rabba \u00ed Amm\u00f3n og Mak\u00edr Amm\u00edelsson fr\u00e1 L\u00f3debar og G\u00edlea\u00f0\u00edtinn Barsilla\u00ed fr\u00e1 R\u00f3gel\u00edm til Dav\u00ed\u00f0s. <a name=\"28\"><span class=\"versanumer_2007\">28<\/span><\/a> \u00deeir f\u00e6r\u00f0u Dav\u00ed\u00f0 og hernum, sem var me\u00f0 honum, d\u00fdnur og \u00e1brei\u00f0ur, sk\u00e1lar og leirker og enn fremur hveiti, bygg, mj\u00f6l og rista\u00f0 korn, ertur og linsubaunir, <a name=\"29\"><span class=\"versanumer_2007\">29<\/span><\/a> hunang og s\u00farmj\u00f3lk, f\u00e9na\u00f0 og ost. \u00deeir hugsu\u00f0u me\u00f0 s\u00e9r: \u201eHermennirnir eru svangir, \u00feyrstir og uppgefnir eftir dv\u00f6lina \u00ed ey\u00f0im\u00f6rkinni.\u201c<\/p>\n","protected":false},"excerpt":{"rendered":"<p>H\u00fasa\u00ed blekkir Absalon 1 S\u00ed\u00f0an sag\u00f0i Ak\u00edt\u00f3fel vi\u00f0 Absalon: \u201eLeyf m\u00e9r a\u00f0 velja t\u00f3lf \u00fe\u00fasund menn og veita Dav\u00ed\u00f0 eftirf\u00f6r \u00ed n\u00f3tt, 2 r\u00e1\u00f0ast \u00e1 hann \u00e1 me\u00f0an hann er \u00fereyttur og uppgefinn og skj\u00f3ta honum skelk \u00ed bringu. \u00de\u00e1 fl\u00fdr allur her hans og \u00e9g get drepi\u00f0 konunginn einan. 3 S\u00ed\u00f0an get \u00e9g leitt \u00fej\u00f3\u00f0ina til \u00fe\u00edn eins og br\u00fa\u00f0i sem kemur til manns s\u00edns.[ \u00deannig fellur s\u00e1 ma\u00f0ur sem \u00fe\u00fa vilt feigan en herinn sleppur \u00e1n \u00e1falla.\u201c 4 Absalon og \u00f6llum \u00f6ldungum \u00cdsraels leist vel \u00e1 \u00feessa hugmynd. 5 Samt sag\u00f0i Absalon: \u201eKalli\u00f0 Ark\u00edtann H\u00fasa\u00ed hinga\u00f0 svo a\u00f0 <a href=\"https:\/\/biblian.is\/biblian\/sidari-samuelsbok-17-kafli\/\"> [&#8230;]<\/a><\/p>\n","protected":false},"author":1,"featured_media":0,"parent":0,"menu_order":0,"comment_status":"open","ping_status":"open","template":"bibliukaflar_NT.php","meta":{"footnotes":""},"class_list":["post-1901","page","type-page","status-publish","hentry"],"_links":{"self":[{"href":"https:\/\/biblian.is\/biblian\/wp-json\/wp\/v2\/pages\/1901","targetHints":{"allow":["GET"]}}],"collection":[{"href":"https:\/\/biblian.is\/biblian\/wp-json\/wp\/v2\/pages"}],"about":[{"href":"https:\/\/biblian.is\/biblian\/wp-json\/wp\/v2\/types\/page"}],"author":[{"embeddable":true,"href":"https:\/\/biblian.is\/biblian\/wp-json\/wp\/v2\/users\/1"}],"replies":[{"embeddable":true,"href":"https:\/\/biblian.is\/biblian\/wp-json\/wp\/v2\/comments?post=1901"}],"version-history":[{"count":0,"href":"https:\/\/biblian.is\/biblian\/wp-json\/wp\/v2\/pages\/1901\/revisions"}],"wp:attachment":[{"href":"https:\/\/biblian.is\/biblian\/wp-json\/wp\/v2\/media?parent=1901"}],"curies":[{"name":"wp","href":"https:\/\/api.w.org\/{rel}","templated":true}]}}