{"id":1897,"date":"2017-12-30T21:00:50","date_gmt":"2017-12-30T21:00:50","guid":{"rendered":"http:\/\/biblian.is\/biblian\/s%c2%92_ari-sam%c2%9celsb%c2%97k-13-kafli\/"},"modified":"2024-02-06T18:29:17","modified_gmt":"2024-02-06T18:29:17","slug":"sidari-samuelsbok-13-kafli","status":"publish","type":"page","link":"https:\/\/biblian.is\/biblian\/sidari-samuelsbok-13-kafli\/","title":{"rendered":"S\u00ed\u00f0ari Sam\u00faelsb\u00f3k 13. kafli"},"content":{"rendered":"<h3 class=\"millifyrirsogn_2007\"> Amnon og Tamar<\/h3>\n<p><a name=\"1\"><span class=\"versanumer_2007\">1<\/span><\/a> N\u00fa segir fr\u00e1 \u00fev\u00ed a\u00f0 Absalon, sonur Dav\u00ed\u00f0s, \u00e1tti fallega systur sem h\u00e9t Tamar. Amnon, sonur Dav\u00ed\u00f0s, var\u00f0 \u00e1stfanginn af henni. <a name=\"2\"><span class=\"versanumer_2007\">2<\/span><\/a> Amnon var\u00f0 hugsj\u00fakur af \u00fer\u00e1 til Tamar, systur sinnar. En af \u00fev\u00ed a\u00f0 h\u00fan var \u00f3spj\u00f6llu\u00f0 mey s\u00e1 Amnon enga lei\u00f0 til a\u00f0 f\u00e1 vilja s\u00ednum framgengt vi\u00f0 hana.<br \/> <a name=\"3\"><span class=\"versanumer_2007\">3<\/span><\/a> Amnon \u00e1tti vin sem h\u00e9t J\u00f3nadab. Hann var sonur S\u00edmea, br\u00f3\u00f0ur Dav\u00ed\u00f0s. J\u00f3nadab var afar r\u00e1\u00f0snjall ma\u00f0ur. <a name=\"4\"><span class=\"versanumer_2007\">4<\/span><\/a> Einhverju sinni spur\u00f0i hann Amnon: \u201eHvers vegna ert \u00fe\u00fa alltaf svona ni\u00f0urdreginn, konungssonur? Viltu ekki segja m\u00e9r \u00fea\u00f0?\u201c Amnon svara\u00f0i: \u201e\u00c9g elska Tamar, systur Absalons, br\u00f3\u00f0ur m\u00edns.\u201c <a name=\"5\"><span class=\"versanumer_2007\">5<\/span><\/a> \u00de\u00e1 sag\u00f0i J\u00f3nadab vi\u00f0 hann: \u201eLeggstu \u00ed r\u00fami\u00f0 og l\u00e1ttu sem \u00fe\u00fa s\u00e9rt veikur. Og \u00feegar fa\u00f0ir \u00feinn kemur til \u00feess a\u00f0 vitja um \u00feig skaltu segja vi\u00f0 hann: L\u00e1ttu Tamar, systur m\u00edna, koma og gefa m\u00e9r a\u00f0 eta. H\u00fan \u00e1 a\u00f0 b\u00faa til matinn fyrir augum m\u00ednum og s\u00ed\u00f0an et \u00e9g \u00far hendi hennar.\u201c<br \/> <a name=\"6\"><span class=\"versanumer_2007\">6<\/span><\/a> Amnon lag\u00f0ist \u00fe\u00e1 og l\u00e9st vera veikur. \u00deegar konungur kom a\u00f0 heims\u00e6kja hann sag\u00f0i Amnon: \u201eL\u00e1ttu Tamar, systur m\u00edna, koma og baka tv\u00e6r k\u00f6kur fyrir augum m\u00ednum og s\u00ed\u00f0an et \u00e9g \u00fe\u00e6r \u00far hendi hennar.\u201c <a name=\"7\"><span class=\"versanumer_2007\">7<\/span><\/a> Dav\u00ed\u00f0 sendi mann me\u00f0 \u00feessi bo\u00f0 til Tamar: \u201eFar\u00f0u heim til Amnons, br\u00f3\u00f0ur \u00fe\u00edns, og b\u00fa\u00f0u til mat handa honum.\u201c<br \/> <a name=\"8\"><span class=\"versanumer_2007\">8<\/span><\/a> Tamar f\u00f3r \u00fe\u00e1 heim til Amnons, br\u00f3\u00f0ur s\u00edns, sem l\u00e1 r\u00famfastur. H\u00fan t\u00f3k deig, hno\u00f0a\u00f0i \u00fea\u00f0 og ger\u00f0i k\u00f6kur en hann horf\u00f0i \u00e1. \u00deegar h\u00fan var b\u00fain a\u00f0 baka k\u00f6kurnar <a name=\"9\"><span class=\"versanumer_2007\">9<\/span><\/a> bar h\u00fan \u00fe\u00e6r fyrir hann \u00e1 p\u00f6nnunni. Hann vildi ekki eta en sag\u00f0i: \u201eL\u00e1ti\u00f0 alla fara \u00fat.\u201c <a name=\"10\"><span class=\"versanumer_2007\">10<\/span><\/a> Amnon sag\u00f0i vi\u00f0 Tamar: \u201eF\u00e6r\u00f0u m\u00e9r matinn inn \u00ed svefnherbergi\u00f0 svo a\u00f0 \u00e9g geti eti\u00f0 \u00far hendi \u00feinni.\u201c Tamar t\u00f3k \u00fe\u00e1 k\u00f6kurnar, sem h\u00fan haf\u00f0i baka\u00f0, og f\u00f3r me\u00f0 \u00fe\u00e6r inn \u00ed svefnherbergi\u00f0 til Amnons br\u00f3\u00f0ur s\u00edns. <a name=\"11\"><span class=\"versanumer_2007\">11<\/span><\/a> \u00deegar h\u00fan r\u00e9tti honum k\u00f6kurnar, svo a\u00f0 hann g\u00e6ti eti\u00f0 \u00fe\u00e6r, \u00fereif hann \u00ed hana og sag\u00f0i vi\u00f0 hana: \u201eKomdu, systir m\u00edn, og leggstu me\u00f0 m\u00e9r.\u201c <a name=\"12\"><span class=\"versanumer_2007\">12<\/span><\/a> H\u00fan svara\u00f0i: \u201eNei, br\u00f3\u00f0ir minn, sv\u00edvirtu mig ekki \u00fev\u00ed a\u00f0 sl\u00edkt er \u00f3leyfilegt \u00ed \u00cdsrael. Fremdu ekki sl\u00edka \u00f3h\u00e6fu. <a name=\"13\"><span class=\"versanumer_2007\">13<\/span><\/a> Og hva\u00f0 \u00e6tti a\u00f0 ver\u00f0a um mig me\u00f0 sk\u00f6mm m\u00edna? \u00de\u00fa sj\u00e1lfur yr\u00f0ir talinn me\u00f0al mestu \u00f3menna \u00cdsraels. Tala\u00f0u heldur vi\u00f0 konunginn, hann hefur \u00e1rei\u00f0anlega ekkert \u00e1 m\u00f3ti \u00fev\u00ed a\u00f0 \u00fe\u00fa eigir mig.\u201c<br \/> <a name=\"14\"><span class=\"versanumer_2007\">14<\/span><\/a> En hann hlusta\u00f0i ekki \u00e1 hana heldur \u00fereif \u00ed hana, neytti aflsmunar og nau\u00f0ga\u00f0i henni.<br \/> <a name=\"15\"><span class=\"versanumer_2007\">15<\/span><\/a> Eftir \u00fea\u00f0 f\u00e9kk Amnon mikla \u00f3beit \u00e1 henni. N\u00fa hata\u00f0i hann hana meira en hann haf\u00f0i elska\u00f0 hana \u00e1\u00f0ur og Amnon sag\u00f0i vi\u00f0 hana: \u201eFar\u00f0u \u00e1 f\u00e6tur og haf\u00f0u \u00feig \u00e1 burt.\u201c <a name=\"16\"><span class=\"versanumer_2007\">16<\/span><\/a> En h\u00fan svara\u00f0i honum: \u201eNei, ef \u00fe\u00fa rekur mig n\u00fa \u00e1 brott er \u00fea\u00f0 enn meira rangl\u00e6ti en \u00fea\u00f0 sem \u00fe\u00fa ger\u00f0ir m\u00e9r.\u201c En hann hlusta\u00f0i ekki \u00e1 hana <a name=\"17\"><span class=\"versanumer_2007\">17<\/span><\/a> heldur kalla\u00f0i \u00e1 unglinginn, sem \u00fej\u00f3na\u00f0i honum, og sag\u00f0i: \u201eLosa\u00f0u mig vi\u00f0 \u00feessa st\u00falku, rektu hana \u00fat \u00e1 g\u00f6tuna og l\u00e6stu dyrunum \u00e1 eftir henni.\u201c<br \/> <a name=\"18\"><span class=\"versanumer_2007\">18<\/span><\/a> Tamar var \u00ed s\u00ed\u00f0um ermal\u00f6ngum kj\u00f3l \u00fev\u00ed a\u00f0 d\u00e6tur konunga kl\u00e6ddust \u00feess konar yfirh\u00f6fnum \u00e1 me\u00f0an \u00fe\u00e6r voru \u00f3spjalla\u00f0ar meyjar. \u00deegar \u00fej\u00f3nninn haf\u00f0i reki\u00f0 hana \u00fat \u00e1 g\u00f6tuna og l\u00e6st dyrunum \u00e1 eftir henni <a name=\"19\"><span class=\"versanumer_2007\">19<\/span><\/a> j\u00f3s Tamar mold yfir h\u00f6fu\u00f0 s\u00e9r og reif kj\u00f3linn, sem h\u00fan var \u00ed, lag\u00f0i h\u00f6nd \u00e1 h\u00f6fu\u00f0 s\u00e9r og gekk hlj\u00f3\u00f0andi \u00e1 brott. <a name=\"20\"><span class=\"versanumer_2007\">20<\/span><\/a> \u00de\u00e1 sag\u00f0i Absalon, br\u00f3\u00f0ir hennar, vi\u00f0 hana: \u201eHefur Amnon, br\u00f3\u00f0ir \u00feinn, veri\u00f0 me\u00f0 \u00fe\u00e9r? Seg\u00f0u engum fr\u00e1 \u00fev\u00ed, systir, \u00fev\u00ed a\u00f0 hann er br\u00f3\u00f0ir \u00feinn. Taktu \u00feetta ekki n\u00e6rri \u00fe\u00e9r.\u201c S\u00ed\u00f0an bj\u00f3 Tamar ein og yfirgefin \u00ed h\u00fasi Absalons, br\u00f3\u00f0ur s\u00edns.<br \/> <a name=\"21\"><span class=\"versanumer_2007\">21<\/span><\/a> \u00deegar Dav\u00ed\u00f0 konungur fr\u00e9tti af \u00feessu var\u00f0 hann mj\u00f6g rei\u00f0ur. <a name=\"22\"><span class=\"versanumer_2007\">22<\/span><\/a> En Absalon tala\u00f0i ekki vi\u00f0 Amnon eftir \u00feetta, hvorki illt n\u00e9 gott. Hann hata\u00f0i Amnon vegna \u00feess a\u00f0 hann haf\u00f0i nau\u00f0ga\u00f0 Tamar, systur hans.<\/p>\n<h3 class=\"millifyrirsogn_2007\">Hefnd Absalons<\/h3>\n<p><a name=\"23\"><span class=\"versanumer_2007\">23<\/span><\/a> Tveim \u00e1rum s\u00ed\u00f0ar l\u00e9t Absalon r\u00fdja f\u00e9 sitt \u00ed Baal Has\u00f3r vi\u00f0 Efra\u00edm og bau\u00f0 \u00fe\u00e1 \u00f6llum sonum konungs til veislu. <a name=\"24\"><span class=\"versanumer_2007\">24<\/span><\/a> Hann gekk \u00fev\u00ed fyrir konung og sag\u00f0i: \u201eN\u00fa er veri\u00f0 a\u00f0 r\u00fdja f\u00e9 mitt, \u00fej\u00f3ns \u00fe\u00edns. Mundi konungur vilja koma \u00e1samt hir\u00f0m\u00f6nnum s\u00ednum og sitja veislu me\u00f0 \u00fej\u00f3ni s\u00ednum?\u201c <a name=\"25\"><span class=\"versanumer_2007\">25<\/span><\/a> Konungur svara\u00f0i Absalon: \u201eNei, sonur minn. Vi\u00f0 getum ekki komi\u00f0 allir. Vi\u00f0 viljum ekki \u00ed\u00feyngja \u00fe\u00e9r.\u201c \u00de\u00f3 a\u00f0 Absalon leg\u00f0i a\u00f0 honum vildi hann ekki koma, heldur ba\u00f0 hann a\u00f0 fara og kvaddi hann. <a name=\"26\"><span class=\"versanumer_2007\">26<\/span><\/a> \u00de\u00e1 sag\u00f0i Absalon: \u201eM\u00e1 Amnon, br\u00f3\u00f0ir minn, \u00fe\u00e1 ekki fara me\u00f0 okkur?\u201c En konungur spur\u00f0i: \u201eHvers vegna \u00e6tti hann a\u00f0 fara me\u00f0 \u00fe\u00e9r?\u201c <a name=\"27\"><span class=\"versanumer_2007\">27<\/span><\/a> \u00deegar Absalon lag\u00f0i enn fastar a\u00f0 honum leyf\u00f0i hann loks a\u00f0 Amnon f\u00e6ri me\u00f0 honum \u00e1samt hinum sonum konungs.<br \/> <a name=\"28\"><span class=\"versanumer_2007\">28<\/span><\/a> N\u00fa gaf Absalon m\u00f6nnum s\u00ednum \u00feessi fyrirm\u00e6li: \u201eFylgist vel me\u00f0 \u00feegar Amnon gerist hreifur af v\u00edni. \u00deegar \u00e9g segi ykkur a\u00f0 r\u00e1\u00f0ast \u00e1 hann skulu\u00f0 \u00fei\u00f0 drepa hann. Veri\u00f0 \u00f3hr\u00e6ddir \u00fev\u00ed a\u00f0 \u00fea\u00f0 er \u00e9g sem hef skipa\u00f0 ykkur \u00feetta. Veri\u00f0 hughraustir og s\u00fdni\u00f0 karlmennsku.\u201c<br \/> <a name=\"29\"><span class=\"versanumer_2007\">29<\/span><\/a> Mennirnir ger\u00f0u s\u00ed\u00f0an vi\u00f0 Amnon \u00fea\u00f0 sem Absalon haf\u00f0i fyrirskipa\u00f0 og spruttu \u00fe\u00e1 allir synir konungs \u00e1 f\u00e6tur, stigu \u00e1 bak m\u00fald\u00fdrum s\u00ednum og fl\u00fd\u00f0u. <a name=\"30\"><span class=\"versanumer_2007\">30<\/span><\/a> \u00c1 me\u00f0an \u00feeir voru \u00e1 lei\u00f0inni barst Dav\u00ed\u00f0 \u00feessi or\u00f0r\u00f3mur: \u201eAbsalon hefur drepi\u00f0 alla syni konungs. Enginn \u00feeirra komst undan.\u201c <a name=\"31\"><span class=\"versanumer_2007\">31<\/span><\/a> \u00de\u00e1 reis konungur \u00e1 f\u00e6tur, reif kl\u00e6\u00f0i s\u00edn og varpa\u00f0i s\u00e9r til jar\u00f0ar. Allir \u00fej\u00f3nar hans st\u00f3\u00f0u umhverfis hann og rifu kl\u00e6\u00f0i s\u00edn.<br \/> <a name=\"32\"><span class=\"versanumer_2007\">32<\/span><\/a> En J\u00f3nadab, sonur S\u00edmea, br\u00f3\u00f0ur Dav\u00ed\u00f0s, sag\u00f0i: \u201eHerra minn \u00fearf ekki a\u00f0 \u00f3ttast a\u00f0 \u00feessir ungu konungssynir, allir synir konungs, hafi veri\u00f0 drepnir. Amnon einn er dau\u00f0ur. Fr\u00e1 \u00fev\u00ed a\u00f0 Amnon nau\u00f0ga\u00f0i Tamar hefur svipur Absalons vita\u00f0 \u00e1 illt. <a name=\"33\"><span class=\"versanumer_2007\">33<\/span><\/a> Herra minn, konungurinn, m\u00e1 ekki taka \u00feetta n\u00e6rri s\u00e9r og halda a\u00f0 allir synir konungsins s\u00e9u dau\u00f0ir \u00fev\u00ed a\u00f0 Amnon einn er dau\u00f0ur.\u201c<br \/> <a name=\"34\"><span class=\"versanumer_2007\">34<\/span><\/a> \u00c1 me\u00f0an \u00feessu f\u00f3r fram haf\u00f0i Absalon komist undan. Ungi ma\u00f0urinn, sem var \u00e1 ver\u00f0i, kom allt \u00ed einu auga \u00e1 mikinn mannfj\u00f6lda sem kom eftir veginum til H\u00f3r\u00f3na\u00edm utan \u00ed fjallshl\u00ed\u00f0inni. <a name=\"35\"><span class=\"versanumer_2007\">35<\/span><\/a> \u00de\u00e1 sag\u00f0i J\u00f3nadab vi\u00f0 konunginn: \u201e\u00dearna koma konungssynirnir. \u00deetta er eins og \u00fej\u00f3nn \u00feinn hefur sagt.\u201c <a name=\"36\"><span class=\"versanumer_2007\">36<\/span><\/a> Varla haf\u00f0i hann sleppt or\u00f0inu \u00feegar synir konungs komu og gr\u00e9tu h\u00e1st\u00f6fum. Konungur og \u00fej\u00f3nar hans t\u00f3ku \u00fe\u00e1 einnig a\u00f0 gr\u00e1ta h\u00e1st\u00f6fum. <a name=\"37\"><span class=\"versanumer_2007\">37<\/span><\/a> En \u00e1 me\u00f0an \u00feessu f\u00f3r fram haf\u00f0i Absalon fl\u00fai\u00f0 til Talma\u00ed Amm\u00edh\u00fa\u00f0ssonar, konungs \u00ed Ges\u00far. En Dav\u00ed\u00f0 syrg\u00f0i son sinn langa hr\u00ed\u00f0. <a name=\"38\"><span class=\"versanumer_2007\">38<\/span><\/a> \u00deegar Absalon fl\u00fd\u00f0i f\u00f3r hann til Ges\u00far og dvaldist \u00fear \u00ed \u00ferj\u00fa \u00e1r. <a name=\"39\"><span class=\"versanumer_2007\">39<\/span><\/a> En vi\u00f0horf konungs til Absalons milda\u00f0ist \u00feegar hann haf\u00f0i s\u00e6tt sig vi\u00f0 dau\u00f0a Amnons.<\/p>\n","protected":false},"excerpt":{"rendered":"<p>Amnon og Tamar 1 N\u00fa segir fr\u00e1 \u00fev\u00ed a\u00f0 Absalon, sonur Dav\u00ed\u00f0s, \u00e1tti fallega systur sem h\u00e9t Tamar. Amnon, sonur Dav\u00ed\u00f0s, var\u00f0 \u00e1stfanginn af henni. 2 Amnon var\u00f0 hugsj\u00fakur af \u00fer\u00e1 til Tamar, systur sinnar. En af \u00fev\u00ed a\u00f0 h\u00fan var \u00f3spj\u00f6llu\u00f0 mey s\u00e1 Amnon enga lei\u00f0 til a\u00f0 f\u00e1 vilja s\u00ednum framgengt vi\u00f0 hana. 3 Amnon \u00e1tti vin sem h\u00e9t J\u00f3nadab. Hann var sonur S\u00edmea, br\u00f3\u00f0ur Dav\u00ed\u00f0s. J\u00f3nadab var afar r\u00e1\u00f0snjall ma\u00f0ur. 4 Einhverju sinni spur\u00f0i hann Amnon: \u201eHvers vegna ert \u00fe\u00fa alltaf svona ni\u00f0urdreginn, konungssonur? Viltu ekki segja m\u00e9r \u00fea\u00f0?\u201c Amnon svara\u00f0i: \u201e\u00c9g elska Tamar, systur Absalons, br\u00f3\u00f0ur <a href=\"https:\/\/biblian.is\/biblian\/sidari-samuelsbok-13-kafli\/\"> [&#8230;]<\/a><\/p>\n","protected":false},"author":1,"featured_media":0,"parent":0,"menu_order":0,"comment_status":"open","ping_status":"open","template":"bibliukaflar_NT.php","meta":{"footnotes":""},"class_list":["post-1897","page","type-page","status-publish","hentry"],"_links":{"self":[{"href":"https:\/\/biblian.is\/biblian\/wp-json\/wp\/v2\/pages\/1897","targetHints":{"allow":["GET"]}}],"collection":[{"href":"https:\/\/biblian.is\/biblian\/wp-json\/wp\/v2\/pages"}],"about":[{"href":"https:\/\/biblian.is\/biblian\/wp-json\/wp\/v2\/types\/page"}],"author":[{"embeddable":true,"href":"https:\/\/biblian.is\/biblian\/wp-json\/wp\/v2\/users\/1"}],"replies":[{"embeddable":true,"href":"https:\/\/biblian.is\/biblian\/wp-json\/wp\/v2\/comments?post=1897"}],"version-history":[{"count":0,"href":"https:\/\/biblian.is\/biblian\/wp-json\/wp\/v2\/pages\/1897\/revisions"}],"wp:attachment":[{"href":"https:\/\/biblian.is\/biblian\/wp-json\/wp\/v2\/media?parent=1897"}],"curies":[{"name":"wp","href":"https:\/\/api.w.org\/{rel}","templated":true}]}}