{"id":1896,"date":"2017-12-30T21:00:50","date_gmt":"2017-12-30T21:00:50","guid":{"rendered":"http:\/\/biblian.is\/biblian\/s%c2%92_ari-sam%c2%9celsb%c2%97k-12-kafli\/"},"modified":"2024-02-06T18:29:17","modified_gmt":"2024-02-06T18:29:17","slug":"sidari-samuelsbok-12-kafli","status":"publish","type":"page","link":"https:\/\/biblian.is\/biblian\/sidari-samuelsbok-12-kafli\/","title":{"rendered":"S\u00ed\u00f0ari Sam\u00faelsb\u00f3k 12. kafli"},"content":{"rendered":"<h3 class=\"millifyrirsogn_2007\"> D\u00f3mur Natans og i\u00f0run Dav\u00ed\u00f0s<\/h3>\n<p><a name=\"1\"><span class=\"versanumer_2007\">1<\/span><\/a> Drottinn sendi n\u00fa Natan til Dav\u00ed\u00f0s. \u00deegar hann kom til hans sag\u00f0i hann: \u201e\u00cd borg einni bjuggu tveir menn. Annar var r\u00edkur en hinn f\u00e1t\u00e6kur. <a name=\"2\"><span class=\"versanumer_2007\">2<\/span><\/a> R\u00edki ma\u00f0urinn \u00e1tti fj\u00f6lda sau\u00f0a og nauta <a name=\"3\"><span class=\"versanumer_2007\">3<\/span><\/a> en s\u00e1 f\u00e1t\u00e6ki \u00e1tti a\u00f0eins eitt l\u00edti\u00f0 gimbrarlamb sem hann haf\u00f0i keypt. Hann f\u00f3\u00f0ra\u00f0i \u00fea\u00f0 og \u00fea\u00f0 dafna\u00f0i hj\u00e1 honum og me\u00f0 b\u00f6rnum hans. \u00dea\u00f0 \u00e1t af brau\u00f0i hans, drakk \u00far kr\u00fas hans, svaf vi\u00f0 brj\u00f3st hans og var eins og d\u00f3ttir hans. <a name=\"4\"><span class=\"versanumer_2007\">4<\/span><\/a> Einhverju sinni kom gestur til r\u00edka mannsins. En hann t\u00edmdi ekki a\u00f0 taka neinn af sau\u00f0um s\u00ednum e\u00f0a nautum til a\u00f0 matrei\u00f0a handa fer\u00f0amanninum sem kominn var til hans. Hann t\u00f3k \u00fev\u00ed lamb f\u00e1t\u00e6ka mannsins og matbj\u00f3 \u00fea\u00f0 handa komumanni.\u201c<br \/> <a name=\"5\"><span class=\"versanumer_2007\">5<\/span><\/a> \u00de\u00e1 reiddist Dav\u00ed\u00f0 \u00feessum manni \u00e1kaflega og sag\u00f0i vi\u00f0 Natan: \u201eSvo sannarlega sem Drottinn lifir er s\u00e1 sem \u00feetta ger\u00f0i dau\u00f0asekur. <a name=\"6\"><span class=\"versanumer_2007\">6<\/span><\/a> Hann skal b\u00e6ta lambi\u00f0 me\u00f0 fj\u00f3rum l\u00f6mbum af \u00fev\u00ed a\u00f0 hann s\u00fdndi sl\u00edkt miskunnarleysi.\u201c<br \/> <a name=\"7\"><span class=\"versanumer_2007\">7<\/span><\/a> \u00de\u00e1 sag\u00f0i Natan vi\u00f0 Dav\u00ed\u00f0: \u201e\u00de\u00fa ert ma\u00f0urinn. Svo segir Drottinn, Gu\u00f0 \u00cdsraels: \u00c9g smur\u00f0i \u00feig til konungs yfir \u00cdsrael og \u00e9g bjarga\u00f0i \u00fe\u00e9r \u00far hendi S\u00e1ls. <a name=\"8\"><span class=\"versanumer_2007\">8<\/span><\/a> \u00c9g gaf \u00fe\u00e9r fj\u00f6lskyldu herra \u00fe\u00edns og lag\u00f0i konur herra \u00fe\u00edns \u00ed fa\u00f0m \u00feinn. \u00c9g gaf \u00fe\u00e9r \u00cdsrael og J\u00fada og hafi \u00fea\u00f0 veri\u00f0 of l\u00edti\u00f0 gef \u00e9g \u00fe\u00e9r gjarnan margt fleira. <a name=\"9\"><span class=\"versanumer_2007\">9<\/span><\/a> Hvers vegna hefur \u00fe\u00fa l\u00edtilsvirt or\u00f0 Drottins og gert \u00fea\u00f0 sem illt er \u00ed augum hans? \u00de\u00fa hj\u00f3st Het\u00edtann \u00dar\u00eda me\u00f0 sver\u00f0i. \u00de\u00fa t\u00f3kst eiginkonu hans \u00fe\u00e9r fyrir konu og felldir hann me\u00f0 sver\u00f0i Amm\u00f3n\u00edta. <a name=\"10\"><span class=\"versanumer_2007\">10<\/span><\/a> Vegna \u00feess a\u00f0 \u00fe\u00fa sm\u00e1na\u00f0ir mig og t\u00f3kst \u00fe\u00e9r eiginkonu Het\u00edtans \u00dar\u00eda fyrir konu skal sver\u00f0i\u00f0 aldrei v\u00edkja fr\u00e1 fj\u00f6lskyldu \u00feinni. <a name=\"11\"><span class=\"versanumer_2007\">11<\/span><\/a> \u00dev\u00ed a\u00f0 svo segir Drottinn: \u00c9g mun l\u00e1ta \u00f3g\u00e6fu koma yfir \u00feig \u00far \u00feinni eigin fj\u00f6lskyldu. \u00c9g mun taka konur \u00fe\u00ednar fr\u00e1 \u00fe\u00e9r fyrir augum \u00fe\u00e9r og gefa \u00fe\u00e6r \u00f6\u00f0rum manni. Hann mun leggjast me\u00f0 konum \u00fe\u00ednum um h\u00e1bjartan dag. <a name=\"12\"><span class=\"versanumer_2007\">12<\/span><\/a> \u00de\u00fa hefur unni\u00f0 verk \u00fe\u00edn \u00e1 laun en \u00e9g mun vinna \u00feetta verk frammi fyrir \u00f6llum \u00cdsrael um h\u00e1bjartan dag.\u201c<br \/> <a name=\"13\"><span class=\"versanumer_2007\">13<\/span><\/a> \u00de\u00e1 sag\u00f0i Dav\u00ed\u00f0 vi\u00f0 Natan: \u201e\u00c9g hef syndga\u00f0 gegn Drottni.\u201c<br \/>Natan svara\u00f0i: \u201eDrottinn hefur fyrirgefi\u00f0 \u00fe\u00e9r synd \u00fe\u00edna. \u00de\u00fa munt ekki deyja. <a name=\"14\"><span class=\"versanumer_2007\">14<\/span><\/a> En vegna \u00feess a\u00f0 \u00fe\u00fa hefur gefi\u00f0 \u00f3vinum Drottins tilefni til a\u00f0 sm\u00e1na hann mun sonur \u00feinn, sem f\u00e6\u00f0ist innan skamms, deyja.\u201c<br \/> <a name=\"15\"><span class=\"versanumer_2007\">15<\/span><\/a> S\u00ed\u00f0an f\u00f3r Natan heim til s\u00edn.<\/p>\n<h3 class=\"millifyrirsogn_2007\">Sonur Dav\u00ed\u00f0s og Batsebu deyr<\/h3>\n<p>Drottinn l\u00e9t drenginn, sem kona Het\u00edtans \u00dar\u00eda \u00f3l Dav\u00ed\u00f0, veikjast. <a name=\"16\"><span class=\"versanumer_2007\">16<\/span><\/a> Dav\u00ed\u00f0 sneri s\u00e9r \u00fe\u00e1 til Drottins vegna drengsins. Hann lag\u00f0i \u00e1 sig stranga f\u00f6stu, f\u00f3r heim og lag\u00f0ist til svefns \u00e1 bera j\u00f6r\u00f0ina. <a name=\"17\"><span class=\"versanumer_2007\">17<\/span><\/a> \u00d6ldungar \u00e6ttar hans komu til hans og reyndu a\u00f0 f\u00e1 hann til a\u00f0 standa upp. En hann vildi \u00fea\u00f0 ekki og neytti ekki heldur matar me\u00f0 \u00feeim. <a name=\"18\"><span class=\"versanumer_2007\">18<\/span><\/a> \u00c1 sj\u00f6unda degi d\u00f3 drengurinn. \u00dej\u00f3nar Dav\u00ed\u00f0s \u00feor\u00f0u \u00fe\u00e1 ekki a\u00f0 segja honum a\u00f0 drengurinn v\u00e6ri d\u00e1inn \u00fev\u00ed a\u00f0 \u00feeir hugsu\u00f0u me\u00f0 s\u00e9r: \u201eVi\u00f0 reyndum a\u00f0 tala vi\u00f0 hann \u00e1 me\u00f0an drengurinn var \u00e1 l\u00edfi en hann vildi ekki hlusta \u00e1 okkur. Hvernig eigum vi\u00f0 \u00fe\u00e1 a\u00f0 geta sagt vi\u00f0 hann: Drengurinn er d\u00e1inn? Hann kynni a\u00f0 vinna vo\u00f0averk.\u201c<br \/> <a name=\"19\"><span class=\"versanumer_2007\">19<\/span><\/a> \u00deegar Dav\u00ed\u00f0 s\u00e1 a\u00f0 \u00fej\u00f3nar hans voru a\u00f0 hv\u00edslast \u00e1 var\u00f0 honum lj\u00f3st a\u00f0 drengurinn v\u00e6ri d\u00e1inn. \u00de\u00e1 spur\u00f0i hann \u00fej\u00f3na s\u00edna: \u201eEr drengurinn d\u00e1inn?\u201c Og \u00feeir sv\u00f6ru\u00f0u: \u201eJ\u00e1, hann er d\u00e1inn.\u201c <a name=\"20\"><span class=\"versanumer_2007\">20<\/span><\/a> \u00de\u00e1 st\u00f3\u00f0 Dav\u00ed\u00f0 upp af j\u00f6r\u00f0inni, \u00fevo\u00f0i s\u00e9r, smur\u00f0i sig og skipti um f\u00f6t, gekk svo inn \u00ed h\u00fas Drottins og varpa\u00f0i s\u00e9r \u00fear ni\u00f0ur. \u00deegar hann kom heim til s\u00edn ba\u00f0 hann um mat og var honum \u00fe\u00e1 borinn matur. \u00deegar hann haf\u00f0i matast <a name=\"21\"><span class=\"versanumer_2007\">21<\/span><\/a> spur\u00f0u \u00fej\u00f3nar hans: \u201eHvers vegna gerir \u00fe\u00fa \u00feetta? \u00c1 me\u00f0an drengurinn var lifandi fasta\u00f0ir \u00fe\u00fa og gr\u00e9st en um lei\u00f0 og hann deyr fer\u00f0u \u00e1 f\u00e6tur og matast.\u201c <a name=\"22\"><span class=\"versanumer_2007\">22<\/span><\/a> Hann svara\u00f0i: \u201e\u00c9g fasta\u00f0i og gr\u00e9t \u00e1 me\u00f0an drengurinn var \u00e1 l\u00edfi af \u00fev\u00ed a\u00f0 \u00e9g hugsa\u00f0i me\u00f0 m\u00e9r: Ef til vill s\u00fdnir Drottinn m\u00e9r miskunn og drengurinn lifir. <a name=\"23\"><span class=\"versanumer_2007\">23<\/span><\/a> En hvers vegna \u00e6tti \u00e9g a\u00f0 fasta n\u00fa \u00feegar hann er d\u00e1inn? Get \u00e9g s\u00f3tt hann? \u00c9g mun einhvern t\u00edma fara til hans en hann mun ekki sn\u00faa aftur til m\u00edn.\u201c<\/p>\n<h3 class=\"millifyrirsogn_2007\">F\u00e6\u00f0ing Sal\u00f3mons<\/h3>\n<p><a name=\"24\"><span class=\"versanumer_2007\">24<\/span><\/a> Dav\u00ed\u00f0 hugga\u00f0i Batsebu, eiginkonu s\u00edna, f\u00f3r inn til hennar og lag\u00f0ist me\u00f0 henni. H\u00fan f\u00e6ddi son sem hann gaf nafni\u00f0 Sal\u00f3mon. Drottinn elska\u00f0i Sal\u00f3mon <a name=\"25\"><span class=\"versanumer_2007\">25<\/span><\/a> og l\u00e9t Natan sp\u00e1mann bera \u00feau skilabo\u00f0 a\u00f0 hann \u00e6tti a\u00f0 heita Jed\u00eddjah<span class=\"nedan_mal\" title=\" \u00de.e. elska\u00f0ur af Drottni.\">[<\/span> vegna Drottins.<\/p>\n<h3 class=\"millifyrirsogn_2007\">Dav\u00ed\u00f0 vinnur Rabba<\/h3>\n<p><a name=\"26\"><span class=\"versanumer_2007\">26<\/span><\/a> J\u00f3ab ger\u00f0i \u00e1r\u00e1s \u00e1 Rabba, borg Amm\u00f3n\u00edta. \u00deegar hann haf\u00f0i unni\u00f0 konungsborgina <a name=\"27\"><span class=\"versanumer_2007\">27<\/span><\/a> sendi J\u00f3ab \u00feessi bo\u00f0 til Dav\u00ed\u00f0s: \u201e\u00c9g hef r\u00e1\u00f0ist \u00e1 Rabba og teki\u00f0 borgarhlutann vi\u00f0 vatni\u00f0. <a name=\"28\"><span class=\"versanumer_2007\">28<\/span><\/a> Kalla\u00f0u n\u00fa saman \u00fea\u00f0 sem eftir er af li\u00f0inu og sestu um borgina. \u00de\u00fa skalt sj\u00e1lfur taka borgina svo a\u00f0 \u00fea\u00f0 ver\u00f0i ekki \u00e9g sem vinn hana og h\u00fan ver\u00f0i kennd vi\u00f0 mig.\u201c<br \/> <a name=\"29\"><span class=\"versanumer_2007\">29<\/span><\/a> Dav\u00ed\u00f0 safna\u00f0i n\u00fa saman \u00f6llum hernum, skunda\u00f0i til Rabba, r\u00e9\u00f0st \u00e1 borgina og vann hana. <a name=\"30\"><span class=\"versanumer_2007\">30<\/span><\/a> \u00dev\u00ed n\u00e6st t\u00f3k hann k\u00f3r\u00f3nu konungs Amm\u00f3n\u00edta af h\u00f6f\u00f0i hans. H\u00fan var ein talenta gulls a\u00f0 \u00feyngd, skreytt gimsteini, og var h\u00fan sett \u00e1 h\u00f6fu\u00f0 Dav\u00ed\u00f0s. Hann t\u00f3k mj\u00f6g miki\u00f0 herfang \u00far borginni <a name=\"31\"><span class=\"versanumer_2007\">31<\/span><\/a> og flutti borgarb\u00faa burt og l\u00e9t \u00fe\u00e1 vinna me\u00f0 steins\u00f6gum, j\u00e1rnh\u00f6kum og j\u00e1rn\u00f6xum. Hann l\u00e9t \u00fe\u00e1 einnig vinna vi\u00f0 t\u00edgulsteinager\u00f0. \u00deannig f\u00f3r hann me\u00f0 allar a\u00f0rar borgir Amm\u00f3n\u00edta. \u00dev\u00ed n\u00e6st sneri Dav\u00ed\u00f0 \u00e1samt \u00f6llum hernum heim til Jer\u00fasalem.<\/p>\n","protected":false},"excerpt":{"rendered":"<p>D\u00f3mur Natans og i\u00f0run Dav\u00ed\u00f0s 1 Drottinn sendi n\u00fa Natan til Dav\u00ed\u00f0s. \u00deegar hann kom til hans sag\u00f0i hann: \u201e\u00cd borg einni bjuggu tveir menn. Annar var r\u00edkur en hinn f\u00e1t\u00e6kur. 2 R\u00edki ma\u00f0urinn \u00e1tti fj\u00f6lda sau\u00f0a og nauta 3 en s\u00e1 f\u00e1t\u00e6ki \u00e1tti a\u00f0eins eitt l\u00edti\u00f0 gimbrarlamb sem hann haf\u00f0i keypt. Hann f\u00f3\u00f0ra\u00f0i \u00fea\u00f0 og \u00fea\u00f0 dafna\u00f0i hj\u00e1 honum og me\u00f0 b\u00f6rnum hans. \u00dea\u00f0 \u00e1t af brau\u00f0i hans, drakk \u00far kr\u00fas hans, svaf vi\u00f0 brj\u00f3st hans og var eins og d\u00f3ttir hans. 4 Einhverju sinni kom gestur til r\u00edka mannsins. En hann t\u00edmdi ekki a\u00f0 taka neinn af sau\u00f0um <a href=\"https:\/\/biblian.is\/biblian\/sidari-samuelsbok-12-kafli\/\"> [&#8230;]<\/a><\/p>\n","protected":false},"author":1,"featured_media":0,"parent":0,"menu_order":0,"comment_status":"open","ping_status":"open","template":"bibliukaflar_NT.php","meta":{"footnotes":""},"class_list":["post-1896","page","type-page","status-publish","hentry"],"_links":{"self":[{"href":"https:\/\/biblian.is\/biblian\/wp-json\/wp\/v2\/pages\/1896","targetHints":{"allow":["GET"]}}],"collection":[{"href":"https:\/\/biblian.is\/biblian\/wp-json\/wp\/v2\/pages"}],"about":[{"href":"https:\/\/biblian.is\/biblian\/wp-json\/wp\/v2\/types\/page"}],"author":[{"embeddable":true,"href":"https:\/\/biblian.is\/biblian\/wp-json\/wp\/v2\/users\/1"}],"replies":[{"embeddable":true,"href":"https:\/\/biblian.is\/biblian\/wp-json\/wp\/v2\/comments?post=1896"}],"version-history":[{"count":0,"href":"https:\/\/biblian.is\/biblian\/wp-json\/wp\/v2\/pages\/1896\/revisions"}],"wp:attachment":[{"href":"https:\/\/biblian.is\/biblian\/wp-json\/wp\/v2\/media?parent=1896"}],"curies":[{"name":"wp","href":"https:\/\/api.w.org\/{rel}","templated":true}]}}