{"id":1894,"date":"2017-12-30T21:00:50","date_gmt":"2017-12-30T21:00:50","guid":{"rendered":"http:\/\/biblian.is\/biblian\/s%c2%92_ari-sam%c2%9celsb%c2%97k-10-kafli\/"},"modified":"2024-02-06T18:29:16","modified_gmt":"2024-02-06T18:29:16","slug":"sidari-samuelsbok-10-kafli","status":"publish","type":"page","link":"https:\/\/biblian.is\/biblian\/sidari-samuelsbok-10-kafli\/","title":{"rendered":"S\u00ed\u00f0ari Sam\u00faelsb\u00f3k 10. kafli"},"content":{"rendered":"<h3 class=\"millifyrirsogn_2007\"> Dav\u00ed\u00f0 sigrar Amm\u00f3n\u00edta og Aramea<\/h3>\n<p><a name=\"1\"><span class=\"versanumer_2007\">1<\/span><\/a> Nokkru s\u00ed\u00f0ar bar svo vi\u00f0 a\u00f0 konungur Amm\u00f3n\u00edta d\u00f3 og Han\u00fan, sonur hans, var\u00f0 konungur eftir hann. <a name=\"2\"><span class=\"versanumer_2007\">2<\/span><\/a> \u00de\u00e1 sag\u00f0i Dav\u00ed\u00f0: \u201e\u00c9g \u00e6tla a\u00f0 s\u00fdna Han\u00fan Nahassyni vin\u00e1ttu eins og fa\u00f0ir hans s\u00fdndi m\u00e9r.\u201c Dav\u00ed\u00f0 sendi \u00fev\u00ed menn til hans og l\u00e9t \u00fej\u00f3na s\u00edna f\u00e6ra honum sam\u00fa\u00f0arkve\u00f0jur vegna fr\u00e1falls f\u00f6\u00f0ur hans.<br \/>\u00deegar \u00fej\u00f3nar Dav\u00ed\u00f0s komu til lands Amm\u00f3n\u00edta <a name=\"3\"><span class=\"versanumer_2007\">3<\/span><\/a> s\u00f6g\u00f0u h\u00f6f\u00f0ingjar Amm\u00f3n\u00edta vi\u00f0 Han\u00fan, h\u00fasb\u00f3nda sinn: \u201eHeldur\u00f0u a\u00f0 Dav\u00ed\u00f0 hafi \u00fea\u00f0 eitt \u00ed huga a\u00f0 hei\u00f0ra minningu f\u00f6\u00f0ur \u00fe\u00edns \u00feegar hann sendir menn me\u00f0 sam\u00fa\u00f0arkve\u00f0jur? \u00c6tli Dav\u00ed\u00f0 hafi ekki \u00f6llu heldur sent \u00fej\u00f3na s\u00edna til \u00fe\u00edn til a\u00f0 afla uppl\u00fdsinga um borgina og nj\u00f3sna um hana til a\u00f0 geta broti\u00f0 hana?\u201c<br \/> <a name=\"4\"><span class=\"versanumer_2007\">4<\/span><\/a> Han\u00fan l\u00e9t \u00fe\u00e1 gr\u00edpa \u00fej\u00f3na Dav\u00ed\u00f0s, raka af \u00feeim h\u00e1lft skeggi\u00f0 og skera f\u00f6t \u00feeirra til h\u00e1lfs, allt upp a\u00f0 \u00fej\u00f3hn\u00f6ppum, og l\u00e9t \u00fe\u00e1 svo fara.<br \/> <a name=\"5\"><span class=\"versanumer_2007\">5<\/span><\/a> \u00deegar Dav\u00ed\u00f0 haf\u00f0i veri\u00f0 sagt \u00feetta sendi hann menn til m\u00f3ts vi\u00f0 \u00fe\u00e1. Af \u00fev\u00ed a\u00f0 mennirnir h\u00f6f\u00f0u veri\u00f0 ni\u00f0url\u00e6g\u00f0ir \u00e1 sv\u00edvir\u00f0ilegan h\u00e1tt l\u00e9t konungur skila til \u00feeirra: \u201eVeri\u00f0 um kyrrt \u00ed Jer\u00edk\u00f3 \u00fear til skegg ykkar er sprotti\u00f0 aftur. \u00de\u00e1 skulu\u00f0 \u00fei\u00f0 koma heim.\u201c<br \/> <a name=\"6\"><span class=\"versanumer_2007\">6<\/span><\/a> Amm\u00f3n\u00edtum var\u00f0 n\u00fa lj\u00f3st a\u00f0 \u00feeir h\u00f6f\u00f0u gert Dav\u00ed\u00f0 a\u00f0 hatursmanni s\u00ednum. \u00deeir sendu \u00fe\u00e1 menn til a\u00f0 r\u00e1\u00f0a m\u00e1lali\u00f0a, tuttugu \u00fe\u00fasund arame\u00edska f\u00f3tg\u00f6nguli\u00f0a fr\u00e1 Bet Reh\u00f3b og S\u00f3ba, \u00fe\u00fasund manns fr\u00e1 konunginum \u00ed Maaka og t\u00f3lf \u00fe\u00fasund fr\u00e1 T\u00f3b. <a name=\"7\"><span class=\"versanumer_2007\">7<\/span><\/a> \u00deegar Dav\u00ed\u00f0 fr\u00e9tti \u00feetta sendi hann J\u00f3ab af sta\u00f0 \u00e1samt \u00f6llum hernum, \u00f6llum vopnf\u00e6rum m\u00f6nnum. <a name=\"8\"><span class=\"versanumer_2007\">8<\/span><\/a> \u00de\u00e1 h\u00e9ldu Amm\u00f3n\u00edtarnir \u00fat \u00far borginni og fylktu s\u00e9r til orrustu fyrir framan borgarhli\u00f0i\u00f0 en Aramearnir fr\u00e1 S\u00f3ba og Reh\u00f3b, \u00e1samt m\u00f6nnunum fr\u00e1 T\u00f3b og Maaka, st\u00f3\u00f0u einir s\u00e9r \u00fati \u00e1 v\u00f6llunum. <a name=\"9\"><span class=\"versanumer_2007\">9<\/span><\/a> \u00deegar J\u00f3ab var\u00f0 lj\u00f3st a\u00f0 \u00e1r\u00e1sarli\u00f0 \u00f3gna\u00f0i honum \u00ed bak og fyrir valdi hann menn \u00far \u00farvalsli\u00f0i \u00cdsraels og fylkti \u00feeim gegn Arameunum. <a name=\"10\"><span class=\"versanumer_2007\">10<\/span><\/a> \u00dea\u00f0 sem eftir var af hernum setti hann undir stj\u00f3rn Ab\u00edsa\u00ed, br\u00f3\u00f0ur s\u00edns, sem fylkti honum gegn Amm\u00f3n\u00edtum. <a name=\"11\"><span class=\"versanumer_2007\">11<\/span><\/a> \u00de\u00e1 sag\u00f0i J\u00f3ab: \u201eEf Aramear reynast \u00f6flugri en \u00e9g ver\u00f0ur\u00f0u a\u00f0 koma m\u00e9r til hj\u00e1lpar. En reynist Amm\u00f3n\u00edtar \u00fe\u00e9r yfirsterkari kem \u00e9g \u00fe\u00e9r til hj\u00e1lpar. <a name=\"12\"><span class=\"versanumer_2007\">12<\/span><\/a> S\u00fdndu n\u00fa hugrekki. Vi\u00f0 skulum berjast hraustlega fyrir \u00fej\u00f3\u00f0 okkar og borgir Gu\u00f0s okkar en Drottinn gerir \u00fea\u00f0 sem honum \u00fe\u00f3knast.\u201c<br \/> <a name=\"13\"><span class=\"versanumer_2007\">13<\/span><\/a> J\u00f3ab og li\u00f0 hans r\u00e9\u00f0st n\u00fa til atl\u00f6gu gegn Arameum en \u00feeir fl\u00fd\u00f0u undan honum. <a name=\"14\"><span class=\"versanumer_2007\">14<\/span><\/a> \u00deegar Amm\u00f3n\u00edtar s\u00e1u a\u00f0 Aramear voru fl\u00fanir l\u00f6g\u00f0u \u00feeir \u00e1 fl\u00f3tta undan Ab\u00edsa\u00ed og t\u00f3kst a\u00f0 komast inn \u00ed borgina. Eftir bardagann vi\u00f0 Amm\u00f3n\u00edta sneri J\u00f3ab heim til Jer\u00fasalem.<br \/> <a name=\"15\"><span class=\"versanumer_2007\">15<\/span><\/a> \u00deegar Arameum var\u00f0 lj\u00f3st a\u00f0 \u00cdsraelsmenn h\u00f6f\u00f0u sigra\u00f0 \u00fe\u00e1 s\u00f6fnu\u00f0ust \u00feeir aftur saman. <a name=\"16\"><span class=\"versanumer_2007\">16<\/span><\/a> Hadadeser sendi menn til a\u00f0 kve\u00f0ja Arameana, sem bjuggu handan flj\u00f3tsins, til her\u00fej\u00f3nustu. \u00deeir komu til Helam undir stj\u00f3rn S\u00f3baks, hersh\u00f6f\u00f0ingja Hadadesers.<br \/> <a name=\"17\"><span class=\"versanumer_2007\">17<\/span><\/a> Jafnskj\u00f3tt og Dav\u00ed\u00f0 var tilkynnt um \u00feetta safna\u00f0i hann \u00f6llum \u00cdsrael saman, f\u00f3r yfir J\u00f3rdan og h\u00e9lt til Helam. \u00dear fylktu Aramear li\u00f0i gegn Dav\u00ed\u00f0 og r\u00e9\u00f0ust til atl\u00f6gu vi\u00f0 hann. <a name=\"18\"><span class=\"versanumer_2007\">18<\/span><\/a> En Aramear ur\u00f0u a\u00f0 fl\u00fdja undan \u00cdsraelsm\u00f6nnum. Dav\u00ed\u00f0 braut sj\u00f6 hundru\u00f0 str\u00ed\u00f0svagna Aramea og felldi fj\u00f6rut\u00edu \u00fe\u00fasund riddara. Hann felldi einnig S\u00f3bak, hersh\u00f6f\u00f0ingja \u00feeirra, og l\u00e9t hann \u00fear l\u00edfi\u00f0.<br \/> <a name=\"19\"><span class=\"versanumer_2007\">19<\/span><\/a> \u00deegar \u00f6llum undirkonungum Hadadesers var or\u00f0i\u00f0 lj\u00f3st a\u00f0 \u00feeir h\u00f6f\u00f0u veri\u00f0 ofurli\u00f0i bornir af \u00cdsraelsm\u00f6nnum s\u00f6mdu \u00feeir fri\u00f0 vi\u00f0 \u00cdsrael og gengu honum \u00e1 h\u00f6nd. \u00dea\u00f0an \u00ed fr\u00e1 \u00feor\u00f0u Aramear ekki a\u00f0 hj\u00e1lpa Amm\u00f3n\u00edtum.<\/p>\n","protected":false},"excerpt":{"rendered":"<p>Dav\u00ed\u00f0 sigrar Amm\u00f3n\u00edta og Aramea 1 Nokkru s\u00ed\u00f0ar bar svo vi\u00f0 a\u00f0 konungur Amm\u00f3n\u00edta d\u00f3 og Han\u00fan, sonur hans, var\u00f0 konungur eftir hann. 2 \u00de\u00e1 sag\u00f0i Dav\u00ed\u00f0: \u201e\u00c9g \u00e6tla a\u00f0 s\u00fdna Han\u00fan Nahassyni vin\u00e1ttu eins og fa\u00f0ir hans s\u00fdndi m\u00e9r.\u201c Dav\u00ed\u00f0 sendi \u00fev\u00ed menn til hans og l\u00e9t \u00fej\u00f3na s\u00edna f\u00e6ra honum sam\u00fa\u00f0arkve\u00f0jur vegna fr\u00e1falls f\u00f6\u00f0ur hans.\u00deegar \u00fej\u00f3nar Dav\u00ed\u00f0s komu til lands Amm\u00f3n\u00edta 3 s\u00f6g\u00f0u h\u00f6f\u00f0ingjar Amm\u00f3n\u00edta vi\u00f0 Han\u00fan, h\u00fasb\u00f3nda sinn: \u201eHeldur\u00f0u a\u00f0 Dav\u00ed\u00f0 hafi \u00fea\u00f0 eitt \u00ed huga a\u00f0 hei\u00f0ra minningu f\u00f6\u00f0ur \u00fe\u00edns \u00feegar hann sendir menn me\u00f0 sam\u00fa\u00f0arkve\u00f0jur? \u00c6tli Dav\u00ed\u00f0 hafi ekki \u00f6llu heldur sent \u00fej\u00f3na s\u00edna til <a href=\"https:\/\/biblian.is\/biblian\/sidari-samuelsbok-10-kafli\/\"> [&#8230;]<\/a><\/p>\n","protected":false},"author":1,"featured_media":0,"parent":0,"menu_order":0,"comment_status":"open","ping_status":"open","template":"bibliukaflar_NT.php","meta":{"footnotes":""},"class_list":["post-1894","page","type-page","status-publish","hentry"],"_links":{"self":[{"href":"https:\/\/biblian.is\/biblian\/wp-json\/wp\/v2\/pages\/1894","targetHints":{"allow":["GET"]}}],"collection":[{"href":"https:\/\/biblian.is\/biblian\/wp-json\/wp\/v2\/pages"}],"about":[{"href":"https:\/\/biblian.is\/biblian\/wp-json\/wp\/v2\/types\/page"}],"author":[{"embeddable":true,"href":"https:\/\/biblian.is\/biblian\/wp-json\/wp\/v2\/users\/1"}],"replies":[{"embeddable":true,"href":"https:\/\/biblian.is\/biblian\/wp-json\/wp\/v2\/comments?post=1894"}],"version-history":[{"count":0,"href":"https:\/\/biblian.is\/biblian\/wp-json\/wp\/v2\/pages\/1894\/revisions"}],"wp:attachment":[{"href":"https:\/\/biblian.is\/biblian\/wp-json\/wp\/v2\/media?parent=1894"}],"curies":[{"name":"wp","href":"https:\/\/api.w.org\/{rel}","templated":true}]}}