{"id":1893,"date":"2017-12-30T21:00:50","date_gmt":"2017-12-30T21:00:50","guid":{"rendered":"http:\/\/biblian.is\/biblian\/s%c2%92_ari-sam%c2%9celsb%c2%97k-9-kafli\/"},"modified":"2024-02-06T18:29:29","modified_gmt":"2024-02-06T18:29:29","slug":"sidari-samuelsbok-9-kafli","status":"publish","type":"page","link":"https:\/\/biblian.is\/biblian\/sidari-samuelsbok-9-kafli\/","title":{"rendered":"S\u00ed\u00f0ari Sam\u00faelsb\u00f3k 9. kafli"},"content":{"rendered":"<h2 class=\"millifyrirsogn_2007\">R\u00edkiserf\u00f0ir eftir Dav\u00ed\u00f0 <\/h2>\n<h3 class=\"millifyrirsogn_2007\">Dav\u00ed\u00f0 og Mef\u00edb\u00f3set<\/h3>\n<p><a name=\"1\"><span class=\"versanumer_2007\">1<\/span><\/a> Einhverju sinni spur\u00f0i Dav\u00ed\u00f0: \u201eEr nokkur ma\u00f0ur af \u00e6tt S\u00e1ls enn \u00e1 l\u00edfi? Ef svo er vil \u00e9g s\u00fdna \u00feeim manni vinsemd vegna J\u00f3natans.\u201c<br \/> <a name=\"2\"><span class=\"versanumer_2007\">2<\/span><\/a> Me\u00f0al \u00feeirra, sem \u00fej\u00f3nu\u00f0u fj\u00f6lskyldu S\u00e1ls, var ma\u00f0ur a\u00f0 nafni S\u00edba. Hann var n\u00fa kalla\u00f0ur fyrir Dav\u00ed\u00f0 og konungur spur\u00f0i hann: \u201eErt \u00fe\u00fa S\u00edba?\u201c Hann svara\u00f0i: \u201eJ\u00e1, herra.\u201c <a name=\"3\"><span class=\"versanumer_2007\">3<\/span><\/a> \u00dev\u00ed n\u00e6st spur\u00f0i konungur: \u201eEr nokkur eftir af \u00e6tt S\u00e1ls sem \u00e9g get s\u00fdnt g\u00e6sku Gu\u00f0s?\u201c S\u00edba svara\u00f0i konungi: \u201eEinn sona J\u00f3natans er \u00e1 l\u00edfi, lama\u00f0ur \u00e1 b\u00e1\u00f0um f\u00f3tum.\u201c <a name=\"4\"><span class=\"versanumer_2007\">4<\/span><\/a> \u201eHvar er hann?\u201c spur\u00f0i konungur. \u201eHann b\u00fdr \u00ed h\u00fasi Mak\u00edrs, sonar Amm\u00edels, \u00ed L\u00f3debar,\u201c svara\u00f0i S\u00edba. <a name=\"5\"><span class=\"versanumer_2007\">5<\/span><\/a> Dav\u00ed\u00f0 konungur sendi \u00fe\u00e1 menn eftir honum \u00ed h\u00fas Mak\u00edrs Amm\u00edelssonar \u00ed L\u00f3debar. <a name=\"6\"><span class=\"versanumer_2007\">6<\/span><\/a> \u00deegar Mef\u00edb\u00f3set, sonur J\u00f3natans, sonar S\u00e1ls, kom til Dav\u00ed\u00f0s f\u00e9ll hann fram \u00e1 \u00e1sj\u00f3nu s\u00edna og s\u00fdndi honum lotningu. Dav\u00ed\u00f0 sag\u00f0i: \u201eMef\u00edb\u00f3set,\u201c og hann svara\u00f0i: \u201eJ\u00e1, herra.\u201c <a name=\"7\"><span class=\"versanumer_2007\">7<\/span><\/a> \u00de\u00e1 sag\u00f0i Dav\u00ed\u00f0 vi\u00f0 hann: \u201eVertu \u00f3hr\u00e6ddur. \u00c9g \u00e6tla a\u00f0 s\u00fdna \u00fe\u00e9r vinsemd vegna J\u00f3natans, f\u00f6\u00f0ur \u00fe\u00edns. \u00c9g \u00e6tla a\u00f0 skila \u00fe\u00e9r aftur \u00f6llum jar\u00f0eignum S\u00e1ls, afa \u00fe\u00edns, og s\u00ed\u00f0an skaltu jafnan matast vi\u00f0 bor\u00f0 mitt.\u201c <a name=\"8\"><span class=\"versanumer_2007\">8<\/span><\/a> \u00de\u00e1 varpa\u00f0i Mef\u00edb\u00f3set s\u00e9r ni\u00f0ur fyrir honum og sag\u00f0i: \u201eHva\u00f0 er \u00fej\u00f3nn \u00feinn, herra, a\u00f0 \u00fe\u00fa sinnir dau\u00f0um hundi eins og m\u00e9r?\u201c<br \/> <a name=\"9\"><span class=\"versanumer_2007\">9<\/span><\/a> Konungurinn kalla\u00f0i \u00fe\u00e1 \u00e1 S\u00edba, \u00fej\u00f3n S\u00e1ls, og sag\u00f0i vi\u00f0 hann: \u201e\u00c9g hef gefi\u00f0 syni<span class=\"nedan_mal\" title=\" Annar lesh\u00e1ttur: sonarsyni.\">[<\/span> h\u00fasb\u00f3nda \u00fe\u00edns allt sem S\u00e1l og fj\u00f6lskylda hans \u00e1tti. <a name=\"10\"><span class=\"versanumer_2007\">10<\/span><\/a> \u00de\u00fa skalt yrkja landi\u00f0 fyrir hann \u00e1samt sonum \u00fe\u00ednum og vinnum\u00f6nnum og f\u00e6ra honum hagna\u00f0inn af \u00fev\u00ed svo a\u00f0 sonur h\u00fasb\u00f3nda \u00fe\u00edns hafi l\u00edfsvi\u00f0urv\u00e6ri. Mef\u00edb\u00f3set, sonur h\u00fasb\u00f3nda \u00fe\u00edns, mun h\u00e9\u00f0an \u00ed fr\u00e1 jafnan matast vi\u00f0 bor\u00f0 mitt.\u201c S\u00edba \u00e1tti fimmt\u00e1n syni og haf\u00f0i tuttugu vinnumenn. <a name=\"11\"><span class=\"versanumer_2007\">11<\/span><\/a> S\u00edba svara\u00f0i konungi: \u201eAllt \u00feetta mun \u00e9g gera, r\u00e9tt eins og \u00fe\u00fa, herra minn og konungur, hefur skipa\u00f0 \u00fej\u00f3ni \u00fe\u00ednum.\u201c<br \/>Mef\u00edb\u00f3set sat s\u00ed\u00f0an til bor\u00f0s me\u00f0 Dav\u00ed\u00f0 eins og hann v\u00e6ri einn af sonum konungs.<br \/> <a name=\"12\"><span class=\"versanumer_2007\">12<\/span><\/a> Mef\u00edb\u00f3set \u00e1tti ungan son sem h\u00e9t M\u00edka. Allir sem bjuggu \u00ed h\u00fasi S\u00edba ur\u00f0u \u00fej\u00f3nar Mef\u00edb\u00f3sets. <a name=\"13\"><span class=\"versanumer_2007\">13<\/span><\/a> Hann bj\u00f3 s\u00ed\u00f0an \u00ed Jer\u00fasalem af \u00fev\u00ed a\u00f0 hann sat jafnan til bor\u00f0s me\u00f0 konungi. Mef\u00edb\u00f3set var lama\u00f0ur \u00e1 b\u00e1\u00f0um f\u00f3tum.<\/p>\n","protected":false},"excerpt":{"rendered":"<p>R\u00edkiserf\u00f0ir eftir Dav\u00ed\u00f0 Dav\u00ed\u00f0 og Mef\u00edb\u00f3set 1 Einhverju sinni spur\u00f0i Dav\u00ed\u00f0: \u201eEr nokkur ma\u00f0ur af \u00e6tt S\u00e1ls enn \u00e1 l\u00edfi? Ef svo er vil \u00e9g s\u00fdna \u00feeim manni vinsemd vegna J\u00f3natans.\u201c 2 Me\u00f0al \u00feeirra, sem \u00fej\u00f3nu\u00f0u fj\u00f6lskyldu S\u00e1ls, var ma\u00f0ur a\u00f0 nafni S\u00edba. Hann var n\u00fa kalla\u00f0ur fyrir Dav\u00ed\u00f0 og konungur spur\u00f0i hann: \u201eErt \u00fe\u00fa S\u00edba?\u201c Hann svara\u00f0i: \u201eJ\u00e1, herra.\u201c 3 \u00dev\u00ed n\u00e6st spur\u00f0i konungur: \u201eEr nokkur eftir af \u00e6tt S\u00e1ls sem \u00e9g get s\u00fdnt g\u00e6sku Gu\u00f0s?\u201c S\u00edba svara\u00f0i konungi: \u201eEinn sona J\u00f3natans er \u00e1 l\u00edfi, lama\u00f0ur \u00e1 b\u00e1\u00f0um f\u00f3tum.\u201c 4 \u201eHvar er hann?\u201c spur\u00f0i konungur. \u201eHann b\u00fdr \u00ed h\u00fasi <a href=\"https:\/\/biblian.is\/biblian\/sidari-samuelsbok-9-kafli\/\"> [&#8230;]<\/a><\/p>\n","protected":false},"author":1,"featured_media":0,"parent":0,"menu_order":0,"comment_status":"open","ping_status":"open","template":"bibliukaflar_NT.php","meta":{"footnotes":""},"class_list":["post-1893","page","type-page","status-publish","hentry"],"_links":{"self":[{"href":"https:\/\/biblian.is\/biblian\/wp-json\/wp\/v2\/pages\/1893","targetHints":{"allow":["GET"]}}],"collection":[{"href":"https:\/\/biblian.is\/biblian\/wp-json\/wp\/v2\/pages"}],"about":[{"href":"https:\/\/biblian.is\/biblian\/wp-json\/wp\/v2\/types\/page"}],"author":[{"embeddable":true,"href":"https:\/\/biblian.is\/biblian\/wp-json\/wp\/v2\/users\/1"}],"replies":[{"embeddable":true,"href":"https:\/\/biblian.is\/biblian\/wp-json\/wp\/v2\/comments?post=1893"}],"version-history":[{"count":0,"href":"https:\/\/biblian.is\/biblian\/wp-json\/wp\/v2\/pages\/1893\/revisions"}],"wp:attachment":[{"href":"https:\/\/biblian.is\/biblian\/wp-json\/wp\/v2\/media?parent=1893"}],"curies":[{"name":"wp","href":"https:\/\/api.w.org\/{rel}","templated":true}]}}