{"id":1892,"date":"2017-12-30T21:00:50","date_gmt":"2017-12-30T21:00:50","guid":{"rendered":"http:\/\/biblian.is\/biblian\/s%c2%92_ari-sam%c2%9celsb%c2%97k-8-kafli\/"},"modified":"2024-02-06T18:29:29","modified_gmt":"2024-02-06T18:29:29","slug":"sidari-samuelsbok-8-kafli","status":"publish","type":"page","link":"https:\/\/biblian.is\/biblian\/sidari-samuelsbok-8-kafli\/","title":{"rendered":"S\u00ed\u00f0ari Sam\u00faelsb\u00f3k 8. kafli"},"content":{"rendered":"<h3 class=\"millifyrirsogn_2007\"> Sigrar Dav\u00ed\u00f0s<\/h3>\n<p><a name=\"1\"><span class=\"versanumer_2007\">1<\/span><\/a> Eftir \u00feetta vann Dav\u00ed\u00f0 sigur \u00e1 Filisteum. Hann braut \u00fe\u00e1 undir sig og n\u00e1\u00f0i stj\u00f3rnartaumum h\u00f6fu\u00f0borgarinnar \u00far hendi Filistea. <a name=\"2\"><span class=\"versanumer_2007\">2<\/span><\/a> Einnig sigra\u00f0i hann M\u00f3ab\u00edta og m\u00e6ldi \u00fe\u00e1 me\u00f0 m\u00e6lisn\u00faru. Hann l\u00e9t \u00fe\u00e1 leggjast \u00e1 j\u00f6r\u00f0ina og m\u00e6ldi tv\u00e6r sn\u00farulengdir til l\u00edfl\u00e1ts og eina sn\u00farulengd til l\u00edfs. S\u00ed\u00f0an ur\u00f0u M\u00f3ab\u00edtar skattskyldir \u00feegnar Dav\u00ed\u00f0s. <a name=\"3\"><span class=\"versanumer_2007\">3<\/span><\/a> Dav\u00ed\u00f0 sigra\u00f0i einnig Hadadeser, konung \u00ed S\u00f3ba, son Reh\u00f3bs, \u00ed lei\u00f0angri til a\u00f0 endurreisa veldi sitt vi\u00f0 Efratflj\u00f3t. <a name=\"4\"><span class=\"versanumer_2007\">4<\/span><\/a> Dav\u00ed\u00f0 vann af honum sautj\u00e1n hundru\u00f0 vagnli\u00f0a og tuttugu \u00fe\u00fasund f\u00f3tg\u00f6nguli\u00f0a. Dav\u00ed\u00f0 l\u00e9t skera \u00ed sundur h\u00e1sinarnar \u00e1 \u00f6llum str\u00ed\u00f0shestunum nema \u00e1 hundra\u00f0 hestum sem hann h\u00e9lt eftir.<br \/> <a name=\"5\"><span class=\"versanumer_2007\">5<\/span><\/a> \u00deegar Aramearnir fr\u00e1 Damaskus komu Hadadeser, konungi \u00ed S\u00f3ba, til hj\u00e1lpar felldi Dav\u00ed\u00f0 tuttugu og tv\u00f6 \u00fe\u00fasund Aramea. <a name=\"6\"><span class=\"versanumer_2007\">6<\/span><\/a> \u00dev\u00ed n\u00e6st setti Dav\u00ed\u00f0 landstj\u00f3ra yfir r\u00edki Aramea \u00ed Damaskus og \u00feeir ur\u00f0u skattskyldir \u00feegnar Dav\u00ed\u00f0s. \u00deannig studdi Drottinn Dav\u00ed\u00f0 hvert sem hann f\u00f3r. <a name=\"7\"><span class=\"versanumer_2007\">7<\/span><\/a> Gullskildina, sem menn Hadadesers \u00e1ttu, t\u00f3k Dav\u00ed\u00f0 herfangi og flutti til Jer\u00fasalem. <a name=\"8\"><span class=\"versanumer_2007\">8<\/span><\/a> Dav\u00ed\u00f0 konungur t\u00f3k einnig mj\u00f6g miki\u00f0 af eir a\u00f0 herfangi \u00far borgum Hadadesers, Tebak og Ber\u00f3taj.<br \/> <a name=\"9\"><span class=\"versanumer_2007\">9<\/span><\/a> \u00deegar T\u00f3i, konungur \u00ed Hamat, fr\u00e9tti a\u00f0 Dav\u00ed\u00f0 hef\u00f0i sigra\u00f0 her Hadadesers <a name=\"10\"><span class=\"versanumer_2007\">10<\/span><\/a> sendi hann J\u00f3ram, son sinn, til Dav\u00ed\u00f0s konungs me\u00f0 gripi \u00far gulli, silfri og eir. Hann l\u00e9t flytja honum kve\u00f0ju og \u00e1rna honum heilla vegna \u00feess a\u00f0 hann haf\u00f0i barist vi\u00f0 Hadadeser og sigra\u00f0 hann en T\u00f3i haf\u00f0i \u00e1tt \u00ed str\u00ed\u00f0i vi\u00f0 Hadadeser. <a name=\"11\"><span class=\"versanumer_2007\">11<\/span><\/a> Dav\u00ed\u00f0 konungur helga\u00f0i \u00feessa gripi Drottni. \u00c1 sama h\u00e1tt haf\u00f0i hann helga\u00f0 honum allt \u00fea\u00f0 silfur og gull sem hann haf\u00f0i teki\u00f0 a\u00f0 herfangi fr\u00e1 \u00feeim \u00fej\u00f3\u00f0um sem hann haf\u00f0i broti\u00f0 undir sig, <a name=\"12\"><span class=\"versanumer_2007\">12<\/span><\/a> fr\u00e1 Aram og M\u00f3ab, fr\u00e1 Amm\u00f3n\u00edtum, Filisteum og Amalek, \u00e1samt \u00f6llu herfanginu fr\u00e1 Hadadeser, konungi \u00ed S\u00f3ba, syni Reh\u00f3bs. <a name=\"13\"><span class=\"versanumer_2007\">13<\/span><\/a> \u00deannig vann Dav\u00ed\u00f0 s\u00e9r nafnfr\u00e6g\u00f0. Eftir sigurinn \u00e1 Aram sneri hann heim, sigra\u00f0i Ed\u00f3m \u00ed Saltdalnum og felldi \u00e1tj\u00e1n \u00fe\u00fasund menn. <a name=\"14\"><span class=\"versanumer_2007\">14<\/span><\/a> \u00dev\u00ed n\u00e6st setti hann landstj\u00f3ra yfir Ed\u00f3m, yfir allt Ed\u00f3m setti hann landstj\u00f3ra og allir Ed\u00f3m\u00edtar ur\u00f0u \u00feegnar Dav\u00ed\u00f0s. \u00deannig studdi Drottinn Dav\u00ed\u00f0 hvert sem hann f\u00f3r.<\/p>\n<h3 class=\"millifyrirsogn_2007\">Emb\u00e6ttismenn Dav\u00ed\u00f0s<\/h3>\n<p><a name=\"15\"><span class=\"versanumer_2007\">15<\/span><\/a> Dav\u00ed\u00f0 r\u00edkti yfir \u00f6llum \u00cdsrael. Hann l\u00e9t alla \u00fej\u00f3\u00f0 s\u00edna nj\u00f3ta r\u00e9ttar og r\u00e9ttl\u00e6tis.<br \/> <a name=\"16\"><span class=\"versanumer_2007\">16<\/span><\/a> J\u00f3ab Ser\u00fajuson var settur yfir herinn. J\u00f3safat Ah\u00edl\u00fa\u00f0sson var kallari konungs, <a name=\"17\"><span class=\"versanumer_2007\">17<\/span><\/a> Sad\u00f3k Ak\u00edt\u00fabsson og Ah\u00edmelek Abjatarsson voru prestar og Seraja var r\u00edkisritari. <a name=\"18\"><span class=\"versanumer_2007\">18<\/span><\/a> Benaja J\u00f3jadason var foringi Kreta og Pleta. Synir Dav\u00ed\u00f0s voru prestar.<\/p>\n","protected":false},"excerpt":{"rendered":"<p>Sigrar Dav\u00ed\u00f0s 1 Eftir \u00feetta vann Dav\u00ed\u00f0 sigur \u00e1 Filisteum. Hann braut \u00fe\u00e1 undir sig og n\u00e1\u00f0i stj\u00f3rnartaumum h\u00f6fu\u00f0borgarinnar \u00far hendi Filistea. 2 Einnig sigra\u00f0i hann M\u00f3ab\u00edta og m\u00e6ldi \u00fe\u00e1 me\u00f0 m\u00e6lisn\u00faru. Hann l\u00e9t \u00fe\u00e1 leggjast \u00e1 j\u00f6r\u00f0ina og m\u00e6ldi tv\u00e6r sn\u00farulengdir til l\u00edfl\u00e1ts og eina sn\u00farulengd til l\u00edfs. S\u00ed\u00f0an ur\u00f0u M\u00f3ab\u00edtar skattskyldir \u00feegnar Dav\u00ed\u00f0s. 3 Dav\u00ed\u00f0 sigra\u00f0i einnig Hadadeser, konung \u00ed S\u00f3ba, son Reh\u00f3bs, \u00ed lei\u00f0angri til a\u00f0 endurreisa veldi sitt vi\u00f0 Efratflj\u00f3t. 4 Dav\u00ed\u00f0 vann af honum sautj\u00e1n hundru\u00f0 vagnli\u00f0a og tuttugu \u00fe\u00fasund f\u00f3tg\u00f6nguli\u00f0a. Dav\u00ed\u00f0 l\u00e9t skera \u00ed sundur h\u00e1sinarnar \u00e1 \u00f6llum str\u00ed\u00f0shestunum nema \u00e1 hundra\u00f0 hestum sem <a href=\"https:\/\/biblian.is\/biblian\/sidari-samuelsbok-8-kafli\/\"> [&#8230;]<\/a><\/p>\n","protected":false},"author":1,"featured_media":0,"parent":0,"menu_order":0,"comment_status":"open","ping_status":"open","template":"bibliukaflar_NT.php","meta":{"footnotes":""},"class_list":["post-1892","page","type-page","status-publish","hentry"],"_links":{"self":[{"href":"https:\/\/biblian.is\/biblian\/wp-json\/wp\/v2\/pages\/1892","targetHints":{"allow":["GET"]}}],"collection":[{"href":"https:\/\/biblian.is\/biblian\/wp-json\/wp\/v2\/pages"}],"about":[{"href":"https:\/\/biblian.is\/biblian\/wp-json\/wp\/v2\/types\/page"}],"author":[{"embeddable":true,"href":"https:\/\/biblian.is\/biblian\/wp-json\/wp\/v2\/users\/1"}],"replies":[{"embeddable":true,"href":"https:\/\/biblian.is\/biblian\/wp-json\/wp\/v2\/comments?post=1892"}],"version-history":[{"count":0,"href":"https:\/\/biblian.is\/biblian\/wp-json\/wp\/v2\/pages\/1892\/revisions"}],"wp:attachment":[{"href":"https:\/\/biblian.is\/biblian\/wp-json\/wp\/v2\/media?parent=1892"}],"curies":[{"name":"wp","href":"https:\/\/api.w.org\/{rel}","templated":true}]}}