{"id":1890,"date":"2017-12-30T21:00:50","date_gmt":"2017-12-30T21:00:50","guid":{"rendered":"http:\/\/biblian.is\/biblian\/s%c2%92_ari-sam%c2%9celsb%c2%97k-6-kafli\/"},"modified":"2024-02-06T18:29:28","modified_gmt":"2024-02-06T18:29:28","slug":"sidari-samuelsbok-6-kafli","status":"publish","type":"page","link":"https:\/\/biblian.is\/biblian\/sidari-samuelsbok-6-kafli\/","title":{"rendered":"S\u00ed\u00f0ari Sam\u00faelsb\u00f3k 6. kafli"},"content":{"rendered":"<h3 class=\"millifyrirsogn_2007\"> S\u00e1ttm\u00e1ls\u00f6rkin flutt til Jer\u00fasalem<\/h3>\n<p><a name=\"1\"><span class=\"versanumer_2007\">1<\/span><\/a> Enn einu sinni safna\u00f0i Dav\u00ed\u00f0 saman \u00f6llum vopnf\u00e6rum m\u00f6nnum \u00ed \u00cdsrael, \u00ferj\u00e1t\u00edu \u00fe\u00fasund manns. <a name=\"2\"><span class=\"versanumer_2007\">2<\/span><\/a> Hann h\u00e9lt af sta\u00f0 \u00e1samt \u00f6llum her s\u00ednum og h\u00e9lt til Baala \u00ed J\u00fada til \u00feess a\u00f0 s\u00e6kja \u00feanga\u00f0 \u00f6rk Drottins sem ber nafn<span class=\"nedan_mal\" title=\" Or\u00f0r\u00e9tt: sem nafn hans hefur veri\u00f0 hr\u00f3pa\u00f0 yfir. \">[<\/span> Drottins hersveitanna sem situr \u00ed h\u00e1s\u00e6ti yfir ker\u00fabunum. <a name=\"3\"><span class=\"versanumer_2007\">3<\/span><\/a> \u00deeir s\u00f3ttu \u00f6rk Gu\u00f0s \u00e1 n\u00fdjum vagni og fluttu hana fr\u00e1 h\u00fasi Ab\u00ednadabs sem var uppi \u00e1 h\u00e6\u00f0 einni. <a name=\"4\"><span class=\"versanumer_2007\">4<\/span><\/a> \u00dassa og Ahj\u00f3, synir Ab\u00ednadabs, stj\u00f3rnu\u00f0u vagninum sem \u00f6rk Gu\u00f0s var \u00e1. Ahj\u00f3 gekk \u00e1 undan \u00f6rk Gu\u00f0s. <a name=\"5\"><span class=\"versanumer_2007\">5<\/span><\/a> Dav\u00ed\u00f0 og allir \u00cdsraelsmenn d\u00f6nsu\u00f0u af miklum m\u00f3\u00f0i frammi fyrir augliti Drottins, sungu og l\u00e9ku \u00e1 s\u00edtara, h\u00f6rpur, p\u00e1kur, bj\u00f6llur og m\u00e1lmgj\u00f6ll.<br \/> <a name=\"6\"><span class=\"versanumer_2007\">6<\/span><\/a> \u00deegar \u00feeir komu \u00e1 \u00fereskiv\u00f6ll Nak\u00f3ns hnutu uxarnir. \u00dassa teyg\u00f0i sig \u00fe\u00e1 til arkar Gu\u00f0s og greip \u00ed hana. <a name=\"7\"><span class=\"versanumer_2007\">7<\/span><\/a> \u00de\u00e1 blossa\u00f0i rei\u00f0i Drottins upp gegn \u00dassa vegna \u00feessarar yfirsj\u00f3nar og laust hann \u00dassa banah\u00f6gg. Hann l\u00e9t l\u00edfi\u00f0 vi\u00f0 hli\u00f0ina \u00e1 \u00f6rk Gu\u00f0s. <a name=\"8\"><span class=\"versanumer_2007\">8<\/span><\/a> Dav\u00ed\u00f0 var mj\u00f6g brug\u00f0i\u00f0 vegna \u00feess a\u00f0 Drottinn haf\u00f0i hrifi\u00f0 \u00dassa svo sn\u00f6gglega \u00ed burtu. Hann nefndi \u00feennan sta\u00f0 Peres \u00dassa<span class=\"nedan_mal\" title=\" Merkir: brottn\u00e1m \u00dassa.\">[<\/span> og \u00fea\u00f0 heitir hann enn. <a name=\"9\"><span class=\"versanumer_2007\">9<\/span><\/a> Dav\u00ed\u00f0 hr\u00e6ddist Drottin \u00e1 \u00feessum degi og spur\u00f0i: \u201e\u00c6tli \u00f6rk Drottins komist nokkurn t\u00edma til m\u00edn?\u201c<br \/> <a name=\"10\"><span class=\"versanumer_2007\">10<\/span><\/a> Dav\u00ed\u00f0 vildi \u00fev\u00ed ekki l\u00e1ta flytja \u00f6rk Drottins heim til s\u00edn \u00ed borg Dav\u00ed\u00f0s heldur sneri me\u00f0 hana a\u00f0 h\u00fasi \u00d3be\u00f0s Ed\u00f3ms fr\u00e1 Gat. <a name=\"11\"><span class=\"versanumer_2007\">11<\/span><\/a> \u00d6rk Drottins st\u00f3\u00f0 \u00ed h\u00fasi \u00d3be\u00f0s Ed\u00f3ms fr\u00e1 Gat \u00ed \u00ferj\u00e1 m\u00e1nu\u00f0i og Drottinn blessa\u00f0i \u00d3be\u00f0 Ed\u00f3m og alla fj\u00f6lskyldu hans.<br \/> <a name=\"12\"><span class=\"versanumer_2007\">12<\/span><\/a> Dav\u00ed\u00f0 konungi var sagt: \u201eDrottinn hefur blessa\u00f0 fj\u00f6lskyldu \u00d3be\u00f0s Ed\u00f3ms og allt, sem hann \u00e1, vegna arkar Gu\u00f0s.\u201c Dav\u00ed\u00f0 f\u00f3r \u00fe\u00e1 gla\u00f0ur \u00ed brag\u00f0i og flutti \u00f6rk Gu\u00f0s \u00far h\u00fasi \u00d3be\u00f0s Ed\u00f3ms upp til borgar Dav\u00ed\u00f0s. <a name=\"13\"><span class=\"versanumer_2007\">13<\/span><\/a> \u00deegar \u00feeir sem b\u00e1ru \u00f6rk Drottins h\u00f6f\u00f0u gengi\u00f0 sex skref f\u00e6r\u00f0i hann naut og alik\u00e1lf sem sl\u00e1turf\u00f3rn. <a name=\"14\"><span class=\"versanumer_2007\">14<\/span><\/a> Dav\u00ed\u00f0 sj\u00e1lfur dansa\u00f0i af miklum m\u00f3\u00f0i frammi fyrir augliti Drottins, b\u00fainn l\u00ednh\u00f6kli. <a name=\"15\"><span class=\"versanumer_2007\">15<\/span><\/a> \u00deannig flutti Dav\u00ed\u00f0 og allir \u00cdsraelsmenn \u00f6rk Drottins nor\u00f0ur eftir me\u00f0 fagna\u00f0ar\u00f3pum og hafurshornabl\u00e6stri. <a name=\"16\"><span class=\"versanumer_2007\">16<\/span><\/a> \u00deegar \u00f6rk Drottins kom til borgar Dav\u00ed\u00f0s var\u00f0 M\u00edkal, d\u00f3ttur S\u00e1ls, liti\u00f0 \u00fat um glugga. Er h\u00fan s\u00e1 Dav\u00ed\u00f0 konung hoppa og dansa frammi fyrir augliti Drottins fyrirleit h\u00fan hann \u00ed hjarta s\u00ednu.<br \/> <a name=\"17\"><span class=\"versanumer_2007\">17<\/span><\/a> \u00d6rk Drottins var n\u00fa borin inn og henni komi\u00f0 fyrir \u00e1 s\u00ednum sta\u00f0 \u00ed mi\u00f0ju tjaldinu sem Dav\u00ed\u00f0 haf\u00f0i l\u00e1ti\u00f0 setja upp fyrir hana. \u00dev\u00ed n\u00e6st f\u00e6r\u00f0i Dav\u00ed\u00f0 brennif\u00f3rnir og heillaf\u00f3rnir frammi fyrir augliti Drottins. <a name=\"18\"><span class=\"versanumer_2007\">18<\/span><\/a> Eftir a\u00f0 Dav\u00ed\u00f0 haf\u00f0i f\u00e6rt brennif\u00f3rnina og heillaf\u00f3rnina blessa\u00f0i hann f\u00f3lki\u00f0 \u00ed nafni Drottins hersveitanna. <a name=\"19\"><span class=\"versanumer_2007\">19<\/span><\/a> Loks l\u00e9t hann \u00fathluta \u00f6llu f\u00f3lkinu, \u00f6llum \u00cdsraelsm\u00f6nnum, k\u00f6rlum og konum, hverjum fyrir sig, einum brau\u00f0hleif, einni d\u00f6\u00f0luk\u00f6ku og einni r\u00fas\u00ednuk\u00f6ku. \u00dev\u00ed n\u00e6st h\u00e9lt hver og einn heim til s\u00edn.<br \/> <a name=\"20\"><span class=\"versanumer_2007\">20<\/span><\/a> \u00deegar Dav\u00ed\u00f0 kom heim til a\u00f0 heilsa fj\u00f6lskyldu sinni gekk M\u00edkal, d\u00f3ttir S\u00e1ls, \u00e1 m\u00f3ti honum og sag\u00f0i: \u201eEn hva\u00f0 konungur \u00cdsraels bar sig vir\u00f0ulega \u00ed dag! Hann bera\u00f0i sig fyrir framan amb\u00e1ttir manna sinna eins og skr\u00edllinn gerir.\u201c <a name=\"21\"><span class=\"versanumer_2007\">21<\/span><\/a> Dav\u00ed\u00f0 svara\u00f0i M\u00edkal: \u201eFyrir augliti Drottins dansa\u00f0i \u00e9g, hans sem t\u00f3k mig fram yfir f\u00f6\u00f0ur \u00feinn og alla fj\u00f6lskyldu hans og hefur gert mig a\u00f0 h\u00f6f\u00f0ingja yfir \u00fej\u00f3\u00f0 sinni, \u00cdsrael. <a name=\"22\"><span class=\"versanumer_2007\">22<\/span><\/a> \u00c9g mun leggjast enn l\u00e6gra en \u00feetta og falla enn frekar \u00ed eigin augum, en me\u00f0al amb\u00e1ttanna, sem \u00fe\u00fa nefndir, er \u00e9g mikils metinn.\u201c <a name=\"23\"><span class=\"versanumer_2007\">23<\/span><\/a> En M\u00edkal, d\u00f3ttir S\u00e1ls, var barnlaus til \u00e6viloka.<\/p>\n","protected":false},"excerpt":{"rendered":"<p>S\u00e1ttm\u00e1ls\u00f6rkin flutt til Jer\u00fasalem 1 Enn einu sinni safna\u00f0i Dav\u00ed\u00f0 saman \u00f6llum vopnf\u00e6rum m\u00f6nnum \u00ed \u00cdsrael, \u00ferj\u00e1t\u00edu \u00fe\u00fasund manns. 2 Hann h\u00e9lt af sta\u00f0 \u00e1samt \u00f6llum her s\u00ednum og h\u00e9lt til Baala \u00ed J\u00fada til \u00feess a\u00f0 s\u00e6kja \u00feanga\u00f0 \u00f6rk Drottins sem ber nafn[ Drottins hersveitanna sem situr \u00ed h\u00e1s\u00e6ti yfir ker\u00fabunum. 3 \u00deeir s\u00f3ttu \u00f6rk Gu\u00f0s \u00e1 n\u00fdjum vagni og fluttu hana fr\u00e1 h\u00fasi Ab\u00ednadabs sem var uppi \u00e1 h\u00e6\u00f0 einni. 4 \u00dassa og Ahj\u00f3, synir Ab\u00ednadabs, stj\u00f3rnu\u00f0u vagninum sem \u00f6rk Gu\u00f0s var \u00e1. Ahj\u00f3 gekk \u00e1 undan \u00f6rk Gu\u00f0s. 5 Dav\u00ed\u00f0 og allir \u00cdsraelsmenn d\u00f6nsu\u00f0u af miklum m\u00f3\u00f0i <a href=\"https:\/\/biblian.is\/biblian\/sidari-samuelsbok-6-kafli\/\"> [&#8230;]<\/a><\/p>\n","protected":false},"author":1,"featured_media":0,"parent":0,"menu_order":0,"comment_status":"open","ping_status":"open","template":"bibliukaflar_NT.php","meta":{"footnotes":""},"class_list":["post-1890","page","type-page","status-publish","hentry"],"_links":{"self":[{"href":"https:\/\/biblian.is\/biblian\/wp-json\/wp\/v2\/pages\/1890","targetHints":{"allow":["GET"]}}],"collection":[{"href":"https:\/\/biblian.is\/biblian\/wp-json\/wp\/v2\/pages"}],"about":[{"href":"https:\/\/biblian.is\/biblian\/wp-json\/wp\/v2\/types\/page"}],"author":[{"embeddable":true,"href":"https:\/\/biblian.is\/biblian\/wp-json\/wp\/v2\/users\/1"}],"replies":[{"embeddable":true,"href":"https:\/\/biblian.is\/biblian\/wp-json\/wp\/v2\/comments?post=1890"}],"version-history":[{"count":0,"href":"https:\/\/biblian.is\/biblian\/wp-json\/wp\/v2\/pages\/1890\/revisions"}],"wp:attachment":[{"href":"https:\/\/biblian.is\/biblian\/wp-json\/wp\/v2\/media?parent=1890"}],"curies":[{"name":"wp","href":"https:\/\/api.w.org\/{rel}","templated":true}]}}